{"id":14830,"date":"2025-09-25T15:10:01","date_gmt":"2025-09-25T13:10:01","guid":{"rendered":"https:\/\/visitfinaleligure.it\/?page_id=14830"},"modified":"2025-11-04T11:13:08","modified_gmt":"2025-11-04T10:13:08","slug":"my-perfect-place-die-magazin-august-2025","status":"publish","type":"page","link":"https:\/\/visitfinaleligure.it\/de\/my-perfect-place-the-magazine\/my-perfect-place-die-magazin-august-2025\/","title":{"rendered":"My Perfect Place | Die Magazin \u2013 August 2025"},"content":{"rendered":"\n\n\t<section class=\"section\" id=\"section_1446549386\">\n\t\t<div class=\"section-bg fill\" >\n\t\t\t\t\t\t\t\t\t\n\t\t\t\n\n\t\t<\/div>\n\n\t\t\n\n\t\t<div class=\"section-content relative\">\n\t\t\t\n\n<div class=\"row\"  id=\"row-1492424639\">\n\n\n\t<div id=\"col-668226971\" class=\"col hide-for-small medium-1 small-12 large-1\"  >\n\t\t\t\t<div class=\"col-inner text-left\"  >\n\t\t\t\n\t\t\t\n\n\n\t\t<\/div>\n\t\t\t\t\n<style>\n#col-668226971 > .col-inner {\n  margin: 0px 0px 0px 0px;\n}\n<\/style>\n\t<\/div>\n\n\t\n\n\t<div id=\"col-1696742909\" class=\"col medium-10 small-12 large-5\"  >\n\t\t\t\t<div class=\"col-inner text-left\"  >\n\t\t\t\n\t\t\t\n\n\t<div id=\"gap-968508497\" class=\"gap-element clearfix\" style=\"display:block; height:auto;\">\n\t\t\n<style>\n#gap-968508497 {\n  padding-top: 50px;\n}\n<\/style>\n\t<\/div>\n\t\n\n<div class=\"row\"  id=\"row-1768832414\">\n\n\n\t<div id=\"col-2105235704\" class=\"col medium-8 small-12 large-7\"  >\n\t\t\t\t<div class=\"col-inner text-left\"  >\n\t\t\t\n\t\t\t\n\n\t<div class=\"img has-hover x md-x lg-x y md-y lg-y\" id=\"image_1504213274\">\n\t\t\t\t\t\t\t\t<div class=\"img-inner dark\" >\n\t\t\t<img loading=\"lazy\" decoding=\"async\" width=\"300\" height=\"150\" src=\"https:\/\/visitfinaleligure.it\/wp-content\/uploads\/2023\/01\/myperfectplace-logo-finale-ligure.webp\" class=\"attachment-original size-original\" alt=\"\" \/>\t\t\t\t\t\t\n\t\t\t\t\t<\/div>\n\t\t\t\t\t\t\t\t\n<style>\n#image_1504213274 {\n  width: 50%;\n}\n<\/style>\n\t<\/div>\n\t\n\n<p>DAS MAGAZIN VON FINALE LIGURE<\/p>\n\t<div id=\"text-1072738983\" class=\"text\">\n\t\t\n\n<h2 style=\"font-family: poppins;\">N\u00b0 2<br>SOMMER-EDITORIAL<\/h2>\n\t\t\n<style>\n#text-1072738983 {\n  line-height: 3;\n  text-align: left;\n}\n<\/style>\n\t<\/div>\n\t\n\t<div id=\"text-2292356951\" class=\"text\">\n\t\t\n\n<p><strong><em>Summer Vibes<\/em><\/strong><strong>: DER RHYTHMUS DES SOMMERS IN FINALE LIGURE<\/strong><\/p>\n\t\t\n<style>\n#text-2292356951 {\n  font-size: 1.45rem;\n  line-height: 1.95;\n  color: #00adbb;\n}\n#text-2292356951 > * {\n  color: #00adbb;\n}\n<\/style>\n\t<\/div>\n\t\n\n\t\t<\/div>\n\t\t\t\t\n<style>\n#col-2105235704 > .col-inner {\n  padding: 0px 0px 0px 0px;\n  margin: 0px 0px -55px 0px;\n}\n<\/style>\n\t<\/div>\n\n\t\n\n<\/div>\n\t<div id=\"text-3424747179\" class=\"text\">\n\t\t\n\n<p>VON PAOLA IACONA<\/p>\n\t\t\n<style>\n#text-3424747179 {\n  text-align: left;\n}\n<\/style>\n\t<\/div>\n\t\n\t<div id=\"text-2821122881\" class=\"text testi-body\">\n\t\t\n\n<p>Der Sommer in Finale Ligure ist nicht nur eine Jahreszeit, sondern eine Lebenseinstellung. Es ist diese leichte, lebensspendende Energie, die man zwischen den Wellen des Meeres, auf den Wegen durch die mediterrane Macchia und in den gepflasterten Gassen der D\u00f6rfer sp\u00fcrt, wo zwischen einer Wanderung im Morgengrauen und einem Konzert unter dem Sternenhimmel eine nach Salz duftende Brise weht. Es ist nicht nur ein Urlaub, sondern eine Einladung, jeden Tag zu leben und diese unverwechselbare Mischung aus Sch\u00f6nheit und Freiheit, Abenteuer und Kontemplation zu genie\u00dfen.  <\/p>\n<p>Mit dieser Sonderausgabe von My Perfect Place feiern wir die Summer Vibes von Finale Ligure, den sommerlichen Rhythmus, der die Stadt mit Veranstaltungen, Entdeckungen und Begegnungen erf\u00fcllt. Drei inspirierende Themen leiten uns dabei: Sport &amp; Abenteuer, Leben &amp; Erleben, Entspannen &amp; Wohlbefinden \u2013, die von einer Region erz\u00e4hlen, die bereit ist, jeden Reisenden willkommen zu hei\u00dfen, mit \u00fcber 50 ausgew\u00e4hlten Erlebnissen, die im neuen Katalog \u201eSummer Vibes 2025\u201d vorgestellt werden: eine Einladung, sich \u00fcberraschen zu lassen, langsamer zu werden und dann wieder loszulegen, um unsere Umgebung mit neuen Augen zu sehen. <\/p>\n<p>Es gibt sternenklare N\u00e4chte innerhalb der Mauern des Castel Gavone, Spazierg\u00e4nge mit dem Arch\u00e4ologen entlang der Hochebene Altopiano delle M\u00e0nie, Workshops f\u00fcr Kinder im Arch\u00e4ologischen Museum und Konzerte im Morgengrauen auf dem Pier von Finalpia. Aber auch die tiefen Atemz\u00fcge bei Kajakausfl\u00fcgen im Meeresschutzgebiet von Bergeggi, das Schwimmen in den Sentieri Blu, das Tauchen in den unter Wasser liegenden Biosph\u00e4ren des Nemo&#8217;s Garden, das Radfahren zwischen Olivenhainen und auf dem Meer schwebenden Bergr\u00fccken. Jedes Erlebnis \u2013 ob fest oder auf Voranmeldung \u2013 wird mit Leidenschaft von lokalen F\u00fchrern, Sport- und Kulturvereinen und Anbietern organisiert, die an den authentischen Wert der Gastfreundschaft glauben.  <\/p>\n<p>Auf diesen Seiten finden Sie auch den kreativen Puls der Stadt: \u00dcber 180 Veranstaltungen werden den Sommer mit Musik, Theater, Literatur und historischen Nachstellungen beleben. Von den gro\u00dfen Namen der italienischen Kultur \u00fcber die R\u00fcckkehr der \u201eReise ins Mittelalter\u201d bis hin zu Musikfestivals mit internationalen Starg\u00e4sten wird jede Veranstaltung Teil einer einzigen gemeinsamen Erz\u00e4hlung, die Identit\u00e4t und Innovation vereint. <\/p>\n<p>Ein umfassendes und koordiniertes Angebot an Veranstaltungen und Entdeckungsaktivit\u00e4ten, das Ergebnis einer Vision von Tourismus, der Erfahrung, Kultur und Natur vereint. Ein Tourismus, der auf die Region h\u00f6rt und sie mit der Stimme derer erz\u00e4hlt, die sie jeden Tag erleben. <\/p>\n<p><em>Willkommen in Finale Ligure und viel Spa\u00df beim Lesen!<\/em><\/p>\n\t\t\t<\/div>\n\t\n\t<div id=\"gap-1868334067\" class=\"gap-element clearfix\" style=\"display:block; height:auto;\">\n\t\t\n<style>\n#gap-1868334067 {\n  padding-top: 30px;\n}\n<\/style>\n\t<\/div>\n\t\n\n\n\t\t<\/div>\n\t\t\t\t\n<style>\n#col-1696742909 > .col-inner {\n  padding: 0px 0px 0px 0px;\n  margin: 0px 0px 0px 0px;\n}\n@media (min-width:550px) {\n  #col-1696742909 > .col-inner {\n    margin: -30px 0px 0px 0px;\n  }\n}\n<\/style>\n\t<\/div>\n\n\t\n\n\t<div id=\"col-485889001\" class=\"col hide-for-medium medium-5 small-12 large-5\"  >\n\t\t\t\t<div class=\"col-inner text-center\"  >\n\t\t\t\n\t\t\t\n\n\t<div class=\"img has-hover x md-x lg-x y md-y lg-y\" id=\"image_1582124687\">\n\t\t\t\t\t\t\t\t<div class=\"img-inner dark\" >\n\t\t\t<img loading=\"lazy\" decoding=\"async\" width=\"637\" height=\"1024\" src=\"https:\/\/visitfinaleligure.it\/wp-content\/uploads\/2023\/01\/verticale-sezaurea-1-finale-ligure-637x1024-1.webp\" class=\"attachment-original size-original\" alt=\"\" srcset=\"https:\/\/visitfinaleligure.it\/wp-content\/uploads\/2023\/01\/verticale-sezaurea-1-finale-ligure-637x1024-1.webp 637w, https:\/\/visitfinaleligure.it\/wp-content\/uploads\/2023\/01\/verticale-sezaurea-1-finale-ligure-637x1024-1-187x300.webp 187w\" sizes=\"auto, (max-width: 637px) 100vw, 637px\" \/>\t\t\t\t\t\t\n\t\t\t\t\t<\/div>\n\t\t\t\t\t\t\t\t\n<style>\n#image_1582124687 {\n  width: 100%;\n}\n<\/style>\n\t<\/div>\n\t\n\n\n\t\t<\/div>\n\t\t\t\t\t<\/div>\n\n\t\n\n\t<div id=\"col-1684065960\" class=\"col hide-for-small medium-1 small-12 large-1\"  >\n\t\t\t\t<div class=\"col-inner text-left\"  >\n\t\t\t\n\t\t\t\n\n\n\t\t<\/div>\n\t\t\t\t\n<style>\n#col-1684065960 > .col-inner {\n  margin: 0px 0px 0px 0px;\n}\n<\/style>\n\t<\/div>\n\n\t\n\n<\/div>\n\n\t\t<\/div>\n\n\t\t\n<style>\n#section_1446549386 {\n  padding-top: 0px;\n  padding-bottom: 0px;\n}\n<\/style>\n\t<\/section>\n\t\n<div class=\"row\"  id=\"row-1881375353\">\n\n\n\t<div id=\"col-1453033072\" class=\"col hide-for-small medium-1 small-12 large-1\"  >\n\t\t\t\t<div class=\"col-inner\"  >\n\t\t\t\n\t\t\t\n\n\n\t\t<\/div>\n\t\t\t\t\t<\/div>\n\n\t\n\n\t<div id=\"col-1647699129\" class=\"col medium-4 small-12 large-4\"  >\n\t\t\t\t<div class=\"col-inner\" style=\"background-color:#00adbb;\" >\n\t\t\t\n\t\t\t\n\n\t<div id=\"text-2287912419\" class=\"text\">\n\t\t\n\n<h3 style=\"font-family:poppins\" left=\"\" text-align:=\"\">IN DIESER AUSGABE<\/h3>\n\t\t\n<style>\n#text-2287912419 {\n  font-size: 1.35rem;\n  line-height: 1.3;\n  text-align: left;\n  color: rgb(255,255,255);\n}\n#text-2287912419 > * {\n  color: rgb(255,255,255);\n}\n<\/style>\n\t<\/div>\n\t\n\n\t\t<\/div>\n\t\t\t\t\n<style>\n#col-1647699129 > .col-inner {\n  padding: 5px 0px 0px 10px;\n  margin: 0px 0px 0px 0px;\n}\n<\/style>\n\t<\/div>\n\n\t\n\n\t<div id=\"col-55536321\" class=\"col hide-for-small medium-6 small-12 large-6\"  >\n\t\t\t\t<div class=\"col-inner\"  >\n\t\t\t\n\t\t\t\n\n\n\t\t<\/div>\n\t\t\t\t\t<\/div>\n\n\t\n\n\t<div id=\"col-199323079\" class=\"col hide-for-small medium-1 small-12 large-1\"  >\n\t\t\t\t<div class=\"col-inner\"  >\n\t\t\t\n\t\t\t\n\n\n\t\t<\/div>\n\t\t\t\t\t<\/div>\n\n\t\n\n<\/div>\n<div class=\"row\"  id=\"row-320116838\">\n\n\n\t<div id=\"col-877565288\" class=\"col hide-for-small medium-1 small-12 large-1\"  >\n\t\t\t\t<div class=\"col-inner\"  >\n\t\t\t\n\t\t\t\n\n\n\t\t<\/div>\n\t\t\t\t\t<\/div>\n\n\t\n\n\t<div id=\"col-1794871866\" class=\"col medium-10 small-12 large-10\"  >\n\t\t\t\t<div class=\"col-inner\"  >\n\t\t\t\n\t\t\t\n\n\n  \n    <div class=\"row large-columns-4 medium-columns-3 small-columns-1 has-shadow row-box-shadow-1 slider row-slider slider-nav-reveal slider-nav-push\"  data-flickity-options='{&quot;imagesLoaded&quot;: true, &quot;groupCells&quot;: &quot;100%&quot;, &quot;dragThreshold&quot; : 5, &quot;cellAlign&quot;: &quot;left&quot;,&quot;wrapAround&quot;: true,&quot;prevNextButtons&quot;: true,&quot;percentPosition&quot;: true,&quot;pageDots&quot;: false, &quot;rightToLeft&quot;: false, &quot;autoPlay&quot; : false}' >\n\n  <\/div>\n\n\n\t\t<\/div>\n\t\t\t\t\t<\/div>\n\n\t\n\n\t<div id=\"col-296765185\" class=\"col hide-for-small medium-1 small-12 large-1\"  >\n\t\t\t\t<div class=\"col-inner\"  >\n\t\t\t\n\t\t\t\n\n\n\t\t<\/div>\n\t\t\t\t\t<\/div>\n\n\t\n\n<\/div>\n<div class=\"row\"  id=\"row-231230581\">\n\n\n\t<div id=\"col-1284391215\" class=\"col hide-for-small medium-1 small-12 large-1\"  >\n\t\t\t\t<div class=\"col-inner\"  >\n\t\t\t\n\t\t\t\n\n\n\t\t<\/div>\n\t\t\t\t\t<\/div>\n\n\t\n\n\t<div id=\"col-816726495\" class=\"col medium-3 small-12 large-3\"  >\n\t\t\t\t<div class=\"col-inner\" style=\"background-color:#00adbb;\" >\n\t\t\t\n\t\t\t\n\n\t<div id=\"text-2872667543\" class=\"text\">\n\t\t\n\n<h3 style=\"font-family:poppins\" left=\"\" text-align:=\"\">ALLE AUSGABEN VON MY PERFECT PLACE<\/h3>\n\t\t\n<style>\n#text-2872667543 {\n  font-size: 1.35rem;\n  line-height: 1.3;\n  text-align: left;\n  color: rgb(255,255,255);\n}\n#text-2872667543 > * {\n  color: rgb(255,255,255);\n}\n<\/style>\n\t<\/div>\n\t\n\n\t\t<\/div>\n\t\t\t\t\n<style>\n#col-816726495 > .col-inner {\n  padding: 5px 0px 0px 10px;\n  margin: 0px 0px 0px 0px;\n}\n<\/style>\n\t<\/div>\n\n\t\n\n\t<div id=\"col-450484831\" class=\"col medium-8 small-12 large-8\"  >\n\t\t\t\t<div class=\"col-inner\"  >\n\t\t\t\n\t\t\t\n\n<div class=\"is-divider divider clearfix\" style=\"max-width:900px;height:2px;background-color:rgb(0, 173, 187);\"><\/div>\n\n\n\t\t<\/div>\n\t\t\t\t\t<\/div>\n\n\t\n\n\t<div id=\"col-2057129443\" class=\"col hide-for-small medium-1 small-12 large-1\"  >\n\t\t\t\t<div class=\"col-inner\"  >\n\t\t\t\n\t\t\t\n\n\n\t\t<\/div>\n\t\t\t\t\t<\/div>\n\n\t\n\n\t<div id=\"col-8013688\" class=\"col medium-10 small-12 large-10\"  >\n\t\t\t\t<div class=\"col-inner\"  >\n\t\t\t\n\t\t\t\n\n<p class=\"lead shortcode-error text-center\">Sorry, no pages was found<\/p>\n  \n    <div class=\"row large-columns-4 medium-columns-3 small-columns-2\" >\n  <\/div>\n\n\n\t\t<\/div>\n\t\t\t\t\t<\/div>\n\n\t\n\n\t<div id=\"col-1613900455\" class=\"col hide-for-small medium-1 small-12 large-1\"  >\n\t\t\t\t<div class=\"col-inner\"  >\n\t\t\t\n\t\t\t\n\n\n\t\t<\/div>\n\t\t\t\t\t<\/div>\n\n\t\n\n<\/div>\n<div class=\"row\"  id=\"row-125773413\">\n\n\n\t<div id=\"col-1130191371\" class=\"col hide-for-small medium-1 small-12 large-1\"  >\n\t\t\t\t<div class=\"col-inner\"  >\n\t\t\t\n\t\t\t\n\n\n\t\t<\/div>\n\t\t\t\t\t<\/div>\n\n\t\n\n\t<div id=\"col-107213439\" class=\"col medium-3 small-12 large-3\"  >\n\t\t\t\t<div class=\"col-inner\" style=\"background-color:#00adbb;\" >\n\t\t\t\n\t\t\t\n\n\t<div id=\"text-97790624\" class=\"text\">\n\t\t\n\n<h3 style=\"font-family:poppins\" left=\"\" text-align:=\"\">ERZ\u00c4HL UNS DEINE GESCHICHTE<\/h3>\n\t\t\n<style>\n#text-97790624 {\n  font-size: 1.35rem;\n  line-height: 1.3;\n  text-align: left;\n  color: rgb(255,255,255);\n}\n#text-97790624 > * {\n  color: rgb(255,255,255);\n}\n<\/style>\n\t<\/div>\n\t\n\n\t\t<\/div>\n\t\t\t\t\n<style>\n#col-107213439 > .col-inner {\n  padding: 5px 0px 0px 10px;\n}\n<\/style>\n\t<\/div>\n\n\t\n\n\t<div id=\"col-1259155427\" class=\"col medium-8 small-12 large-8\"  >\n\t\t\t\t<div class=\"col-inner\"  >\n\t\t\t\n\t\t\t\n\n<div class=\"is-divider divider clearfix\" style=\"max-width:900px;height:2px;background-color:rgb(0, 173, 187);\"><\/div>\n\n\n\t\t<\/div>\n\t\t\t\t\t<\/div>\n\n\t\n\n<\/div>\n<div class=\"row\"  id=\"row-2101236814\">\n\n\n\t<div id=\"col-219125979\" class=\"col hide-for-small medium-1 small-12 large-1\"  >\n\t\t\t\t<div class=\"col-inner\"  >\n\t\t\t\n\t\t\t\n\n\n\t\t<\/div>\n\t\t\t\t\t<\/div>\n\n\t\n\n\t<div id=\"col-430263898\" class=\"col medium-10 small-12 large-10\"  >\n\t\t\t\t<div class=\"col-inner\"  >\n\t\t\t\n\t\t\t\n\n\t<div id=\"text-3508473045\" class=\"text\">\n\t\t\n\n<p><em>\u201cMy Perfect Place\u201d | Ed. Studiowiki S.r.l. |&nbsp;Via dei Vegerio 6\/6B \u2013 17100 Savona, Italy |&nbsp;Reg. c\/o Tribunale di SV N\u00b0 426\/22 | Direttore responsabile: Emmanuele Gerboni | T +39 019.2054914 | visitfinaleligure.it <\/em><\/p>\n\t\t\n<style>\n#text-3508473045 {\n  text-align: left;\n}\n<\/style>\n\t<\/div>\n\t\n\n\t\t<\/div>\n\t\t\t\t\t<\/div>\n\n\t\n\n\t<div id=\"col-277881554\" class=\"col hide-for-small medium-1 small-12 large-1\"  >\n\t\t\t\t<div class=\"col-inner\"  >\n\t\t\t\n\t\t\t\n\n\n\t\t<\/div>\n\t\t\t\t\t<\/div>\n\n\t\n\n<\/div>\n\n","protected":false},"excerpt":{"rendered":"","protected":false},"author":16,"featured_media":0,"parent":14457,"menu_order":0,"comment_status":"closed","ping_status":"closed","template":"page-blank.php","meta":{"footnotes":""},"class_list":["post-14830","page","type-page","status-publish","hentry"],"yoast_head":"<!-- This site is optimized with the Yoast SEO plugin v27.3 - https:\/\/yoast.com\/product\/yoast-seo-wordpress\/ -->\n<title>My Perfect Place | Die Magazin \u2013 August 2025 - Visit Finale Ligure<\/title>\n<meta name=\"robots\" content=\"index, follow, max-snippet:-1, max-image-preview:large, max-video-preview:-1\" \/>\n<link rel=\"canonical\" href=\"https:\/\/visitfinaleligure.it\/de\/my-perfect-place-the-magazine\/my-perfect-place-die-magazin-august-2025\/\" \/>\n<meta property=\"og:locale\" content=\"de_DE\" \/>\n<meta property=\"og:type\" content=\"article\" \/>\n<meta property=\"og:title\" content=\"My Perfect Place | Die Magazin \u2013 August 2025 - Visit Finale Ligure\" \/>\n<meta property=\"og:url\" content=\"https:\/\/visitfinaleligure.it\/de\/my-perfect-place-the-magazine\/my-perfect-place-die-magazin-august-2025\/\" \/>\n<meta property=\"og:site_name\" content=\"Visit Finale Ligure\" \/>\n<meta property=\"article:publisher\" content=\"https:\/\/www.facebook.com\/VisitFinaleLigure\" \/>\n<meta property=\"article:modified_time\" content=\"2025-11-04T10:13:08+00:00\" \/>\n<meta property=\"og:image\" content=\"https:\/\/visitfinaleligure.it\/wp-content\/uploads\/2023\/03\/Capo-caprazoppa-1-1.jpg\" \/>\n\t<meta property=\"og:image:width\" content=\"2500\" \/>\n\t<meta property=\"og:image:height\" content=\"1405\" \/>\n\t<meta property=\"og:image:type\" content=\"image\/jpeg\" \/>\n<meta name=\"twitter:card\" content=\"summary_large_image\" \/>\n<meta name=\"twitter:label1\" content=\"Gesch\u00e4tzte Lesezeit\" \/>\n\t<meta name=\"twitter:data1\" content=\"4\u00a0Minuten\" \/>\n<script type=\"application\/ld+json\" class=\"yoast-schema-graph\">{\"@context\":\"https:\\\/\\\/schema.org\",\"@graph\":[{\"@type\":\"WebPage\",\"@id\":\"https:\\\/\\\/visitfinaleligure.it\\\/de\\\/my-perfect-place-the-magazine\\\/my-perfect-place-die-magazin-august-2025\\\/\",\"url\":\"https:\\\/\\\/visitfinaleligure.it\\\/de\\\/my-perfect-place-the-magazine\\\/my-perfect-place-die-magazin-august-2025\\\/\",\"name\":\"My Perfect Place | Die Magazin \u2013 August 2025 - Visit Finale Ligure\",\"isPartOf\":{\"@id\":\"https:\\\/\\\/visitfinaleligure.it\\\/de\\\/#website\"},\"datePublished\":\"2025-09-25T13:10:01+00:00\",\"dateModified\":\"2025-11-04T10:13:08+00:00\",\"breadcrumb\":{\"@id\":\"https:\\\/\\\/visitfinaleligure.it\\\/de\\\/my-perfect-place-the-magazine\\\/my-perfect-place-die-magazin-august-2025\\\/#breadcrumb\"},\"inLanguage\":\"de\",\"potentialAction\":[{\"@type\":\"ReadAction\",\"target\":[\"https:\\\/\\\/visitfinaleligure.it\\\/de\\\/my-perfect-place-the-magazine\\\/my-perfect-place-die-magazin-august-2025\\\/\"]}]},{\"@type\":\"BreadcrumbList\",\"@id\":\"https:\\\/\\\/visitfinaleligure.it\\\/de\\\/my-perfect-place-the-magazine\\\/my-perfect-place-die-magazin-august-2025\\\/#breadcrumb\",\"itemListElement\":[{\"@type\":\"ListItem\",\"position\":1,\"name\":\"Home\",\"item\":\"https:\\\/\\\/visitfinaleligure.it\\\/de\\\/\"},{\"@type\":\"ListItem\",\"position\":2,\"name\":\"My Perfect Place | Die Zeitschrift\",\"item\":\"https:\\\/\\\/visitfinaleligure.it\\\/de\\\/my-perfect-place-the-magazine\\\/\"},{\"@type\":\"ListItem\",\"position\":3,\"name\":\"My Perfect Place | Die Magazin \u2013 August 2025\"}]},{\"@type\":\"WebSite\",\"@id\":\"https:\\\/\\\/visitfinaleligure.it\\\/de\\\/#website\",\"url\":\"https:\\\/\\\/visitfinaleligure.it\\\/de\\\/\",\"name\":\"Visit Finale Ligure\",\"description\":\"My perfect place\",\"publisher\":{\"@id\":\"https:\\\/\\\/visitfinaleligure.it\\\/de\\\/#organization\"},\"potentialAction\":[{\"@type\":\"SearchAction\",\"target\":{\"@type\":\"EntryPoint\",\"urlTemplate\":\"https:\\\/\\\/visitfinaleligure.it\\\/de\\\/?s={search_term_string}\"},\"query-input\":{\"@type\":\"PropertyValueSpecification\",\"valueRequired\":true,\"valueName\":\"search_term_string\"}}],\"inLanguage\":\"de\"},{\"@type\":\"Organization\",\"@id\":\"https:\\\/\\\/visitfinaleligure.it\\\/de\\\/#organization\",\"name\":\"Comune di Finale Ligure\",\"url\":\"https:\\\/\\\/visitfinaleligure.it\\\/de\\\/\",\"logo\":{\"@type\":\"ImageObject\",\"inLanguage\":\"de\",\"@id\":\"https:\\\/\\\/visitfinaleligure.it\\\/de\\\/#\\\/schema\\\/logo\\\/image\\\/\",\"url\":\"https:\\\/\\\/visitfinaleligure.it\\\/wp-content\\\/uploads\\\/2023\\\/04\\\/cropped-finaleligure-verticale-positivo-200x200-1.png\",\"contentUrl\":\"https:\\\/\\\/visitfinaleligure.it\\\/wp-content\\\/uploads\\\/2023\\\/04\\\/cropped-finaleligure-verticale-positivo-200x200-1.png\",\"width\":512,\"height\":512,\"caption\":\"Comune di Finale Ligure\"},\"image\":{\"@id\":\"https:\\\/\\\/visitfinaleligure.it\\\/de\\\/#\\\/schema\\\/logo\\\/image\\\/\"},\"sameAs\":[\"https:\\\/\\\/www.facebook.com\\\/VisitFinaleLigure\",\"https:\\\/\\\/www.instagram.com\\\/visitfinale\\\/\",\"https:\\\/\\\/www.youtube.com\\\/channel\\\/UCLmoLfNmrAt9mSCll9egttw\"]}]}<\/script>\n<!-- \/ Yoast SEO plugin. -->","yoast_head_json":{"title":"My Perfect Place | Die Magazin \u2013 August 2025 - Visit Finale Ligure","robots":{"index":"index","follow":"follow","max-snippet":"max-snippet:-1","max-image-preview":"max-image-preview:large","max-video-preview":"max-video-preview:-1"},"canonical":"https:\/\/visitfinaleligure.it\/de\/my-perfect-place-the-magazine\/my-perfect-place-die-magazin-august-2025\/","og_locale":"de_DE","og_type":"article","og_title":"My Perfect Place | Die Magazin \u2013 August 2025 - Visit Finale Ligure","og_url":"https:\/\/visitfinaleligure.it\/de\/my-perfect-place-the-magazine\/my-perfect-place-die-magazin-august-2025\/","og_site_name":"Visit Finale Ligure","article_publisher":"https:\/\/www.facebook.com\/VisitFinaleLigure","article_modified_time":"2025-11-04T10:13:08+00:00","og_image":[{"width":2500,"height":1405,"url":"https:\/\/visitfinaleligure.it\/wp-content\/uploads\/2023\/03\/Capo-caprazoppa-1-1.jpg","type":"image\/jpeg"}],"twitter_card":"summary_large_image","twitter_misc":{"Gesch\u00e4tzte Lesezeit":"4\u00a0Minuten"},"schema":{"@context":"https:\/\/schema.org","@graph":[{"@type":"WebPage","@id":"https:\/\/visitfinaleligure.it\/de\/my-perfect-place-the-magazine\/my-perfect-place-die-magazin-august-2025\/","url":"https:\/\/visitfinaleligure.it\/de\/my-perfect-place-the-magazine\/my-perfect-place-die-magazin-august-2025\/","name":"My Perfect Place | Die Magazin \u2013 August 2025 - Visit Finale Ligure","isPartOf":{"@id":"https:\/\/visitfinaleligure.it\/de\/#website"},"datePublished":"2025-09-25T13:10:01+00:00","dateModified":"2025-11-04T10:13:08+00:00","breadcrumb":{"@id":"https:\/\/visitfinaleligure.it\/de\/my-perfect-place-the-magazine\/my-perfect-place-die-magazin-august-2025\/#breadcrumb"},"inLanguage":"de","potentialAction":[{"@type":"ReadAction","target":["https:\/\/visitfinaleligure.it\/de\/my-perfect-place-the-magazine\/my-perfect-place-die-magazin-august-2025\/"]}]},{"@type":"BreadcrumbList","@id":"https:\/\/visitfinaleligure.it\/de\/my-perfect-place-the-magazine\/my-perfect-place-die-magazin-august-2025\/#breadcrumb","itemListElement":[{"@type":"ListItem","position":1,"name":"Home","item":"https:\/\/visitfinaleligure.it\/de\/"},{"@type":"ListItem","position":2,"name":"My Perfect Place | Die Zeitschrift","item":"https:\/\/visitfinaleligure.it\/de\/my-perfect-place-the-magazine\/"},{"@type":"ListItem","position":3,"name":"My Perfect Place | Die Magazin \u2013 August 2025"}]},{"@type":"WebSite","@id":"https:\/\/visitfinaleligure.it\/de\/#website","url":"https:\/\/visitfinaleligure.it\/de\/","name":"Visit Finale Ligure","description":"My perfect place","publisher":{"@id":"https:\/\/visitfinaleligure.it\/de\/#organization"},"potentialAction":[{"@type":"SearchAction","target":{"@type":"EntryPoint","urlTemplate":"https:\/\/visitfinaleligure.it\/de\/?s={search_term_string}"},"query-input":{"@type":"PropertyValueSpecification","valueRequired":true,"valueName":"search_term_string"}}],"inLanguage":"de"},{"@type":"Organization","@id":"https:\/\/visitfinaleligure.it\/de\/#organization","name":"Comune di Finale Ligure","url":"https:\/\/visitfinaleligure.it\/de\/","logo":{"@type":"ImageObject","inLanguage":"de","@id":"https:\/\/visitfinaleligure.it\/de\/#\/schema\/logo\/image\/","url":"https:\/\/visitfinaleligure.it\/wp-content\/uploads\/2023\/04\/cropped-finaleligure-verticale-positivo-200x200-1.png","contentUrl":"https:\/\/visitfinaleligure.it\/wp-content\/uploads\/2023\/04\/cropped-finaleligure-verticale-positivo-200x200-1.png","width":512,"height":512,"caption":"Comune di Finale Ligure"},"image":{"@id":"https:\/\/visitfinaleligure.it\/de\/#\/schema\/logo\/image\/"},"sameAs":["https:\/\/www.facebook.com\/VisitFinaleLigure","https:\/\/www.instagram.com\/visitfinale\/","https:\/\/www.youtube.com\/channel\/UCLmoLfNmrAt9mSCll9egttw"]}]}},"_links":{"self":[{"href":"https:\/\/visitfinaleligure.it\/de\/wp-json\/wp\/v2\/pages\/14830","targetHints":{"allow":["GET"]}}],"collection":[{"href":"https:\/\/visitfinaleligure.it\/de\/wp-json\/wp\/v2\/pages"}],"about":[{"href":"https:\/\/visitfinaleligure.it\/de\/wp-json\/wp\/v2\/types\/page"}],"author":[{"embeddable":true,"href":"https:\/\/visitfinaleligure.it\/de\/wp-json\/wp\/v2\/users\/16"}],"replies":[{"embeddable":true,"href":"https:\/\/visitfinaleligure.it\/de\/wp-json\/wp\/v2\/comments?post=14830"}],"version-history":[{"count":4,"href":"https:\/\/visitfinaleligure.it\/de\/wp-json\/wp\/v2\/pages\/14830\/revisions"}],"predecessor-version":[{"id":15799,"href":"https:\/\/visitfinaleligure.it\/de\/wp-json\/wp\/v2\/pages\/14830\/revisions\/15799"}],"up":[{"embeddable":true,"href":"https:\/\/visitfinaleligure.it\/de\/wp-json\/wp\/v2\/pages\/14457"}],"wp:attachment":[{"href":"https:\/\/visitfinaleligure.it\/de\/wp-json\/wp\/v2\/media?parent=14830"}],"curies":[{"name":"wp","href":"https:\/\/api.w.org\/{rel}","templated":true}]}}