{"id":15034,"date":"2025-10-21T19:33:25","date_gmt":"2025-10-21T17:33:25","guid":{"rendered":"https:\/\/visitfinaleligure.it\/?page_id=15034"},"modified":"2025-11-20T19:15:41","modified_gmt":"2025-11-20T18:15:41","slug":"holiday-collection","status":"publish","type":"page","link":"https:\/\/visitfinaleligure.it\/de\/holiday-collection\/","title":{"rendered":"Holiday Collection"},"content":{"rendered":"\n\n\t<section class=\"section\" id=\"section_1148273003\">\n\t\t<div class=\"section-bg fill\" >\n\t\t\t\t\t\t\t\t\t\n\t\t\t\n\n\t\t<\/div>\n\n\t\t\n\n\t\t<div class=\"section-content relative\">\n\t\t\t\n\n\t<div class=\"img has-hover x md-x lg-x y md-y lg-y\" id=\"image_1329749389\">\n\t\t\t\t\t\t\t\t<div class=\"img-inner image-cover dark\" style=\"padding-top:40%;\">\n\t\t\t<img loading=\"lazy\" decoding=\"async\" width=\"2560\" height=\"1919\" src=\"https:\/\/visitfinaleligure.it\/wp-content\/uploads\/2025\/08\/Vista-sulla-Baia-dei-Saraceni-Varigotti-dal-Sentiero-del-pellegrino-scaled.jpg\" class=\"attachment-original size-original\" alt=\"\" srcset=\"https:\/\/visitfinaleligure.it\/wp-content\/uploads\/2025\/08\/Vista-sulla-Baia-dei-Saraceni-Varigotti-dal-Sentiero-del-pellegrino-scaled.jpg 2560w, https:\/\/visitfinaleligure.it\/wp-content\/uploads\/2025\/08\/Vista-sulla-Baia-dei-Saraceni-Varigotti-dal-Sentiero-del-pellegrino-300x225.jpg 300w, https:\/\/visitfinaleligure.it\/wp-content\/uploads\/2025\/08\/Vista-sulla-Baia-dei-Saraceni-Varigotti-dal-Sentiero-del-pellegrino-1024x768.jpg 1024w, https:\/\/visitfinaleligure.it\/wp-content\/uploads\/2025\/08\/Vista-sulla-Baia-dei-Saraceni-Varigotti-dal-Sentiero-del-pellegrino-768x576.jpg 768w, https:\/\/visitfinaleligure.it\/wp-content\/uploads\/2025\/08\/Vista-sulla-Baia-dei-Saraceni-Varigotti-dal-Sentiero-del-pellegrino-1536x1152.jpg 1536w, https:\/\/visitfinaleligure.it\/wp-content\/uploads\/2025\/08\/Vista-sulla-Baia-dei-Saraceni-Varigotti-dal-Sentiero-del-pellegrino-2048x1536.jpg 2048w\" sizes=\"auto, (max-width: 2560px) 100vw, 2560px\" \/>\t\t\t\t\t\t\n\t\t\t\t\t<\/div>\n\t\t\t\t\t\t\t\t\n<style>\n#image_1329749389 {\n  width: 100%;\n}\n<\/style>\n\t<\/div>\n\t\n\n\n\t\t<\/div>\n\n\t\t\n<style>\n#section_1148273003 {\n  padding-top: 30px;\n  padding-bottom: 30px;\n}\n<\/style>\n\t<\/section>\n\t\n\n\t<section class=\"section\" id=\"section_1095770848\">\n\t\t<div class=\"section-bg fill\" >\n\t\t\t\t\t\t\t\t\t\n\t\t\t\n\n\t\t<\/div>\n\n\t\t\n\n\t\t<div class=\"section-content relative\">\n\t\t\t\n\n<div class=\"row align-middle\"  id=\"row-801182400\">\n\n\n\t<div id=\"col-2021954234\" class=\"col hide-for-small medium-1 small-12 large-1\"  >\n\t\t\t\t<div class=\"col-inner\"  >\n\t\t\t\n\t\t\t\n\n\n\t\t<\/div>\n\t\t\t\t\t<\/div>\n\n\t\n\n\t<div id=\"col-1870328914\" class=\"col medium-10 small-12 large-10\"  >\n\t\t\t\t<div class=\"col-inner text-left\"  >\n\t\t\t\n\t\t\t\n\n\t<div id=\"text-600728302\" class=\"text testi-titolo-laterale\">\n\t\t\n\n<p style=\"font-family: 'Rubik'; font-size: 14px; font-weight: 500; color: rgba(39,39,39,0.4);\">IHR URLAUB IN FINALE LIGURE<\/p>\n\t\t\n<style>\n#text-600728302 {\n  font-size: 1.5rem;\n  color: rgb(204, 208, 212);\n}\n#text-600728302 > * {\n  color: rgb(204, 208, 212);\n}\n<\/style>\n\t<\/div>\n\t\n\n\t\t<\/div>\n\t\t\t\t\n<style>\n#col-1870328914 > .col-inner {\n  margin: 0px 0px 0px 0px;\n}\n@media (min-width:550px) {\n  #col-1870328914 > .col-inner {\n    margin: 0px 0px 0px 0px;\n  }\n}\n<\/style>\n\t<\/div>\n\n\t\n\n\t<div id=\"col-363778310\" class=\"col hide-for-small medium-1 small-12 large-1\"  >\n\t\t\t\t<div class=\"col-inner\"  >\n\t\t\t\n\t\t\t\n\n\n\t\t<\/div>\n\t\t\t\t\t<\/div>\n\n\t\n\n\n<style>\n#row-801182400 > .col > .col-inner {\n  padding: 0px 0px 0px 0px;\n}\n@media (min-width:550px) {\n  #row-801182400 > .col > .col-inner {\n    padding: 0px 0px 0px 0px;\n  }\n}\n<\/style>\n<\/div>\n<div class=\"row\"  id=\"row-18100476\">\n\n\n\t<div id=\"col-1796358579\" class=\"col hide-for-small medium-1 small-12 large-1\"  >\n\t\t\t\t<div class=\"col-inner text-left\"  >\n\t\t\t\n\t\t\t\n\n\n\t\t<\/div>\n\t\t\t\t\n<style>\n#col-1796358579 > .col-inner {\n  margin: 0px 0px 0px 0px;\n}\n<\/style>\n\t<\/div>\n\n\t\n\n\t<div id=\"col-423757504\" class=\"col medium-6 small-12 large-6\"  >\n\t\t\t\t<div class=\"col-inner text-left\"  >\n\t\t\t\n\t\t\t\n\n\t<div id=\"text-3329986465\" class=\"text testi-titolo\">\n\t\t\n\n<h1 class=\"testi-titolo\">Holiday Collection <\/h1>\n\t\t\n<style>\n#text-3329986465 {\n  line-height: 1;\n  color: rgb(0, 0, 0);\n}\n#text-3329986465 > * {\n  color: rgb(0, 0, 0);\n}\n<\/style>\n\t<\/div>\n\t\n\t<div id=\"text-1901579565\" class=\"text testi-body\">\n\t\t\n\n<p>Sport &amp; Abenteuer, Erleben &amp; Entdecken, Entspannung &amp; Wellness: drei verschiedene Arten, Finale Ligure zu erleben, ein einziges gro\u00dfes Erlebnis.<br>W\u00e4hlen Sie Ihr Tempo, folgen Sie Ihren Leidenschaften und lassen Sie sich von den Erlebnissen leiten, die diese Gegend so einzigartig machen.<\/p>\n<p>Lieben Sie Adrenalin? Hier finden Sie atemberaubende Kletterrouten, Mountainbike-Strecken, Felsw\u00e4nde, panoramareiche Wanderwege und Wassersportarten, die Ihr Herz h\u00f6her schlagen lassen.<\/p>\n<p>M\u00f6chten Sie lieber entdecken und lernen? Erleben Sie das authentische Flair von Finale zwischen historischen D\u00f6rfern, Kulturpfaden, Naturwanderungen und Routen, die auch f\u00fcr Familien und Kinder ideal sind.<\/p>\n<p>M\u00f6chten Sie etwas langsamer machen? G\u00f6nnen Sie sich Momente des puren Wohlbefindens zwischen Meer, Natur und Stille: Spa, Yoga im Freien, Sonnenunterg\u00e4nge \u00fcber dem Meer und erholsame Spazierg\u00e4nge.<\/p>\n<p>Drei unterschiedliche Erlebnisse, ein einziges Reiseziel, das es in vollen Z\u00fcgen zu genie\u00dfen gilt: <strong>Finale Ligure, wo jeder Urlaub seine perfekte Form findet.<\/strong><\/p>\n\t\t\t<\/div>\n\t\n<div class=\"is-divider divider clearfix\" style=\"background-color:rgba(54, 46, 46, 0);\"><\/div>\n\n<div class=\"row\"  id=\"row-818095029\">\n\n\n\t<div id=\"col-19797685\" class=\"col medium-4 small-12 large-4\"  >\n\t\t\t\t<div class=\"col-inner\"  >\n\t\t\t\n\t\t\t\n\n\t<div class=\"img has-hover x md-x lg-x y md-y lg-y\" id=\"image_1779536591\">\n\t\t<a class=\"\" href=\"https:\/\/visitfinaleligure.it\/de\/holiday-collection\/erleben-sie-den-ganzen-nervenkitzel-von-finale-ligure\/\" >\t\t\t\t\t\t<div class=\"img-inner dark\" >\n\t\t\t<img loading=\"lazy\" decoding=\"async\" width=\"556\" height=\"795\" src=\"https:\/\/visitfinaleligure.it\/wp-content\/uploads\/2025\/10\/sport_avventura.png\" class=\"attachment-large size-large\" alt=\"\" srcset=\"https:\/\/visitfinaleligure.it\/wp-content\/uploads\/2025\/10\/sport_avventura.png 556w, https:\/\/visitfinaleligure.it\/wp-content\/uploads\/2025\/10\/sport_avventura-210x300.png 210w\" sizes=\"auto, (max-width: 556px) 100vw, 556px\" \/>\t\t\t\t\t\t\n\t\t\t\t\t<\/div>\n\t\t\t\t\t\t<\/a>\t\t\n<style>\n#image_1779536591 {\n  width: 100%;\n}\n<\/style>\n\t<\/div>\n\t\n\n\n\t\t<\/div>\n\t\t\t\t\t<\/div>\n\n\t\n\n\t<div id=\"col-1207839728\" class=\"col medium-4 small-12 large-4\"  >\n\t\t\t\t<div class=\"col-inner\"  >\n\t\t\t\n\t\t\t\n\n\t<div class=\"img has-hover x md-x lg-x y md-y lg-y\" id=\"image_832683497\">\n\t\t<a class=\"\" href=\"https:\/\/visitfinaleligure.it\/de\/holiday-collection\/entschleunigen-sie-atmen-sie-tief-durch-erleben-sie-finale-ligure-in-ihrem-eigenen-tempo\/\" >\t\t\t\t\t\t<div class=\"img-inner dark\" >\n\t\t\t<img loading=\"lazy\" decoding=\"async\" width=\"555\" height=\"792\" src=\"https:\/\/visitfinaleligure.it\/wp-content\/uploads\/2025\/10\/relax_benessere.png\" class=\"attachment-large size-large\" alt=\"\" srcset=\"https:\/\/visitfinaleligure.it\/wp-content\/uploads\/2025\/10\/relax_benessere.png 555w, https:\/\/visitfinaleligure.it\/wp-content\/uploads\/2025\/10\/relax_benessere-210x300.png 210w\" sizes=\"auto, (max-width: 555px) 100vw, 555px\" \/>\t\t\t\t\t\t\n\t\t\t\t\t<\/div>\n\t\t\t\t\t\t<\/a>\t\t\n<style>\n#image_832683497 {\n  width: 100%;\n}\n<\/style>\n\t<\/div>\n\t\n\n\n\t\t<\/div>\n\t\t\t\t\t<\/div>\n\n\t\n\n\t<div id=\"col-1824676229\" class=\"col medium-4 small-12 large-4\"  >\n\t\t\t\t<div class=\"col-inner\"  >\n\t\t\t\n\t\t\t\n\n\t<div class=\"img has-hover x md-x lg-x y md-y lg-y\" id=\"image_919226988\">\n\t\t<a class=\"\" href=\"https:\/\/visitfinaleligure.it\/de\/holiday-collection\/entdecken-sie-finale-ligure-mit-neugier-und-staunen\/\" >\t\t\t\t\t\t<div class=\"img-inner dark\" >\n\t\t\t<img loading=\"lazy\" decoding=\"async\" width=\"555\" height=\"793\" src=\"https:\/\/visitfinaleligure.it\/wp-content\/uploads\/2025\/10\/vivi_esplora.png\" class=\"attachment-large size-large\" alt=\"\" srcset=\"https:\/\/visitfinaleligure.it\/wp-content\/uploads\/2025\/10\/vivi_esplora.png 555w, https:\/\/visitfinaleligure.it\/wp-content\/uploads\/2025\/10\/vivi_esplora-210x300.png 210w\" sizes=\"auto, (max-width: 555px) 100vw, 555px\" \/>\t\t\t\t\t\t\n\t\t\t\t\t<\/div>\n\t\t\t\t\t\t<\/a>\t\t\n<style>\n#image_919226988 {\n  width: 100%;\n}\n<\/style>\n\t<\/div>\n\t\n\n\n\t\t<\/div>\n\t\t\t\t\t<\/div>\n\n\t\n\n<\/div>\n\n\t\t<\/div>\n\t\t\t\t\n<style>\n#col-423757504 > .col-inner {\n  margin: 0px 0px 0px 0px;\n}\n@media (min-width:550px) {\n  #col-423757504 > .col-inner {\n    margin: -30px 0px 0px 0px;\n  }\n}\n<\/style>\n\t<\/div>\n\n\t\n\n\t<div id=\"col-1081707479\" class=\"col medium-4 small-12 large-4\"  >\n\t\t\t\t<div class=\"col-inner text-left\"  >\n\t\t\t\n\t\t\t\n\n\t<div class=\"box has-hover   has-hover box-text-bottom\" >\n\n\t\t<div class=\"box-image\" >\n\t\t\t\t\t\t<div class=\"\" >\n\t\t\t\t<img loading=\"lazy\" decoding=\"async\" width=\"559\" height=\"790\" src=\"https:\/\/visitfinaleligure.it\/wp-content\/uploads\/2025\/10\/holiday-collection-25-26-e1761063196367.png\" class=\"attachment- size-\" alt=\"\" \/>\t\t\t\t\t\t\t\t\t\t\t<\/div>\n\t\t\t\t\t<\/div>\n\n\t\t<div class=\"box-text text-center\" >\n\t\t\t<div class=\"box-text-inner\">\n\t\t\t\t\n\n<a href=\"https:\/\/visitfinaleligure.it\/wp-content\/uploads\/2025\/10\/FL_cat-prodotti-2526-rgb.pdf\" target=\"_blank\" class=\"button primary expand\" rel=\"noopener\" >\n\t\t<span>Katalog herunterladen<\/span>\n\t<\/a>\n\n\n\n\t\t\t<\/div>\n\t\t<\/div>\n\t<\/div>\n\t\n\n\t\t<\/div>\n\t\t\t\t\n<style>\n#col-1081707479 > .col-inner {\n  margin: 0px 0px 0px 0px;\n}\n<\/style>\n\t<\/div>\n\n\t\n\n\t<div id=\"col-129547607\" class=\"col hide-for-small medium-1 small-12 large-1\"  >\n\t\t\t\t<div class=\"col-inner text-left\"  >\n\t\t\t\n\t\t\t\n\n\n\t\t<\/div>\n\t\t\t\t\n<style>\n#col-129547607 > .col-inner {\n  margin: 0px 0px 0px 0px;\n}\n<\/style>\n\t<\/div>\n\n\t\n\n<\/div>\n\n\t\t<\/div>\n\n\t\t\n<style>\n#section_1095770848 {\n  padding-top: 0px;\n  padding-bottom: 0px;\n}\n<\/style>\n\t<\/section>\n\t\n\n\n","protected":false},"excerpt":{"rendered":"","protected":false},"author":1,"featured_media":11706,"parent":0,"menu_order":0,"comment_status":"closed","ping_status":"closed","template":"page-blank.php","meta":{"footnotes":""},"class_list":["post-15034","page","type-page","status-publish","has-post-thumbnail","hentry"],"yoast_head":"<!-- This site is optimized with the Yoast SEO plugin v27.3 - https:\/\/yoast.com\/product\/yoast-seo-wordpress\/ -->\n<title>Holiday Collection - Visit Finale Ligure<\/title>\n<meta name=\"description\" content=\"Summer Vibes 2025 in Finale Ligure: Sport, Kultur, Natur und Entspannung \u2013 \u00fcber 50 Erlebnisse f\u00fcr einen unvergesslichen Sommer.\" \/>\n<meta name=\"robots\" content=\"index, follow, max-snippet:-1, max-image-preview:large, max-video-preview:-1\" \/>\n<link rel=\"canonical\" href=\"https:\/\/visitfinaleligure.it\/de\/holiday-collection\/\" \/>\n<meta property=\"og:locale\" content=\"de_DE\" \/>\n<meta property=\"og:type\" content=\"article\" \/>\n<meta property=\"og:title\" content=\"Holiday Collection - Visit Finale Ligure\" \/>\n<meta property=\"og:description\" content=\"Summer Vibes 2025 in Finale Ligure: Sport, Kultur, Natur und Entspannung \u2013 \u00fcber 50 Erlebnisse f\u00fcr einen unvergesslichen Sommer.\" \/>\n<meta property=\"og:url\" content=\"https:\/\/visitfinaleligure.it\/de\/holiday-collection\/\" \/>\n<meta property=\"og:site_name\" content=\"Visit Finale Ligure\" \/>\n<meta property=\"article:publisher\" content=\"https:\/\/www.facebook.com\/VisitFinaleLigure\" \/>\n<meta property=\"article:modified_time\" content=\"2025-11-20T18:15:41+00:00\" \/>\n<meta property=\"og:image\" content=\"https:\/\/visitfinaleligure.it\/wp-content\/uploads\/2024\/05\/Finale-for-Nepal_2.jpeg\" \/>\n\t<meta property=\"og:image:width\" content=\"1600\" \/>\n\t<meta property=\"og:image:height\" content=\"1200\" \/>\n\t<meta property=\"og:image:type\" content=\"image\/jpeg\" \/>\n<meta name=\"twitter:card\" content=\"summary_large_image\" \/>\n<meta name=\"twitter:label1\" content=\"Gesch\u00e4tzte Lesezeit\" \/>\n\t<meta name=\"twitter:data1\" content=\"3\u00a0Minuten\" \/>\n<script type=\"application\/ld+json\" class=\"yoast-schema-graph\">{\"@context\":\"https:\\\/\\\/schema.org\",\"@graph\":[{\"@type\":\"WebPage\",\"@id\":\"https:\\\/\\\/visitfinaleligure.it\\\/de\\\/holiday-collection\\\/\",\"url\":\"https:\\\/\\\/visitfinaleligure.it\\\/de\\\/holiday-collection\\\/\",\"name\":\"Holiday Collection - Visit Finale Ligure\",\"isPartOf\":{\"@id\":\"https:\\\/\\\/visitfinaleligure.it\\\/de\\\/#website\"},\"primaryImageOfPage\":{\"@id\":\"https:\\\/\\\/visitfinaleligure.it\\\/de\\\/holiday-collection\\\/#primaryimage\"},\"image\":{\"@id\":\"https:\\\/\\\/visitfinaleligure.it\\\/de\\\/holiday-collection\\\/#primaryimage\"},\"thumbnailUrl\":\"https:\\\/\\\/visitfinaleligure.it\\\/wp-content\\\/uploads\\\/2024\\\/05\\\/Finale-for-Nepal_2.jpeg\",\"datePublished\":\"2025-10-21T17:33:25+00:00\",\"dateModified\":\"2025-11-20T18:15:41+00:00\",\"description\":\"Summer Vibes 2025 in Finale Ligure: Sport, Kultur, Natur und Entspannung \u2013 \u00fcber 50 Erlebnisse f\u00fcr einen unvergesslichen Sommer.\",\"breadcrumb\":{\"@id\":\"https:\\\/\\\/visitfinaleligure.it\\\/de\\\/holiday-collection\\\/#breadcrumb\"},\"inLanguage\":\"de\",\"potentialAction\":[{\"@type\":\"ReadAction\",\"target\":[\"https:\\\/\\\/visitfinaleligure.it\\\/de\\\/holiday-collection\\\/\"]}]},{\"@type\":\"ImageObject\",\"inLanguage\":\"de\",\"@id\":\"https:\\\/\\\/visitfinaleligure.it\\\/de\\\/holiday-collection\\\/#primaryimage\",\"url\":\"https:\\\/\\\/visitfinaleligure.it\\\/wp-content\\\/uploads\\\/2024\\\/05\\\/Finale-for-Nepal_2.jpeg\",\"contentUrl\":\"https:\\\/\\\/visitfinaleligure.it\\\/wp-content\\\/uploads\\\/2024\\\/05\\\/Finale-for-Nepal_2.jpeg\",\"width\":1600,\"height\":1200},{\"@type\":\"BreadcrumbList\",\"@id\":\"https:\\\/\\\/visitfinaleligure.it\\\/de\\\/holiday-collection\\\/#breadcrumb\",\"itemListElement\":[{\"@type\":\"ListItem\",\"position\":1,\"name\":\"Home\",\"item\":\"https:\\\/\\\/visitfinaleligure.it\\\/de\\\/\"},{\"@type\":\"ListItem\",\"position\":2,\"name\":\"Holiday Collection\"}]},{\"@type\":\"WebSite\",\"@id\":\"https:\\\/\\\/visitfinaleligure.it\\\/de\\\/#website\",\"url\":\"https:\\\/\\\/visitfinaleligure.it\\\/de\\\/\",\"name\":\"Visit Finale Ligure\",\"description\":\"My perfect place\",\"publisher\":{\"@id\":\"https:\\\/\\\/visitfinaleligure.it\\\/de\\\/#organization\"},\"potentialAction\":[{\"@type\":\"SearchAction\",\"target\":{\"@type\":\"EntryPoint\",\"urlTemplate\":\"https:\\\/\\\/visitfinaleligure.it\\\/de\\\/?s={search_term_string}\"},\"query-input\":{\"@type\":\"PropertyValueSpecification\",\"valueRequired\":true,\"valueName\":\"search_term_string\"}}],\"inLanguage\":\"de\"},{\"@type\":\"Organization\",\"@id\":\"https:\\\/\\\/visitfinaleligure.it\\\/de\\\/#organization\",\"name\":\"Comune di Finale Ligure\",\"url\":\"https:\\\/\\\/visitfinaleligure.it\\\/de\\\/\",\"logo\":{\"@type\":\"ImageObject\",\"inLanguage\":\"de\",\"@id\":\"https:\\\/\\\/visitfinaleligure.it\\\/de\\\/#\\\/schema\\\/logo\\\/image\\\/\",\"url\":\"https:\\\/\\\/visitfinaleligure.it\\\/wp-content\\\/uploads\\\/2023\\\/04\\\/cropped-finaleligure-verticale-positivo-200x200-1.png\",\"contentUrl\":\"https:\\\/\\\/visitfinaleligure.it\\\/wp-content\\\/uploads\\\/2023\\\/04\\\/cropped-finaleligure-verticale-positivo-200x200-1.png\",\"width\":512,\"height\":512,\"caption\":\"Comune di Finale Ligure\"},\"image\":{\"@id\":\"https:\\\/\\\/visitfinaleligure.it\\\/de\\\/#\\\/schema\\\/logo\\\/image\\\/\"},\"sameAs\":[\"https:\\\/\\\/www.facebook.com\\\/VisitFinaleLigure\",\"https:\\\/\\\/www.instagram.com\\\/visitfinale\\\/\",\"https:\\\/\\\/www.youtube.com\\\/channel\\\/UCLmoLfNmrAt9mSCll9egttw\"]}]}<\/script>\n<!-- \/ Yoast SEO plugin. -->","yoast_head_json":{"title":"Holiday Collection - Visit Finale Ligure","description":"Summer Vibes 2025 in Finale Ligure: Sport, Kultur, Natur und Entspannung \u2013 \u00fcber 50 Erlebnisse f\u00fcr einen unvergesslichen Sommer.","robots":{"index":"index","follow":"follow","max-snippet":"max-snippet:-1","max-image-preview":"max-image-preview:large","max-video-preview":"max-video-preview:-1"},"canonical":"https:\/\/visitfinaleligure.it\/de\/holiday-collection\/","og_locale":"de_DE","og_type":"article","og_title":"Holiday Collection - Visit Finale Ligure","og_description":"Summer Vibes 2025 in Finale Ligure: Sport, Kultur, Natur und Entspannung \u2013 \u00fcber 50 Erlebnisse f\u00fcr einen unvergesslichen Sommer.","og_url":"https:\/\/visitfinaleligure.it\/de\/holiday-collection\/","og_site_name":"Visit Finale Ligure","article_publisher":"https:\/\/www.facebook.com\/VisitFinaleLigure","article_modified_time":"2025-11-20T18:15:41+00:00","og_image":[{"width":1600,"height":1200,"url":"https:\/\/visitfinaleligure.it\/wp-content\/uploads\/2024\/05\/Finale-for-Nepal_2.jpeg","type":"image\/jpeg"}],"twitter_card":"summary_large_image","twitter_misc":{"Gesch\u00e4tzte Lesezeit":"3\u00a0Minuten"},"schema":{"@context":"https:\/\/schema.org","@graph":[{"@type":"WebPage","@id":"https:\/\/visitfinaleligure.it\/de\/holiday-collection\/","url":"https:\/\/visitfinaleligure.it\/de\/holiday-collection\/","name":"Holiday Collection - Visit Finale Ligure","isPartOf":{"@id":"https:\/\/visitfinaleligure.it\/de\/#website"},"primaryImageOfPage":{"@id":"https:\/\/visitfinaleligure.it\/de\/holiday-collection\/#primaryimage"},"image":{"@id":"https:\/\/visitfinaleligure.it\/de\/holiday-collection\/#primaryimage"},"thumbnailUrl":"https:\/\/visitfinaleligure.it\/wp-content\/uploads\/2024\/05\/Finale-for-Nepal_2.jpeg","datePublished":"2025-10-21T17:33:25+00:00","dateModified":"2025-11-20T18:15:41+00:00","description":"Summer Vibes 2025 in Finale Ligure: Sport, Kultur, Natur und Entspannung \u2013 \u00fcber 50 Erlebnisse f\u00fcr einen unvergesslichen Sommer.","breadcrumb":{"@id":"https:\/\/visitfinaleligure.it\/de\/holiday-collection\/#breadcrumb"},"inLanguage":"de","potentialAction":[{"@type":"ReadAction","target":["https:\/\/visitfinaleligure.it\/de\/holiday-collection\/"]}]},{"@type":"ImageObject","inLanguage":"de","@id":"https:\/\/visitfinaleligure.it\/de\/holiday-collection\/#primaryimage","url":"https:\/\/visitfinaleligure.it\/wp-content\/uploads\/2024\/05\/Finale-for-Nepal_2.jpeg","contentUrl":"https:\/\/visitfinaleligure.it\/wp-content\/uploads\/2024\/05\/Finale-for-Nepal_2.jpeg","width":1600,"height":1200},{"@type":"BreadcrumbList","@id":"https:\/\/visitfinaleligure.it\/de\/holiday-collection\/#breadcrumb","itemListElement":[{"@type":"ListItem","position":1,"name":"Home","item":"https:\/\/visitfinaleligure.it\/de\/"},{"@type":"ListItem","position":2,"name":"Holiday Collection"}]},{"@type":"WebSite","@id":"https:\/\/visitfinaleligure.it\/de\/#website","url":"https:\/\/visitfinaleligure.it\/de\/","name":"Visit Finale Ligure","description":"My perfect place","publisher":{"@id":"https:\/\/visitfinaleligure.it\/de\/#organization"},"potentialAction":[{"@type":"SearchAction","target":{"@type":"EntryPoint","urlTemplate":"https:\/\/visitfinaleligure.it\/de\/?s={search_term_string}"},"query-input":{"@type":"PropertyValueSpecification","valueRequired":true,"valueName":"search_term_string"}}],"inLanguage":"de"},{"@type":"Organization","@id":"https:\/\/visitfinaleligure.it\/de\/#organization","name":"Comune di Finale Ligure","url":"https:\/\/visitfinaleligure.it\/de\/","logo":{"@type":"ImageObject","inLanguage":"de","@id":"https:\/\/visitfinaleligure.it\/de\/#\/schema\/logo\/image\/","url":"https:\/\/visitfinaleligure.it\/wp-content\/uploads\/2023\/04\/cropped-finaleligure-verticale-positivo-200x200-1.png","contentUrl":"https:\/\/visitfinaleligure.it\/wp-content\/uploads\/2023\/04\/cropped-finaleligure-verticale-positivo-200x200-1.png","width":512,"height":512,"caption":"Comune di Finale Ligure"},"image":{"@id":"https:\/\/visitfinaleligure.it\/de\/#\/schema\/logo\/image\/"},"sameAs":["https:\/\/www.facebook.com\/VisitFinaleLigure","https:\/\/www.instagram.com\/visitfinale\/","https:\/\/www.youtube.com\/channel\/UCLmoLfNmrAt9mSCll9egttw"]}]}},"_links":{"self":[{"href":"https:\/\/visitfinaleligure.it\/de\/wp-json\/wp\/v2\/pages\/15034","targetHints":{"allow":["GET"]}}],"collection":[{"href":"https:\/\/visitfinaleligure.it\/de\/wp-json\/wp\/v2\/pages"}],"about":[{"href":"https:\/\/visitfinaleligure.it\/de\/wp-json\/wp\/v2\/types\/page"}],"author":[{"embeddable":true,"href":"https:\/\/visitfinaleligure.it\/de\/wp-json\/wp\/v2\/users\/1"}],"replies":[{"embeddable":true,"href":"https:\/\/visitfinaleligure.it\/de\/wp-json\/wp\/v2\/comments?post=15034"}],"version-history":[{"count":7,"href":"https:\/\/visitfinaleligure.it\/de\/wp-json\/wp\/v2\/pages\/15034\/revisions"}],"predecessor-version":[{"id":15973,"href":"https:\/\/visitfinaleligure.it\/de\/wp-json\/wp\/v2\/pages\/15034\/revisions\/15973"}],"wp:featuredmedia":[{"embeddable":true,"href":"https:\/\/visitfinaleligure.it\/de\/wp-json\/wp\/v2\/media\/11706"}],"wp:attachment":[{"href":"https:\/\/visitfinaleligure.it\/de\/wp-json\/wp\/v2\/media?parent=15034"}],"curies":[{"name":"wp","href":"https:\/\/api.w.org\/{rel}","templated":true}]}}