{"id":16841,"date":"2025-12-20T00:34:37","date_gmt":"2025-12-19T23:34:37","guid":{"rendered":"https:\/\/visitfinaleligure.it\/?page_id=16841"},"modified":"2026-01-16T19:25:50","modified_gmt":"2026-01-16T18:25:50","slug":"my-perfect-place-die-zeitschrift-september-2025","status":"publish","type":"page","link":"https:\/\/visitfinaleligure.it\/de\/my-perfect-place-the-magazine\/my-perfect-place-die-zeitschrift-september-2025\/","title":{"rendered":"My Perfect Place | Die Zeitschrift &#8211; September 2025"},"content":{"rendered":"\n\n\t<section class=\"section\" id=\"section_99572033\">\n\t\t<div class=\"section-bg fill\" >\n\t\t\t\t\t\t\t\t\t\n\t\t\t\n\n\t\t<\/div>\n\n\t\t\n\n\t\t<div class=\"section-content relative\">\n\t\t\t\n\n<div class=\"row\"  id=\"row-1387385531\">\n\n\n\t<div id=\"col-1481551103\" class=\"col hide-for-small medium-1 small-12 large-1\"  >\n\t\t\t\t<div class=\"col-inner text-left\"  >\n\t\t\t\n\t\t\t\n\n\n\t\t<\/div>\n\t\t\t\t\n<style>\n#col-1481551103 > .col-inner {\n  margin: 0px 0px 0px 0px;\n}\n<\/style>\n\t<\/div>\n\n\t\n\n\t<div id=\"col-1353904374\" class=\"col medium-10 small-12 large-5\"  >\n\t\t\t\t<div class=\"col-inner text-left\"  >\n\t\t\t\n\t\t\t\n\n\t<div id=\"gap-1089698603\" class=\"gap-element clearfix\" style=\"display:block; height:auto;\">\n\t\t\n<style>\n#gap-1089698603 {\n  padding-top: 50px;\n}\n<\/style>\n\t<\/div>\n\t\n\n<div class=\"row\"  id=\"row-1372450902\">\n\n\n\t<div id=\"col-1421774781\" class=\"col medium-8 small-12 large-7\"  >\n\t\t\t\t<div class=\"col-inner text-left\"  >\n\t\t\t\n\t\t\t\n\n\t<div class=\"img has-hover x md-x lg-x y md-y lg-y\" id=\"image_651772863\">\n\t\t\t\t\t\t\t\t<div class=\"img-inner dark\" >\n\t\t\t<img loading=\"lazy\" decoding=\"async\" width=\"300\" height=\"150\" src=\"https:\/\/visitfinaleligure.it\/wp-content\/uploads\/2023\/01\/myperfectplace-logo-finale-ligure.webp\" class=\"attachment-original size-original\" alt=\"\" \/>\t\t\t\t\t\t\n\t\t\t\t\t<\/div>\n\t\t\t\t\t\t\t\t\n<style>\n#image_651772863 {\n  width: 50%;\n}\n<\/style>\n\t<\/div>\n\t\n\n<p>LA RIVISTA DI FINALE LIGURE<\/p>\n\t<div id=\"text-2991370557\" class=\"text\">\n\t\t\n\n<h2 style=\"font-family: poppins;\">N\u00b0 3<br \/>EDITORIALE AUTUNNO<\/h2>\n\t\t\n<style>\n#text-2991370557 {\n  line-height: 3;\n  text-align: left;\n}\n<\/style>\n\t<\/div>\n\t\n\t<div id=\"text-1340703181\" class=\"text\">\n\t\t\n\n<p><strong>AUTUNNO<\/strong><strong>: UN NUOVO INIZIO A FINALE LIGURE<\/strong><\/p>\n\t\t\n<style>\n#text-1340703181 {\n  font-size: 1.45rem;\n  line-height: 1.95;\n  color: #00adbb;\n}\n#text-1340703181 > * {\n  color: #00adbb;\n}\n<\/style>\n\t<\/div>\n\t\n\n\t\t<\/div>\n\t\t\t\t\n<style>\n#col-1421774781 > .col-inner {\n  padding: 0px 0px 0px 0px;\n  margin: 0px 0px -55px 0px;\n}\n<\/style>\n\t<\/div>\n\n\t\n\n<\/div>\n\t<div id=\"text-2078625070\" class=\"text\">\n\t\t\n\n<p>DI PAOLA IACONA<\/p>\n\t\t\n<style>\n#text-2078625070 {\n  text-align: left;\n}\n<\/style>\n\t<\/div>\n\t\n\t<div id=\"text-666209510\" class=\"text testi-body\">\n\t\t\n\n<p>Es gibt Zeiten im Jahr, in denen sich eine Region aus einer anderen Perspektive entdecken l\u00e4sst. In Finale Ligure hat der Herbst einen ganz besonderen Reiz. Es ist die Zeit, in der das Licht golden wird, die W\u00e4lder sich in warmen Farbt\u00f6nen kleiden und die Luft klar und frisch ist: eine Landschaft, die man ohne Eile erkunden sollte.<\/p>\n<p>Es ist die perfekte Zeit, um sich auf den Weg zu machen. Ob auf dem Fahrrad entlang von Routen, die die K\u00fcste mit dem Hinterland verbinden, oder auf den Wegen, die durch mittelalterliche D\u00f6rfer und jahrhundertealte Buchenw\u00e4lder f\u00fchren, jeder Schritt und jeder Tritt in die Pedale schenkt immer neue und \u00fcberraschende Ausblicke, Landschaften, die sich hinter jeder Kurve ver\u00e4ndern.<\/p>\n<p>Ein Spaziergang zwischen den Burgen des Hinterlands oder im Wald von Barbottina wird zu einer Reise, die Natur und Geschichte miteinander verbindet. In einem Dorf Halt zu machen, das neue \u00d6l oder den Duft von ger\u00f6steten Kastanien zu genie\u00dfen, bedeutet, sich von den Sinnen zu einer Begegnung mit den Traditionen der Region f\u00fchren zu lassen.<\/p>\n<p>Diese Ausgabe des Magazins ist eine Einladung, den Herbst in Finale in all seinen Facetten zu erleben: von Fahrradabenteuern auf Routen, die Meer und Berge verbinden, \u00fcber Spazierg\u00e4nge, die D\u00f6rfer und W\u00e4lder enth\u00fcllen, bis hin zu kulturellen Entdeckungen und Festen, die die Pl\u00e4tze mit saisonalen Produkten beleben.<\/p>\n<p>Der Herbst in Finale Ligure bedeutet kein Ende, sondern vielmehr einen Neuanfang. Die ideale Jahreszeit, um das Gleichgewicht und die Harmonie mit der Natur wiederzufinden, in authentische Atmosph\u00e4ren einzutauchen und sich erneut von der gro\u00dfen Sch\u00f6nheit der Region Finale \u00fcberraschen zu lassen.<\/p>\n<p><em>Viel Spa\u00df beim Lesen!<\/em><\/p>\n\t\t\t<\/div>\n\t\n\t<div id=\"gap-1260533530\" class=\"gap-element clearfix\" style=\"display:block; height:auto;\">\n\t\t\n<style>\n#gap-1260533530 {\n  padding-top: 30px;\n}\n<\/style>\n\t<\/div>\n\t\n\n\n\t\t<\/div>\n\t\t\t\t\n<style>\n#col-1353904374 > .col-inner {\n  padding: 0px 0px 0px 0px;\n  margin: 0px 0px 0px 0px;\n}\n@media (min-width:550px) {\n  #col-1353904374 > .col-inner {\n    margin: -30px 0px 0px 0px;\n  }\n}\n<\/style>\n\t<\/div>\n\n\t\n\n\t<div id=\"col-948330190\" class=\"col hide-for-medium medium-5 small-12 large-5\"  >\n\t\t\t\t<div class=\"col-inner text-center\"  >\n\t\t\t\n\t\t\t\n\n\t<div class=\"img has-hover x md-x lg-x y md-y lg-y\" id=\"image_583059331\">\n\t\t\t\t\t\t\t\t<div class=\"img-inner dark\" >\n\t\t\t<img loading=\"lazy\" decoding=\"async\" width=\"637\" height=\"1024\" src=\"https:\/\/visitfinaleligure.it\/wp-content\/uploads\/2023\/01\/verticale-sezaurea-1-finale-ligure-637x1024-1.webp\" class=\"attachment-original size-original\" alt=\"\" srcset=\"https:\/\/visitfinaleligure.it\/wp-content\/uploads\/2023\/01\/verticale-sezaurea-1-finale-ligure-637x1024-1.webp 637w, https:\/\/visitfinaleligure.it\/wp-content\/uploads\/2023\/01\/verticale-sezaurea-1-finale-ligure-637x1024-1-187x300.webp 187w\" sizes=\"auto, (max-width: 637px) 100vw, 637px\" \/>\t\t\t\t\t\t\n\t\t\t\t\t<\/div>\n\t\t\t\t\t\t\t\t\n<style>\n#image_583059331 {\n  width: 100%;\n}\n<\/style>\n\t<\/div>\n\t\n\n\n\t\t<\/div>\n\t\t\t\t\t<\/div>\n\n\t\n\n\t<div id=\"col-1639571528\" class=\"col hide-for-small medium-1 small-12 large-1\"  >\n\t\t\t\t<div class=\"col-inner text-left\"  >\n\t\t\t\n\t\t\t\n\n\n\t\t<\/div>\n\t\t\t\t\n<style>\n#col-1639571528 > .col-inner {\n  margin: 0px 0px 0px 0px;\n}\n<\/style>\n\t<\/div>\n\n\t\n\n<\/div>\n\n\t\t<\/div>\n\n\t\t\n<style>\n#section_99572033 {\n  padding-top: 0px;\n  padding-bottom: 0px;\n}\n<\/style>\n\t<\/section>\n\t\n<div class=\"row\"  id=\"row-1394607144\">\n\n\n\t<div id=\"col-1429528353\" class=\"col hide-for-small medium-1 small-12 large-1\"  >\n\t\t\t\t<div class=\"col-inner\"  >\n\t\t\t\n\t\t\t\n\n\n\t\t<\/div>\n\t\t\t\t\t<\/div>\n\n\t\n\n\t<div id=\"col-1654435154\" class=\"col medium-4 small-12 large-4\"  >\n\t\t\t\t<div class=\"col-inner\" style=\"background-color:#00adbb;\" >\n\t\t\t\n\t\t\t\n\n\t<div id=\"text-3919208209\" class=\"text\">\n\t\t\n\n<h3 style=\"font-family:poppins\" ;=\"\" text-align:=\"\" left;\"=\"\">IN QUESTO NUMERO<\/h3>\n\t\t\n<style>\n#text-3919208209 {\n  font-size: 1.35rem;\n  line-height: 1.3;\n  text-align: left;\n  color: rgb(255,255,255);\n}\n#text-3919208209 > * {\n  color: rgb(255,255,255);\n}\n<\/style>\n\t<\/div>\n\t\n\n\t\t<\/div>\n\t\t\t\t\n<style>\n#col-1654435154 > .col-inner {\n  padding: 5px 0px 0px 10px;\n  margin: 0px 0px 0px 0px;\n}\n<\/style>\n\t<\/div>\n\n\t\n\n\t<div id=\"col-873879027\" class=\"col hide-for-small medium-6 small-12 large-6\"  >\n\t\t\t\t<div class=\"col-inner\"  >\n\t\t\t\n\t\t\t\n\n\n\t\t<\/div>\n\t\t\t\t\t<\/div>\n\n\t\n\n\t<div id=\"col-940909735\" class=\"col hide-for-small medium-1 small-12 large-1\"  >\n\t\t\t\t<div class=\"col-inner\"  >\n\t\t\t\n\t\t\t\n\n\n\t\t<\/div>\n\t\t\t\t\t<\/div>\n\n\t\n\n<\/div>\n<div class=\"row\"  id=\"row-1598019223\">\n\n\n\t<div id=\"col-1124418256\" class=\"col hide-for-small medium-1 small-12 large-1\"  >\n\t\t\t\t<div class=\"col-inner\"  >\n\t\t\t\n\t\t\t\n\n\n\t\t<\/div>\n\t\t\t\t\t<\/div>\n\n\t\n\n\t<div id=\"col-362610084\" class=\"col medium-10 small-12 large-10\"  >\n\t\t\t\t<div class=\"col-inner\"  >\n\t\t\t\n\t\t\t\n\n\n  \n    <div class=\"row large-columns-4 medium-columns-3 small-columns-1 has-shadow row-box-shadow-1 slider row-slider slider-nav-reveal slider-nav-push\"  data-flickity-options='{&quot;imagesLoaded&quot;: true, &quot;groupCells&quot;: &quot;100%&quot;, &quot;dragThreshold&quot; : 5, &quot;cellAlign&quot;: &quot;left&quot;,&quot;wrapAround&quot;: true,&quot;prevNextButtons&quot;: true,&quot;percentPosition&quot;: true,&quot;pageDots&quot;: false, &quot;rightToLeft&quot;: false, &quot;autoPlay&quot; : false}' >\n\n  <\/div>\n\n\n\t\t<\/div>\n\t\t\t\t\t<\/div>\n\n\t\n\n\t<div id=\"col-2040052708\" class=\"col hide-for-small medium-1 small-12 large-1\"  >\n\t\t\t\t<div class=\"col-inner\"  >\n\t\t\t\n\t\t\t\n\n\n\t\t<\/div>\n\t\t\t\t\t<\/div>\n\n\t\n\n<\/div>\n<div class=\"row\"  id=\"row-2013842127\">\n\n\n\t<div id=\"col-1129228145\" class=\"col hide-for-small medium-1 small-12 large-1\"  >\n\t\t\t\t<div class=\"col-inner\"  >\n\t\t\t\n\t\t\t\n\n\n\t\t<\/div>\n\t\t\t\t\t<\/div>\n\n\t\n\n\t<div id=\"col-1563808304\" class=\"col medium-3 small-12 large-3\"  >\n\t\t\t\t<div class=\"col-inner\" style=\"background-color:#00adbb;\" >\n\t\t\t\n\t\t\t\n\n\t<div id=\"text-1750971192\" class=\"text\">\n\t\t\n\n<h3 style=\"font-family:poppins\" ;=\"\" text-align:=\"\" left;\"=\"\">TUTTE LE EDIZIONI DI MY PERFECT PLACE<\/h3>\n\t\t\n<style>\n#text-1750971192 {\n  font-size: 1.35rem;\n  line-height: 1.3;\n  text-align: left;\n  color: rgb(255,255,255);\n}\n#text-1750971192 > * {\n  color: rgb(255,255,255);\n}\n<\/style>\n\t<\/div>\n\t\n\n\t\t<\/div>\n\t\t\t\t\n<style>\n#col-1563808304 > .col-inner {\n  padding: 5px 0px 0px 10px;\n  margin: 0px 0px 0px 0px;\n}\n<\/style>\n\t<\/div>\n\n\t\n\n\t<div id=\"col-517310556\" class=\"col medium-8 small-12 large-8\"  >\n\t\t\t\t<div class=\"col-inner\"  >\n\t\t\t\n\t\t\t\n\n<div class=\"is-divider divider clearfix\" style=\"max-width:900px;height:2px;background-color:rgb(0, 173, 187);\"><\/div>\n\n\n\t\t<\/div>\n\t\t\t\t\t<\/div>\n\n\t\n\n\t<div id=\"col-518384020\" class=\"col hide-for-small medium-1 small-12 large-1\"  >\n\t\t\t\t<div class=\"col-inner\"  >\n\t\t\t\n\t\t\t\n\n\n\t\t<\/div>\n\t\t\t\t\t<\/div>\n\n\t\n\n\t<div id=\"col-2004182794\" class=\"col medium-10 small-12 large-10\"  >\n\t\t\t\t<div class=\"col-inner\"  >\n\t\t\t\n\t\t\t\n\n<p class=\"lead shortcode-error text-center\">Sorry, no pages was found<\/p>\n  \n    <div class=\"row large-columns-4 medium-columns-3 small-columns-2\" >\n  <\/div>\n\n\n\t\t<\/div>\n\t\t\t\t\t<\/div>\n\n\t\n\n\t<div id=\"col-1135946814\" class=\"col hide-for-small medium-1 small-12 large-1\"  >\n\t\t\t\t<div class=\"col-inner\"  >\n\t\t\t\n\t\t\t\n\n\n\t\t<\/div>\n\t\t\t\t\t<\/div>\n\n\t\n\n<\/div>\n<div class=\"row\"  id=\"row-640251860\">\n\n\n\t<div id=\"col-21734872\" class=\"col hide-for-small medium-1 small-12 large-1\"  >\n\t\t\t\t<div class=\"col-inner\"  >\n\t\t\t\n\t\t\t\n\n\n\t\t<\/div>\n\t\t\t\t\t<\/div>\n\n\t\n\n\t<div id=\"col-1221978560\" class=\"col medium-3 small-12 large-3\"  >\n\t\t\t\t<div class=\"col-inner\" style=\"background-color:#00adbb;\" >\n\t\t\t\n\t\t\t\n\n\t<div id=\"text-2443675955\" class=\"text\">\n\t\t\n\n<h3 style=\"font-family:poppins\" ;=\"\" text-align:=\"\" left;\"=\"\">RACCONTACI LA TUA STORIA<\/h3>\n\t\t\n<style>\n#text-2443675955 {\n  font-size: 1.35rem;\n  line-height: 1.3;\n  text-align: left;\n  color: rgb(255,255,255);\n}\n#text-2443675955 > * {\n  color: rgb(255,255,255);\n}\n<\/style>\n\t<\/div>\n\t\n\n\t\t<\/div>\n\t\t\t\t\n<style>\n#col-1221978560 > .col-inner {\n  padding: 5px 0px 0px 10px;\n}\n<\/style>\n\t<\/div>\n\n\t\n\n\t<div id=\"col-8247938\" class=\"col medium-8 small-12 large-8\"  >\n\t\t\t\t<div class=\"col-inner\"  >\n\t\t\t\n\t\t\t\n\n<div class=\"is-divider divider clearfix\" style=\"max-width:900px;height:2px;background-color:rgb(0, 173, 187);\"><\/div>\n\n\n\t\t<\/div>\n\t\t\t\t\t<\/div>\n\n\t\n\n<\/div>\n<div class=\"row\"  id=\"row-114192719\">\n\n\n\t<div id=\"col-945266128\" class=\"col hide-for-small medium-1 small-12 large-1\"  >\n\t\t\t\t<div class=\"col-inner\"  >\n\t\t\t\n\t\t\t\n\n\n\t\t<\/div>\n\t\t\t\t\t<\/div>\n\n\t\n\n\t<div id=\"col-2034153513\" class=\"col medium-10 small-12 large-10\"  >\n\t\t\t\t<div class=\"col-inner\"  >\n\t\t\t\n\t\t\t\n\n\t<div id=\"text-2105641621\" class=\"text\">\n\t\t\n\n<p><em>\u201cMy Perfect Place\u201d | Ed. Studiowiki S.r.l. |&nbsp;Via dei Vegerio 6\/6B \u2013 17100 Savona, Italy |&nbsp;Reg. c\/o Tribunale di SV N\u00b0 426\/22 | Direttore responsabile: Emmanuele Gerboni | T +39 019.2054914 | visitfinaleligure.it<\/em><\/p>\n\t\t\n<style>\n#text-2105641621 {\n  text-align: left;\n}\n<\/style>\n\t<\/div>\n\t\n\n\t\t<\/div>\n\t\t\t\t\t<\/div>\n\n\t\n\n\t<div id=\"col-576414455\" class=\"col hide-for-small medium-1 small-12 large-1\"  >\n\t\t\t\t<div class=\"col-inner\"  >\n\t\t\t\n\t\t\t\n\n\n\t\t<\/div>\n\t\t\t\t\t<\/div>\n\n\t\n\n<\/div>\n\n","protected":false},"excerpt":{"rendered":"","protected":false},"author":16,"featured_media":0,"parent":14457,"menu_order":0,"comment_status":"closed","ping_status":"closed","template":"page-blank.php","meta":{"footnotes":""},"class_list":["post-16841","page","type-page","status-publish","hentry"],"yoast_head":"<!-- This site is optimized with the Yoast SEO plugin v27.3 - https:\/\/yoast.com\/product\/yoast-seo-wordpress\/ -->\n<title>My Perfect Place | Die Zeitschrift - September 2025 - Visit Finale Ligure<\/title>\n<meta name=\"robots\" content=\"index, follow, max-snippet:-1, max-image-preview:large, max-video-preview:-1\" \/>\n<link rel=\"canonical\" href=\"https:\/\/visitfinaleligure.it\/de\/my-perfect-place-the-magazine\/my-perfect-place-die-zeitschrift-september-2025\/\" \/>\n<meta property=\"og:locale\" content=\"de_DE\" \/>\n<meta property=\"og:type\" content=\"article\" \/>\n<meta property=\"og:title\" content=\"My Perfect Place | Die Zeitschrift - September 2025 - Visit Finale Ligure\" \/>\n<meta property=\"og:url\" content=\"https:\/\/visitfinaleligure.it\/de\/my-perfect-place-the-magazine\/my-perfect-place-die-zeitschrift-september-2025\/\" \/>\n<meta property=\"og:site_name\" content=\"Visit Finale Ligure\" \/>\n<meta property=\"article:publisher\" content=\"https:\/\/www.facebook.com\/VisitFinaleLigure\" \/>\n<meta property=\"article:modified_time\" content=\"2026-01-16T18:25:50+00:00\" \/>\n<meta property=\"og:image\" content=\"https:\/\/visitfinaleligure.it\/wp-content\/uploads\/2023\/03\/Capo-caprazoppa-1-1.jpg\" \/>\n\t<meta property=\"og:image:width\" content=\"2500\" \/>\n\t<meta property=\"og:image:height\" content=\"1405\" \/>\n\t<meta property=\"og:image:type\" content=\"image\/jpeg\" \/>\n<meta name=\"twitter:card\" content=\"summary_large_image\" \/>\n<meta name=\"twitter:label1\" content=\"Gesch\u00e4tzte Lesezeit\" \/>\n\t<meta name=\"twitter:data1\" content=\"4\u00a0Minuten\" \/>\n<script type=\"application\/ld+json\" class=\"yoast-schema-graph\">{\"@context\":\"https:\\\/\\\/schema.org\",\"@graph\":[{\"@type\":\"WebPage\",\"@id\":\"https:\\\/\\\/visitfinaleligure.it\\\/de\\\/my-perfect-place-the-magazine\\\/my-perfect-place-die-zeitschrift-september-2025\\\/\",\"url\":\"https:\\\/\\\/visitfinaleligure.it\\\/de\\\/my-perfect-place-the-magazine\\\/my-perfect-place-die-zeitschrift-september-2025\\\/\",\"name\":\"My Perfect Place | Die Zeitschrift - September 2025 - Visit Finale Ligure\",\"isPartOf\":{\"@id\":\"https:\\\/\\\/visitfinaleligure.it\\\/de\\\/#website\"},\"datePublished\":\"2025-12-19T23:34:37+00:00\",\"dateModified\":\"2026-01-16T18:25:50+00:00\",\"breadcrumb\":{\"@id\":\"https:\\\/\\\/visitfinaleligure.it\\\/de\\\/my-perfect-place-the-magazine\\\/my-perfect-place-die-zeitschrift-september-2025\\\/#breadcrumb\"},\"inLanguage\":\"de\",\"potentialAction\":[{\"@type\":\"ReadAction\",\"target\":[\"https:\\\/\\\/visitfinaleligure.it\\\/de\\\/my-perfect-place-the-magazine\\\/my-perfect-place-die-zeitschrift-september-2025\\\/\"]}]},{\"@type\":\"BreadcrumbList\",\"@id\":\"https:\\\/\\\/visitfinaleligure.it\\\/de\\\/my-perfect-place-the-magazine\\\/my-perfect-place-die-zeitschrift-september-2025\\\/#breadcrumb\",\"itemListElement\":[{\"@type\":\"ListItem\",\"position\":1,\"name\":\"Home\",\"item\":\"https:\\\/\\\/visitfinaleligure.it\\\/de\\\/\"},{\"@type\":\"ListItem\",\"position\":2,\"name\":\"My Perfect Place | Die Zeitschrift\",\"item\":\"https:\\\/\\\/visitfinaleligure.it\\\/de\\\/my-perfect-place-the-magazine\\\/\"},{\"@type\":\"ListItem\",\"position\":3,\"name\":\"My Perfect Place | Die Zeitschrift &#8211; September 2025\"}]},{\"@type\":\"WebSite\",\"@id\":\"https:\\\/\\\/visitfinaleligure.it\\\/de\\\/#website\",\"url\":\"https:\\\/\\\/visitfinaleligure.it\\\/de\\\/\",\"name\":\"Visit Finale Ligure\",\"description\":\"My perfect place\",\"publisher\":{\"@id\":\"https:\\\/\\\/visitfinaleligure.it\\\/de\\\/#organization\"},\"potentialAction\":[{\"@type\":\"SearchAction\",\"target\":{\"@type\":\"EntryPoint\",\"urlTemplate\":\"https:\\\/\\\/visitfinaleligure.it\\\/de\\\/?s={search_term_string}\"},\"query-input\":{\"@type\":\"PropertyValueSpecification\",\"valueRequired\":true,\"valueName\":\"search_term_string\"}}],\"inLanguage\":\"de\"},{\"@type\":\"Organization\",\"@id\":\"https:\\\/\\\/visitfinaleligure.it\\\/de\\\/#organization\",\"name\":\"Comune di Finale Ligure\",\"url\":\"https:\\\/\\\/visitfinaleligure.it\\\/de\\\/\",\"logo\":{\"@type\":\"ImageObject\",\"inLanguage\":\"de\",\"@id\":\"https:\\\/\\\/visitfinaleligure.it\\\/de\\\/#\\\/schema\\\/logo\\\/image\\\/\",\"url\":\"https:\\\/\\\/visitfinaleligure.it\\\/wp-content\\\/uploads\\\/2023\\\/04\\\/cropped-finaleligure-verticale-positivo-200x200-1.png\",\"contentUrl\":\"https:\\\/\\\/visitfinaleligure.it\\\/wp-content\\\/uploads\\\/2023\\\/04\\\/cropped-finaleligure-verticale-positivo-200x200-1.png\",\"width\":512,\"height\":512,\"caption\":\"Comune di Finale Ligure\"},\"image\":{\"@id\":\"https:\\\/\\\/visitfinaleligure.it\\\/de\\\/#\\\/schema\\\/logo\\\/image\\\/\"},\"sameAs\":[\"https:\\\/\\\/www.facebook.com\\\/VisitFinaleLigure\",\"https:\\\/\\\/www.instagram.com\\\/visitfinale\\\/\",\"https:\\\/\\\/www.youtube.com\\\/channel\\\/UCLmoLfNmrAt9mSCll9egttw\"]}]}<\/script>\n<!-- \/ Yoast SEO plugin. -->","yoast_head_json":{"title":"My Perfect Place | Die Zeitschrift - September 2025 - Visit Finale Ligure","robots":{"index":"index","follow":"follow","max-snippet":"max-snippet:-1","max-image-preview":"max-image-preview:large","max-video-preview":"max-video-preview:-1"},"canonical":"https:\/\/visitfinaleligure.it\/de\/my-perfect-place-the-magazine\/my-perfect-place-die-zeitschrift-september-2025\/","og_locale":"de_DE","og_type":"article","og_title":"My Perfect Place | Die Zeitschrift - September 2025 - Visit Finale Ligure","og_url":"https:\/\/visitfinaleligure.it\/de\/my-perfect-place-the-magazine\/my-perfect-place-die-zeitschrift-september-2025\/","og_site_name":"Visit Finale Ligure","article_publisher":"https:\/\/www.facebook.com\/VisitFinaleLigure","article_modified_time":"2026-01-16T18:25:50+00:00","og_image":[{"width":2500,"height":1405,"url":"https:\/\/visitfinaleligure.it\/wp-content\/uploads\/2023\/03\/Capo-caprazoppa-1-1.jpg","type":"image\/jpeg"}],"twitter_card":"summary_large_image","twitter_misc":{"Gesch\u00e4tzte Lesezeit":"4\u00a0Minuten"},"schema":{"@context":"https:\/\/schema.org","@graph":[{"@type":"WebPage","@id":"https:\/\/visitfinaleligure.it\/de\/my-perfect-place-the-magazine\/my-perfect-place-die-zeitschrift-september-2025\/","url":"https:\/\/visitfinaleligure.it\/de\/my-perfect-place-the-magazine\/my-perfect-place-die-zeitschrift-september-2025\/","name":"My Perfect Place | Die Zeitschrift - September 2025 - Visit Finale Ligure","isPartOf":{"@id":"https:\/\/visitfinaleligure.it\/de\/#website"},"datePublished":"2025-12-19T23:34:37+00:00","dateModified":"2026-01-16T18:25:50+00:00","breadcrumb":{"@id":"https:\/\/visitfinaleligure.it\/de\/my-perfect-place-the-magazine\/my-perfect-place-die-zeitschrift-september-2025\/#breadcrumb"},"inLanguage":"de","potentialAction":[{"@type":"ReadAction","target":["https:\/\/visitfinaleligure.it\/de\/my-perfect-place-the-magazine\/my-perfect-place-die-zeitschrift-september-2025\/"]}]},{"@type":"BreadcrumbList","@id":"https:\/\/visitfinaleligure.it\/de\/my-perfect-place-the-magazine\/my-perfect-place-die-zeitschrift-september-2025\/#breadcrumb","itemListElement":[{"@type":"ListItem","position":1,"name":"Home","item":"https:\/\/visitfinaleligure.it\/de\/"},{"@type":"ListItem","position":2,"name":"My Perfect Place | Die Zeitschrift","item":"https:\/\/visitfinaleligure.it\/de\/my-perfect-place-the-magazine\/"},{"@type":"ListItem","position":3,"name":"My Perfect Place | Die Zeitschrift &#8211; September 2025"}]},{"@type":"WebSite","@id":"https:\/\/visitfinaleligure.it\/de\/#website","url":"https:\/\/visitfinaleligure.it\/de\/","name":"Visit Finale Ligure","description":"My perfect place","publisher":{"@id":"https:\/\/visitfinaleligure.it\/de\/#organization"},"potentialAction":[{"@type":"SearchAction","target":{"@type":"EntryPoint","urlTemplate":"https:\/\/visitfinaleligure.it\/de\/?s={search_term_string}"},"query-input":{"@type":"PropertyValueSpecification","valueRequired":true,"valueName":"search_term_string"}}],"inLanguage":"de"},{"@type":"Organization","@id":"https:\/\/visitfinaleligure.it\/de\/#organization","name":"Comune di Finale Ligure","url":"https:\/\/visitfinaleligure.it\/de\/","logo":{"@type":"ImageObject","inLanguage":"de","@id":"https:\/\/visitfinaleligure.it\/de\/#\/schema\/logo\/image\/","url":"https:\/\/visitfinaleligure.it\/wp-content\/uploads\/2023\/04\/cropped-finaleligure-verticale-positivo-200x200-1.png","contentUrl":"https:\/\/visitfinaleligure.it\/wp-content\/uploads\/2023\/04\/cropped-finaleligure-verticale-positivo-200x200-1.png","width":512,"height":512,"caption":"Comune di Finale Ligure"},"image":{"@id":"https:\/\/visitfinaleligure.it\/de\/#\/schema\/logo\/image\/"},"sameAs":["https:\/\/www.facebook.com\/VisitFinaleLigure","https:\/\/www.instagram.com\/visitfinale\/","https:\/\/www.youtube.com\/channel\/UCLmoLfNmrAt9mSCll9egttw"]}]}},"_links":{"self":[{"href":"https:\/\/visitfinaleligure.it\/de\/wp-json\/wp\/v2\/pages\/16841","targetHints":{"allow":["GET"]}}],"collection":[{"href":"https:\/\/visitfinaleligure.it\/de\/wp-json\/wp\/v2\/pages"}],"about":[{"href":"https:\/\/visitfinaleligure.it\/de\/wp-json\/wp\/v2\/types\/page"}],"author":[{"embeddable":true,"href":"https:\/\/visitfinaleligure.it\/de\/wp-json\/wp\/v2\/users\/16"}],"replies":[{"embeddable":true,"href":"https:\/\/visitfinaleligure.it\/de\/wp-json\/wp\/v2\/comments?post=16841"}],"version-history":[{"count":4,"href":"https:\/\/visitfinaleligure.it\/de\/wp-json\/wp\/v2\/pages\/16841\/revisions"}],"predecessor-version":[{"id":17100,"href":"https:\/\/visitfinaleligure.it\/de\/wp-json\/wp\/v2\/pages\/16841\/revisions\/17100"}],"up":[{"embeddable":true,"href":"https:\/\/visitfinaleligure.it\/de\/wp-json\/wp\/v2\/pages\/14457"}],"wp:attachment":[{"href":"https:\/\/visitfinaleligure.it\/de\/wp-json\/wp\/v2\/media?parent=16841"}],"curies":[{"name":"wp","href":"https:\/\/api.w.org\/{rel}","templated":true}]}}