{"id":17431,"date":"2023-02-01T15:51:52","date_gmt":"2023-02-01T14:51:52","guid":{"rendered":"https:\/\/visitfinaleligure.it\/le-manie\/"},"modified":"2026-02-04T11:52:38","modified_gmt":"2026-02-04T10:52:38","slug":"le-manie","status":"publish","type":"page","link":"https:\/\/visitfinaleligure.it\/de\/die-ortschaften\/frazioni\/le-manie\/","title":{"rendered":"Le M\u00e0nie"},"content":{"rendered":"\n\n\t<section class=\"section\" id=\"section_1296949294\">\n\t\t<div class=\"section-bg fill\" >\n\t\t\t\t\t\t\t\t\t\n\t\t\t\n\n\t\t<\/div>\n\n\t\t\n\n\t\t<div class=\"section-content relative\">\n\t\t\t\n\n\t<div class=\"img has-hover x md-x lg-x y md-y lg-y\" id=\"image_944830843\">\n\t\t\t\t\t\t\t\t<div class=\"img-inner image-cover dark\" style=\"padding-top:40%;\">\n\t\t\t<img loading=\"lazy\" decoding=\"async\" width=\"1920\" height=\"1186\" src=\"https:\/\/visitfinaleligure.it\/wp-content\/uploads\/2023\/01\/manie-1920x1186-1.webp\" class=\"attachment-original size-original\" alt=\"Agriturismi Finale Ligure\" srcset=\"https:\/\/visitfinaleligure.it\/wp-content\/uploads\/2023\/01\/manie-1920x1186-1.webp 1920w, https:\/\/visitfinaleligure.it\/wp-content\/uploads\/2023\/01\/manie-1920x1186-1-300x185.webp 300w, https:\/\/visitfinaleligure.it\/wp-content\/uploads\/2023\/01\/manie-1920x1186-1-1024x633.webp 1024w, https:\/\/visitfinaleligure.it\/wp-content\/uploads\/2023\/01\/manie-1920x1186-1-768x474.webp 768w, https:\/\/visitfinaleligure.it\/wp-content\/uploads\/2023\/01\/manie-1920x1186-1-1536x949.webp 1536w\" sizes=\"auto, (max-width: 1920px) 100vw, 1920px\" \/>\t\t\t\t\t\t\n\t\t\t\t\t<\/div>\n\t\t\t\t\t\t\t\t\n<style>\n#image_944830843 {\n  width: 100%;\n}\n<\/style>\n\t<\/div>\n\t\n\n\n\t\t<\/div>\n\n\t\t\n<style>\n#section_1296949294 {\n  padding-top: 30px;\n  padding-bottom: 30px;\n}\n<\/style>\n\t<\/section>\n\t\n\n\t<section class=\"section\" id=\"section_263103388\">\n\t\t<div class=\"section-bg fill\" >\n\t\t\t\t\t\t\t\t\t\n\t\t\t\n\n\t\t<\/div>\n\n\t\t\n\n\t\t<div class=\"section-content relative\">\n\t\t\t\n\n<div class=\"row align-middle\"  id=\"row-1125201600\">\n\n\n\t<div id=\"col-181998786\" class=\"col hide-for-small medium-1 small-12 large-1\"  >\n\t\t\t\t<div class=\"col-inner\"  >\n\t\t\t\n\t\t\t\n\n\n\t\t<\/div>\n\t\t\t\t\t<\/div>\n\n\t\n\n\t<div id=\"col-865337845\" class=\"col medium-10 small-12 large-10\"  >\n\t\t\t\t<div class=\"col-inner text-left\"  >\n\t\t\t\n\t\t\t\n\n\t<div id=\"text-3745384780\" class=\"text\">\n\t\t\n\n<h1 class=\"testi-titolo\">Altopiano de Le Manie<br><\/h1>\n\t\t\n<style>\n#text-3745384780 {\n  color: rgb(0,0,0);\n}\n#text-3745384780 > * {\n  color: rgb(0,0,0);\n}\n<\/style>\n\t<\/div>\n\t\n\n\t\t<\/div>\n\t\t\t\t\n<style>\n#col-865337845 > .col-inner {\n  margin: 0px 0px 0px 0px;\n}\n@media (min-width:550px) {\n  #col-865337845 > .col-inner {\n    margin: 0px 0px 0px 0px;\n  }\n}\n<\/style>\n\t<\/div>\n\n\t\n\n\t<div id=\"col-266014882\" class=\"col hide-for-small medium-1 small-12 large-1\"  >\n\t\t\t\t<div class=\"col-inner\"  >\n\t\t\t\n\t\t\t\n\n\n\t\t<\/div>\n\t\t\t\t\t<\/div>\n\n\t\n\n\n<style>\n#row-1125201600 > .col > .col-inner {\n  padding: 0px 0px 0px 0px;\n}\n@media (min-width:550px) {\n  #row-1125201600 > .col > .col-inner {\n    padding: 0px 0px 0px 0px;\n  }\n}\n<\/style>\n<\/div>\n<div class=\"row\"  id=\"row-774045224\">\n\n\n\t<div id=\"col-1423455368\" class=\"col hide-for-small medium-1 small-12 large-1\"  >\n\t\t\t\t<div class=\"col-inner text-left\"  >\n\t\t\t\n\t\t\t\n\n\n\t\t<\/div>\n\t\t\t\t\n<style>\n#col-1423455368 > .col-inner {\n  margin: 0px 0px 0px 0px;\n}\n<\/style>\n\t<\/div>\n\n\t\n\n\t<div id=\"col-1295351900\" class=\"col medium-10 small-12 large-10\"  >\n\t\t\t\t<div class=\"col-inner text-left\"  >\n\t\t\t\n\t\t\t\n\n<div class=\"row\"  id=\"row-1970597774\">\n\n\n\t<div id=\"col-1590134450\" class=\"col medium-12 small-12 large-7\"  >\n\t\t\t\t<div class=\"col-inner\"  >\n\t\t\t\n\t\t\t\n\n<p>Ein gro\u00dfes Karstgebiet zwischen Arch\u00e4ologie, Natur und Landschaft.<\/p>\n<p>Die Hochebene von <strong>Le Manie<\/strong> ist aufgrund ihrer Karsterscheinungen <strong>landschaftlich und geologisch gesehen eines der interessantesten Gebiete Liguriens.<\/strong><\/p>\n<p>Die zahlreichen Wanderwege, die sich \u00fcber die Hochebene erstrecken, sind zu einem Paradies f\u00fcr Biker aus aller Welt geworden. Vor allem die R\u00e4nder der Hochebene, die die Bucht von Varigotti \u00fcberragen, bieten atemberaubende Ausblicke von den steilen Felsw\u00e4nden, die wie durch Zauberei \u00fcber dem Meer schweben.<br>Die heutige Landschaft ist gepr\u00e4gt von mediterraner Macchia und Steineichenw\u00e4ldern, w\u00e4hrend wundersch\u00f6ne Weinberge ausgezeichnete Weine hervorbringen. <\/p>\n<p>Dieses Gebiet ist aber auch wegen seiner arch\u00e4ologischen Funde von Bedeutung. Aus dem pleistoz\u00e4nen Ton in Terre Rosse und La Briga sowie aus der <strong>Caverna delle Fate<\/strong> mit Blick auf das Val Sciusa wurden vor 350.000 Jahren entstandene Steinwerkzeuge gefunden, die auf den <em>Homo heidelbergensis<\/em> zur\u00fcckzuf\u00fchren sind, die \u00e4lteste menschliche Spezies, die das Gebiet um Finale bewohnt hat<em>.<\/em> <\/p>\n<p>Aus derselben H\u00f6hle und aus den pal\u00e4olithischen Fundst\u00e4tten in <strong>Arma delle M\u00e0nie<\/strong> stammen wichtige Skelettreste und zahlreiche Fundst\u00fccke aus der Musteriensiedlung, die auf die Anwesenheit des Neandertalers zur\u00fcckzuf\u00fchren sind.<\/p>\n<h2>DIE H\u00d6HLE DER FEEN<\/strong><\/h2>\n<p>Neben zahlreichen Funden, die auf die Anwesenheit des Homo Heidelbergensis in der Region Finale hinweisen, ist die H\u00f6hle f\u00fcr die italienische Vorgeschichte besonders wichtig, da aus Schichten, die auf ein Alter von etwa 70.000 Jahren datiert werden k\u00f6nnen, 16 fragmentarische Knochenfunde stammen, die dem Neandertaler zuzuordnen sind.<\/p>\n<h2>L&#8217;ARMA DELLE MANIE<\/h2>\n<p>Es handelt sich um eine der eindrucksvollsten pr\u00e4historischen Ausgrabungsst\u00e4tten im Gebiet von Finale. Das gro\u00dfe Steingew\u00f6lbe, das schon von<br>weitem auf der Hochebene Altopiano delle M\u00e0nie zu sehen ist, birgt eine Reihe arch\u00e4ologischer Schichten, die die Anwesenheit<br>des Menschen zwischen der Altsteinzeit und der Jungsteinzeit dokumentieren. Besonders bedeutend sind die Schichten aus der mittleren Altsteinzeit, als die H\u00f6hle von Neandertalern genutzt wurde.  <\/p>\n<p>Schlie\u00dflich wurde auf der sanften Hochebene von Isasco mit Blick auf das Meer oberhalb von Varigotti eine Nekropole aus der R\u00f6merzeit mit Gr\u00e4bern aus dem 1. bis 7. Jahrhundert n. Chr. entdeckt.<\/p>\n<p>Die pr\u00e4historischen Fundst\u00fccke und Grabbeigaben der r\u00f6mischen Nekropole sind im <strong>Arch\u00e4ologischen Museum<\/strong> von Finale in Finalborgo ausgestellt.<\/p>\n\n\n\t\t<\/div>\n\t\t\t\t\t<\/div>\n\n\t\n\n\t<div id=\"col-165147543\" class=\"col medium-12 small-12 large-5\"  >\n\t\t\t\t<div class=\"col-inner\"  >\n\t\t\t\n\t\t\t\n\n<p><\/p>\n\n\t\t<\/div>\n\t\t\t\t\t<\/div>\n\n\t\n\n<\/div>\n<div class=\"nav-wrapper\"><ul class=\"nav nav-uppercase nav-horizontal nav-line-bottom text-center nav-center\"><p class=\"lead shortcode-error text-center\">Sorry, no pages was found<\/p><\/ul><\/div>\n\n\n\t\t<\/div>\n\t\t\t\t\n<style>\n#col-1295351900 > .col-inner {\n  margin: -30px 0px 0px 0px;\n}\n<\/style>\n\t<\/div>\n\n\t\n\n\t<div id=\"col-1373931915\" class=\"col hide-for-small medium-1 small-7 large-1\"  >\n\t\t\t\t<div class=\"col-inner text-left\"  >\n\t\t\t\n\t\t\t\n\n\n\t\t<\/div>\n\t\t\t\t\n<style>\n#col-1373931915 > .col-inner {\n  margin: 0px 0px 0px 0px;\n}\n<\/style>\n\t<\/div>\n\n\t\n\n<\/div>\n\n\t\t<\/div>\n\n\t\t\n<style>\n#section_263103388 {\n  padding-top: 0px;\n  padding-bottom: 0px;\n}\n<\/style>\n\t<\/section>\n\t\n\n","protected":false},"excerpt":{"rendered":"","protected":false},"author":2,"featured_media":5739,"parent":17463,"menu_order":0,"comment_status":"closed","ping_status":"closed","template":"page-blank.php","meta":{"footnotes":""},"class_list":["post-17431","page","type-page","status-publish","has-post-thumbnail","hentry"],"yoast_head":"<!-- This site is optimized with the Yoast SEO plugin v27.3 - https:\/\/yoast.com\/product\/yoast-seo-wordpress\/ -->\n<title>Le M\u00e0nie - Visit Finale Ligure<\/title>\n<meta name=\"robots\" content=\"index, follow, max-snippet:-1, max-image-preview:large, max-video-preview:-1\" \/>\n<link rel=\"canonical\" href=\"https:\/\/visitfinaleligure.it\/de\/die-ortschaften\/frazioni\/le-manie\/\" \/>\n<meta property=\"og:locale\" content=\"de_DE\" \/>\n<meta property=\"og:type\" content=\"article\" \/>\n<meta property=\"og:title\" content=\"Le M\u00e0nie - Visit Finale Ligure\" \/>\n<meta property=\"og:url\" content=\"https:\/\/visitfinaleligure.it\/de\/die-ortschaften\/frazioni\/le-manie\/\" \/>\n<meta property=\"og:site_name\" content=\"Visit Finale Ligure\" \/>\n<meta property=\"article:publisher\" content=\"https:\/\/www.facebook.com\/VisitFinaleLigure\" \/>\n<meta property=\"article:modified_time\" content=\"2026-02-04T10:52:38+00:00\" \/>\n<meta property=\"og:image\" content=\"https:\/\/visitfinaleligure.it\/wp-content\/uploads\/2023\/01\/manie-1920x1186-1.webp\" \/>\n\t<meta property=\"og:image:width\" content=\"1920\" \/>\n\t<meta property=\"og:image:height\" content=\"1186\" \/>\n\t<meta property=\"og:image:type\" content=\"image\/webp\" \/>\n<meta name=\"twitter:card\" content=\"summary_large_image\" \/>\n<meta name=\"twitter:label1\" content=\"Gesch\u00e4tzte Lesezeit\" \/>\n\t<meta name=\"twitter:data1\" content=\"3\u00a0Minuten\" \/>\n<script type=\"application\/ld+json\" class=\"yoast-schema-graph\">{\"@context\":\"https:\\\/\\\/schema.org\",\"@graph\":[{\"@type\":\"WebPage\",\"@id\":\"https:\\\/\\\/visitfinaleligure.it\\\/de\\\/die-ortschaften\\\/frazioni\\\/le-manie\\\/\",\"url\":\"https:\\\/\\\/visitfinaleligure.it\\\/de\\\/die-ortschaften\\\/frazioni\\\/le-manie\\\/\",\"name\":\"Le M\u00e0nie - Visit Finale Ligure\",\"isPartOf\":{\"@id\":\"https:\\\/\\\/visitfinaleligure.it\\\/de\\\/#website\"},\"primaryImageOfPage\":{\"@id\":\"https:\\\/\\\/visitfinaleligure.it\\\/de\\\/die-ortschaften\\\/frazioni\\\/le-manie\\\/#primaryimage\"},\"image\":{\"@id\":\"https:\\\/\\\/visitfinaleligure.it\\\/de\\\/die-ortschaften\\\/frazioni\\\/le-manie\\\/#primaryimage\"},\"thumbnailUrl\":\"https:\\\/\\\/visitfinaleligure.it\\\/wp-content\\\/uploads\\\/2023\\\/01\\\/manie-1920x1186-1.webp\",\"datePublished\":\"2023-02-01T14:51:52+00:00\",\"dateModified\":\"2026-02-04T10:52:38+00:00\",\"breadcrumb\":{\"@id\":\"https:\\\/\\\/visitfinaleligure.it\\\/de\\\/die-ortschaften\\\/frazioni\\\/le-manie\\\/#breadcrumb\"},\"inLanguage\":\"de\",\"potentialAction\":[{\"@type\":\"ReadAction\",\"target\":[\"https:\\\/\\\/visitfinaleligure.it\\\/de\\\/die-ortschaften\\\/frazioni\\\/le-manie\\\/\"]}]},{\"@type\":\"ImageObject\",\"inLanguage\":\"de\",\"@id\":\"https:\\\/\\\/visitfinaleligure.it\\\/de\\\/die-ortschaften\\\/frazioni\\\/le-manie\\\/#primaryimage\",\"url\":\"https:\\\/\\\/visitfinaleligure.it\\\/wp-content\\\/uploads\\\/2023\\\/01\\\/manie-1920x1186-1.webp\",\"contentUrl\":\"https:\\\/\\\/visitfinaleligure.it\\\/wp-content\\\/uploads\\\/2023\\\/01\\\/manie-1920x1186-1.webp\",\"width\":1920,\"height\":1186,\"caption\":\"Agriturismi Finale Ligure\"},{\"@type\":\"BreadcrumbList\",\"@id\":\"https:\\\/\\\/visitfinaleligure.it\\\/de\\\/die-ortschaften\\\/frazioni\\\/le-manie\\\/#breadcrumb\",\"itemListElement\":[{\"@type\":\"ListItem\",\"position\":1,\"name\":\"Home\",\"item\":\"https:\\\/\\\/visitfinaleligure.it\\\/de\\\/\"},{\"@type\":\"ListItem\",\"position\":2,\"name\":\"Die Ortschaften\",\"item\":\"https:\\\/\\\/visitfinaleligure.it\\\/de\\\/die-ortschaften\\\/\"},{\"@type\":\"ListItem\",\"position\":3,\"name\":\"Frazioni\",\"item\":\"https:\\\/\\\/visitfinaleligure.it\\\/de\\\/die-ortschaften\\\/frazioni\\\/\"},{\"@type\":\"ListItem\",\"position\":4,\"name\":\"Le M\u00e0nie\"}]},{\"@type\":\"WebSite\",\"@id\":\"https:\\\/\\\/visitfinaleligure.it\\\/de\\\/#website\",\"url\":\"https:\\\/\\\/visitfinaleligure.it\\\/de\\\/\",\"name\":\"Visit Finale Ligure\",\"description\":\"My perfect place\",\"publisher\":{\"@id\":\"https:\\\/\\\/visitfinaleligure.it\\\/de\\\/#organization\"},\"potentialAction\":[{\"@type\":\"SearchAction\",\"target\":{\"@type\":\"EntryPoint\",\"urlTemplate\":\"https:\\\/\\\/visitfinaleligure.it\\\/de\\\/?s={search_term_string}\"},\"query-input\":{\"@type\":\"PropertyValueSpecification\",\"valueRequired\":true,\"valueName\":\"search_term_string\"}}],\"inLanguage\":\"de\"},{\"@type\":\"Organization\",\"@id\":\"https:\\\/\\\/visitfinaleligure.it\\\/de\\\/#organization\",\"name\":\"Comune di Finale Ligure\",\"url\":\"https:\\\/\\\/visitfinaleligure.it\\\/de\\\/\",\"logo\":{\"@type\":\"ImageObject\",\"inLanguage\":\"de\",\"@id\":\"https:\\\/\\\/visitfinaleligure.it\\\/de\\\/#\\\/schema\\\/logo\\\/image\\\/\",\"url\":\"https:\\\/\\\/visitfinaleligure.it\\\/wp-content\\\/uploads\\\/2023\\\/04\\\/cropped-finaleligure-verticale-positivo-200x200-1.png\",\"contentUrl\":\"https:\\\/\\\/visitfinaleligure.it\\\/wp-content\\\/uploads\\\/2023\\\/04\\\/cropped-finaleligure-verticale-positivo-200x200-1.png\",\"width\":512,\"height\":512,\"caption\":\"Comune di Finale Ligure\"},\"image\":{\"@id\":\"https:\\\/\\\/visitfinaleligure.it\\\/de\\\/#\\\/schema\\\/logo\\\/image\\\/\"},\"sameAs\":[\"https:\\\/\\\/www.facebook.com\\\/VisitFinaleLigure\",\"https:\\\/\\\/www.instagram.com\\\/visitfinale\\\/\",\"https:\\\/\\\/www.youtube.com\\\/channel\\\/UCLmoLfNmrAt9mSCll9egttw\"]}]}<\/script>\n<!-- \/ Yoast SEO plugin. -->","yoast_head_json":{"title":"Le M\u00e0nie - Visit Finale Ligure","robots":{"index":"index","follow":"follow","max-snippet":"max-snippet:-1","max-image-preview":"max-image-preview:large","max-video-preview":"max-video-preview:-1"},"canonical":"https:\/\/visitfinaleligure.it\/de\/die-ortschaften\/frazioni\/le-manie\/","og_locale":"de_DE","og_type":"article","og_title":"Le M\u00e0nie - Visit Finale Ligure","og_url":"https:\/\/visitfinaleligure.it\/de\/die-ortschaften\/frazioni\/le-manie\/","og_site_name":"Visit Finale Ligure","article_publisher":"https:\/\/www.facebook.com\/VisitFinaleLigure","article_modified_time":"2026-02-04T10:52:38+00:00","og_image":[{"width":1920,"height":1186,"url":"https:\/\/visitfinaleligure.it\/wp-content\/uploads\/2023\/01\/manie-1920x1186-1.webp","type":"image\/webp"}],"twitter_card":"summary_large_image","twitter_misc":{"Gesch\u00e4tzte Lesezeit":"3\u00a0Minuten"},"schema":{"@context":"https:\/\/schema.org","@graph":[{"@type":"WebPage","@id":"https:\/\/visitfinaleligure.it\/de\/die-ortschaften\/frazioni\/le-manie\/","url":"https:\/\/visitfinaleligure.it\/de\/die-ortschaften\/frazioni\/le-manie\/","name":"Le M\u00e0nie - Visit Finale Ligure","isPartOf":{"@id":"https:\/\/visitfinaleligure.it\/de\/#website"},"primaryImageOfPage":{"@id":"https:\/\/visitfinaleligure.it\/de\/die-ortschaften\/frazioni\/le-manie\/#primaryimage"},"image":{"@id":"https:\/\/visitfinaleligure.it\/de\/die-ortschaften\/frazioni\/le-manie\/#primaryimage"},"thumbnailUrl":"https:\/\/visitfinaleligure.it\/wp-content\/uploads\/2023\/01\/manie-1920x1186-1.webp","datePublished":"2023-02-01T14:51:52+00:00","dateModified":"2026-02-04T10:52:38+00:00","breadcrumb":{"@id":"https:\/\/visitfinaleligure.it\/de\/die-ortschaften\/frazioni\/le-manie\/#breadcrumb"},"inLanguage":"de","potentialAction":[{"@type":"ReadAction","target":["https:\/\/visitfinaleligure.it\/de\/die-ortschaften\/frazioni\/le-manie\/"]}]},{"@type":"ImageObject","inLanguage":"de","@id":"https:\/\/visitfinaleligure.it\/de\/die-ortschaften\/frazioni\/le-manie\/#primaryimage","url":"https:\/\/visitfinaleligure.it\/wp-content\/uploads\/2023\/01\/manie-1920x1186-1.webp","contentUrl":"https:\/\/visitfinaleligure.it\/wp-content\/uploads\/2023\/01\/manie-1920x1186-1.webp","width":1920,"height":1186,"caption":"Agriturismi Finale Ligure"},{"@type":"BreadcrumbList","@id":"https:\/\/visitfinaleligure.it\/de\/die-ortschaften\/frazioni\/le-manie\/#breadcrumb","itemListElement":[{"@type":"ListItem","position":1,"name":"Home","item":"https:\/\/visitfinaleligure.it\/de\/"},{"@type":"ListItem","position":2,"name":"Die Ortschaften","item":"https:\/\/visitfinaleligure.it\/de\/die-ortschaften\/"},{"@type":"ListItem","position":3,"name":"Frazioni","item":"https:\/\/visitfinaleligure.it\/de\/die-ortschaften\/frazioni\/"},{"@type":"ListItem","position":4,"name":"Le M\u00e0nie"}]},{"@type":"WebSite","@id":"https:\/\/visitfinaleligure.it\/de\/#website","url":"https:\/\/visitfinaleligure.it\/de\/","name":"Visit Finale Ligure","description":"My perfect place","publisher":{"@id":"https:\/\/visitfinaleligure.it\/de\/#organization"},"potentialAction":[{"@type":"SearchAction","target":{"@type":"EntryPoint","urlTemplate":"https:\/\/visitfinaleligure.it\/de\/?s={search_term_string}"},"query-input":{"@type":"PropertyValueSpecification","valueRequired":true,"valueName":"search_term_string"}}],"inLanguage":"de"},{"@type":"Organization","@id":"https:\/\/visitfinaleligure.it\/de\/#organization","name":"Comune di Finale Ligure","url":"https:\/\/visitfinaleligure.it\/de\/","logo":{"@type":"ImageObject","inLanguage":"de","@id":"https:\/\/visitfinaleligure.it\/de\/#\/schema\/logo\/image\/","url":"https:\/\/visitfinaleligure.it\/wp-content\/uploads\/2023\/04\/cropped-finaleligure-verticale-positivo-200x200-1.png","contentUrl":"https:\/\/visitfinaleligure.it\/wp-content\/uploads\/2023\/04\/cropped-finaleligure-verticale-positivo-200x200-1.png","width":512,"height":512,"caption":"Comune di Finale Ligure"},"image":{"@id":"https:\/\/visitfinaleligure.it\/de\/#\/schema\/logo\/image\/"},"sameAs":["https:\/\/www.facebook.com\/VisitFinaleLigure","https:\/\/www.instagram.com\/visitfinale\/","https:\/\/www.youtube.com\/channel\/UCLmoLfNmrAt9mSCll9egttw"]}]}},"_links":{"self":[{"href":"https:\/\/visitfinaleligure.it\/de\/wp-json\/wp\/v2\/pages\/17431","targetHints":{"allow":["GET"]}}],"collection":[{"href":"https:\/\/visitfinaleligure.it\/de\/wp-json\/wp\/v2\/pages"}],"about":[{"href":"https:\/\/visitfinaleligure.it\/de\/wp-json\/wp\/v2\/types\/page"}],"author":[{"embeddable":true,"href":"https:\/\/visitfinaleligure.it\/de\/wp-json\/wp\/v2\/users\/2"}],"replies":[{"embeddable":true,"href":"https:\/\/visitfinaleligure.it\/de\/wp-json\/wp\/v2\/comments?post=17431"}],"version-history":[{"count":3,"href":"https:\/\/visitfinaleligure.it\/de\/wp-json\/wp\/v2\/pages\/17431\/revisions"}],"predecessor-version":[{"id":17434,"href":"https:\/\/visitfinaleligure.it\/de\/wp-json\/wp\/v2\/pages\/17431\/revisions\/17434"}],"up":[{"embeddable":true,"href":"https:\/\/visitfinaleligure.it\/de\/wp-json\/wp\/v2\/pages\/17463"}],"wp:featuredmedia":[{"embeddable":true,"href":"https:\/\/visitfinaleligure.it\/de\/wp-json\/wp\/v2\/media\/5739"}],"wp:attachment":[{"href":"https:\/\/visitfinaleligure.it\/de\/wp-json\/wp\/v2\/media?parent=17431"}],"curies":[{"name":"wp","href":"https:\/\/api.w.org\/{rel}","templated":true}]}}