{"id":17443,"date":"2023-02-01T16:13:34","date_gmt":"2023-02-01T15:13:34","guid":{"rendered":"https:\/\/visitfinaleligure.it\/perti\/"},"modified":"2026-02-04T11:52:38","modified_gmt":"2026-02-04T10:52:38","slug":"perti","status":"publish","type":"page","link":"https:\/\/visitfinaleligure.it\/de\/die-ortschaften\/frazioni\/perti\/","title":{"rendered":"Perti"},"content":{"rendered":"\n\n\t<section class=\"section\" id=\"section_883465692\">\n\t\t<div class=\"section-bg fill\" >\n\t\t\t\t\t\t\t\t\t\n\t\t\t\n\n\t\t<\/div>\n\n\t\t\n\n\t\t<div class=\"section-content relative\">\n\t\t\t\n\t<div class=\"img has-hover x md-x lg-x y md-y lg-y\" id=\"image_1213044601\">\n\t\t\t\t\t\t\t\t<div class=\"img-inner image-cover dark\" style=\"padding-top:40%;\">\n\t\t\t<img loading=\"lazy\" decoding=\"async\" width=\"2000\" height=\"1333\" src=\"https:\/\/visitfinaleligure.it\/wp-content\/uploads\/2023\/05\/PERTI-CHIESA-5-CAMPANILI-FOTOSTUDIOLOVISOLO.jpg\" class=\"attachment-original size-original\" alt=\"\" srcset=\"https:\/\/visitfinaleligure.it\/wp-content\/uploads\/2023\/05\/PERTI-CHIESA-5-CAMPANILI-FOTOSTUDIOLOVISOLO.jpg 2000w, https:\/\/visitfinaleligure.it\/wp-content\/uploads\/2023\/05\/PERTI-CHIESA-5-CAMPANILI-FOTOSTUDIOLOVISOLO-300x200.jpg 300w, https:\/\/visitfinaleligure.it\/wp-content\/uploads\/2023\/05\/PERTI-CHIESA-5-CAMPANILI-FOTOSTUDIOLOVISOLO-1024x682.jpg 1024w, https:\/\/visitfinaleligure.it\/wp-content\/uploads\/2023\/05\/PERTI-CHIESA-5-CAMPANILI-FOTOSTUDIOLOVISOLO-768x512.jpg 768w, https:\/\/visitfinaleligure.it\/wp-content\/uploads\/2023\/05\/PERTI-CHIESA-5-CAMPANILI-FOTOSTUDIOLOVISOLO-1536x1024.jpg 1536w\" sizes=\"auto, (max-width: 2000px) 100vw, 2000px\" \/>\t\t\t\t\t\t\n\t\t\t\t\t<\/div>\n\t\t\t\t\t\t\t\t\n<style>\n#image_1213044601 {\n  width: 100%;\n}\n<\/style>\n\t<\/div>\n\t\n\t\t<\/div>\n\n\t\t\n<style>\n#section_883465692 {\n  padding-top: 30px;\n  padding-bottom: 30px;\n}\n<\/style>\n\t<\/section>\n\t\n\n\t<section class=\"section\" id=\"section_88966541\">\n\t\t<div class=\"section-bg fill\" >\n\t\t\t\t\t\t\t\t\t\n\t\t\t\n\n\t\t<\/div>\n\n\t\t\n\n\t\t<div class=\"section-content relative\">\n\t\t\t\n<div class=\"row align-middle\"  id=\"row-1910168175\">\n\n\t<div id=\"col-1807022235\" class=\"col hide-for-small medium-1 small-12 large-1\"  >\n\t\t\t\t<div class=\"col-inner\"  >\n\t\t\t\n\t\t\t\n\t\t<\/div>\n\t\t\t\t\t<\/div>\n\n\t\n\n\t<div id=\"col-693369162\" class=\"col medium-10 small-12 large-10\"  >\n\t\t\t\t<div class=\"col-inner text-left\"  >\n\t\t\t\n\t\t\t\n\t<div id=\"text-2265681874\" class=\"text\">\n\t\t\n<h1 class=\"testi-titolo\">\nPerti<\/p>\n<\/h1>\n\t\t\n<style>\n#text-2265681874 {\n  color: rgb(0,0,0);\n}\n#text-2265681874 > * {\n  color: rgb(0,0,0);\n}\n<\/style>\n\t<\/div>\n\t\n\t\t<\/div>\n\t\t\t\t\n<style>\n#col-693369162 > .col-inner {\n  margin: 0px 0px 0px 0px;\n}\n@media (min-width:550px) {\n  #col-693369162 > .col-inner {\n    margin: 0px 0px 0px 0px;\n  }\n}\n<\/style>\n\t<\/div>\n\n\t\n\n\t<div id=\"col-1725628387\" class=\"col hide-for-small medium-1 small-12 large-1\"  >\n\t\t\t\t<div class=\"col-inner\"  >\n\t\t\t\n\t\t\t\n\t\t<\/div>\n\t\t\t\t\t<\/div>\n\n\t\n\n<style>\n#row-1910168175 > .col > .col-inner {\n  padding: 0px 0px 0px 0px;\n}\n@media (min-width:550px) {\n  #row-1910168175 > .col > .col-inner {\n    padding: 0px 0px 0px 0px;\n  }\n}\n<\/style>\n<\/div>\n<div class=\"row\"  id=\"row-380924960\">\n\n\t<div id=\"col-2057438508\" class=\"col hide-for-small medium-1 small-12 large-1\"  >\n\t\t\t\t<div class=\"col-inner text-left\"  >\n\t\t\t\n\t\t\t\n\t\t<\/div>\n\t\t\t\t\n<style>\n#col-2057438508 > .col-inner {\n  margin: 0px 0px 0px 0px;\n}\n<\/style>\n\t<\/div>\n\n\t\n\n\t<div id=\"col-1268833904\" class=\"col medium-10 small-12 large-10\"  >\n\t\t\t\t<div class=\"col-inner text-left\"  >\n\t\t\t\n\t\t\t\n<div class=\"row\"  id=\"row-783544543\">\n\n\t<div id=\"col-1301911085\" class=\"col medium-7 small-12 large-7\"  >\n\t\t\t\t<div class=\"col-inner\"  >\n\t\t\t\n\t\t\t\n<p>Das Gebiet von Perti entlang des Bergr\u00fcckens, der die T\u00e4ler Pora und Aquila <strong>hinter Finalborgo<\/strong> voneinander trennt, ist eine der landschaftlich reizvollsten und geschichtstr\u00e4chtigsten Gegenden von Finalborgo.<\/span><\/p>\n<p style=\"background: white\"><span style=\"font-family: Poppins;color: #575556\">Die hohen Felsw\u00e4nde aus Pietra di Finale in den umliegenden T\u00e4lern, ein wahres <strong>Paradies f\u00fcr Freeclimber a<\/strong>us aller Welt, bilden die Kulisse f\u00fcr eine bezaubernde Naturlandschaft.<\/p>\n<h3>Spuren einer jahrhundertelangen menschlichen Pr\u00e4senz<\/h3>\n<p>Perti hat Spuren einer jahrhundertelangen und ununterbrochenen menschlichen Besiedlung seit der Altsteinzeit bewahrt. Die Menschen der Jungsteinzeit frequentierten die <strong>Grotta della Pollera in Montesordo<\/strong> und die zahlreichen H\u00f6hlen der Gegend, lebten aber auch in Freilichtd\u00f6rfern im Tal, w\u00e4hrend auf der Rocca di Perti eine Festungsanlage aus der Eisenzeit entdeckt wurde, die als <strong>\u201eil villaggio delle Anime<\/strong>\u201d (das Dorf der Seelen) bekannt ist. <\/p>\n<p>Zahlreiche<strong> arch\u00e4ologische Funde belegen a<\/strong>lte Kontakte zur Mittelmeerwelt und die Entwicklung der Siedlung in r\u00f6mischer Zeit, mit einer Nekropole, die sich am Westhang der Anh\u00f6he von Castel Gavone erstreckte.<\/p>\n<p><strong>Die zwischen dem 6. und 7. Jahrhundert n. Chr. erbaute Burg Sant\u2019Antonino <\/strong>war einer der Dreh- und Angelpunkte der Verteidigung des byzantinischen Liguriens und beherrschte von oben die T\u00e4ler, die den Zugang zur K\u00fcste erm\u00f6glichten.<\/p>\n<p>Aus dem 11. Jahrhundert stammen die romanischen <strong>Kirchen Sant&#8217;Eusebio<\/strong> und Sant&#8217;Antonino mit ihren eindrucksvollen, noch perfekt erhaltenen Krypten.<\/p>\n<p>Im Mittelalter wurde die Gegend zum Machtzentrum der Markgrafen Del Carretto, die ihren Sitz in <strong>Castel Gavone,<\/strong> ihrer pr\u00e4chtigen Festungsresidenz, hatten.<\/p>\n<p>Die Pr\u00e4senz dieser bedeutenden Adelsfamilie f\u00fchrte in der zweiten H\u00e4lfte des 15. Jahrhunderts zu pr\u00e4chtigen Beispielen der Renaissance-Architektur, die mit den Auftr\u00e4gen der Del Carretto in Verbindung stehen: die Kirche Nostra Signora di Loreto (oder \u201edei cinque campanili\u201c), der Turm mit dem pr\u00e4chtigen \u201ediamantf\u00f6rmigen\u201d Bossenwerk in Castel Gavone und die Kirche San Sebastiano im Talgrund des Pora.<\/p>\n\t\t<\/div>\n\t\t\t\t\t<\/div>\n\n\t\n\n\t<div id=\"col-955488056\" class=\"col medium-5 small-12 large-5\"  >\n\t\t\t\t<div class=\"col-inner\"  >\n\t\t\t\n\t\t\t\n<p><\/p>\n\t\t<\/div>\n\t\t\t\t\t<\/div>\n\n\t\n<\/div>\n<div class=\"nav-wrapper\"><ul class=\"nav nav-uppercase nav-horizontal nav-line-bottom text-center nav-center\"><p class=\"lead shortcode-error text-center\">Sorry, no pages was found<\/p><\/ul><\/div>\n\t\t<\/div>\n\t\t\t\t\n<style>\n#col-1268833904 > .col-inner {\n  margin: -30px 0px 0px 0px;\n}\n<\/style>\n\t<\/div>\n\n\t\n\n\t<div id=\"col-145524877\" class=\"col hide-for-small medium-1 small-7 large-1\"  >\n\t\t\t\t<div class=\"col-inner text-left\"  >\n\t\t\t\n\t\t\t\n\t\t<\/div>\n\t\t\t\t\n<style>\n#col-145524877 > .col-inner {\n  margin: 0px 0px 0px 0px;\n}\n<\/style>\n\t<\/div>\n\n\t\n<\/div>\n\t\t<\/div>\n\n\t\t\n<style>\n#section_88966541 {\n  padding-top: 0px;\n  padding-bottom: 0px;\n}\n<\/style>\n\t<\/section>\n\t\n","protected":false},"excerpt":{"rendered":"","protected":false},"author":2,"featured_media":8357,"parent":17463,"menu_order":0,"comment_status":"closed","ping_status":"closed","template":"page-blank.php","meta":{"footnotes":""},"class_list":["post-17443","page","type-page","status-publish","has-post-thumbnail","hentry"],"yoast_head":"<!-- This site is optimized with the Yoast SEO plugin v27.3 - https:\/\/yoast.com\/product\/yoast-seo-wordpress\/ -->\n<title>Perti - Visit Finale Ligure<\/title>\n<meta name=\"robots\" content=\"index, follow, max-snippet:-1, max-image-preview:large, max-video-preview:-1\" \/>\n<link rel=\"canonical\" href=\"https:\/\/visitfinaleligure.it\/de\/die-ortschaften\/frazioni\/perti\/\" \/>\n<meta property=\"og:locale\" content=\"de_DE\" \/>\n<meta property=\"og:type\" content=\"article\" \/>\n<meta property=\"og:title\" content=\"Perti - Visit Finale Ligure\" \/>\n<meta property=\"og:url\" content=\"https:\/\/visitfinaleligure.it\/de\/die-ortschaften\/frazioni\/perti\/\" \/>\n<meta property=\"og:site_name\" content=\"Visit Finale Ligure\" \/>\n<meta property=\"article:publisher\" content=\"https:\/\/www.facebook.com\/VisitFinaleLigure\" \/>\n<meta property=\"article:modified_time\" content=\"2026-02-04T10:52:38+00:00\" \/>\n<meta property=\"og:image\" content=\"https:\/\/visitfinaleligure.it\/wp-content\/uploads\/2023\/05\/PERTI-CHIESA-5-CAMPANILI-FOTOSTUDIOLOVISOLO-1024x682.jpg\" \/>\n\t<meta property=\"og:image:width\" content=\"1024\" \/>\n\t<meta property=\"og:image:height\" content=\"682\" \/>\n\t<meta property=\"og:image:type\" content=\"image\/jpeg\" \/>\n<meta name=\"twitter:card\" content=\"summary_large_image\" \/>\n<meta name=\"twitter:label1\" content=\"Gesch\u00e4tzte Lesezeit\" \/>\n\t<meta name=\"twitter:data1\" content=\"2\u00a0Minuten\" \/>\n<script type=\"application\/ld+json\" class=\"yoast-schema-graph\">{\"@context\":\"https:\\\/\\\/schema.org\",\"@graph\":[{\"@type\":\"WebPage\",\"@id\":\"https:\\\/\\\/visitfinaleligure.it\\\/de\\\/die-ortschaften\\\/frazioni\\\/perti\\\/\",\"url\":\"https:\\\/\\\/visitfinaleligure.it\\\/de\\\/die-ortschaften\\\/frazioni\\\/perti\\\/\",\"name\":\"Perti - Visit Finale Ligure\",\"isPartOf\":{\"@id\":\"https:\\\/\\\/visitfinaleligure.it\\\/de\\\/#website\"},\"primaryImageOfPage\":{\"@id\":\"https:\\\/\\\/visitfinaleligure.it\\\/de\\\/die-ortschaften\\\/frazioni\\\/perti\\\/#primaryimage\"},\"image\":{\"@id\":\"https:\\\/\\\/visitfinaleligure.it\\\/de\\\/die-ortschaften\\\/frazioni\\\/perti\\\/#primaryimage\"},\"thumbnailUrl\":\"https:\\\/\\\/visitfinaleligure.it\\\/wp-content\\\/uploads\\\/2023\\\/05\\\/PERTI-CHIESA-5-CAMPANILI-FOTOSTUDIOLOVISOLO.jpg\",\"datePublished\":\"2023-02-01T15:13:34+00:00\",\"dateModified\":\"2026-02-04T10:52:38+00:00\",\"breadcrumb\":{\"@id\":\"https:\\\/\\\/visitfinaleligure.it\\\/de\\\/die-ortschaften\\\/frazioni\\\/perti\\\/#breadcrumb\"},\"inLanguage\":\"de\",\"potentialAction\":[{\"@type\":\"ReadAction\",\"target\":[\"https:\\\/\\\/visitfinaleligure.it\\\/de\\\/die-ortschaften\\\/frazioni\\\/perti\\\/\"]}]},{\"@type\":\"ImageObject\",\"inLanguage\":\"de\",\"@id\":\"https:\\\/\\\/visitfinaleligure.it\\\/de\\\/die-ortschaften\\\/frazioni\\\/perti\\\/#primaryimage\",\"url\":\"https:\\\/\\\/visitfinaleligure.it\\\/wp-content\\\/uploads\\\/2023\\\/05\\\/PERTI-CHIESA-5-CAMPANILI-FOTOSTUDIOLOVISOLO.jpg\",\"contentUrl\":\"https:\\\/\\\/visitfinaleligure.it\\\/wp-content\\\/uploads\\\/2023\\\/05\\\/PERTI-CHIESA-5-CAMPANILI-FOTOSTUDIOLOVISOLO.jpg\",\"width\":2000,\"height\":1333},{\"@type\":\"BreadcrumbList\",\"@id\":\"https:\\\/\\\/visitfinaleligure.it\\\/de\\\/die-ortschaften\\\/frazioni\\\/perti\\\/#breadcrumb\",\"itemListElement\":[{\"@type\":\"ListItem\",\"position\":1,\"name\":\"Home\",\"item\":\"https:\\\/\\\/visitfinaleligure.it\\\/de\\\/\"},{\"@type\":\"ListItem\",\"position\":2,\"name\":\"Die Ortschaften\",\"item\":\"https:\\\/\\\/visitfinaleligure.it\\\/de\\\/die-ortschaften\\\/\"},{\"@type\":\"ListItem\",\"position\":3,\"name\":\"Frazioni\",\"item\":\"https:\\\/\\\/visitfinaleligure.it\\\/de\\\/die-ortschaften\\\/frazioni\\\/\"},{\"@type\":\"ListItem\",\"position\":4,\"name\":\"Perti\"}]},{\"@type\":\"WebSite\",\"@id\":\"https:\\\/\\\/visitfinaleligure.it\\\/de\\\/#website\",\"url\":\"https:\\\/\\\/visitfinaleligure.it\\\/de\\\/\",\"name\":\"Visit Finale Ligure\",\"description\":\"My perfect place\",\"publisher\":{\"@id\":\"https:\\\/\\\/visitfinaleligure.it\\\/de\\\/#organization\"},\"potentialAction\":[{\"@type\":\"SearchAction\",\"target\":{\"@type\":\"EntryPoint\",\"urlTemplate\":\"https:\\\/\\\/visitfinaleligure.it\\\/de\\\/?s={search_term_string}\"},\"query-input\":{\"@type\":\"PropertyValueSpecification\",\"valueRequired\":true,\"valueName\":\"search_term_string\"}}],\"inLanguage\":\"de\"},{\"@type\":\"Organization\",\"@id\":\"https:\\\/\\\/visitfinaleligure.it\\\/de\\\/#organization\",\"name\":\"Comune di Finale Ligure\",\"url\":\"https:\\\/\\\/visitfinaleligure.it\\\/de\\\/\",\"logo\":{\"@type\":\"ImageObject\",\"inLanguage\":\"de\",\"@id\":\"https:\\\/\\\/visitfinaleligure.it\\\/de\\\/#\\\/schema\\\/logo\\\/image\\\/\",\"url\":\"https:\\\/\\\/visitfinaleligure.it\\\/wp-content\\\/uploads\\\/2023\\\/04\\\/cropped-finaleligure-verticale-positivo-200x200-1.png\",\"contentUrl\":\"https:\\\/\\\/visitfinaleligure.it\\\/wp-content\\\/uploads\\\/2023\\\/04\\\/cropped-finaleligure-verticale-positivo-200x200-1.png\",\"width\":512,\"height\":512,\"caption\":\"Comune di Finale Ligure\"},\"image\":{\"@id\":\"https:\\\/\\\/visitfinaleligure.it\\\/de\\\/#\\\/schema\\\/logo\\\/image\\\/\"},\"sameAs\":[\"https:\\\/\\\/www.facebook.com\\\/VisitFinaleLigure\",\"https:\\\/\\\/www.instagram.com\\\/visitfinale\\\/\",\"https:\\\/\\\/www.youtube.com\\\/channel\\\/UCLmoLfNmrAt9mSCll9egttw\"]}]}<\/script>\n<!-- \/ Yoast SEO plugin. -->","yoast_head_json":{"title":"Perti - Visit Finale Ligure","robots":{"index":"index","follow":"follow","max-snippet":"max-snippet:-1","max-image-preview":"max-image-preview:large","max-video-preview":"max-video-preview:-1"},"canonical":"https:\/\/visitfinaleligure.it\/de\/die-ortschaften\/frazioni\/perti\/","og_locale":"de_DE","og_type":"article","og_title":"Perti - Visit Finale Ligure","og_url":"https:\/\/visitfinaleligure.it\/de\/die-ortschaften\/frazioni\/perti\/","og_site_name":"Visit Finale Ligure","article_publisher":"https:\/\/www.facebook.com\/VisitFinaleLigure","article_modified_time":"2026-02-04T10:52:38+00:00","og_image":[{"width":1024,"height":682,"url":"https:\/\/visitfinaleligure.it\/wp-content\/uploads\/2023\/05\/PERTI-CHIESA-5-CAMPANILI-FOTOSTUDIOLOVISOLO-1024x682.jpg","type":"image\/jpeg"}],"twitter_card":"summary_large_image","twitter_misc":{"Gesch\u00e4tzte Lesezeit":"2\u00a0Minuten"},"schema":{"@context":"https:\/\/schema.org","@graph":[{"@type":"WebPage","@id":"https:\/\/visitfinaleligure.it\/de\/die-ortschaften\/frazioni\/perti\/","url":"https:\/\/visitfinaleligure.it\/de\/die-ortschaften\/frazioni\/perti\/","name":"Perti - Visit Finale Ligure","isPartOf":{"@id":"https:\/\/visitfinaleligure.it\/de\/#website"},"primaryImageOfPage":{"@id":"https:\/\/visitfinaleligure.it\/de\/die-ortschaften\/frazioni\/perti\/#primaryimage"},"image":{"@id":"https:\/\/visitfinaleligure.it\/de\/die-ortschaften\/frazioni\/perti\/#primaryimage"},"thumbnailUrl":"https:\/\/visitfinaleligure.it\/wp-content\/uploads\/2023\/05\/PERTI-CHIESA-5-CAMPANILI-FOTOSTUDIOLOVISOLO.jpg","datePublished":"2023-02-01T15:13:34+00:00","dateModified":"2026-02-04T10:52:38+00:00","breadcrumb":{"@id":"https:\/\/visitfinaleligure.it\/de\/die-ortschaften\/frazioni\/perti\/#breadcrumb"},"inLanguage":"de","potentialAction":[{"@type":"ReadAction","target":["https:\/\/visitfinaleligure.it\/de\/die-ortschaften\/frazioni\/perti\/"]}]},{"@type":"ImageObject","inLanguage":"de","@id":"https:\/\/visitfinaleligure.it\/de\/die-ortschaften\/frazioni\/perti\/#primaryimage","url":"https:\/\/visitfinaleligure.it\/wp-content\/uploads\/2023\/05\/PERTI-CHIESA-5-CAMPANILI-FOTOSTUDIOLOVISOLO.jpg","contentUrl":"https:\/\/visitfinaleligure.it\/wp-content\/uploads\/2023\/05\/PERTI-CHIESA-5-CAMPANILI-FOTOSTUDIOLOVISOLO.jpg","width":2000,"height":1333},{"@type":"BreadcrumbList","@id":"https:\/\/visitfinaleligure.it\/de\/die-ortschaften\/frazioni\/perti\/#breadcrumb","itemListElement":[{"@type":"ListItem","position":1,"name":"Home","item":"https:\/\/visitfinaleligure.it\/de\/"},{"@type":"ListItem","position":2,"name":"Die Ortschaften","item":"https:\/\/visitfinaleligure.it\/de\/die-ortschaften\/"},{"@type":"ListItem","position":3,"name":"Frazioni","item":"https:\/\/visitfinaleligure.it\/de\/die-ortschaften\/frazioni\/"},{"@type":"ListItem","position":4,"name":"Perti"}]},{"@type":"WebSite","@id":"https:\/\/visitfinaleligure.it\/de\/#website","url":"https:\/\/visitfinaleligure.it\/de\/","name":"Visit Finale Ligure","description":"My perfect place","publisher":{"@id":"https:\/\/visitfinaleligure.it\/de\/#organization"},"potentialAction":[{"@type":"SearchAction","target":{"@type":"EntryPoint","urlTemplate":"https:\/\/visitfinaleligure.it\/de\/?s={search_term_string}"},"query-input":{"@type":"PropertyValueSpecification","valueRequired":true,"valueName":"search_term_string"}}],"inLanguage":"de"},{"@type":"Organization","@id":"https:\/\/visitfinaleligure.it\/de\/#organization","name":"Comune di Finale Ligure","url":"https:\/\/visitfinaleligure.it\/de\/","logo":{"@type":"ImageObject","inLanguage":"de","@id":"https:\/\/visitfinaleligure.it\/de\/#\/schema\/logo\/image\/","url":"https:\/\/visitfinaleligure.it\/wp-content\/uploads\/2023\/04\/cropped-finaleligure-verticale-positivo-200x200-1.png","contentUrl":"https:\/\/visitfinaleligure.it\/wp-content\/uploads\/2023\/04\/cropped-finaleligure-verticale-positivo-200x200-1.png","width":512,"height":512,"caption":"Comune di Finale Ligure"},"image":{"@id":"https:\/\/visitfinaleligure.it\/de\/#\/schema\/logo\/image\/"},"sameAs":["https:\/\/www.facebook.com\/VisitFinaleLigure","https:\/\/www.instagram.com\/visitfinale\/","https:\/\/www.youtube.com\/channel\/UCLmoLfNmrAt9mSCll9egttw"]}]}},"_links":{"self":[{"href":"https:\/\/visitfinaleligure.it\/de\/wp-json\/wp\/v2\/pages\/17443","targetHints":{"allow":["GET"]}}],"collection":[{"href":"https:\/\/visitfinaleligure.it\/de\/wp-json\/wp\/v2\/pages"}],"about":[{"href":"https:\/\/visitfinaleligure.it\/de\/wp-json\/wp\/v2\/types\/page"}],"author":[{"embeddable":true,"href":"https:\/\/visitfinaleligure.it\/de\/wp-json\/wp\/v2\/users\/2"}],"replies":[{"embeddable":true,"href":"https:\/\/visitfinaleligure.it\/de\/wp-json\/wp\/v2\/comments?post=17443"}],"version-history":[{"count":3,"href":"https:\/\/visitfinaleligure.it\/de\/wp-json\/wp\/v2\/pages\/17443\/revisions"}],"predecessor-version":[{"id":17446,"href":"https:\/\/visitfinaleligure.it\/de\/wp-json\/wp\/v2\/pages\/17443\/revisions\/17446"}],"up":[{"embeddable":true,"href":"https:\/\/visitfinaleligure.it\/de\/wp-json\/wp\/v2\/pages\/17463"}],"wp:featuredmedia":[{"embeddable":true,"href":"https:\/\/visitfinaleligure.it\/de\/wp-json\/wp\/v2\/media\/8357"}],"wp:attachment":[{"href":"https:\/\/visitfinaleligure.it\/de\/wp-json\/wp\/v2\/media?parent=17443"}],"curies":[{"name":"wp","href":"https:\/\/api.w.org\/{rel}","templated":true}]}}