{"id":17456,"date":"2023-02-01T15:35:30","date_gmt":"2023-02-01T14:35:30","guid":{"rendered":"https:\/\/visitfinaleligure.it\/calvisio\/"},"modified":"2026-02-04T11:52:38","modified_gmt":"2026-02-04T10:52:38","slug":"calvisio","status":"publish","type":"page","link":"https:\/\/visitfinaleligure.it\/de\/die-ortschaften\/frazioni\/calvisio\/","title":{"rendered":"Calvisio"},"content":{"rendered":"\n\n\t<section class=\"section\" id=\"section_431809650\">\n\t\t<div class=\"section-bg fill\" >\n\t\t\t\t\t\t\t\t\t\n\t\t\t\n\n\t\t<\/div>\n\n\t\t\n\n\t\t<div class=\"section-content relative\">\n\t\t\t\n\n\t<div class=\"img has-hover x md-x lg-x y md-y lg-y\" id=\"image_710174045\">\n\t\t\t\t\t\t\t\t<div class=\"img-inner image-cover dark\" style=\"padding-top:40%;\">\n\t\t\t<img loading=\"lazy\" decoding=\"async\" width=\"2500\" height=\"1668\" src=\"https:\/\/visitfinaleligure.it\/wp-content\/uploads\/2023\/03\/Chiesa-di-san-Cipriano_Calvisio_Finalpia-1-1.jpg\" class=\"attachment-original size-original\" alt=\"\" srcset=\"https:\/\/visitfinaleligure.it\/wp-content\/uploads\/2023\/03\/Chiesa-di-san-Cipriano_Calvisio_Finalpia-1-1.jpg 2500w, https:\/\/visitfinaleligure.it\/wp-content\/uploads\/2023\/03\/Chiesa-di-san-Cipriano_Calvisio_Finalpia-1-1-300x200.jpg 300w, https:\/\/visitfinaleligure.it\/wp-content\/uploads\/2023\/03\/Chiesa-di-san-Cipriano_Calvisio_Finalpia-1-1-1024x683.jpg 1024w, https:\/\/visitfinaleligure.it\/wp-content\/uploads\/2023\/03\/Chiesa-di-san-Cipriano_Calvisio_Finalpia-1-1-768x512.jpg 768w, https:\/\/visitfinaleligure.it\/wp-content\/uploads\/2023\/03\/Chiesa-di-san-Cipriano_Calvisio_Finalpia-1-1-1536x1025.jpg 1536w, https:\/\/visitfinaleligure.it\/wp-content\/uploads\/2023\/03\/Chiesa-di-san-Cipriano_Calvisio_Finalpia-1-1-2048x1366.jpg 2048w\" sizes=\"auto, (max-width: 2500px) 100vw, 2500px\" \/>\t\t\t\t\t\t\n\t\t\t\t\t<\/div>\n\t\t\t\t\t\t\t\t\n<style>\n#image_710174045 {\n  width: 100%;\n}\n<\/style>\n\t<\/div>\n\t\n\n\n\t\t<\/div>\n\n\t\t\n<style>\n#section_431809650 {\n  padding-top: 30px;\n  padding-bottom: 30px;\n}\n<\/style>\n\t<\/section>\n\t\n\n\t<section class=\"section\" id=\"section_1219045080\">\n\t\t<div class=\"section-bg fill\" >\n\t\t\t\t\t\t\t\t\t\n\t\t\t\n\n\t\t<\/div>\n\n\t\t\n\n\t\t<div class=\"section-content relative\">\n\t\t\t\n\n<div class=\"row align-middle\"  id=\"row-270953943\">\n\n\n\t<div id=\"col-333424873\" class=\"col hide-for-small medium-1 small-12 large-1\"  >\n\t\t\t\t<div class=\"col-inner\"  >\n\t\t\t\n\t\t\t\n\n\n\t\t<\/div>\n\t\t\t\t\t<\/div>\n\n\t\n\n\t<div id=\"col-705165935\" class=\"col medium-10 small-12 large-10\"  >\n\t\t\t\t<div class=\"col-inner text-left\"  >\n\t\t\t\n\t\t\t\n\n\t<div id=\"text-1755075366\" class=\"text\">\n\t\t\n\n<h1 class=\"testi-titolo\">Calvisio<\/h1>\n\t\t\n<style>\n#text-1755075366 {\n  color: rgb(0,0,0);\n}\n#text-1755075366 > * {\n  color: rgb(0,0,0);\n}\n<\/style>\n\t<\/div>\n\t\n\n\t\t<\/div>\n\t\t\t\t\n<style>\n#col-705165935 > .col-inner {\n  margin: 0px 0px 0px 0px;\n}\n@media (min-width:550px) {\n  #col-705165935 > .col-inner {\n    margin: 0px 0px 0px 0px;\n  }\n}\n<\/style>\n\t<\/div>\n\n\t\n\n\t<div id=\"col-1217484472\" class=\"col hide-for-small medium-1 small-12 large-1\"  >\n\t\t\t\t<div class=\"col-inner\"  >\n\t\t\t\n\t\t\t\n\n\n\t\t<\/div>\n\t\t\t\t\t<\/div>\n\n\t\n\n\n<style>\n#row-270953943 > .col > .col-inner {\n  padding: 0px 0px 0px 0px;\n}\n@media (min-width:550px) {\n  #row-270953943 > .col > .col-inner {\n    padding: 0px 0px 0px 0px;\n  }\n}\n<\/style>\n<\/div>\n<div class=\"row\"  id=\"row-386407493\">\n\n\n\t<div id=\"col-385765628\" class=\"col hide-for-small medium-1 small-12 large-1\"  >\n\t\t\t\t<div class=\"col-inner text-left\"  >\n\t\t\t\n\t\t\t\n\n\n\t\t<\/div>\n\t\t\t\t\n<style>\n#col-385765628 > .col-inner {\n  margin: 0px 0px 0px 0px;\n}\n<\/style>\n\t<\/div>\n\n\t\n\n\t<div id=\"col-2034405374\" class=\"col medium-10 small-12 large-10\"  >\n\t\t\t\t<div class=\"col-inner text-left\"  >\n\t\t\t\n\t\t\t\n\n<div class=\"row\"  id=\"row-866265500\">\n\n\n\t<div id=\"col-1667704462\" class=\"col medium-7 small-12 large-7\"  >\n\t\t\t\t<div class=\"col-inner\"  >\n\t\t\t\n\t\t\t\n\n<p>Der alte l\u00e4ndliche Kern von Calvisio Vecchia, auch bekannt unter dem mittelalterlichen Namen \u201eLacremata\u201d, im lokalen Dialekt \u201eLacrem\u00e0\u201d, liegt am Westhang des Monte Tolla, am Fu\u00dfe der Felsen von Pietra di Finale, in einer terrassierten l\u00e4ndlichen Landschaft inmitten von Olivenb\u00e4umen.<\/p>\n<p>Dieser l\u00e4ndliche Kern ist seit dem 13. Jahrhundert dokumentiert, w\u00e4hrend die nahe gelegene Kirche Santi Cornelio e Cipriano, die etwas abseits der Ortschaft erbaut wurde, mittelalterliche Urspr\u00fcnge hat.<\/p>\n<p>Sie wurde aufgegeben, als 1932 die neue Pfarrkirche im Tal gebaut wurde.<\/p>\n<p>Die malerische Siedlung besteht aus alten Geb\u00e4uden aus Sichtstein, die aus dem 15. Jahrhundert stammen.<\/p>\n<p>Es entstand durch die schrittweise Erweiterung der urspr\u00fcnglichen Siedlungskerne um neue Geb\u00e4ude, wodurch eine \u00e4u\u00dferst vielf\u00e4ltige Architektur und ein unregelm\u00e4\u00dfiger Grundriss entstanden, mit Geb\u00e4uden, die sich entlang der internen Wege und in direktem Kontakt mit den landwirtschaftlichen Terrassenfl\u00e4chen mit Olivenhainen und Weinbergen entwickelten.<\/p>\n<p>Im oberen Teil des Ortes sind die sogenannten \u201eCasazze\u201c erhalten geblieben, gro\u00dfe H\u00e4user aus quadratischem Finale-Stein, die einst verlassen waren und heute teilweise restauriert sind.<\/p>\n\t<div id=\"gap-1000584348\" class=\"gap-element clearfix\" style=\"display:block; height:auto;\">\n\t\t\n<style>\n#gap-1000584348 {\n  padding-top: 30px;\n}\n<\/style>\n\t<\/div>\n\t\n\n\n\t\t<\/div>\n\t\t\t\t\t<\/div>\n\n\t\n\n\t<div id=\"col-1758778101\" class=\"col medium-5 small-12 large-5\"  >\n\t\t\t\t<div class=\"col-inner\"  >\n\t\t\t\n\t\t\t\n\n\n\n<iframe src=\"https:\/\/www.google.com\/maps\/embed?pb=!1m14!1m8!1m3!1d45775.177426219554!2d8.351202000000002!3d44.187526!3m2!1i1024!2i768!4f13.1!3m3!1m2!1s0x12d2fa3569eb4a77%3A0x9a9f344e483e7f08!2sCalvisio%2C%2017024%20Finale%20Ligure%20SV!5e0!3m2!1sit!2sit!4v1675262068763!5m2!1sit!2sit\" width=\"700\" height=\"450\" style=\"border:0;\" allowfullscreen=\"\" loading=\"lazy\" referrerpolicy=\"no-referrer-when-downgrade\"><\/iframe>\n\n\n\t\t<\/div>\n\t\t\t\t\t<\/div>\n\n\t\n\n<\/div>\n<div class=\"nav-wrapper\"><ul class=\"nav nav-uppercase nav-horizontal nav-line-bottom text-center nav-center\"><p class=\"lead shortcode-error text-center\">Sorry, no pages was found<\/p><\/ul><\/div>\n\n\n\t\t<\/div>\n\t\t\t\t\n<style>\n#col-2034405374 > .col-inner {\n  margin: -30px 0px 0px 0px;\n}\n<\/style>\n\t<\/div>\n\n\t\n\n\t<div id=\"col-1240199721\" class=\"col hide-for-small medium-1 small-7 large-1\"  >\n\t\t\t\t<div class=\"col-inner text-left\"  >\n\t\t\t\n\t\t\t\n\n\n\t\t<\/div>\n\t\t\t\t\n<style>\n#col-1240199721 > .col-inner {\n  margin: 0px 0px 0px 0px;\n}\n<\/style>\n\t<\/div>\n\n\t\n\n<\/div>\n\n\t\t<\/div>\n\n\t\t\n<style>\n#section_1219045080 {\n  padding-top: 0px;\n  padding-bottom: 0px;\n}\n<\/style>\n\t<\/section>\n\t\n","protected":false},"excerpt":{"rendered":"","protected":false},"author":2,"featured_media":5219,"parent":17463,"menu_order":0,"comment_status":"closed","ping_status":"closed","template":"page-blank.php","meta":{"footnotes":""},"class_list":["post-17456","page","type-page","status-publish","has-post-thumbnail","hentry"],"yoast_head":"<!-- This site is optimized with the Yoast SEO plugin v27.3 - https:\/\/yoast.com\/product\/yoast-seo-wordpress\/ -->\n<title>Calvisio - Visit Finale Ligure<\/title>\n<meta name=\"robots\" content=\"index, follow, max-snippet:-1, max-image-preview:large, max-video-preview:-1\" \/>\n<link rel=\"canonical\" href=\"https:\/\/visitfinaleligure.it\/de\/die-ortschaften\/frazioni\/calvisio\/\" \/>\n<meta property=\"og:locale\" content=\"de_DE\" \/>\n<meta property=\"og:type\" content=\"article\" \/>\n<meta property=\"og:title\" content=\"Calvisio - Visit Finale Ligure\" \/>\n<meta property=\"og:url\" content=\"https:\/\/visitfinaleligure.it\/de\/die-ortschaften\/frazioni\/calvisio\/\" \/>\n<meta property=\"og:site_name\" content=\"Visit Finale Ligure\" \/>\n<meta property=\"article:publisher\" content=\"https:\/\/www.facebook.com\/VisitFinaleLigure\" \/>\n<meta property=\"article:modified_time\" content=\"2026-02-04T10:52:38+00:00\" \/>\n<meta property=\"og:image\" content=\"https:\/\/visitfinaleligure.it\/wp-content\/uploads\/2022\/12\/Chiesa-di-san-Cipriano_Calvisio_Finalpia.jpg\" \/>\n\t<meta property=\"og:image:width\" content=\"1600\" \/>\n\t<meta property=\"og:image:height\" content=\"1068\" \/>\n\t<meta property=\"og:image:type\" content=\"image\/jpeg\" \/>\n<meta name=\"twitter:card\" content=\"summary_large_image\" \/>\n<meta name=\"twitter:label1\" content=\"Gesch\u00e4tzte Lesezeit\" \/>\n\t<meta name=\"twitter:data1\" content=\"2\u00a0Minuten\" \/>\n<script type=\"application\/ld+json\" class=\"yoast-schema-graph\">{\"@context\":\"https:\\\/\\\/schema.org\",\"@graph\":[{\"@type\":\"WebPage\",\"@id\":\"https:\\\/\\\/visitfinaleligure.it\\\/de\\\/die-ortschaften\\\/frazioni\\\/calvisio\\\/\",\"url\":\"https:\\\/\\\/visitfinaleligure.it\\\/de\\\/die-ortschaften\\\/frazioni\\\/calvisio\\\/\",\"name\":\"Calvisio - Visit Finale Ligure\",\"isPartOf\":{\"@id\":\"https:\\\/\\\/visitfinaleligure.it\\\/de\\\/#website\"},\"primaryImageOfPage\":{\"@id\":\"https:\\\/\\\/visitfinaleligure.it\\\/de\\\/die-ortschaften\\\/frazioni\\\/calvisio\\\/#primaryimage\"},\"image\":{\"@id\":\"https:\\\/\\\/visitfinaleligure.it\\\/de\\\/die-ortschaften\\\/frazioni\\\/calvisio\\\/#primaryimage\"},\"thumbnailUrl\":\"https:\\\/\\\/visitfinaleligure.it\\\/wp-content\\\/uploads\\\/2022\\\/12\\\/Chiesa-di-san-Cipriano_Calvisio_Finalpia.jpg\",\"datePublished\":\"2023-02-01T14:35:30+00:00\",\"dateModified\":\"2026-02-04T10:52:38+00:00\",\"breadcrumb\":{\"@id\":\"https:\\\/\\\/visitfinaleligure.it\\\/de\\\/die-ortschaften\\\/frazioni\\\/calvisio\\\/#breadcrumb\"},\"inLanguage\":\"de\",\"potentialAction\":[{\"@type\":\"ReadAction\",\"target\":[\"https:\\\/\\\/visitfinaleligure.it\\\/de\\\/die-ortschaften\\\/frazioni\\\/calvisio\\\/\"]}]},{\"@type\":\"ImageObject\",\"inLanguage\":\"de\",\"@id\":\"https:\\\/\\\/visitfinaleligure.it\\\/de\\\/die-ortschaften\\\/frazioni\\\/calvisio\\\/#primaryimage\",\"url\":\"https:\\\/\\\/visitfinaleligure.it\\\/wp-content\\\/uploads\\\/2022\\\/12\\\/Chiesa-di-san-Cipriano_Calvisio_Finalpia.jpg\",\"contentUrl\":\"https:\\\/\\\/visitfinaleligure.it\\\/wp-content\\\/uploads\\\/2022\\\/12\\\/Chiesa-di-san-Cipriano_Calvisio_Finalpia.jpg\",\"width\":1600,\"height\":1068,\"caption\":\"san cipriano finale ligure\"},{\"@type\":\"BreadcrumbList\",\"@id\":\"https:\\\/\\\/visitfinaleligure.it\\\/de\\\/die-ortschaften\\\/frazioni\\\/calvisio\\\/#breadcrumb\",\"itemListElement\":[{\"@type\":\"ListItem\",\"position\":1,\"name\":\"Home\",\"item\":\"https:\\\/\\\/visitfinaleligure.it\\\/de\\\/\"},{\"@type\":\"ListItem\",\"position\":2,\"name\":\"Die Ortschaften\",\"item\":\"https:\\\/\\\/visitfinaleligure.it\\\/de\\\/die-ortschaften\\\/\"},{\"@type\":\"ListItem\",\"position\":3,\"name\":\"Frazioni\",\"item\":\"https:\\\/\\\/visitfinaleligure.it\\\/de\\\/die-ortschaften\\\/frazioni\\\/\"},{\"@type\":\"ListItem\",\"position\":4,\"name\":\"Calvisio\"}]},{\"@type\":\"WebSite\",\"@id\":\"https:\\\/\\\/visitfinaleligure.it\\\/de\\\/#website\",\"url\":\"https:\\\/\\\/visitfinaleligure.it\\\/de\\\/\",\"name\":\"Visit Finale Ligure\",\"description\":\"My perfect place\",\"publisher\":{\"@id\":\"https:\\\/\\\/visitfinaleligure.it\\\/de\\\/#organization\"},\"potentialAction\":[{\"@type\":\"SearchAction\",\"target\":{\"@type\":\"EntryPoint\",\"urlTemplate\":\"https:\\\/\\\/visitfinaleligure.it\\\/de\\\/?s={search_term_string}\"},\"query-input\":{\"@type\":\"PropertyValueSpecification\",\"valueRequired\":true,\"valueName\":\"search_term_string\"}}],\"inLanguage\":\"de\"},{\"@type\":\"Organization\",\"@id\":\"https:\\\/\\\/visitfinaleligure.it\\\/de\\\/#organization\",\"name\":\"Comune di Finale Ligure\",\"url\":\"https:\\\/\\\/visitfinaleligure.it\\\/de\\\/\",\"logo\":{\"@type\":\"ImageObject\",\"inLanguage\":\"de\",\"@id\":\"https:\\\/\\\/visitfinaleligure.it\\\/de\\\/#\\\/schema\\\/logo\\\/image\\\/\",\"url\":\"https:\\\/\\\/visitfinaleligure.it\\\/wp-content\\\/uploads\\\/2023\\\/04\\\/cropped-finaleligure-verticale-positivo-200x200-1.png\",\"contentUrl\":\"https:\\\/\\\/visitfinaleligure.it\\\/wp-content\\\/uploads\\\/2023\\\/04\\\/cropped-finaleligure-verticale-positivo-200x200-1.png\",\"width\":512,\"height\":512,\"caption\":\"Comune di Finale Ligure\"},\"image\":{\"@id\":\"https:\\\/\\\/visitfinaleligure.it\\\/de\\\/#\\\/schema\\\/logo\\\/image\\\/\"},\"sameAs\":[\"https:\\\/\\\/www.facebook.com\\\/VisitFinaleLigure\",\"https:\\\/\\\/www.instagram.com\\\/visitfinale\\\/\",\"https:\\\/\\\/www.youtube.com\\\/channel\\\/UCLmoLfNmrAt9mSCll9egttw\"]}]}<\/script>\n<!-- \/ Yoast SEO plugin. -->","yoast_head_json":{"title":"Calvisio - Visit Finale Ligure","robots":{"index":"index","follow":"follow","max-snippet":"max-snippet:-1","max-image-preview":"max-image-preview:large","max-video-preview":"max-video-preview:-1"},"canonical":"https:\/\/visitfinaleligure.it\/de\/die-ortschaften\/frazioni\/calvisio\/","og_locale":"de_DE","og_type":"article","og_title":"Calvisio - Visit Finale Ligure","og_url":"https:\/\/visitfinaleligure.it\/de\/die-ortschaften\/frazioni\/calvisio\/","og_site_name":"Visit Finale Ligure","article_publisher":"https:\/\/www.facebook.com\/VisitFinaleLigure","article_modified_time":"2026-02-04T10:52:38+00:00","og_image":[{"width":1600,"height":1068,"url":"https:\/\/visitfinaleligure.it\/wp-content\/uploads\/2022\/12\/Chiesa-di-san-Cipriano_Calvisio_Finalpia.jpg","type":"image\/jpeg"}],"twitter_card":"summary_large_image","twitter_misc":{"Gesch\u00e4tzte Lesezeit":"2\u00a0Minuten"},"schema":{"@context":"https:\/\/schema.org","@graph":[{"@type":"WebPage","@id":"https:\/\/visitfinaleligure.it\/de\/die-ortschaften\/frazioni\/calvisio\/","url":"https:\/\/visitfinaleligure.it\/de\/die-ortschaften\/frazioni\/calvisio\/","name":"Calvisio - Visit Finale Ligure","isPartOf":{"@id":"https:\/\/visitfinaleligure.it\/de\/#website"},"primaryImageOfPage":{"@id":"https:\/\/visitfinaleligure.it\/de\/die-ortschaften\/frazioni\/calvisio\/#primaryimage"},"image":{"@id":"https:\/\/visitfinaleligure.it\/de\/die-ortschaften\/frazioni\/calvisio\/#primaryimage"},"thumbnailUrl":"https:\/\/visitfinaleligure.it\/wp-content\/uploads\/2022\/12\/Chiesa-di-san-Cipriano_Calvisio_Finalpia.jpg","datePublished":"2023-02-01T14:35:30+00:00","dateModified":"2026-02-04T10:52:38+00:00","breadcrumb":{"@id":"https:\/\/visitfinaleligure.it\/de\/die-ortschaften\/frazioni\/calvisio\/#breadcrumb"},"inLanguage":"de","potentialAction":[{"@type":"ReadAction","target":["https:\/\/visitfinaleligure.it\/de\/die-ortschaften\/frazioni\/calvisio\/"]}]},{"@type":"ImageObject","inLanguage":"de","@id":"https:\/\/visitfinaleligure.it\/de\/die-ortschaften\/frazioni\/calvisio\/#primaryimage","url":"https:\/\/visitfinaleligure.it\/wp-content\/uploads\/2022\/12\/Chiesa-di-san-Cipriano_Calvisio_Finalpia.jpg","contentUrl":"https:\/\/visitfinaleligure.it\/wp-content\/uploads\/2022\/12\/Chiesa-di-san-Cipriano_Calvisio_Finalpia.jpg","width":1600,"height":1068,"caption":"san cipriano finale ligure"},{"@type":"BreadcrumbList","@id":"https:\/\/visitfinaleligure.it\/de\/die-ortschaften\/frazioni\/calvisio\/#breadcrumb","itemListElement":[{"@type":"ListItem","position":1,"name":"Home","item":"https:\/\/visitfinaleligure.it\/de\/"},{"@type":"ListItem","position":2,"name":"Die Ortschaften","item":"https:\/\/visitfinaleligure.it\/de\/die-ortschaften\/"},{"@type":"ListItem","position":3,"name":"Frazioni","item":"https:\/\/visitfinaleligure.it\/de\/die-ortschaften\/frazioni\/"},{"@type":"ListItem","position":4,"name":"Calvisio"}]},{"@type":"WebSite","@id":"https:\/\/visitfinaleligure.it\/de\/#website","url":"https:\/\/visitfinaleligure.it\/de\/","name":"Visit Finale Ligure","description":"My perfect place","publisher":{"@id":"https:\/\/visitfinaleligure.it\/de\/#organization"},"potentialAction":[{"@type":"SearchAction","target":{"@type":"EntryPoint","urlTemplate":"https:\/\/visitfinaleligure.it\/de\/?s={search_term_string}"},"query-input":{"@type":"PropertyValueSpecification","valueRequired":true,"valueName":"search_term_string"}}],"inLanguage":"de"},{"@type":"Organization","@id":"https:\/\/visitfinaleligure.it\/de\/#organization","name":"Comune di Finale Ligure","url":"https:\/\/visitfinaleligure.it\/de\/","logo":{"@type":"ImageObject","inLanguage":"de","@id":"https:\/\/visitfinaleligure.it\/de\/#\/schema\/logo\/image\/","url":"https:\/\/visitfinaleligure.it\/wp-content\/uploads\/2023\/04\/cropped-finaleligure-verticale-positivo-200x200-1.png","contentUrl":"https:\/\/visitfinaleligure.it\/wp-content\/uploads\/2023\/04\/cropped-finaleligure-verticale-positivo-200x200-1.png","width":512,"height":512,"caption":"Comune di Finale Ligure"},"image":{"@id":"https:\/\/visitfinaleligure.it\/de\/#\/schema\/logo\/image\/"},"sameAs":["https:\/\/www.facebook.com\/VisitFinaleLigure","https:\/\/www.instagram.com\/visitfinale\/","https:\/\/www.youtube.com\/channel\/UCLmoLfNmrAt9mSCll9egttw"]}]}},"_links":{"self":[{"href":"https:\/\/visitfinaleligure.it\/de\/wp-json\/wp\/v2\/pages\/17456","targetHints":{"allow":["GET"]}}],"collection":[{"href":"https:\/\/visitfinaleligure.it\/de\/wp-json\/wp\/v2\/pages"}],"about":[{"href":"https:\/\/visitfinaleligure.it\/de\/wp-json\/wp\/v2\/types\/page"}],"author":[{"embeddable":true,"href":"https:\/\/visitfinaleligure.it\/de\/wp-json\/wp\/v2\/users\/2"}],"replies":[{"embeddable":true,"href":"https:\/\/visitfinaleligure.it\/de\/wp-json\/wp\/v2\/comments?post=17456"}],"version-history":[{"count":2,"href":"https:\/\/visitfinaleligure.it\/de\/wp-json\/wp\/v2\/pages\/17456\/revisions"}],"predecessor-version":[{"id":17458,"href":"https:\/\/visitfinaleligure.it\/de\/wp-json\/wp\/v2\/pages\/17456\/revisions\/17458"}],"up":[{"embeddable":true,"href":"https:\/\/visitfinaleligure.it\/de\/wp-json\/wp\/v2\/pages\/17463"}],"wp:featuredmedia":[{"embeddable":true,"href":"https:\/\/visitfinaleligure.it\/de\/wp-json\/wp\/v2\/media\/5219"}],"wp:attachment":[{"href":"https:\/\/visitfinaleligure.it\/de\/wp-json\/wp\/v2\/media?parent=17456"}],"curies":[{"name":"wp","href":"https:\/\/api.w.org\/{rel}","templated":true}]}}