{"id":17852,"date":"2025-12-10T13:29:57","date_gmt":"2025-12-10T12:29:57","guid":{"rendered":"https:\/\/visitfinaleligure.it\/esperienze-di-primavera\/"},"modified":"2026-03-29T18:21:49","modified_gmt":"2026-03-29T16:21:49","slug":"erfahrungen-im-fruehling","status":"publish","type":"page","link":"https:\/\/visitfinaleligure.it\/de\/erfahrungen-im-fruehling\/","title":{"rendered":"Erfahrungen im Fr\u00fchling"},"content":{"rendered":"\n\n\t<section class=\"section\" id=\"section_1569012223\">\n\t\t<div class=\"section-bg fill\" >\n\t\t\t\t\t\t\t\t\t\n\t\t\t\n\n\t\t<\/div>\n\n\t\t\n\n\t\t<div class=\"section-content relative\">\n\t\t\t\n\n\t<div class=\"img has-hover x md-x lg-x y md-y lg-y\" id=\"image_576324358\">\n\t\t\t\t\t\t\t\t<div class=\"img-inner image-cover dark\" style=\"padding-top:40%;\">\n\t\t\t<img loading=\"lazy\" decoding=\"async\" width=\"1280\" height=\"854\" src=\"https:\/\/visitfinaleligure.it\/wp-content\/uploads\/2024\/04\/Hiking_natura_ape-su-fiore.jpg\" class=\"attachment-original size-original\" alt=\"\" srcset=\"https:\/\/visitfinaleligure.it\/wp-content\/uploads\/2024\/04\/Hiking_natura_ape-su-fiore.jpg 1280w, https:\/\/visitfinaleligure.it\/wp-content\/uploads\/2024\/04\/Hiking_natura_ape-su-fiore-300x200.jpg 300w, https:\/\/visitfinaleligure.it\/wp-content\/uploads\/2024\/04\/Hiking_natura_ape-su-fiore-1024x683.jpg 1024w, https:\/\/visitfinaleligure.it\/wp-content\/uploads\/2024\/04\/Hiking_natura_ape-su-fiore-768x512.jpg 768w\" sizes=\"auto, (max-width: 1280px) 100vw, 1280px\" \/>\t\t\t\t\t\t\n\t\t\t\t\t<\/div>\n\t\t\t\t\t\t\t\t\n<style>\n#image_576324358 {\n  width: 100%;\n}\n<\/style>\n\t<\/div>\n\t\n\n\n\t\t<\/div>\n\n\t\t\n<style>\n#section_1569012223 {\n  padding-top: 30px;\n  padding-bottom: 30px;\n}\n<\/style>\n\t<\/section>\n\t\n\n\t<section class=\"section\" id=\"section_998336823\">\n\t\t<div class=\"section-bg fill\" >\n\t\t\t\t\t\t\t\t\t\n\t\t\t\n\n\t\t<\/div>\n\n\t\t\n\n\t\t<div class=\"section-content relative\">\n\t\t\t\n\n<div class=\"row align-middle\"  id=\"row-1681222936\">\n\n\n\t<div id=\"col-316519582\" class=\"col hide-for-small medium-1 small-12 large-1\"  >\n\t\t\t\t<div class=\"col-inner\"  >\n\t\t\t\n\t\t\t\n\n\n\t\t<\/div>\n\t\t\t\t\t<\/div>\n\n\t\n\n\t<div id=\"col-740870672\" class=\"col medium-10 small-12 large-10\"  >\n\t\t\t\t<div class=\"col-inner text-left\"  >\n\t\t\t\n\t\t\t\n\n\t<div id=\"text-1823109069\" class=\"text testi-titolo-laterale\">\n\t\t\n\n<p style=\"font-family: 'Rubik'; font-size: 14px; font-weight: 500; color: rgba(39,39,39,0.4);\">FR\u00dcHLINGSERLEBNISSE IN FINALE LIGURE<\/p>\n\t\t\n<style>\n#text-1823109069 {\n  font-size: 1.5rem;\n  color: rgb(204, 208, 212);\n}\n#text-1823109069 > * {\n  color: rgb(204, 208, 212);\n}\n<\/style>\n\t<\/div>\n\t\n\n\t\t<\/div>\n\t\t\t\t\n<style>\n#col-740870672 > .col-inner {\n  margin: 0px 0px 0px 0px;\n}\n@media (min-width:550px) {\n  #col-740870672 > .col-inner {\n    margin: 0px 0px 0px 0px;\n  }\n}\n<\/style>\n\t<\/div>\n\n\t\n\n\t<div id=\"col-415793784\" class=\"col hide-for-small medium-1 small-12 large-1\"  >\n\t\t\t\t<div class=\"col-inner\"  >\n\t\t\t\n\t\t\t\n\n\n\t\t<\/div>\n\t\t\t\t\t<\/div>\n\n\t\n\n\n<style>\n#row-1681222936 > .col > .col-inner {\n  padding: 0px 0px 0px 0px;\n}\n@media (min-width:550px) {\n  #row-1681222936 > .col > .col-inner {\n    padding: 0px 0px 0px 0px;\n  }\n}\n<\/style>\n<\/div>\n<div class=\"row\"  id=\"row-944045819\">\n\n\n\t<div id=\"col-1521222789\" class=\"col hide-for-small medium-1 small-12 large-1\"  >\n\t\t\t\t<div class=\"col-inner text-left\"  >\n\t\t\t\n\t\t\t\n\n\n\t\t<\/div>\n\t\t\t\t\n<style>\n#col-1521222789 > .col-inner {\n  margin: 0px 0px 0px 0px;\n}\n<\/style>\n\t<\/div>\n\n\t\n\n\t<div id=\"col-162811258\" class=\"col medium-6 small-12 large-6\"  >\n\t\t\t\t<div class=\"col-inner text-left\"  >\n\t\t\t\n\t\t\t\n\n\t<div id=\"text-3923234610\" class=\"text testi-titolo\">\n\t\t\n\n<h1 class=\"testi-titolo\">Fr\u00fchlingserlebnisse <\/h1>\n\t\t\n<style>\n#text-3923234610 {\n  line-height: 1;\n  color: rgb(0, 0, 0);\n}\n#text-3923234610 > * {\n  color: rgb(0, 0, 0);\n}\n<\/style>\n\t<\/div>\n\t\n\t<div id=\"text-580684753\" class=\"text testi-body\">\n\t\t\n\n<p>Der <strong>Fr\u00fchling in Finale Ligure ist eine R\u00fcckkehr von Energie,<\/strong> Farben und M\u00f6glichkeiten. Es ist die Jahreszeit, in der die Natur wieder erwacht, die Wege nach mediterraner Macchia duften, das Meer wieder in intensiverem Licht gl\u00e4nzt und die Tage l\u00e4nger werden und zum Erkunden einladen. <\/p>\n<p>In Finale Ligure erlebt man den Fr\u00fchling so: mit Spazierg\u00e4ngen und Radtouren zwischen Bl\u00fctenpracht und Panoramen, die sich jede Woche ver\u00e4ndern, mit der Freude, die D\u00f6rfer und die K\u00fcste neu zu entdecken, mit dem Gef\u00fchl des Aufbruchs, das jede neue Jahreszeit begleitet.<\/p>\n<p>Auf dieser Seite finden Sie alles, was Sie brauchen, um Ihren ma\u00dfgeschneiderten Fr\u00fchlingsurlaub zusammenzustellen. W\u00e4hlen Sie zwischen authentischen Erlebnissen, Outdoor-Aktivit\u00e4ten und Angeboten f\u00fcr jedes Tempo und jedes Interesse.<\/p>\n<p>Entdecken <strong>Sie den Kalender mit den monatlichen Erlebnissen<\/strong>, mit allen festen Terminen, die in den Fr\u00fchlingsmonaten geplant sind, und den wiederkehrenden Erlebnissen, die Sie jede Woche oder jeden Tag genie\u00dfen k\u00f6nnen. Ein praktisches Hilfsmittel, um Ihren Aufenthalt ganz einfach zu organisieren. <\/p>\n<p>Neben den Erlebnissen wird der Fr\u00fchling in Finale Ligure durch einen reichhaltigen Veranstaltungskalender belebt: kulturelle Initiativen, Sportveranstaltungen, Festivals, Verkostungen und Veranstaltungen f\u00fcr Familien machen jeden Tag zu einer Gelegenheit, das Reiseziel auf neue Weise zu erleben.<\/p>\n\t\t\t<\/div>\n\t\n<div class=\"is-divider divider clearfix\" style=\"background-color:rgba(54, 46, 46, 0);\"><\/div>\n\n\n\t\t<\/div>\n\t\t\t\t\n<style>\n#col-162811258 > .col-inner {\n  margin: 0px 0px 0px 0px;\n}\n@media (min-width:550px) {\n  #col-162811258 > .col-inner {\n    margin: -30px 0px 0px 0px;\n  }\n}\n<\/style>\n\t<\/div>\n\n\t\n\n\t<div id=\"col-1546095450\" class=\"col medium-4 small-12 large-4\"  >\n\t\t\t\t<div class=\"col-inner text-left\"  >\n\t\t\t\n\t\t\t\n\n\t<div class=\"box has-hover   has-hover box-text-bottom\" >\n\n\t\t<div class=\"box-image\" >\n\t\t\t\t\t\t<div class=\"\" >\n\t\t\t\t<img loading=\"lazy\" decoding=\"async\" width=\"1497\" height=\"2117\" src=\"https:\/\/visitfinaleligure.it\/wp-content\/uploads\/2026\/03\/calendario-esperienze-aprile.-2-2-pdf.jpg\" class=\"attachment- size-\" alt=\"\" \/>\t\t\t\t\t\t\t\t\t\t\t<\/div>\n\t\t\t\t\t<\/div>\n\n\t\t<div class=\"box-text text-center\" >\n\t\t\t<div class=\"box-text-inner\">\n\t\t\t\t\n\n<a href=\"https:\/\/visitfinaleligure.it\/wp-content\/uploads\/2026\/03\/calendario-esperienze-marzo-exe-web.pdf\" target=\"_blank\" class=\"button primary expand\" rel=\"noopener\" >\n\t\t<span>Kalender herunterladen<\/span>\n\t<\/a>\n\n\n\n\t\t\t<\/div>\n\t\t<\/div>\n\t<\/div>\n\t\n\n\t\t<\/div>\n\t\t\t\t\n<style>\n#col-1546095450 > .col-inner {\n  margin: 0px 0px 0px 0px;\n}\n<\/style>\n\t<\/div>\n\n\t\n\n\t<div id=\"col-978608834\" class=\"col hide-for-small medium-1 small-12 large-1\"  >\n\t\t\t\t<div class=\"col-inner text-left\"  >\n\t\t\t\n\t\t\t\n\n\n\t\t<\/div>\n\t\t\t\t\n<style>\n#col-978608834 > .col-inner {\n  margin: 0px 0px 0px 0px;\n}\n<\/style>\n\t<\/div>\n\n\t\n\n<\/div>\n\n\t\t<\/div>\n\n\t\t\n<style>\n#section_998336823 {\n  padding-top: 0px;\n  padding-bottom: 0px;\n}\n<\/style>\n\t<\/section>\n\t\n\n\n","protected":false},"excerpt":{"rendered":"","protected":false},"author":1,"featured_media":11163,"parent":0,"menu_order":0,"comment_status":"closed","ping_status":"closed","template":"page-blank.php","meta":{"footnotes":""},"class_list":["post-17852","page","type-page","status-publish","has-post-thumbnail","hentry"],"yoast_head":"<!-- This site is optimized with the Yoast SEO plugin v27.3 - https:\/\/yoast.com\/product\/yoast-seo-wordpress\/ -->\n<title>Erfahrungen im Fr\u00fchling - Visit Finale Ligure<\/title>\n<meta name=\"robots\" content=\"index, follow, max-snippet:-1, max-image-preview:large, max-video-preview:-1\" \/>\n<link rel=\"canonical\" href=\"https:\/\/visitfinaleligure.it\/de\/erfahrungen-im-fruehling\/\" \/>\n<meta property=\"og:locale\" content=\"de_DE\" \/>\n<meta property=\"og:type\" content=\"article\" \/>\n<meta property=\"og:title\" content=\"Erfahrungen im Fr\u00fchling - Visit Finale Ligure\" \/>\n<meta property=\"og:url\" content=\"https:\/\/visitfinaleligure.it\/de\/erfahrungen-im-fruehling\/\" \/>\n<meta property=\"og:site_name\" content=\"Visit Finale Ligure\" \/>\n<meta property=\"article:publisher\" content=\"https:\/\/www.facebook.com\/VisitFinaleLigure\" \/>\n<meta property=\"article:modified_time\" content=\"2026-03-29T16:21:49+00:00\" \/>\n<meta property=\"og:image\" content=\"https:\/\/visitfinaleligure.it\/wp-content\/uploads\/2023\/12\/VARIGOTTI-IL-PROMONTORIO-PUNTA-CRENA-E-IL-BORGO-VECCHIO-FOTOLOVISOLO.jpg\" \/>\n\t<meta property=\"og:image:width\" content=\"1600\" \/>\n\t<meta property=\"og:image:height\" content=\"1067\" \/>\n\t<meta property=\"og:image:type\" content=\"image\/jpeg\" \/>\n<meta name=\"twitter:card\" content=\"summary_large_image\" \/>\n<meta name=\"twitter:label1\" content=\"Gesch\u00e4tzte Lesezeit\" \/>\n\t<meta name=\"twitter:data1\" content=\"2\u00a0Minuten\" \/>\n<script type=\"application\/ld+json\" class=\"yoast-schema-graph\">{\"@context\":\"https:\\\/\\\/schema.org\",\"@graph\":[{\"@type\":\"WebPage\",\"@id\":\"https:\\\/\\\/visitfinaleligure.it\\\/de\\\/erfahrungen-im-fruehling\\\/\",\"url\":\"https:\\\/\\\/visitfinaleligure.it\\\/de\\\/erfahrungen-im-fruehling\\\/\",\"name\":\"Erfahrungen im Fr\u00fchling - Visit Finale Ligure\",\"isPartOf\":{\"@id\":\"https:\\\/\\\/visitfinaleligure.it\\\/de\\\/#website\"},\"primaryImageOfPage\":{\"@id\":\"https:\\\/\\\/visitfinaleligure.it\\\/de\\\/erfahrungen-im-fruehling\\\/#primaryimage\"},\"image\":{\"@id\":\"https:\\\/\\\/visitfinaleligure.it\\\/de\\\/erfahrungen-im-fruehling\\\/#primaryimage\"},\"thumbnailUrl\":\"https:\\\/\\\/visitfinaleligure.it\\\/wp-content\\\/uploads\\\/2023\\\/12\\\/VARIGOTTI-IL-PROMONTORIO-PUNTA-CRENA-E-IL-BORGO-VECCHIO-FOTOLOVISOLO.jpg\",\"datePublished\":\"2025-12-10T12:29:57+00:00\",\"dateModified\":\"2026-03-29T16:21:49+00:00\",\"breadcrumb\":{\"@id\":\"https:\\\/\\\/visitfinaleligure.it\\\/de\\\/erfahrungen-im-fruehling\\\/#breadcrumb\"},\"inLanguage\":\"de\",\"potentialAction\":[{\"@type\":\"ReadAction\",\"target\":[\"https:\\\/\\\/visitfinaleligure.it\\\/de\\\/erfahrungen-im-fruehling\\\/\"]}]},{\"@type\":\"ImageObject\",\"inLanguage\":\"de\",\"@id\":\"https:\\\/\\\/visitfinaleligure.it\\\/de\\\/erfahrungen-im-fruehling\\\/#primaryimage\",\"url\":\"https:\\\/\\\/visitfinaleligure.it\\\/wp-content\\\/uploads\\\/2023\\\/12\\\/VARIGOTTI-IL-PROMONTORIO-PUNTA-CRENA-E-IL-BORGO-VECCHIO-FOTOLOVISOLO.jpg\",\"contentUrl\":\"https:\\\/\\\/visitfinaleligure.it\\\/wp-content\\\/uploads\\\/2023\\\/12\\\/VARIGOTTI-IL-PROMONTORIO-PUNTA-CRENA-E-IL-BORGO-VECCHIO-FOTOLOVISOLO.jpg\",\"width\":1600,\"height\":1067},{\"@type\":\"BreadcrumbList\",\"@id\":\"https:\\\/\\\/visitfinaleligure.it\\\/de\\\/erfahrungen-im-fruehling\\\/#breadcrumb\",\"itemListElement\":[{\"@type\":\"ListItem\",\"position\":1,\"name\":\"Home\",\"item\":\"https:\\\/\\\/visitfinaleligure.it\\\/de\\\/\"},{\"@type\":\"ListItem\",\"position\":2,\"name\":\"Erfahrungen im Fr\u00fchling\"}]},{\"@type\":\"WebSite\",\"@id\":\"https:\\\/\\\/visitfinaleligure.it\\\/de\\\/#website\",\"url\":\"https:\\\/\\\/visitfinaleligure.it\\\/de\\\/\",\"name\":\"Visit Finale Ligure\",\"description\":\"My perfect place\",\"publisher\":{\"@id\":\"https:\\\/\\\/visitfinaleligure.it\\\/de\\\/#organization\"},\"potentialAction\":[{\"@type\":\"SearchAction\",\"target\":{\"@type\":\"EntryPoint\",\"urlTemplate\":\"https:\\\/\\\/visitfinaleligure.it\\\/de\\\/?s={search_term_string}\"},\"query-input\":{\"@type\":\"PropertyValueSpecification\",\"valueRequired\":true,\"valueName\":\"search_term_string\"}}],\"inLanguage\":\"de\"},{\"@type\":\"Organization\",\"@id\":\"https:\\\/\\\/visitfinaleligure.it\\\/de\\\/#organization\",\"name\":\"Comune di Finale Ligure\",\"url\":\"https:\\\/\\\/visitfinaleligure.it\\\/de\\\/\",\"logo\":{\"@type\":\"ImageObject\",\"inLanguage\":\"de\",\"@id\":\"https:\\\/\\\/visitfinaleligure.it\\\/de\\\/#\\\/schema\\\/logo\\\/image\\\/\",\"url\":\"https:\\\/\\\/visitfinaleligure.it\\\/wp-content\\\/uploads\\\/2023\\\/04\\\/cropped-finaleligure-verticale-positivo-200x200-1.png\",\"contentUrl\":\"https:\\\/\\\/visitfinaleligure.it\\\/wp-content\\\/uploads\\\/2023\\\/04\\\/cropped-finaleligure-verticale-positivo-200x200-1.png\",\"width\":512,\"height\":512,\"caption\":\"Comune di Finale Ligure\"},\"image\":{\"@id\":\"https:\\\/\\\/visitfinaleligure.it\\\/de\\\/#\\\/schema\\\/logo\\\/image\\\/\"},\"sameAs\":[\"https:\\\/\\\/www.facebook.com\\\/VisitFinaleLigure\",\"https:\\\/\\\/www.instagram.com\\\/visitfinale\\\/\",\"https:\\\/\\\/www.youtube.com\\\/channel\\\/UCLmoLfNmrAt9mSCll9egttw\"]}]}<\/script>\n<!-- \/ Yoast SEO plugin. -->","yoast_head_json":{"title":"Erfahrungen im Fr\u00fchling - Visit Finale Ligure","robots":{"index":"index","follow":"follow","max-snippet":"max-snippet:-1","max-image-preview":"max-image-preview:large","max-video-preview":"max-video-preview:-1"},"canonical":"https:\/\/visitfinaleligure.it\/de\/erfahrungen-im-fruehling\/","og_locale":"de_DE","og_type":"article","og_title":"Erfahrungen im Fr\u00fchling - Visit Finale Ligure","og_url":"https:\/\/visitfinaleligure.it\/de\/erfahrungen-im-fruehling\/","og_site_name":"Visit Finale Ligure","article_publisher":"https:\/\/www.facebook.com\/VisitFinaleLigure","article_modified_time":"2026-03-29T16:21:49+00:00","og_image":[{"width":1600,"height":1067,"url":"https:\/\/visitfinaleligure.it\/wp-content\/uploads\/2023\/12\/VARIGOTTI-IL-PROMONTORIO-PUNTA-CRENA-E-IL-BORGO-VECCHIO-FOTOLOVISOLO.jpg","type":"image\/jpeg"}],"twitter_card":"summary_large_image","twitter_misc":{"Gesch\u00e4tzte Lesezeit":"2\u00a0Minuten"},"schema":{"@context":"https:\/\/schema.org","@graph":[{"@type":"WebPage","@id":"https:\/\/visitfinaleligure.it\/de\/erfahrungen-im-fruehling\/","url":"https:\/\/visitfinaleligure.it\/de\/erfahrungen-im-fruehling\/","name":"Erfahrungen im Fr\u00fchling - Visit Finale Ligure","isPartOf":{"@id":"https:\/\/visitfinaleligure.it\/de\/#website"},"primaryImageOfPage":{"@id":"https:\/\/visitfinaleligure.it\/de\/erfahrungen-im-fruehling\/#primaryimage"},"image":{"@id":"https:\/\/visitfinaleligure.it\/de\/erfahrungen-im-fruehling\/#primaryimage"},"thumbnailUrl":"https:\/\/visitfinaleligure.it\/wp-content\/uploads\/2023\/12\/VARIGOTTI-IL-PROMONTORIO-PUNTA-CRENA-E-IL-BORGO-VECCHIO-FOTOLOVISOLO.jpg","datePublished":"2025-12-10T12:29:57+00:00","dateModified":"2026-03-29T16:21:49+00:00","breadcrumb":{"@id":"https:\/\/visitfinaleligure.it\/de\/erfahrungen-im-fruehling\/#breadcrumb"},"inLanguage":"de","potentialAction":[{"@type":"ReadAction","target":["https:\/\/visitfinaleligure.it\/de\/erfahrungen-im-fruehling\/"]}]},{"@type":"ImageObject","inLanguage":"de","@id":"https:\/\/visitfinaleligure.it\/de\/erfahrungen-im-fruehling\/#primaryimage","url":"https:\/\/visitfinaleligure.it\/wp-content\/uploads\/2023\/12\/VARIGOTTI-IL-PROMONTORIO-PUNTA-CRENA-E-IL-BORGO-VECCHIO-FOTOLOVISOLO.jpg","contentUrl":"https:\/\/visitfinaleligure.it\/wp-content\/uploads\/2023\/12\/VARIGOTTI-IL-PROMONTORIO-PUNTA-CRENA-E-IL-BORGO-VECCHIO-FOTOLOVISOLO.jpg","width":1600,"height":1067},{"@type":"BreadcrumbList","@id":"https:\/\/visitfinaleligure.it\/de\/erfahrungen-im-fruehling\/#breadcrumb","itemListElement":[{"@type":"ListItem","position":1,"name":"Home","item":"https:\/\/visitfinaleligure.it\/de\/"},{"@type":"ListItem","position":2,"name":"Erfahrungen im Fr\u00fchling"}]},{"@type":"WebSite","@id":"https:\/\/visitfinaleligure.it\/de\/#website","url":"https:\/\/visitfinaleligure.it\/de\/","name":"Visit Finale Ligure","description":"My perfect place","publisher":{"@id":"https:\/\/visitfinaleligure.it\/de\/#organization"},"potentialAction":[{"@type":"SearchAction","target":{"@type":"EntryPoint","urlTemplate":"https:\/\/visitfinaleligure.it\/de\/?s={search_term_string}"},"query-input":{"@type":"PropertyValueSpecification","valueRequired":true,"valueName":"search_term_string"}}],"inLanguage":"de"},{"@type":"Organization","@id":"https:\/\/visitfinaleligure.it\/de\/#organization","name":"Comune di Finale Ligure","url":"https:\/\/visitfinaleligure.it\/de\/","logo":{"@type":"ImageObject","inLanguage":"de","@id":"https:\/\/visitfinaleligure.it\/de\/#\/schema\/logo\/image\/","url":"https:\/\/visitfinaleligure.it\/wp-content\/uploads\/2023\/04\/cropped-finaleligure-verticale-positivo-200x200-1.png","contentUrl":"https:\/\/visitfinaleligure.it\/wp-content\/uploads\/2023\/04\/cropped-finaleligure-verticale-positivo-200x200-1.png","width":512,"height":512,"caption":"Comune di Finale Ligure"},"image":{"@id":"https:\/\/visitfinaleligure.it\/de\/#\/schema\/logo\/image\/"},"sameAs":["https:\/\/www.facebook.com\/VisitFinaleLigure","https:\/\/www.instagram.com\/visitfinale\/","https:\/\/www.youtube.com\/channel\/UCLmoLfNmrAt9mSCll9egttw"]}]}},"_links":{"self":[{"href":"https:\/\/visitfinaleligure.it\/de\/wp-json\/wp\/v2\/pages\/17852","targetHints":{"allow":["GET"]}}],"collection":[{"href":"https:\/\/visitfinaleligure.it\/de\/wp-json\/wp\/v2\/pages"}],"about":[{"href":"https:\/\/visitfinaleligure.it\/de\/wp-json\/wp\/v2\/types\/page"}],"author":[{"embeddable":true,"href":"https:\/\/visitfinaleligure.it\/de\/wp-json\/wp\/v2\/users\/1"}],"replies":[{"embeddable":true,"href":"https:\/\/visitfinaleligure.it\/de\/wp-json\/wp\/v2\/comments?post=17852"}],"version-history":[{"count":13,"href":"https:\/\/visitfinaleligure.it\/de\/wp-json\/wp\/v2\/pages\/17852\/revisions"}],"predecessor-version":[{"id":18041,"href":"https:\/\/visitfinaleligure.it\/de\/wp-json\/wp\/v2\/pages\/17852\/revisions\/18041"}],"wp:featuredmedia":[{"embeddable":true,"href":"https:\/\/visitfinaleligure.it\/de\/wp-json\/wp\/v2\/media\/11163"}],"wp:attachment":[{"href":"https:\/\/visitfinaleligure.it\/de\/wp-json\/wp\/v2\/media?parent=17852"}],"curies":[{"name":"wp","href":"https:\/\/api.w.org\/{rel}","templated":true}]}}