{"id":7386,"date":"2023-03-21T11:25:44","date_gmt":"2023-03-21T10:25:44","guid":{"rendered":"https:\/\/visitfinaleligure.it\/ews-finale-ligure\/"},"modified":"2023-04-11T16:32:18","modified_gmt":"2023-04-11T14:32:18","slug":"ews-finale-ligure","status":"publish","type":"page","link":"https:\/\/visitfinaleligure.it\/de\/wichtige-veranstaltungen\/ews-finale-ligure\/","title":{"rendered":"EWS Finale Ligure"},"content":{"rendered":"\n\n\t<section class=\"section\" id=\"section_1306536890\">\n\t\t<div class=\"section-bg fill\" >\n\t\t\t\t\t\t\t\t\t\n\t\t\t\n\n\t\t<\/div>\n\n\t\t\n\n\t\t<div class=\"section-content relative\">\n\t\t\t\n\n\t<div class=\"img has-hover x md-x lg-x y md-y lg-y\" id=\"image_534500461\">\n\t\t\t\t\t\t\t\t<div class=\"img-inner image-cover dark\" style=\"padding-top:40%;\">\n\t\t\t<img loading=\"lazy\" decoding=\"async\" width=\"2500\" height=\"1667\" src=\"https:\/\/visitfinaleligure.it\/wp-content\/uploads\/2023\/03\/Louise-Paulin_foto-Enduro-World-Series-1.jpg\" class=\"attachment-original size-original\" alt=\"EWS Finale Ligure\" srcset=\"https:\/\/visitfinaleligure.it\/wp-content\/uploads\/2023\/03\/Louise-Paulin_foto-Enduro-World-Series-1.jpg 2500w, https:\/\/visitfinaleligure.it\/wp-content\/uploads\/2023\/03\/Louise-Paulin_foto-Enduro-World-Series-1-300x200.jpg 300w, https:\/\/visitfinaleligure.it\/wp-content\/uploads\/2023\/03\/Louise-Paulin_foto-Enduro-World-Series-1-1024x683.jpg 1024w, https:\/\/visitfinaleligure.it\/wp-content\/uploads\/2023\/03\/Louise-Paulin_foto-Enduro-World-Series-1-768x512.jpg 768w, https:\/\/visitfinaleligure.it\/wp-content\/uploads\/2023\/03\/Louise-Paulin_foto-Enduro-World-Series-1-1536x1024.jpg 1536w, https:\/\/visitfinaleligure.it\/wp-content\/uploads\/2023\/03\/Louise-Paulin_foto-Enduro-World-Series-1-2048x1366.jpg 2048w\" sizes=\"auto, (max-width: 2500px) 100vw, 2500px\" \/>\t\t\t\t\t\t\n\t\t\t\t\t<\/div>\n\t\t\t\t\t\t\t\t\n<style>\n#image_534500461 {\n  width: 100%;\n}\n<\/style>\n\t<\/div>\n\t\n\n\n\t\t<\/div>\n\n\t\t\n<style>\n#section_1306536890 {\n  padding-top: 30px;\n  padding-bottom: 30px;\n}\n<\/style>\n\t<\/section>\n\t\n\n\t<section class=\"section\" id=\"section_949670840\">\n\t\t<div class=\"section-bg fill\" >\n\t\t\t\t\t\t\t\t\t\n\t\t\t\n\n\t\t<\/div>\n\n\t\t\n\n\t\t<div class=\"section-content relative\">\n\t\t\t\n\n<div class=\"row\"  id=\"row-1008571679\">\n\n\n\t<div id=\"col-1545548769\" class=\"col hide-for-small medium-1 small-12 large-1\"  >\n\t\t\t\t<div class=\"col-inner text-left\"  >\n\t\t\t\n\t\t\t\n\n\n\t\t<\/div>\n\t\t\t\t\n<style>\n#col-1545548769 > .col-inner {\n  margin: 0px 0px 0px 0px;\n}\n<\/style>\n\t<\/div>\n\n\t\n\n\t<div id=\"col-1947791255\" class=\"col medium-10 small-12 large-10\"  >\n\t\t\t\t<div class=\"col-inner text-left\"  >\n\t\t\t\n\t\t\t\n\n\t<div id=\"text-4061850566\" class=\"text testi-body\">\n\t\t\n\n<h1 class=\"testi-titolo\">Enduro World Series Finale Ligure<\/h1>\n\t\t\n<style>\n#text-4061850566 {\n  font-size: 1.5rem;\n  color: rgb(0,0,0);\n}\n#text-4061850566 > * {\n  color: rgb(0,0,0);\n}\n<\/style>\n\t<\/div>\n\t\n<p>Scelta per il suo territorio unico ed il clima ideale per la pratica dell\u2019enduro in mountain bike. I \u201crider\u201d piu\u0300 importanti del panorama mondiale di MTB si danno appuntamento ogni anno a Finale Ligure per l\u2019evento di riferimento della stagione Enduro, cui non si puo\u0300 mancare. La gara fa parte del FLOW, Festival dell\u2019Outdoor Finalese.<\/p>\n<p>Ogni edizione presenta un percorso differente, mettendo in evidenza la quantit\u00e0 e la grande variet\u00e0 di sentieri che il Finalese \u00e8 in grado di offrire.<\/p>\n<p>FinalEnduro \u00e8 una manifestazione che nasce nel 2008 e che vede l\u2019organizzazione della Tappa finale del Campionato Mondiale della disciplina Enduro di MTB.<\/p>\n<p>La disciplina, oltre a essere la pi\u00f9 giovane tra le specialit\u00e0 del ciclismo fuoristrada, \u00e8 anche tra le pi\u00f9 spettacolari e presenta un format di gara, molto simile a quello dei rally, che vede l\u2019alternarsi di \u201ctrasferimenti\u201d (tratti di percorso non cronometrati, ma che vanno percorsi entro un tempo limite) a \u201cprove speciali\u201d (tratti di percorso cronometrati e che sono prevalentemente discesistici).<\/p>\n<p>Grazie al clima mite e perfetto tutto l\u2019anno per la pratica della Mountain Bike, sin dal primo anno il FinalEnduro viene organizzato nel mese di ottobre, alternandosi perfettamente all\u2019altro grande evento ciclistico di Finale, la 24 ore, che viene organizzata a maggio.<br>\nRappresentando quindi uno degli eventi di chiusura della stagione ciclistica, e offrendo una variet\u00e0 di percorsi entusiasmanti sia dal punto di vista tecnico che da quello emozioanale, \u00e8 diventato gi\u00e0 nelle prime edizioni l\u2019evento di riferimento della stagione. L\u2019evento a cui non si poteva mancare.<\/p>\n\t<div id=\"gap-45371912\" class=\"gap-element clearfix\" style=\"display:block; height:auto;\">\n\t\t\n<style>\n#gap-45371912 {\n  padding-top: 50px;\n}\n<\/style>\n\t<\/div>\n\t\n\n\n  \n    <div class=\"row large-columns-3 medium-columns- small-columns-2 row-xsmall\" >\n  <div class=\"gallery-col col\" >\n          <div class=\"col-inner\">\n            <a class=\"image-lightbox lightbox-gallery\" href=\"https:\/\/visitfinaleligure.it\/wp-content\/uploads\/2022\/12\/FLOW_2018_244-768x512-2.webp\" title=\"\">            <div class=\"box has-hover gallery-box box-overlay dark\">\n              <div class=\"box-image\" >\n                <img loading=\"lazy\" decoding=\"async\" width=\"768\" height=\"512\" src=\"https:\/\/visitfinaleligure.it\/wp-content\/uploads\/2022\/12\/FLOW_2018_244-768x512-2.webp\" class=\"attachment-original size-original\" alt=\"\" ids=\"1247,1041,2500\" col_spacing=\"xsmall\" columns=\"3\" image_size=\"original\" srcset=\"https:\/\/visitfinaleligure.it\/wp-content\/uploads\/2022\/12\/FLOW_2018_244-768x512-2.webp 768w, https:\/\/visitfinaleligure.it\/wp-content\/uploads\/2022\/12\/FLOW_2018_244-768x512-2-300x200.webp 300w\" sizes=\"auto, (max-width: 768px) 100vw, 768px\" \/>                                  <div class=\"overlay fill\"\n                      style=\"background-color: rgba(0,0,0,.15)\">\n                  <\/div>\n                                                              <\/div>\n              <div class=\"box-text text-left\" >\n                 <p><\/p>\n              <\/div>\n            <\/div>\n            <\/a>          <\/div>\n         <\/div><div class=\"gallery-col col\" >\n          <div class=\"col-inner\">\n            <a class=\"image-lightbox lightbox-gallery\" href=\"https:\/\/visitfinaleligure.it\/wp-content\/uploads\/2022\/12\/FLOW_2018_100-1024x683.jpg\" title=\"\">            <div class=\"box has-hover gallery-box box-overlay dark\">\n              <div class=\"box-image\" >\n                <img loading=\"lazy\" decoding=\"async\" width=\"1500\" height=\"1000\" src=\"https:\/\/visitfinaleligure.it\/wp-content\/uploads\/2022\/12\/FLOW_2018_100.jpg\" class=\"attachment-original size-original\" alt=\"\" ids=\"1247,1041,2500\" col_spacing=\"xsmall\" columns=\"3\" image_size=\"original\" srcset=\"https:\/\/visitfinaleligure.it\/wp-content\/uploads\/2022\/12\/FLOW_2018_100.jpg 1500w, https:\/\/visitfinaleligure.it\/wp-content\/uploads\/2022\/12\/FLOW_2018_100-300x200.jpg 300w, https:\/\/visitfinaleligure.it\/wp-content\/uploads\/2022\/12\/FLOW_2018_100-1024x683.jpg 1024w, https:\/\/visitfinaleligure.it\/wp-content\/uploads\/2022\/12\/FLOW_2018_100-768x512.jpg 768w\" sizes=\"auto, (max-width: 1500px) 100vw, 1500px\" \/>                                  <div class=\"overlay fill\"\n                      style=\"background-color: rgba(0,0,0,.15)\">\n                  <\/div>\n                                                              <\/div>\n              <div class=\"box-text text-left\" >\n                 <p><\/p>\n              <\/div>\n            <\/div>\n            <\/a>          <\/div>\n         <\/div><div class=\"gallery-col col\" >\n          <div class=\"col-inner\">\n            <a class=\"image-lightbox lightbox-gallery\" href=\"https:\/\/visitfinaleligure.it\/wp-content\/uploads\/2023\/02\/FLOW_2017_766_1-1-1024x683.jpg\" title=\"\">            <div class=\"box has-hover gallery-box box-overlay dark\">\n              <div class=\"box-image\" >\n                <img loading=\"lazy\" decoding=\"async\" width=\"1500\" height=\"1000\" src=\"https:\/\/visitfinaleligure.it\/wp-content\/uploads\/2023\/02\/FLOW_2017_766_1-1.jpg\" class=\"attachment-original size-original\" alt=\"\" ids=\"1247,1041,2500\" col_spacing=\"xsmall\" columns=\"3\" image_size=\"original\" srcset=\"https:\/\/visitfinaleligure.it\/wp-content\/uploads\/2023\/02\/FLOW_2017_766_1-1.jpg 1500w, https:\/\/visitfinaleligure.it\/wp-content\/uploads\/2023\/02\/FLOW_2017_766_1-1-300x200.jpg 300w, https:\/\/visitfinaleligure.it\/wp-content\/uploads\/2023\/02\/FLOW_2017_766_1-1-1024x683.jpg 1024w, https:\/\/visitfinaleligure.it\/wp-content\/uploads\/2023\/02\/FLOW_2017_766_1-1-768x512.jpg 768w\" sizes=\"auto, (max-width: 1500px) 100vw, 1500px\" \/>                                  <div class=\"overlay fill\"\n                      style=\"background-color: rgba(0,0,0,.15)\">\n                  <\/div>\n                                                              <\/div>\n              <div class=\"box-text text-left\" >\n                 <p><\/p>\n              <\/div>\n            <\/div>\n            <\/a>          <\/div>\n         <\/div><\/div>\n\n\t<div id=\"gap-2096633348\" class=\"gap-element clearfix\" style=\"display:block; height:auto;\">\n\t\t\n<style>\n#gap-2096633348 {\n  padding-top: 30px;\n}\n<\/style>\n\t<\/div>\n\t\n\n<div class=\"row\"  id=\"row-1226418683\">\n\n\n\t<div id=\"col-1601320893\" class=\"col medium-2 small-12 large-2\"  >\n\t\t\t\t<div class=\"col-inner\"  >\n\t\t\t\n\t\t\t\n\n\n\t\t<\/div>\n\t\t\t\t\t<\/div>\n\n\t\n\n\t<div id=\"col-147195637\" class=\"col medium-8 small-12 large-8\"  >\n\t\t\t\t<div class=\"col-inner\"  >\n\t\t\t\n\t\t\t\n\n\t<div id=\"text-245715696\" class=\"text testi-sotto-titolo\">\n\t\t\n\n<h2>W\u00e4hlen Sie Ihren Urlaub<\/h2>\n\t\t\n<style>\n#text-245715696 {\n  text-align: center;\n  color: rgb(0,0,0);\n}\n#text-245715696 > * {\n  color: rgb(0,0,0);\n}\n<\/style>\n\t<\/div>\n\t\n\t<div id=\"text-3753486176\" class=\"text\">\n\t\t\n\n<p>Wir haben Erlebnisse ausgew\u00e4hlt, die das Eigentliche eines Urlaubs in Finale Ligure ausmachen.<\/p>\n\t\t\n<style>\n#text-3753486176 {\n  text-align: center;\n  color: rgb(0,0,0);\n}\n#text-3753486176 > * {\n  color: rgb(0,0,0);\n}\n<\/style>\n\t<\/div>\n\t\n<div class=\"row\"  id=\"row-1810197114\">\n\n\n\t<div id=\"col-139666969\" class=\"col medium-3 small-6 large-3\"  >\n\t\t\t\t<div class=\"col-inner text-center\"  >\n\t\t\t\n\t\t\t\n\n\t<div class=\"img has-hover x md-x lg-x y md-y lg-y\" id=\"image_1976355712\">\n\t\t<a class=\"\" href=\"https:\/\/visitfinaleligure.it\/active\/\" >\t\t\t\t\t\t<div class=\"img-inner dark\" >\n\t\t\t<img loading=\"lazy\" decoding=\"async\" width=\"197\" height=\"196\" src=\"https:\/\/visitfinaleligure.it\/wp-content\/uploads\/2023\/03\/bollino-finale-active-exe.png\" class=\"attachment-large size-large\" alt=\"\" srcset=\"https:\/\/visitfinaleligure.it\/wp-content\/uploads\/2023\/03\/bollino-finale-active-exe.png 197w, https:\/\/visitfinaleligure.it\/wp-content\/uploads\/2023\/03\/bollino-finale-active-exe-150x150.png 150w\" sizes=\"auto, (max-width: 197px) 100vw, 197px\" \/>\t\t\t\t\t\t\n\t\t\t\t\t<\/div>\n\t\t\t\t\t\t<\/a>\t\t\n<style>\n#image_1976355712 {\n  width: 100%;\n}\n@media (min-width:850px) {\n  #image_1976355712 {\n    width: 70%;\n  }\n}\n<\/style>\n\t<\/div>\n\t\n\n\n\t\t<\/div>\n\t\t\t\t\t<\/div>\n\n\t\n\n\t<div id=\"col-368811619\" class=\"col medium-3 small-6 large-3\"  >\n\t\t\t\t<div class=\"col-inner text-center\"  >\n\t\t\t\n\t\t\t\n\n\t<div class=\"img has-hover x md-x lg-x y md-y lg-y\" id=\"image_897555827\">\n\t\t<a class=\"\" href=\"https:\/\/visitfinaleligure.it\/family\/\" >\t\t\t\t\t\t<div class=\"img-inner dark\" >\n\t\t\t<img loading=\"lazy\" decoding=\"async\" width=\"197\" height=\"196\" src=\"https:\/\/visitfinaleligure.it\/wp-content\/uploads\/2023\/03\/bollino-finale-family-exe.png\" class=\"attachment-large size-large\" alt=\"\" srcset=\"https:\/\/visitfinaleligure.it\/wp-content\/uploads\/2023\/03\/bollino-finale-family-exe.png 197w, https:\/\/visitfinaleligure.it\/wp-content\/uploads\/2023\/03\/bollino-finale-family-exe-150x150.png 150w\" sizes=\"auto, (max-width: 197px) 100vw, 197px\" \/>\t\t\t\t\t\t\n\t\t\t\t\t<\/div>\n\t\t\t\t\t\t<\/a>\t\t\n<style>\n#image_897555827 {\n  width: 100%;\n}\n@media (min-width:850px) {\n  #image_897555827 {\n    width: 70%;\n  }\n}\n<\/style>\n\t<\/div>\n\t\n\n\n\t\t<\/div>\n\t\t\t\t\t<\/div>\n\n\t\n\n\t<div id=\"col-754206289\" class=\"col medium-3 small-6 large-3\"  >\n\t\t\t\t<div class=\"col-inner text-center\"  >\n\t\t\t\n\t\t\t\n\n\t<div class=\"img has-hover x md-x lg-x y md-y lg-y\" id=\"image_1044550094\">\n\t\t<a class=\"\" href=\"https:\/\/visitfinaleligure.it\/slow\/\" >\t\t\t\t\t\t<div class=\"img-inner dark\" >\n\t\t\t<img loading=\"lazy\" decoding=\"async\" width=\"196\" height=\"196\" src=\"https:\/\/visitfinaleligure.it\/wp-content\/uploads\/2023\/03\/bollino-finale-slow-exe.png\" class=\"attachment-large size-large\" alt=\"\" srcset=\"https:\/\/visitfinaleligure.it\/wp-content\/uploads\/2023\/03\/bollino-finale-slow-exe.png 196w, https:\/\/visitfinaleligure.it\/wp-content\/uploads\/2023\/03\/bollino-finale-slow-exe-150x150.png 150w\" sizes=\"auto, (max-width: 196px) 100vw, 196px\" \/>\t\t\t\t\t\t\n\t\t\t\t\t<\/div>\n\t\t\t\t\t\t<\/a>\t\t\n<style>\n#image_1044550094 {\n  width: 100%;\n}\n@media (min-width:850px) {\n  #image_1044550094 {\n    width: 70%;\n  }\n}\n<\/style>\n\t<\/div>\n\t\n\n\n\t\t<\/div>\n\t\t\t\t\t<\/div>\n\n\t\n\n\t<div id=\"col-39602653\" class=\"col medium-3 small-6 large-3\"  >\n\t\t\t\t<div class=\"col-inner text-center\"  >\n\t\t\t\n\t\t\t\n\n\t<div class=\"img has-hover x md-x lg-x y md-y lg-y\" id=\"image_1564214413\">\n\t\t<a class=\"\" href=\"https:\/\/visitfinaleligure.it\/training\/\" >\t\t\t\t\t\t<div class=\"img-inner dark\" >\n\t\t\t<img loading=\"lazy\" decoding=\"async\" width=\"196\" height=\"196\" src=\"https:\/\/visitfinaleligure.it\/wp-content\/uploads\/2023\/03\/bollino-finale-training-exe.png\" class=\"attachment-large size-large\" alt=\"\" srcset=\"https:\/\/visitfinaleligure.it\/wp-content\/uploads\/2023\/03\/bollino-finale-training-exe.png 196w, https:\/\/visitfinaleligure.it\/wp-content\/uploads\/2023\/03\/bollino-finale-training-exe-150x150.png 150w\" sizes=\"auto, (max-width: 196px) 100vw, 196px\" \/>\t\t\t\t\t\t\n\t\t\t\t\t<\/div>\n\t\t\t\t\t\t<\/a>\t\t\n<style>\n#image_1564214413 {\n  width: 100%;\n}\n@media (min-width:850px) {\n  #image_1564214413 {\n    width: 70%;\n  }\n}\n<\/style>\n\t<\/div>\n\t\n\n\n\t\t<\/div>\n\t\t\t\t\t<\/div>\n\n\t\n\n<\/div>\n\n\t\t<\/div>\n\t\t\t\t\t<\/div>\n\n\t\n\n\t<div id=\"col-194206743\" class=\"col medium-2 small-12 large-2\"  >\n\t\t\t\t<div class=\"col-inner\"  >\n\t\t\t\n\t\t\t\n\n\n\t\t<\/div>\n\t\t\t\t\t<\/div>\n\n\t\n\n<\/div>\n\n\t\t<\/div>\n\t\t\t\t\t<\/div>\n\n\t\n\n\t<div id=\"col-1583381925\" class=\"col hide-for-small medium-1 small-7 large-1\"  >\n\t\t\t\t<div class=\"col-inner text-left\"  >\n\t\t\t\n\t\t\t\n\n\n\t\t<\/div>\n\t\t\t\t\n<style>\n#col-1583381925 > .col-inner {\n  margin: 0px 0px 0px 0px;\n}\n<\/style>\n\t<\/div>\n\n\t\n\n<\/div>\n\n\t\t<\/div>\n\n\t\t\n<style>\n#section_949670840 {\n  padding-top: 0px;\n  padding-bottom: 0px;\n}\n<\/style>\n\t<\/section>\n\t\n","protected":false},"excerpt":{"rendered":"","protected":false},"author":1,"featured_media":7219,"parent":7725,"menu_order":0,"comment_status":"closed","ping_status":"closed","template":"page-blank.php","meta":{"footnotes":""},"class_list":["post-7386","page","type-page","status-publish","has-post-thumbnail","hentry"],"yoast_head":"<!-- This site is optimized with the Yoast SEO plugin v27.3 - https:\/\/yoast.com\/product\/yoast-seo-wordpress\/ -->\n<title>EWS Finale Ligure - Visit Finale Ligure<\/title>\n<meta name=\"description\" content=\"Seit 2008 findet bei FinalEnduro jedes Jahr im Oktober die Endrunde der MTB-Enduro-Weltmeisterschaft statt.\" \/>\n<meta name=\"robots\" content=\"index, follow, max-snippet:-1, max-image-preview:large, max-video-preview:-1\" \/>\n<link rel=\"canonical\" href=\"https:\/\/visitfinaleligure.it\/de\/wichtige-veranstaltungen\/ews-finale-ligure\/\" \/>\n<meta property=\"og:locale\" content=\"de_DE\" \/>\n<meta property=\"og:type\" content=\"article\" \/>\n<meta property=\"og:title\" content=\"EWS Finale Ligure - Visit Finale Ligure\" \/>\n<meta property=\"og:description\" content=\"Seit 2008 findet bei FinalEnduro jedes Jahr im Oktober die Endrunde der MTB-Enduro-Weltmeisterschaft statt.\" \/>\n<meta property=\"og:url\" content=\"https:\/\/visitfinaleligure.it\/de\/wichtige-veranstaltungen\/ews-finale-ligure\/\" \/>\n<meta property=\"og:site_name\" content=\"Visit Finale Ligure\" \/>\n<meta property=\"article:publisher\" content=\"https:\/\/www.facebook.com\/VisitFinaleLigure\" \/>\n<meta property=\"article:modified_time\" content=\"2023-04-11T14:32:18+00:00\" \/>\n<meta property=\"og:image\" content=\"https:\/\/visitfinaleligure.it\/wp-content\/uploads\/2023\/03\/Louise-Paulin_foto-Enduro-World-Series-1.jpg\" \/>\n\t<meta property=\"og:image:width\" content=\"2500\" \/>\n\t<meta property=\"og:image:height\" content=\"1667\" \/>\n\t<meta property=\"og:image:type\" content=\"image\/jpeg\" \/>\n<meta name=\"twitter:card\" content=\"summary_large_image\" \/>\n<meta name=\"twitter:label1\" content=\"Gesch\u00e4tzte Lesezeit\" \/>\n\t<meta name=\"twitter:data1\" content=\"2\u00a0Minuten\" \/>\n<script type=\"application\/ld+json\" class=\"yoast-schema-graph\">{\"@context\":\"https:\\\/\\\/schema.org\",\"@graph\":[{\"@type\":\"WebPage\",\"@id\":\"https:\\\/\\\/visitfinaleligure.it\\\/de\\\/wichtige-veranstaltungen\\\/ews-finale-ligure\\\/\",\"url\":\"https:\\\/\\\/visitfinaleligure.it\\\/de\\\/wichtige-veranstaltungen\\\/ews-finale-ligure\\\/\",\"name\":\"EWS Finale Ligure - Visit Finale Ligure\",\"isPartOf\":{\"@id\":\"https:\\\/\\\/visitfinaleligure.it\\\/de\\\/#website\"},\"primaryImageOfPage\":{\"@id\":\"https:\\\/\\\/visitfinaleligure.it\\\/de\\\/wichtige-veranstaltungen\\\/ews-finale-ligure\\\/#primaryimage\"},\"image\":{\"@id\":\"https:\\\/\\\/visitfinaleligure.it\\\/de\\\/wichtige-veranstaltungen\\\/ews-finale-ligure\\\/#primaryimage\"},\"thumbnailUrl\":\"https:\\\/\\\/visitfinaleligure.it\\\/wp-content\\\/uploads\\\/2023\\\/03\\\/Louise-Paulin_foto-Enduro-World-Series-1.jpg\",\"datePublished\":\"2023-03-21T10:25:44+00:00\",\"dateModified\":\"2023-04-11T14:32:18+00:00\",\"description\":\"Seit 2008 findet bei FinalEnduro jedes Jahr im Oktober die Endrunde der MTB-Enduro-Weltmeisterschaft statt.\",\"breadcrumb\":{\"@id\":\"https:\\\/\\\/visitfinaleligure.it\\\/de\\\/wichtige-veranstaltungen\\\/ews-finale-ligure\\\/#breadcrumb\"},\"inLanguage\":\"de\",\"potentialAction\":[{\"@type\":\"ReadAction\",\"target\":[\"https:\\\/\\\/visitfinaleligure.it\\\/de\\\/wichtige-veranstaltungen\\\/ews-finale-ligure\\\/\"]}]},{\"@type\":\"ImageObject\",\"inLanguage\":\"de\",\"@id\":\"https:\\\/\\\/visitfinaleligure.it\\\/de\\\/wichtige-veranstaltungen\\\/ews-finale-ligure\\\/#primaryimage\",\"url\":\"https:\\\/\\\/visitfinaleligure.it\\\/wp-content\\\/uploads\\\/2023\\\/03\\\/Louise-Paulin_foto-Enduro-World-Series-1.jpg\",\"contentUrl\":\"https:\\\/\\\/visitfinaleligure.it\\\/wp-content\\\/uploads\\\/2023\\\/03\\\/Louise-Paulin_foto-Enduro-World-Series-1.jpg\",\"width\":2500,\"height\":1667},{\"@type\":\"BreadcrumbList\",\"@id\":\"https:\\\/\\\/visitfinaleligure.it\\\/de\\\/wichtige-veranstaltungen\\\/ews-finale-ligure\\\/#breadcrumb\",\"itemListElement\":[{\"@type\":\"ListItem\",\"position\":1,\"name\":\"Home\",\"item\":\"https:\\\/\\\/visitfinaleligure.it\\\/de\\\/\"},{\"@type\":\"ListItem\",\"position\":2,\"name\":\"Wichtige Veranstaltungen\",\"item\":\"https:\\\/\\\/visitfinaleligure.it\\\/de\\\/wichtige-veranstaltungen\\\/\"},{\"@type\":\"ListItem\",\"position\":3,\"name\":\"EWS Finale Ligure\"}]},{\"@type\":\"WebSite\",\"@id\":\"https:\\\/\\\/visitfinaleligure.it\\\/de\\\/#website\",\"url\":\"https:\\\/\\\/visitfinaleligure.it\\\/de\\\/\",\"name\":\"Visit Finale Ligure\",\"description\":\"My perfect place\",\"publisher\":{\"@id\":\"https:\\\/\\\/visitfinaleligure.it\\\/de\\\/#organization\"},\"potentialAction\":[{\"@type\":\"SearchAction\",\"target\":{\"@type\":\"EntryPoint\",\"urlTemplate\":\"https:\\\/\\\/visitfinaleligure.it\\\/de\\\/?s={search_term_string}\"},\"query-input\":{\"@type\":\"PropertyValueSpecification\",\"valueRequired\":true,\"valueName\":\"search_term_string\"}}],\"inLanguage\":\"de\"},{\"@type\":\"Organization\",\"@id\":\"https:\\\/\\\/visitfinaleligure.it\\\/de\\\/#organization\",\"name\":\"Comune di Finale Ligure\",\"url\":\"https:\\\/\\\/visitfinaleligure.it\\\/de\\\/\",\"logo\":{\"@type\":\"ImageObject\",\"inLanguage\":\"de\",\"@id\":\"https:\\\/\\\/visitfinaleligure.it\\\/de\\\/#\\\/schema\\\/logo\\\/image\\\/\",\"url\":\"https:\\\/\\\/visitfinaleligure.it\\\/wp-content\\\/uploads\\\/2023\\\/04\\\/cropped-finaleligure-verticale-positivo-200x200-1.png\",\"contentUrl\":\"https:\\\/\\\/visitfinaleligure.it\\\/wp-content\\\/uploads\\\/2023\\\/04\\\/cropped-finaleligure-verticale-positivo-200x200-1.png\",\"width\":512,\"height\":512,\"caption\":\"Comune di Finale Ligure\"},\"image\":{\"@id\":\"https:\\\/\\\/visitfinaleligure.it\\\/de\\\/#\\\/schema\\\/logo\\\/image\\\/\"},\"sameAs\":[\"https:\\\/\\\/www.facebook.com\\\/VisitFinaleLigure\",\"https:\\\/\\\/www.instagram.com\\\/visitfinale\\\/\",\"https:\\\/\\\/www.youtube.com\\\/channel\\\/UCLmoLfNmrAt9mSCll9egttw\"]}]}<\/script>\n<!-- \/ Yoast SEO plugin. -->","yoast_head_json":{"title":"EWS Finale Ligure - Visit Finale Ligure","description":"Seit 2008 findet bei FinalEnduro jedes Jahr im Oktober die Endrunde der MTB-Enduro-Weltmeisterschaft statt.","robots":{"index":"index","follow":"follow","max-snippet":"max-snippet:-1","max-image-preview":"max-image-preview:large","max-video-preview":"max-video-preview:-1"},"canonical":"https:\/\/visitfinaleligure.it\/de\/wichtige-veranstaltungen\/ews-finale-ligure\/","og_locale":"de_DE","og_type":"article","og_title":"EWS Finale Ligure - Visit Finale Ligure","og_description":"Seit 2008 findet bei FinalEnduro jedes Jahr im Oktober die Endrunde der MTB-Enduro-Weltmeisterschaft statt.","og_url":"https:\/\/visitfinaleligure.it\/de\/wichtige-veranstaltungen\/ews-finale-ligure\/","og_site_name":"Visit Finale Ligure","article_publisher":"https:\/\/www.facebook.com\/VisitFinaleLigure","article_modified_time":"2023-04-11T14:32:18+00:00","og_image":[{"width":2500,"height":1667,"url":"https:\/\/visitfinaleligure.it\/wp-content\/uploads\/2023\/03\/Louise-Paulin_foto-Enduro-World-Series-1.jpg","type":"image\/jpeg"}],"twitter_card":"summary_large_image","twitter_misc":{"Gesch\u00e4tzte Lesezeit":"2\u00a0Minuten"},"schema":{"@context":"https:\/\/schema.org","@graph":[{"@type":"WebPage","@id":"https:\/\/visitfinaleligure.it\/de\/wichtige-veranstaltungen\/ews-finale-ligure\/","url":"https:\/\/visitfinaleligure.it\/de\/wichtige-veranstaltungen\/ews-finale-ligure\/","name":"EWS Finale Ligure - Visit Finale Ligure","isPartOf":{"@id":"https:\/\/visitfinaleligure.it\/de\/#website"},"primaryImageOfPage":{"@id":"https:\/\/visitfinaleligure.it\/de\/wichtige-veranstaltungen\/ews-finale-ligure\/#primaryimage"},"image":{"@id":"https:\/\/visitfinaleligure.it\/de\/wichtige-veranstaltungen\/ews-finale-ligure\/#primaryimage"},"thumbnailUrl":"https:\/\/visitfinaleligure.it\/wp-content\/uploads\/2023\/03\/Louise-Paulin_foto-Enduro-World-Series-1.jpg","datePublished":"2023-03-21T10:25:44+00:00","dateModified":"2023-04-11T14:32:18+00:00","description":"Seit 2008 findet bei FinalEnduro jedes Jahr im Oktober die Endrunde der MTB-Enduro-Weltmeisterschaft statt.","breadcrumb":{"@id":"https:\/\/visitfinaleligure.it\/de\/wichtige-veranstaltungen\/ews-finale-ligure\/#breadcrumb"},"inLanguage":"de","potentialAction":[{"@type":"ReadAction","target":["https:\/\/visitfinaleligure.it\/de\/wichtige-veranstaltungen\/ews-finale-ligure\/"]}]},{"@type":"ImageObject","inLanguage":"de","@id":"https:\/\/visitfinaleligure.it\/de\/wichtige-veranstaltungen\/ews-finale-ligure\/#primaryimage","url":"https:\/\/visitfinaleligure.it\/wp-content\/uploads\/2023\/03\/Louise-Paulin_foto-Enduro-World-Series-1.jpg","contentUrl":"https:\/\/visitfinaleligure.it\/wp-content\/uploads\/2023\/03\/Louise-Paulin_foto-Enduro-World-Series-1.jpg","width":2500,"height":1667},{"@type":"BreadcrumbList","@id":"https:\/\/visitfinaleligure.it\/de\/wichtige-veranstaltungen\/ews-finale-ligure\/#breadcrumb","itemListElement":[{"@type":"ListItem","position":1,"name":"Home","item":"https:\/\/visitfinaleligure.it\/de\/"},{"@type":"ListItem","position":2,"name":"Wichtige Veranstaltungen","item":"https:\/\/visitfinaleligure.it\/de\/wichtige-veranstaltungen\/"},{"@type":"ListItem","position":3,"name":"EWS Finale Ligure"}]},{"@type":"WebSite","@id":"https:\/\/visitfinaleligure.it\/de\/#website","url":"https:\/\/visitfinaleligure.it\/de\/","name":"Visit Finale Ligure","description":"My perfect place","publisher":{"@id":"https:\/\/visitfinaleligure.it\/de\/#organization"},"potentialAction":[{"@type":"SearchAction","target":{"@type":"EntryPoint","urlTemplate":"https:\/\/visitfinaleligure.it\/de\/?s={search_term_string}"},"query-input":{"@type":"PropertyValueSpecification","valueRequired":true,"valueName":"search_term_string"}}],"inLanguage":"de"},{"@type":"Organization","@id":"https:\/\/visitfinaleligure.it\/de\/#organization","name":"Comune di Finale Ligure","url":"https:\/\/visitfinaleligure.it\/de\/","logo":{"@type":"ImageObject","inLanguage":"de","@id":"https:\/\/visitfinaleligure.it\/de\/#\/schema\/logo\/image\/","url":"https:\/\/visitfinaleligure.it\/wp-content\/uploads\/2023\/04\/cropped-finaleligure-verticale-positivo-200x200-1.png","contentUrl":"https:\/\/visitfinaleligure.it\/wp-content\/uploads\/2023\/04\/cropped-finaleligure-verticale-positivo-200x200-1.png","width":512,"height":512,"caption":"Comune di Finale Ligure"},"image":{"@id":"https:\/\/visitfinaleligure.it\/de\/#\/schema\/logo\/image\/"},"sameAs":["https:\/\/www.facebook.com\/VisitFinaleLigure","https:\/\/www.instagram.com\/visitfinale\/","https:\/\/www.youtube.com\/channel\/UCLmoLfNmrAt9mSCll9egttw"]}]}},"_links":{"self":[{"href":"https:\/\/visitfinaleligure.it\/de\/wp-json\/wp\/v2\/pages\/7386","targetHints":{"allow":["GET"]}}],"collection":[{"href":"https:\/\/visitfinaleligure.it\/de\/wp-json\/wp\/v2\/pages"}],"about":[{"href":"https:\/\/visitfinaleligure.it\/de\/wp-json\/wp\/v2\/types\/page"}],"author":[{"embeddable":true,"href":"https:\/\/visitfinaleligure.it\/de\/wp-json\/wp\/v2\/users\/1"}],"replies":[{"embeddable":true,"href":"https:\/\/visitfinaleligure.it\/de\/wp-json\/wp\/v2\/comments?post=7386"}],"version-history":[{"count":3,"href":"https:\/\/visitfinaleligure.it\/de\/wp-json\/wp\/v2\/pages\/7386\/revisions"}],"predecessor-version":[{"id":7389,"href":"https:\/\/visitfinaleligure.it\/de\/wp-json\/wp\/v2\/pages\/7386\/revisions\/7389"}],"up":[{"embeddable":true,"href":"https:\/\/visitfinaleligure.it\/de\/wp-json\/wp\/v2\/pages\/7725"}],"wp:featuredmedia":[{"embeddable":true,"href":"https:\/\/visitfinaleligure.it\/de\/wp-json\/wp\/v2\/media\/7219"}],"wp:attachment":[{"href":"https:\/\/visitfinaleligure.it\/de\/wp-json\/wp\/v2\/media?parent=7386"}],"curies":[{"name":"wp","href":"https:\/\/api.w.org\/{rel}","templated":true}]}}