{"id":7395,"date":"2022-11-21T14:30:15","date_gmt":"2022-11-21T13:30:15","guid":{"rendered":"https:\/\/visitfinaleligure.it\/natur\/"},"modified":"2025-08-07T16:41:30","modified_gmt":"2025-08-07T14:41:30","slug":"natur","status":"publish","type":"page","link":"https:\/\/visitfinaleligure.it\/de\/natur\/","title":{"rendered":"Natur"},"content":{"rendered":"\n\n\t<section class=\"section\" id=\"section_708474683\">\n\t\t<div class=\"section-bg fill\" >\n\t\t\t\t\t\t\t\t\t\n\t\t\t\n\n\t\t<\/div>\n\n\t\t\n\n\t\t<div class=\"section-content relative\">\n\t\t\t\n\n\t<div class=\"img has-hover x md-x lg-x y md-y lg-y\" id=\"image_141424256\">\n\t\t\t\t\t\t\t\t<div class=\"img-inner image-cover dark\" style=\"padding-top:40%;\">\n\t\t\t<img loading=\"lazy\" decoding=\"async\" width=\"1500\" height=\"1000\" src=\"https:\/\/visitfinaleligure.it\/wp-content\/uploads\/2022\/11\/GUFO-REALE-FOTO-CARLO-LOVISOLO-2015-1.jpg\" class=\"attachment-original size-original\" alt=\"territorio della liguria\" srcset=\"https:\/\/visitfinaleligure.it\/wp-content\/uploads\/2022\/11\/GUFO-REALE-FOTO-CARLO-LOVISOLO-2015-1.jpg 1500w, https:\/\/visitfinaleligure.it\/wp-content\/uploads\/2022\/11\/GUFO-REALE-FOTO-CARLO-LOVISOLO-2015-1-300x200.jpg 300w, https:\/\/visitfinaleligure.it\/wp-content\/uploads\/2022\/11\/GUFO-REALE-FOTO-CARLO-LOVISOLO-2015-1-1024x683.jpg 1024w, https:\/\/visitfinaleligure.it\/wp-content\/uploads\/2022\/11\/GUFO-REALE-FOTO-CARLO-LOVISOLO-2015-1-768x512.jpg 768w\" sizes=\"auto, (max-width: 1500px) 100vw, 1500px\" \/>\t\t\t\t\t\t\n\t\t\t\t\t<\/div>\n\t\t\t\t\t\t\t\t\n<style>\n#image_141424256 {\n  width: 100%;\n}\n<\/style>\n\t<\/div>\n\t\n\n\n\t\t<\/div>\n\n\t\t\n<style>\n#section_708474683 {\n  padding-top: 30px;\n  padding-bottom: 30px;\n}\n<\/style>\n\t<\/section>\n\t\n\n\t<section class=\"section\" id=\"section_822678267\">\n\t\t<div class=\"section-bg fill\" >\n\t\t\t\t\t\t\t\t\t\n\t\t\t\n\n\t\t<\/div>\n\n\t\t\n\n\t\t<div class=\"section-content relative\">\n\t\t\t\n\n<div class=\"row align-middle\"  id=\"row-1296233745\">\n\n\n\t<div id=\"col-189359877\" class=\"col hide-for-small medium-1 small-12 large-1\"  >\n\t\t\t\t<div class=\"col-inner\"  >\n\t\t\t\n\t\t\t\n\n\n\t\t<\/div>\n\t\t\t\t\t<\/div>\n\n\t\n\n\t<div id=\"col-1097560549\" class=\"col medium-10 small-12 large-10\"  >\n\t\t\t\t<div class=\"col-inner text-left\"  >\n\t\t\t\n\t\t\t\n\n\t<div id=\"text-390878394\" class=\"text testi-titolo-laterale\">\n\t\t\n\n<p style=\"font-family: 'Rubik'; font-size: 14px; font-weight: 500; color: rgba(39,39,39,0.4);\">EIN GEBIET ALS ZEUGE DER ZEICHEN DER ZEIT<\/h6>\n\t\t\n<style>\n#text-390878394 {\n  font-size: 1.5rem;\n  color: rgb(204, 208, 212);\n}\n#text-390878394 > * {\n  color: rgb(204, 208, 212);\n}\n<\/style>\n\t<\/div>\n\t\n\n\t\t<\/div>\n\t\t\t\t\n<style>\n#col-1097560549 > .col-inner {\n  margin: 0px 0px 0px 0px;\n}\n@media (min-width:550px) {\n  #col-1097560549 > .col-inner {\n    margin: 0px 0px 0px 0px;\n  }\n}\n<\/style>\n\t<\/div>\n\n\t\n\n\t<div id=\"col-782071477\" class=\"col hide-for-small medium-1 small-12 large-1\"  >\n\t\t\t\t<div class=\"col-inner\"  >\n\t\t\t\n\t\t\t\n\n\n\t\t<\/div>\n\t\t\t\t\t<\/div>\n\n\t\n\n\n<style>\n#row-1296233745 > .col > .col-inner {\n  padding: 0px 0px 0px 0px;\n}\n@media (min-width:550px) {\n  #row-1296233745 > .col > .col-inner {\n    padding: 0px 0px 0px 0px;\n  }\n}\n<\/style>\n<\/div>\n<div class=\"row\"  id=\"row-1349898588\">\n\n\n\t<div id=\"col-1117949131\" class=\"col hide-for-small medium-1 small-12 large-1\"  >\n\t\t\t\t<div class=\"col-inner text-left\"  >\n\t\t\t\n\t\t\t\n\n\n\t\t<\/div>\n\t\t\t\t\n<style>\n#col-1117949131 > .col-inner {\n  margin: 0px 0px 0px 0px;\n}\n<\/style>\n\t<\/div>\n\n\t\n\n\t<div id=\"col-952545236\" class=\"col medium-10 small-12 large-10\"  >\n\t\t\t\t<div class=\"col-inner text-left\"  >\n\t\t\t\n\t\t\t\n\n\t<div id=\"text-2389635979\" class=\"text testi-titolo\">\n\t\t\n\n<h1 class=\"testi-titolo\">Ein Paradies aus Meer und Bergen<\/h1>\n\t\t\n<style>\n#text-2389635979 {\n  color: rgb(0, 0, 0);\n}\n#text-2389635979 > * {\n  color: rgb(0, 0, 0);\n}\n<\/style>\n\t<\/div>\n\t\n\t<div id=\"text-4055887348\" class=\"text testi-body\">\n\t\t\n\n<p>Das Gebiet Ligurien ist einzigartig und bezaubernd in seiner Sch\u00f6nheit, durchdrungen von Kultur: die arch\u00e4ologischen St\u00e4tten, H\u00f6hlen und Felsbilder, die uns von den Kulturen der sp\u00e4ten Urgeschichte hinterlassen wurden. Der Stein in Finale, weltweit bekannt bei Kletterexperten. Die nat\u00fcrliche Landschaft von Finale Ligure ist einzigartig: ein Paradies aus Meer und Bergen, mit einzigartigen Meeresb\u00f6den, Klippen, die sich perfekt zum Klettern eignen, sowie Wander- und Mountainbikewegen mit Blick auf das blaue Meer der westlichen ligurischen Riviera.<\/p>\n\t\t\t<\/div>\n\t\n<div class=\"row\"  id=\"row-976045842\">\n\n\n\t<div id=\"col-1307152393\" class=\"col medium-3 small-12 large-3\"  >\n\t\t\t\t<div class=\"col-inner\"  >\n\t\t\t\n\t\t\t\n\n\t<div class=\"box has-hover   has-hover box-text-bottom\" >\n\n\t\t<div class=\"box-image\" >\n\t\t\t<a href=\"https:\/\/visitfinaleligure.it\/de\/natur\/natur-und-landschaft\/\" >\t\t\t<div class=\"image-zoom-fade image-cover\" style=\"padding-top:100%;\">\n\t\t\t\t<img loading=\"lazy\" decoding=\"async\" width=\"1024\" height=\"461\" src=\"https:\/\/visitfinaleligure.it\/wp-content\/uploads\/2022\/12\/BorgioVerezzi_Verezzi_zonaBondi_Cavallo_panoramaOvest-1024x461-1.jpeg\" class=\"attachment- size-\" alt=\"\" srcset=\"https:\/\/visitfinaleligure.it\/wp-content\/uploads\/2022\/12\/BorgioVerezzi_Verezzi_zonaBondi_Cavallo_panoramaOvest-1024x461-1.jpeg 1024w, https:\/\/visitfinaleligure.it\/wp-content\/uploads\/2022\/12\/BorgioVerezzi_Verezzi_zonaBondi_Cavallo_panoramaOvest-1024x461-1-300x135.jpeg 300w, https:\/\/visitfinaleligure.it\/wp-content\/uploads\/2022\/12\/BorgioVerezzi_Verezzi_zonaBondi_Cavallo_panoramaOvest-1024x461-1-768x346.jpeg 768w\" sizes=\"auto, (max-width: 1024px) 100vw, 1024px\" \/>\t\t\t\t\t\t\t\t\t\t\t<\/div>\n\t\t\t<\/a>\t\t<\/div>\n\n\t\t<div class=\"box-text text-center\" >\n\t\t\t<div class=\"box-text-inner\">\n\t\t\t\t\n\n<h4>Natur und Landschaft<\/h4>\n\n\t\t\t<\/div>\n\t\t<\/div>\n\t<\/div>\n\t\n\n\t\t<\/div>\n\t\t\t\t\t<\/div>\n\n\t\n\n\t<div id=\"col-1519278797\" class=\"col medium-3 small-12 large-3\"  >\n\t\t\t\t<div class=\"col-inner\"  >\n\t\t\t\n\t\t\t\n\n\t<div class=\"box has-hover   has-hover box-text-bottom\" >\n\n\t\t<div class=\"box-image\" >\n\t\t\t<a href=\"https:\/\/visitfinaleligure.it\/de\/natur\/hoehlenkunde\/\" >\t\t\t<div class=\"image-zoom-fade image-cover\" style=\"padding-top:100%;\">\n\t\t\t\t<img loading=\"lazy\" decoding=\"async\" width=\"1400\" height=\"933\" src=\"https:\/\/visitfinaleligure.it\/wp-content\/uploads\/2022\/12\/GROTTA-FALSARI-FOTO-CARLO-LOVISOLO-Copia-Copia.webp\" class=\"attachment-original size-original\" alt=\"speleologia\" srcset=\"https:\/\/visitfinaleligure.it\/wp-content\/uploads\/2022\/12\/GROTTA-FALSARI-FOTO-CARLO-LOVISOLO-Copia-Copia.webp 1400w, https:\/\/visitfinaleligure.it\/wp-content\/uploads\/2022\/12\/GROTTA-FALSARI-FOTO-CARLO-LOVISOLO-Copia-Copia-300x200.webp 300w, https:\/\/visitfinaleligure.it\/wp-content\/uploads\/2022\/12\/GROTTA-FALSARI-FOTO-CARLO-LOVISOLO-Copia-Copia-1024x682.webp 1024w, https:\/\/visitfinaleligure.it\/wp-content\/uploads\/2022\/12\/GROTTA-FALSARI-FOTO-CARLO-LOVISOLO-Copia-Copia-768x512.webp 768w\" sizes=\"auto, (max-width: 1400px) 100vw, 1400px\" \/>\t\t\t\t\t\t\t\t\t\t\t<\/div>\n\t\t\t<\/a>\t\t<\/div>\n\n\t\t<div class=\"box-text text-center\" >\n\t\t\t<div class=\"box-text-inner\">\n\t\t\t\t\n\n<h4>H\u00f6hlenkunde<\/h4>\n\n\t\t\t<\/div>\n\t\t<\/div>\n\t<\/div>\n\t\n\n\t\t<\/div>\n\t\t\t\t\t<\/div>\n\n\t\n\n\t<div id=\"col-1425344050\" class=\"col medium-3 small-12 large-3\"  >\n\t\t\t\t<div class=\"col-inner\"  >\n\t\t\t\n\t\t\t\n\n\t<div class=\"box has-hover   has-hover box-text-bottom\" >\n\n\t\t<div class=\"box-image\" >\n\t\t\t<a href=\"https:\/\/visitfinaleligure.it\/de\/natur\/archaeologie-und-grotten\/\" >\t\t\t<div class=\"image-zoom-fade image-cover\" style=\"padding-top:100%;\">\n\t\t\t\t<img loading=\"lazy\" decoding=\"async\" width=\"1920\" height=\"1272\" src=\"https:\/\/visitfinaleligure.it\/wp-content\/uploads\/2022\/12\/1-BEEHIVE.jpg\" class=\"attachment-original size-original\" alt=\"archeologia cosa studia\" srcset=\"https:\/\/visitfinaleligure.it\/wp-content\/uploads\/2022\/12\/1-BEEHIVE.jpg 1920w, https:\/\/visitfinaleligure.it\/wp-content\/uploads\/2022\/12\/1-BEEHIVE-300x199.jpg 300w, https:\/\/visitfinaleligure.it\/wp-content\/uploads\/2022\/12\/1-BEEHIVE-1024x678.jpg 1024w, https:\/\/visitfinaleligure.it\/wp-content\/uploads\/2022\/12\/1-BEEHIVE-768x509.jpg 768w, https:\/\/visitfinaleligure.it\/wp-content\/uploads\/2022\/12\/1-BEEHIVE-1536x1018.jpg 1536w\" sizes=\"auto, (max-width: 1920px) 100vw, 1920px\" \/>\t\t\t\t\t\t\t\t\t\t\t<\/div>\n\t\t\t<\/a>\t\t<\/div>\n\n\t\t<div class=\"box-text text-center\" >\n\t\t\t<div class=\"box-text-inner\">\n\t\t\t\t\n\n<h4>Arch\u00e4ologie und H\u00f6hlen<\/h4>\n\n\t\t\t<\/div>\n\t\t<\/div>\n\t<\/div>\n\t\n\n\t\t<\/div>\n\t\t\t\t\t<\/div>\n\n\t\n\n\t<div id=\"col-1829708104\" class=\"col medium-3 small-12 large-3\"  >\n\t\t\t\t<div class=\"col-inner\"  >\n\t\t\t\n\t\t\t\n\n\t<div class=\"box has-hover   has-hover box-text-bottom\" >\n\n\t\t<div class=\"box-image\" >\n\t\t\t<a href=\"https:\/\/visitfinaleligure.it\/de\/natur\/geologie\/\" >\t\t\t<div class=\"image-zoom-fade image-cover\" style=\"padding-top:100%;\">\n\t\t\t\t<img loading=\"lazy\" decoding=\"async\" width=\"2560\" height=\"1702\" src=\"https:\/\/visitfinaleligure.it\/wp-content\/uploads\/2022\/12\/FOTO-ARCHIVIO-COMUNE-FINALE-LIGURE-HIGHT-44-scaled-1.webp\" class=\"attachment-original size-original\" alt=\"\" srcset=\"https:\/\/visitfinaleligure.it\/wp-content\/uploads\/2022\/12\/FOTO-ARCHIVIO-COMUNE-FINALE-LIGURE-HIGHT-44-scaled-1.webp 2560w, https:\/\/visitfinaleligure.it\/wp-content\/uploads\/2022\/12\/FOTO-ARCHIVIO-COMUNE-FINALE-LIGURE-HIGHT-44-scaled-1-300x199.webp 300w, https:\/\/visitfinaleligure.it\/wp-content\/uploads\/2022\/12\/FOTO-ARCHIVIO-COMUNE-FINALE-LIGURE-HIGHT-44-scaled-1-1024x681.webp 1024w, https:\/\/visitfinaleligure.it\/wp-content\/uploads\/2022\/12\/FOTO-ARCHIVIO-COMUNE-FINALE-LIGURE-HIGHT-44-scaled-1-768x511.webp 768w, https:\/\/visitfinaleligure.it\/wp-content\/uploads\/2022\/12\/FOTO-ARCHIVIO-COMUNE-FINALE-LIGURE-HIGHT-44-scaled-1-1536x1021.webp 1536w, https:\/\/visitfinaleligure.it\/wp-content\/uploads\/2022\/12\/FOTO-ARCHIVIO-COMUNE-FINALE-LIGURE-HIGHT-44-scaled-1-2048x1362.webp 2048w\" sizes=\"auto, (max-width: 2560px) 100vw, 2560px\" \/>\t\t\t\t\t\t\t\t\t\t\t<\/div>\n\t\t\t<\/a>\t\t<\/div>\n\n\t\t<div class=\"box-text text-center\" >\n\t\t\t<div class=\"box-text-inner\">\n\t\t\t\t\n\n<h4>Geologie<\/h4>\n\n\t\t\t<\/div>\n\t\t<\/div>\n\t<\/div>\n\t\n\n\t\t<\/div>\n\t\t\t\t\t<\/div>\n\n\t\n\n<\/div>\n\n\t\t<\/div>\n\t\t\t\t\n<style>\n#col-952545236 > .col-inner {\n  margin: 0px 0px 0px 0px;\n}\n@media (min-width:550px) {\n  #col-952545236 > .col-inner {\n    margin: -30px 0px 0px 0px;\n  }\n}\n<\/style>\n\t<\/div>\n\n\t\n\n\t<div id=\"col-1426514870\" class=\"col hide-for-small medium-1 small-12 large-1\"  >\n\t\t\t\t<div class=\"col-inner text-left\"  >\n\t\t\t\n\t\t\t\n\n\n\t\t<\/div>\n\t\t\t\t\n<style>\n#col-1426514870 > .col-inner {\n  margin: 0px 0px 0px 0px;\n}\n<\/style>\n\t<\/div>\n\n\t\n\n<\/div>\n\n\t\t<\/div>\n\n\t\t\n<style>\n#section_822678267 {\n  padding-top: 0px;\n  padding-bottom: 0px;\n}\n<\/style>\n\t<\/section>\n\t\n\n","protected":false},"excerpt":{"rendered":"","protected":false},"author":2,"featured_media":4909,"parent":0,"menu_order":0,"comment_status":"closed","ping_status":"closed","template":"page-blank.php","meta":{"footnotes":""},"class_list":["post-7395","page","type-page","status-publish","has-post-thumbnail","hentry"],"yoast_head":"<!-- This site is optimized with the Yoast SEO plugin v27.3 - https:\/\/yoast.com\/product\/yoast-seo-wordpress\/ -->\n<title>Das Gebiet Ligurien - Visit Finale Ligure<\/title>\n<meta name=\"description\" content=\"Finale Ligure ist ein Naturparadies zwischen Meer und Bergen mit arch\u00e4ologischen Sch\u00e4tzen, Felsen, H\u00f6hlen und Kletterrouten.\" \/>\n<meta name=\"robots\" content=\"index, follow, max-snippet:-1, max-image-preview:large, max-video-preview:-1\" \/>\n<link rel=\"canonical\" href=\"https:\/\/visitfinaleligure.it\/de\/natur\/\" \/>\n<meta property=\"og:locale\" content=\"de_DE\" \/>\n<meta property=\"og:type\" content=\"article\" \/>\n<meta property=\"og:title\" content=\"Das Gebiet Ligurien\" \/>\n<meta property=\"og:description\" content=\"Das Gebiet Liguriens besticht durch seine Sch\u00f6nheit: arch\u00e4ologische St\u00e4tten, H\u00f6hlen und Felsbilder, die aus pr\u00e4historischen Zeiten hinterlassen wurden.\" \/>\n<meta property=\"og:url\" content=\"https:\/\/visitfinaleligure.it\/de\/natur\/\" \/>\n<meta property=\"og:site_name\" content=\"Visit Finale Ligure\" \/>\n<meta property=\"article:publisher\" content=\"https:\/\/www.facebook.com\/VisitFinaleLigure\" \/>\n<meta property=\"article:modified_time\" content=\"2025-08-07T14:41:30+00:00\" \/>\n<meta property=\"og:image\" content=\"https:\/\/visitfinaleligure.it\/wp-content\/uploads\/2022\/11\/GUFO-REALE-FOTO-CARLO-LOVISOLO-2015-1-1024x683.jpg\" \/>\n<meta name=\"twitter:card\" content=\"summary_large_image\" \/>\n<meta name=\"twitter:label1\" content=\"Gesch\u00e4tzte Lesezeit\" \/>\n\t<meta name=\"twitter:data1\" content=\"2\u00a0Minuten\" \/>\n<script type=\"application\/ld+json\" class=\"yoast-schema-graph\">{\"@context\":\"https:\\\/\\\/schema.org\",\"@graph\":[{\"@type\":\"WebPage\",\"@id\":\"https:\\\/\\\/visitfinaleligure.it\\\/de\\\/natur\\\/\",\"url\":\"https:\\\/\\\/visitfinaleligure.it\\\/de\\\/natur\\\/\",\"name\":\"Das Gebiet Ligurien - Visit Finale Ligure\",\"isPartOf\":{\"@id\":\"https:\\\/\\\/visitfinaleligure.it\\\/de\\\/#website\"},\"primaryImageOfPage\":{\"@id\":\"https:\\\/\\\/visitfinaleligure.it\\\/de\\\/natur\\\/#primaryimage\"},\"image\":{\"@id\":\"https:\\\/\\\/visitfinaleligure.it\\\/de\\\/natur\\\/#primaryimage\"},\"thumbnailUrl\":\"https:\\\/\\\/visitfinaleligure.it\\\/wp-content\\\/uploads\\\/2022\\\/11\\\/GUFO-REALE-FOTO-CARLO-LOVISOLO-2015-1.jpg\",\"datePublished\":\"2022-11-21T13:30:15+00:00\",\"dateModified\":\"2025-08-07T14:41:30+00:00\",\"description\":\"Finale Ligure ist ein Naturparadies zwischen Meer und Bergen mit arch\u00e4ologischen Sch\u00e4tzen, Felsen, H\u00f6hlen und Kletterrouten.\",\"breadcrumb\":{\"@id\":\"https:\\\/\\\/visitfinaleligure.it\\\/de\\\/natur\\\/#breadcrumb\"},\"inLanguage\":\"de\",\"potentialAction\":[{\"@type\":\"ReadAction\",\"target\":[\"https:\\\/\\\/visitfinaleligure.it\\\/de\\\/natur\\\/\"]}]},{\"@type\":\"ImageObject\",\"inLanguage\":\"de\",\"@id\":\"https:\\\/\\\/visitfinaleligure.it\\\/de\\\/natur\\\/#primaryimage\",\"url\":\"https:\\\/\\\/visitfinaleligure.it\\\/wp-content\\\/uploads\\\/2022\\\/11\\\/GUFO-REALE-FOTO-CARLO-LOVISOLO-2015-1.jpg\",\"contentUrl\":\"https:\\\/\\\/visitfinaleligure.it\\\/wp-content\\\/uploads\\\/2022\\\/11\\\/GUFO-REALE-FOTO-CARLO-LOVISOLO-2015-1.jpg\",\"width\":1500,\"height\":1000},{\"@type\":\"BreadcrumbList\",\"@id\":\"https:\\\/\\\/visitfinaleligure.it\\\/de\\\/natur\\\/#breadcrumb\",\"itemListElement\":[{\"@type\":\"ListItem\",\"position\":1,\"name\":\"Home\",\"item\":\"https:\\\/\\\/visitfinaleligure.it\\\/de\\\/\"},{\"@type\":\"ListItem\",\"position\":2,\"name\":\"Natur\"}]},{\"@type\":\"WebSite\",\"@id\":\"https:\\\/\\\/visitfinaleligure.it\\\/de\\\/#website\",\"url\":\"https:\\\/\\\/visitfinaleligure.it\\\/de\\\/\",\"name\":\"Visit Finale Ligure\",\"description\":\"My perfect place\",\"publisher\":{\"@id\":\"https:\\\/\\\/visitfinaleligure.it\\\/de\\\/#organization\"},\"potentialAction\":[{\"@type\":\"SearchAction\",\"target\":{\"@type\":\"EntryPoint\",\"urlTemplate\":\"https:\\\/\\\/visitfinaleligure.it\\\/de\\\/?s={search_term_string}\"},\"query-input\":{\"@type\":\"PropertyValueSpecification\",\"valueRequired\":true,\"valueName\":\"search_term_string\"}}],\"inLanguage\":\"de\"},{\"@type\":\"Organization\",\"@id\":\"https:\\\/\\\/visitfinaleligure.it\\\/de\\\/#organization\",\"name\":\"Comune di Finale Ligure\",\"url\":\"https:\\\/\\\/visitfinaleligure.it\\\/de\\\/\",\"logo\":{\"@type\":\"ImageObject\",\"inLanguage\":\"de\",\"@id\":\"https:\\\/\\\/visitfinaleligure.it\\\/de\\\/#\\\/schema\\\/logo\\\/image\\\/\",\"url\":\"https:\\\/\\\/visitfinaleligure.it\\\/wp-content\\\/uploads\\\/2023\\\/04\\\/cropped-finaleligure-verticale-positivo-200x200-1.png\",\"contentUrl\":\"https:\\\/\\\/visitfinaleligure.it\\\/wp-content\\\/uploads\\\/2023\\\/04\\\/cropped-finaleligure-verticale-positivo-200x200-1.png\",\"width\":512,\"height\":512,\"caption\":\"Comune di Finale Ligure\"},\"image\":{\"@id\":\"https:\\\/\\\/visitfinaleligure.it\\\/de\\\/#\\\/schema\\\/logo\\\/image\\\/\"},\"sameAs\":[\"https:\\\/\\\/www.facebook.com\\\/VisitFinaleLigure\",\"https:\\\/\\\/www.instagram.com\\\/visitfinale\\\/\",\"https:\\\/\\\/www.youtube.com\\\/channel\\\/UCLmoLfNmrAt9mSCll9egttw\"]}]}<\/script>\n<!-- \/ Yoast SEO plugin. -->","yoast_head_json":{"title":"Das Gebiet Ligurien - Visit Finale Ligure","description":"Finale Ligure ist ein Naturparadies zwischen Meer und Bergen mit arch\u00e4ologischen Sch\u00e4tzen, Felsen, H\u00f6hlen und Kletterrouten.","robots":{"index":"index","follow":"follow","max-snippet":"max-snippet:-1","max-image-preview":"max-image-preview:large","max-video-preview":"max-video-preview:-1"},"canonical":"https:\/\/visitfinaleligure.it\/de\/natur\/","og_locale":"de_DE","og_type":"article","og_title":"Das Gebiet Ligurien","og_description":"Das Gebiet Liguriens besticht durch seine Sch\u00f6nheit: arch\u00e4ologische St\u00e4tten, H\u00f6hlen und Felsbilder, die aus pr\u00e4historischen Zeiten hinterlassen wurden.","og_url":"https:\/\/visitfinaleligure.it\/de\/natur\/","og_site_name":"Visit Finale Ligure","article_publisher":"https:\/\/www.facebook.com\/VisitFinaleLigure","article_modified_time":"2025-08-07T14:41:30+00:00","og_image":[{"url":"https:\/\/visitfinaleligure.it\/wp-content\/uploads\/2022\/11\/GUFO-REALE-FOTO-CARLO-LOVISOLO-2015-1-1024x683.jpg","type":"","width":"","height":""}],"twitter_card":"summary_large_image","twitter_misc":{"Gesch\u00e4tzte Lesezeit":"2\u00a0Minuten"},"schema":{"@context":"https:\/\/schema.org","@graph":[{"@type":"WebPage","@id":"https:\/\/visitfinaleligure.it\/de\/natur\/","url":"https:\/\/visitfinaleligure.it\/de\/natur\/","name":"Das Gebiet Ligurien - Visit Finale Ligure","isPartOf":{"@id":"https:\/\/visitfinaleligure.it\/de\/#website"},"primaryImageOfPage":{"@id":"https:\/\/visitfinaleligure.it\/de\/natur\/#primaryimage"},"image":{"@id":"https:\/\/visitfinaleligure.it\/de\/natur\/#primaryimage"},"thumbnailUrl":"https:\/\/visitfinaleligure.it\/wp-content\/uploads\/2022\/11\/GUFO-REALE-FOTO-CARLO-LOVISOLO-2015-1.jpg","datePublished":"2022-11-21T13:30:15+00:00","dateModified":"2025-08-07T14:41:30+00:00","description":"Finale Ligure ist ein Naturparadies zwischen Meer und Bergen mit arch\u00e4ologischen Sch\u00e4tzen, Felsen, H\u00f6hlen und Kletterrouten.","breadcrumb":{"@id":"https:\/\/visitfinaleligure.it\/de\/natur\/#breadcrumb"},"inLanguage":"de","potentialAction":[{"@type":"ReadAction","target":["https:\/\/visitfinaleligure.it\/de\/natur\/"]}]},{"@type":"ImageObject","inLanguage":"de","@id":"https:\/\/visitfinaleligure.it\/de\/natur\/#primaryimage","url":"https:\/\/visitfinaleligure.it\/wp-content\/uploads\/2022\/11\/GUFO-REALE-FOTO-CARLO-LOVISOLO-2015-1.jpg","contentUrl":"https:\/\/visitfinaleligure.it\/wp-content\/uploads\/2022\/11\/GUFO-REALE-FOTO-CARLO-LOVISOLO-2015-1.jpg","width":1500,"height":1000},{"@type":"BreadcrumbList","@id":"https:\/\/visitfinaleligure.it\/de\/natur\/#breadcrumb","itemListElement":[{"@type":"ListItem","position":1,"name":"Home","item":"https:\/\/visitfinaleligure.it\/de\/"},{"@type":"ListItem","position":2,"name":"Natur"}]},{"@type":"WebSite","@id":"https:\/\/visitfinaleligure.it\/de\/#website","url":"https:\/\/visitfinaleligure.it\/de\/","name":"Visit Finale Ligure","description":"My perfect place","publisher":{"@id":"https:\/\/visitfinaleligure.it\/de\/#organization"},"potentialAction":[{"@type":"SearchAction","target":{"@type":"EntryPoint","urlTemplate":"https:\/\/visitfinaleligure.it\/de\/?s={search_term_string}"},"query-input":{"@type":"PropertyValueSpecification","valueRequired":true,"valueName":"search_term_string"}}],"inLanguage":"de"},{"@type":"Organization","@id":"https:\/\/visitfinaleligure.it\/de\/#organization","name":"Comune di Finale Ligure","url":"https:\/\/visitfinaleligure.it\/de\/","logo":{"@type":"ImageObject","inLanguage":"de","@id":"https:\/\/visitfinaleligure.it\/de\/#\/schema\/logo\/image\/","url":"https:\/\/visitfinaleligure.it\/wp-content\/uploads\/2023\/04\/cropped-finaleligure-verticale-positivo-200x200-1.png","contentUrl":"https:\/\/visitfinaleligure.it\/wp-content\/uploads\/2023\/04\/cropped-finaleligure-verticale-positivo-200x200-1.png","width":512,"height":512,"caption":"Comune di Finale Ligure"},"image":{"@id":"https:\/\/visitfinaleligure.it\/de\/#\/schema\/logo\/image\/"},"sameAs":["https:\/\/www.facebook.com\/VisitFinaleLigure","https:\/\/www.instagram.com\/visitfinale\/","https:\/\/www.youtube.com\/channel\/UCLmoLfNmrAt9mSCll9egttw"]}]}},"_links":{"self":[{"href":"https:\/\/visitfinaleligure.it\/de\/wp-json\/wp\/v2\/pages\/7395","targetHints":{"allow":["GET"]}}],"collection":[{"href":"https:\/\/visitfinaleligure.it\/de\/wp-json\/wp\/v2\/pages"}],"about":[{"href":"https:\/\/visitfinaleligure.it\/de\/wp-json\/wp\/v2\/types\/page"}],"author":[{"embeddable":true,"href":"https:\/\/visitfinaleligure.it\/de\/wp-json\/wp\/v2\/users\/2"}],"replies":[{"embeddable":true,"href":"https:\/\/visitfinaleligure.it\/de\/wp-json\/wp\/v2\/comments?post=7395"}],"version-history":[{"count":6,"href":"https:\/\/visitfinaleligure.it\/de\/wp-json\/wp\/v2\/pages\/7395\/revisions"}],"predecessor-version":[{"id":8469,"href":"https:\/\/visitfinaleligure.it\/de\/wp-json\/wp\/v2\/pages\/7395\/revisions\/8469"}],"wp:featuredmedia":[{"embeddable":true,"href":"https:\/\/visitfinaleligure.it\/de\/wp-json\/wp\/v2\/media\/4909"}],"wp:attachment":[{"href":"https:\/\/visitfinaleligure.it\/de\/wp-json\/wp\/v2\/media?parent=7395"}],"curies":[{"name":"wp","href":"https:\/\/api.w.org\/{rel}","templated":true}]}}