{"id":7539,"date":"2022-12-20T10:24:00","date_gmt":"2022-12-20T09:24:00","guid":{"rendered":"https:\/\/visitfinaleligure.it\/kultur\/museen-und-ausstellungen\/mudif-museo-diffuso-finale\/"},"modified":"2025-08-07T15:31:32","modified_gmt":"2025-08-07T13:31:32","slug":"mudif-museo-diffuso-finale","status":"publish","type":"page","link":"https:\/\/visitfinaleligure.it\/de\/kultur\/museen-und-ausstellungen\/mudif-museo-diffuso-finale\/","title":{"rendered":"MUDIF &#8211; Museo Diffuso Finale"},"content":{"rendered":"\n\n\t<section class=\"section\" id=\"section_634731209\">\n\t\t<div class=\"section-bg fill\" >\n\t\t\t\t\t\t\t\t\t\n\t\t\t\n\n\t\t<\/div>\n\n\t\t\n\n\t\t<div class=\"section-content relative\">\n\t\t\t\n\n\t<div class=\"img has-hover x md-x lg-x y md-y lg-y\" id=\"image_155355215\">\n\t\t\t\t\t\t\t\t<div class=\"img-inner image-cover dark\" style=\"padding-top:50%;\">\n\t\t\t<img loading=\"lazy\" decoding=\"async\" width=\"1417\" height=\"942\" src=\"https:\/\/visitfinaleligure.it\/wp-content\/uploads\/2023\/03\/Caverna-delle-Arene-Candide_1-2-1.jpg\" class=\"attachment-original size-original\" alt=\"\" srcset=\"https:\/\/visitfinaleligure.it\/wp-content\/uploads\/2023\/03\/Caverna-delle-Arene-Candide_1-2-1.jpg 1417w, https:\/\/visitfinaleligure.it\/wp-content\/uploads\/2023\/03\/Caverna-delle-Arene-Candide_1-2-1-300x199.jpg 300w, https:\/\/visitfinaleligure.it\/wp-content\/uploads\/2023\/03\/Caverna-delle-Arene-Candide_1-2-1-1024x681.jpg 1024w, https:\/\/visitfinaleligure.it\/wp-content\/uploads\/2023\/03\/Caverna-delle-Arene-Candide_1-2-1-768x511.jpg 768w\" sizes=\"auto, (max-width: 1417px) 100vw, 1417px\" \/>\t\t\t\t\t\t\n\t\t\t\t\t<\/div>\n\t\t\t\t\t\t\t\t\n<style>\n#image_155355215 {\n  width: 100%;\n}\n<\/style>\n\t<\/div>\n\t\n\n\n\t\t<\/div>\n\n\t\t\n<style>\n#section_634731209 {\n  padding-top: 30px;\n  padding-bottom: 30px;\n}\n<\/style>\n\t<\/section>\n\t\n\n\t<section class=\"section\" id=\"section_2139511192\">\n\t\t<div class=\"section-bg fill\" >\n\t\t\t\t\t\t\t\t\t\n\t\t\t\n\n\t\t<\/div>\n\n\t\t\n\n\t\t<div class=\"section-content relative\">\n\t\t\t\n\n<div class=\"row\"  id=\"row-155583293\">\n\n\n\t<div id=\"col-2123526791\" class=\"col hide-for-small medium-1 small-12 large-1\"  >\n\t\t\t\t<div class=\"col-inner text-left\"  >\n\t\t\t\n\t\t\t\n\n\n\t\t<\/div>\n\t\t\t\t\n<style>\n#col-2123526791 > .col-inner {\n  margin: 0px 0px 0px 0px;\n}\n<\/style>\n\t<\/div>\n\n\t\n\n\t<div id=\"col-1944773850\" class=\"col medium-6 small-12 large-6\"  >\n\t\t\t\t<div class=\"col-inner text-left\"  >\n\t\t\t\n\t\t\t\n\n\t<div id=\"text-1827441087\" class=\"text testi-titolo\">\n\t\t\n\n<h1 class=\"testi-titolo\">Finale auf einen Blick<\/h1>\n\t\t\n<style>\n#text-1827441087 {\n  font-size: 2.2rem;\n  color: rgb(0, 0, 0);\n}\n#text-1827441087 > * {\n  color: rgb(0, 0, 0);\n}\n<\/style>\n\t<\/div>\n\t\n\t<div id=\"text-4073742383\" class=\"text testi-body\">\n\t\t\n\n<p>Finale&nbsp;<strong>Finale<\/strong>&nbsp; verf\u00fcgt \u00fcber ein reiches und vielf\u00e4ltiges&nbsp;<strong> arch\u00e4ologisches und monumentales Verm\u00f6gen<\/strong>, verstreut auf einem landschaftlich hochqualifiziertem und originellem Gebiet. Dieses Gebiet bewahrt Zeugnisse pr\u00e4historischer Zeiten<strong>&nbsp;<\/strong>von internationaler Bedeutung, die in einem geologischen Umfeld liegen, das durch den &#8220;Stein von Finale&#8221; gepr\u00fcgt ist. Die mittelalterlichen Ereignisse sind auch mit der Familie der Markgrafen Del Carretto verbunden, auf deren M\u00e4zenatentum prestigetr\u00e4chtige Beispiele der Renaissance-Architektur zur\u00fcckzuf\u00fchren sind.<\/p>\n<p>Trotz ihres Wertes und der eingehenden Studien sind viele dieser Kontexte jedoch&nbsp;<strong>kaum bekannt und sowohl f\u00fcr die lokale \u00d6ffentlichkeit als auch f\u00fcr die zahlreichen Touristen, die das Gebiet um Finale besuchen, fast nie ge\u00f6ffnet oder zug\u00e4nglich.<\/strong>.<\/p>\n\t\t\t<\/div>\n\t\n<div class=\"row row-collapse\"  id=\"row-793073202\">\n\n\n\t<div id=\"col-1338406600\" class=\"col medium-3 small-6 large-3\"  >\n\t\t\t\t<div class=\"col-inner\"  >\n\t\t\t\n\t\t\t\n\n\t<div class=\"img has-hover x md-x lg-x y md-y lg-y\" id=\"image_158865169\">\n\t\t\t\t\t\t\t\t<div class=\"img-inner image-zoom-fade image-cover dark\" style=\"padding-top:100%;\">\n\t\t\t<img loading=\"lazy\" decoding=\"async\" width=\"1024\" height=\"649\" src=\"https:\/\/visitfinaleligure.it\/wp-content\/uploads\/2022\/12\/finale-ligure-giovane-principe-arene-candide-scheletro-mudif-1024x649-1.webp\" class=\"attachment-original size-original\" alt=\"\" srcset=\"https:\/\/visitfinaleligure.it\/wp-content\/uploads\/2022\/12\/finale-ligure-giovane-principe-arene-candide-scheletro-mudif-1024x649-1.webp 1024w, https:\/\/visitfinaleligure.it\/wp-content\/uploads\/2022\/12\/finale-ligure-giovane-principe-arene-candide-scheletro-mudif-1024x649-1-300x190.webp 300w, https:\/\/visitfinaleligure.it\/wp-content\/uploads\/2022\/12\/finale-ligure-giovane-principe-arene-candide-scheletro-mudif-1024x649-1-768x487.webp 768w\" sizes=\"auto, (max-width: 1024px) 100vw, 1024px\" \/>\t\t\t\t\t\t\n\t\t\t\t\t<\/div>\n\t\t\t\t\t\t\t\t\n<style>\n#image_158865169 {\n  width: 100%;\n}\n<\/style>\n\t<\/div>\n\t\n\n\n\t\t<\/div>\n\t\t\t\t\t<\/div>\n\n\t\n\n\t<div id=\"col-545092395\" class=\"col medium-3 small-6 large-3\"  >\n\t\t\t\t<div class=\"col-inner\"  >\n\t\t\t\n\t\t\t\n\n\t<div class=\"img has-hover x md-x lg-x y md-y lg-y\" id=\"image_1318330406\">\n\t\t\t\t\t\t\t\t<div class=\"img-inner image-zoom-fade image-cover dark\" style=\"padding-top:100%;\">\n\t\t\t<img loading=\"lazy\" decoding=\"async\" width=\"2560\" height=\"1581\" src=\"https:\/\/visitfinaleligure.it\/wp-content\/uploads\/2022\/12\/pontiromani.jpg\" class=\"attachment-original size-original\" alt=\"Lungo i ponti romani\" srcset=\"https:\/\/visitfinaleligure.it\/wp-content\/uploads\/2022\/12\/pontiromani.jpg 2560w, https:\/\/visitfinaleligure.it\/wp-content\/uploads\/2022\/12\/pontiromani-300x185.jpg 300w, https:\/\/visitfinaleligure.it\/wp-content\/uploads\/2022\/12\/pontiromani-1024x632.jpg 1024w, https:\/\/visitfinaleligure.it\/wp-content\/uploads\/2022\/12\/pontiromani-768x474.jpg 768w, https:\/\/visitfinaleligure.it\/wp-content\/uploads\/2022\/12\/pontiromani-1536x949.jpg 1536w, https:\/\/visitfinaleligure.it\/wp-content\/uploads\/2022\/12\/pontiromani-2048x1265.jpg 2048w\" sizes=\"auto, (max-width: 2560px) 100vw, 2560px\" \/>\t\t\t\t\t\t\n\t\t\t\t\t<\/div>\n\t\t\t\t\t\t\t\t\n<style>\n#image_1318330406 {\n  width: 100%;\n}\n<\/style>\n\t<\/div>\n\t\n\n\n\t\t<\/div>\n\t\t\t\t\t<\/div>\n\n\t\n\n\t<div id=\"col-2058784562\" class=\"col medium-3 small-6 large-3\"  >\n\t\t\t\t<div class=\"col-inner\"  >\n\t\t\t\n\t\t\t\n\n\t<div class=\"img has-hover x md-x lg-x y md-y lg-y\" id=\"image_1879928878\">\n\t\t\t\t\t\t\t\t<div class=\"img-inner image-zoom-fade image-cover dark\" style=\"padding-top:100%;\">\n\t\t\t<img loading=\"lazy\" decoding=\"async\" width=\"768\" height=\"511\" src=\"https:\/\/visitfinaleligure.it\/wp-content\/uploads\/2023\/01\/Chiostri-di-Santa-Caterina-di-Finalborgo-768x511-1.jpg\" class=\"attachment-original size-original\" alt=\"biblioteca di finale ligure\" srcset=\"https:\/\/visitfinaleligure.it\/wp-content\/uploads\/2023\/01\/Chiostri-di-Santa-Caterina-di-Finalborgo-768x511-1.jpg 768w, https:\/\/visitfinaleligure.it\/wp-content\/uploads\/2023\/01\/Chiostri-di-Santa-Caterina-di-Finalborgo-768x511-1-300x200.jpg 300w\" sizes=\"auto, (max-width: 768px) 100vw, 768px\" \/>\t\t\t\t\t\t\n\t\t\t\t\t<\/div>\n\t\t\t\t\t\t\t\t\n<style>\n#image_1879928878 {\n  width: 100%;\n}\n<\/style>\n\t<\/div>\n\t\n\n\n\t\t<\/div>\n\t\t\t\t\t<\/div>\n\n\t\n\n\t<div id=\"col-83997536\" class=\"col medium-3 small-6 large-3\"  >\n\t\t\t\t<div class=\"col-inner\"  >\n\t\t\t\n\t\t\t\n\n\t<div class=\"img has-hover x md-x lg-x y md-y lg-y\" id=\"image_1682439683\">\n\t\t\t\t\t\t\t\t<div class=\"img-inner image-zoom-fade image-cover dark\" style=\"padding-top:100%;\">\n\t\t\t<img loading=\"lazy\" decoding=\"async\" width=\"1024\" height=\"713\" src=\"https:\/\/visitfinaleligure.it\/wp-content\/uploads\/2022\/12\/Basilica-di-San-Giovanni-Battista_Finalmarina_gli-affreschi-del-soffitto-1024x713-1.jpg\" class=\"attachment-original size-original\" alt=\"\" srcset=\"https:\/\/visitfinaleligure.it\/wp-content\/uploads\/2022\/12\/Basilica-di-San-Giovanni-Battista_Finalmarina_gli-affreschi-del-soffitto-1024x713-1.jpg 1024w, https:\/\/visitfinaleligure.it\/wp-content\/uploads\/2022\/12\/Basilica-di-San-Giovanni-Battista_Finalmarina_gli-affreschi-del-soffitto-1024x713-1-300x209.jpg 300w, https:\/\/visitfinaleligure.it\/wp-content\/uploads\/2022\/12\/Basilica-di-San-Giovanni-Battista_Finalmarina_gli-affreschi-del-soffitto-1024x713-1-768x535.jpg 768w\" sizes=\"auto, (max-width: 1024px) 100vw, 1024px\" \/>\t\t\t\t\t\t\n\t\t\t\t\t<\/div>\n\t\t\t\t\t\t\t\t\n<style>\n#image_1682439683 {\n  width: 100%;\n}\n<\/style>\n\t<\/div>\n\t\n\n\n\t\t<\/div>\n\t\t\t\t\t<\/div>\n\n\t\n\n<\/div>\n\t<div id=\"text-665671575\" class=\"text testi-titolo\">\n\t\t\n\n<h2>Was das MUDIF ist &#8211; Museo Diffuso Finale<\/h2>\n\t\t\n<style>\n#text-665671575 {\n  font-size: 1.2rem;\n  color: rgba(0, 0, 0, 0.634);\n}\n#text-665671575 > * {\n  color: rgba(0, 0, 0, 0.634);\n}\n<\/style>\n\t<\/div>\n\t\n\t<div id=\"text-2198277611\" class=\"text testi-body\">\n\t\t\n\n<p>Das&nbsp;<strong>MUDIF \u2013 Museo Diffuso Finale<\/strong>&nbsp;hat sich zum Ziel gesetzt,<strong>&nbsp;die Einzigartigkeit der Landschaft und Kultur von Finale bekannt zu machen, aufzuwerten und zu erhalten:&nbsp;<\/strong>Durch den Austausch und die F\u00f6rderung wissenschaftlicher Erkenntnisse \u00fcber das Gebiet, die Organisation und Koordinierung neuer M\u00f6glichkeiten des Zugangs und der Nutzung des arch\u00e4ologischen, monumentalen und naturalistischen Erbes, in der \u00dcberzeugung, dass die Kenntnis eines Ortes sowohl das Zugeh\u00f6rigkeitsgef\u00fchl st\u00e4rkt als auch einen bewussteren und aufmerksameren Umgang mit der Fragilit\u00e4t des Territoriums mit sich bringt.<\/p>\n\t\t\t<\/div>\n\t\n\n\t\t<\/div>\n\t\t\t\t\n<style>\n#col-1944773850 > .col-inner {\n  margin: 0px 0px 0px 0px;\n}\n<\/style>\n\t<\/div>\n\n\t\n\n\t<div id=\"col-1829067215\" class=\"col hide-for-small medium-4 small-12 large-4\"  >\n\t\t\t\t<div class=\"col-inner text-left\" style=\"background-color:rgb(241, 241, 241);\" >\n\t\t\t\n\t\t\t\n\n\t<div class=\"img has-hover x md-x lg-x y md-y lg-y\" id=\"image_2106132288\">\n\t\t\t\t\t\t\t\t<div class=\"img-inner dark\" >\n\t\t\t<img loading=\"lazy\" decoding=\"async\" width=\"417\" height=\"142\" src=\"https:\/\/visitfinaleligure.it\/wp-content\/uploads\/2022\/12\/MUDIF-logo-orizzontale@2x.png\" class=\"attachment-large size-large\" alt=\"\" srcset=\"https:\/\/visitfinaleligure.it\/wp-content\/uploads\/2022\/12\/MUDIF-logo-orizzontale@2x.png 417w, https:\/\/visitfinaleligure.it\/wp-content\/uploads\/2022\/12\/MUDIF-logo-orizzontale@2x-300x102.png 300w\" sizes=\"auto, (max-width: 417px) 100vw, 417px\" \/>\t\t\t\t\t\t\n\t\t\t\t\t<\/div>\n\t\t\t\t\t\t\t\t\n<style>\n#image_2106132288 {\n  width: 75%;\n}\n<\/style>\n\t<\/div>\n\t\n\n<p><a href=\"https:\/\/www.mudifinale.com\/\" target=\"_blank\" rel=\"noopener\">www.mudifinale.com<\/a><br>Arch\u00e4ologisches Museum Finale<br>Kloster der Heiligen Katharina<br>Finalborgo<br><a href=\"mailto:info@mudifinale.com\">info@mudifinale.com<\/a><\/p>\n<p>F\u00fcr den Kalender aller Besuche:&nbsp;<a href=\"http:\/\/www.mudifinale.com\/\">www.mudifinale.com<\/a><\/p>\n\n\n\t\t<\/div>\n\t\t\t\t\n<style>\n#col-1829067215 > .col-inner {\n  padding: 10px 10px 10px 10px;\n  margin: 0px 0px 0px 0px;\n}\n@media (min-width:550px) {\n  #col-1829067215 > .col-inner {\n    margin: 10px 0px 0px 10px;\n  }\n}\n<\/style>\n\t<\/div>\n\n\t\n\n\t<div id=\"col-432529502\" class=\"col hide-for-small medium-1 small-12 large-1\"  >\n\t\t\t\t<div class=\"col-inner text-left\"  >\n\t\t\t\n\t\t\t\n\n\n\t\t<\/div>\n\t\t\t\t\n<style>\n#col-432529502 > .col-inner {\n  margin: 0px 0px 0px 0px;\n}\n<\/style>\n\t<\/div>\n\n\t\n\n<\/div>\n\n\t\t<\/div>\n\n\t\t\n<style>\n#section_2139511192 {\n  padding-top: 0px;\n  padding-bottom: 0px;\n}\n<\/style>\n\t<\/section>\n\t\n","protected":false},"excerpt":{"rendered":"","protected":false},"author":2,"featured_media":7121,"parent":7537,"menu_order":0,"comment_status":"closed","ping_status":"closed","template":"page-blank.php","meta":{"footnotes":""},"class_list":["post-7539","page","type-page","status-publish","has-post-thumbnail","hentry"],"yoast_head":"<!-- This site is optimized with the Yoast SEO plugin v27.3 - https:\/\/yoast.com\/product\/yoast-seo-wordpress\/ -->\n<title>MUDIF (Museo Diffuso Finale) - Visit Finale Ligure<\/title>\n<meta name=\"description\" content=\"Finale Ligure: Geschichte, Arch\u00e4ologie, Mittelalter und Renaissance in einem einzigartigen Gebiet voller Denkm\u00e4ler und Natur.\" \/>\n<meta name=\"robots\" content=\"index, follow, max-snippet:-1, max-image-preview:large, max-video-preview:-1\" \/>\n<link rel=\"canonical\" href=\"https:\/\/visitfinaleligure.it\/de\/kultur\/museen-und-ausstellungen\/mudif-museo-diffuso-finale\/\" \/>\n<meta property=\"og:locale\" content=\"de_DE\" \/>\n<meta property=\"og:type\" content=\"article\" \/>\n<meta property=\"og:title\" content=\"MUDIF (Museo Diffuso Finale) - Visit Finale Ligure\" \/>\n<meta property=\"og:description\" content=\"Finale Ligure: Geschichte, Arch\u00e4ologie, Mittelalter und Renaissance in einem einzigartigen Gebiet voller Denkm\u00e4ler und Natur.\" \/>\n<meta property=\"og:url\" content=\"https:\/\/visitfinaleligure.it\/de\/kultur\/museen-und-ausstellungen\/mudif-museo-diffuso-finale\/\" \/>\n<meta property=\"og:site_name\" content=\"Visit Finale Ligure\" \/>\n<meta property=\"article:publisher\" content=\"https:\/\/www.facebook.com\/VisitFinaleLigure\" \/>\n<meta property=\"article:modified_time\" content=\"2025-08-07T13:31:32+00:00\" \/>\n<meta property=\"og:image\" content=\"https:\/\/visitfinaleligure.it\/wp-content\/uploads\/2023\/03\/Mudif_sala-medioevo-11-1-1.jpg\" \/>\n\t<meta property=\"og:image:width\" content=\"2499\" \/>\n\t<meta property=\"og:image:height\" content=\"1834\" \/>\n\t<meta property=\"og:image:type\" content=\"image\/jpeg\" \/>\n<meta name=\"twitter:card\" content=\"summary_large_image\" \/>\n<meta name=\"twitter:label1\" content=\"Gesch\u00e4tzte Lesezeit\" \/>\n\t<meta name=\"twitter:data1\" content=\"3\u00a0Minuten\" \/>\n<script type=\"application\/ld+json\" class=\"yoast-schema-graph\">{\"@context\":\"https:\\\/\\\/schema.org\",\"@graph\":[{\"@type\":\"WebPage\",\"@id\":\"https:\\\/\\\/visitfinaleligure.it\\\/de\\\/kultur\\\/museen-und-ausstellungen\\\/mudif-museo-diffuso-finale\\\/\",\"url\":\"https:\\\/\\\/visitfinaleligure.it\\\/de\\\/kultur\\\/museen-und-ausstellungen\\\/mudif-museo-diffuso-finale\\\/\",\"name\":\"MUDIF (Museo Diffuso Finale) - Visit Finale Ligure\",\"isPartOf\":{\"@id\":\"https:\\\/\\\/visitfinaleligure.it\\\/de\\\/#website\"},\"primaryImageOfPage\":{\"@id\":\"https:\\\/\\\/visitfinaleligure.it\\\/de\\\/kultur\\\/museen-und-ausstellungen\\\/mudif-museo-diffuso-finale\\\/#primaryimage\"},\"image\":{\"@id\":\"https:\\\/\\\/visitfinaleligure.it\\\/de\\\/kultur\\\/museen-und-ausstellungen\\\/mudif-museo-diffuso-finale\\\/#primaryimage\"},\"thumbnailUrl\":\"https:\\\/\\\/visitfinaleligure.it\\\/wp-content\\\/uploads\\\/2023\\\/03\\\/Mudif_sala-medioevo-11-1-1.jpg\",\"datePublished\":\"2022-12-20T09:24:00+00:00\",\"dateModified\":\"2025-08-07T13:31:32+00:00\",\"description\":\"Finale Ligure: Geschichte, Arch\u00e4ologie, Mittelalter und Renaissance in einem einzigartigen Gebiet voller Denkm\u00e4ler und Natur.\",\"breadcrumb\":{\"@id\":\"https:\\\/\\\/visitfinaleligure.it\\\/de\\\/kultur\\\/museen-und-ausstellungen\\\/mudif-museo-diffuso-finale\\\/#breadcrumb\"},\"inLanguage\":\"de\",\"potentialAction\":[{\"@type\":\"ReadAction\",\"target\":[\"https:\\\/\\\/visitfinaleligure.it\\\/de\\\/kultur\\\/museen-und-ausstellungen\\\/mudif-museo-diffuso-finale\\\/\"]}]},{\"@type\":\"ImageObject\",\"inLanguage\":\"de\",\"@id\":\"https:\\\/\\\/visitfinaleligure.it\\\/de\\\/kultur\\\/museen-und-ausstellungen\\\/mudif-museo-diffuso-finale\\\/#primaryimage\",\"url\":\"https:\\\/\\\/visitfinaleligure.it\\\/wp-content\\\/uploads\\\/2023\\\/03\\\/Mudif_sala-medioevo-11-1-1.jpg\",\"contentUrl\":\"https:\\\/\\\/visitfinaleligure.it\\\/wp-content\\\/uploads\\\/2023\\\/03\\\/Mudif_sala-medioevo-11-1-1.jpg\",\"width\":2499,\"height\":1834},{\"@type\":\"BreadcrumbList\",\"@id\":\"https:\\\/\\\/visitfinaleligure.it\\\/de\\\/kultur\\\/museen-und-ausstellungen\\\/mudif-museo-diffuso-finale\\\/#breadcrumb\",\"itemListElement\":[{\"@type\":\"ListItem\",\"position\":1,\"name\":\"Home\",\"item\":\"https:\\\/\\\/visitfinaleligure.it\\\/de\\\/\"},{\"@type\":\"ListItem\",\"position\":2,\"name\":\"Kultur\",\"item\":\"https:\\\/\\\/visitfinaleligure.it\\\/de\\\/kultur\\\/\"},{\"@type\":\"ListItem\",\"position\":3,\"name\":\"Museen und Ausstellungen\",\"item\":\"https:\\\/\\\/visitfinaleligure.it\\\/de\\\/cultura\\\/musei-e-mostre\\\/\"},{\"@type\":\"ListItem\",\"position\":4,\"name\":\"MUDIF &#8211; Museo Diffuso Finale\"}]},{\"@type\":\"WebSite\",\"@id\":\"https:\\\/\\\/visitfinaleligure.it\\\/de\\\/#website\",\"url\":\"https:\\\/\\\/visitfinaleligure.it\\\/de\\\/\",\"name\":\"Visit Finale Ligure\",\"description\":\"My perfect place\",\"publisher\":{\"@id\":\"https:\\\/\\\/visitfinaleligure.it\\\/de\\\/#organization\"},\"potentialAction\":[{\"@type\":\"SearchAction\",\"target\":{\"@type\":\"EntryPoint\",\"urlTemplate\":\"https:\\\/\\\/visitfinaleligure.it\\\/de\\\/?s={search_term_string}\"},\"query-input\":{\"@type\":\"PropertyValueSpecification\",\"valueRequired\":true,\"valueName\":\"search_term_string\"}}],\"inLanguage\":\"de\"},{\"@type\":\"Organization\",\"@id\":\"https:\\\/\\\/visitfinaleligure.it\\\/de\\\/#organization\",\"name\":\"Comune di Finale Ligure\",\"url\":\"https:\\\/\\\/visitfinaleligure.it\\\/de\\\/\",\"logo\":{\"@type\":\"ImageObject\",\"inLanguage\":\"de\",\"@id\":\"https:\\\/\\\/visitfinaleligure.it\\\/de\\\/#\\\/schema\\\/logo\\\/image\\\/\",\"url\":\"https:\\\/\\\/visitfinaleligure.it\\\/wp-content\\\/uploads\\\/2023\\\/04\\\/cropped-finaleligure-verticale-positivo-200x200-1.png\",\"contentUrl\":\"https:\\\/\\\/visitfinaleligure.it\\\/wp-content\\\/uploads\\\/2023\\\/04\\\/cropped-finaleligure-verticale-positivo-200x200-1.png\",\"width\":512,\"height\":512,\"caption\":\"Comune di Finale Ligure\"},\"image\":{\"@id\":\"https:\\\/\\\/visitfinaleligure.it\\\/de\\\/#\\\/schema\\\/logo\\\/image\\\/\"},\"sameAs\":[\"https:\\\/\\\/www.facebook.com\\\/VisitFinaleLigure\",\"https:\\\/\\\/www.instagram.com\\\/visitfinale\\\/\",\"https:\\\/\\\/www.youtube.com\\\/channel\\\/UCLmoLfNmrAt9mSCll9egttw\"]}]}<\/script>\n<!-- \/ Yoast SEO plugin. -->","yoast_head_json":{"title":"MUDIF (Museo Diffuso Finale) - Visit Finale Ligure","description":"Finale Ligure: Geschichte, Arch\u00e4ologie, Mittelalter und Renaissance in einem einzigartigen Gebiet voller Denkm\u00e4ler und Natur.","robots":{"index":"index","follow":"follow","max-snippet":"max-snippet:-1","max-image-preview":"max-image-preview:large","max-video-preview":"max-video-preview:-1"},"canonical":"https:\/\/visitfinaleligure.it\/de\/kultur\/museen-und-ausstellungen\/mudif-museo-diffuso-finale\/","og_locale":"de_DE","og_type":"article","og_title":"MUDIF (Museo Diffuso Finale) - Visit Finale Ligure","og_description":"Finale Ligure: Geschichte, Arch\u00e4ologie, Mittelalter und Renaissance in einem einzigartigen Gebiet voller Denkm\u00e4ler und Natur.","og_url":"https:\/\/visitfinaleligure.it\/de\/kultur\/museen-und-ausstellungen\/mudif-museo-diffuso-finale\/","og_site_name":"Visit Finale Ligure","article_publisher":"https:\/\/www.facebook.com\/VisitFinaleLigure","article_modified_time":"2025-08-07T13:31:32+00:00","og_image":[{"width":2499,"height":1834,"url":"https:\/\/visitfinaleligure.it\/wp-content\/uploads\/2023\/03\/Mudif_sala-medioevo-11-1-1.jpg","type":"image\/jpeg"}],"twitter_card":"summary_large_image","twitter_misc":{"Gesch\u00e4tzte Lesezeit":"3\u00a0Minuten"},"schema":{"@context":"https:\/\/schema.org","@graph":[{"@type":"WebPage","@id":"https:\/\/visitfinaleligure.it\/de\/kultur\/museen-und-ausstellungen\/mudif-museo-diffuso-finale\/","url":"https:\/\/visitfinaleligure.it\/de\/kultur\/museen-und-ausstellungen\/mudif-museo-diffuso-finale\/","name":"MUDIF (Museo Diffuso Finale) - Visit Finale Ligure","isPartOf":{"@id":"https:\/\/visitfinaleligure.it\/de\/#website"},"primaryImageOfPage":{"@id":"https:\/\/visitfinaleligure.it\/de\/kultur\/museen-und-ausstellungen\/mudif-museo-diffuso-finale\/#primaryimage"},"image":{"@id":"https:\/\/visitfinaleligure.it\/de\/kultur\/museen-und-ausstellungen\/mudif-museo-diffuso-finale\/#primaryimage"},"thumbnailUrl":"https:\/\/visitfinaleligure.it\/wp-content\/uploads\/2023\/03\/Mudif_sala-medioevo-11-1-1.jpg","datePublished":"2022-12-20T09:24:00+00:00","dateModified":"2025-08-07T13:31:32+00:00","description":"Finale Ligure: Geschichte, Arch\u00e4ologie, Mittelalter und Renaissance in einem einzigartigen Gebiet voller Denkm\u00e4ler und Natur.","breadcrumb":{"@id":"https:\/\/visitfinaleligure.it\/de\/kultur\/museen-und-ausstellungen\/mudif-museo-diffuso-finale\/#breadcrumb"},"inLanguage":"de","potentialAction":[{"@type":"ReadAction","target":["https:\/\/visitfinaleligure.it\/de\/kultur\/museen-und-ausstellungen\/mudif-museo-diffuso-finale\/"]}]},{"@type":"ImageObject","inLanguage":"de","@id":"https:\/\/visitfinaleligure.it\/de\/kultur\/museen-und-ausstellungen\/mudif-museo-diffuso-finale\/#primaryimage","url":"https:\/\/visitfinaleligure.it\/wp-content\/uploads\/2023\/03\/Mudif_sala-medioevo-11-1-1.jpg","contentUrl":"https:\/\/visitfinaleligure.it\/wp-content\/uploads\/2023\/03\/Mudif_sala-medioevo-11-1-1.jpg","width":2499,"height":1834},{"@type":"BreadcrumbList","@id":"https:\/\/visitfinaleligure.it\/de\/kultur\/museen-und-ausstellungen\/mudif-museo-diffuso-finale\/#breadcrumb","itemListElement":[{"@type":"ListItem","position":1,"name":"Home","item":"https:\/\/visitfinaleligure.it\/de\/"},{"@type":"ListItem","position":2,"name":"Kultur","item":"https:\/\/visitfinaleligure.it\/de\/kultur\/"},{"@type":"ListItem","position":3,"name":"Museen und Ausstellungen","item":"https:\/\/visitfinaleligure.it\/de\/cultura\/musei-e-mostre\/"},{"@type":"ListItem","position":4,"name":"MUDIF &#8211; Museo Diffuso Finale"}]},{"@type":"WebSite","@id":"https:\/\/visitfinaleligure.it\/de\/#website","url":"https:\/\/visitfinaleligure.it\/de\/","name":"Visit Finale Ligure","description":"My perfect place","publisher":{"@id":"https:\/\/visitfinaleligure.it\/de\/#organization"},"potentialAction":[{"@type":"SearchAction","target":{"@type":"EntryPoint","urlTemplate":"https:\/\/visitfinaleligure.it\/de\/?s={search_term_string}"},"query-input":{"@type":"PropertyValueSpecification","valueRequired":true,"valueName":"search_term_string"}}],"inLanguage":"de"},{"@type":"Organization","@id":"https:\/\/visitfinaleligure.it\/de\/#organization","name":"Comune di Finale Ligure","url":"https:\/\/visitfinaleligure.it\/de\/","logo":{"@type":"ImageObject","inLanguage":"de","@id":"https:\/\/visitfinaleligure.it\/de\/#\/schema\/logo\/image\/","url":"https:\/\/visitfinaleligure.it\/wp-content\/uploads\/2023\/04\/cropped-finaleligure-verticale-positivo-200x200-1.png","contentUrl":"https:\/\/visitfinaleligure.it\/wp-content\/uploads\/2023\/04\/cropped-finaleligure-verticale-positivo-200x200-1.png","width":512,"height":512,"caption":"Comune di Finale Ligure"},"image":{"@id":"https:\/\/visitfinaleligure.it\/de\/#\/schema\/logo\/image\/"},"sameAs":["https:\/\/www.facebook.com\/VisitFinaleLigure","https:\/\/www.instagram.com\/visitfinale\/","https:\/\/www.youtube.com\/channel\/UCLmoLfNmrAt9mSCll9egttw"]}]}},"_links":{"self":[{"href":"https:\/\/visitfinaleligure.it\/de\/wp-json\/wp\/v2\/pages\/7539","targetHints":{"allow":["GET"]}}],"collection":[{"href":"https:\/\/visitfinaleligure.it\/de\/wp-json\/wp\/v2\/pages"}],"about":[{"href":"https:\/\/visitfinaleligure.it\/de\/wp-json\/wp\/v2\/types\/page"}],"author":[{"embeddable":true,"href":"https:\/\/visitfinaleligure.it\/de\/wp-json\/wp\/v2\/users\/2"}],"replies":[{"embeddable":true,"href":"https:\/\/visitfinaleligure.it\/de\/wp-json\/wp\/v2\/comments?post=7539"}],"version-history":[{"count":5,"href":"https:\/\/visitfinaleligure.it\/de\/wp-json\/wp\/v2\/pages\/7539\/revisions"}],"predecessor-version":[{"id":7556,"href":"https:\/\/visitfinaleligure.it\/de\/wp-json\/wp\/v2\/pages\/7539\/revisions\/7556"}],"up":[{"embeddable":true,"href":"https:\/\/visitfinaleligure.it\/de\/wp-json\/wp\/v2\/pages\/7537"}],"wp:featuredmedia":[{"embeddable":true,"href":"https:\/\/visitfinaleligure.it\/de\/wp-json\/wp\/v2\/media\/7121"}],"wp:attachment":[{"href":"https:\/\/visitfinaleligure.it\/de\/wp-json\/wp\/v2\/media?parent=7539"}],"curies":[{"name":"wp","href":"https:\/\/api.w.org\/{rel}","templated":true}]}}