{"id":7677,"date":"2022-12-23T15:12:15","date_gmt":"2022-12-23T14:12:15","guid":{"rendered":"https:\/\/visitfinaleligure.it\/die-drei-historischen-stadtbezirke-und-varigotti\/"},"modified":"2025-08-07T12:27:54","modified_gmt":"2025-08-07T10:27:54","slug":"die-drei-historischen-stadtbezirke-und-varigotti","status":"publish","type":"page","link":"https:\/\/visitfinaleligure.it\/de\/die-drei-historischen-stadtbezirke-und-varigotti\/","title":{"rendered":"Die drei historischen Stadtbezirke und Varigotti"},"content":{"rendered":"\n\n\t<section class=\"section\" id=\"section_1652180888\">\n\t\t<div class=\"section-bg fill\" >\n\t\t\t\t\t\t\t\t\t\n\t\t\t\n\n\t\t<\/div>\n\n\t\t\n\n\t\t<div class=\"section-content relative\">\n\t\t\t\n\n\t<div class=\"img has-hover x md-x lg-x y md-y lg-y\" id=\"image_2104331637\">\n\t\t\t\t\t\t\t\t<div class=\"img-inner image-cover dark\" style=\"padding-top:40%;\">\n\t\t\t<img loading=\"lazy\" decoding=\"async\" width=\"2500\" height=\"1405\" src=\"https:\/\/visitfinaleligure.it\/wp-content\/uploads\/2023\/03\/Capo-caprazoppa-1-1.jpg\" class=\"attachment-original size-original\" alt=\"\" srcset=\"https:\/\/visitfinaleligure.it\/wp-content\/uploads\/2023\/03\/Capo-caprazoppa-1-1.jpg 2500w, https:\/\/visitfinaleligure.it\/wp-content\/uploads\/2023\/03\/Capo-caprazoppa-1-1-300x169.jpg 300w, https:\/\/visitfinaleligure.it\/wp-content\/uploads\/2023\/03\/Capo-caprazoppa-1-1-1024x575.jpg 1024w, https:\/\/visitfinaleligure.it\/wp-content\/uploads\/2023\/03\/Capo-caprazoppa-1-1-768x432.jpg 768w, https:\/\/visitfinaleligure.it\/wp-content\/uploads\/2023\/03\/Capo-caprazoppa-1-1-1536x863.jpg 1536w, https:\/\/visitfinaleligure.it\/wp-content\/uploads\/2023\/03\/Capo-caprazoppa-1-1-2048x1151.jpg 2048w\" sizes=\"auto, (max-width: 2500px) 100vw, 2500px\" \/>\t\t\t\t\t\t\n\t\t\t\t\t<\/div>\n\t\t\t\t\t\t\t\t\n<style>\n#image_2104331637 {\n  width: 100%;\n}\n<\/style>\n\t<\/div>\n\t\n\n\n\t\t<\/div>\n\n\t\t\n<style>\n#section_1652180888 {\n  padding-top: 30px;\n  padding-bottom: 30px;\n}\n<\/style>\n\t<\/section>\n\t\n\n\t<section class=\"section\" id=\"section_1039613277\">\n\t\t<div class=\"section-bg fill\" >\n\t\t\t\t\t\t\t\t\t\n\t\t\t\n\n\t\t<\/div>\n\n\t\t\n\n\t\t<div class=\"section-content relative\">\n\t\t\t\n\n<div class=\"row align-middle\"  id=\"row-1408628152\">\n\n\n\t<div id=\"col-890691274\" class=\"col hide-for-small medium-1 small-12 large-1\"  >\n\t\t\t\t<div class=\"col-inner\"  >\n\t\t\t\n\t\t\t\n\n\n\t\t<\/div>\n\t\t\t\t\t<\/div>\n\n\t\n\n\t<div id=\"col-1105871109\" class=\"col medium-10 small-12 large-10\"  >\n\t\t\t\t<div class=\"col-inner text-left\"  >\n\t\t\t\n\t\t\t\n\n\t<div id=\"text-1111263531\" class=\"text testi-titolo-laterale\">\n\t\t\n\n<p style=\"font-family: 'Rubik'; font-size: 14px; font-weight: 500; color: rgba(39,39,39,0.4);\"><br>\nFINALE LIGURE UND SEINE HISTORISCHEN STADTBEZIRKE\n<\/p>\n\t\t\n<style>\n#text-1111263531 {\n  font-size: 1.5rem;\n  color: rgb(204, 208, 212);\n}\n#text-1111263531 > * {\n  color: rgb(204, 208, 212);\n}\n<\/style>\n\t<\/div>\n\t\n\n\t\t<\/div>\n\t\t\t\t\n<style>\n#col-1105871109 > .col-inner {\n  margin: 0px 0px 0px 0px;\n}\n@media (min-width:550px) {\n  #col-1105871109 > .col-inner {\n    margin: 0px 0px 0px 0px;\n  }\n}\n<\/style>\n\t<\/div>\n\n\t\n\n\t<div id=\"col-1625834167\" class=\"col hide-for-small medium-1 small-12 large-1\"  >\n\t\t\t\t<div class=\"col-inner\"  >\n\t\t\t\n\t\t\t\n\n\n\t\t<\/div>\n\t\t\t\t\t<\/div>\n\n\t\n\n\n<style>\n#row-1408628152 > .col > .col-inner {\n  padding: 0px 0px 0px 0px;\n}\n@media (min-width:550px) {\n  #row-1408628152 > .col > .col-inner {\n    padding: 0px 0px 0px 0px;\n  }\n}\n<\/style>\n<\/div>\n<div class=\"row\"  id=\"row-2030874536\">\n\n\n\t<div id=\"col-16168652\" class=\"col hide-for-small medium-1 small-12 large-1\"  >\n\t\t\t\t<div class=\"col-inner text-left\"  >\n\t\t\t\n\t\t\t\n\n\n\t\t<\/div>\n\t\t\t\t\n<style>\n#col-16168652 > .col-inner {\n  margin: 0px 0px 0px 0px;\n}\n<\/style>\n\t<\/div>\n\n\t\n\n\t<div id=\"col-643781967\" class=\"col medium-10 small-12 large-10\"  >\n\t\t\t\t<div class=\"col-inner text-left\"  >\n\t\t\t\n\t\t\t\n\n\t<div id=\"text-4029913495\" class=\"text testi-titolo\">\n\t\t\n\n<h1 class=\"testi-titolo\">Ein Poker an Sch\u00f6nheit!<\/h1>\n\t\t\n<style>\n#text-4029913495 {\n  font-size: 1.4rem;\n  color: rgb(0, 0, 0);\n}\n#text-4029913495 > * {\n  color: rgb(0, 0, 0);\n}\n<\/style>\n\t<\/div>\n\t\n\t<div id=\"text-4114029890\" class=\"text testi-body\">\n\t\t\n\n<p>Das sind die drei Stadtbezirke zusammen mit Varigotti, die in ihrer jeweiligen Eigenheit Finale Ligure bilden.&nbsp;<a href=\"https:\/\/visitfinaleligure.it\/scopri-finalmarina\/\"><strong>Finalmarina<\/strong><\/a>, mit seinen Str\u00e4nden und seinem gro\u00dfen Einkaufszentrum im Freien;&nbsp;<a href=\"https:\/\/visitfinaleligure.it\/scopri-finalborgo\/\"><strong>Finalborgo<\/strong><\/a>, mit seiner Altstadt, in der der alte Ruhm der Markgrafschaft erhalten ist;&nbsp;<a href=\"https:\/\/visitfinaleligure.it\/scopri-finalpia\/\"><strong>Finalpia<\/strong><\/a>, der Bezirk der Spiritualit\u00e4t, aber auch eine Verbindung zwischen dem Meer und den H\u00fcgeln;&nbsp;<a href=\"https:\/\/visitfinaleligure.it\/scopri-varigotti\/\"><strong>Varigotti<\/strong><\/a>, ein m\u00e4rchenhaftes ans Meer angrenzende Dorf ..<\/p>\n\t\t\t<\/div>\n\t\n<div class=\"row\"  id=\"row-1787353290\">\n\n\n\t<div id=\"col-2000276754\" class=\"col medium-6 small-12 large-6\"  >\n\t\t\t\t<div class=\"col-inner\"  >\n\t\t\t\n\t\t\t\n\n\t<div class=\"img has-hover x md-x lg-x y md-y lg-y\" id=\"image_626164685\">\n\t\t<a class=\"\" href=\"https:\/\/visitfinaleligure.it\/de\/die-drei-historischen-stadtbezirke-und-varigotti\/finalmarina\/\" >\t\t\t\t\t\t<div class=\"img-inner image-zoom image-cover dark\" style=\"padding-top:56.25%;\">\n\t\t\t<img loading=\"lazy\" decoding=\"async\" width=\"1024\" height=\"632\" src=\"https:\/\/visitfinaleligure.it\/wp-content\/uploads\/2022\/12\/finalmarina-1024x632-1.webp\" class=\"attachment-original size-original\" alt=\"finalmarina\" srcset=\"https:\/\/visitfinaleligure.it\/wp-content\/uploads\/2022\/12\/finalmarina-1024x632-1.webp 1024w, https:\/\/visitfinaleligure.it\/wp-content\/uploads\/2022\/12\/finalmarina-1024x632-1-300x185.webp 300w, https:\/\/visitfinaleligure.it\/wp-content\/uploads\/2022\/12\/finalmarina-1024x632-1-768x474.webp 768w\" sizes=\"auto, (max-width: 1024px) 100vw, 1024px\" \/>\t\t\t\t\t\t\n\t\t\t\t\t<\/div>\n\t\t\t\t\t\t<\/a>\t\t\n<style>\n#image_626164685 {\n  width: 100%;\n}\n<\/style>\n\t<\/div>\n\t\n\n\t<div id=\"text-978572205\" class=\"text\">\n\t\t\n\n<h2>Finalmarina<\/h2>\n<p>Heute ist &nbsp;<strong>Finalmarina<\/strong> &nbsp;eine der Shopping-Hauptst\u00e4dte der Riviera. Die elegante Altstadt mit ihren vielen Gesch\u00e4ften, traditionellen Bars, futuristischen Clubs, gepflegten Restaurants und modischen Boutiquen ist ein beliebtes Ziel f\u00fcr anspruchsvolle Touristen, die Wert auf Detail legen.<\/p>\n\t\t\n<style>\n#text-978572205 {\n  font-size: 1rem;\n}\n<\/style>\n\t<\/div>\n\t\n<a href=\"https:\/\/visitfinaleligure.it\/de\/die-drei-historischen-stadtbezirke-und-varigotti\/finalmarina\/\" class=\"button primary lowercase\" >\n\t<i class=\"icon-angle-right\" aria-hidden=\"true\"><\/i>\t<span>Finalmarina entdecken<\/span>\n\t<\/a>\n\n\n\n\t\t<\/div>\n\t\t\t\t\t<\/div>\n\n\t\n\n\t<div id=\"col-1767160175\" class=\"col medium-6 small-12 large-6\"  >\n\t\t\t\t<div class=\"col-inner\"  >\n\t\t\t\n\t\t\t\n\n\t<div class=\"img has-hover x md-x lg-x y md-y lg-y\" id=\"image_1983902116\">\n\t\t<a class=\"\" href=\"https:\/\/visitfinaleligure.it\/de\/die-drei-historischen-stadtbezirke-und-varigotti\/finalborgo\/\" >\t\t\t\t\t\t<div class=\"img-inner image-zoom image-cover dark\" style=\"padding-top:56.25%;\">\n\t\t\t<img loading=\"lazy\" decoding=\"async\" width=\"1024\" height=\"633\" src=\"https:\/\/visitfinaleligure.it\/wp-content\/uploads\/2022\/12\/finalborgo-1024x633-1.webp\" class=\"attachment-original size-original\" alt=\"finalborgo\" srcset=\"https:\/\/visitfinaleligure.it\/wp-content\/uploads\/2022\/12\/finalborgo-1024x633-1.webp 1024w, https:\/\/visitfinaleligure.it\/wp-content\/uploads\/2022\/12\/finalborgo-1024x633-1-300x185.webp 300w, https:\/\/visitfinaleligure.it\/wp-content\/uploads\/2022\/12\/finalborgo-1024x633-1-768x475.webp 768w\" sizes=\"auto, (max-width: 1024px) 100vw, 1024px\" \/>\t\t\t\t\t\t\n\t\t\t\t\t<\/div>\n\t\t\t\t\t\t<\/a>\t\t\n<style>\n#image_1983902116 {\n  width: 100%;\n}\n<\/style>\n\t<\/div>\n\t\n\n<h2>Finalborgo<\/h2>\n<p><strong>Finalborgo<\/strong> \u00fcberrascht auf Schritt und Tritt und ist manchmal auch ein wenig beeindruckend, wenn man sich an seine Vergangenheit als Sitz der Markgrafschaft Del Carretto erinnert. Schon von au\u00dfen, beim Betrachten der m\u00e4chtigen Mauern, bekommt man das Gef\u00fchl der glorreichen Vergangenheit und der heiteren Gegenwart.<\/p>\n<a href=\"https:\/\/visitfinaleligure.it\/de\/die-drei-historischen-stadtbezirke-und-varigotti\/finalborgo\/\" class=\"button primary lowercase\" >\n\t<i class=\"icon-angle-right\" aria-hidden=\"true\"><\/i>\t<span>Finalborgo entdecken<\/span>\n\t<\/a>\n\n\n\n\t\t<\/div>\n\t\t\t\t\t<\/div>\n\n\t\n\n<\/div>\n<div class=\"row\"  id=\"row-626998576\">\n\n\n\t<div id=\"col-739609809\" class=\"col medium-6 small-12 large-6\"  >\n\t\t\t\t<div class=\"col-inner\"  >\n\t\t\t\n\t\t\t\n\n\t<div class=\"img has-hover x md-x lg-x y md-y lg-y\" id=\"image_1065908703\">\n\t\t<a class=\"\" href=\"https:\/\/visitfinaleligure.it\/de\/die-drei-historischen-stadtbezirke-und-varigotti\/finalpia\/\" >\t\t\t\t\t\t<div class=\"img-inner image-zoom image-cover dark\" style=\"padding-top:56.25%;\">\n\t\t\t<img loading=\"lazy\" decoding=\"async\" width=\"1024\" height=\"632\" src=\"https:\/\/visitfinaleligure.it\/wp-content\/uploads\/2022\/12\/finalpia-1024x632-1.webp\" class=\"attachment-original size-original\" alt=\"\" srcset=\"https:\/\/visitfinaleligure.it\/wp-content\/uploads\/2022\/12\/finalpia-1024x632-1.webp 1024w, https:\/\/visitfinaleligure.it\/wp-content\/uploads\/2022\/12\/finalpia-1024x632-1-300x185.webp 300w, https:\/\/visitfinaleligure.it\/wp-content\/uploads\/2022\/12\/finalpia-1024x632-1-768x474.webp 768w\" sizes=\"auto, (max-width: 1024px) 100vw, 1024px\" \/>\t\t\t\t\t\t\n\t\t\t\t\t<\/div>\n\t\t\t\t\t\t<\/a>\t\t\n<style>\n#image_1065908703 {\n  width: 100%;\n}\n<\/style>\n\t<\/div>\n\t\n\n<h2>Finalpia<\/h2>\n<p>Ein Dorf mit Geschichte und landwirtschaftlicher Tradition, Ausgangspunkt f\u00fcr den Handel zwischen Meer und den Bergen. Bei einem Spaziergang durch die renovierte Fu\u00dfg\u00e4ngerzone, die die Sch\u00f6nheit des historischen Zentrums unterstreicht zu erkunden.<\/p>\n<a href=\"https:\/\/visitfinaleligure.it\/de\/die-drei-historischen-stadtbezirke-und-varigotti\/finalpia\/\" class=\"button primary lowercase\" >\n\t<i class=\"icon-angle-right\" aria-hidden=\"true\"><\/i>\t<span>Finalpia entdecken<\/span>\n\t<\/a>\n\n\n\n\t\t<\/div>\n\t\t\t\t\t<\/div>\n\n\t\n\n\t<div id=\"col-1907902020\" class=\"col medium-6 small-12 large-6\"  >\n\t\t\t\t<div class=\"col-inner\"  >\n\t\t\t\n\t\t\t\n\n\t<div class=\"img has-hover x md-x lg-x y md-y lg-y\" id=\"image_514554445\">\n\t\t<a class=\"\" href=\"https:\/\/visitfinaleligure.it\/de\/die-drei-historischen-stadtbezirke-und-varigotti\/varigotti\/\" >\t\t\t\t\t\t<div class=\"img-inner image-zoom image-cover dark\" style=\"padding-top:56.25%;\">\n\t\t\t<img loading=\"lazy\" decoding=\"async\" width=\"1024\" height=\"632\" src=\"https:\/\/visitfinaleligure.it\/wp-content\/uploads\/2022\/12\/foto1-1024x632-1.webp\" class=\"attachment-original size-original\" alt=\"\" srcset=\"https:\/\/visitfinaleligure.it\/wp-content\/uploads\/2022\/12\/foto1-1024x632-1.webp 1024w, https:\/\/visitfinaleligure.it\/wp-content\/uploads\/2022\/12\/foto1-1024x632-1-300x185.webp 300w, https:\/\/visitfinaleligure.it\/wp-content\/uploads\/2022\/12\/foto1-1024x632-1-768x474.webp 768w\" sizes=\"auto, (max-width: 1024px) 100vw, 1024px\" \/>\t\t\t\t\t\t\n\t\t\t\t\t<\/div>\n\t\t\t\t\t\t<\/a>\t\t\n<style>\n#image_514554445 {\n  width: 100%;\n}\n<\/style>\n\t<\/div>\n\t\n\n<h2>Varigotti<\/h2>\n<p>Varigotti ist ein Ort, an dem alles einzigartig ist, angefangen bei der mediterranen Architektur der Siedlung, die von der Geschichte der t\u00fcrkischen und barbarischen Piraten zeugt, die diesen einst auf dem Landweg schwer zu erreichenden Streifen der Riviera w\u00e4hlten, um die Bucht als Schutz vor Wind und starkem Seegang zu nutzen.<\/p>\n<a href=\"https:\/\/visitfinaleligure.it\/de\/die-drei-historischen-stadtbezirke-und-varigotti\/varigotti\/\" class=\"button primary lowercase\" >\n\t<i class=\"icon-angle-right\" aria-hidden=\"true\"><\/i>\t<span>Varigotti entdecken<\/span>\n\t<\/a>\n\n\n\n\t\t<\/div>\n\t\t\t\t\t<\/div>\n\n\t\n\n<\/div>\n\n\t\t<\/div>\n\t\t\t\t\n<style>\n#col-643781967 > .col-inner {\n  padding: 0px 0px 0px 0px;\n  margin: 0px 0px 0px 0px;\n}\n@media (min-width:550px) {\n  #col-643781967 > .col-inner {\n    margin: -30px 0px 0px 0px;\n  }\n}\n<\/style>\n\t<\/div>\n\n\t\n\n\t<div id=\"col-1261184016\" class=\"col hide-for-small medium-1 small-12 large-1\"  >\n\t\t\t\t<div class=\"col-inner text-left\"  >\n\t\t\t\n\t\t\t\n\n\n\t\t<\/div>\n\t\t\t\t\n<style>\n#col-1261184016 > .col-inner {\n  margin: 0px 0px 0px 0px;\n}\n<\/style>\n\t<\/div>\n\n\t\n\n<\/div>\n\n\t\t<\/div>\n\n\t\t\n<style>\n#section_1039613277 {\n  padding-top: 0px;\n  padding-bottom: 0px;\n}\n<\/style>\n\t<\/section>\n\t\n\n","protected":false},"excerpt":{"rendered":"","protected":false},"author":2,"featured_media":5565,"parent":0,"menu_order":0,"comment_status":"closed","ping_status":"closed","template":"page-blank.php","meta":{"footnotes":""},"class_list":["post-7677","page","type-page","status-publish","has-post-thumbnail","hentry"],"yoast_head":"<!-- This site is optimized with the Yoast SEO plugin v27.3 - https:\/\/yoast.com\/product\/yoast-seo-wordpress\/ -->\n<title>Die Stadtbezirke Finale Ligure und Varigotti - Visit Finale Ligure<\/title>\n<meta name=\"description\" content=\"Finale Ligure vereint Finalmarina, Finalborgo, Finalpia und Varigotti: Str\u00e4nde, Geschichte, Natur und mediterraner Zauber.\" \/>\n<meta name=\"robots\" content=\"index, follow, max-snippet:-1, max-image-preview:large, max-video-preview:-1\" \/>\n<link rel=\"canonical\" href=\"https:\/\/visitfinaleligure.it\/de\/die-drei-historischen-stadtbezirke-und-varigotti\/\" \/>\n<meta property=\"og:locale\" content=\"de_DE\" \/>\n<meta property=\"og:type\" content=\"article\" \/>\n<meta property=\"og:title\" content=\"Die Stadtbezirke Finale Ligure und Varigotti\" \/>\n<meta property=\"og:description\" content=\"Es gibt drei Stadtbezirke von Finale Ligure, die zusammen mit Varigotti die westliche Stadt Savona bilden.\" \/>\n<meta property=\"og:url\" content=\"https:\/\/visitfinaleligure.it\/de\/die-drei-historischen-stadtbezirke-und-varigotti\/\" \/>\n<meta property=\"og:site_name\" content=\"Visit Finale Ligure\" \/>\n<meta property=\"article:publisher\" content=\"https:\/\/www.facebook.com\/VisitFinaleLigure\" \/>\n<meta property=\"article:modified_time\" content=\"2025-08-07T10:27:54+00:00\" \/>\n<meta property=\"og:image\" content=\"https:\/\/visitfinaleligure.it\/wp-content\/uploads\/2022\/12\/06-Finale-Ligure-MUDIF-promontorio-caprazoppa-costa-ligure-1920x1139-1-1024x607.webp\" \/>\n<meta name=\"twitter:card\" content=\"summary_large_image\" \/>\n<meta name=\"twitter:label1\" content=\"Gesch\u00e4tzte Lesezeit\" \/>\n\t<meta name=\"twitter:data1\" content=\"3\u00a0Minuten\" \/>\n<script type=\"application\/ld+json\" class=\"yoast-schema-graph\">{\"@context\":\"https:\\\/\\\/schema.org\",\"@graph\":[{\"@type\":\"WebPage\",\"@id\":\"https:\\\/\\\/visitfinaleligure.it\\\/de\\\/die-drei-historischen-stadtbezirke-und-varigotti\\\/\",\"url\":\"https:\\\/\\\/visitfinaleligure.it\\\/de\\\/die-drei-historischen-stadtbezirke-und-varigotti\\\/\",\"name\":\"Die Stadtbezirke Finale Ligure und Varigotti - Visit Finale Ligure\",\"isPartOf\":{\"@id\":\"https:\\\/\\\/visitfinaleligure.it\\\/de\\\/#website\"},\"primaryImageOfPage\":{\"@id\":\"https:\\\/\\\/visitfinaleligure.it\\\/de\\\/die-drei-historischen-stadtbezirke-und-varigotti\\\/#primaryimage\"},\"image\":{\"@id\":\"https:\\\/\\\/visitfinaleligure.it\\\/de\\\/die-drei-historischen-stadtbezirke-und-varigotti\\\/#primaryimage\"},\"thumbnailUrl\":\"https:\\\/\\\/visitfinaleligure.it\\\/wp-content\\\/uploads\\\/2022\\\/12\\\/06-Finale-Ligure-MUDIF-promontorio-caprazoppa-costa-ligure-1920x1139-1.webp\",\"datePublished\":\"2022-12-23T14:12:15+00:00\",\"dateModified\":\"2025-08-07T10:27:54+00:00\",\"description\":\"Finale Ligure vereint Finalmarina, Finalborgo, Finalpia und Varigotti: Str\u00e4nde, Geschichte, Natur und mediterraner Zauber.\",\"breadcrumb\":{\"@id\":\"https:\\\/\\\/visitfinaleligure.it\\\/de\\\/die-drei-historischen-stadtbezirke-und-varigotti\\\/#breadcrumb\"},\"inLanguage\":\"de\",\"potentialAction\":[{\"@type\":\"ReadAction\",\"target\":[\"https:\\\/\\\/visitfinaleligure.it\\\/de\\\/die-drei-historischen-stadtbezirke-und-varigotti\\\/\"]}]},{\"@type\":\"ImageObject\",\"inLanguage\":\"de\",\"@id\":\"https:\\\/\\\/visitfinaleligure.it\\\/de\\\/die-drei-historischen-stadtbezirke-und-varigotti\\\/#primaryimage\",\"url\":\"https:\\\/\\\/visitfinaleligure.it\\\/wp-content\\\/uploads\\\/2022\\\/12\\\/06-Finale-Ligure-MUDIF-promontorio-caprazoppa-costa-ligure-1920x1139-1.webp\",\"contentUrl\":\"https:\\\/\\\/visitfinaleligure.it\\\/wp-content\\\/uploads\\\/2022\\\/12\\\/06-Finale-Ligure-MUDIF-promontorio-caprazoppa-costa-ligure-1920x1139-1.webp\",\"width\":1920,\"height\":1139},{\"@type\":\"BreadcrumbList\",\"@id\":\"https:\\\/\\\/visitfinaleligure.it\\\/de\\\/die-drei-historischen-stadtbezirke-und-varigotti\\\/#breadcrumb\",\"itemListElement\":[{\"@type\":\"ListItem\",\"position\":1,\"name\":\"Home\",\"item\":\"https:\\\/\\\/visitfinaleligure.it\\\/de\\\/\"},{\"@type\":\"ListItem\",\"position\":2,\"name\":\"Die drei historischen Stadtbezirke und Varigotti\"}]},{\"@type\":\"WebSite\",\"@id\":\"https:\\\/\\\/visitfinaleligure.it\\\/de\\\/#website\",\"url\":\"https:\\\/\\\/visitfinaleligure.it\\\/de\\\/\",\"name\":\"Visit Finale Ligure\",\"description\":\"My perfect place\",\"publisher\":{\"@id\":\"https:\\\/\\\/visitfinaleligure.it\\\/de\\\/#organization\"},\"potentialAction\":[{\"@type\":\"SearchAction\",\"target\":{\"@type\":\"EntryPoint\",\"urlTemplate\":\"https:\\\/\\\/visitfinaleligure.it\\\/de\\\/?s={search_term_string}\"},\"query-input\":{\"@type\":\"PropertyValueSpecification\",\"valueRequired\":true,\"valueName\":\"search_term_string\"}}],\"inLanguage\":\"de\"},{\"@type\":\"Organization\",\"@id\":\"https:\\\/\\\/visitfinaleligure.it\\\/de\\\/#organization\",\"name\":\"Comune di Finale Ligure\",\"url\":\"https:\\\/\\\/visitfinaleligure.it\\\/de\\\/\",\"logo\":{\"@type\":\"ImageObject\",\"inLanguage\":\"de\",\"@id\":\"https:\\\/\\\/visitfinaleligure.it\\\/de\\\/#\\\/schema\\\/logo\\\/image\\\/\",\"url\":\"https:\\\/\\\/visitfinaleligure.it\\\/wp-content\\\/uploads\\\/2023\\\/04\\\/cropped-finaleligure-verticale-positivo-200x200-1.png\",\"contentUrl\":\"https:\\\/\\\/visitfinaleligure.it\\\/wp-content\\\/uploads\\\/2023\\\/04\\\/cropped-finaleligure-verticale-positivo-200x200-1.png\",\"width\":512,\"height\":512,\"caption\":\"Comune di Finale Ligure\"},\"image\":{\"@id\":\"https:\\\/\\\/visitfinaleligure.it\\\/de\\\/#\\\/schema\\\/logo\\\/image\\\/\"},\"sameAs\":[\"https:\\\/\\\/www.facebook.com\\\/VisitFinaleLigure\",\"https:\\\/\\\/www.instagram.com\\\/visitfinale\\\/\",\"https:\\\/\\\/www.youtube.com\\\/channel\\\/UCLmoLfNmrAt9mSCll9egttw\"]}]}<\/script>\n<!-- \/ Yoast SEO plugin. -->","yoast_head_json":{"title":"Die Stadtbezirke Finale Ligure und Varigotti - Visit Finale Ligure","description":"Finale Ligure vereint Finalmarina, Finalborgo, Finalpia und Varigotti: Str\u00e4nde, Geschichte, Natur und mediterraner Zauber.","robots":{"index":"index","follow":"follow","max-snippet":"max-snippet:-1","max-image-preview":"max-image-preview:large","max-video-preview":"max-video-preview:-1"},"canonical":"https:\/\/visitfinaleligure.it\/de\/die-drei-historischen-stadtbezirke-und-varigotti\/","og_locale":"de_DE","og_type":"article","og_title":"Die Stadtbezirke Finale Ligure und Varigotti","og_description":"Es gibt drei Stadtbezirke von Finale Ligure, die zusammen mit Varigotti die westliche Stadt Savona bilden.","og_url":"https:\/\/visitfinaleligure.it\/de\/die-drei-historischen-stadtbezirke-und-varigotti\/","og_site_name":"Visit Finale Ligure","article_publisher":"https:\/\/www.facebook.com\/VisitFinaleLigure","article_modified_time":"2025-08-07T10:27:54+00:00","og_image":[{"url":"https:\/\/visitfinaleligure.it\/wp-content\/uploads\/2022\/12\/06-Finale-Ligure-MUDIF-promontorio-caprazoppa-costa-ligure-1920x1139-1-1024x607.webp","type":"","width":"","height":""}],"twitter_card":"summary_large_image","twitter_misc":{"Gesch\u00e4tzte Lesezeit":"3\u00a0Minuten"},"schema":{"@context":"https:\/\/schema.org","@graph":[{"@type":"WebPage","@id":"https:\/\/visitfinaleligure.it\/de\/die-drei-historischen-stadtbezirke-und-varigotti\/","url":"https:\/\/visitfinaleligure.it\/de\/die-drei-historischen-stadtbezirke-und-varigotti\/","name":"Die Stadtbezirke Finale Ligure und Varigotti - Visit Finale Ligure","isPartOf":{"@id":"https:\/\/visitfinaleligure.it\/de\/#website"},"primaryImageOfPage":{"@id":"https:\/\/visitfinaleligure.it\/de\/die-drei-historischen-stadtbezirke-und-varigotti\/#primaryimage"},"image":{"@id":"https:\/\/visitfinaleligure.it\/de\/die-drei-historischen-stadtbezirke-und-varigotti\/#primaryimage"},"thumbnailUrl":"https:\/\/visitfinaleligure.it\/wp-content\/uploads\/2022\/12\/06-Finale-Ligure-MUDIF-promontorio-caprazoppa-costa-ligure-1920x1139-1.webp","datePublished":"2022-12-23T14:12:15+00:00","dateModified":"2025-08-07T10:27:54+00:00","description":"Finale Ligure vereint Finalmarina, Finalborgo, Finalpia und Varigotti: Str\u00e4nde, Geschichte, Natur und mediterraner Zauber.","breadcrumb":{"@id":"https:\/\/visitfinaleligure.it\/de\/die-drei-historischen-stadtbezirke-und-varigotti\/#breadcrumb"},"inLanguage":"de","potentialAction":[{"@type":"ReadAction","target":["https:\/\/visitfinaleligure.it\/de\/die-drei-historischen-stadtbezirke-und-varigotti\/"]}]},{"@type":"ImageObject","inLanguage":"de","@id":"https:\/\/visitfinaleligure.it\/de\/die-drei-historischen-stadtbezirke-und-varigotti\/#primaryimage","url":"https:\/\/visitfinaleligure.it\/wp-content\/uploads\/2022\/12\/06-Finale-Ligure-MUDIF-promontorio-caprazoppa-costa-ligure-1920x1139-1.webp","contentUrl":"https:\/\/visitfinaleligure.it\/wp-content\/uploads\/2022\/12\/06-Finale-Ligure-MUDIF-promontorio-caprazoppa-costa-ligure-1920x1139-1.webp","width":1920,"height":1139},{"@type":"BreadcrumbList","@id":"https:\/\/visitfinaleligure.it\/de\/die-drei-historischen-stadtbezirke-und-varigotti\/#breadcrumb","itemListElement":[{"@type":"ListItem","position":1,"name":"Home","item":"https:\/\/visitfinaleligure.it\/de\/"},{"@type":"ListItem","position":2,"name":"Die drei historischen Stadtbezirke und Varigotti"}]},{"@type":"WebSite","@id":"https:\/\/visitfinaleligure.it\/de\/#website","url":"https:\/\/visitfinaleligure.it\/de\/","name":"Visit Finale Ligure","description":"My perfect place","publisher":{"@id":"https:\/\/visitfinaleligure.it\/de\/#organization"},"potentialAction":[{"@type":"SearchAction","target":{"@type":"EntryPoint","urlTemplate":"https:\/\/visitfinaleligure.it\/de\/?s={search_term_string}"},"query-input":{"@type":"PropertyValueSpecification","valueRequired":true,"valueName":"search_term_string"}}],"inLanguage":"de"},{"@type":"Organization","@id":"https:\/\/visitfinaleligure.it\/de\/#organization","name":"Comune di Finale Ligure","url":"https:\/\/visitfinaleligure.it\/de\/","logo":{"@type":"ImageObject","inLanguage":"de","@id":"https:\/\/visitfinaleligure.it\/de\/#\/schema\/logo\/image\/","url":"https:\/\/visitfinaleligure.it\/wp-content\/uploads\/2023\/04\/cropped-finaleligure-verticale-positivo-200x200-1.png","contentUrl":"https:\/\/visitfinaleligure.it\/wp-content\/uploads\/2023\/04\/cropped-finaleligure-verticale-positivo-200x200-1.png","width":512,"height":512,"caption":"Comune di Finale Ligure"},"image":{"@id":"https:\/\/visitfinaleligure.it\/de\/#\/schema\/logo\/image\/"},"sameAs":["https:\/\/www.facebook.com\/VisitFinaleLigure","https:\/\/www.instagram.com\/visitfinale\/","https:\/\/www.youtube.com\/channel\/UCLmoLfNmrAt9mSCll9egttw"]}]}},"_links":{"self":[{"href":"https:\/\/visitfinaleligure.it\/de\/wp-json\/wp\/v2\/pages\/7677","targetHints":{"allow":["GET"]}}],"collection":[{"href":"https:\/\/visitfinaleligure.it\/de\/wp-json\/wp\/v2\/pages"}],"about":[{"href":"https:\/\/visitfinaleligure.it\/de\/wp-json\/wp\/v2\/types\/page"}],"author":[{"embeddable":true,"href":"https:\/\/visitfinaleligure.it\/de\/wp-json\/wp\/v2\/users\/2"}],"replies":[{"embeddable":true,"href":"https:\/\/visitfinaleligure.it\/de\/wp-json\/wp\/v2\/comments?post=7677"}],"version-history":[{"count":4,"href":"https:\/\/visitfinaleligure.it\/de\/wp-json\/wp\/v2\/pages\/7677\/revisions"}],"predecessor-version":[{"id":8470,"href":"https:\/\/visitfinaleligure.it\/de\/wp-json\/wp\/v2\/pages\/7677\/revisions\/8470"}],"wp:featuredmedia":[{"embeddable":true,"href":"https:\/\/visitfinaleligure.it\/de\/wp-json\/wp\/v2\/media\/5565"}],"wp:attachment":[{"href":"https:\/\/visitfinaleligure.it\/de\/wp-json\/wp\/v2\/media?parent=7677"}],"curies":[{"name":"wp","href":"https:\/\/api.w.org\/{rel}","templated":true}]}}