{"id":7735,"date":"2022-12-28T15:50:14","date_gmt":"2022-12-28T14:50:14","guid":{"rendered":"https:\/\/visitfinaleligure.it\/veranstaltungen\/"},"modified":"2025-10-03T18:25:02","modified_gmt":"2025-10-03T16:25:02","slug":"veranstaltungen","status":"publish","type":"page","link":"https:\/\/visitfinaleligure.it\/de\/veranstaltungen\/","title":{"rendered":"Veranstaltungen"},"content":{"rendered":"\n\n\t<section class=\"section\" id=\"section_597599079\">\n\t\t<div class=\"section-bg fill\" >\n\t\t\t\t\t\t\t\t\t\n\t\t\t\n\n\t\t<\/div>\n\n\t\t\n\n\t\t<div class=\"section-content relative\">\n\t\t\t\n\n\t<div class=\"img has-hover x md-x lg-x y md-y lg-y\" id=\"image_814441072\">\n\t\t\t\t\t\t\t\t<div class=\"img-inner image-cover dark\" style=\"padding-top:40%;\">\n\t\t\t<img loading=\"lazy\" decoding=\"async\" width=\"1600\" height=\"1200\" src=\"https:\/\/visitfinaleligure.it\/wp-content\/uploads\/2024\/05\/Finale-for-Nepal_4.jpeg\" class=\"attachment-original size-original\" alt=\"\" srcset=\"https:\/\/visitfinaleligure.it\/wp-content\/uploads\/2024\/05\/Finale-for-Nepal_4.jpeg 1600w, https:\/\/visitfinaleligure.it\/wp-content\/uploads\/2024\/05\/Finale-for-Nepal_4-300x225.jpeg 300w, https:\/\/visitfinaleligure.it\/wp-content\/uploads\/2024\/05\/Finale-for-Nepal_4-1024x768.jpeg 1024w, https:\/\/visitfinaleligure.it\/wp-content\/uploads\/2024\/05\/Finale-for-Nepal_4-768x576.jpeg 768w, https:\/\/visitfinaleligure.it\/wp-content\/uploads\/2024\/05\/Finale-for-Nepal_4-1536x1152.jpeg 1536w\" sizes=\"auto, (max-width: 1600px) 100vw, 1600px\" \/>\t\t\t\t\t\t\n\t\t\t\t\t<\/div>\n\t\t\t\t\t\t\t\t\n<style>\n#image_814441072 {\n  width: 100%;\n}\n<\/style>\n\t<\/div>\n\t\n\n\n\t\t<\/div>\n\n\t\t\n<style>\n#section_597599079 {\n  padding-top: 30px;\n  padding-bottom: 30px;\n}\n<\/style>\n\t<\/section>\n\t\n\n\t<section class=\"section\" id=\"section_1719508889\">\n\t\t<div class=\"section-bg fill\" >\n\t\t\t\t\t\t\t\t\t\n\t\t\t\n\n\t\t<\/div>\n\n\t\t\n\n\t\t<div class=\"section-content relative\">\n\t\t\t\n\n<div class=\"row align-middle\"  id=\"row-1849124002\">\n\n\n\t<div id=\"col-667196980\" class=\"col hide-for-small medium-1 small-12 large-1\"  >\n\t\t\t\t<div class=\"col-inner\"  >\n\t\t\t\n\t\t\t\n\n\n\t\t<\/div>\n\t\t\t\t\t<\/div>\n\n\t\n\n\t<div id=\"col-1285250881\" class=\"col medium-10 small-12 large-10\"  >\n\t\t\t\t<div class=\"col-inner text-left\"  >\n\t\t\t\n\t\t\t\n\n\t<div id=\"text-2595985536\" class=\"text testi-titolo-laterale\">\n\t\t\n\n<p style=\"font-family: 'Rubik'; font-size: 14px; font-weight: 500; color: rgba(39,39,39,0.4);\">VERANSTALTUNGSKALENDER FINALE LIGURE<\/p>\n\t\t\n<style>\n#text-2595985536 {\n  font-size: 1.5rem;\n  color: rgb(204, 208, 212);\n}\n#text-2595985536 > * {\n  color: rgb(204, 208, 212);\n}\n<\/style>\n\t<\/div>\n\t\n\n\t\t<\/div>\n\t\t\t\t\n<style>\n#col-1285250881 > .col-inner {\n  margin: 0px 0px 0px 0px;\n}\n@media (min-width:550px) {\n  #col-1285250881 > .col-inner {\n    margin: 0px 0px 0px 0px;\n  }\n}\n<\/style>\n\t<\/div>\n\n\t\n\n\t<div id=\"col-109691502\" class=\"col hide-for-small medium-1 small-12 large-1\"  >\n\t\t\t\t<div class=\"col-inner\"  >\n\t\t\t\n\t\t\t\n\n\n\t\t<\/div>\n\t\t\t\t\t<\/div>\n\n\t\n\n\n<style>\n#row-1849124002 > .col > .col-inner {\n  padding: 0px 0px 0px 0px;\n}\n@media (min-width:550px) {\n  #row-1849124002 > .col > .col-inner {\n    padding: 0px 0px 0px 0px;\n  }\n}\n<\/style>\n<\/div>\n<div class=\"row\"  id=\"row-1176065421\">\n\n\n\t<div id=\"col-1825097632\" class=\"col hide-for-small medium-1 small-12 large-1\"  >\n\t\t\t\t<div class=\"col-inner text-left\"  >\n\t\t\t\n\t\t\t\n\n\n\t\t<\/div>\n\t\t\t\t\n<style>\n#col-1825097632 > .col-inner {\n  margin: 0px 0px 0px 0px;\n}\n<\/style>\n\t<\/div>\n\n\t\n\n\t<div id=\"col-1808206222\" class=\"col medium-6 small-12 large-6\"  >\n\t\t\t\t<div class=\"col-inner text-left\"  >\n\t\t\t\n\t\t\t\n\n\t<div id=\"text-3489805933\" class=\"text testi-titolo\">\n\t\t\n\n<h1 class=\"testi-titolo\">Finale Ligure live<br>\n<\/h1>\n\t\t\n<style>\n#text-3489805933 {\n  line-height: 1;\n  color: rgb(0, 0, 0);\n}\n#text-3489805933 > * {\n  color: rgb(0, 0, 0);\n}\n<\/style>\n\t<\/div>\n\t\n\t<div id=\"text-2376943653\" class=\"text testi-body\">\n\t\t\n\n<p>In Finale Ligure gibt es zwischen kulturellen Veranstaltungen, Sportereignissen und traditionellen Festen immer etwas zu tun, um Spa\u00df zu haben und die Sehensw\u00fcrdigkeiten der Region zu entdecken.<\/p>\n<p>Im Fr\u00fchling finden zahlreiche Sportveranstaltungen statt, die Sportfans aus ganz Europa anlocken.<\/p>\n<p>Im Sommer verwandelt sich der Ort mit Festivals, Konzerten und Unterhaltungsshows in einen sehr belebten Ort. Am 29. Juni sollte man die Prozession von St. Peter, dem Besch\u00fctzer der Fischer und Seeleute, auf keinen Fall verpassen.<\/p>\n<p>Im Herbst hingegen finden gastronomische und kulturelle Veranstaltungen statt, um den Wein und andere typische Produkte zu feiern.<\/p>\n<p>Und schlie\u00dflich finden das ganze Jahr \u00fcber kulturelle Veranstaltungen wie Kunstausstellungen, Theaterauff\u00fchrungen und Filmfestivals statt, die das kulturelle Angebot der Stadt bereichern.<\/p>\n<p>In Finale Ligure gibt es immer etwas zu tun und zu entdecken, dank der zahlreichen Veranstaltungen, die das ganze Jahr \u00fcber stattfinden. Deshalb laden wir dazu eine, den Veranstaltungskalender der Stadt zu durchzusehen und die Veranstaltungen auszuw\u00e4hlen, die am meisten interessieren, um ein unvergessliches Ereignis in der wundersch\u00f6nen Umgebung der ligurischen K\u00fcste zu erleben.<\/p>\n\t\t\t<\/div>\n\t\n<div class=\"is-divider divider clearfix\" style=\"background-color:rgba(54, 46, 46, 0);\"><\/div>\n\n\n\t\t<\/div>\n\t\t\t\t\n<style>\n#col-1808206222 > .col-inner {\n  margin: 0px 0px 0px 0px;\n}\n@media (min-width:550px) {\n  #col-1808206222 > .col-inner {\n    margin: -30px 0px 0px 0px;\n  }\n}\n<\/style>\n\t<\/div>\n\n\t\n\n\t<div id=\"col-1970199911\" class=\"col medium-4 small-12 large-4\"  >\n\t\t\t\t<div class=\"col-inner text-left\"  >\n\t\t\t\n\t\t\t\n\n<div class=\"slider-wrapper relative\" id=\"slider-493479448\" >\n    <div class=\"slider slider-nav-simple slider-nav-large slider-nav-dark slider-nav-outside slider-style-normal slider-show-nav\"\n        data-flickity-options='{\n            \"cellAlign\": \"center\",\n            \"imagesLoaded\": true,\n            \"lazyLoad\": 1,\n            \"freeScroll\": true,\n            \"wrapAround\": true,\n            \"autoPlay\": 6000,\n            \"pauseAutoPlayOnHover\" : true,\n            \"prevNextButtons\": true,\n            \"contain\" : true,\n            \"adaptiveHeight\" : true,\n            \"dragThreshold\" : 10,\n            \"percentPosition\": true,\n            \"pageDots\": true,\n            \"rightToLeft\": false,\n            \"draggable\": true,\n            \"selectedAttraction\": 0.1,\n            \"parallax\" : 0,\n            \"friction\": 0.6        }'\n        >\n        \n\n\n\t<section class=\"section\" id=\"section_1959647547\">\n\t\t<div class=\"section-bg fill\" >\n\t\t\t\t\t\t\t\t\t\n\t\t\t\n\n\t\t<\/div>\n\n\t\t\n\n\t\t<div class=\"section-content relative\">\n\t\t\t\n\n\t<div class=\"img has-hover x md-x lg-x y md-y lg-y\" id=\"image_1455294475\">\n\t\t<a class=\"image-lightbox lightbox-gallery\" title=\"\" href=\"https:\/\/visitfinaleligure.it\/wp-content\/uploads\/2023\/05\/CALENDARIO-16-2-pdf.jpg\">\t\t\t\t\t\t<div class=\"img-inner image-zoom dark\" >\n\t\t\t<img loading=\"lazy\" decoding=\"async\" width=\"1058\" height=\"1497\" src=\"https:\/\/visitfinaleligure.it\/wp-content\/uploads\/2023\/05\/CALENDARIO-16-2-pdf.jpg\" class=\"attachment-original size-original\" alt=\"\" \/>\t\t\t\t\t\t\n\t\t\t\t\t<\/div>\n\t\t\t\t\t\t<\/a>\t\t\n<style>\n#image_1455294475 {\n  width: 100%;\n}\n<\/style>\n\t<\/div>\n\t\n\n<a href=\"https:\/\/visitfinaleligure.it\/wp-content\/uploads\/2023\/05\/CALENDARIO-16-2.pdf\" target=\"_blank\" class=\"button primary box-shadow-3 expand\" rel=\"noopener\" style=\"border-radius:78px;\">\n\t\t<span>Veranstaltungskalender herunterladen<\/span>\n\t<\/a>\n\n\n\n\t\t<\/div>\n\n\t\t\n<style>\n#section_1959647547 {\n  padding-top: 30px;\n  padding-bottom: 30px;\n}\n<\/style>\n\t<\/section>\n\t\n\n     <\/div>\n\n     <div class=\"loading-spin dark large centered\"><\/div>\n\n\t<\/div>\n\n\n\n\n\t\t<\/div>\n\t\t\t\t\n<style>\n#col-1970199911 > .col-inner {\n  margin: 0px 0px 0px 0px;\n}\n<\/style>\n\t<\/div>\n\n\t\n\n\t<div id=\"col-283268853\" class=\"col hide-for-small medium-1 small-12 large-1\"  >\n\t\t\t\t<div class=\"col-inner text-left\"  >\n\t\t\t\n\t\t\t\n\n\n\t\t<\/div>\n\t\t\t\t\n<style>\n#col-283268853 > .col-inner {\n  margin: 0px 0px 0px 0px;\n}\n<\/style>\n\t<\/div>\n\n\t\n\n<\/div>\n<div class=\"row\"  id=\"row-1343227109\">\n\n\n\t<div id=\"col-1338263485\" class=\"col hide-for-small medium-1 small-12 large-1\"  >\n\t\t\t\t<div class=\"col-inner\"  >\n\t\t\t\n\t\t\t\n\n\n\t\t<\/div>\n\t\t\t\t\t<\/div>\n\n\t\n\n\t<div id=\"col-898791727\" class=\"col medium-10 small-12 large-10\"  >\n\t\t\t\t<div class=\"col-inner\"  >\n\t\t\t\n\t\t\t\n\n\n\n<!-- Implementazione TOSC5 inizio-->\n    <script>\n        window.dw = window.dw ||    function () { (dw.q = dw.q || []).push(arguments) };\n        dw('settings','0846f649-2369-4557-9e73-6ae95200ac28',\n        {\n         \"context\": {\"targetRoute\":[\"\/eventi\",\"\/events\",\"\/veranstaltungen\"]}, \n         \/* imposta la lingua iniziale: it, de, en .. *\/\n         \"lang\": 'de',\n          \/* disattiva lo scorrimento della pagina all'inizio del widget = false *\/\n         \"allowScrollOnApplicationStart\" : false,\n         \/* carica un nuovo foglio di style *\/\n         \/* \"styleResources\":['https:\/\/www.vostrodominio.it\/css\/nomefogliodistile.css'],*\/\n         \/* ID dell\u2019elemento HTML nella pagina che deve ospitare TOSC5 *\/\n         \"target\": \"tosc5container\",\n\"baseHref\": \"\/de\/veranstaltungen\/\",\n          \/* colori della rotella di pre-caricamento *\/\n         \"loadingAnimationColor\": {\n          \"main\": '#bba193',\n          \"alt\": '#00ADBB'\n          }\n        });\n        dw('onPageChange', '0846f649-2369-4557-9e73-6ae95200ac28', () => {     console.log('page changed event');\n   });\n<\/script>\n<script async=\"\" src=\"https:\/\/resc.deskline.net\/DW5\/start\/FINALIGURE\/0846f649-2369-4557-9e73-6ae95200ac28\/index.js\"><\/script>\n<div id=\"tosc5container\" style=\"min-height:250px;\"><\/div>\n<!--Implementazione TOSC5 fine-->\n\n\n\t\t<\/div>\n\t\t\t\t\t<\/div>\n\n\t\n\n\t<div id=\"col-769885623\" class=\"col hide-for-small medium-1 small-12 large-1\"  >\n\t\t\t\t<div class=\"col-inner\"  >\n\t\t\t\n\t\t\t\n\n\n\t\t<\/div>\n\t\t\t\t\t<\/div>\n\n\t\n\n<\/div>\n\n\t\t<\/div>\n\n\t\t\n<style>\n#section_1719508889 {\n  padding-top: 0px;\n  padding-bottom: 0px;\n}\n<\/style>\n\t<\/section>\n\t\n\n","protected":false},"excerpt":{"rendered":"","protected":false},"author":2,"featured_media":11706,"parent":0,"menu_order":0,"comment_status":"closed","ping_status":"closed","template":"page-blank.php","meta":{"footnotes":""},"class_list":["post-7735","page","type-page","status-publish","has-post-thumbnail","hentry"],"yoast_head":"<!-- This site is optimized with the Yoast SEO plugin v27.3 - https:\/\/yoast.com\/product\/yoast-seo-wordpress\/ -->\n<title>Veranstaltungen - Visit Finale Ligure<\/title>\n<meta name=\"description\" content=\"Finale Ligure live: Events, Feste, Sport und Kultur das ganze Jahr \u00fcber an der ligurischen K\u00fcste erleben.\" \/>\n<meta name=\"robots\" content=\"index, follow, max-snippet:-1, max-image-preview:large, max-video-preview:-1\" \/>\n<link rel=\"canonical\" href=\"https:\/\/visitfinaleligure.it\/de\/veranstaltungen\/\" \/>\n<meta property=\"og:locale\" content=\"de_DE\" \/>\n<meta property=\"og:type\" content=\"article\" \/>\n<meta property=\"og:title\" content=\"Veranstaltungen - Visit Finale Ligure\" \/>\n<meta property=\"og:description\" content=\"Finale Ligure live: Events, Feste, Sport und Kultur das ganze Jahr \u00fcber an der ligurischen K\u00fcste erleben.\" \/>\n<meta property=\"og:url\" content=\"https:\/\/visitfinaleligure.it\/de\/veranstaltungen\/\" \/>\n<meta property=\"og:site_name\" content=\"Visit Finale Ligure\" \/>\n<meta property=\"article:publisher\" content=\"https:\/\/www.facebook.com\/VisitFinaleLigure\" \/>\n<meta property=\"article:modified_time\" content=\"2025-10-03T16:25:02+00:00\" \/>\n<meta property=\"og:image\" content=\"https:\/\/visitfinaleligure.it\/wp-content\/uploads\/2024\/05\/Finale-for-Nepal_2.jpeg\" \/>\n\t<meta property=\"og:image:width\" content=\"1600\" \/>\n\t<meta property=\"og:image:height\" content=\"1200\" \/>\n\t<meta property=\"og:image:type\" content=\"image\/jpeg\" \/>\n<meta name=\"twitter:card\" content=\"summary_large_image\" \/>\n<meta name=\"twitter:label1\" content=\"Gesch\u00e4tzte Lesezeit\" \/>\n\t<meta name=\"twitter:data1\" content=\"2\u00a0Minuten\" \/>\n<script type=\"application\/ld+json\" class=\"yoast-schema-graph\">{\"@context\":\"https:\\\/\\\/schema.org\",\"@graph\":[{\"@type\":\"WebPage\",\"@id\":\"https:\\\/\\\/visitfinaleligure.it\\\/de\\\/veranstaltungen\\\/\",\"url\":\"https:\\\/\\\/visitfinaleligure.it\\\/de\\\/veranstaltungen\\\/\",\"name\":\"Veranstaltungen - Visit Finale Ligure\",\"isPartOf\":{\"@id\":\"https:\\\/\\\/visitfinaleligure.it\\\/de\\\/#website\"},\"primaryImageOfPage\":{\"@id\":\"https:\\\/\\\/visitfinaleligure.it\\\/de\\\/veranstaltungen\\\/#primaryimage\"},\"image\":{\"@id\":\"https:\\\/\\\/visitfinaleligure.it\\\/de\\\/veranstaltungen\\\/#primaryimage\"},\"thumbnailUrl\":\"https:\\\/\\\/visitfinaleligure.it\\\/wp-content\\\/uploads\\\/2024\\\/05\\\/Finale-for-Nepal_2.jpeg\",\"datePublished\":\"2022-12-28T14:50:14+00:00\",\"dateModified\":\"2025-10-03T16:25:02+00:00\",\"description\":\"Finale Ligure live: Events, Feste, Sport und Kultur das ganze Jahr \u00fcber an der ligurischen K\u00fcste erleben.\",\"breadcrumb\":{\"@id\":\"https:\\\/\\\/visitfinaleligure.it\\\/de\\\/veranstaltungen\\\/#breadcrumb\"},\"inLanguage\":\"de\",\"potentialAction\":[{\"@type\":\"ReadAction\",\"target\":[\"https:\\\/\\\/visitfinaleligure.it\\\/de\\\/veranstaltungen\\\/\"]}]},{\"@type\":\"ImageObject\",\"inLanguage\":\"de\",\"@id\":\"https:\\\/\\\/visitfinaleligure.it\\\/de\\\/veranstaltungen\\\/#primaryimage\",\"url\":\"https:\\\/\\\/visitfinaleligure.it\\\/wp-content\\\/uploads\\\/2024\\\/05\\\/Finale-for-Nepal_2.jpeg\",\"contentUrl\":\"https:\\\/\\\/visitfinaleligure.it\\\/wp-content\\\/uploads\\\/2024\\\/05\\\/Finale-for-Nepal_2.jpeg\",\"width\":1600,\"height\":1200},{\"@type\":\"BreadcrumbList\",\"@id\":\"https:\\\/\\\/visitfinaleligure.it\\\/de\\\/veranstaltungen\\\/#breadcrumb\",\"itemListElement\":[{\"@type\":\"ListItem\",\"position\":1,\"name\":\"Home\",\"item\":\"https:\\\/\\\/visitfinaleligure.it\\\/de\\\/\"},{\"@type\":\"ListItem\",\"position\":2,\"name\":\"Veranstaltungen\"}]},{\"@type\":\"WebSite\",\"@id\":\"https:\\\/\\\/visitfinaleligure.it\\\/de\\\/#website\",\"url\":\"https:\\\/\\\/visitfinaleligure.it\\\/de\\\/\",\"name\":\"Visit Finale Ligure\",\"description\":\"My perfect place\",\"publisher\":{\"@id\":\"https:\\\/\\\/visitfinaleligure.it\\\/de\\\/#organization\"},\"potentialAction\":[{\"@type\":\"SearchAction\",\"target\":{\"@type\":\"EntryPoint\",\"urlTemplate\":\"https:\\\/\\\/visitfinaleligure.it\\\/de\\\/?s={search_term_string}\"},\"query-input\":{\"@type\":\"PropertyValueSpecification\",\"valueRequired\":true,\"valueName\":\"search_term_string\"}}],\"inLanguage\":\"de\"},{\"@type\":\"Organization\",\"@id\":\"https:\\\/\\\/visitfinaleligure.it\\\/de\\\/#organization\",\"name\":\"Comune di Finale Ligure\",\"url\":\"https:\\\/\\\/visitfinaleligure.it\\\/de\\\/\",\"logo\":{\"@type\":\"ImageObject\",\"inLanguage\":\"de\",\"@id\":\"https:\\\/\\\/visitfinaleligure.it\\\/de\\\/#\\\/schema\\\/logo\\\/image\\\/\",\"url\":\"https:\\\/\\\/visitfinaleligure.it\\\/wp-content\\\/uploads\\\/2023\\\/04\\\/cropped-finaleligure-verticale-positivo-200x200-1.png\",\"contentUrl\":\"https:\\\/\\\/visitfinaleligure.it\\\/wp-content\\\/uploads\\\/2023\\\/04\\\/cropped-finaleligure-verticale-positivo-200x200-1.png\",\"width\":512,\"height\":512,\"caption\":\"Comune di Finale Ligure\"},\"image\":{\"@id\":\"https:\\\/\\\/visitfinaleligure.it\\\/de\\\/#\\\/schema\\\/logo\\\/image\\\/\"},\"sameAs\":[\"https:\\\/\\\/www.facebook.com\\\/VisitFinaleLigure\",\"https:\\\/\\\/www.instagram.com\\\/visitfinale\\\/\",\"https:\\\/\\\/www.youtube.com\\\/channel\\\/UCLmoLfNmrAt9mSCll9egttw\"]}]}<\/script>\n<!-- \/ Yoast SEO plugin. -->","yoast_head_json":{"title":"Veranstaltungen - Visit Finale Ligure","description":"Finale Ligure live: Events, Feste, Sport und Kultur das ganze Jahr \u00fcber an der ligurischen K\u00fcste erleben.","robots":{"index":"index","follow":"follow","max-snippet":"max-snippet:-1","max-image-preview":"max-image-preview:large","max-video-preview":"max-video-preview:-1"},"canonical":"https:\/\/visitfinaleligure.it\/de\/veranstaltungen\/","og_locale":"de_DE","og_type":"article","og_title":"Veranstaltungen - Visit Finale Ligure","og_description":"Finale Ligure live: Events, Feste, Sport und Kultur das ganze Jahr \u00fcber an der ligurischen K\u00fcste erleben.","og_url":"https:\/\/visitfinaleligure.it\/de\/veranstaltungen\/","og_site_name":"Visit Finale Ligure","article_publisher":"https:\/\/www.facebook.com\/VisitFinaleLigure","article_modified_time":"2025-10-03T16:25:02+00:00","og_image":[{"width":1600,"height":1200,"url":"https:\/\/visitfinaleligure.it\/wp-content\/uploads\/2024\/05\/Finale-for-Nepal_2.jpeg","type":"image\/jpeg"}],"twitter_card":"summary_large_image","twitter_misc":{"Gesch\u00e4tzte Lesezeit":"2\u00a0Minuten"},"schema":{"@context":"https:\/\/schema.org","@graph":[{"@type":"WebPage","@id":"https:\/\/visitfinaleligure.it\/de\/veranstaltungen\/","url":"https:\/\/visitfinaleligure.it\/de\/veranstaltungen\/","name":"Veranstaltungen - Visit Finale Ligure","isPartOf":{"@id":"https:\/\/visitfinaleligure.it\/de\/#website"},"primaryImageOfPage":{"@id":"https:\/\/visitfinaleligure.it\/de\/veranstaltungen\/#primaryimage"},"image":{"@id":"https:\/\/visitfinaleligure.it\/de\/veranstaltungen\/#primaryimage"},"thumbnailUrl":"https:\/\/visitfinaleligure.it\/wp-content\/uploads\/2024\/05\/Finale-for-Nepal_2.jpeg","datePublished":"2022-12-28T14:50:14+00:00","dateModified":"2025-10-03T16:25:02+00:00","description":"Finale Ligure live: Events, Feste, Sport und Kultur das ganze Jahr \u00fcber an der ligurischen K\u00fcste erleben.","breadcrumb":{"@id":"https:\/\/visitfinaleligure.it\/de\/veranstaltungen\/#breadcrumb"},"inLanguage":"de","potentialAction":[{"@type":"ReadAction","target":["https:\/\/visitfinaleligure.it\/de\/veranstaltungen\/"]}]},{"@type":"ImageObject","inLanguage":"de","@id":"https:\/\/visitfinaleligure.it\/de\/veranstaltungen\/#primaryimage","url":"https:\/\/visitfinaleligure.it\/wp-content\/uploads\/2024\/05\/Finale-for-Nepal_2.jpeg","contentUrl":"https:\/\/visitfinaleligure.it\/wp-content\/uploads\/2024\/05\/Finale-for-Nepal_2.jpeg","width":1600,"height":1200},{"@type":"BreadcrumbList","@id":"https:\/\/visitfinaleligure.it\/de\/veranstaltungen\/#breadcrumb","itemListElement":[{"@type":"ListItem","position":1,"name":"Home","item":"https:\/\/visitfinaleligure.it\/de\/"},{"@type":"ListItem","position":2,"name":"Veranstaltungen"}]},{"@type":"WebSite","@id":"https:\/\/visitfinaleligure.it\/de\/#website","url":"https:\/\/visitfinaleligure.it\/de\/","name":"Visit Finale Ligure","description":"My perfect place","publisher":{"@id":"https:\/\/visitfinaleligure.it\/de\/#organization"},"potentialAction":[{"@type":"SearchAction","target":{"@type":"EntryPoint","urlTemplate":"https:\/\/visitfinaleligure.it\/de\/?s={search_term_string}"},"query-input":{"@type":"PropertyValueSpecification","valueRequired":true,"valueName":"search_term_string"}}],"inLanguage":"de"},{"@type":"Organization","@id":"https:\/\/visitfinaleligure.it\/de\/#organization","name":"Comune di Finale Ligure","url":"https:\/\/visitfinaleligure.it\/de\/","logo":{"@type":"ImageObject","inLanguage":"de","@id":"https:\/\/visitfinaleligure.it\/de\/#\/schema\/logo\/image\/","url":"https:\/\/visitfinaleligure.it\/wp-content\/uploads\/2023\/04\/cropped-finaleligure-verticale-positivo-200x200-1.png","contentUrl":"https:\/\/visitfinaleligure.it\/wp-content\/uploads\/2023\/04\/cropped-finaleligure-verticale-positivo-200x200-1.png","width":512,"height":512,"caption":"Comune di Finale Ligure"},"image":{"@id":"https:\/\/visitfinaleligure.it\/de\/#\/schema\/logo\/image\/"},"sameAs":["https:\/\/www.facebook.com\/VisitFinaleLigure","https:\/\/www.instagram.com\/visitfinale\/","https:\/\/www.youtube.com\/channel\/UCLmoLfNmrAt9mSCll9egttw"]}]}},"_links":{"self":[{"href":"https:\/\/visitfinaleligure.it\/de\/wp-json\/wp\/v2\/pages\/7735","targetHints":{"allow":["GET"]}}],"collection":[{"href":"https:\/\/visitfinaleligure.it\/de\/wp-json\/wp\/v2\/pages"}],"about":[{"href":"https:\/\/visitfinaleligure.it\/de\/wp-json\/wp\/v2\/types\/page"}],"author":[{"embeddable":true,"href":"https:\/\/visitfinaleligure.it\/de\/wp-json\/wp\/v2\/users\/2"}],"replies":[{"embeddable":true,"href":"https:\/\/visitfinaleligure.it\/de\/wp-json\/wp\/v2\/comments?post=7735"}],"version-history":[{"count":14,"href":"https:\/\/visitfinaleligure.it\/de\/wp-json\/wp\/v2\/pages\/7735\/revisions"}],"predecessor-version":[{"id":14992,"href":"https:\/\/visitfinaleligure.it\/de\/wp-json\/wp\/v2\/pages\/7735\/revisions\/14992"}],"wp:featuredmedia":[{"embeddable":true,"href":"https:\/\/visitfinaleligure.it\/de\/wp-json\/wp\/v2\/media\/11706"}],"wp:attachment":[{"href":"https:\/\/visitfinaleligure.it\/de\/wp-json\/wp\/v2\/media?parent=7735"}],"curies":[{"name":"wp","href":"https:\/\/api.w.org\/{rel}","templated":true}]}}