{"id":7742,"date":"2023-02-01T12:44:51","date_gmt":"2023-02-01T11:44:51","guid":{"rendered":"https:\/\/visitfinaleligure.it\/kultur\/historische-und-kulturelle-route\/beruehmte-touren\/giovanni-boine\/"},"modified":"2025-08-07T15:09:36","modified_gmt":"2025-08-07T13:09:36","slug":"giovanni-boine","status":"publish","type":"page","link":"https:\/\/visitfinaleligure.it\/de\/kultur\/historische-und-kulturelle-route\/beruehmte-touren\/giovanni-boine\/","title":{"rendered":"Giovanni Boine"},"content":{"rendered":"\n\n\t<section class=\"section\" id=\"section_1508416840\">\n\t\t<div class=\"section-bg fill\" >\n\t\t\t\t\t\t\t\t\t\n\t\t\t\n\n\t\t<\/div>\n\n\t\t\n\n\t\t<div class=\"section-content relative\">\n\t\t\t\n\n\t<div class=\"img has-hover x md-x lg-x y md-y lg-y\" id=\"image_1157644173\">\n\t\t\t\t\t\t\t\t<div class=\"img-inner image-cover dark\" style=\"padding-top:40%;\">\n\t\t\t<img loading=\"lazy\" decoding=\"async\" width=\"1200\" height=\"780\" src=\"https:\/\/visitfinaleligure.it\/wp-content\/uploads\/2022\/12\/boine.jpg\" class=\"attachment-original size-original\" alt=\"Giovanni Boine\" srcset=\"https:\/\/visitfinaleligure.it\/wp-content\/uploads\/2022\/12\/boine.jpg 1200w, https:\/\/visitfinaleligure.it\/wp-content\/uploads\/2022\/12\/boine-300x195.jpg 300w, https:\/\/visitfinaleligure.it\/wp-content\/uploads\/2022\/12\/boine-1024x666.jpg 1024w, https:\/\/visitfinaleligure.it\/wp-content\/uploads\/2022\/12\/boine-768x499.jpg 768w\" sizes=\"auto, (max-width: 1200px) 100vw, 1200px\" \/>\t\t\t\t\t\t\n\t\t\t\t\t<\/div>\n\t\t\t\t\t\t\t\t\n<style>\n#image_1157644173 {\n  width: 100%;\n}\n<\/style>\n\t<\/div>\n\t\n\n\n\t\t<\/div>\n\n\t\t\n<style>\n#section_1508416840 {\n  padding-top: 30px;\n  padding-bottom: 30px;\n}\n<\/style>\n\t<\/section>\n\t\n\n\t<section class=\"section\" id=\"section_1691670269\">\n\t\t<div class=\"section-bg fill\" >\n\t\t\t\t\t\t\t\t\t\n\t\t\t\n\n\t\t<\/div>\n\n\t\t\n\n\t\t<div class=\"section-content relative\">\n\t\t\t\n\n<div class=\"row align-middle\"  id=\"row-1895306216\">\n\n\n\t<div id=\"col-1001736793\" class=\"col hide-for-small medium-1 small-12 large-1\"  >\n\t\t\t\t<div class=\"col-inner\"  >\n\t\t\t\n\t\t\t\n\n\n\t\t<\/div>\n\t\t\t\t\t<\/div>\n\n\t\n\n\t<div id=\"col-1951476117\" class=\"col medium-10 small-12 large-10\"  >\n\t\t\t\t<div class=\"col-inner text-left\"  >\n\t\t\t\n\t\t\t\n\n\t<div id=\"text-2939402238\" class=\"text testi-titolo-laterale\">\n\t\t\n\n<p style=\"font-family: 'Rubik'; font-size: 14px; font-weight: 500; color: rgba(39,39,39,0.4);\">NEUGIERIGE AUGEN AUF DER LIGURISCHEN LANDSCHAFT<\/p>\n\t\t\n<style>\n#text-2939402238 {\n  font-size: 1.5rem;\n  color: rgb(204, 208, 212);\n}\n#text-2939402238 > * {\n  color: rgb(204, 208, 212);\n}\n<\/style>\n\t<\/div>\n\t\n\n\t\t<\/div>\n\t\t\t\t\n<style>\n#col-1951476117 > .col-inner {\n  margin: 0px 0px 0px 0px;\n}\n@media (min-width:550px) {\n  #col-1951476117 > .col-inner {\n    margin: 0px 0px 0px 0px;\n  }\n}\n<\/style>\n\t<\/div>\n\n\t\n\n\t<div id=\"col-725575203\" class=\"col hide-for-small medium-1 small-12 large-1\"  >\n\t\t\t\t<div class=\"col-inner\"  >\n\t\t\t\n\t\t\t\n\n\n\t\t<\/div>\n\t\t\t\t\t<\/div>\n\n\t\n\n<\/div>\n<div class=\"row\"  id=\"row-487959877\">\n\n\n\t<div id=\"col-1970149522\" class=\"col hide-for-small medium-1 small-12 large-1\"  >\n\t\t\t\t<div class=\"col-inner text-left\"  >\n\t\t\t\n\t\t\t\n\n\n\t\t<\/div>\n\t\t\t\t\n<style>\n#col-1970149522 > .col-inner {\n  margin: 0px 0px 0px 0px;\n}\n<\/style>\n\t<\/div>\n\n\t\n\n\t<div id=\"col-1944395367\" class=\"col medium-10 small-12 large-10\"  >\n\t\t\t\t<div class=\"col-inner text-left\"  >\n\t\t\t\n\t\t\t\n\n\t<div id=\"text-1653234983\" class=\"text testi-titolo\">\n\t\t\n\n<h1 class=\"testi-titolo\">Giovanni Boine, einer der bedeutendsten Intellektuellen der Gruppe &#8220;Vociano&#8221;<br>\n<\/h1>\n\t\t\n<style>\n#text-1653234983 {\n  color: rgb(0, 0, 0);\n}\n#text-1653234983 > * {\n  color: rgb(0, 0, 0);\n}\n<\/style>\n\t<\/div>\n\t\n\t<div id=\"text-906029303\" class=\"text testi-body\">\n\t\t\n\n<p>Er wurde am 12. September 1887 in Finalmarina geboren, vor dem Strand des Ligurischen Meeres, das damals noch keine Touristenattraktion war.<\/p>\n<p>Ein Kind, ein Junge, Giovanni Boine, der, bevor er f\u00fcr sein Studium nach Mailand zog, an diesem Strand spielte, der damals ein Arbeitsplatz f\u00fcr Fischer, B\u00f6ttcher und H\u00e4ndler war, und in den Gassen von Marina die Zeit vertrieb, abwechselnd mit langen Spazierg\u00e4ngen in den H\u00fcgeln. Dabei &#8220;fotografierte&#8221; er die ligurische Landschaft mit seinen neugierigen Augen und nahm diesen schroffen und unnachgiebigen Charakter auf, der den ligurischen Menschen charakterisiert.<\/p>\n\t\t\t<\/div>\n\t\n<div class=\"row row-collapse align-center\"  id=\"row-2006951901\">\n\n\n\t<div id=\"col-110071022\" class=\"col small-12 large-12\"  >\n\t\t\t\t<div class=\"col-inner\"  >\n\t\t\t\n\t\t\t\n\n\t<div class=\"img has-hover x md-x lg-x y md-y lg-y\" id=\"image_1295076824\">\n\t\t\t\t\t\t\t\t<div class=\"img-inner image-zoom image-cover dark\" style=\"padding-top:56.25%;margin:0px 0px 20px 0px;\">\n\t\t\t<img loading=\"lazy\" decoding=\"async\" width=\"2000\" height=\"1334\" src=\"https:\/\/visitfinaleligure.it\/wp-content\/uploads\/2023\/02\/FIORITURA-PRIMAVERILE-FOTOSTUDIOLOVISOLO.jpg\" class=\"attachment-original size-original\" alt=\"\" srcset=\"https:\/\/visitfinaleligure.it\/wp-content\/uploads\/2023\/02\/FIORITURA-PRIMAVERILE-FOTOSTUDIOLOVISOLO.jpg 2000w, https:\/\/visitfinaleligure.it\/wp-content\/uploads\/2023\/02\/FIORITURA-PRIMAVERILE-FOTOSTUDIOLOVISOLO-300x200.jpg 300w, https:\/\/visitfinaleligure.it\/wp-content\/uploads\/2023\/02\/FIORITURA-PRIMAVERILE-FOTOSTUDIOLOVISOLO-1024x683.jpg 1024w, https:\/\/visitfinaleligure.it\/wp-content\/uploads\/2023\/02\/FIORITURA-PRIMAVERILE-FOTOSTUDIOLOVISOLO-768x512.jpg 768w, https:\/\/visitfinaleligure.it\/wp-content\/uploads\/2023\/02\/FIORITURA-PRIMAVERILE-FOTOSTUDIOLOVISOLO-1536x1025.jpg 1536w\" sizes=\"auto, (max-width: 2000px) 100vw, 2000px\" \/>\t\t\t\t\t\t\n\t\t\t\t\t<\/div>\n\t\t\t\t\t\t\t\t\n<style>\n#image_1295076824 {\n  width: 100%;\n}\n<\/style>\n\t<\/div>\n\t\n\n\n\t\t<\/div>\n\t\t\t\t\t<\/div>\n\n\t\n\n<\/div>\n<p>Auch wenn wir keinen Wanderweg mit dem Namen &#8220;Boine&#8221; haben, k\u00f6nnen wir uns diesen anhand seiner Schriften, seiner Poetik und seiner Weltanschauung vorstellen.<\/p>\n<p><strong>Die &#8220;Tr\u00e4ume aus Stein&#8221; waren f\u00fcr Boine die Olivenhaine in den ligurischen T\u00e4lern.<\/strong><\/p>\n<p>\u201cKonkrete, harte und hartn\u00e4ckige Tr\u00e4ume, so konkret und hartn\u00e4ckig wie die M\u00e4nner, die sie errichtet hatten, Jahr f\u00fcr Jahr, Generation f\u00fcr Generation. Tr\u00e4ume, die mit M\u00fchsal und Schwei\u00df geformt wurden, um zu einem Gebet zu werden, zu einem festen Glauben an die Zukunft. Das Zeugnis eines irdischen Weges, der eine unausl\u00f6schliche Spur aus Olivenb\u00e4umen und Stein hinterlassen sollte. Die wahre Kathedrale der Ligurier, die nach Boine einem harten Leben, das ausschlie\u00dflich aus ununterbrochener Arbeit bestand, einen Sinn verlieh, einer t\u00e4glichen Arbeit, die auf einer Moral der Aufopferung gr\u00fcndete, die f\u00fcr diese M\u00e4nner fast den Charakter eines Gebets annahm\u201d, schreibt Giorgio Amico.<\/p>\n\n  \n    <div class=\"row large-columns-3 medium-columns- small-columns-2 row-xsmall\" >\n  <div class=\"gallery-col col\" >\n          <div class=\"col-inner\">\n            <a class=\"image-lightbox lightbox-gallery\" href=\"https:\/\/visitfinaleligure.it\/wp-content\/uploads\/2023\/02\/san-lorenzo-varigotti-1-2.webp\" title=\"\">            <div class=\"box has-hover gallery-box box-overlay dark\">\n              <div class=\"box-image image-cover\" style=\"padding-top:100%;\">\n                <img loading=\"lazy\" decoding=\"async\" width=\"600\" height=\"600\" src=\"https:\/\/visitfinaleligure.it\/wp-content\/uploads\/2023\/02\/san-lorenzo-varigotti-1-2.webp\" class=\"attachment-original size-original\" alt=\"\" ids=\"2392,2393,2394\" lightbox_image_size=\"original\" col_spacing=\"xsmall\" columns=\"3\" image_height=\"100%\" image_size=\"original\" text_padding=\"0px 0px 20px 0px\" srcset=\"https:\/\/visitfinaleligure.it\/wp-content\/uploads\/2023\/02\/san-lorenzo-varigotti-1-2.webp 600w, https:\/\/visitfinaleligure.it\/wp-content\/uploads\/2023\/02\/san-lorenzo-varigotti-1-2-300x300.webp 300w, https:\/\/visitfinaleligure.it\/wp-content\/uploads\/2023\/02\/san-lorenzo-varigotti-1-2-150x150.webp 150w\" sizes=\"auto, (max-width: 600px) 100vw, 600px\" \/>                                  <div class=\"overlay fill\"\n                      style=\"background-color: rgba(0,0,0,.15)\">\n                  <\/div>\n                                                              <\/div>\n              <div class=\"box-text text-left\" style=\"padding:0px 0px 20px 0px;\">\n                 <p><\/p>\n              <\/div>\n            <\/div>\n            <\/a>          <\/div>\n         <\/div><div class=\"gallery-col col\" >\n          <div class=\"col-inner\">\n            <a class=\"image-lightbox lightbox-gallery\" href=\"https:\/\/visitfinaleligure.it\/wp-content\/uploads\/2023\/02\/pertivinella-736x1024-1.webp\" title=\"\">            <div class=\"box has-hover gallery-box box-overlay dark\">\n              <div class=\"box-image image-cover\" style=\"padding-top:100%;\">\n                <img loading=\"lazy\" decoding=\"async\" width=\"736\" height=\"1024\" src=\"https:\/\/visitfinaleligure.it\/wp-content\/uploads\/2023\/02\/pertivinella-736x1024-1.webp\" class=\"attachment-original size-original\" alt=\"\" ids=\"2392,2393,2394\" lightbox_image_size=\"original\" col_spacing=\"xsmall\" columns=\"3\" image_height=\"100%\" image_size=\"original\" text_padding=\"0px 0px 20px 0px\" srcset=\"https:\/\/visitfinaleligure.it\/wp-content\/uploads\/2023\/02\/pertivinella-736x1024-1.webp 736w, https:\/\/visitfinaleligure.it\/wp-content\/uploads\/2023\/02\/pertivinella-736x1024-1-216x300.webp 216w\" sizes=\"auto, (max-width: 736px) 100vw, 736px\" \/>                                  <div class=\"overlay fill\"\n                      style=\"background-color: rgba(0,0,0,.15)\">\n                  <\/div>\n                                                              <\/div>\n              <div class=\"box-text text-left\" style=\"padding:0px 0px 20px 0px;\">\n                 <p><\/p>\n              <\/div>\n            <\/div>\n            <\/a>          <\/div>\n         <\/div><div class=\"gallery-col col\" >\n          <div class=\"col-inner\">\n            <a class=\"image-lightbox lightbox-gallery\" href=\"https:\/\/visitfinaleligure.it\/wp-content\/uploads\/2023\/02\/torre-san-donato-768x512-1.jpg\" title=\"\">            <div class=\"box has-hover gallery-box box-overlay dark\">\n              <div class=\"box-image image-cover\" style=\"padding-top:100%;\">\n                <img loading=\"lazy\" decoding=\"async\" width=\"768\" height=\"512\" src=\"https:\/\/visitfinaleligure.it\/wp-content\/uploads\/2023\/02\/torre-san-donato-768x512-1.jpg\" class=\"attachment-original size-original\" alt=\"\" ids=\"2392,2393,2394\" lightbox_image_size=\"original\" col_spacing=\"xsmall\" columns=\"3\" image_height=\"100%\" image_size=\"original\" text_padding=\"0px 0px 20px 0px\" srcset=\"https:\/\/visitfinaleligure.it\/wp-content\/uploads\/2023\/02\/torre-san-donato-768x512-1.jpg 768w, https:\/\/visitfinaleligure.it\/wp-content\/uploads\/2023\/02\/torre-san-donato-768x512-1-300x200.jpg 300w\" sizes=\"auto, (max-width: 768px) 100vw, 768px\" \/>                                  <div class=\"overlay fill\"\n                      style=\"background-color: rgba(0,0,0,.15)\">\n                  <\/div>\n                                                              <\/div>\n              <div class=\"box-text text-left\" style=\"padding:0px 0px 20px 0px;\">\n                 <p><\/p>\n              <\/div>\n            <\/div>\n            <\/a>          <\/div>\n         <\/div><\/div>\n\n<p>&#8220;Terrassen und Mauern bis dorthin, wo der Wald beginnt, Millionen von Quadratmetern Trockenmauern, die unsere V\u00e4ter, wer wei\u00df ab wann, wer wei\u00df f\u00fcr wie lange, Stein f\u00fcr Stein, mit ihren eigenen H\u00e4nden gebaut haben.<\/p>\n<p>Stein auf Stein, mit ihren H\u00e4nden, den H\u00e4nden unserer V\u00e4ter seit unz\u00e4hligen Jahrhunderten, bis hinauf auf den Berg! Unsere V\u00e4ter hinterlie\u00dfen uns keine gro\u00dfen Geb\u00e4ude, keine Kirchen, sie hinterlie\u00dfen uns nicht die Herrlichkeit der komplexen Architektur: Sie bauten hartn\u00e4ckig, m\u00fchsam und fromm Mauern, Trockenmauern wie zyklopische Tempel, Tausende stahlharte Mauern, vom Meer bis hinauf zu den Bergen! Mauern und Terrassen, und auf den Terrassen die gewundenen Olivenb\u00e4ume, um zu bezeugen, dass sie lebten, dass sie es wollten, dass sie vor Willen und Kraft strotzten&#8230;\u201c, schrieb Boine in \u201eLa crisi degli olivi\u201c (Die Krise der Olivenb\u00e4ume).<\/p>\n<div class=\"is-divider divider clearfix\" style=\"max-width:1500px;height:1px;background-color:rgb(0, 173, 187);\"><\/div>\n\n\t<div id=\"text-1926437220\" class=\"text\">\n\t\t\n\n<p>In Erinnerung an Boine also ein Spaziergang mit Beginn in Finalmarina bis nach Finalpia, den Strand entlang, \u00fcber die antiken Maultierpfade, die zu Gem\u00fcseg\u00e4rten, Olivenhainen und Trockensteinmauern f\u00fchren.<\/p>\n\t\t\n<style>\n#text-1926437220 {\n  color: rgb(0,0,0);\n}\n#text-1926437220 > * {\n  color: rgb(0,0,0);\n}\n<\/style>\n\t<\/div>\n\t\n<div class=\"is-divider divider clearfix\" style=\"max-width:1500px;height:1px;background-color:rgb(0, 173, 187);\"><\/div>\n\n\n\t\t<\/div>\n\t\t\t\t\n<style>\n#col-1944395367 > .col-inner {\n  padding: 0px 0px 0px 0px;\n  margin: 0px 0px 0px 0px;\n}\n<\/style>\n\t<\/div>\n\n\t\n\n<\/div>\n\n\t\t<\/div>\n\n\t\t\n<style>\n#section_1691670269 {\n  padding-top: 0px;\n  padding-bottom: 0px;\n}\n<\/style>\n\t<\/section>\n\t\n\n","protected":false},"excerpt":{"rendered":"","protected":false},"author":2,"featured_media":5131,"parent":7467,"menu_order":0,"comment_status":"closed","ping_status":"closed","template":"page-blank.php","meta":{"footnotes":""},"class_list":["post-7742","page","type-page","status-publish","has-post-thumbnail","hentry"],"yoast_head":"<!-- This site is optimized with the Yoast SEO plugin v27.3 - https:\/\/yoast.com\/product\/yoast-seo-wordpress\/ -->\n<title>Giovanni Boine - Visit Finale Ligure<\/title>\n<meta name=\"description\" content=\"Erleben Sie Finalmarina durch die Augen Giovanni Boines \u2013 Dichter, Denker und Stimme Liguriens am Beginn des 20. Jahrhunderts.\" \/>\n<meta name=\"robots\" content=\"index, follow, max-snippet:-1, max-image-preview:large, max-video-preview:-1\" \/>\n<link rel=\"canonical\" href=\"https:\/\/visitfinaleligure.it\/de\/kultur\/historische-und-kulturelle-route\/beruehmte-touren\/giovanni-boine\/\" \/>\n<meta property=\"og:locale\" content=\"de_DE\" \/>\n<meta property=\"og:type\" content=\"article\" \/>\n<meta property=\"og:title\" content=\"Giovanni Boine - Visit Finale Ligure\" \/>\n<meta property=\"og:description\" content=\"Erleben Sie Finalmarina durch die Augen Giovanni Boines \u2013 Dichter, Denker und Stimme Liguriens am Beginn des 20. Jahrhunderts.\" \/>\n<meta property=\"og:url\" content=\"https:\/\/visitfinaleligure.it\/de\/kultur\/historische-und-kulturelle-route\/beruehmte-touren\/giovanni-boine\/\" \/>\n<meta property=\"og:site_name\" content=\"Visit Finale Ligure\" \/>\n<meta property=\"article:publisher\" content=\"https:\/\/www.facebook.com\/VisitFinaleLigure\" \/>\n<meta property=\"article:modified_time\" content=\"2025-08-07T13:09:36+00:00\" \/>\n<meta property=\"og:image\" content=\"https:\/\/visitfinaleligure.it\/wp-content\/uploads\/2022\/12\/boine.jpg\" \/>\n\t<meta property=\"og:image:width\" content=\"1200\" \/>\n\t<meta property=\"og:image:height\" content=\"780\" \/>\n\t<meta property=\"og:image:type\" content=\"image\/jpeg\" \/>\n<meta name=\"twitter:card\" content=\"summary_large_image\" \/>\n<meta name=\"twitter:label1\" content=\"Gesch\u00e4tzte Lesezeit\" \/>\n\t<meta name=\"twitter:data1\" content=\"4\u00a0Minuten\" \/>\n<script type=\"application\/ld+json\" class=\"yoast-schema-graph\">{\"@context\":\"https:\\\/\\\/schema.org\",\"@graph\":[{\"@type\":\"WebPage\",\"@id\":\"https:\\\/\\\/visitfinaleligure.it\\\/de\\\/kultur\\\/historische-und-kulturelle-route\\\/beruehmte-touren\\\/giovanni-boine\\\/\",\"url\":\"https:\\\/\\\/visitfinaleligure.it\\\/de\\\/kultur\\\/historische-und-kulturelle-route\\\/beruehmte-touren\\\/giovanni-boine\\\/\",\"name\":\"Giovanni Boine - Visit Finale Ligure\",\"isPartOf\":{\"@id\":\"https:\\\/\\\/visitfinaleligure.it\\\/de\\\/#website\"},\"primaryImageOfPage\":{\"@id\":\"https:\\\/\\\/visitfinaleligure.it\\\/de\\\/kultur\\\/historische-und-kulturelle-route\\\/beruehmte-touren\\\/giovanni-boine\\\/#primaryimage\"},\"image\":{\"@id\":\"https:\\\/\\\/visitfinaleligure.it\\\/de\\\/kultur\\\/historische-und-kulturelle-route\\\/beruehmte-touren\\\/giovanni-boine\\\/#primaryimage\"},\"thumbnailUrl\":\"https:\\\/\\\/visitfinaleligure.it\\\/wp-content\\\/uploads\\\/2022\\\/12\\\/boine.jpg\",\"datePublished\":\"2023-02-01T11:44:51+00:00\",\"dateModified\":\"2025-08-07T13:09:36+00:00\",\"description\":\"Erleben Sie Finalmarina durch die Augen Giovanni Boines \u2013 Dichter, Denker und Stimme Liguriens am Beginn des 20. Jahrhunderts.\",\"breadcrumb\":{\"@id\":\"https:\\\/\\\/visitfinaleligure.it\\\/de\\\/kultur\\\/historische-und-kulturelle-route\\\/beruehmte-touren\\\/giovanni-boine\\\/#breadcrumb\"},\"inLanguage\":\"de\",\"potentialAction\":[{\"@type\":\"ReadAction\",\"target\":[\"https:\\\/\\\/visitfinaleligure.it\\\/de\\\/kultur\\\/historische-und-kulturelle-route\\\/beruehmte-touren\\\/giovanni-boine\\\/\"]}]},{\"@type\":\"ImageObject\",\"inLanguage\":\"de\",\"@id\":\"https:\\\/\\\/visitfinaleligure.it\\\/de\\\/kultur\\\/historische-und-kulturelle-route\\\/beruehmte-touren\\\/giovanni-boine\\\/#primaryimage\",\"url\":\"https:\\\/\\\/visitfinaleligure.it\\\/wp-content\\\/uploads\\\/2022\\\/12\\\/boine.jpg\",\"contentUrl\":\"https:\\\/\\\/visitfinaleligure.it\\\/wp-content\\\/uploads\\\/2022\\\/12\\\/boine.jpg\",\"width\":1200,\"height\":780},{\"@type\":\"BreadcrumbList\",\"@id\":\"https:\\\/\\\/visitfinaleligure.it\\\/de\\\/kultur\\\/historische-und-kulturelle-route\\\/beruehmte-touren\\\/giovanni-boine\\\/#breadcrumb\",\"itemListElement\":[{\"@type\":\"ListItem\",\"position\":1,\"name\":\"Home\",\"item\":\"https:\\\/\\\/visitfinaleligure.it\\\/de\\\/\"},{\"@type\":\"ListItem\",\"position\":2,\"name\":\"Kultur\",\"item\":\"https:\\\/\\\/visitfinaleligure.it\\\/de\\\/kultur\\\/\"},{\"@type\":\"ListItem\",\"position\":3,\"name\":\"Historische und kulturelle Route\",\"item\":\"https:\\\/\\\/visitfinaleligure.it\\\/de\\\/kultur\\\/historische-und-kulturelle-route\\\/\"},{\"@type\":\"ListItem\",\"position\":4,\"name\":\"Ber\u00fchmte Touren\",\"item\":\"https:\\\/\\\/visitfinaleligure.it\\\/de\\\/kultur\\\/historische-und-kulturelle-route\\\/beruehmte-touren\\\/\"},{\"@type\":\"ListItem\",\"position\":5,\"name\":\"Giovanni Boine\"}]},{\"@type\":\"WebSite\",\"@id\":\"https:\\\/\\\/visitfinaleligure.it\\\/de\\\/#website\",\"url\":\"https:\\\/\\\/visitfinaleligure.it\\\/de\\\/\",\"name\":\"Visit Finale Ligure\",\"description\":\"My perfect place\",\"publisher\":{\"@id\":\"https:\\\/\\\/visitfinaleligure.it\\\/de\\\/#organization\"},\"potentialAction\":[{\"@type\":\"SearchAction\",\"target\":{\"@type\":\"EntryPoint\",\"urlTemplate\":\"https:\\\/\\\/visitfinaleligure.it\\\/de\\\/?s={search_term_string}\"},\"query-input\":{\"@type\":\"PropertyValueSpecification\",\"valueRequired\":true,\"valueName\":\"search_term_string\"}}],\"inLanguage\":\"de\"},{\"@type\":\"Organization\",\"@id\":\"https:\\\/\\\/visitfinaleligure.it\\\/de\\\/#organization\",\"name\":\"Comune di Finale Ligure\",\"url\":\"https:\\\/\\\/visitfinaleligure.it\\\/de\\\/\",\"logo\":{\"@type\":\"ImageObject\",\"inLanguage\":\"de\",\"@id\":\"https:\\\/\\\/visitfinaleligure.it\\\/de\\\/#\\\/schema\\\/logo\\\/image\\\/\",\"url\":\"https:\\\/\\\/visitfinaleligure.it\\\/wp-content\\\/uploads\\\/2023\\\/04\\\/cropped-finaleligure-verticale-positivo-200x200-1.png\",\"contentUrl\":\"https:\\\/\\\/visitfinaleligure.it\\\/wp-content\\\/uploads\\\/2023\\\/04\\\/cropped-finaleligure-verticale-positivo-200x200-1.png\",\"width\":512,\"height\":512,\"caption\":\"Comune di Finale Ligure\"},\"image\":{\"@id\":\"https:\\\/\\\/visitfinaleligure.it\\\/de\\\/#\\\/schema\\\/logo\\\/image\\\/\"},\"sameAs\":[\"https:\\\/\\\/www.facebook.com\\\/VisitFinaleLigure\",\"https:\\\/\\\/www.instagram.com\\\/visitfinale\\\/\",\"https:\\\/\\\/www.youtube.com\\\/channel\\\/UCLmoLfNmrAt9mSCll9egttw\"]}]}<\/script>\n<!-- \/ Yoast SEO plugin. -->","yoast_head_json":{"title":"Giovanni Boine - Visit Finale Ligure","description":"Erleben Sie Finalmarina durch die Augen Giovanni Boines \u2013 Dichter, Denker und Stimme Liguriens am Beginn des 20. Jahrhunderts.","robots":{"index":"index","follow":"follow","max-snippet":"max-snippet:-1","max-image-preview":"max-image-preview:large","max-video-preview":"max-video-preview:-1"},"canonical":"https:\/\/visitfinaleligure.it\/de\/kultur\/historische-und-kulturelle-route\/beruehmte-touren\/giovanni-boine\/","og_locale":"de_DE","og_type":"article","og_title":"Giovanni Boine - Visit Finale Ligure","og_description":"Erleben Sie Finalmarina durch die Augen Giovanni Boines \u2013 Dichter, Denker und Stimme Liguriens am Beginn des 20. Jahrhunderts.","og_url":"https:\/\/visitfinaleligure.it\/de\/kultur\/historische-und-kulturelle-route\/beruehmte-touren\/giovanni-boine\/","og_site_name":"Visit Finale Ligure","article_publisher":"https:\/\/www.facebook.com\/VisitFinaleLigure","article_modified_time":"2025-08-07T13:09:36+00:00","og_image":[{"width":1200,"height":780,"url":"https:\/\/visitfinaleligure.it\/wp-content\/uploads\/2022\/12\/boine.jpg","type":"image\/jpeg"}],"twitter_card":"summary_large_image","twitter_misc":{"Gesch\u00e4tzte Lesezeit":"4\u00a0Minuten"},"schema":{"@context":"https:\/\/schema.org","@graph":[{"@type":"WebPage","@id":"https:\/\/visitfinaleligure.it\/de\/kultur\/historische-und-kulturelle-route\/beruehmte-touren\/giovanni-boine\/","url":"https:\/\/visitfinaleligure.it\/de\/kultur\/historische-und-kulturelle-route\/beruehmte-touren\/giovanni-boine\/","name":"Giovanni Boine - Visit Finale Ligure","isPartOf":{"@id":"https:\/\/visitfinaleligure.it\/de\/#website"},"primaryImageOfPage":{"@id":"https:\/\/visitfinaleligure.it\/de\/kultur\/historische-und-kulturelle-route\/beruehmte-touren\/giovanni-boine\/#primaryimage"},"image":{"@id":"https:\/\/visitfinaleligure.it\/de\/kultur\/historische-und-kulturelle-route\/beruehmte-touren\/giovanni-boine\/#primaryimage"},"thumbnailUrl":"https:\/\/visitfinaleligure.it\/wp-content\/uploads\/2022\/12\/boine.jpg","datePublished":"2023-02-01T11:44:51+00:00","dateModified":"2025-08-07T13:09:36+00:00","description":"Erleben Sie Finalmarina durch die Augen Giovanni Boines \u2013 Dichter, Denker und Stimme Liguriens am Beginn des 20. Jahrhunderts.","breadcrumb":{"@id":"https:\/\/visitfinaleligure.it\/de\/kultur\/historische-und-kulturelle-route\/beruehmte-touren\/giovanni-boine\/#breadcrumb"},"inLanguage":"de","potentialAction":[{"@type":"ReadAction","target":["https:\/\/visitfinaleligure.it\/de\/kultur\/historische-und-kulturelle-route\/beruehmte-touren\/giovanni-boine\/"]}]},{"@type":"ImageObject","inLanguage":"de","@id":"https:\/\/visitfinaleligure.it\/de\/kultur\/historische-und-kulturelle-route\/beruehmte-touren\/giovanni-boine\/#primaryimage","url":"https:\/\/visitfinaleligure.it\/wp-content\/uploads\/2022\/12\/boine.jpg","contentUrl":"https:\/\/visitfinaleligure.it\/wp-content\/uploads\/2022\/12\/boine.jpg","width":1200,"height":780},{"@type":"BreadcrumbList","@id":"https:\/\/visitfinaleligure.it\/de\/kultur\/historische-und-kulturelle-route\/beruehmte-touren\/giovanni-boine\/#breadcrumb","itemListElement":[{"@type":"ListItem","position":1,"name":"Home","item":"https:\/\/visitfinaleligure.it\/de\/"},{"@type":"ListItem","position":2,"name":"Kultur","item":"https:\/\/visitfinaleligure.it\/de\/kultur\/"},{"@type":"ListItem","position":3,"name":"Historische und kulturelle Route","item":"https:\/\/visitfinaleligure.it\/de\/kultur\/historische-und-kulturelle-route\/"},{"@type":"ListItem","position":4,"name":"Ber\u00fchmte Touren","item":"https:\/\/visitfinaleligure.it\/de\/kultur\/historische-und-kulturelle-route\/beruehmte-touren\/"},{"@type":"ListItem","position":5,"name":"Giovanni Boine"}]},{"@type":"WebSite","@id":"https:\/\/visitfinaleligure.it\/de\/#website","url":"https:\/\/visitfinaleligure.it\/de\/","name":"Visit Finale Ligure","description":"My perfect place","publisher":{"@id":"https:\/\/visitfinaleligure.it\/de\/#organization"},"potentialAction":[{"@type":"SearchAction","target":{"@type":"EntryPoint","urlTemplate":"https:\/\/visitfinaleligure.it\/de\/?s={search_term_string}"},"query-input":{"@type":"PropertyValueSpecification","valueRequired":true,"valueName":"search_term_string"}}],"inLanguage":"de"},{"@type":"Organization","@id":"https:\/\/visitfinaleligure.it\/de\/#organization","name":"Comune di Finale Ligure","url":"https:\/\/visitfinaleligure.it\/de\/","logo":{"@type":"ImageObject","inLanguage":"de","@id":"https:\/\/visitfinaleligure.it\/de\/#\/schema\/logo\/image\/","url":"https:\/\/visitfinaleligure.it\/wp-content\/uploads\/2023\/04\/cropped-finaleligure-verticale-positivo-200x200-1.png","contentUrl":"https:\/\/visitfinaleligure.it\/wp-content\/uploads\/2023\/04\/cropped-finaleligure-verticale-positivo-200x200-1.png","width":512,"height":512,"caption":"Comune di Finale Ligure"},"image":{"@id":"https:\/\/visitfinaleligure.it\/de\/#\/schema\/logo\/image\/"},"sameAs":["https:\/\/www.facebook.com\/VisitFinaleLigure","https:\/\/www.instagram.com\/visitfinale\/","https:\/\/www.youtube.com\/channel\/UCLmoLfNmrAt9mSCll9egttw"]}]}},"_links":{"self":[{"href":"https:\/\/visitfinaleligure.it\/de\/wp-json\/wp\/v2\/pages\/7742","targetHints":{"allow":["GET"]}}],"collection":[{"href":"https:\/\/visitfinaleligure.it\/de\/wp-json\/wp\/v2\/pages"}],"about":[{"href":"https:\/\/visitfinaleligure.it\/de\/wp-json\/wp\/v2\/types\/page"}],"author":[{"embeddable":true,"href":"https:\/\/visitfinaleligure.it\/de\/wp-json\/wp\/v2\/users\/2"}],"replies":[{"embeddable":true,"href":"https:\/\/visitfinaleligure.it\/de\/wp-json\/wp\/v2\/comments?post=7742"}],"version-history":[{"count":2,"href":"https:\/\/visitfinaleligure.it\/de\/wp-json\/wp\/v2\/pages\/7742\/revisions"}],"predecessor-version":[{"id":8484,"href":"https:\/\/visitfinaleligure.it\/de\/wp-json\/wp\/v2\/pages\/7742\/revisions\/8484"}],"up":[{"embeddable":true,"href":"https:\/\/visitfinaleligure.it\/de\/wp-json\/wp\/v2\/pages\/7467"}],"wp:featuredmedia":[{"embeddable":true,"href":"https:\/\/visitfinaleligure.it\/de\/wp-json\/wp\/v2\/media\/5131"}],"wp:attachment":[{"href":"https:\/\/visitfinaleligure.it\/de\/wp-json\/wp\/v2\/media?parent=7742"}],"curies":[{"name":"wp","href":"https:\/\/api.w.org\/{rel}","templated":true}]}}