{"id":7878,"date":"2022-12-28T11:59:03","date_gmt":"2022-12-28T10:59:03","guid":{"rendered":"https:\/\/visitfinaleligure.it\/family\/"},"modified":"2026-02-05T09:21:40","modified_gmt":"2026-02-05T08:21:40","slug":"live-explore","status":"publish","type":"page","link":"https:\/\/visitfinaleligure.it\/de\/live-explore\/","title":{"rendered":"Live &#038; Explore"},"content":{"rendered":"\n\n\t<section class=\"section\" id=\"section_1149517199\">\n\t\t<div class=\"section-bg fill\" >\n\t\t\t\t\t\t\t\t\t\n\t\t\t\n\n\t\t<\/div>\n\n\t\t\n\n\t\t<div class=\"section-content relative\">\n\t\t\t\n\n\t<div class=\"img has-hover x md-x lg-x y md-y lg-y\" id=\"image_391244607\">\n\t\t\t\t\t\t\t\t<div class=\"img-inner image-cover dark\" style=\"padding-top:40%;\">\n\t\t\t<img loading=\"lazy\" decoding=\"async\" width=\"1417\" height=\"946\" src=\"https:\/\/visitfinaleligure.it\/wp-content\/uploads\/2023\/03\/Asilo-nel-Bosco-1.jpg\" class=\"attachment-original size-original\" alt=\"\" srcset=\"https:\/\/visitfinaleligure.it\/wp-content\/uploads\/2023\/03\/Asilo-nel-Bosco-1.jpg 1417w, https:\/\/visitfinaleligure.it\/wp-content\/uploads\/2023\/03\/Asilo-nel-Bosco-1-300x200.jpg 300w, https:\/\/visitfinaleligure.it\/wp-content\/uploads\/2023\/03\/Asilo-nel-Bosco-1-1024x684.jpg 1024w, https:\/\/visitfinaleligure.it\/wp-content\/uploads\/2023\/03\/Asilo-nel-Bosco-1-768x513.jpg 768w\" sizes=\"auto, (max-width: 1417px) 100vw, 1417px\" \/>\t\t\t\t\t\t\n\t\t\t\t\t<\/div>\n\t\t\t\t\t\t\t\t\n<style>\n#image_391244607 {\n  width: 100%;\n}\n<\/style>\n\t<\/div>\n\t\n\n\n\t\t<\/div>\n\n\t\t\n<style>\n#section_1149517199 {\n  padding-top: 30px;\n  padding-bottom: 30px;\n}\n<\/style>\n\t<\/section>\n\t\n\n\t<section class=\"section\" id=\"section_1260935692\">\n\t\t<div class=\"section-bg fill\" >\n\t\t\t\t\t\t\t\t\t\n\t\t\t\n\n\t\t<\/div>\n\n\t\t\n\n\t\t<div class=\"section-content relative\">\n\t\t\t\n\n<div class=\"row align-middle\"  id=\"row-86631065\">\n\n\n\t<div id=\"col-1451467207\" class=\"col hide-for-small medium-1 small-12 large-1\"  >\n\t\t\t\t<div class=\"col-inner\"  >\n\t\t\t\n\t\t\t\n\n\n\t\t<\/div>\n\t\t\t\t\t<\/div>\n\n\t\n\n\t<div id=\"col-973324045\" class=\"col medium-10 small-12 large-10\"  >\n\t\t\t\t<div class=\"col-inner text-left\"  >\n\t\t\t\n\t\t\t\n\n\t<div id=\"text-1295729887\" class=\"text testi-titolo-laterale\">\n\t\t\n\n<p style=\"font-family: 'Rubik'; font-size: 14px; font-weight: 500; color: rgba(39,39,39,0.4);\">FAMILY. AUSFL\u00dcGE UND GEF\u00dcHRTE TOUREN<\/p><\/p>\n\t\t\n<style>\n#text-1295729887 {\n  font-size: 1.5rem;\n  color: rgb(204, 208, 212);\n}\n#text-1295729887 > * {\n  color: rgb(204, 208, 212);\n}\n<\/style>\n\t<\/div>\n\t\n\n\t\t<\/div>\n\t\t\t\t\n<style>\n#col-973324045 > .col-inner {\n  margin: 0px 0px -50px 0px;\n}\n@media (min-width:550px) {\n  #col-973324045 > .col-inner {\n    margin: 0px 0px -20px 0px;\n  }\n}\n@media (min-width:850px) {\n  #col-973324045 > .col-inner {\n    margin: 0px 0px 0px 0px;\n  }\n}\n<\/style>\n\t<\/div>\n\n\t\n\n\t<div id=\"col-1562100295\" class=\"col hide-for-small medium-1 small-12 large-1\"  >\n\t\t\t\t<div class=\"col-inner\"  >\n\t\t\t\n\t\t\t\n\n\n\t\t<\/div>\n\t\t\t\t\t<\/div>\n\n\t\n\n\n<style>\n#row-86631065 > .col > .col-inner {\n  padding: 0px 0px 0px 0px;\n}\n@media (min-width:550px) {\n  #row-86631065 > .col > .col-inner {\n    padding: 0px 0px 0px 0px;\n  }\n}\n<\/style>\n<\/div>\n<div class=\"row\"  id=\"row-1121122211\">\n\n\n\t<div id=\"col-264918041\" class=\"col hide-for-small medium-1 small-12 large-1\"  >\n\t\t\t\t<div class=\"col-inner text-left\"  >\n\t\t\t\n\t\t\t\n\n\n\t\t<\/div>\n\t\t\t\t\n<style>\n#col-264918041 > .col-inner {\n  margin: 0px 0px 0px 0px;\n}\n<\/style>\n\t<\/div>\n\n\t\n\n\t<div id=\"col-596109358\" class=\"col medium-10 small-12 large-10\"  >\n\t\t\t\t<div class=\"col-inner text-left\"  >\n\t\t\t\n\t\t\t\n\n\t<div id=\"text-1631151713\" class=\"text testi-titolo\">\n\t\t\n\n<h1 class=\"testi-titolo\">Unvergessliche Momente f\u00fcr die ganze Familie<br>\n<\/h1>\n\t\t\n<style>\n#text-1631151713 {\n  color: rgb(0, 0, 0);\n}\n#text-1631151713 > * {\n  color: rgb(0, 0, 0);\n}\n<\/style>\n\t<\/div>\n\t\n\t<div id=\"text-3480222540\" class=\"text testi-body\">\n\t\t\n\n<p>Entdecken Sie die vielen Familienaktivit\u00e4ten f\u00fcr Erwachsene und Kinder. Viele lehrreiche und uspannende Erlebnisse f\u00fcr Kinder, auf Entdeckungstour durch die Arch\u00e4ologie und die Wunder der Vergangenheit und der Natur. Das arch\u00e4ologische Erbe des Gebiets von Finale bewahrt Zeugnisse pr\u00e4historischer Epochen von internationaler Bedeutung, die im Rahmen von p\u00e4dagogischen Workshops und gef\u00fchrten Ausfl\u00fcgen gemeinsam entdeckt werden k\u00f6nnen.<\/p>\n<p>Relax mit der Familie bei einem Segelt\u00f6rn oder zusammen die Wunder der &#8220;Strandfelsen&#8221; beim Schnorcheln entdecken, um die Artenvielfalt des Meeres zu erkunden.<\/p>\n<p>Aktivit\u00e4ten f\u00fcr alle, von Liebhabern von ruhigen Aktivit\u00e4ten bis hin zu abenteuerlichen T\u00e4tigkeiten. Sind Sie bereit, Ihre neuen Erinnerungen zu schaffen?<\/p>\n\t\t\t<\/div>\n\t\n\n\n<p><!--Implementazione TOSC5 inizio--> <script> window.dw = window.dw || function () { (dw.q = dw.q || []).push(arguments) }; dw('settings','35d68ed0-aa0a-40be-bad7-dea045629e65', {\"context\": {\"urlOptionalParams\": \"limAddSrvTHEME=e3aee4b4-0c6d-4df4-82a2-306d6879dc44,20357c94-3937-46c0-b82b-5b560e90ad71\", \"targetRoute\":[\"\/esperienze\",\"\/experiences\",\"\/erlebnisse\"]}, \"baseHref\": \"\/de\/live-explore\/\", \"profileOverrides\": [\"addServices.list.filter.location.visible=false\"],\"lang\": 'de', \"allowScrollOnApplicationStart\": false, \"loadingAnimationColor\": {\"main\": '#bba193', \"alt\": '#00ADBB'}}); dw('onPageChange', '35d68ed0-aa0a-40be-bad7-dea045629e65', () => { console.log('page changed event');}); <\/script> <script async src=\"https:\/\/resc.deskline.net\/DW5\/start\/FINALIGURE\/35d68ed0-aa0a-40be-bad7-dea045629e65\/index.js\"><\/script><!--Implementazione TOSC5 fine--><\/p>\n\n<div class=\"row\"  id=\"row-864191203\">\n\n\n\t<div id=\"col-516399206\" class=\"col small-12 large-12\"  >\n\t\t\t\t<div class=\"col-inner\"  >\n\t\t\t\n\t\t\t\n\n<a href=\"https:\/\/visitfinaleligure.it\/de\/alle-erlebnisse\/\" class=\"button primary expand\" >\n\t\t<span>alle erlebnisse aus dem katalog<\/span>\n\t<\/a>\n\n\n\n\t\t<\/div>\n\t\t\t\t\t<\/div>\n\n\t\n\n<\/div>\n<div class=\"is-divider divider clearfix\" style=\"background-color:rgba(54, 46, 46, 0);\"><\/div>\n\n\n\t\t<\/div>\n\t\t\t\t\n<style>\n#col-596109358 > .col-inner {\n  margin: 0px 0px 0px 0px;\n}\n@media (min-width:550px) {\n  #col-596109358 > .col-inner {\n    margin: -30px 0px 0px 0px;\n  }\n}\n<\/style>\n\t<\/div>\n\n\t\n\n\t<div id=\"col-51124691\" class=\"col hide-for-small medium-1 small-12 large-1\"  >\n\t\t\t\t<div class=\"col-inner text-left\"  >\n\t\t\t\n\t\t\t\n\n\n\t\t<\/div>\n\t\t\t\t\n<style>\n#col-51124691 > .col-inner {\n  margin: 0px 0px 0px 0px;\n}\n<\/style>\n\t<\/div>\n\n\t\n\n<\/div>\n\n\t\t<\/div>\n\n\t\t\n<style>\n#section_1260935692 {\n  padding-top: 0px;\n  padding-bottom: 0px;\n}\n<\/style>\n\t<\/section>\n\t\n\n","protected":false},"excerpt":{"rendered":"","protected":false},"author":2,"featured_media":5673,"parent":0,"menu_order":0,"comment_status":"closed","ping_status":"closed","template":"page-blank.php","meta":{"footnotes":""},"class_list":["post-7878","page","type-page","status-publish","has-post-thumbnail","hentry"],"yoast_head":"<!-- This site is optimized with the Yoast SEO plugin v27.3 - https:\/\/yoast.com\/product\/yoast-seo-wordpress\/ -->\n<title>Familienurlaub - Visit Finale Ligure<\/title>\n<meta name=\"description\" content=\"Familienfreundliche Ausfl\u00fcge, Workshops und Naturabenteuer machen Ihren Urlaub in Finale Ligure unvergesslich.\" \/>\n<meta name=\"robots\" content=\"index, follow, max-snippet:-1, max-image-preview:large, max-video-preview:-1\" \/>\n<link rel=\"canonical\" href=\"https:\/\/visitfinaleligure.it\/de\/live-explore\/\" \/>\n<meta property=\"og:locale\" content=\"de_DE\" \/>\n<meta property=\"og:type\" content=\"article\" \/>\n<meta property=\"og:title\" content=\"Family\" \/>\n<meta property=\"og:description\" content=\"Entdecken Sie die vielen Familienaktivit\u00e4ten f\u00fcr Erwachsene und Kinder.\" \/>\n<meta property=\"og:url\" content=\"https:\/\/visitfinaleligure.it\/de\/live-explore\/\" \/>\n<meta property=\"og:site_name\" content=\"Visit Finale Ligure\" \/>\n<meta property=\"article:publisher\" content=\"https:\/\/www.facebook.com\/VisitFinaleLigure\" \/>\n<meta property=\"article:modified_time\" content=\"2026-02-05T08:21:40+00:00\" \/>\n<meta property=\"og:image\" content=\"https:\/\/visitfinaleligure.it\/wp-content\/uploads\/2022\/12\/Asilo-nel-Bosco-768x513-1.jpeg\" \/>\n<meta name=\"twitter:card\" content=\"summary_large_image\" \/>\n<meta name=\"twitter:label1\" content=\"Gesch\u00e4tzte Lesezeit\" \/>\n\t<meta name=\"twitter:data1\" content=\"2\u00a0Minuten\" \/>\n<script type=\"application\/ld+json\" class=\"yoast-schema-graph\">{\"@context\":\"https:\\\/\\\/schema.org\",\"@graph\":[{\"@type\":\"WebPage\",\"@id\":\"https:\\\/\\\/visitfinaleligure.it\\\/de\\\/live-explore\\\/\",\"url\":\"https:\\\/\\\/visitfinaleligure.it\\\/de\\\/live-explore\\\/\",\"name\":\"Familienurlaub - Visit Finale Ligure\",\"isPartOf\":{\"@id\":\"https:\\\/\\\/visitfinaleligure.it\\\/de\\\/#website\"},\"primaryImageOfPage\":{\"@id\":\"https:\\\/\\\/visitfinaleligure.it\\\/de\\\/live-explore\\\/#primaryimage\"},\"image\":{\"@id\":\"https:\\\/\\\/visitfinaleligure.it\\\/de\\\/live-explore\\\/#primaryimage\"},\"thumbnailUrl\":\"https:\\\/\\\/visitfinaleligure.it\\\/wp-content\\\/uploads\\\/2022\\\/12\\\/Asilo-nel-Bosco-768x513-1.jpeg\",\"datePublished\":\"2022-12-28T10:59:03+00:00\",\"dateModified\":\"2026-02-05T08:21:40+00:00\",\"description\":\"Familienfreundliche Ausfl\u00fcge, Workshops und Naturabenteuer machen Ihren Urlaub in Finale Ligure unvergesslich.\",\"breadcrumb\":{\"@id\":\"https:\\\/\\\/visitfinaleligure.it\\\/de\\\/live-explore\\\/#breadcrumb\"},\"inLanguage\":\"de\",\"potentialAction\":[{\"@type\":\"ReadAction\",\"target\":[\"https:\\\/\\\/visitfinaleligure.it\\\/de\\\/live-explore\\\/\"]}]},{\"@type\":\"ImageObject\",\"inLanguage\":\"de\",\"@id\":\"https:\\\/\\\/visitfinaleligure.it\\\/de\\\/live-explore\\\/#primaryimage\",\"url\":\"https:\\\/\\\/visitfinaleligure.it\\\/wp-content\\\/uploads\\\/2022\\\/12\\\/Asilo-nel-Bosco-768x513-1.jpeg\",\"contentUrl\":\"https:\\\/\\\/visitfinaleligure.it\\\/wp-content\\\/uploads\\\/2022\\\/12\\\/Asilo-nel-Bosco-768x513-1.jpeg\",\"width\":768,\"height\":513},{\"@type\":\"BreadcrumbList\",\"@id\":\"https:\\\/\\\/visitfinaleligure.it\\\/de\\\/live-explore\\\/#breadcrumb\",\"itemListElement\":[{\"@type\":\"ListItem\",\"position\":1,\"name\":\"Home\",\"item\":\"https:\\\/\\\/visitfinaleligure.it\\\/de\\\/\"},{\"@type\":\"ListItem\",\"position\":2,\"name\":\"Live &#038; Explore\"}]},{\"@type\":\"WebSite\",\"@id\":\"https:\\\/\\\/visitfinaleligure.it\\\/de\\\/#website\",\"url\":\"https:\\\/\\\/visitfinaleligure.it\\\/de\\\/\",\"name\":\"Visit Finale Ligure\",\"description\":\"My perfect place\",\"publisher\":{\"@id\":\"https:\\\/\\\/visitfinaleligure.it\\\/de\\\/#organization\"},\"potentialAction\":[{\"@type\":\"SearchAction\",\"target\":{\"@type\":\"EntryPoint\",\"urlTemplate\":\"https:\\\/\\\/visitfinaleligure.it\\\/de\\\/?s={search_term_string}\"},\"query-input\":{\"@type\":\"PropertyValueSpecification\",\"valueRequired\":true,\"valueName\":\"search_term_string\"}}],\"inLanguage\":\"de\"},{\"@type\":\"Organization\",\"@id\":\"https:\\\/\\\/visitfinaleligure.it\\\/de\\\/#organization\",\"name\":\"Comune di Finale Ligure\",\"url\":\"https:\\\/\\\/visitfinaleligure.it\\\/de\\\/\",\"logo\":{\"@type\":\"ImageObject\",\"inLanguage\":\"de\",\"@id\":\"https:\\\/\\\/visitfinaleligure.it\\\/de\\\/#\\\/schema\\\/logo\\\/image\\\/\",\"url\":\"https:\\\/\\\/visitfinaleligure.it\\\/wp-content\\\/uploads\\\/2023\\\/04\\\/cropped-finaleligure-verticale-positivo-200x200-1.png\",\"contentUrl\":\"https:\\\/\\\/visitfinaleligure.it\\\/wp-content\\\/uploads\\\/2023\\\/04\\\/cropped-finaleligure-verticale-positivo-200x200-1.png\",\"width\":512,\"height\":512,\"caption\":\"Comune di Finale Ligure\"},\"image\":{\"@id\":\"https:\\\/\\\/visitfinaleligure.it\\\/de\\\/#\\\/schema\\\/logo\\\/image\\\/\"},\"sameAs\":[\"https:\\\/\\\/www.facebook.com\\\/VisitFinaleLigure\",\"https:\\\/\\\/www.instagram.com\\\/visitfinale\\\/\",\"https:\\\/\\\/www.youtube.com\\\/channel\\\/UCLmoLfNmrAt9mSCll9egttw\"]}]}<\/script>\n<!-- \/ Yoast SEO plugin. -->","yoast_head_json":{"title":"Familienurlaub - Visit Finale Ligure","description":"Familienfreundliche Ausfl\u00fcge, Workshops und Naturabenteuer machen Ihren Urlaub in Finale Ligure unvergesslich.","robots":{"index":"index","follow":"follow","max-snippet":"max-snippet:-1","max-image-preview":"max-image-preview:large","max-video-preview":"max-video-preview:-1"},"canonical":"https:\/\/visitfinaleligure.it\/de\/live-explore\/","og_locale":"de_DE","og_type":"article","og_title":"Family","og_description":"Entdecken Sie die vielen Familienaktivit\u00e4ten f\u00fcr Erwachsene und Kinder.","og_url":"https:\/\/visitfinaleligure.it\/de\/live-explore\/","og_site_name":"Visit Finale Ligure","article_publisher":"https:\/\/www.facebook.com\/VisitFinaleLigure","article_modified_time":"2026-02-05T08:21:40+00:00","og_image":[{"url":"https:\/\/visitfinaleligure.it\/wp-content\/uploads\/2022\/12\/Asilo-nel-Bosco-768x513-1.jpeg","type":"","width":"","height":""}],"twitter_card":"summary_large_image","twitter_misc":{"Gesch\u00e4tzte Lesezeit":"2\u00a0Minuten"},"schema":{"@context":"https:\/\/schema.org","@graph":[{"@type":"WebPage","@id":"https:\/\/visitfinaleligure.it\/de\/live-explore\/","url":"https:\/\/visitfinaleligure.it\/de\/live-explore\/","name":"Familienurlaub - Visit Finale Ligure","isPartOf":{"@id":"https:\/\/visitfinaleligure.it\/de\/#website"},"primaryImageOfPage":{"@id":"https:\/\/visitfinaleligure.it\/de\/live-explore\/#primaryimage"},"image":{"@id":"https:\/\/visitfinaleligure.it\/de\/live-explore\/#primaryimage"},"thumbnailUrl":"https:\/\/visitfinaleligure.it\/wp-content\/uploads\/2022\/12\/Asilo-nel-Bosco-768x513-1.jpeg","datePublished":"2022-12-28T10:59:03+00:00","dateModified":"2026-02-05T08:21:40+00:00","description":"Familienfreundliche Ausfl\u00fcge, Workshops und Naturabenteuer machen Ihren Urlaub in Finale Ligure unvergesslich.","breadcrumb":{"@id":"https:\/\/visitfinaleligure.it\/de\/live-explore\/#breadcrumb"},"inLanguage":"de","potentialAction":[{"@type":"ReadAction","target":["https:\/\/visitfinaleligure.it\/de\/live-explore\/"]}]},{"@type":"ImageObject","inLanguage":"de","@id":"https:\/\/visitfinaleligure.it\/de\/live-explore\/#primaryimage","url":"https:\/\/visitfinaleligure.it\/wp-content\/uploads\/2022\/12\/Asilo-nel-Bosco-768x513-1.jpeg","contentUrl":"https:\/\/visitfinaleligure.it\/wp-content\/uploads\/2022\/12\/Asilo-nel-Bosco-768x513-1.jpeg","width":768,"height":513},{"@type":"BreadcrumbList","@id":"https:\/\/visitfinaleligure.it\/de\/live-explore\/#breadcrumb","itemListElement":[{"@type":"ListItem","position":1,"name":"Home","item":"https:\/\/visitfinaleligure.it\/de\/"},{"@type":"ListItem","position":2,"name":"Live &#038; Explore"}]},{"@type":"WebSite","@id":"https:\/\/visitfinaleligure.it\/de\/#website","url":"https:\/\/visitfinaleligure.it\/de\/","name":"Visit Finale Ligure","description":"My perfect place","publisher":{"@id":"https:\/\/visitfinaleligure.it\/de\/#organization"},"potentialAction":[{"@type":"SearchAction","target":{"@type":"EntryPoint","urlTemplate":"https:\/\/visitfinaleligure.it\/de\/?s={search_term_string}"},"query-input":{"@type":"PropertyValueSpecification","valueRequired":true,"valueName":"search_term_string"}}],"inLanguage":"de"},{"@type":"Organization","@id":"https:\/\/visitfinaleligure.it\/de\/#organization","name":"Comune di Finale Ligure","url":"https:\/\/visitfinaleligure.it\/de\/","logo":{"@type":"ImageObject","inLanguage":"de","@id":"https:\/\/visitfinaleligure.it\/de\/#\/schema\/logo\/image\/","url":"https:\/\/visitfinaleligure.it\/wp-content\/uploads\/2023\/04\/cropped-finaleligure-verticale-positivo-200x200-1.png","contentUrl":"https:\/\/visitfinaleligure.it\/wp-content\/uploads\/2023\/04\/cropped-finaleligure-verticale-positivo-200x200-1.png","width":512,"height":512,"caption":"Comune di Finale Ligure"},"image":{"@id":"https:\/\/visitfinaleligure.it\/de\/#\/schema\/logo\/image\/"},"sameAs":["https:\/\/www.facebook.com\/VisitFinaleLigure","https:\/\/www.instagram.com\/visitfinale\/","https:\/\/www.youtube.com\/channel\/UCLmoLfNmrAt9mSCll9egttw"]}]}},"_links":{"self":[{"href":"https:\/\/visitfinaleligure.it\/de\/wp-json\/wp\/v2\/pages\/7878","targetHints":{"allow":["GET"]}}],"collection":[{"href":"https:\/\/visitfinaleligure.it\/de\/wp-json\/wp\/v2\/pages"}],"about":[{"href":"https:\/\/visitfinaleligure.it\/de\/wp-json\/wp\/v2\/types\/page"}],"author":[{"embeddable":true,"href":"https:\/\/visitfinaleligure.it\/de\/wp-json\/wp\/v2\/users\/2"}],"replies":[{"embeddable":true,"href":"https:\/\/visitfinaleligure.it\/de\/wp-json\/wp\/v2\/comments?post=7878"}],"version-history":[{"count":13,"href":"https:\/\/visitfinaleligure.it\/de\/wp-json\/wp\/v2\/pages\/7878\/revisions"}],"predecessor-version":[{"id":17502,"href":"https:\/\/visitfinaleligure.it\/de\/wp-json\/wp\/v2\/pages\/7878\/revisions\/17502"}],"wp:featuredmedia":[{"embeddable":true,"href":"https:\/\/visitfinaleligure.it\/de\/wp-json\/wp\/v2\/media\/5673"}],"wp:attachment":[{"href":"https:\/\/visitfinaleligure.it\/de\/wp-json\/wp\/v2\/media?parent=7878"}],"curies":[{"name":"wp","href":"https:\/\/api.w.org\/{rel}","templated":true}]}}