{"id":7884,"date":"2022-12-28T12:49:08","date_gmt":"2022-12-28T11:49:08","guid":{"rendered":"https:\/\/visitfinaleligure.it\/slow\/"},"modified":"2026-02-05T09:14:36","modified_gmt":"2026-02-05T08:14:36","slug":"relax-wellness","status":"publish","type":"page","link":"https:\/\/visitfinaleligure.it\/de\/relax-wellness\/","title":{"rendered":"Relax &#038; Lifestyle"},"content":{"rendered":"\n\n\t<section class=\"section\" id=\"section_861947404\">\n\t\t<div class=\"section-bg fill\" >\n\t\t\t\t\t\t\t\t\t\n\t\t\t\n\n\t\t<\/div>\n\n\t\t\n\n\t\t<div class=\"section-content relative\">\n\t\t\t\n\n\t<div class=\"img has-hover x md-x lg-x y md-y lg-y\" id=\"image_2084647686\">\n\t\t\t\t\t\t\t\t<div class=\"img-inner image-cover dark\" style=\"padding-top:40%;\">\n\t\t\t<img loading=\"lazy\" decoding=\"async\" width=\"2200\" height=\"1468\" src=\"https:\/\/visitfinaleligure.it\/wp-content\/uploads\/2023\/04\/Finale-Ligure-aperitivo-al-tramonto-in-famiglia-2-1-1.jpg\" class=\"attachment-original size-original\" alt=\"\" srcset=\"https:\/\/visitfinaleligure.it\/wp-content\/uploads\/2023\/04\/Finale-Ligure-aperitivo-al-tramonto-in-famiglia-2-1-1.jpg 2200w, https:\/\/visitfinaleligure.it\/wp-content\/uploads\/2023\/04\/Finale-Ligure-aperitivo-al-tramonto-in-famiglia-2-1-1-300x200.jpg 300w, https:\/\/visitfinaleligure.it\/wp-content\/uploads\/2023\/04\/Finale-Ligure-aperitivo-al-tramonto-in-famiglia-2-1-1-1024x683.jpg 1024w, https:\/\/visitfinaleligure.it\/wp-content\/uploads\/2023\/04\/Finale-Ligure-aperitivo-al-tramonto-in-famiglia-2-1-1-768x512.jpg 768w, https:\/\/visitfinaleligure.it\/wp-content\/uploads\/2023\/04\/Finale-Ligure-aperitivo-al-tramonto-in-famiglia-2-1-1-1536x1025.jpg 1536w, https:\/\/visitfinaleligure.it\/wp-content\/uploads\/2023\/04\/Finale-Ligure-aperitivo-al-tramonto-in-famiglia-2-1-1-2048x1367.jpg 2048w\" sizes=\"auto, (max-width: 2200px) 100vw, 2200px\" \/>\t\t\t\t\t\t\n\t\t\t\t\t<\/div>\n\t\t\t\t\t\t\t\t\n<style>\n#image_2084647686 {\n  width: 100%;\n}\n<\/style>\n\t<\/div>\n\t\n\n\n\t\t<\/div>\n\n\t\t\n<style>\n#section_861947404 {\n  padding-top: 30px;\n  padding-bottom: 30px;\n}\n<\/style>\n\t<\/section>\n\t\n\n\t<section class=\"section\" id=\"section_73012465\">\n\t\t<div class=\"section-bg fill\" >\n\t\t\t\t\t\t\t\t\t\n\t\t\t\n\n\t\t<\/div>\n\n\t\t\n\n\t\t<div class=\"section-content relative\">\n\t\t\t\n\n<div class=\"row align-middle\"  id=\"row-898071853\">\n\n\n\t<div id=\"col-513176448\" class=\"col hide-for-small medium-1 small-12 large-1\"  >\n\t\t\t\t<div class=\"col-inner\"  >\n\t\t\t\n\t\t\t\n\n\n\t\t<\/div>\n\t\t\t\t\t<\/div>\n\n\t\n\n\t<div id=\"col-1267327407\" class=\"col medium-10 small-12 large-10\"  >\n\t\t\t\t<div class=\"col-inner text-left\"  >\n\t\t\t\n\t\t\t\n\n\t<div id=\"text-1476768341\" class=\"text testi-titolo-laterale\">\n\t\t\n\n<p style=\"font-family: 'Rubik'; font-size: 14px; font-weight: 500; color: rgba(39,39,39,0.4);\">RELAX &#038; LEBENSSTIL<\/h6>\n\t\t\n<style>\n#text-1476768341 {\n  font-size: 1.5rem;\n  color: rgb(204, 208, 212);\n}\n#text-1476768341 > * {\n  color: rgb(204, 208, 212);\n}\n<\/style>\n\t<\/div>\n\t\n\n\t\t<\/div>\n\t\t\t\t\n<style>\n#col-1267327407 > .col-inner {\n  margin: 0px 0px -50px 0px;\n}\n@media (min-width:550px) {\n  #col-1267327407 > .col-inner {\n    margin: 0px 0px -20px 0px;\n  }\n}\n@media (min-width:850px) {\n  #col-1267327407 > .col-inner {\n    margin: 0px 0px 0px 0px;\n  }\n}\n<\/style>\n\t<\/div>\n\n\t\n\n\t<div id=\"col-1842746687\" class=\"col hide-for-small medium-1 small-12 large-1\"  >\n\t\t\t\t<div class=\"col-inner\"  >\n\t\t\t\n\t\t\t\n\n\n\t\t<\/div>\n\t\t\t\t\t<\/div>\n\n\t\n\n\n<style>\n#row-898071853 > .col > .col-inner {\n  padding: 0px 0px 0px 0px;\n}\n@media (min-width:550px) {\n  #row-898071853 > .col > .col-inner {\n    padding: 0px 0px 0px 0px;\n  }\n}\n<\/style>\n<\/div>\n<div class=\"row\"  id=\"row-1776979929\">\n\n\n\t<div id=\"col-134324557\" class=\"col hide-for-small medium-1 small-12 large-1\"  >\n\t\t\t\t<div class=\"col-inner text-left\"  >\n\t\t\t\n\t\t\t\n\n\n\t\t<\/div>\n\t\t\t\t\n<style>\n#col-134324557 > .col-inner {\n  margin: 0px 0px 0px 0px;\n}\n<\/style>\n\t<\/div>\n\n\t\n\n\t<div id=\"col-86469740\" class=\"col medium-10 small-12 large-10\"  >\n\t\t\t\t<div class=\"col-inner text-left\"  >\n\t\t\t\n\t\t\t\n\n\t<div id=\"text-4172029645\" class=\"text testi-titolo\">\n\t\t\n\n<h1 class=\"testi-titolo\">Entschleunigen Sie, um den Genuss zu genie\u00dfen<br \/>\n<\/h1>\n\t\t\n<style>\n#text-4172029645 {\n  color: rgb(0, 0, 0);\n}\n#text-4172029645 > * {\n  color: rgb(0, 0, 0);\n}\n<\/style>\n\t<\/div>\n\t\n\t<div id=\"text-430562555\" class=\"text testi-body\">\n\t\t\n\n<p><strong>In Finale Ligure ist es wahrer Luxus<\/strong>, sich Zeit zu nehmen. Hier k\u00f6nnen Sie sich an den weitl\u00e4ufigen goldenen Str\u00e4nden entspannen, zwischen gut ausgestatteten Strandb\u00e4dern oder intimeren Buchten w\u00e4hlen, sich vom Rauschen der Wellen wiegen lassen und jeden Moment unbeschwert genie\u00dfen.<br \/>Nach einem Tag am Meer geht der Genuss weiter: ein Aperitif auf einem Boot bei Sonnenuntergang, ein Abendessen mit lokalen Spezialit\u00e4ten, ein Spaziergang durch die Gassen mit ihren Boutiquen und Handwerksl\u00e4den.<br \/>Finale Ligure ist der perfekte Ort f\u00fcr eine Traumhochzeit, f\u00fcr einen \u201eWorkation\u201d, bei dem Produktivit\u00e4t und Lebensqualit\u00e4t aufeinander treffen, aber auch der perfekte Ort, um ganzheitliche Aktivit\u00e4ten auszuprobieren oder sich eine Auszeit im Spa zu g\u00f6nnen und sich um das eigene k\u00f6rperliche und seelische Wohlbefinden zu k\u00fcmmern.<br \/>Atmen Sie tief durch, entschleunigen Sie, genie\u00dfen Sie jeden Augenblick.<br \/><strong>Entdecken Sie alle Erlebnisse f\u00fcr Ihre Entspannung<\/strong><\/p>\n\t\t\t<\/div>\n\t\n\n\n<p><!--Implementazione TOSC5 inizio--> <script> window.dw = window.dw || function () { (dw.q = dw.q || []).push(arguments) }; dw('settings','35d68ed0-aa0a-40be-bad7-dea045629e65', {\"context\": {\"urlOptionalParams\": \"limAddSrvTHEME=5b4e6694-c5ce-4c30-b534-d27f1fc9c7c9,641b9da5-cac1-4fcd-916e-df26c92cd6e9\", \"targetRoute\":[\"\/esperienze\",\"\/experiences\",\"\/erlebnisse\"]}, \"baseHref\": \"\/de\/relax-wellness\/\", \"profileOverrides\": [\"addServices.list.filter.location.visible=false\"],\"lang\": 'de', \"allowScrollOnApplicationStart\": false, \"loadingAnimationColor\": {\"main\": '#bba193', \"alt\": '#00ADBB'}}); dw('onPageChange', '35d68ed0-aa0a-40be-bad7-dea045629e65', () => { console.log('page changed event');}); <\/script> <script async src=\"https:\/\/resc.deskline.net\/DW5\/start\/FINALIGURE\/35d68ed0-aa0a-40be-bad7-dea045629e65\/index.js\"><\/script><!--Implementazione TOSC5 fine--><\/p>\n\n<a href=\"https:\/\/visitfinaleligure.it\/de\/alle-erlebnisse\/\" class=\"button primary expand\" >\n\t\t<span>ALLE ANGEBOTE AUS DEM KATALOG<\/span>\n\t<\/a>\n\n\n<div class=\"row\"  id=\"row-499694744\">\n\n\n\t<div id=\"col-887987709\" class=\"col small-12 large-12\"  >\n\t\t\t\t<div class=\"col-inner\"  >\n\t\t\t\n\t\t\t\n\n\n\t\t<\/div>\n\t\t\t\t\t<\/div>\n\n\t\n\n<\/div>\n<div class=\"is-divider divider clearfix\" style=\"background-color:rgba(54, 46, 46, 0);\"><\/div>\n\n\n\t\t<\/div>\n\t\t\t\t\n<style>\n#col-86469740 > .col-inner {\n  margin: 0px 0px 0px 0px;\n}\n@media (min-width:550px) {\n  #col-86469740 > .col-inner {\n    margin: -30px 0px 0px 0px;\n  }\n}\n<\/style>\n\t<\/div>\n\n\t\n\n\t<div id=\"col-1333426319\" class=\"col hide-for-small medium-1 small-12 large-1\"  >\n\t\t\t\t<div class=\"col-inner text-left\"  >\n\t\t\t\n\t\t\t\n\n\n\t\t<\/div>\n\t\t\t\t\n<style>\n#col-1333426319 > .col-inner {\n  margin: 0px 0px 0px 0px;\n}\n<\/style>\n\t<\/div>\n\n\t\n\n<\/div>\n\n\t\t<\/div>\n\n\t\t\n<style>\n#section_73012465 {\n  padding-top: 0px;\n  padding-bottom: 0px;\n}\n<\/style>\n\t<\/section>\n\t\n\n","protected":false},"excerpt":{"rendered":"","protected":false},"author":2,"featured_media":12832,"parent":0,"menu_order":0,"comment_status":"closed","ping_status":"closed","template":"page-blank.php","meta":{"footnotes":""},"class_list":["post-7884","page","type-page","status-publish","has-post-thumbnail","hentry"],"yoast_head":"<!-- This site is optimized with the Yoast SEO plugin v27.3 - https:\/\/yoast.com\/product\/yoast-seo-wordpress\/ -->\n<title>Gef\u00fchrte Touren in Finale Ligure - Visit Finale Ligure<\/title>\n<meta name=\"description\" content=\"Entschleunigen in Finale Ligure: zwischen Str\u00e4nden, Aperitifs, Wellness und ganzheitlichem Wohlbefinden den Moment genie\u00dfen.\" \/>\n<meta name=\"robots\" content=\"index, follow, max-snippet:-1, max-image-preview:large, max-video-preview:-1\" \/>\n<link rel=\"canonical\" href=\"https:\/\/visitfinaleligure.it\/de\/relax-wellness\/\" \/>\n<meta property=\"og:locale\" content=\"de_DE\" \/>\n<meta property=\"og:type\" content=\"article\" \/>\n<meta property=\"og:title\" content=\"Slow\" \/>\n<meta property=\"og:description\" content=\"Die Faszination der Kultur ist einfach mitrei\u00dfend. Schl\u00f6sser, Festungen und Kirchen sind nur einige der Dinge, die man auf den gef\u00fchrten Touren in Finale Ligure sehen wird.\" \/>\n<meta property=\"og:url\" content=\"https:\/\/visitfinaleligure.it\/de\/relax-wellness\/\" \/>\n<meta property=\"og:site_name\" content=\"Visit Finale Ligure\" \/>\n<meta property=\"article:publisher\" content=\"https:\/\/www.facebook.com\/VisitFinaleLigure\" \/>\n<meta property=\"article:modified_time\" content=\"2026-02-05T08:14:36+00:00\" \/>\n<meta property=\"og:image\" content=\"https:\/\/visitfinaleligure.it\/wp-content\/uploads\/2022\/12\/Castel-Gavone-fotografato_sessione-hiking-768x513-1.jpeg\" \/>\n<meta name=\"twitter:card\" content=\"summary_large_image\" \/>\n<meta name=\"twitter:label1\" content=\"Gesch\u00e4tzte Lesezeit\" \/>\n\t<meta name=\"twitter:data1\" content=\"2\u00a0Minuten\" \/>\n<script type=\"application\/ld+json\" class=\"yoast-schema-graph\">{\"@context\":\"https:\\\/\\\/schema.org\",\"@graph\":[{\"@type\":\"WebPage\",\"@id\":\"https:\\\/\\\/visitfinaleligure.it\\\/de\\\/relax-wellness\\\/\",\"url\":\"https:\\\/\\\/visitfinaleligure.it\\\/de\\\/relax-wellness\\\/\",\"name\":\"Gef\u00fchrte Touren in Finale Ligure - Visit Finale Ligure\",\"isPartOf\":{\"@id\":\"https:\\\/\\\/visitfinaleligure.it\\\/de\\\/#website\"},\"primaryImageOfPage\":{\"@id\":\"https:\\\/\\\/visitfinaleligure.it\\\/de\\\/relax-wellness\\\/#primaryimage\"},\"image\":{\"@id\":\"https:\\\/\\\/visitfinaleligure.it\\\/de\\\/relax-wellness\\\/#primaryimage\"},\"thumbnailUrl\":\"https:\\\/\\\/visitfinaleligure.it\\\/wp-content\\\/uploads\\\/2025\\\/01\\\/Pausa-lungo-il-sentiero-per-il-Castel-San-Giovanni-e-il-Castel-Gavone.jpg\",\"datePublished\":\"2022-12-28T11:49:08+00:00\",\"dateModified\":\"2026-02-05T08:14:36+00:00\",\"description\":\"Entschleunigen in Finale Ligure: zwischen Str\u00e4nden, Aperitifs, Wellness und ganzheitlichem Wohlbefinden den Moment genie\u00dfen.\",\"breadcrumb\":{\"@id\":\"https:\\\/\\\/visitfinaleligure.it\\\/de\\\/relax-wellness\\\/#breadcrumb\"},\"inLanguage\":\"de\",\"potentialAction\":[{\"@type\":\"ReadAction\",\"target\":[\"https:\\\/\\\/visitfinaleligure.it\\\/de\\\/relax-wellness\\\/\"]}]},{\"@type\":\"ImageObject\",\"inLanguage\":\"de\",\"@id\":\"https:\\\/\\\/visitfinaleligure.it\\\/de\\\/relax-wellness\\\/#primaryimage\",\"url\":\"https:\\\/\\\/visitfinaleligure.it\\\/wp-content\\\/uploads\\\/2025\\\/01\\\/Pausa-lungo-il-sentiero-per-il-Castel-San-Giovanni-e-il-Castel-Gavone.jpg\",\"contentUrl\":\"https:\\\/\\\/visitfinaleligure.it\\\/wp-content\\\/uploads\\\/2025\\\/01\\\/Pausa-lungo-il-sentiero-per-il-Castel-San-Giovanni-e-il-Castel-Gavone.jpg\",\"width\":2048,\"height\":1366,\"caption\":\"Turismo Slow a Finale ligure\"},{\"@type\":\"BreadcrumbList\",\"@id\":\"https:\\\/\\\/visitfinaleligure.it\\\/de\\\/relax-wellness\\\/#breadcrumb\",\"itemListElement\":[{\"@type\":\"ListItem\",\"position\":1,\"name\":\"Home\",\"item\":\"https:\\\/\\\/visitfinaleligure.it\\\/de\\\/\"},{\"@type\":\"ListItem\",\"position\":2,\"name\":\"Relax &#038; Lifestyle\"}]},{\"@type\":\"WebSite\",\"@id\":\"https:\\\/\\\/visitfinaleligure.it\\\/de\\\/#website\",\"url\":\"https:\\\/\\\/visitfinaleligure.it\\\/de\\\/\",\"name\":\"Visit Finale Ligure\",\"description\":\"My perfect place\",\"publisher\":{\"@id\":\"https:\\\/\\\/visitfinaleligure.it\\\/de\\\/#organization\"},\"potentialAction\":[{\"@type\":\"SearchAction\",\"target\":{\"@type\":\"EntryPoint\",\"urlTemplate\":\"https:\\\/\\\/visitfinaleligure.it\\\/de\\\/?s={search_term_string}\"},\"query-input\":{\"@type\":\"PropertyValueSpecification\",\"valueRequired\":true,\"valueName\":\"search_term_string\"}}],\"inLanguage\":\"de\"},{\"@type\":\"Organization\",\"@id\":\"https:\\\/\\\/visitfinaleligure.it\\\/de\\\/#organization\",\"name\":\"Comune di Finale Ligure\",\"url\":\"https:\\\/\\\/visitfinaleligure.it\\\/de\\\/\",\"logo\":{\"@type\":\"ImageObject\",\"inLanguage\":\"de\",\"@id\":\"https:\\\/\\\/visitfinaleligure.it\\\/de\\\/#\\\/schema\\\/logo\\\/image\\\/\",\"url\":\"https:\\\/\\\/visitfinaleligure.it\\\/wp-content\\\/uploads\\\/2023\\\/04\\\/cropped-finaleligure-verticale-positivo-200x200-1.png\",\"contentUrl\":\"https:\\\/\\\/visitfinaleligure.it\\\/wp-content\\\/uploads\\\/2023\\\/04\\\/cropped-finaleligure-verticale-positivo-200x200-1.png\",\"width\":512,\"height\":512,\"caption\":\"Comune di Finale Ligure\"},\"image\":{\"@id\":\"https:\\\/\\\/visitfinaleligure.it\\\/de\\\/#\\\/schema\\\/logo\\\/image\\\/\"},\"sameAs\":[\"https:\\\/\\\/www.facebook.com\\\/VisitFinaleLigure\",\"https:\\\/\\\/www.instagram.com\\\/visitfinale\\\/\",\"https:\\\/\\\/www.youtube.com\\\/channel\\\/UCLmoLfNmrAt9mSCll9egttw\"]}]}<\/script>\n<!-- \/ Yoast SEO plugin. -->","yoast_head_json":{"title":"Gef\u00fchrte Touren in Finale Ligure - Visit Finale Ligure","description":"Entschleunigen in Finale Ligure: zwischen Str\u00e4nden, Aperitifs, Wellness und ganzheitlichem Wohlbefinden den Moment genie\u00dfen.","robots":{"index":"index","follow":"follow","max-snippet":"max-snippet:-1","max-image-preview":"max-image-preview:large","max-video-preview":"max-video-preview:-1"},"canonical":"https:\/\/visitfinaleligure.it\/de\/relax-wellness\/","og_locale":"de_DE","og_type":"article","og_title":"Slow","og_description":"Die Faszination der Kultur ist einfach mitrei\u00dfend. Schl\u00f6sser, Festungen und Kirchen sind nur einige der Dinge, die man auf den gef\u00fchrten Touren in Finale Ligure sehen wird.","og_url":"https:\/\/visitfinaleligure.it\/de\/relax-wellness\/","og_site_name":"Visit Finale Ligure","article_publisher":"https:\/\/www.facebook.com\/VisitFinaleLigure","article_modified_time":"2026-02-05T08:14:36+00:00","og_image":[{"url":"https:\/\/visitfinaleligure.it\/wp-content\/uploads\/2022\/12\/Castel-Gavone-fotografato_sessione-hiking-768x513-1.jpeg","type":"","width":"","height":""}],"twitter_card":"summary_large_image","twitter_misc":{"Gesch\u00e4tzte Lesezeit":"2\u00a0Minuten"},"schema":{"@context":"https:\/\/schema.org","@graph":[{"@type":"WebPage","@id":"https:\/\/visitfinaleligure.it\/de\/relax-wellness\/","url":"https:\/\/visitfinaleligure.it\/de\/relax-wellness\/","name":"Gef\u00fchrte Touren in Finale Ligure - Visit Finale Ligure","isPartOf":{"@id":"https:\/\/visitfinaleligure.it\/de\/#website"},"primaryImageOfPage":{"@id":"https:\/\/visitfinaleligure.it\/de\/relax-wellness\/#primaryimage"},"image":{"@id":"https:\/\/visitfinaleligure.it\/de\/relax-wellness\/#primaryimage"},"thumbnailUrl":"https:\/\/visitfinaleligure.it\/wp-content\/uploads\/2025\/01\/Pausa-lungo-il-sentiero-per-il-Castel-San-Giovanni-e-il-Castel-Gavone.jpg","datePublished":"2022-12-28T11:49:08+00:00","dateModified":"2026-02-05T08:14:36+00:00","description":"Entschleunigen in Finale Ligure: zwischen Str\u00e4nden, Aperitifs, Wellness und ganzheitlichem Wohlbefinden den Moment genie\u00dfen.","breadcrumb":{"@id":"https:\/\/visitfinaleligure.it\/de\/relax-wellness\/#breadcrumb"},"inLanguage":"de","potentialAction":[{"@type":"ReadAction","target":["https:\/\/visitfinaleligure.it\/de\/relax-wellness\/"]}]},{"@type":"ImageObject","inLanguage":"de","@id":"https:\/\/visitfinaleligure.it\/de\/relax-wellness\/#primaryimage","url":"https:\/\/visitfinaleligure.it\/wp-content\/uploads\/2025\/01\/Pausa-lungo-il-sentiero-per-il-Castel-San-Giovanni-e-il-Castel-Gavone.jpg","contentUrl":"https:\/\/visitfinaleligure.it\/wp-content\/uploads\/2025\/01\/Pausa-lungo-il-sentiero-per-il-Castel-San-Giovanni-e-il-Castel-Gavone.jpg","width":2048,"height":1366,"caption":"Turismo Slow a Finale ligure"},{"@type":"BreadcrumbList","@id":"https:\/\/visitfinaleligure.it\/de\/relax-wellness\/#breadcrumb","itemListElement":[{"@type":"ListItem","position":1,"name":"Home","item":"https:\/\/visitfinaleligure.it\/de\/"},{"@type":"ListItem","position":2,"name":"Relax &#038; Lifestyle"}]},{"@type":"WebSite","@id":"https:\/\/visitfinaleligure.it\/de\/#website","url":"https:\/\/visitfinaleligure.it\/de\/","name":"Visit Finale Ligure","description":"My perfect place","publisher":{"@id":"https:\/\/visitfinaleligure.it\/de\/#organization"},"potentialAction":[{"@type":"SearchAction","target":{"@type":"EntryPoint","urlTemplate":"https:\/\/visitfinaleligure.it\/de\/?s={search_term_string}"},"query-input":{"@type":"PropertyValueSpecification","valueRequired":true,"valueName":"search_term_string"}}],"inLanguage":"de"},{"@type":"Organization","@id":"https:\/\/visitfinaleligure.it\/de\/#organization","name":"Comune di Finale Ligure","url":"https:\/\/visitfinaleligure.it\/de\/","logo":{"@type":"ImageObject","inLanguage":"de","@id":"https:\/\/visitfinaleligure.it\/de\/#\/schema\/logo\/image\/","url":"https:\/\/visitfinaleligure.it\/wp-content\/uploads\/2023\/04\/cropped-finaleligure-verticale-positivo-200x200-1.png","contentUrl":"https:\/\/visitfinaleligure.it\/wp-content\/uploads\/2023\/04\/cropped-finaleligure-verticale-positivo-200x200-1.png","width":512,"height":512,"caption":"Comune di Finale Ligure"},"image":{"@id":"https:\/\/visitfinaleligure.it\/de\/#\/schema\/logo\/image\/"},"sameAs":["https:\/\/www.facebook.com\/VisitFinaleLigure","https:\/\/www.instagram.com\/visitfinale\/","https:\/\/www.youtube.com\/channel\/UCLmoLfNmrAt9mSCll9egttw"]}]}},"_links":{"self":[{"href":"https:\/\/visitfinaleligure.it\/de\/wp-json\/wp\/v2\/pages\/7884","targetHints":{"allow":["GET"]}}],"collection":[{"href":"https:\/\/visitfinaleligure.it\/de\/wp-json\/wp\/v2\/pages"}],"about":[{"href":"https:\/\/visitfinaleligure.it\/de\/wp-json\/wp\/v2\/types\/page"}],"author":[{"embeddable":true,"href":"https:\/\/visitfinaleligure.it\/de\/wp-json\/wp\/v2\/users\/2"}],"replies":[{"embeddable":true,"href":"https:\/\/visitfinaleligure.it\/de\/wp-json\/wp\/v2\/comments?post=7884"}],"version-history":[{"count":16,"href":"https:\/\/visitfinaleligure.it\/de\/wp-json\/wp\/v2\/pages\/7884\/revisions"}],"predecessor-version":[{"id":17489,"href":"https:\/\/visitfinaleligure.it\/de\/wp-json\/wp\/v2\/pages\/7884\/revisions\/17489"}],"wp:featuredmedia":[{"embeddable":true,"href":"https:\/\/visitfinaleligure.it\/de\/wp-json\/wp\/v2\/media\/12832"}],"wp:attachment":[{"href":"https:\/\/visitfinaleligure.it\/de\/wp-json\/wp\/v2\/media?parent=7884"}],"curies":[{"name":"wp","href":"https:\/\/api.w.org\/{rel}","templated":true}]}}