{"id":7930,"date":"2023-01-11T11:09:31","date_gmt":"2023-01-11T10:09:31","guid":{"rendered":"https:\/\/visitfinaleligure.it\/fortbewegung-in-finale\/"},"modified":"2025-08-07T14:36:07","modified_gmt":"2025-08-07T12:36:07","slug":"fortbewegung-in-finale","status":"publish","type":"page","link":"https:\/\/visitfinaleligure.it\/de\/fortbewegung-in-finale\/","title":{"rendered":"Fortbewegung in Finale"},"content":{"rendered":"\n\n\t<section class=\"section\" id=\"section_304005158\">\n\t\t<div class=\"section-bg fill\" >\n\t\t\t\t\t\t\t\t\t\n\t\t\t\n\n\t\t<\/div>\n\n\t\t\n\n\t\t<div class=\"section-content relative\">\n\t\t\t\n\n\t<div class=\"img has-hover x md-x lg-x y md-y lg-y\" id=\"image_1810916642\">\n\t\t\t\t\t\t\t\t<div class=\"img-inner image-cover dark\" style=\"padding-top:40%;\">\n\t\t\t<img loading=\"lazy\" decoding=\"async\" width=\"2560\" height=\"1702\" src=\"https:\/\/visitfinaleligure.it\/wp-content\/uploads\/2022\/12\/La-via-Aurelia-al-Malpasso-con-il-caratteristico-Leone-di-Roccia-1-scaled.jpg\" class=\"attachment-original size-original\" alt=\"\" srcset=\"https:\/\/visitfinaleligure.it\/wp-content\/uploads\/2022\/12\/La-via-Aurelia-al-Malpasso-con-il-caratteristico-Leone-di-Roccia-1-scaled.jpg 2560w, https:\/\/visitfinaleligure.it\/wp-content\/uploads\/2022\/12\/La-via-Aurelia-al-Malpasso-con-il-caratteristico-Leone-di-Roccia-1-300x199.jpg 300w, https:\/\/visitfinaleligure.it\/wp-content\/uploads\/2022\/12\/La-via-Aurelia-al-Malpasso-con-il-caratteristico-Leone-di-Roccia-1-1024x681.jpg 1024w, https:\/\/visitfinaleligure.it\/wp-content\/uploads\/2022\/12\/La-via-Aurelia-al-Malpasso-con-il-caratteristico-Leone-di-Roccia-1-768x511.jpg 768w, https:\/\/visitfinaleligure.it\/wp-content\/uploads\/2022\/12\/La-via-Aurelia-al-Malpasso-con-il-caratteristico-Leone-di-Roccia-1-1536x1021.jpg 1536w, https:\/\/visitfinaleligure.it\/wp-content\/uploads\/2022\/12\/La-via-Aurelia-al-Malpasso-con-il-caratteristico-Leone-di-Roccia-1-2048x1362.jpg 2048w\" sizes=\"auto, (max-width: 2560px) 100vw, 2560px\" \/>\t\t\t\t\t\t\n\t\t\t\t\t<\/div>\n\t\t\t\t\t\t\t\t\n<style>\n#image_1810916642 {\n  width: 100%;\n}\n<\/style>\n\t<\/div>\n\t\n\n\n\t\t<\/div>\n\n\t\t\n<style>\n#section_304005158 {\n  padding-top: 30px;\n  padding-bottom: 30px;\n}\n<\/style>\n\t<\/section>\n\t\n\n\t<section class=\"section\" id=\"section_918624267\">\n\t\t<div class=\"section-bg fill\" >\n\t\t\t\t\t\t\t\t\t\n\t\t\t\n\n\t\t<\/div>\n\n\t\t\n\n\t\t<div class=\"section-content relative\">\n\t\t\t\n\n<div class=\"row align-middle\"  id=\"row-482856771\">\n\n\n\t<div id=\"col-1924012162\" class=\"col hide-for-small medium-1 small-12 large-1\"  >\n\t\t\t\t<div class=\"col-inner\"  >\n\t\t\t\n\t\t\t\n\n\n\t\t<\/div>\n\t\t\t\t\t<\/div>\n\n\t\n\n\t<div id=\"col-1922345439\" class=\"col medium-10 small-12 large-10\"  >\n\t\t\t\t<div class=\"col-inner text-left\"  >\n\t\t\t\n\t\t\t\n\n\t<div id=\"text-906609441\" class=\"text testi-titolo-laterale\">\n\t\t\n\n<p style=\"font-family: 'Rubik'; font-size: 14px; font-weight: 500; color: rgba(39,39,39,0.4);\">FORTBEWEGUNG IN FINALE<\/p>\n\t\t\n<style>\n#text-906609441 {\n  font-size: 1.5rem;\n  color: rgb(204, 208, 212);\n}\n#text-906609441 > * {\n  color: rgb(204, 208, 212);\n}\n<\/style>\n\t<\/div>\n\t\n\n\t\t<\/div>\n\t\t\t\t\n<style>\n#col-1922345439 > .col-inner {\n  margin: 0px 0px 0px 0px;\n}\n@media (min-width:550px) {\n  #col-1922345439 > .col-inner {\n    margin: 0px 0px 0px 0px;\n  }\n}\n<\/style>\n\t<\/div>\n\n\t\n\n\t<div id=\"col-1507856329\" class=\"col hide-for-small medium-1 small-12 large-1\"  >\n\t\t\t\t<div class=\"col-inner\"  >\n\t\t\t\n\t\t\t\n\n\n\t\t<\/div>\n\t\t\t\t\t<\/div>\n\n\t\n\n\n<style>\n#row-482856771 > .col > .col-inner {\n  padding: 0px 0px 0px 0px;\n}\n@media (min-width:550px) {\n  #row-482856771 > .col > .col-inner {\n    padding: 0px 0px 0px 0px;\n  }\n}\n<\/style>\n<\/div>\n<div class=\"row\"  id=\"row-1061364124\">\n\n\n\t<div id=\"col-1357553689\" class=\"col hide-for-small medium-1 small-12 large-1\"  >\n\t\t\t\t<div class=\"col-inner text-left\"  >\n\t\t\t\n\t\t\t\n\n\n\t\t<\/div>\n\t\t\t\t\n<style>\n#col-1357553689 > .col-inner {\n  margin: 0px 0px 0px 0px;\n}\n<\/style>\n\t<\/div>\n\n\t\n\n\t<div id=\"col-114591261\" class=\"col medium-10 small-12 large-10\"  >\n\t\t\t\t<div class=\"col-inner text-left\"  >\n\t\t\t\n\t\t\t\n\n\t<div id=\"text-2819862933\" class=\"text testi-titolo\">\n\t\t\n\n<h1 class=\"testi-titolo\">Sich im Gebiet um Finale fortzubewegen ist ganz einfach<\/h1>\n\t\t\n<style>\n#text-2819862933 {\n  line-height: 1;\n  color: rgb(0, 0, 0);\n}\n#text-2819862933 > * {\n  color: rgb(0, 0, 0);\n}\n<\/style>\n\t<\/div>\n\t\n<div class=\"row\"  id=\"row-1879546048\">\n\n\n\t<div id=\"col-145731752\" class=\"col small-12 large-12\"  >\n\t\t\t\t<div class=\"col-inner\"  >\n\t\t\t\n\t\t\t\n\n\t<div id=\"text-1488928288\" class=\"text testi-body\">\n\t\t\n\n<p>Entdecken, wo sich die wichtigsten Parkpl\u00e4tze befinden und wie man zum Bahnhof kommt.<\/p>\n\t\t\t<\/div>\n\t\n<div class=\"row\"  id=\"row-138880799\">\n\n\n\t<div id=\"col-89400727\" class=\"col medium-6 small-12 large-6\"  >\n\t\t\t\t<div class=\"col-inner\"  >\n\t\t\t\n\t\t\t\n\n\t<div class=\"img has-hover x md-x lg-x y md-y lg-y\" id=\"image_920339422\">\n\t\t\t\t\t\t\t\t<div class=\"img-inner image-zoom-fade image-cover dark\" style=\"padding-top:50%;\">\n\t\t\t<img loading=\"lazy\" decoding=\"async\" width=\"768\" height=\"329\" src=\"https:\/\/visitfinaleligure.it\/wp-content\/uploads\/2023\/01\/autosilos05_ph-provsv-768x329-1.jpg\" class=\"attachment-original size-original\" alt=\"\" srcset=\"https:\/\/visitfinaleligure.it\/wp-content\/uploads\/2023\/01\/autosilos05_ph-provsv-768x329-1.jpg 768w, https:\/\/visitfinaleligure.it\/wp-content\/uploads\/2023\/01\/autosilos05_ph-provsv-768x329-1-300x129.jpg 300w\" sizes=\"auto, (max-width: 768px) 100vw, 768px\" \/>\t\t\t\t\t\t\n\t\t\t\t\t<\/div>\n\t\t\t\t\t\t\t\t\n<style>\n#image_920339422 {\n  width: 100%;\n}\n<\/style>\n\t<\/div>\n\t\n\n\t<div id=\"text-2192538342\" class=\"text\">\n\t\t\n\n<p><strong>Parkpl\u00e4tze<\/strong><br>\nBesuchen Sie die Websites von&nbsp;<a href=\"https:\/\/www.finaleambiente.it\/parcheggi\/\" target=\"_blank\" rel=\"noopener\">Finale Ambiente<\/a><\/p>\n\t\t\n<style>\n#text-2192538342 {\n  text-align: left;\n}\n<\/style>\n\t<\/div>\n\t\n\n\t\t<\/div>\n\t\t\t\t\t<\/div>\n\n\t\n\n\t<div id=\"col-853765305\" class=\"col medium-6 small-12 large-6\"  >\n\t\t\t\t<div class=\"col-inner\"  >\n\t\t\t\n\t\t\t\n\n\t<div class=\"img has-hover x md-x lg-x y md-y lg-y\" id=\"image_1307736661\">\n\t\t\t\t\t\t\t\t<div class=\"img-inner image-zoom image-cover dark\" style=\"padding-top:50%;\">\n\t\t\t<img loading=\"lazy\" decoding=\"async\" width=\"450\" height=\"338\" src=\"https:\/\/visitfinaleligure.it\/wp-content\/uploads\/2023\/01\/stazione01_ph-provsv-450x338-1.jpg\" class=\"attachment-original size-original\" alt=\"\" srcset=\"https:\/\/visitfinaleligure.it\/wp-content\/uploads\/2023\/01\/stazione01_ph-provsv-450x338-1.jpg 450w, https:\/\/visitfinaleligure.it\/wp-content\/uploads\/2023\/01\/stazione01_ph-provsv-450x338-1-300x225.jpg 300w\" sizes=\"auto, (max-width: 450px) 100vw, 450px\" \/>\t\t\t\t\t\t\n\t\t\t\t\t<\/div>\n\t\t\t\t\t\t\t\t\n<style>\n#image_1307736661 {\n  width: 100%;\n}\n<\/style>\n\t<\/div>\n\t\n\n\t<div id=\"text-214310358\" class=\"text\">\n\t\t\n\n<p><strong>Bahnhof<\/strong><br>\nIn Finale Ligure m\u00fcssen alle Z\u00fcge, die aus beiden Richtungen kommen, halten.<br>\nVon Finale aus kann man mit einem Regional- oder Intercity-Zug nach S\u00fcdfrankreich fahren und dann am Bahnhof Ventimiglia in franz\u00f6sische SNCF-Z\u00fcge umsteigen.<\/p>\n\t\t\n<style>\n#text-214310358 {\n  text-align: left;\n}\n<\/style>\n\t<\/div>\n\t\n\n\t\t<\/div>\n\t\t\t\t\t<\/div>\n\n\t\n\n<\/div>\n<p><iframe loading=\"lazy\" src=\"https:\/\/www.google.com\/maps\/d\/embed?mid=1mMptyZPF2Ek8jZuDD1A342gTyRJ09_1k&amp;ehbc=2E312F\" width=\"1980\" height=\"480\"><\/iframe><\/p>\n\n\t\t<\/div>\n\t\t\t\t\t<\/div>\n\n\t\n\n<\/div>\n\n\t\t<\/div>\n\t\t\t\t\n<style>\n#col-114591261 > .col-inner {\n  margin: 0px 0px 0px 0px;\n}\n@media (min-width:550px) {\n  #col-114591261 > .col-inner {\n    margin: -30px 0px 0px 0px;\n  }\n}\n<\/style>\n\t<\/div>\n\n\t\n\n\t<div id=\"col-1686656310\" class=\"col hide-for-small medium-1 small-12 large-1\"  >\n\t\t\t\t<div class=\"col-inner text-left\"  >\n\t\t\t\n\t\t\t\n\n\n\t\t<\/div>\n\t\t\t\t\n<style>\n#col-1686656310 > .col-inner {\n  margin: 0px 0px 0px 0px;\n}\n<\/style>\n\t<\/div>\n\n\t\n\n<\/div>\n\n\t\t<\/div>\n\n\t\t\n<style>\n#section_918624267 {\n  padding-top: 0px;\n  padding-bottom: 0px;\n}\n<\/style>\n\t<\/section>\n\t\n\n","protected":false},"excerpt":{"rendered":"","protected":false},"author":2,"featured_media":0,"parent":0,"menu_order":0,"comment_status":"closed","ping_status":"closed","template":"page-blank.php","meta":{"footnotes":""},"class_list":["post-7930","page","type-page","status-publish","hentry"],"yoast_head":"<!-- This site is optimized with the Yoast SEO plugin v27.3 - https:\/\/yoast.com\/product\/yoast-seo-wordpress\/ -->\n<title>Fortbewegung in Finale - Visit Finale Ligure<\/title>\n<meta name=\"description\" content=\"Erfahren Sie, wo Sie in Finale Ligure parken und wie Sie bequem Bahnhof, Zentrum und Sehensw\u00fcrdigkeiten erreichen.\" \/>\n<meta name=\"robots\" content=\"index, follow, max-snippet:-1, max-image-preview:large, max-video-preview:-1\" \/>\n<link rel=\"canonical\" href=\"https:\/\/visitfinaleligure.it\/de\/fortbewegung-in-finale\/\" \/>\n<meta property=\"og:locale\" content=\"de_DE\" \/>\n<meta property=\"og:type\" content=\"article\" \/>\n<meta property=\"og:title\" content=\"Fortbewegung in Finale - Visit Finale Ligure\" \/>\n<meta property=\"og:description\" content=\"Erfahren Sie, wo Sie in Finale Ligure parken und wie Sie bequem Bahnhof, Zentrum und Sehensw\u00fcrdigkeiten erreichen.\" \/>\n<meta property=\"og:url\" content=\"https:\/\/visitfinaleligure.it\/de\/fortbewegung-in-finale\/\" \/>\n<meta property=\"og:site_name\" content=\"Visit Finale Ligure\" \/>\n<meta property=\"article:publisher\" content=\"https:\/\/www.facebook.com\/VisitFinaleLigure\" \/>\n<meta property=\"article:modified_time\" content=\"2025-08-07T12:36:07+00:00\" \/>\n<meta property=\"og:image\" content=\"https:\/\/visitfinaleligure.it\/wp-content\/uploads\/2023\/03\/Capo-caprazoppa-1-1.jpg\" \/>\n\t<meta property=\"og:image:width\" content=\"2500\" \/>\n\t<meta property=\"og:image:height\" content=\"1405\" \/>\n\t<meta property=\"og:image:type\" content=\"image\/jpeg\" \/>\n<meta name=\"twitter:card\" content=\"summary_large_image\" \/>\n<meta name=\"twitter:label1\" content=\"Gesch\u00e4tzte Lesezeit\" \/>\n\t<meta name=\"twitter:data1\" content=\"2\u00a0Minuten\" \/>\n<script type=\"application\/ld+json\" class=\"yoast-schema-graph\">{\"@context\":\"https:\\\/\\\/schema.org\",\"@graph\":[{\"@type\":\"WebPage\",\"@id\":\"https:\\\/\\\/visitfinaleligure.it\\\/de\\\/fortbewegung-in-finale\\\/\",\"url\":\"https:\\\/\\\/visitfinaleligure.it\\\/de\\\/fortbewegung-in-finale\\\/\",\"name\":\"Fortbewegung in Finale - Visit Finale Ligure\",\"isPartOf\":{\"@id\":\"https:\\\/\\\/visitfinaleligure.it\\\/de\\\/#website\"},\"datePublished\":\"2023-01-11T10:09:31+00:00\",\"dateModified\":\"2025-08-07T12:36:07+00:00\",\"description\":\"Erfahren Sie, wo Sie in Finale Ligure parken und wie Sie bequem Bahnhof, Zentrum und Sehensw\u00fcrdigkeiten erreichen.\",\"breadcrumb\":{\"@id\":\"https:\\\/\\\/visitfinaleligure.it\\\/de\\\/fortbewegung-in-finale\\\/#breadcrumb\"},\"inLanguage\":\"de\",\"potentialAction\":[{\"@type\":\"ReadAction\",\"target\":[\"https:\\\/\\\/visitfinaleligure.it\\\/de\\\/fortbewegung-in-finale\\\/\"]}]},{\"@type\":\"BreadcrumbList\",\"@id\":\"https:\\\/\\\/visitfinaleligure.it\\\/de\\\/fortbewegung-in-finale\\\/#breadcrumb\",\"itemListElement\":[{\"@type\":\"ListItem\",\"position\":1,\"name\":\"Home\",\"item\":\"https:\\\/\\\/visitfinaleligure.it\\\/de\\\/\"},{\"@type\":\"ListItem\",\"position\":2,\"name\":\"Fortbewegung in Finale\"}]},{\"@type\":\"WebSite\",\"@id\":\"https:\\\/\\\/visitfinaleligure.it\\\/de\\\/#website\",\"url\":\"https:\\\/\\\/visitfinaleligure.it\\\/de\\\/\",\"name\":\"Visit Finale Ligure\",\"description\":\"My perfect place\",\"publisher\":{\"@id\":\"https:\\\/\\\/visitfinaleligure.it\\\/de\\\/#organization\"},\"potentialAction\":[{\"@type\":\"SearchAction\",\"target\":{\"@type\":\"EntryPoint\",\"urlTemplate\":\"https:\\\/\\\/visitfinaleligure.it\\\/de\\\/?s={search_term_string}\"},\"query-input\":{\"@type\":\"PropertyValueSpecification\",\"valueRequired\":true,\"valueName\":\"search_term_string\"}}],\"inLanguage\":\"de\"},{\"@type\":\"Organization\",\"@id\":\"https:\\\/\\\/visitfinaleligure.it\\\/de\\\/#organization\",\"name\":\"Comune di Finale Ligure\",\"url\":\"https:\\\/\\\/visitfinaleligure.it\\\/de\\\/\",\"logo\":{\"@type\":\"ImageObject\",\"inLanguage\":\"de\",\"@id\":\"https:\\\/\\\/visitfinaleligure.it\\\/de\\\/#\\\/schema\\\/logo\\\/image\\\/\",\"url\":\"https:\\\/\\\/visitfinaleligure.it\\\/wp-content\\\/uploads\\\/2023\\\/04\\\/cropped-finaleligure-verticale-positivo-200x200-1.png\",\"contentUrl\":\"https:\\\/\\\/visitfinaleligure.it\\\/wp-content\\\/uploads\\\/2023\\\/04\\\/cropped-finaleligure-verticale-positivo-200x200-1.png\",\"width\":512,\"height\":512,\"caption\":\"Comune di Finale Ligure\"},\"image\":{\"@id\":\"https:\\\/\\\/visitfinaleligure.it\\\/de\\\/#\\\/schema\\\/logo\\\/image\\\/\"},\"sameAs\":[\"https:\\\/\\\/www.facebook.com\\\/VisitFinaleLigure\",\"https:\\\/\\\/www.instagram.com\\\/visitfinale\\\/\",\"https:\\\/\\\/www.youtube.com\\\/channel\\\/UCLmoLfNmrAt9mSCll9egttw\"]}]}<\/script>\n<!-- \/ Yoast SEO plugin. -->","yoast_head_json":{"title":"Fortbewegung in Finale - Visit Finale Ligure","description":"Erfahren Sie, wo Sie in Finale Ligure parken und wie Sie bequem Bahnhof, Zentrum und Sehensw\u00fcrdigkeiten erreichen.","robots":{"index":"index","follow":"follow","max-snippet":"max-snippet:-1","max-image-preview":"max-image-preview:large","max-video-preview":"max-video-preview:-1"},"canonical":"https:\/\/visitfinaleligure.it\/de\/fortbewegung-in-finale\/","og_locale":"de_DE","og_type":"article","og_title":"Fortbewegung in Finale - Visit Finale Ligure","og_description":"Erfahren Sie, wo Sie in Finale Ligure parken und wie Sie bequem Bahnhof, Zentrum und Sehensw\u00fcrdigkeiten erreichen.","og_url":"https:\/\/visitfinaleligure.it\/de\/fortbewegung-in-finale\/","og_site_name":"Visit Finale Ligure","article_publisher":"https:\/\/www.facebook.com\/VisitFinaleLigure","article_modified_time":"2025-08-07T12:36:07+00:00","og_image":[{"width":2500,"height":1405,"url":"https:\/\/visitfinaleligure.it\/wp-content\/uploads\/2023\/03\/Capo-caprazoppa-1-1.jpg","type":"image\/jpeg"}],"twitter_card":"summary_large_image","twitter_misc":{"Gesch\u00e4tzte Lesezeit":"2\u00a0Minuten"},"schema":{"@context":"https:\/\/schema.org","@graph":[{"@type":"WebPage","@id":"https:\/\/visitfinaleligure.it\/de\/fortbewegung-in-finale\/","url":"https:\/\/visitfinaleligure.it\/de\/fortbewegung-in-finale\/","name":"Fortbewegung in Finale - Visit Finale Ligure","isPartOf":{"@id":"https:\/\/visitfinaleligure.it\/de\/#website"},"datePublished":"2023-01-11T10:09:31+00:00","dateModified":"2025-08-07T12:36:07+00:00","description":"Erfahren Sie, wo Sie in Finale Ligure parken und wie Sie bequem Bahnhof, Zentrum und Sehensw\u00fcrdigkeiten erreichen.","breadcrumb":{"@id":"https:\/\/visitfinaleligure.it\/de\/fortbewegung-in-finale\/#breadcrumb"},"inLanguage":"de","potentialAction":[{"@type":"ReadAction","target":["https:\/\/visitfinaleligure.it\/de\/fortbewegung-in-finale\/"]}]},{"@type":"BreadcrumbList","@id":"https:\/\/visitfinaleligure.it\/de\/fortbewegung-in-finale\/#breadcrumb","itemListElement":[{"@type":"ListItem","position":1,"name":"Home","item":"https:\/\/visitfinaleligure.it\/de\/"},{"@type":"ListItem","position":2,"name":"Fortbewegung in Finale"}]},{"@type":"WebSite","@id":"https:\/\/visitfinaleligure.it\/de\/#website","url":"https:\/\/visitfinaleligure.it\/de\/","name":"Visit Finale Ligure","description":"My perfect place","publisher":{"@id":"https:\/\/visitfinaleligure.it\/de\/#organization"},"potentialAction":[{"@type":"SearchAction","target":{"@type":"EntryPoint","urlTemplate":"https:\/\/visitfinaleligure.it\/de\/?s={search_term_string}"},"query-input":{"@type":"PropertyValueSpecification","valueRequired":true,"valueName":"search_term_string"}}],"inLanguage":"de"},{"@type":"Organization","@id":"https:\/\/visitfinaleligure.it\/de\/#organization","name":"Comune di Finale Ligure","url":"https:\/\/visitfinaleligure.it\/de\/","logo":{"@type":"ImageObject","inLanguage":"de","@id":"https:\/\/visitfinaleligure.it\/de\/#\/schema\/logo\/image\/","url":"https:\/\/visitfinaleligure.it\/wp-content\/uploads\/2023\/04\/cropped-finaleligure-verticale-positivo-200x200-1.png","contentUrl":"https:\/\/visitfinaleligure.it\/wp-content\/uploads\/2023\/04\/cropped-finaleligure-verticale-positivo-200x200-1.png","width":512,"height":512,"caption":"Comune di Finale Ligure"},"image":{"@id":"https:\/\/visitfinaleligure.it\/de\/#\/schema\/logo\/image\/"},"sameAs":["https:\/\/www.facebook.com\/VisitFinaleLigure","https:\/\/www.instagram.com\/visitfinale\/","https:\/\/www.youtube.com\/channel\/UCLmoLfNmrAt9mSCll9egttw"]}]}},"_links":{"self":[{"href":"https:\/\/visitfinaleligure.it\/de\/wp-json\/wp\/v2\/pages\/7930","targetHints":{"allow":["GET"]}}],"collection":[{"href":"https:\/\/visitfinaleligure.it\/de\/wp-json\/wp\/v2\/pages"}],"about":[{"href":"https:\/\/visitfinaleligure.it\/de\/wp-json\/wp\/v2\/types\/page"}],"author":[{"embeddable":true,"href":"https:\/\/visitfinaleligure.it\/de\/wp-json\/wp\/v2\/users\/2"}],"replies":[{"embeddable":true,"href":"https:\/\/visitfinaleligure.it\/de\/wp-json\/wp\/v2\/comments?post=7930"}],"version-history":[{"count":3,"href":"https:\/\/visitfinaleligure.it\/de\/wp-json\/wp\/v2\/pages\/7930\/revisions"}],"predecessor-version":[{"id":7933,"href":"https:\/\/visitfinaleligure.it\/de\/wp-json\/wp\/v2\/pages\/7930\/revisions\/7933"}],"wp:attachment":[{"href":"https:\/\/visitfinaleligure.it\/de\/wp-json\/wp\/v2\/media?parent=7930"}],"curies":[{"name":"wp","href":"https:\/\/api.w.org\/{rel}","templated":true}]}}