{"id":7934,"date":"2023-01-11T11:26:08","date_gmt":"2023-01-11T10:26:08","guid":{"rendered":"https:\/\/visitfinaleligure.it\/erlebnisorientierte-veranstalter\/"},"modified":"2026-03-02T19:30:17","modified_gmt":"2026-03-02T18:30:17","slug":"erlebnisorientierte-veranstalter","status":"publish","type":"page","link":"https:\/\/visitfinaleligure.it\/de\/erlebnisorientierte-veranstalter\/","title":{"rendered":"Erlebnisorientierte Veranstalter"},"content":{"rendered":"\n\n\t<section class=\"section\" id=\"section_182469390\">\n\t\t<div class=\"section-bg fill\" >\n\t\t\t\t\t\t\t\t\t\n\t\t\t\n\n\t\t<\/div>\n\n\t\t\n\n\t\t<div class=\"section-content relative\">\n\t\t\t\n\n\t<div class=\"img has-hover x md-x lg-x y md-y lg-y\" id=\"image_1899019835\">\n\t\t\t\t\t\t\t\t<div class=\"img-inner image-cover dark\" style=\"padding-top:40%;\">\n\t\t\t<img loading=\"lazy\" decoding=\"async\" width=\"1024\" height=\"684\" src=\"https:\/\/visitfinaleligure.it\/wp-content\/uploads\/2023\/01\/Climbing_Finale-51-1024x684-1.jpeg\" class=\"attachment-original size-original\" alt=\"\" srcset=\"https:\/\/visitfinaleligure.it\/wp-content\/uploads\/2023\/01\/Climbing_Finale-51-1024x684-1.jpeg 1024w, https:\/\/visitfinaleligure.it\/wp-content\/uploads\/2023\/01\/Climbing_Finale-51-1024x684-1-300x200.jpeg 300w, https:\/\/visitfinaleligure.it\/wp-content\/uploads\/2023\/01\/Climbing_Finale-51-1024x684-1-768x513.jpeg 768w\" sizes=\"auto, (max-width: 1024px) 100vw, 1024px\" \/>\t\t\t\t\t\t\n\t\t\t\t\t<\/div>\n\t\t\t\t\t\t\t\t\n<style>\n#image_1899019835 {\n  width: 100%;\n}\n<\/style>\n\t<\/div>\n\t\n\n\n\t\t<\/div>\n\n\t\t\n<style>\n#section_182469390 {\n  padding-top: 30px;\n  padding-bottom: 30px;\n}\n<\/style>\n\t<\/section>\n\t\n\n\t<section class=\"section\" id=\"section_1533416697\">\n\t\t<div class=\"section-bg fill\" >\n\t\t\t\t\t\t\t\t\t\n\t\t\t\n\n\t\t<\/div>\n\n\t\t\n\n\t\t<div class=\"section-content relative\">\n\t\t\t\n\n<div class=\"row align-middle\"  id=\"row-1368666849\">\n\n\n\t<div id=\"col-716861997\" class=\"col hide-for-small medium-1 small-12 large-1\"  >\n\t\t\t\t<div class=\"col-inner\"  >\n\t\t\t\n\t\t\t\n\n\n\t\t<\/div>\n\t\t\t\t\t<\/div>\n\n\t\n\n\t<div id=\"col-1926235706\" class=\"col medium-10 small-12 large-10\"  >\n\t\t\t\t<div class=\"col-inner text-left\"  >\n\t\t\t\n\t\t\t\n\n\t<div id=\"text-418857059\" class=\"text testi-titolo-laterale\">\n\t\t\n\n<p style=\"font-family: 'Rubik'; font-size: 14px; font-weight: 500; color: rgba(39,39,39,0.4);\">ERLEBNISORIENTIERTE VERANSTALTER<\/p>\n\t\t\n<style>\n#text-418857059 {\n  font-size: 1.5rem;\n  color: rgb(204, 208, 212);\n}\n#text-418857059 > * {\n  color: rgb(204, 208, 212);\n}\n<\/style>\n\t<\/div>\n\t\n\n\t\t<\/div>\n\t\t\t\t\n<style>\n#col-1926235706 > .col-inner {\n  margin: 0px 0px 0px 0px;\n}\n@media (min-width:550px) {\n  #col-1926235706 > .col-inner {\n    margin: 0px 0px 0px 0px;\n  }\n}\n<\/style>\n\t<\/div>\n\n\t\n\n\t<div id=\"col-282284258\" class=\"col hide-for-small medium-1 small-12 large-1\"  >\n\t\t\t\t<div class=\"col-inner\"  >\n\t\t\t\n\t\t\t\n\n\n\t\t<\/div>\n\t\t\t\t\t<\/div>\n\n\t\n\n\n<style>\n#row-1368666849 > .col > .col-inner {\n  padding: 0px 0px 0px 0px;\n}\n@media (min-width:550px) {\n  #row-1368666849 > .col > .col-inner {\n    padding: 0px 0px 0px 0px;\n  }\n}\n<\/style>\n<\/div>\n<div class=\"row\"  id=\"row-841496555\">\n\n\n\t<div id=\"col-474936551\" class=\"col hide-for-small medium-1 small-12 large-1\"  >\n\t\t\t\t<div class=\"col-inner text-left\"  >\n\t\t\t\n\t\t\t\n\n\n\t\t<\/div>\n\t\t\t\t\n<style>\n#col-474936551 > .col-inner {\n  margin: 0px 0px 0px 0px;\n}\n<\/style>\n\t<\/div>\n\n\t\n\n\t<div id=\"col-447254955\" class=\"col medium-10 small-12 large-10\"  >\n\t\t\t\t<div class=\"col-inner text-left\"  >\n\t\t\t\n\t\t\t\n\n\t<div id=\"text-285641298\" class=\"text testi-titolo\">\n\t\t\n\n<h1 class=\"testi-titolo\">Um sich auch die weniger bekannten Ecken nicht entgehen zu lassen<br><\/h1>\n\t\t\n<style>\n#text-285641298 {\n  line-height: 1;\n  color: rgb(0, 0, 0);\n}\n#text-285641298 > * {\n  color: rgb(0, 0, 0);\n}\n<\/style>\n\t<\/div>\n\t\n\t<div id=\"text-4237386558\" class=\"text testi-body\">\n\t\t\n\n<p>Bei der Erkundung des Gebiets von Finale ist die Nutzung eines Erlebnisf\u00fchrers eine hervorragende M\u00f6glichkeit, um auch weniger bekannte Ecken eines Ortes und eines Gebiets, das einzigartig vielf\u00e4ltig und verschiedenartig ist, nicht zu verpassen.<\/p>\n<p>In diesem Bereich der Website finden Sie Informationen zu allen Reisef\u00fchrern, Vereinen und Verb\u00e4nden der Region, die daf\u00fcr sorgen, dass Ihr Aufenthalt voller Entdeckungen und Touren in einem atemberaubenden Gebiet ist.<\/p>\n\t\t\t<\/div>\n\t\n<div class=\"is-divider divider clearfix\" style=\"background-color:rgba(54, 46, 46, 0);\"><\/div>\n\n<div class=\"row\"  id=\"row-791092289\">\n\n\n\t<div id=\"col-134296297\" class=\"col medium-6 small-12 large-3\"  >\n\t\t\t\t<div class=\"col-inner text-center\"  >\n\t\t\t\n\t\t\t\n\n<a href=\"https:\/\/www.regione.liguria.it\/homepage-opendata\/item\/6880-guide-ambientali-ed-escursionistiche.html\" target=\"_blank\" class=\"button primary is-outline\" rel=\"noopener\" >\n\t\t<span>Reisef\u00fchrer der Region Ligurien<\/span>\n\t<\/a>\n\n\n\t<div id=\"text-4027159056\" class=\"text\">\n\t\t\n\n<p>Die Reisef\u00fchrer die ordentlich in das regionale oder nationale Register eingetragen sind, k\u00f6nnen Ihnen helfen, die Gegend zu entdecken, indem sie Sie zu den charakteristischsten und auch weniger bekannten Orten begleiten. <\/p>\n\t\t\n<style>\n#text-4027159056 {\n  text-align: left;\n}\n@media (min-width:550px) {\n  #text-4027159056 {\n    text-align: left;\n  }\n}\n<\/style>\n\t<\/div>\n\t\n\n\t\t<\/div>\n\t\t\t\t\t<\/div>\n\n\t\n\n\t<div id=\"col-487865556\" class=\"col medium-6 small-12 large-3\"  >\n\t\t\t\t<div class=\"col-inner\"  >\n\t\t\t\n\t\t\t\n\n<a href=\"https:\/\/www.regione.liguria.it\/homepage-opendata\/item\/6817-accompagnatori-turistici.html\" target=\"_blank\" class=\"button primary is-outline\" rel=\"noopener\" >\n\t\t<span>Fremdenf\u00fchrer der Region Ligurien<\/span>\n\t<\/a>\n\n\n<p>Sie begleiten Einzelpersonen oder Gruppen auf Reisen im Land oder im Ausland, sorgen f\u00fcr die Durchf\u00fchrung des von den Veranstaltern vorbereiteten Programms, geben den begleiteten Einzelpersonen oder Gruppen umfassende Hilfestellung, liefern wichtige Informationen und Nachrichten von touristischem Interesse \u00fcber Durchreisegebiete, die nicht in den Zust\u00e4ndigkeitsbereich von Fremdenf\u00fchrern und Natur- und Wanderf\u00fchrern fallen.<\/p>\n\n\t\t<\/div>\n\t\t\t\t\t<\/div>\n\n\t\n\n\t<div id=\"col-1149543850\" class=\"col medium-6 small-12 large-3\"  >\n\t\t\t\t<div class=\"col-inner\"  >\n\t\t\t\n\t\t\t\n\n<a href=\"https:\/\/www.regione.liguria.it\/homepage-opendata\/item\/6880-guide-ambientali-ed-escursionistiche.html\" target=\"_blank\" class=\"button primary is-outline\" rel=\"noopener\" >\n\t\t<span>Natur- und Wanderf\u00fchrer der Region Ligurien<\/span>\n\t<\/a>\n\n\n<p>Dieses sind spezialisierte F\u00fchrer, die Einzelpersonen oder Gruppen bei der Besichtigung von Naturlandschaften und den dazugeh\u00f6rigen Museen begleiten und auch die Merkmale und die Entwicklung der ligurischen \u00d6kosysteme und insbesondere der regionalen Schutzgebiete erkl\u00e4ren, ohne dabei die Kompetenzen der Fremdenf\u00fchrer f\u00fcr Landschaft und Natursch\u00f6nheiten und die der Bergf\u00fchrer zu mindern. <\/p>\n\n\t\t<\/div>\n\t\t\t\t\t<\/div>\n\n\t\n\n\t<div id=\"col-1824235470\" class=\"col medium-6 small-12 large-3\"  >\n\t\t\t\t<div class=\"col-inner\"  >\n\t\t\t\n\t\t\t\n\n<a href=\"https:\/\/www.regione.liguria.it\/homepage-turismo\/come-fare-per\/professioni-turistiche\/guida-alpina.html\" target=\"_blank\" class=\"button primary is-outline\" rel=\"noopener\" >\n\t\t<span>Bergf\u00fchrer der Region Ligurien<\/span>\n\t<\/a>\n\n\n<p>Sie begleiten Teilnehmer bei Fels- und Eisbesteigungen oder Bergwanderungen, begleiten Teilnehmer bei Skibergsteigen oder Skiausfl\u00fcgen, unterrichten Bergsteiger- und Skibergsteigertechniken (au\u00dfer Abfahrts- und Langlauftechniken). <\/p>\n\n\t\t<\/div>\n\t\t\t\t\t<\/div>\n\n\t\n\n<\/div>\n\t<div id=\"gap-1889084382\" class=\"gap-element clearfix\" style=\"display:block; height:auto;\">\n\t\t\n<style>\n#gap-1889084382 {\n  padding-top: 50px;\n}\n<\/style>\n\t<\/div>\n\t\n\n\n\t\t<\/div>\n\t\t\t\t\n<style>\n#col-447254955 > .col-inner {\n  margin: 0px 0px 0px 0px;\n}\n@media (min-width:550px) {\n  #col-447254955 > .col-inner {\n    margin: -30px 0px 0px 0px;\n  }\n}\n<\/style>\n\t<\/div>\n\n\t\n\n\t<div id=\"col-1144319752\" class=\"col hide-for-small medium-1 small-12 large-1\"  >\n\t\t\t\t<div class=\"col-inner text-left\"  >\n\t\t\t\n\t\t\t\n\n\n\t\t<\/div>\n\t\t\t\t\n<style>\n#col-1144319752 > .col-inner {\n  margin: 0px 0px 0px 0px;\n}\n<\/style>\n\t<\/div>\n\n\t\n\n<\/div>\n<div class=\"row\"  id=\"row-1101879775\">\n\n\n\t<div id=\"col-58243752\" class=\"col hide-for-small medium-1 small-12 large-1\"  >\n\t\t\t\t<div class=\"col-inner\"  >\n\t\t\t\n\t\t\t\n\n\n\t\t<\/div>\n\t\t\t\t\t<\/div>\n\n\t\n\n\t<div id=\"col-1253091936\" class=\"col medium-10 small-12 large-10\"  >\n\t\t\t\t<div class=\"col-inner\"  >\n\t\t\t\n\t\t\t\n\n\n\n<p><!\u2013\u2013Implementazione TOSC5 inizio\u2013\u2013><\/p>\n<div id=\"tosc5container\" style=\"min-height:250px\"><\/div>\n<p><script>window.dw = window.dw ||    function () { (dw.q = dw.q || []).push(arguments) }; dw('settings','13385063-fd05-4954-8c3c-a9120783c0ae', {\"context\": {\"urlOptionalParams\": \"limINFOSYSTEMTOPICS=974b946e-1d65-4f85-8dc8-a854ff6cdb68,dcea5ce9-45cd-455a-b6e9-55c493b181bc,44792ec1-10c0-4ca2-83db-df6958404316,f4f37582-d1f5-4be3-9c9d-5c37daa4b24a,9875a34f-6c08-4e84-96f4-207c015616be,c7a290b6-bcf0-4213-8ae6-5109b09a57ab,778697c2-25c1-46d3-a932-3b20cf8b67ef,24843507-c538-4325-87a9-6624ba06959e,247442bc-f199-44c2-a2fc-798f21acbe4e,8046255c-b346-4b14-97d5-ae2671a34729,72257ac4-1846-4e54-9968-2339eea476c8,1684def9-babc-4aa5-aa12-b7d9a40db520,6581ac86-2cfb-4c02-99b9-dceb9a253246,d58c40b4-8fda-4fd6-bb8e-a03d43002cbb,ff89dc7e-48f6-453e-88d4-7d40f0b7fb1c,3c291b84-9ad7-4175-aae2-658a5d285b68,42a2d9d6-158d-4f51-8cca-a9b889979173,974b946e-1d65-4f85-8dc8-a854ff6cdb68\",\"targetRoute\":[\"\/punti-di-interesse\", \"\/infrastrukturen\", \"\/points-of-interest\"]},\"baseHref\": \"\/de\/erlebnisorientierte-veranstalter\/\",\"profileOverrides\": [\"infrastructures.list.filter.location.visible=false\"],\"lang\": 'de',\"allowScrollOnApplicationStart\" : false,\"target\": \"tosc5container\",\"loadingAnimationColor\": {\"main\": '#bba193',\"alt\": '#00ADBB'}});dw('onPageChange', '13385063-fd05-4954-8c3c-a9120783c0ae', () => { console.log('page changed event');});<\/script><script async src=\"https:\/\/resc.deskline.net\/DW5\/start\/FINALIGURE\/13385063-fd05-4954-8c3c-a9120783c0ae\/index.js\"><\/script><br \/>\n<!\u2013\u2013Implementazione TOSC5 fine\u2013\u2013><\/p>\n\n\n\t\t<\/div>\n\t\t\t\t\n<style>\n#col-1253091936 > .col-inner {\n  margin: 0px 0px -300px 0px;\n}\n<\/style>\n\t<\/div>\n\n\t\n\n\t<div id=\"col-76305718\" class=\"col hide-for-small medium-1 small-12 large-1\"  >\n\t\t\t\t<div class=\"col-inner\"  >\n\t\t\t\n\t\t\t\n\n\n\t\t<\/div>\n\t\t\t\t\t<\/div>\n\n\t\n\n\n<style>\n#row-1101879775 > .col > .col-inner {\n  padding: 0px 0px 250px 0px;\n}\n<\/style>\n<\/div>\n\n\t\t<\/div>\n\n\t\t\n<style>\n#section_1533416697 {\n  padding-top: 0px;\n  padding-bottom: 0px;\n}\n<\/style>\n\t<\/section>\n\t\n\n","protected":false},"excerpt":{"rendered":"","protected":false},"author":2,"featured_media":0,"parent":0,"menu_order":0,"comment_status":"closed","ping_status":"closed","template":"page-blank.php","meta":{"footnotes":""},"class_list":["post-7934","page","type-page","status-publish","hentry"],"yoast_head":"<!-- This site is optimized with the Yoast SEO plugin v27.3 - https:\/\/yoast.com\/product\/yoast-seo-wordpress\/ -->\n<title>Erlebnisorientierte Veranstalter - Visit Finale Ligure<\/title>\n<meta name=\"description\" content=\"Mit lokalen Guides entdecken Sie die versteckten Ecken von Finale Ligure \u2013 authentische Touren abseits der bekannten Pfade.\" \/>\n<meta name=\"robots\" content=\"index, follow, max-snippet:-1, max-image-preview:large, max-video-preview:-1\" \/>\n<link rel=\"canonical\" href=\"https:\/\/visitfinaleligure.it\/de\/erlebnisorientierte-veranstalter\/\" \/>\n<meta property=\"og:locale\" content=\"de_DE\" \/>\n<meta property=\"og:type\" content=\"article\" \/>\n<meta property=\"og:title\" content=\"Erlebnisorientierte Veranstalter - Visit Finale Ligure\" \/>\n<meta property=\"og:description\" content=\"Mit lokalen Guides entdecken Sie die versteckten Ecken von Finale Ligure \u2013 authentische Touren abseits der bekannten Pfade.\" \/>\n<meta property=\"og:url\" content=\"https:\/\/visitfinaleligure.it\/de\/erlebnisorientierte-veranstalter\/\" \/>\n<meta property=\"og:site_name\" content=\"Visit Finale Ligure\" \/>\n<meta property=\"article:publisher\" content=\"https:\/\/www.facebook.com\/VisitFinaleLigure\" \/>\n<meta property=\"article:modified_time\" content=\"2026-03-02T18:30:17+00:00\" \/>\n<meta property=\"og:image\" content=\"https:\/\/visitfinaleligure.it\/wp-content\/uploads\/2023\/03\/Capo-caprazoppa-1-1.jpg\" \/>\n\t<meta property=\"og:image:width\" content=\"2500\" \/>\n\t<meta property=\"og:image:height\" content=\"1405\" \/>\n\t<meta property=\"og:image:type\" content=\"image\/jpeg\" \/>\n<meta name=\"twitter:card\" content=\"summary_large_image\" \/>\n<meta name=\"twitter:label1\" content=\"Gesch\u00e4tzte Lesezeit\" \/>\n\t<meta name=\"twitter:data1\" content=\"3\u00a0Minuten\" \/>\n<script type=\"application\/ld+json\" class=\"yoast-schema-graph\">{\"@context\":\"https:\\\/\\\/schema.org\",\"@graph\":[{\"@type\":\"WebPage\",\"@id\":\"https:\\\/\\\/visitfinaleligure.it\\\/de\\\/erlebnisorientierte-veranstalter\\\/\",\"url\":\"https:\\\/\\\/visitfinaleligure.it\\\/de\\\/erlebnisorientierte-veranstalter\\\/\",\"name\":\"Erlebnisorientierte Veranstalter - Visit Finale Ligure\",\"isPartOf\":{\"@id\":\"https:\\\/\\\/visitfinaleligure.it\\\/de\\\/#website\"},\"datePublished\":\"2023-01-11T10:26:08+00:00\",\"dateModified\":\"2026-03-02T18:30:17+00:00\",\"description\":\"Mit lokalen Guides entdecken Sie die versteckten Ecken von Finale Ligure \u2013 authentische Touren abseits der bekannten Pfade.\",\"breadcrumb\":{\"@id\":\"https:\\\/\\\/visitfinaleligure.it\\\/de\\\/erlebnisorientierte-veranstalter\\\/#breadcrumb\"},\"inLanguage\":\"de\",\"potentialAction\":[{\"@type\":\"ReadAction\",\"target\":[\"https:\\\/\\\/visitfinaleligure.it\\\/de\\\/erlebnisorientierte-veranstalter\\\/\"]}]},{\"@type\":\"BreadcrumbList\",\"@id\":\"https:\\\/\\\/visitfinaleligure.it\\\/de\\\/erlebnisorientierte-veranstalter\\\/#breadcrumb\",\"itemListElement\":[{\"@type\":\"ListItem\",\"position\":1,\"name\":\"Home\",\"item\":\"https:\\\/\\\/visitfinaleligure.it\\\/de\\\/\"},{\"@type\":\"ListItem\",\"position\":2,\"name\":\"Erlebnisorientierte Veranstalter\"}]},{\"@type\":\"WebSite\",\"@id\":\"https:\\\/\\\/visitfinaleligure.it\\\/de\\\/#website\",\"url\":\"https:\\\/\\\/visitfinaleligure.it\\\/de\\\/\",\"name\":\"Visit Finale Ligure\",\"description\":\"My perfect place\",\"publisher\":{\"@id\":\"https:\\\/\\\/visitfinaleligure.it\\\/de\\\/#organization\"},\"potentialAction\":[{\"@type\":\"SearchAction\",\"target\":{\"@type\":\"EntryPoint\",\"urlTemplate\":\"https:\\\/\\\/visitfinaleligure.it\\\/de\\\/?s={search_term_string}\"},\"query-input\":{\"@type\":\"PropertyValueSpecification\",\"valueRequired\":true,\"valueName\":\"search_term_string\"}}],\"inLanguage\":\"de\"},{\"@type\":\"Organization\",\"@id\":\"https:\\\/\\\/visitfinaleligure.it\\\/de\\\/#organization\",\"name\":\"Comune di Finale Ligure\",\"url\":\"https:\\\/\\\/visitfinaleligure.it\\\/de\\\/\",\"logo\":{\"@type\":\"ImageObject\",\"inLanguage\":\"de\",\"@id\":\"https:\\\/\\\/visitfinaleligure.it\\\/de\\\/#\\\/schema\\\/logo\\\/image\\\/\",\"url\":\"https:\\\/\\\/visitfinaleligure.it\\\/wp-content\\\/uploads\\\/2023\\\/04\\\/cropped-finaleligure-verticale-positivo-200x200-1.png\",\"contentUrl\":\"https:\\\/\\\/visitfinaleligure.it\\\/wp-content\\\/uploads\\\/2023\\\/04\\\/cropped-finaleligure-verticale-positivo-200x200-1.png\",\"width\":512,\"height\":512,\"caption\":\"Comune di Finale Ligure\"},\"image\":{\"@id\":\"https:\\\/\\\/visitfinaleligure.it\\\/de\\\/#\\\/schema\\\/logo\\\/image\\\/\"},\"sameAs\":[\"https:\\\/\\\/www.facebook.com\\\/VisitFinaleLigure\",\"https:\\\/\\\/www.instagram.com\\\/visitfinale\\\/\",\"https:\\\/\\\/www.youtube.com\\\/channel\\\/UCLmoLfNmrAt9mSCll9egttw\"]}]}<\/script>\n<!-- \/ Yoast SEO plugin. -->","yoast_head_json":{"title":"Erlebnisorientierte Veranstalter - Visit Finale Ligure","description":"Mit lokalen Guides entdecken Sie die versteckten Ecken von Finale Ligure \u2013 authentische Touren abseits der bekannten Pfade.","robots":{"index":"index","follow":"follow","max-snippet":"max-snippet:-1","max-image-preview":"max-image-preview:large","max-video-preview":"max-video-preview:-1"},"canonical":"https:\/\/visitfinaleligure.it\/de\/erlebnisorientierte-veranstalter\/","og_locale":"de_DE","og_type":"article","og_title":"Erlebnisorientierte Veranstalter - Visit Finale Ligure","og_description":"Mit lokalen Guides entdecken Sie die versteckten Ecken von Finale Ligure \u2013 authentische Touren abseits der bekannten Pfade.","og_url":"https:\/\/visitfinaleligure.it\/de\/erlebnisorientierte-veranstalter\/","og_site_name":"Visit Finale Ligure","article_publisher":"https:\/\/www.facebook.com\/VisitFinaleLigure","article_modified_time":"2026-03-02T18:30:17+00:00","og_image":[{"width":2500,"height":1405,"url":"https:\/\/visitfinaleligure.it\/wp-content\/uploads\/2023\/03\/Capo-caprazoppa-1-1.jpg","type":"image\/jpeg"}],"twitter_card":"summary_large_image","twitter_misc":{"Gesch\u00e4tzte Lesezeit":"3\u00a0Minuten"},"schema":{"@context":"https:\/\/schema.org","@graph":[{"@type":"WebPage","@id":"https:\/\/visitfinaleligure.it\/de\/erlebnisorientierte-veranstalter\/","url":"https:\/\/visitfinaleligure.it\/de\/erlebnisorientierte-veranstalter\/","name":"Erlebnisorientierte Veranstalter - Visit Finale Ligure","isPartOf":{"@id":"https:\/\/visitfinaleligure.it\/de\/#website"},"datePublished":"2023-01-11T10:26:08+00:00","dateModified":"2026-03-02T18:30:17+00:00","description":"Mit lokalen Guides entdecken Sie die versteckten Ecken von Finale Ligure \u2013 authentische Touren abseits der bekannten Pfade.","breadcrumb":{"@id":"https:\/\/visitfinaleligure.it\/de\/erlebnisorientierte-veranstalter\/#breadcrumb"},"inLanguage":"de","potentialAction":[{"@type":"ReadAction","target":["https:\/\/visitfinaleligure.it\/de\/erlebnisorientierte-veranstalter\/"]}]},{"@type":"BreadcrumbList","@id":"https:\/\/visitfinaleligure.it\/de\/erlebnisorientierte-veranstalter\/#breadcrumb","itemListElement":[{"@type":"ListItem","position":1,"name":"Home","item":"https:\/\/visitfinaleligure.it\/de\/"},{"@type":"ListItem","position":2,"name":"Erlebnisorientierte Veranstalter"}]},{"@type":"WebSite","@id":"https:\/\/visitfinaleligure.it\/de\/#website","url":"https:\/\/visitfinaleligure.it\/de\/","name":"Visit Finale Ligure","description":"My perfect place","publisher":{"@id":"https:\/\/visitfinaleligure.it\/de\/#organization"},"potentialAction":[{"@type":"SearchAction","target":{"@type":"EntryPoint","urlTemplate":"https:\/\/visitfinaleligure.it\/de\/?s={search_term_string}"},"query-input":{"@type":"PropertyValueSpecification","valueRequired":true,"valueName":"search_term_string"}}],"inLanguage":"de"},{"@type":"Organization","@id":"https:\/\/visitfinaleligure.it\/de\/#organization","name":"Comune di Finale Ligure","url":"https:\/\/visitfinaleligure.it\/de\/","logo":{"@type":"ImageObject","inLanguage":"de","@id":"https:\/\/visitfinaleligure.it\/de\/#\/schema\/logo\/image\/","url":"https:\/\/visitfinaleligure.it\/wp-content\/uploads\/2023\/04\/cropped-finaleligure-verticale-positivo-200x200-1.png","contentUrl":"https:\/\/visitfinaleligure.it\/wp-content\/uploads\/2023\/04\/cropped-finaleligure-verticale-positivo-200x200-1.png","width":512,"height":512,"caption":"Comune di Finale Ligure"},"image":{"@id":"https:\/\/visitfinaleligure.it\/de\/#\/schema\/logo\/image\/"},"sameAs":["https:\/\/www.facebook.com\/VisitFinaleLigure","https:\/\/www.instagram.com\/visitfinale\/","https:\/\/www.youtube.com\/channel\/UCLmoLfNmrAt9mSCll9egttw"]}]}},"_links":{"self":[{"href":"https:\/\/visitfinaleligure.it\/de\/wp-json\/wp\/v2\/pages\/7934","targetHints":{"allow":["GET"]}}],"collection":[{"href":"https:\/\/visitfinaleligure.it\/de\/wp-json\/wp\/v2\/pages"}],"about":[{"href":"https:\/\/visitfinaleligure.it\/de\/wp-json\/wp\/v2\/types\/page"}],"author":[{"embeddable":true,"href":"https:\/\/visitfinaleligure.it\/de\/wp-json\/wp\/v2\/users\/2"}],"replies":[{"embeddable":true,"href":"https:\/\/visitfinaleligure.it\/de\/wp-json\/wp\/v2\/comments?post=7934"}],"version-history":[{"count":8,"href":"https:\/\/visitfinaleligure.it\/de\/wp-json\/wp\/v2\/pages\/7934\/revisions"}],"predecessor-version":[{"id":17825,"href":"https:\/\/visitfinaleligure.it\/de\/wp-json\/wp\/v2\/pages\/7934\/revisions\/17825"}],"wp:attachment":[{"href":"https:\/\/visitfinaleligure.it\/de\/wp-json\/wp\/v2\/media?parent=7934"}],"curies":[{"name":"wp","href":"https:\/\/api.w.org\/{rel}","templated":true}]}}