{"id":7938,"date":"2023-01-11T12:05:50","date_gmt":"2023-01-11T11:05:50","guid":{"rendered":"https:\/\/visitfinaleligure.it\/tourist-card\/"},"modified":"2025-08-08T09:13:59","modified_gmt":"2025-08-08T07:13:59","slug":"tourist-card","status":"publish","type":"page","link":"https:\/\/visitfinaleligure.it\/de\/tourist-card\/","title":{"rendered":"Tourist Card"},"content":{"rendered":"\n\n\t<section class=\"section\" id=\"section_1677124061\">\n\t\t<div class=\"section-bg fill\" >\n\t\t\t\t\t\t\t\t\t\n\t\t\t\n\n\t\t<\/div>\n\n\t\t\n\n\t\t<div class=\"section-content relative\">\n\t\t\t\n\n\t<div class=\"img has-hover x md-x lg-x y md-y lg-y\" id=\"image_362794101\">\n\t\t\t\t\t\t\t\t<div class=\"img-inner image-cover dark\" style=\"padding-top:75%;\">\n\t\t\t<img loading=\"lazy\" decoding=\"async\" width=\"1170\" height=\"550\" src=\"https:\/\/visitfinaleligure.it\/wp-content\/uploads\/2025\/06\/DSC_5997-1170x550-1.png\" class=\"attachment-original size-original\" alt=\"BUS TPL\" srcset=\"https:\/\/visitfinaleligure.it\/wp-content\/uploads\/2025\/06\/DSC_5997-1170x550-1.png 1170w, https:\/\/visitfinaleligure.it\/wp-content\/uploads\/2025\/06\/DSC_5997-1170x550-1-300x141.png 300w, https:\/\/visitfinaleligure.it\/wp-content\/uploads\/2025\/06\/DSC_5997-1170x550-1-1024x481.png 1024w, https:\/\/visitfinaleligure.it\/wp-content\/uploads\/2025\/06\/DSC_5997-1170x550-1-768x361.png 768w\" sizes=\"auto, (max-width: 1170px) 100vw, 1170px\" \/>\t\t\t\t\t\t\n\t\t\t\t\t<\/div>\n\t\t\t\t\t\t\t\t\n<style>\n#image_362794101 {\n  width: 100%;\n}\n<\/style>\n\t<\/div>\n\t\n\n\n\t\t<\/div>\n\n\t\t\n<style>\n#section_1677124061 {\n  padding-top: 30px;\n  padding-bottom: 30px;\n}\n<\/style>\n\t<\/section>\n\t\n\n\t<section class=\"section\" id=\"section_1191337313\">\n\t\t<div class=\"section-bg fill\" >\n\t\t\t\t\t\t\t\t\t\n\t\t\t\n\n\t\t<\/div>\n\n\t\t\n\n\t\t<div class=\"section-content relative\">\n\t\t\t\n\n<div class=\"row align-middle\"  id=\"row-287363943\">\n\n\n\t<div id=\"col-998761413\" class=\"col hide-for-small medium-1 small-12 large-1\"  >\n\t\t\t\t<div class=\"col-inner\"  >\n\t\t\t\n\t\t\t\n\n\n\t\t<\/div>\n\t\t\t\t\t<\/div>\n\n\t\n\n\t<div id=\"col-1964820279\" class=\"col medium-10 small-12 large-10\"  >\n\t\t\t\t<div class=\"col-inner text-left\"  >\n\t\t\t\n\t\t\t\n\n\t<div id=\"text-766131941\" class=\"text testi-titolo-laterale\">\n\t\t\n\n<p style=\"font-family: 'Rubik'; font-size: 14px; font-weight: 500; color: rgba(39,39,39,0.4);\">TOURIST CARD 2025<\/p>\n\t\t\n<style>\n#text-766131941 {\n  font-size: 1.5rem;\n  color: rgb(204, 208, 212);\n}\n#text-766131941 > * {\n  color: rgb(204, 208, 212);\n}\n<\/style>\n\t<\/div>\n\t\n\n\t\t<\/div>\n\t\t\t\t\n<style>\n#col-1964820279 > .col-inner {\n  margin: 0px 0px 0px 0px;\n}\n@media (min-width:550px) {\n  #col-1964820279 > .col-inner {\n    margin: 0px 0px 0px 0px;\n  }\n}\n<\/style>\n\t<\/div>\n\n\t\n\n\t<div id=\"col-445787272\" class=\"col hide-for-small medium-1 small-12 large-1\"  >\n\t\t\t\t<div class=\"col-inner\"  >\n\t\t\t\n\t\t\t\n\n\n\t\t<\/div>\n\t\t\t\t\t<\/div>\n\n\t\n\n\n<style>\n#row-287363943 > .col > .col-inner {\n  padding: 0px 0px 0px 0px;\n}\n@media (min-width:550px) {\n  #row-287363943 > .col > .col-inner {\n    padding: 0px 0px 0px 0px;\n  }\n}\n<\/style>\n<\/div>\n<div class=\"row\"  id=\"row-1662756062\">\n\n\n\t<div id=\"col-1343969667\" class=\"col hide-for-small medium-1 small-12 large-1\"  >\n\t\t\t\t<div class=\"col-inner text-left\"  >\n\t\t\t\n\t\t\t\n\n\n\t\t<\/div>\n\t\t\t\t\n<style>\n#col-1343969667 > .col-inner {\n  margin: 0px 0px 0px 0px;\n}\n<\/style>\n\t<\/div>\n\n\t\n\n\t<div id=\"col-1712032137\" class=\"col medium-7 small-12 large-7\"  >\n\t\t\t\t<div class=\"col-inner text-left\"  >\n\t\t\t\n\t\t\t\n\n\t<div id=\"text-3134415923\" class=\"text testi-titolo\">\n\t\t\n\n<h1 class=\"testi-titolo\">Die Riviera von Savona entdecken: Erm\u00e4\u00dfigungen und Verg\u00fcnstigungen mit der Tourist Card<\/h1>\n\t\t\n<style>\n#text-3134415923 {\n  line-height: 1;\n  color: rgb(0, 0, 0);\n}\n#text-3134415923 > * {\n  color: rgb(0, 0, 0);\n}\n<\/style>\n\t<\/div>\n\t\n\t<div id=\"text-297130383\" class=\"text testi-body\">\n\t\t\n\n<p><b>F\u00fcr G\u00e4ste, die in einem Ort in der Provinz Savona \u00fcbernachten, steht die neue Tourist Card Bus 2025<\/b> zur Verf\u00fcgung: ein unverzichtbares Hilfsmittel, um die 10.000 M\u00f6glichkeiten zu entdecken, die unsere wundersch\u00f6ne Region zu bieten hat.<\/p>\n<p>Die Karte ist digital und kann in den Beherbergungsbetrieben, in denen Sie \u00fcbernachten, aktiviert werden. Die folgenden Gemeinden nehmen an der Initiative teil: Varazze, Celle, Albisola Superiore, Albissola Marina, Savona, Bergeggi, Spotorno, Noli, Finale Ligure, Borgio Verezzi, Pietra Ligure, Tovo San Giacomo, Borghetto Santo Spirito, Toirano, Loano, Albenga, Alassio und Laigueglia.<\/p>\n<p>Sie k\u00f6nnen die Busse der TPL Linea den ganzen Tag \u00fcber (maximal sieben Tage lang) nutzen und sich in den verschiedenen Orten der Provinz Savona, von der K\u00fcste bis ins Hinterland, fortbewegen.<\/p>\n<p><strong>Merkmale der Tourist Card Bus:<\/strong><\/p>\n<ul>\n<li>ab dem 1. Juli 2025 <b>ist die Karte digital<\/b><\/li>\n<li><b>Sie wird<\/b> bei der Ankunft in der <b>Unterkunft<\/b>, in der Sie \u00fcbernachten, gem\u00e4\u00df den Anweisungen von <a href=\"https:\/\/welcome.tpllinea.it\/tourist-card\/\">TPL Linea<\/a> aktiviert<\/li>\n<li><b>Die Tourist Card ist pers\u00f6nlich<\/b>, kann aber als <b>Family Card<\/b> verwendet werden, mit der die ganze Familie (max. 4 Personen) gemeinsam reisen kann.<\/li>\n<\/ul>\n<p><b>Support und Hilfe:<\/b><\/p>\n<ul>\n<li>F\u00fcr weitere Informationen wenden Sie sich bitte an Ihre Unterkunft<\/li>\n<li>oder rufen Sie die geb\u00fchrenfreie Nummer 800 &#8211; 808 &#8211; 288 an (t\u00e4glich von 9:00 bis 21:00 Uhr).<\/li>\n<li>Besuchen Sie die <a href=\"https:\/\/welcome.tpllinea.it\/tourist-card\/\">Website von TPL LINEA<\/a><\/li>\n<\/ul>\n<p>Nutzen Sie diese fantastische Gelegenheit, um jeden Tag eine andere Seite der #LigurianRiviera zu erleben und die einzigartige Sch\u00f6nheit von Finale Ligure und seiner Umgebung zu entdecken. Verpassen Sie nicht die Gelegenheit, unsere herrliche Region bequem und praktisch zu erkunden!<\/p>\n\t\t\t<\/div>\n\t\n<div class=\"is-divider divider clearfix\" style=\"background-color:rgba(54, 46, 46, 0);\"><\/div>\n\n\n\t\t<\/div>\n\t\t\t\t\n<style>\n#col-1712032137 > .col-inner {\n  margin: 0px 0px 0px 0px;\n}\n@media (min-width:550px) {\n  #col-1712032137 > .col-inner {\n    margin: -30px 0px 0px 0px;\n  }\n}\n<\/style>\n\t<\/div>\n\n\t\n\n\t<div id=\"col-1127708623\" class=\"col hide-for-small medium-3 small-12 large-3\"  >\n\t\t\t\t<div class=\"col-inner text-center\" style=\"background-color:rgb(241, 241, 241);\" >\n\t\t\t\n\t\t\t\n\n\t<div class=\"img has-hover x md-x lg-x y md-y lg-y\" id=\"image_1832568899\">\n\t\t\t\t\t\t\t\t<div class=\"img-inner dark\" >\n\t\t\t<img loading=\"lazy\" decoding=\"async\" width=\"450\" height=\"450\" src=\"https:\/\/visitfinaleligure.it\/wp-content\/uploads\/2023\/01\/PulsanteTouristCard_512x512-450x450-1.png\" class=\"attachment-original size-original\" alt=\"\" srcset=\"https:\/\/visitfinaleligure.it\/wp-content\/uploads\/2023\/01\/PulsanteTouristCard_512x512-450x450-1.png 450w, https:\/\/visitfinaleligure.it\/wp-content\/uploads\/2023\/01\/PulsanteTouristCard_512x512-450x450-1-300x300.png 300w, https:\/\/visitfinaleligure.it\/wp-content\/uploads\/2023\/01\/PulsanteTouristCard_512x512-450x450-1-150x150.png 150w\" sizes=\"auto, (max-width: 450px) 100vw, 450px\" \/>\t\t\t\t\t\t\n\t\t\t\t\t<\/div>\n\t\t\t\t\t\t\t\t\n<style>\n#image_1832568899 {\n  width: 60%;\n}\n<\/style>\n\t<\/div>\n\t\n\n\t<div id=\"text-3809319092\" class=\"text\">\n\t\t\n\n<div class=\"wtbx_vc_text_element wtbx_vc_text_element-16514304 wtbx_display_block\">\n            \n\n            <div class=\"wtbx_vc_el_container wtbx_vc_text_element_container\">\n              \n\n              <div class=\"wtbx_text_element_content\">\n                \n\n                <div class=\"wtbx_text_element_inner\">\n                  \n\n                  <p>\n                    <strong>Info Service Tourist Card<\/strong>\n                  <\/p>\n                  \n\n                  <p>\n                    <a href=\"https:\/\/www.visitligurianriviera.it\/prepara-la-vacanza\/tourist-card\/\" target=\"_blank\" rel=\"noopener\">Ligurian Riviera<\/a>\n                  <\/p>\n                  \n\n                  <p>\n                    <a href=\"https:\/\/www.tpllinea.it\/index.php\/servizi\/tourist-card\/\" target=\"_blank\" rel=\"noopener\"><a href=\"https:\/\/www.tpllinea.it\/index.php\/servizi\/tourist-card\/\">TPL Linea<\/a><\/a>\n                  <\/p>\n                  \n\n                <\/div>\n                \n\n              <\/div>\n              \n\n            <\/div>\n            \n\n          <\/div>\n\t\t\n<style>\n#text-3809319092 {\n  text-align: center;\n}\n<\/style>\n\t<\/div>\n\t\n\n\t\t<\/div>\n\t\t\t\t\n<style>\n#col-1127708623 > .col-inner {\n  margin: 0px 0px 0px 0px;\n}\n@media (min-width:550px) {\n  #col-1127708623 > .col-inner {\n    margin: 0px 0px 0px 0px;\n  }\n}\n<\/style>\n\t<\/div>\n\n\t\n\n\t<div id=\"col-308130165\" class=\"col hide-for-small medium-1 small-12 large-1\"  >\n\t\t\t\t<div class=\"col-inner text-left\"  >\n\t\t\t\n\t\t\t\n\n\n\t\t<\/div>\n\t\t\t\t\n<style>\n#col-308130165 > .col-inner {\n  margin: 0px 0px 0px 0px;\n}\n<\/style>\n\t<\/div>\n\n\t\n\n<\/div>\n\n\t\t<\/div>\n\n\t\t\n<style>\n#section_1191337313 {\n  padding-top: 0px;\n  padding-bottom: 0px;\n}\n<\/style>\n\t<\/section>\n\t\n\t<div id=\"gap-2021662580\" class=\"gap-element clearfix\" style=\"display:block; height:auto;\">\n\t\t\n<style>\n#gap-2021662580 {\n  padding-top: 30px;\n}\n<\/style>\n\t<\/div>\n\t\n\n\n","protected":false},"excerpt":{"rendered":"","protected":false},"author":2,"featured_media":0,"parent":0,"menu_order":0,"comment_status":"closed","ping_status":"closed","template":"page-blank.php","meta":{"footnotes":""},"class_list":["post-7938","page","type-page","status-publish","hentry"],"yoast_head":"<!-- This site is optimized with the Yoast SEO plugin v27.3 - https:\/\/yoast.com\/product\/yoast-seo-wordpress\/ -->\n<title>Tourist Card - Visit Finale Ligure<\/title>\n<meta name=\"description\" content=\"Mit der Tourist Card Bus 2025 die Riviera von Savona bequem entdecken: unbegrenzt reisen und Vorteile f\u00fcr G\u00e4ste genie\u00dfen.\" \/>\n<meta name=\"robots\" content=\"index, follow, max-snippet:-1, max-image-preview:large, max-video-preview:-1\" \/>\n<link rel=\"canonical\" href=\"https:\/\/visitfinaleligure.it\/de\/tourist-card\/\" \/>\n<meta property=\"og:locale\" content=\"de_DE\" \/>\n<meta property=\"og:type\" content=\"article\" \/>\n<meta property=\"og:title\" content=\"Tourist Card - Visit Finale Ligure\" \/>\n<meta property=\"og:description\" content=\"Mit der Tourist Card Bus 2025 die Riviera von Savona bequem entdecken: unbegrenzt reisen und Vorteile f\u00fcr G\u00e4ste genie\u00dfen.\" \/>\n<meta property=\"og:url\" content=\"https:\/\/visitfinaleligure.it\/de\/tourist-card\/\" \/>\n<meta property=\"og:site_name\" content=\"Visit Finale Ligure\" \/>\n<meta property=\"article:publisher\" content=\"https:\/\/www.facebook.com\/VisitFinaleLigure\" \/>\n<meta property=\"article:modified_time\" content=\"2025-08-08T07:13:59+00:00\" \/>\n<meta property=\"og:image\" content=\"https:\/\/visitfinaleligure.it\/wp-content\/uploads\/2023\/03\/Capo-caprazoppa-1-1.jpg\" \/>\n\t<meta property=\"og:image:width\" content=\"2500\" \/>\n\t<meta property=\"og:image:height\" content=\"1405\" \/>\n\t<meta property=\"og:image:type\" content=\"image\/jpeg\" \/>\n<meta name=\"twitter:card\" content=\"summary_large_image\" \/>\n<meta name=\"twitter:label1\" content=\"Gesch\u00e4tzte Lesezeit\" \/>\n\t<meta name=\"twitter:data1\" content=\"3\u00a0Minuten\" \/>\n<script type=\"application\/ld+json\" class=\"yoast-schema-graph\">{\"@context\":\"https:\\\/\\\/schema.org\",\"@graph\":[{\"@type\":\"WebPage\",\"@id\":\"https:\\\/\\\/visitfinaleligure.it\\\/de\\\/tourist-card\\\/\",\"url\":\"https:\\\/\\\/visitfinaleligure.it\\\/de\\\/tourist-card\\\/\",\"name\":\"Tourist Card - Visit Finale Ligure\",\"isPartOf\":{\"@id\":\"https:\\\/\\\/visitfinaleligure.it\\\/de\\\/#website\"},\"datePublished\":\"2023-01-11T11:05:50+00:00\",\"dateModified\":\"2025-08-08T07:13:59+00:00\",\"description\":\"Mit der Tourist Card Bus 2025 die Riviera von Savona bequem entdecken: unbegrenzt reisen und Vorteile f\u00fcr G\u00e4ste genie\u00dfen.\",\"breadcrumb\":{\"@id\":\"https:\\\/\\\/visitfinaleligure.it\\\/de\\\/tourist-card\\\/#breadcrumb\"},\"inLanguage\":\"de\",\"potentialAction\":[{\"@type\":\"ReadAction\",\"target\":[\"https:\\\/\\\/visitfinaleligure.it\\\/de\\\/tourist-card\\\/\"]}]},{\"@type\":\"BreadcrumbList\",\"@id\":\"https:\\\/\\\/visitfinaleligure.it\\\/de\\\/tourist-card\\\/#breadcrumb\",\"itemListElement\":[{\"@type\":\"ListItem\",\"position\":1,\"name\":\"Home\",\"item\":\"https:\\\/\\\/visitfinaleligure.it\\\/de\\\/\"},{\"@type\":\"ListItem\",\"position\":2,\"name\":\"Tourist Card\"}]},{\"@type\":\"WebSite\",\"@id\":\"https:\\\/\\\/visitfinaleligure.it\\\/de\\\/#website\",\"url\":\"https:\\\/\\\/visitfinaleligure.it\\\/de\\\/\",\"name\":\"Visit Finale Ligure\",\"description\":\"My perfect place\",\"publisher\":{\"@id\":\"https:\\\/\\\/visitfinaleligure.it\\\/de\\\/#organization\"},\"potentialAction\":[{\"@type\":\"SearchAction\",\"target\":{\"@type\":\"EntryPoint\",\"urlTemplate\":\"https:\\\/\\\/visitfinaleligure.it\\\/de\\\/?s={search_term_string}\"},\"query-input\":{\"@type\":\"PropertyValueSpecification\",\"valueRequired\":true,\"valueName\":\"search_term_string\"}}],\"inLanguage\":\"de\"},{\"@type\":\"Organization\",\"@id\":\"https:\\\/\\\/visitfinaleligure.it\\\/de\\\/#organization\",\"name\":\"Comune di Finale Ligure\",\"url\":\"https:\\\/\\\/visitfinaleligure.it\\\/de\\\/\",\"logo\":{\"@type\":\"ImageObject\",\"inLanguage\":\"de\",\"@id\":\"https:\\\/\\\/visitfinaleligure.it\\\/de\\\/#\\\/schema\\\/logo\\\/image\\\/\",\"url\":\"https:\\\/\\\/visitfinaleligure.it\\\/wp-content\\\/uploads\\\/2023\\\/04\\\/cropped-finaleligure-verticale-positivo-200x200-1.png\",\"contentUrl\":\"https:\\\/\\\/visitfinaleligure.it\\\/wp-content\\\/uploads\\\/2023\\\/04\\\/cropped-finaleligure-verticale-positivo-200x200-1.png\",\"width\":512,\"height\":512,\"caption\":\"Comune di Finale Ligure\"},\"image\":{\"@id\":\"https:\\\/\\\/visitfinaleligure.it\\\/de\\\/#\\\/schema\\\/logo\\\/image\\\/\"},\"sameAs\":[\"https:\\\/\\\/www.facebook.com\\\/VisitFinaleLigure\",\"https:\\\/\\\/www.instagram.com\\\/visitfinale\\\/\",\"https:\\\/\\\/www.youtube.com\\\/channel\\\/UCLmoLfNmrAt9mSCll9egttw\"]}]}<\/script>\n<!-- \/ Yoast SEO plugin. -->","yoast_head_json":{"title":"Tourist Card - Visit Finale Ligure","description":"Mit der Tourist Card Bus 2025 die Riviera von Savona bequem entdecken: unbegrenzt reisen und Vorteile f\u00fcr G\u00e4ste genie\u00dfen.","robots":{"index":"index","follow":"follow","max-snippet":"max-snippet:-1","max-image-preview":"max-image-preview:large","max-video-preview":"max-video-preview:-1"},"canonical":"https:\/\/visitfinaleligure.it\/de\/tourist-card\/","og_locale":"de_DE","og_type":"article","og_title":"Tourist Card - Visit Finale Ligure","og_description":"Mit der Tourist Card Bus 2025 die Riviera von Savona bequem entdecken: unbegrenzt reisen und Vorteile f\u00fcr G\u00e4ste genie\u00dfen.","og_url":"https:\/\/visitfinaleligure.it\/de\/tourist-card\/","og_site_name":"Visit Finale Ligure","article_publisher":"https:\/\/www.facebook.com\/VisitFinaleLigure","article_modified_time":"2025-08-08T07:13:59+00:00","og_image":[{"width":2500,"height":1405,"url":"https:\/\/visitfinaleligure.it\/wp-content\/uploads\/2023\/03\/Capo-caprazoppa-1-1.jpg","type":"image\/jpeg"}],"twitter_card":"summary_large_image","twitter_misc":{"Gesch\u00e4tzte Lesezeit":"3\u00a0Minuten"},"schema":{"@context":"https:\/\/schema.org","@graph":[{"@type":"WebPage","@id":"https:\/\/visitfinaleligure.it\/de\/tourist-card\/","url":"https:\/\/visitfinaleligure.it\/de\/tourist-card\/","name":"Tourist Card - Visit Finale Ligure","isPartOf":{"@id":"https:\/\/visitfinaleligure.it\/de\/#website"},"datePublished":"2023-01-11T11:05:50+00:00","dateModified":"2025-08-08T07:13:59+00:00","description":"Mit der Tourist Card Bus 2025 die Riviera von Savona bequem entdecken: unbegrenzt reisen und Vorteile f\u00fcr G\u00e4ste genie\u00dfen.","breadcrumb":{"@id":"https:\/\/visitfinaleligure.it\/de\/tourist-card\/#breadcrumb"},"inLanguage":"de","potentialAction":[{"@type":"ReadAction","target":["https:\/\/visitfinaleligure.it\/de\/tourist-card\/"]}]},{"@type":"BreadcrumbList","@id":"https:\/\/visitfinaleligure.it\/de\/tourist-card\/#breadcrumb","itemListElement":[{"@type":"ListItem","position":1,"name":"Home","item":"https:\/\/visitfinaleligure.it\/de\/"},{"@type":"ListItem","position":2,"name":"Tourist Card"}]},{"@type":"WebSite","@id":"https:\/\/visitfinaleligure.it\/de\/#website","url":"https:\/\/visitfinaleligure.it\/de\/","name":"Visit Finale Ligure","description":"My perfect place","publisher":{"@id":"https:\/\/visitfinaleligure.it\/de\/#organization"},"potentialAction":[{"@type":"SearchAction","target":{"@type":"EntryPoint","urlTemplate":"https:\/\/visitfinaleligure.it\/de\/?s={search_term_string}"},"query-input":{"@type":"PropertyValueSpecification","valueRequired":true,"valueName":"search_term_string"}}],"inLanguage":"de"},{"@type":"Organization","@id":"https:\/\/visitfinaleligure.it\/de\/#organization","name":"Comune di Finale Ligure","url":"https:\/\/visitfinaleligure.it\/de\/","logo":{"@type":"ImageObject","inLanguage":"de","@id":"https:\/\/visitfinaleligure.it\/de\/#\/schema\/logo\/image\/","url":"https:\/\/visitfinaleligure.it\/wp-content\/uploads\/2023\/04\/cropped-finaleligure-verticale-positivo-200x200-1.png","contentUrl":"https:\/\/visitfinaleligure.it\/wp-content\/uploads\/2023\/04\/cropped-finaleligure-verticale-positivo-200x200-1.png","width":512,"height":512,"caption":"Comune di Finale Ligure"},"image":{"@id":"https:\/\/visitfinaleligure.it\/de\/#\/schema\/logo\/image\/"},"sameAs":["https:\/\/www.facebook.com\/VisitFinaleLigure","https:\/\/www.instagram.com\/visitfinale\/","https:\/\/www.youtube.com\/channel\/UCLmoLfNmrAt9mSCll9egttw"]}]}},"_links":{"self":[{"href":"https:\/\/visitfinaleligure.it\/de\/wp-json\/wp\/v2\/pages\/7938","targetHints":{"allow":["GET"]}}],"collection":[{"href":"https:\/\/visitfinaleligure.it\/de\/wp-json\/wp\/v2\/pages"}],"about":[{"href":"https:\/\/visitfinaleligure.it\/de\/wp-json\/wp\/v2\/types\/page"}],"author":[{"embeddable":true,"href":"https:\/\/visitfinaleligure.it\/de\/wp-json\/wp\/v2\/users\/2"}],"replies":[{"embeddable":true,"href":"https:\/\/visitfinaleligure.it\/de\/wp-json\/wp\/v2\/comments?post=7938"}],"version-history":[{"count":10,"href":"https:\/\/visitfinaleligure.it\/de\/wp-json\/wp\/v2\/pages\/7938\/revisions"}],"predecessor-version":[{"id":14124,"href":"https:\/\/visitfinaleligure.it\/de\/wp-json\/wp\/v2\/pages\/7938\/revisions\/14124"}],"wp:attachment":[{"href":"https:\/\/visitfinaleligure.it\/de\/wp-json\/wp\/v2\/media?parent=7938"}],"curies":[{"name":"wp","href":"https:\/\/api.w.org\/{rel}","templated":true}]}}