{"id":7946,"date":"2023-01-30T15:42:51","date_gmt":"2023-01-30T14:42:51","guid":{"rendered":"https:\/\/visitfinaleligure.it\/auf-entdeckungsreise-der-unterwasserwelt\/"},"modified":"2025-08-08T09:44:00","modified_gmt":"2025-08-08T07:44:00","slug":"auf-entdeckungsreise-der-unterwasserwelt","status":"publish","type":"page","link":"https:\/\/visitfinaleligure.it\/de\/was-kann-man-in-finale-ligure-machen\/auf-entdeckungsreise-der-unterwasserwelt\/","title":{"rendered":"Auf Entdeckungsreise der Unterwasserwelt"},"content":{"rendered":"\n\n\t<section class=\"section\" id=\"section_321464657\">\n\t\t<div class=\"section-bg fill\" >\n\t\t\t\t\t\t\t\t\t\n\t\t\t\n\n\t\t<\/div>\n\n\t\t\n\n\t\t<div class=\"section-content relative\">\n\t\t\t\n\n\t<div class=\"img has-hover x md-x lg-x y md-y lg-y\" id=\"image_1913663140\">\n\t\t\t\t\t\t\t\t<div class=\"img-inner image-cover dark\" style=\"padding-top:40%;\">\n\t\t\t<img loading=\"lazy\" decoding=\"async\" width=\"1925\" height=\"1280\" src=\"https:\/\/visitfinaleligure.it\/wp-content\/uploads\/2023\/04\/Esperienza-Mare_2-Comune-di-Finale-ph-Merlo-1.jpg\" class=\"attachment-original size-original\" alt=\"\" srcset=\"https:\/\/visitfinaleligure.it\/wp-content\/uploads\/2023\/04\/Esperienza-Mare_2-Comune-di-Finale-ph-Merlo-1.jpg 1925w, https:\/\/visitfinaleligure.it\/wp-content\/uploads\/2023\/04\/Esperienza-Mare_2-Comune-di-Finale-ph-Merlo-1-300x199.jpg 300w, https:\/\/visitfinaleligure.it\/wp-content\/uploads\/2023\/04\/Esperienza-Mare_2-Comune-di-Finale-ph-Merlo-1-1024x681.jpg 1024w, https:\/\/visitfinaleligure.it\/wp-content\/uploads\/2023\/04\/Esperienza-Mare_2-Comune-di-Finale-ph-Merlo-1-768x511.jpg 768w, https:\/\/visitfinaleligure.it\/wp-content\/uploads\/2023\/04\/Esperienza-Mare_2-Comune-di-Finale-ph-Merlo-1-1536x1021.jpg 1536w\" sizes=\"auto, (max-width: 1925px) 100vw, 1925px\" \/>\t\t\t\t\t\t\n\t\t\t\t\t<\/div>\n\t\t\t\t\t\t\t\t\n<style>\n#image_1913663140 {\n  width: 100%;\n}\n<\/style>\n\t<\/div>\n\t\n\n\n\t\t<\/div>\n\n\t\t\n<style>\n#section_321464657 {\n  padding-top: 30px;\n  padding-bottom: 30px;\n}\n<\/style>\n\t<\/section>\n\t\n\n\t<section class=\"section\" id=\"section_1552289643\">\n\t\t<div class=\"section-bg fill\" >\n\t\t\t\t\t\t\t\t\t\n\t\t\t\n\n\t\t<\/div>\n\n\t\t\n\n\t\t<div class=\"section-content relative\">\n\t\t\t\n\n<div class=\"row\"  id=\"row-282123216\">\n\n\n\t<div id=\"col-1958196432\" class=\"col hide-for-small medium-1 small-12 large-1\"  >\n\t\t\t\t<div class=\"col-inner text-left\"  >\n\t\t\t\n\t\t\t\n\n\n\t\t<\/div>\n\t\t\t\t\n<style>\n#col-1958196432 > .col-inner {\n  margin: 0px 0px 0px 0px;\n}\n<\/style>\n\t<\/div>\n\n\t\n\n\t<div id=\"col-980477728\" class=\"col medium-10 small-12 large-10\"  >\n\t\t\t\t<div class=\"col-inner text-left\"  >\n\t\t\t\n\t\t\t\n\n\t<div id=\"text-3888534605\" class=\"text testi-titolo\">\n\t\t\n\n<h1 class=\"testi-titolo\">Eintauchen in die Geschichte inmitten von Wundern der Vergangenheit und der Natur<\/h1>\n\t\t\n<style>\n#text-3888534605 {\n  font-size: 1rem;\n  color: rgb(0, 0, 0);\n}\n#text-3888534605 > * {\n  color: rgb(0, 0, 0);\n}\n@media (min-width:550px) {\n  #text-3888534605 {\n    font-size: 1rem;\n  }\n}\n<\/style>\n\t<\/div>\n\t\n\t<div id=\"text-1770550430\" class=\"text testi-body\">\n\t\t\n\n<p><strong>Die Gew\u00e4sser des Ligurischen Meeres waren Schauplatz vieler Episoden sowohl in der antiken als auch in der j\u00fcngeren Geschichte.<\/strong> In Finale Ligure, genauer gesagt am Capo Noli, etwa zwei Meilen vor der K\u00fcste, wurde in Zusammenarbeit mit der Oberaufsichtsbeh\u00f6rde f\u00fcr das ligurische Kulturerbe eine <strong>arch\u00e4ologische Unterwasserausgrabung eingeleitet,<\/strong> die zur Entdeckung <strong>zahlreicher Artefakte f\u00fchrte. Diese geh\u00f6rten zu einem bewaffneten Rettungsboot des Schiffs Ca Ira, das im M\u00e4rz 1795 an der Schlacht von Kap Noli teilnahm, in der die franz\u00f6sische und die britische Marine um die Kontrolle \u00fcber das Mittelmeer k\u00e4mpften<\/strong> und mit der die Invasion Napoleon Bonapartes in Europa begann.<\/p>\n<p><br>Unter der Leitung von staatlich gepr\u00fcften Tauchlehrern ist es m\u00f6glich, die Unterwasserwelt zu erkunden, in der historische Fundst\u00fccke liegen.<\/p>\n<p><br>Die <strong>Tauchschule Porto Capo San Donato bietet eine Vielzahl<\/strong> von Tauchpl\u00e4tzen von historischem und nat\u00fcrlichem Interesse, sowie die M\u00f6glichkeit von Kursen auf allen Niveaus und Taufen f\u00fcr diejenigen, die den Nervenkitzel des Tauchens zum ersten Mal in einer Welt unglaublicher Emotionen erleben m\u00f6chten.<br>Au\u00dferdem gibt es die M\u00f6glichkeit, mit ordentlicher Genehmigung an den St\u00e4tten der beiden <strong>R\u00f6merschiffe von Albenga<\/strong> zu tauchen.<\/p>\n\t\t\t<\/div>\n\t\n\t<div id=\"gap-864739040\" class=\"gap-element clearfix\" style=\"display:block; height:auto;\">\n\t\t\n<style>\n#gap-864739040 {\n  padding-top: 50px;\n}\n<\/style>\n\t<\/div>\n\t\n\n<div class=\"row\"  id=\"row-1120564247\">\n\n\n\t<div id=\"col-1674161613\" class=\"col medium-4 small-12 large-4\"  >\n\t\t\t\t<div class=\"col-inner\"  >\n\t\t\t\n\t\t\t\n\n\t<div class=\"img has-hover x md-x lg-x y md-y lg-y\" id=\"image_1243446444\">\n\t\t\t\t\t\t\t\t<div class=\"img-inner image-zoom image-cover dark\" style=\"padding-top:75%;\">\n\t\t\t<img loading=\"lazy\" decoding=\"async\" width=\"640\" height=\"475\" src=\"https:\/\/visitfinaleligure.it\/wp-content\/uploads\/2022\/12\/Cycnus-Diving-Center1-1.webp\" class=\"attachment-original size-original\" alt=\"\" srcset=\"https:\/\/visitfinaleligure.it\/wp-content\/uploads\/2022\/12\/Cycnus-Diving-Center1-1.webp 640w, https:\/\/visitfinaleligure.it\/wp-content\/uploads\/2022\/12\/Cycnus-Diving-Center1-1-300x223.webp 300w\" sizes=\"auto, (max-width: 640px) 100vw, 640px\" \/>\t\t\t\t\t\t\n\t\t\t\t\t<\/div>\n\t\t\t\t\t\t\t\t\n<style>\n#image_1243446444 {\n  width: 100%;\n}\n<\/style>\n\t<\/div>\n\t\n\n\n\t\t<\/div>\n\t\t\t\t\t<\/div>\n\n\t\n\n\t<div id=\"col-1065826432\" class=\"col medium-4 small-12 large-4\"  >\n\t\t\t\t<div class=\"col-inner\"  >\n\t\t\t\n\t\t\t\n\n\t<div class=\"img has-hover x md-x lg-x y md-y lg-y\" id=\"image_1224599086\">\n\t\t\t\t\t\t\t\t<div class=\"img-inner image-zoom image-cover dark\" style=\"padding-top:75%;\">\n\t\t\t<img loading=\"lazy\" decoding=\"async\" width=\"640\" height=\"475\" src=\"https:\/\/visitfinaleligure.it\/wp-content\/uploads\/2023\/01\/Cycnus-Diving-Center3.webp\" class=\"attachment-original size-original\" alt=\"\" srcset=\"https:\/\/visitfinaleligure.it\/wp-content\/uploads\/2023\/01\/Cycnus-Diving-Center3.webp 640w, https:\/\/visitfinaleligure.it\/wp-content\/uploads\/2023\/01\/Cycnus-Diving-Center3-300x223.webp 300w\" sizes=\"auto, (max-width: 640px) 100vw, 640px\" \/>\t\t\t\t\t\t\n\t\t\t\t\t<\/div>\n\t\t\t\t\t\t\t\t\n<style>\n#image_1224599086 {\n  width: 100%;\n}\n<\/style>\n\t<\/div>\n\t\n\n\n\t\t<\/div>\n\t\t\t\t\t<\/div>\n\n\t\n\n\t<div id=\"col-342238669\" class=\"col medium-4 small-12 large-4\"  >\n\t\t\t\t<div class=\"col-inner\"  >\n\t\t\t\n\t\t\t\n\n\t<div class=\"img has-hover x md-x lg-x y md-y lg-y\" id=\"image_1707933984\">\n\t\t\t\t\t\t\t\t<div class=\"img-inner image-zoom image-cover dark\" style=\"padding-top:75%;\">\n\t\t\t<img loading=\"lazy\" decoding=\"async\" width=\"640\" height=\"475\" src=\"https:\/\/visitfinaleligure.it\/wp-content\/uploads\/2023\/01\/Cycnus-Diving-Center5.webp\" class=\"attachment-original size-original\" alt=\"\" srcset=\"https:\/\/visitfinaleligure.it\/wp-content\/uploads\/2023\/01\/Cycnus-Diving-Center5.webp 640w, https:\/\/visitfinaleligure.it\/wp-content\/uploads\/2023\/01\/Cycnus-Diving-Center5-300x223.webp 300w\" sizes=\"auto, (max-width: 640px) 100vw, 640px\" \/>\t\t\t\t\t\t\n\t\t\t\t\t<\/div>\n\t\t\t\t\t\t\t\t\n<style>\n#image_1707933984 {\n  width: 100%;\n}\n<\/style>\n\t<\/div>\n\t\n\n\n\t\t<\/div>\n\t\t\t\t\t<\/div>\n\n\t\n\n<\/div>\n\n\t\t<\/div>\n\t\t\t\t\n<style>\n#col-980477728 > .col-inner {\n  margin: -30px 0px 0px 0px;\n}\n<\/style>\n\t<\/div>\n\n\t\n\n\t<div id=\"col-1395551991\" class=\"col hide-for-small medium-1 small-7 large-1\"  >\n\t\t\t\t<div class=\"col-inner text-left\"  >\n\t\t\t\n\t\t\t\n\n\n\t\t<\/div>\n\t\t\t\t\n<style>\n#col-1395551991 > .col-inner {\n  margin: 0px 0px 0px 0px;\n}\n<\/style>\n\t<\/div>\n\n\t\n\n<\/div>\n\n\t\t<\/div>\n\n\t\t\n<style>\n#section_1552289643 {\n  padding-top: 30px;\n  padding-bottom: 30px;\n}\n<\/style>\n\t<\/section>\n\t\n\n","protected":false},"excerpt":{"rendered":"","protected":false},"author":2,"featured_media":5671,"parent":8053,"menu_order":0,"comment_status":"closed","ping_status":"closed","template":"page-blank.php","meta":{"footnotes":""},"class_list":["post-7946","page","type-page","status-publish","has-post-thumbnail","hentry"],"yoast_head":"<!-- This site is optimized with the Yoast SEO plugin v27.3 - https:\/\/yoast.com\/product\/yoast-seo-wordpress\/ -->\n<title>Tauchausfl\u00fcge in Finale Ligure - Visit Finale Ligure<\/title>\n<meta name=\"description\" content=\"Beim Tauchen vor Capo Noli in Finale Ligure historische Wracks und Artefakte entdecken \u2013 ein Unterwassererlebnis voller Geschichte.\" \/>\n<meta name=\"robots\" content=\"index, follow, max-snippet:-1, max-image-preview:large, max-video-preview:-1\" \/>\n<link rel=\"canonical\" href=\"https:\/\/visitfinaleligure.it\/de\/was-kann-man-in-finale-ligure-machen\/auf-entdeckungsreise-der-unterwasserwelt\/\" \/>\n<meta property=\"og:locale\" content=\"de_DE\" \/>\n<meta property=\"og:type\" content=\"article\" \/>\n<meta property=\"og:title\" content=\"Auf Entdeckungsreise der Unterwasserwelt\" \/>\n<meta property=\"og:description\" content=\"Die Gew\u00e4sser des Ligurischen Meeres waren Schauplatz vieler Episoden sowohl in der antiken als auch in der j\u00fcngeren Geschichte\" \/>\n<meta property=\"og:url\" content=\"https:\/\/visitfinaleligure.it\/de\/was-kann-man-in-finale-ligure-machen\/auf-entdeckungsreise-der-unterwasserwelt\/\" \/>\n<meta property=\"og:site_name\" content=\"Visit Finale Ligure\" \/>\n<meta property=\"article:publisher\" content=\"https:\/\/www.facebook.com\/VisitFinaleLigure\" \/>\n<meta property=\"article:modified_time\" content=\"2025-08-08T07:44:00+00:00\" \/>\n<meta property=\"og:image\" content=\"https:\/\/visitfinaleligure.it\/wp-content\/uploads\/2022\/12\/Cycnus-Diving-Center1.webp\" \/>\n<meta name=\"twitter:card\" content=\"summary_large_image\" \/>\n<meta name=\"twitter:label1\" content=\"Gesch\u00e4tzte Lesezeit\" \/>\n\t<meta name=\"twitter:data1\" content=\"2\u00a0Minuten\" \/>\n<script type=\"application\/ld+json\" class=\"yoast-schema-graph\">{\"@context\":\"https:\\\/\\\/schema.org\",\"@graph\":[{\"@type\":\"WebPage\",\"@id\":\"https:\\\/\\\/visitfinaleligure.it\\\/de\\\/was-kann-man-in-finale-ligure-machen\\\/auf-entdeckungsreise-der-unterwasserwelt\\\/\",\"url\":\"https:\\\/\\\/visitfinaleligure.it\\\/de\\\/was-kann-man-in-finale-ligure-machen\\\/auf-entdeckungsreise-der-unterwasserwelt\\\/\",\"name\":\"Tauchausfl\u00fcge in Finale Ligure - Visit Finale Ligure\",\"isPartOf\":{\"@id\":\"https:\\\/\\\/visitfinaleligure.it\\\/de\\\/#website\"},\"primaryImageOfPage\":{\"@id\":\"https:\\\/\\\/visitfinaleligure.it\\\/de\\\/was-kann-man-in-finale-ligure-machen\\\/auf-entdeckungsreise-der-unterwasserwelt\\\/#primaryimage\"},\"image\":{\"@id\":\"https:\\\/\\\/visitfinaleligure.it\\\/de\\\/was-kann-man-in-finale-ligure-machen\\\/auf-entdeckungsreise-der-unterwasserwelt\\\/#primaryimage\"},\"thumbnailUrl\":\"https:\\\/\\\/visitfinaleligure.it\\\/wp-content\\\/uploads\\\/2022\\\/12\\\/Cycnus-Diving-Center1.webp\",\"datePublished\":\"2023-01-30T14:42:51+00:00\",\"dateModified\":\"2025-08-08T07:44:00+00:00\",\"description\":\"Beim Tauchen vor Capo Noli in Finale Ligure historische Wracks und Artefakte entdecken \u2013 ein Unterwassererlebnis voller Geschichte.\",\"breadcrumb\":{\"@id\":\"https:\\\/\\\/visitfinaleligure.it\\\/de\\\/was-kann-man-in-finale-ligure-machen\\\/auf-entdeckungsreise-der-unterwasserwelt\\\/#breadcrumb\"},\"inLanguage\":\"de\",\"potentialAction\":[{\"@type\":\"ReadAction\",\"target\":[\"https:\\\/\\\/visitfinaleligure.it\\\/de\\\/was-kann-man-in-finale-ligure-machen\\\/auf-entdeckungsreise-der-unterwasserwelt\\\/\"]}]},{\"@type\":\"ImageObject\",\"inLanguage\":\"de\",\"@id\":\"https:\\\/\\\/visitfinaleligure.it\\\/de\\\/was-kann-man-in-finale-ligure-machen\\\/auf-entdeckungsreise-der-unterwasserwelt\\\/#primaryimage\",\"url\":\"https:\\\/\\\/visitfinaleligure.it\\\/wp-content\\\/uploads\\\/2022\\\/12\\\/Cycnus-Diving-Center1.webp\",\"contentUrl\":\"https:\\\/\\\/visitfinaleligure.it\\\/wp-content\\\/uploads\\\/2022\\\/12\\\/Cycnus-Diving-Center1.webp\",\"width\":640,\"height\":475},{\"@type\":\"BreadcrumbList\",\"@id\":\"https:\\\/\\\/visitfinaleligure.it\\\/de\\\/was-kann-man-in-finale-ligure-machen\\\/auf-entdeckungsreise-der-unterwasserwelt\\\/#breadcrumb\",\"itemListElement\":[{\"@type\":\"ListItem\",\"position\":1,\"name\":\"Home\",\"item\":\"https:\\\/\\\/visitfinaleligure.it\\\/de\\\/\"},{\"@type\":\"ListItem\",\"position\":2,\"name\":\"Was kann man in Finale Ligure machen?\",\"item\":\"https:\\\/\\\/visitfinaleligure.it\\\/de\\\/was-kann-man-in-finale-ligure-machen\\\/\"},{\"@type\":\"ListItem\",\"position\":3,\"name\":\"Auf Entdeckungsreise der Unterwasserwelt\"}]},{\"@type\":\"WebSite\",\"@id\":\"https:\\\/\\\/visitfinaleligure.it\\\/de\\\/#website\",\"url\":\"https:\\\/\\\/visitfinaleligure.it\\\/de\\\/\",\"name\":\"Visit Finale Ligure\",\"description\":\"My perfect place\",\"publisher\":{\"@id\":\"https:\\\/\\\/visitfinaleligure.it\\\/de\\\/#organization\"},\"potentialAction\":[{\"@type\":\"SearchAction\",\"target\":{\"@type\":\"EntryPoint\",\"urlTemplate\":\"https:\\\/\\\/visitfinaleligure.it\\\/de\\\/?s={search_term_string}\"},\"query-input\":{\"@type\":\"PropertyValueSpecification\",\"valueRequired\":true,\"valueName\":\"search_term_string\"}}],\"inLanguage\":\"de\"},{\"@type\":\"Organization\",\"@id\":\"https:\\\/\\\/visitfinaleligure.it\\\/de\\\/#organization\",\"name\":\"Comune di Finale Ligure\",\"url\":\"https:\\\/\\\/visitfinaleligure.it\\\/de\\\/\",\"logo\":{\"@type\":\"ImageObject\",\"inLanguage\":\"de\",\"@id\":\"https:\\\/\\\/visitfinaleligure.it\\\/de\\\/#\\\/schema\\\/logo\\\/image\\\/\",\"url\":\"https:\\\/\\\/visitfinaleligure.it\\\/wp-content\\\/uploads\\\/2023\\\/04\\\/cropped-finaleligure-verticale-positivo-200x200-1.png\",\"contentUrl\":\"https:\\\/\\\/visitfinaleligure.it\\\/wp-content\\\/uploads\\\/2023\\\/04\\\/cropped-finaleligure-verticale-positivo-200x200-1.png\",\"width\":512,\"height\":512,\"caption\":\"Comune di Finale Ligure\"},\"image\":{\"@id\":\"https:\\\/\\\/visitfinaleligure.it\\\/de\\\/#\\\/schema\\\/logo\\\/image\\\/\"},\"sameAs\":[\"https:\\\/\\\/www.facebook.com\\\/VisitFinaleLigure\",\"https:\\\/\\\/www.instagram.com\\\/visitfinale\\\/\",\"https:\\\/\\\/www.youtube.com\\\/channel\\\/UCLmoLfNmrAt9mSCll9egttw\"]}]}<\/script>\n<!-- \/ Yoast SEO plugin. -->","yoast_head_json":{"title":"Tauchausfl\u00fcge in Finale Ligure - Visit Finale Ligure","description":"Beim Tauchen vor Capo Noli in Finale Ligure historische Wracks und Artefakte entdecken \u2013 ein Unterwassererlebnis voller Geschichte.","robots":{"index":"index","follow":"follow","max-snippet":"max-snippet:-1","max-image-preview":"max-image-preview:large","max-video-preview":"max-video-preview:-1"},"canonical":"https:\/\/visitfinaleligure.it\/de\/was-kann-man-in-finale-ligure-machen\/auf-entdeckungsreise-der-unterwasserwelt\/","og_locale":"de_DE","og_type":"article","og_title":"Auf Entdeckungsreise der Unterwasserwelt","og_description":"Die Gew\u00e4sser des Ligurischen Meeres waren Schauplatz vieler Episoden sowohl in der antiken als auch in der j\u00fcngeren Geschichte","og_url":"https:\/\/visitfinaleligure.it\/de\/was-kann-man-in-finale-ligure-machen\/auf-entdeckungsreise-der-unterwasserwelt\/","og_site_name":"Visit Finale Ligure","article_publisher":"https:\/\/www.facebook.com\/VisitFinaleLigure","article_modified_time":"2025-08-08T07:44:00+00:00","og_image":[{"url":"https:\/\/visitfinaleligure.it\/wp-content\/uploads\/2022\/12\/Cycnus-Diving-Center1.webp","type":"","width":"","height":""}],"twitter_card":"summary_large_image","twitter_misc":{"Gesch\u00e4tzte Lesezeit":"2\u00a0Minuten"},"schema":{"@context":"https:\/\/schema.org","@graph":[{"@type":"WebPage","@id":"https:\/\/visitfinaleligure.it\/de\/was-kann-man-in-finale-ligure-machen\/auf-entdeckungsreise-der-unterwasserwelt\/","url":"https:\/\/visitfinaleligure.it\/de\/was-kann-man-in-finale-ligure-machen\/auf-entdeckungsreise-der-unterwasserwelt\/","name":"Tauchausfl\u00fcge in Finale Ligure - Visit Finale Ligure","isPartOf":{"@id":"https:\/\/visitfinaleligure.it\/de\/#website"},"primaryImageOfPage":{"@id":"https:\/\/visitfinaleligure.it\/de\/was-kann-man-in-finale-ligure-machen\/auf-entdeckungsreise-der-unterwasserwelt\/#primaryimage"},"image":{"@id":"https:\/\/visitfinaleligure.it\/de\/was-kann-man-in-finale-ligure-machen\/auf-entdeckungsreise-der-unterwasserwelt\/#primaryimage"},"thumbnailUrl":"https:\/\/visitfinaleligure.it\/wp-content\/uploads\/2022\/12\/Cycnus-Diving-Center1.webp","datePublished":"2023-01-30T14:42:51+00:00","dateModified":"2025-08-08T07:44:00+00:00","description":"Beim Tauchen vor Capo Noli in Finale Ligure historische Wracks und Artefakte entdecken \u2013 ein Unterwassererlebnis voller Geschichte.","breadcrumb":{"@id":"https:\/\/visitfinaleligure.it\/de\/was-kann-man-in-finale-ligure-machen\/auf-entdeckungsreise-der-unterwasserwelt\/#breadcrumb"},"inLanguage":"de","potentialAction":[{"@type":"ReadAction","target":["https:\/\/visitfinaleligure.it\/de\/was-kann-man-in-finale-ligure-machen\/auf-entdeckungsreise-der-unterwasserwelt\/"]}]},{"@type":"ImageObject","inLanguage":"de","@id":"https:\/\/visitfinaleligure.it\/de\/was-kann-man-in-finale-ligure-machen\/auf-entdeckungsreise-der-unterwasserwelt\/#primaryimage","url":"https:\/\/visitfinaleligure.it\/wp-content\/uploads\/2022\/12\/Cycnus-Diving-Center1.webp","contentUrl":"https:\/\/visitfinaleligure.it\/wp-content\/uploads\/2022\/12\/Cycnus-Diving-Center1.webp","width":640,"height":475},{"@type":"BreadcrumbList","@id":"https:\/\/visitfinaleligure.it\/de\/was-kann-man-in-finale-ligure-machen\/auf-entdeckungsreise-der-unterwasserwelt\/#breadcrumb","itemListElement":[{"@type":"ListItem","position":1,"name":"Home","item":"https:\/\/visitfinaleligure.it\/de\/"},{"@type":"ListItem","position":2,"name":"Was kann man in Finale Ligure machen?","item":"https:\/\/visitfinaleligure.it\/de\/was-kann-man-in-finale-ligure-machen\/"},{"@type":"ListItem","position":3,"name":"Auf Entdeckungsreise der Unterwasserwelt"}]},{"@type":"WebSite","@id":"https:\/\/visitfinaleligure.it\/de\/#website","url":"https:\/\/visitfinaleligure.it\/de\/","name":"Visit Finale Ligure","description":"My perfect place","publisher":{"@id":"https:\/\/visitfinaleligure.it\/de\/#organization"},"potentialAction":[{"@type":"SearchAction","target":{"@type":"EntryPoint","urlTemplate":"https:\/\/visitfinaleligure.it\/de\/?s={search_term_string}"},"query-input":{"@type":"PropertyValueSpecification","valueRequired":true,"valueName":"search_term_string"}}],"inLanguage":"de"},{"@type":"Organization","@id":"https:\/\/visitfinaleligure.it\/de\/#organization","name":"Comune di Finale Ligure","url":"https:\/\/visitfinaleligure.it\/de\/","logo":{"@type":"ImageObject","inLanguage":"de","@id":"https:\/\/visitfinaleligure.it\/de\/#\/schema\/logo\/image\/","url":"https:\/\/visitfinaleligure.it\/wp-content\/uploads\/2023\/04\/cropped-finaleligure-verticale-positivo-200x200-1.png","contentUrl":"https:\/\/visitfinaleligure.it\/wp-content\/uploads\/2023\/04\/cropped-finaleligure-verticale-positivo-200x200-1.png","width":512,"height":512,"caption":"Comune di Finale Ligure"},"image":{"@id":"https:\/\/visitfinaleligure.it\/de\/#\/schema\/logo\/image\/"},"sameAs":["https:\/\/www.facebook.com\/VisitFinaleLigure","https:\/\/www.instagram.com\/visitfinale\/","https:\/\/www.youtube.com\/channel\/UCLmoLfNmrAt9mSCll9egttw"]}]}},"_links":{"self":[{"href":"https:\/\/visitfinaleligure.it\/de\/wp-json\/wp\/v2\/pages\/7946","targetHints":{"allow":["GET"]}}],"collection":[{"href":"https:\/\/visitfinaleligure.it\/de\/wp-json\/wp\/v2\/pages"}],"about":[{"href":"https:\/\/visitfinaleligure.it\/de\/wp-json\/wp\/v2\/types\/page"}],"author":[{"embeddable":true,"href":"https:\/\/visitfinaleligure.it\/de\/wp-json\/wp\/v2\/users\/2"}],"replies":[{"embeddable":true,"href":"https:\/\/visitfinaleligure.it\/de\/wp-json\/wp\/v2\/comments?post=7946"}],"version-history":[{"count":2,"href":"https:\/\/visitfinaleligure.it\/de\/wp-json\/wp\/v2\/pages\/7946\/revisions"}],"predecessor-version":[{"id":13758,"href":"https:\/\/visitfinaleligure.it\/de\/wp-json\/wp\/v2\/pages\/7946\/revisions\/13758"}],"up":[{"embeddable":true,"href":"https:\/\/visitfinaleligure.it\/de\/wp-json\/wp\/v2\/pages\/8053"}],"wp:featuredmedia":[{"embeddable":true,"href":"https:\/\/visitfinaleligure.it\/de\/wp-json\/wp\/v2\/media\/5671"}],"wp:attachment":[{"href":"https:\/\/visitfinaleligure.it\/de\/wp-json\/wp\/v2\/media?parent=7946"}],"curies":[{"name":"wp","href":"https:\/\/api.w.org\/{rel}","templated":true}]}}