{"id":7979,"date":"2023-01-31T12:24:19","date_gmt":"2023-01-31T11:24:19","guid":{"rendered":"https:\/\/visitfinaleligure.it\/klettern-an-felswaenden\/"},"modified":"2023-05-03T15:52:34","modified_gmt":"2023-05-03T13:52:34","slug":"klettern-an-felswaenden","status":"publish","type":"page","link":"https:\/\/visitfinaleligure.it\/de\/was-kann-man-in-finale-ligure-machen\/klettern-an-felswaenden\/","title":{"rendered":"Klettern an Felsw\u00e4nden"},"content":{"rendered":"\n\n\t<section class=\"section\" id=\"section_445703946\">\n\t\t<div class=\"section-bg fill\" >\n\t\t\t\t\t\t\t\t\t\n\t\t\t\n\n\t\t<\/div>\n\n\t\t\n\n\t\t<div class=\"section-content relative\">\n\t\t\t\n\n\t<div class=\"img has-hover x md-x lg-x y md-y lg-y\" id=\"image_1753281826\">\n\t\t\t\t\t\t\t\t<div class=\"img-inner image-cover dark\" style=\"padding-top:40%;\">\n\t\t\t<img loading=\"lazy\" decoding=\"async\" width=\"1200\" height=\"1600\" src=\"https:\/\/visitfinaleligure.it\/wp-content\/uploads\/2023\/01\/CainOlsen1.webp\" class=\"attachment-original size-original\" alt=\"\" srcset=\"https:\/\/visitfinaleligure.it\/wp-content\/uploads\/2023\/01\/CainOlsen1.webp 1200w, https:\/\/visitfinaleligure.it\/wp-content\/uploads\/2023\/01\/CainOlsen1-225x300.webp 225w, https:\/\/visitfinaleligure.it\/wp-content\/uploads\/2023\/01\/CainOlsen1-768x1024.webp 768w, https:\/\/visitfinaleligure.it\/wp-content\/uploads\/2023\/01\/CainOlsen1-1152x1536.webp 1152w\" sizes=\"auto, (max-width: 1200px) 100vw, 1200px\" \/>\t\t\t\t\t\t\n\t\t\t\t\t<\/div>\n\t\t\t\t\t\t\t\t\n<style>\n#image_1753281826 {\n  width: 100%;\n}\n<\/style>\n\t<\/div>\n\t\n\n\n\t\t<\/div>\n\n\t\t\n<style>\n#section_445703946 {\n  padding-top: 30px;\n  padding-bottom: 30px;\n}\n<\/style>\n\t<\/section>\n\t\n\n\t<section class=\"section\" id=\"section_1880061314\">\n\t\t<div class=\"section-bg fill\" >\n\t\t\t\t\t\t\t\t\t\n\t\t\t\n\n\t\t<\/div>\n\n\t\t\n\n\t\t<div class=\"section-content relative\">\n\t\t\t\n\n<div class=\"row\"  id=\"row-1500142844\">\n\n\n\t<div id=\"col-1029606176\" class=\"col hide-for-small medium-1 small-12 large-1\"  >\n\t\t\t\t<div class=\"col-inner text-left\"  >\n\t\t\t\n\t\t\t\n\n\n\t\t<\/div>\n\t\t\t\t\n<style>\n#col-1029606176 > .col-inner {\n  margin: 0px 0px 0px 0px;\n}\n<\/style>\n\t<\/div>\n\n\t\n\n\t<div id=\"col-809917269\" class=\"col medium-10 small-12 large-10\"  >\n\t\t\t\t<div class=\"col-inner text-left\"  >\n\t\t\t\n\t\t\t\n\n\t<div id=\"text-3393858209\" class=\"text testi-body\">\n\t\t\n\n<h1 class=\"testi-titolo\">Klettern an Felsw\u00e4nden<\/h1>\n\t\t\n<style>\n#text-3393858209 {\n  font-size: 1.5rem;\n  color: rgb(0,0,0);\n}\n#text-3393858209 > * {\n  color: rgb(0,0,0);\n}\n<\/style>\n\t<\/div>\n\t\n<p>Finale come molti sanno non \u00e8 solo mare, \u00e8 molto di pi\u00f9.<\/p>\n<p>Proprio per questo, da pi\u00f9 di 50 anni,&nbsp;<strong>scalatori da tutto il mondo scelgono le nostre falesie<\/strong>&nbsp;per praticare il loro sport preferito. Grazie ad un clima particolare e molto mite ci si pu\u00f2 dedicare all\u2019arrampicata tutto l\u2019anno.<\/p>\n<p>Le&nbsp;<strong>nostre guide alpine esperte<\/strong>&nbsp;scalano su queste rocce da anni e ne conoscono ogni angolo: lascia che siano loro ad accompagnarti sulla parete giusta per te. Il grado di difficolt\u00e0, l\u2019esposizione, il kit di arrampicata\u2026 penseranno loro a tutto. A te rimarr\u00e0 solo il puro divertimento!<\/p>\n\t<div id=\"gap-1810678642\" class=\"gap-element clearfix\" style=\"display:block; height:auto;\">\n\t\t\n<style>\n#gap-1810678642 {\n  padding-top: 50px;\n}\n<\/style>\n\t<\/div>\n\t\n\n\n  \n    <div class=\"row large-columns-3 medium-columns- small-columns-3 row-xsmall\" >\n  <div class=\"gallery-col col\" >\n          <div class=\"col-inner\">\n            <a class=\"image-lightbox lightbox-gallery\" href=\"https:\/\/visitfinaleligure.it\/wp-content\/uploads\/2023\/01\/CainOlsen3-768x1024-1.webp\" title=\"\">            <div class=\"box has-hover gallery-box box-overlay dark\">\n              <div class=\"box-image image-zoom\" >\n                <img loading=\"lazy\" decoding=\"async\" width=\"768\" height=\"1024\" src=\"https:\/\/visitfinaleligure.it\/wp-content\/uploads\/2023\/01\/CainOlsen3-768x1024-1.webp\" class=\"attachment-original size-original\" alt=\"\" ids=\"2275,2274,2276\" lightbox_image_size=\"original\" col_spacing=\"xsmall\" columns=\"3\" columns__sm=\"3\" image_size=\"original\" image_hover=\"zoom\" text_padding=\"0px 0px 20px 0px\" srcset=\"https:\/\/visitfinaleligure.it\/wp-content\/uploads\/2023\/01\/CainOlsen3-768x1024-1.webp 768w, https:\/\/visitfinaleligure.it\/wp-content\/uploads\/2023\/01\/CainOlsen3-768x1024-1-225x300.webp 225w\" sizes=\"auto, (max-width: 768px) 100vw, 768px\" \/>                                  <div class=\"overlay fill\"\n                      style=\"background-color: rgba(0,0,0,.15)\">\n                  <\/div>\n                                                              <\/div>\n              <div class=\"box-text text-left\" style=\"padding:0px 0px 20px 0px;\">\n                 <p><\/p>\n              <\/div>\n            <\/div>\n            <\/a>          <\/div>\n         <\/div><div class=\"gallery-col col\" >\n          <div class=\"col-inner\">\n            <a class=\"image-lightbox lightbox-gallery\" href=\"https:\/\/visitfinaleligure.it\/wp-content\/uploads\/2023\/01\/CainOlsen1.webp\" title=\"\">            <div class=\"box has-hover gallery-box box-overlay dark\">\n              <div class=\"box-image image-zoom\" >\n                <img loading=\"lazy\" decoding=\"async\" width=\"1200\" height=\"1600\" src=\"https:\/\/visitfinaleligure.it\/wp-content\/uploads\/2023\/01\/CainOlsen1.webp\" class=\"attachment-original size-original\" alt=\"\" ids=\"2275,2274,2276\" lightbox_image_size=\"original\" col_spacing=\"xsmall\" columns=\"3\" columns__sm=\"3\" image_size=\"original\" image_hover=\"zoom\" text_padding=\"0px 0px 20px 0px\" srcset=\"https:\/\/visitfinaleligure.it\/wp-content\/uploads\/2023\/01\/CainOlsen1.webp 1200w, https:\/\/visitfinaleligure.it\/wp-content\/uploads\/2023\/01\/CainOlsen1-225x300.webp 225w, https:\/\/visitfinaleligure.it\/wp-content\/uploads\/2023\/01\/CainOlsen1-768x1024.webp 768w, https:\/\/visitfinaleligure.it\/wp-content\/uploads\/2023\/01\/CainOlsen1-1152x1536.webp 1152w\" sizes=\"auto, (max-width: 1200px) 100vw, 1200px\" \/>                                  <div class=\"overlay fill\"\n                      style=\"background-color: rgba(0,0,0,.15)\">\n                  <\/div>\n                                                              <\/div>\n              <div class=\"box-text text-left\" style=\"padding:0px 0px 20px 0px;\">\n                 <p><\/p>\n              <\/div>\n            <\/div>\n            <\/a>          <\/div>\n         <\/div><div class=\"gallery-col col\" >\n          <div class=\"col-inner\">\n            <a class=\"image-lightbox lightbox-gallery\" href=\"https:\/\/visitfinaleligure.it\/wp-content\/uploads\/2023\/01\/CainOlsen4-768x1024-1-1.webp\" title=\"\">            <div class=\"box has-hover gallery-box box-overlay dark\">\n              <div class=\"box-image image-zoom\" >\n                <img loading=\"lazy\" decoding=\"async\" width=\"768\" height=\"1024\" src=\"https:\/\/visitfinaleligure.it\/wp-content\/uploads\/2023\/01\/CainOlsen4-768x1024-1-1.webp\" class=\"attachment-original size-original\" alt=\"\" ids=\"2275,2274,2276\" lightbox_image_size=\"original\" col_spacing=\"xsmall\" columns=\"3\" columns__sm=\"3\" image_size=\"original\" image_hover=\"zoom\" text_padding=\"0px 0px 20px 0px\" srcset=\"https:\/\/visitfinaleligure.it\/wp-content\/uploads\/2023\/01\/CainOlsen4-768x1024-1-1.webp 768w, https:\/\/visitfinaleligure.it\/wp-content\/uploads\/2023\/01\/CainOlsen4-768x1024-1-1-225x300.webp 225w\" sizes=\"auto, (max-width: 768px) 100vw, 768px\" \/>                                  <div class=\"overlay fill\"\n                      style=\"background-color: rgba(0,0,0,.15)\">\n                  <\/div>\n                                                              <\/div>\n              <div class=\"box-text text-left\" style=\"padding:0px 0px 20px 0px;\">\n                 <p><\/p>\n              <\/div>\n            <\/div>\n            <\/a>          <\/div>\n         <\/div><\/div>\n\n\t<div id=\"gap-2105461062\" class=\"gap-element clearfix\" style=\"display:block; height:auto;\">\n\t\t\n<style>\n#gap-2105461062 {\n  padding-top: 30px;\n}\n<\/style>\n\t<\/div>\n\t\n\n<p>Le vie sono spesso&nbsp;<strong>attrezzate o riattrezzate con materiale modern<\/strong>o (fittoni resinati) ma esistono ancora itinerari attrezzati in modo classico (chiodi, clessidre e vecchi spit).<\/p>\n<p>Anche in questo caso, le guide del nostro territorio organizzeranno sempre e solo uscite ad hoc:<strong>&nbsp;emozione verticale garantita!<\/strong><\/p>\n<div class=\"row\"  id=\"row-1699941894\">\n\n\n\t<div id=\"col-2055227738\" class=\"col hide-for-small medium-2 small-12 large-2\"  >\n\t\t\t\t<div class=\"col-inner\"  >\n\t\t\t\n\t\t\t\n\n\n\t\t<\/div>\n\t\t\t\t\t<\/div>\n\n\t\n\n\t<div id=\"col-693350399\" class=\"col medium-8 small-12 large-8\"  >\n\t\t\t\t<div class=\"col-inner\"  >\n\t\t\t\n\t\t\t\n\n\t<div id=\"text-3769329660\" class=\"text testi-sotto-titolo\">\n\t\t\n\n<h2>Bestimmen Sie Ihren Urlaub<\/h2>\n\t\t\n<style>\n#text-3769329660 {\n  text-align: center;\n  color: rgb(0,0,0);\n}\n#text-3769329660 > * {\n  color: rgb(0,0,0);\n}\n<\/style>\n\t<\/div>\n\t\n\t<div id=\"text-3476997518\" class=\"text\">\n\t\t\n\n<p>Wir haben Erlebnisse ausgew\u00e4hlt, die das Eigentliche eines Urlaubs in Finale Ligure ausmachen.<\/p>\n\t\t\n<style>\n#text-3476997518 {\n  text-align: center;\n  color: rgb(0,0,0);\n}\n#text-3476997518 > * {\n  color: rgb(0,0,0);\n}\n<\/style>\n\t<\/div>\n\t\n<div class=\"row\"  id=\"row-1919749691\">\n\n\n\t<div id=\"col-2035958023\" class=\"col medium-3 small-6 large-3\"  >\n\t\t\t\t<div class=\"col-inner text-center\"  >\n\t\t\t\n\t\t\t\n\n\t<div class=\"img has-hover x md-x lg-x y md-y lg-y\" id=\"image_773214595\">\n\t\t<a class=\"\" href=\"https:\/\/visitfinaleligure.it\/de\/active\/\" >\t\t\t\t\t\t<div class=\"img-inner dark\" >\n\t\t\t<img loading=\"lazy\" decoding=\"async\" width=\"197\" height=\"196\" src=\"https:\/\/visitfinaleligure.it\/wp-content\/uploads\/2023\/03\/bollino-finale-active-exe.png\" class=\"attachment-large size-large\" alt=\"\" srcset=\"https:\/\/visitfinaleligure.it\/wp-content\/uploads\/2023\/03\/bollino-finale-active-exe.png 197w, https:\/\/visitfinaleligure.it\/wp-content\/uploads\/2023\/03\/bollino-finale-active-exe-150x150.png 150w\" sizes=\"auto, (max-width: 197px) 100vw, 197px\" \/>\t\t\t\t\t\t\n\t\t\t\t\t<\/div>\n\t\t\t\t\t\t<\/a>\t\t\n<style>\n#image_773214595 {\n  width: 100%;\n}\n@media (min-width:850px) {\n  #image_773214595 {\n    width: 70%;\n  }\n}\n<\/style>\n\t<\/div>\n\t\n\n\n\t\t<\/div>\n\t\t\t\t\t<\/div>\n\n\t\n\n\t<div id=\"col-1837235149\" class=\"col medium-3 small-6 large-3\"  >\n\t\t\t\t<div class=\"col-inner text-center\"  >\n\t\t\t\n\t\t\t\n\n\t<div class=\"img has-hover x md-x lg-x y md-y lg-y\" id=\"image_26674334\">\n\t\t<a class=\"\" href=\"https:\/\/visitfinaleligure.it\/de\/family\/\" >\t\t\t\t\t\t<div class=\"img-inner dark\" >\n\t\t\t<img loading=\"lazy\" decoding=\"async\" width=\"197\" height=\"196\" src=\"https:\/\/visitfinaleligure.it\/wp-content\/uploads\/2023\/03\/bollino-finale-family-exe.png\" class=\"attachment-large size-large\" alt=\"\" srcset=\"https:\/\/visitfinaleligure.it\/wp-content\/uploads\/2023\/03\/bollino-finale-family-exe.png 197w, https:\/\/visitfinaleligure.it\/wp-content\/uploads\/2023\/03\/bollino-finale-family-exe-150x150.png 150w\" sizes=\"auto, (max-width: 197px) 100vw, 197px\" \/>\t\t\t\t\t\t\n\t\t\t\t\t<\/div>\n\t\t\t\t\t\t<\/a>\t\t\n<style>\n#image_26674334 {\n  width: 100%;\n}\n@media (min-width:850px) {\n  #image_26674334 {\n    width: 70%;\n  }\n}\n<\/style>\n\t<\/div>\n\t\n\n\n\t\t<\/div>\n\t\t\t\t\t<\/div>\n\n\t\n\n\t<div id=\"col-1301064615\" class=\"col medium-3 small-6 large-3\"  >\n\t\t\t\t<div class=\"col-inner text-center\"  >\n\t\t\t\n\t\t\t\n\n\t<div class=\"img has-hover x md-x lg-x y md-y lg-y\" id=\"image_870344125\">\n\t\t<a class=\"\" href=\"https:\/\/visitfinaleligure.it\/de\/slow\/\" >\t\t\t\t\t\t<div class=\"img-inner dark\" >\n\t\t\t<img loading=\"lazy\" decoding=\"async\" width=\"196\" height=\"196\" src=\"https:\/\/visitfinaleligure.it\/wp-content\/uploads\/2023\/03\/bollino-finale-slow-exe.png\" class=\"attachment-large size-large\" alt=\"\" srcset=\"https:\/\/visitfinaleligure.it\/wp-content\/uploads\/2023\/03\/bollino-finale-slow-exe.png 196w, https:\/\/visitfinaleligure.it\/wp-content\/uploads\/2023\/03\/bollino-finale-slow-exe-150x150.png 150w\" sizes=\"auto, (max-width: 196px) 100vw, 196px\" \/>\t\t\t\t\t\t\n\t\t\t\t\t<\/div>\n\t\t\t\t\t\t<\/a>\t\t\n<style>\n#image_870344125 {\n  width: 100%;\n}\n@media (min-width:850px) {\n  #image_870344125 {\n    width: 70%;\n  }\n}\n<\/style>\n\t<\/div>\n\t\n\n\n\t\t<\/div>\n\t\t\t\t\t<\/div>\n\n\t\n\n\t<div id=\"col-343727948\" class=\"col medium-3 small-6 large-3\"  >\n\t\t\t\t<div class=\"col-inner text-center\"  >\n\t\t\t\n\t\t\t\n\n\t<div class=\"img has-hover x md-x lg-x y md-y lg-y\" id=\"image_1343090977\">\n\t\t<a class=\"\" href=\"https:\/\/visitfinaleligure.it\/de\/training\/\" >\t\t\t\t\t\t<div class=\"img-inner dark\" >\n\t\t\t<img loading=\"lazy\" decoding=\"async\" width=\"196\" height=\"196\" src=\"https:\/\/visitfinaleligure.it\/wp-content\/uploads\/2023\/03\/bollino-finale-training-exe.png\" class=\"attachment-large size-large\" alt=\"\" srcset=\"https:\/\/visitfinaleligure.it\/wp-content\/uploads\/2023\/03\/bollino-finale-training-exe.png 196w, https:\/\/visitfinaleligure.it\/wp-content\/uploads\/2023\/03\/bollino-finale-training-exe-150x150.png 150w\" sizes=\"auto, (max-width: 196px) 100vw, 196px\" \/>\t\t\t\t\t\t\n\t\t\t\t\t<\/div>\n\t\t\t\t\t\t<\/a>\t\t\n<style>\n#image_1343090977 {\n  width: 100%;\n}\n@media (min-width:850px) {\n  #image_1343090977 {\n    width: 70%;\n  }\n}\n<\/style>\n\t<\/div>\n\t\n\n\n\t\t<\/div>\n\t\t\t\t\t<\/div>\n\n\t\n\n<\/div>\n\n\t\t<\/div>\n\t\t\t\t\t<\/div>\n\n\t\n\n\t<div id=\"col-1515704912\" class=\"col hide-for-small medium-2 small-12 large-2\"  >\n\t\t\t\t<div class=\"col-inner\"  >\n\t\t\t\n\t\t\t\n\n\n\t\t<\/div>\n\t\t\t\t\t<\/div>\n\n\t\n\n<\/div>\n\n\t\t<\/div>\n\t\t\t\t\t<\/div>\n\n\t\n\n\t<div id=\"col-2140544721\" class=\"col hide-for-small medium-1 small-7 large-1\"  >\n\t\t\t\t<div class=\"col-inner text-left\"  >\n\t\t\t\n\t\t\t\n\n\n\t\t<\/div>\n\t\t\t\t\n<style>\n#col-2140544721 > .col-inner {\n  margin: 0px 0px 0px 0px;\n}\n<\/style>\n\t<\/div>\n\n\t\n\n<\/div>\n\n\t\t<\/div>\n\n\t\t\n<style>\n#section_1880061314 {\n  padding-top: 0px;\n  padding-bottom: 0px;\n}\n<\/style>\n\t<\/section>\n\t\n","protected":false},"excerpt":{"rendered":"","protected":false},"author":2,"featured_media":6917,"parent":8053,"menu_order":0,"comment_status":"closed","ping_status":"closed","template":"page-blank.php","meta":{"footnotes":""},"class_list":["post-7979","page","type-page","status-publish","has-post-thumbnail","hentry"],"yoast_head":"<!-- This site is optimized with the Yoast SEO plugin v27.3 - https:\/\/yoast.com\/product\/yoast-seo-wordpress\/ -->\n<title>Klettern an Felsw\u00e4nden - Visit Finale Ligure<\/title>\n<meta name=\"robots\" content=\"index, follow, max-snippet:-1, max-image-preview:large, max-video-preview:-1\" \/>\n<link rel=\"canonical\" href=\"https:\/\/visitfinaleligure.it\/de\/was-kann-man-in-finale-ligure-machen\/klettern-an-felswaenden\/\" \/>\n<meta property=\"og:locale\" content=\"de_DE\" \/>\n<meta property=\"og:type\" content=\"article\" \/>\n<meta property=\"og:title\" content=\"Klettern an Felsw\u00e4nden - Visit Finale Ligure\" \/>\n<meta property=\"og:url\" content=\"https:\/\/visitfinaleligure.it\/de\/was-kann-man-in-finale-ligure-machen\/klettern-an-felswaenden\/\" \/>\n<meta property=\"og:site_name\" content=\"Visit Finale Ligure\" \/>\n<meta property=\"article:publisher\" content=\"https:\/\/www.facebook.com\/VisitFinaleLigure\" \/>\n<meta property=\"article:modified_time\" content=\"2023-05-03T13:52:34+00:00\" \/>\n<meta property=\"og:image\" content=\"https:\/\/visitfinaleligure.it\/wp-content\/uploads\/2023\/03\/3-A-scuola-di-arrampicata_1-1-1.jpg\" \/>\n\t<meta property=\"og:image:width\" content=\"2499\" \/>\n\t<meta property=\"og:image:height\" content=\"1668\" \/>\n\t<meta property=\"og:image:type\" content=\"image\/jpeg\" \/>\n<meta name=\"twitter:card\" content=\"summary_large_image\" \/>\n<meta name=\"twitter:label1\" content=\"Gesch\u00e4tzte Lesezeit\" \/>\n\t<meta name=\"twitter:data1\" content=\"2\u00a0Minuten\" \/>\n<script type=\"application\/ld+json\" class=\"yoast-schema-graph\">{\"@context\":\"https:\\\/\\\/schema.org\",\"@graph\":[{\"@type\":\"WebPage\",\"@id\":\"https:\\\/\\\/visitfinaleligure.it\\\/de\\\/was-kann-man-in-finale-ligure-machen\\\/klettern-an-felswaenden\\\/\",\"url\":\"https:\\\/\\\/visitfinaleligure.it\\\/de\\\/was-kann-man-in-finale-ligure-machen\\\/klettern-an-felswaenden\\\/\",\"name\":\"Klettern an Felsw\u00e4nden - Visit Finale Ligure\",\"isPartOf\":{\"@id\":\"https:\\\/\\\/visitfinaleligure.it\\\/de\\\/#website\"},\"primaryImageOfPage\":{\"@id\":\"https:\\\/\\\/visitfinaleligure.it\\\/de\\\/was-kann-man-in-finale-ligure-machen\\\/klettern-an-felswaenden\\\/#primaryimage\"},\"image\":{\"@id\":\"https:\\\/\\\/visitfinaleligure.it\\\/de\\\/was-kann-man-in-finale-ligure-machen\\\/klettern-an-felswaenden\\\/#primaryimage\"},\"thumbnailUrl\":\"https:\\\/\\\/visitfinaleligure.it\\\/wp-content\\\/uploads\\\/2023\\\/03\\\/3-A-scuola-di-arrampicata_1-1-1.jpg\",\"datePublished\":\"2023-01-31T11:24:19+00:00\",\"dateModified\":\"2023-05-03T13:52:34+00:00\",\"breadcrumb\":{\"@id\":\"https:\\\/\\\/visitfinaleligure.it\\\/de\\\/was-kann-man-in-finale-ligure-machen\\\/klettern-an-felswaenden\\\/#breadcrumb\"},\"inLanguage\":\"de\",\"potentialAction\":[{\"@type\":\"ReadAction\",\"target\":[\"https:\\\/\\\/visitfinaleligure.it\\\/de\\\/was-kann-man-in-finale-ligure-machen\\\/klettern-an-felswaenden\\\/\"]}]},{\"@type\":\"ImageObject\",\"inLanguage\":\"de\",\"@id\":\"https:\\\/\\\/visitfinaleligure.it\\\/de\\\/was-kann-man-in-finale-ligure-machen\\\/klettern-an-felswaenden\\\/#primaryimage\",\"url\":\"https:\\\/\\\/visitfinaleligure.it\\\/wp-content\\\/uploads\\\/2023\\\/03\\\/3-A-scuola-di-arrampicata_1-1-1.jpg\",\"contentUrl\":\"https:\\\/\\\/visitfinaleligure.it\\\/wp-content\\\/uploads\\\/2023\\\/03\\\/3-A-scuola-di-arrampicata_1-1-1.jpg\",\"width\":2499,\"height\":1668},{\"@type\":\"BreadcrumbList\",\"@id\":\"https:\\\/\\\/visitfinaleligure.it\\\/de\\\/was-kann-man-in-finale-ligure-machen\\\/klettern-an-felswaenden\\\/#breadcrumb\",\"itemListElement\":[{\"@type\":\"ListItem\",\"position\":1,\"name\":\"Home\",\"item\":\"https:\\\/\\\/visitfinaleligure.it\\\/de\\\/\"},{\"@type\":\"ListItem\",\"position\":2,\"name\":\"Was kann man in Finale Ligure machen?\",\"item\":\"https:\\\/\\\/visitfinaleligure.it\\\/de\\\/was-kann-man-in-finale-ligure-machen\\\/\"},{\"@type\":\"ListItem\",\"position\":3,\"name\":\"Klettern an Felsw\u00e4nden\"}]},{\"@type\":\"WebSite\",\"@id\":\"https:\\\/\\\/visitfinaleligure.it\\\/de\\\/#website\",\"url\":\"https:\\\/\\\/visitfinaleligure.it\\\/de\\\/\",\"name\":\"Visit Finale Ligure\",\"description\":\"My perfect place\",\"publisher\":{\"@id\":\"https:\\\/\\\/visitfinaleligure.it\\\/de\\\/#organization\"},\"potentialAction\":[{\"@type\":\"SearchAction\",\"target\":{\"@type\":\"EntryPoint\",\"urlTemplate\":\"https:\\\/\\\/visitfinaleligure.it\\\/de\\\/?s={search_term_string}\"},\"query-input\":{\"@type\":\"PropertyValueSpecification\",\"valueRequired\":true,\"valueName\":\"search_term_string\"}}],\"inLanguage\":\"de\"},{\"@type\":\"Organization\",\"@id\":\"https:\\\/\\\/visitfinaleligure.it\\\/de\\\/#organization\",\"name\":\"Comune di Finale Ligure\",\"url\":\"https:\\\/\\\/visitfinaleligure.it\\\/de\\\/\",\"logo\":{\"@type\":\"ImageObject\",\"inLanguage\":\"de\",\"@id\":\"https:\\\/\\\/visitfinaleligure.it\\\/de\\\/#\\\/schema\\\/logo\\\/image\\\/\",\"url\":\"https:\\\/\\\/visitfinaleligure.it\\\/wp-content\\\/uploads\\\/2023\\\/04\\\/cropped-finaleligure-verticale-positivo-200x200-1.png\",\"contentUrl\":\"https:\\\/\\\/visitfinaleligure.it\\\/wp-content\\\/uploads\\\/2023\\\/04\\\/cropped-finaleligure-verticale-positivo-200x200-1.png\",\"width\":512,\"height\":512,\"caption\":\"Comune di Finale Ligure\"},\"image\":{\"@id\":\"https:\\\/\\\/visitfinaleligure.it\\\/de\\\/#\\\/schema\\\/logo\\\/image\\\/\"},\"sameAs\":[\"https:\\\/\\\/www.facebook.com\\\/VisitFinaleLigure\",\"https:\\\/\\\/www.instagram.com\\\/visitfinale\\\/\",\"https:\\\/\\\/www.youtube.com\\\/channel\\\/UCLmoLfNmrAt9mSCll9egttw\"]}]}<\/script>\n<!-- \/ Yoast SEO plugin. -->","yoast_head_json":{"title":"Klettern an Felsw\u00e4nden - Visit Finale Ligure","robots":{"index":"index","follow":"follow","max-snippet":"max-snippet:-1","max-image-preview":"max-image-preview:large","max-video-preview":"max-video-preview:-1"},"canonical":"https:\/\/visitfinaleligure.it\/de\/was-kann-man-in-finale-ligure-machen\/klettern-an-felswaenden\/","og_locale":"de_DE","og_type":"article","og_title":"Klettern an Felsw\u00e4nden - Visit Finale Ligure","og_url":"https:\/\/visitfinaleligure.it\/de\/was-kann-man-in-finale-ligure-machen\/klettern-an-felswaenden\/","og_site_name":"Visit Finale Ligure","article_publisher":"https:\/\/www.facebook.com\/VisitFinaleLigure","article_modified_time":"2023-05-03T13:52:34+00:00","og_image":[{"width":2499,"height":1668,"url":"https:\/\/visitfinaleligure.it\/wp-content\/uploads\/2023\/03\/3-A-scuola-di-arrampicata_1-1-1.jpg","type":"image\/jpeg"}],"twitter_card":"summary_large_image","twitter_misc":{"Gesch\u00e4tzte Lesezeit":"2\u00a0Minuten"},"schema":{"@context":"https:\/\/schema.org","@graph":[{"@type":"WebPage","@id":"https:\/\/visitfinaleligure.it\/de\/was-kann-man-in-finale-ligure-machen\/klettern-an-felswaenden\/","url":"https:\/\/visitfinaleligure.it\/de\/was-kann-man-in-finale-ligure-machen\/klettern-an-felswaenden\/","name":"Klettern an Felsw\u00e4nden - Visit Finale Ligure","isPartOf":{"@id":"https:\/\/visitfinaleligure.it\/de\/#website"},"primaryImageOfPage":{"@id":"https:\/\/visitfinaleligure.it\/de\/was-kann-man-in-finale-ligure-machen\/klettern-an-felswaenden\/#primaryimage"},"image":{"@id":"https:\/\/visitfinaleligure.it\/de\/was-kann-man-in-finale-ligure-machen\/klettern-an-felswaenden\/#primaryimage"},"thumbnailUrl":"https:\/\/visitfinaleligure.it\/wp-content\/uploads\/2023\/03\/3-A-scuola-di-arrampicata_1-1-1.jpg","datePublished":"2023-01-31T11:24:19+00:00","dateModified":"2023-05-03T13:52:34+00:00","breadcrumb":{"@id":"https:\/\/visitfinaleligure.it\/de\/was-kann-man-in-finale-ligure-machen\/klettern-an-felswaenden\/#breadcrumb"},"inLanguage":"de","potentialAction":[{"@type":"ReadAction","target":["https:\/\/visitfinaleligure.it\/de\/was-kann-man-in-finale-ligure-machen\/klettern-an-felswaenden\/"]}]},{"@type":"ImageObject","inLanguage":"de","@id":"https:\/\/visitfinaleligure.it\/de\/was-kann-man-in-finale-ligure-machen\/klettern-an-felswaenden\/#primaryimage","url":"https:\/\/visitfinaleligure.it\/wp-content\/uploads\/2023\/03\/3-A-scuola-di-arrampicata_1-1-1.jpg","contentUrl":"https:\/\/visitfinaleligure.it\/wp-content\/uploads\/2023\/03\/3-A-scuola-di-arrampicata_1-1-1.jpg","width":2499,"height":1668},{"@type":"BreadcrumbList","@id":"https:\/\/visitfinaleligure.it\/de\/was-kann-man-in-finale-ligure-machen\/klettern-an-felswaenden\/#breadcrumb","itemListElement":[{"@type":"ListItem","position":1,"name":"Home","item":"https:\/\/visitfinaleligure.it\/de\/"},{"@type":"ListItem","position":2,"name":"Was kann man in Finale Ligure machen?","item":"https:\/\/visitfinaleligure.it\/de\/was-kann-man-in-finale-ligure-machen\/"},{"@type":"ListItem","position":3,"name":"Klettern an Felsw\u00e4nden"}]},{"@type":"WebSite","@id":"https:\/\/visitfinaleligure.it\/de\/#website","url":"https:\/\/visitfinaleligure.it\/de\/","name":"Visit Finale Ligure","description":"My perfect place","publisher":{"@id":"https:\/\/visitfinaleligure.it\/de\/#organization"},"potentialAction":[{"@type":"SearchAction","target":{"@type":"EntryPoint","urlTemplate":"https:\/\/visitfinaleligure.it\/de\/?s={search_term_string}"},"query-input":{"@type":"PropertyValueSpecification","valueRequired":true,"valueName":"search_term_string"}}],"inLanguage":"de"},{"@type":"Organization","@id":"https:\/\/visitfinaleligure.it\/de\/#organization","name":"Comune di Finale Ligure","url":"https:\/\/visitfinaleligure.it\/de\/","logo":{"@type":"ImageObject","inLanguage":"de","@id":"https:\/\/visitfinaleligure.it\/de\/#\/schema\/logo\/image\/","url":"https:\/\/visitfinaleligure.it\/wp-content\/uploads\/2023\/04\/cropped-finaleligure-verticale-positivo-200x200-1.png","contentUrl":"https:\/\/visitfinaleligure.it\/wp-content\/uploads\/2023\/04\/cropped-finaleligure-verticale-positivo-200x200-1.png","width":512,"height":512,"caption":"Comune di Finale Ligure"},"image":{"@id":"https:\/\/visitfinaleligure.it\/de\/#\/schema\/logo\/image\/"},"sameAs":["https:\/\/www.facebook.com\/VisitFinaleLigure","https:\/\/www.instagram.com\/visitfinale\/","https:\/\/www.youtube.com\/channel\/UCLmoLfNmrAt9mSCll9egttw"]}]}},"_links":{"self":[{"href":"https:\/\/visitfinaleligure.it\/de\/wp-json\/wp\/v2\/pages\/7979","targetHints":{"allow":["GET"]}}],"collection":[{"href":"https:\/\/visitfinaleligure.it\/de\/wp-json\/wp\/v2\/pages"}],"about":[{"href":"https:\/\/visitfinaleligure.it\/de\/wp-json\/wp\/v2\/types\/page"}],"author":[{"embeddable":true,"href":"https:\/\/visitfinaleligure.it\/de\/wp-json\/wp\/v2\/users\/2"}],"replies":[{"embeddable":true,"href":"https:\/\/visitfinaleligure.it\/de\/wp-json\/wp\/v2\/comments?post=7979"}],"version-history":[{"count":5,"href":"https:\/\/visitfinaleligure.it\/de\/wp-json\/wp\/v2\/pages\/7979\/revisions"}],"predecessor-version":[{"id":7991,"href":"https:\/\/visitfinaleligure.it\/de\/wp-json\/wp\/v2\/pages\/7979\/revisions\/7991"}],"up":[{"embeddable":true,"href":"https:\/\/visitfinaleligure.it\/de\/wp-json\/wp\/v2\/pages\/8053"}],"wp:featuredmedia":[{"embeddable":true,"href":"https:\/\/visitfinaleligure.it\/de\/wp-json\/wp\/v2\/media\/6917"}],"wp:attachment":[{"href":"https:\/\/visitfinaleligure.it\/de\/wp-json\/wp\/v2\/media?parent=7979"}],"curies":[{"name":"wp","href":"https:\/\/api.w.org\/{rel}","templated":true}]}}