{"id":8002,"date":"2023-02-01T09:18:02","date_gmt":"2023-02-01T08:18:02","guid":{"rendered":"https:\/\/visitfinaleligure.it\/ein-tag-mit-dem-jungen-prinzen\/"},"modified":"2025-08-07T14:30:25","modified_gmt":"2025-08-07T12:30:25","slug":"ein-tag-mit-dem-jungen-prinzen","status":"publish","type":"page","link":"https:\/\/visitfinaleligure.it\/de\/ein-tag-mit-dem-jungen-prinzen\/","title":{"rendered":"Ein Tag mit dem Jungen Prinzen"},"content":{"rendered":"\n\n\t<section class=\"section\" id=\"section_1142277113\">\n\t\t<div class=\"section-bg fill\" >\n\t\t\t\t\t\t\t\t\t\n\t\t\t\n\n\t\t<\/div>\n\n\t\t\n\n\t\t<div class=\"section-content relative\">\n\t\t\t\n\n\t<div class=\"img has-hover x md-x lg-x y md-y lg-y\" id=\"image_826315626\">\n\t\t\t\t\t\t\t\t<div class=\"img-inner image-cover dark\" style=\"padding-top:40%;\">\n\t\t\t<img loading=\"lazy\" decoding=\"async\" width=\"2500\" height=\"1669\" src=\"https:\/\/visitfinaleligure.it\/wp-content\/uploads\/2023\/03\/Sepoltura-del-Giovane-Principe-delle-Arene-Candide_Museo-Archeologico-del-Finale-2-1.jpg\" class=\"attachment-original size-original\" alt=\"Una giornata con il Giovane Principe\" srcset=\"https:\/\/visitfinaleligure.it\/wp-content\/uploads\/2023\/03\/Sepoltura-del-Giovane-Principe-delle-Arene-Candide_Museo-Archeologico-del-Finale-2-1.jpg 2500w, https:\/\/visitfinaleligure.it\/wp-content\/uploads\/2023\/03\/Sepoltura-del-Giovane-Principe-delle-Arene-Candide_Museo-Archeologico-del-Finale-2-1-300x200.jpg 300w, https:\/\/visitfinaleligure.it\/wp-content\/uploads\/2023\/03\/Sepoltura-del-Giovane-Principe-delle-Arene-Candide_Museo-Archeologico-del-Finale-2-1-1024x684.jpg 1024w, https:\/\/visitfinaleligure.it\/wp-content\/uploads\/2023\/03\/Sepoltura-del-Giovane-Principe-delle-Arene-Candide_Museo-Archeologico-del-Finale-2-1-768x513.jpg 768w, https:\/\/visitfinaleligure.it\/wp-content\/uploads\/2023\/03\/Sepoltura-del-Giovane-Principe-delle-Arene-Candide_Museo-Archeologico-del-Finale-2-1-1536x1025.jpg 1536w, https:\/\/visitfinaleligure.it\/wp-content\/uploads\/2023\/03\/Sepoltura-del-Giovane-Principe-delle-Arene-Candide_Museo-Archeologico-del-Finale-2-1-2048x1367.jpg 2048w\" sizes=\"auto, (max-width: 2500px) 100vw, 2500px\" \/>\t\t\t\t\t\t\n\t\t\t\t\t<\/div>\n\t\t\t\t\t\t\t\t\n<style>\n#image_826315626 {\n  width: 100%;\n}\n<\/style>\n\t<\/div>\n\t\n\n\n\t\t<\/div>\n\n\t\t\n<style>\n#section_1142277113 {\n  padding-top: 30px;\n  padding-bottom: 30px;\n}\n<\/style>\n\t<\/section>\n\t\n\n\t<section class=\"section\" id=\"section_1263583449\">\n\t\t<div class=\"section-bg fill\" >\n\t\t\t\t\t\t\t\t\t\n\t\t\t\n\n\t\t<\/div>\n\n\t\t\n\n\t\t<div class=\"section-content relative\">\n\t\t\t\n\n<div class=\"row align-middle\"  id=\"row-44247447\">\n\n\n\t<div id=\"col-269425295\" class=\"col hide-for-small medium-1 small-12 large-1\"  >\n\t\t\t\t<div class=\"col-inner\"  >\n\t\t\t\n\t\t\t\n\n\n\t\t<\/div>\n\t\t\t\t\t<\/div>\n\n\t\n\n\t<div id=\"col-1415102150\" class=\"col medium-10 small-12 large-10\"  >\n\t\t\t\t<div class=\"col-inner text-left\"  >\n\t\t\t\n\t\t\t\n\n\t<div id=\"text-2985458872\" class=\"text testi-titolo-laterale\">\n\t\t\n\n<p style=\"font-family: 'Rubik'; font-size: 14px; font-weight: 500; color: rgba(39,39,39,0.4);\">WORKSHOPS ZUM GEBIET<\/p><\/p>\n\t\t\n<style>\n#text-2985458872 {\n  font-size: 1.5rem;\n  color: rgb(204, 208, 212);\n}\n#text-2985458872 > * {\n  color: rgb(204, 208, 212);\n}\n<\/style>\n\t<\/div>\n\t\n\n\t\t<\/div>\n\t\t\t\t\n<style>\n#col-1415102150 > .col-inner {\n  margin: 0px 0px 0px 0px;\n}\n@media (min-width:550px) {\n  #col-1415102150 > .col-inner {\n    margin: 0px 0px 0px 0px;\n  }\n}\n<\/style>\n\t<\/div>\n\n\t\n\n\t<div id=\"col-743719010\" class=\"col hide-for-small medium-1 small-12 large-1\"  >\n\t\t\t\t<div class=\"col-inner\"  >\n\t\t\t\n\t\t\t\n\n\n\t\t<\/div>\n\t\t\t\t\t<\/div>\n\n\t\n\n\n<style>\n#row-44247447 > .col > .col-inner {\n  padding: 0px 0px 0px 0px;\n}\n@media (min-width:550px) {\n  #row-44247447 > .col > .col-inner {\n    padding: 0px 0px 0px 0px;\n  }\n}\n<\/style>\n<\/div>\n<div class=\"row\"  id=\"row-2079774514\">\n\n\n\t<div id=\"col-266214106\" class=\"col hide-for-small medium-1 small-12 large-1\"  >\n\t\t\t\t<div class=\"col-inner text-left\"  >\n\t\t\t\n\t\t\t\n\n\n\t\t<\/div>\n\t\t\t\t\n<style>\n#col-266214106 > .col-inner {\n  margin: 0px 0px 0px 0px;\n}\n<\/style>\n\t<\/div>\n\n\t\n\n\t<div id=\"col-706171622\" class=\"col medium-6 small-12 large-6\"  >\n\t\t\t\t<div class=\"col-inner text-left\"  >\n\t\t\t\n\t\t\t\n\n\t<div id=\"text-2979067196\" class=\"text testi-titolo\">\n\t\t\n\n<h1 class=\"testi-titolo\">Ein Tag mit dem Jungen Prinzen<br>\n<\/h1>\n\t\t\n<style>\n#text-2979067196 {\n  color: rgb(0, 0, 0);\n}\n#text-2979067196 > * {\n  color: rgb(0, 0, 0);\n}\n<\/style>\n\t<\/div>\n\t\n\t<div id=\"text-4129848579\" class=\"text testi-body\">\n\t\t\n\n<p>Am 1. Mai 1942 legten die Arch\u00e4ologen Luigi Cardini und Virginia Chiappella unter der Leitung von Luigi Bernab\u00f2 Brea in der H\u00f6hle der Arene Candide auf der Landzunge von Caprazoppa in Finale Ligure in einer Tiefe von 7 Metern unter dem Boden der H\u00f6hle die <strong>Grabst\u00e4tte eines Jungen<\/strong> frei, der aufgrund der F\u00fclle seiner Grabausstattung den Namen &#8216;<strong>Junger Prinz der Arene Candide&#8217;<\/strong> erhielt.<\/p>\n\t\t\t<\/div>\n\t\n<div class=\"row row-collapse\"  id=\"row-1222428832\">\n\n\n\t<div id=\"col-443075415\" class=\"col medium-6 small-6 large-6\"  >\n\t\t\t\t<div class=\"col-inner\"  >\n\t\t\t\n\t\t\t\n\n\t<div class=\"img has-hover x md-x lg-x y md-y lg-y\" id=\"image_151844194\">\n\t\t\t\t\t\t\t\t<div class=\"img-inner image-zoom image-cover dark\" style=\"padding-top:100%;\">\n\t\t\t<img loading=\"lazy\" decoding=\"async\" width=\"1024\" height=\"649\" src=\"https:\/\/visitfinaleligure.it\/wp-content\/uploads\/2022\/12\/finale-ligure-giovane-principe-arene-candide-scheletro-mudif-1024x649-1.webp\" class=\"attachment-original size-original\" alt=\"\" srcset=\"https:\/\/visitfinaleligure.it\/wp-content\/uploads\/2022\/12\/finale-ligure-giovane-principe-arene-candide-scheletro-mudif-1024x649-1.webp 1024w, https:\/\/visitfinaleligure.it\/wp-content\/uploads\/2022\/12\/finale-ligure-giovane-principe-arene-candide-scheletro-mudif-1024x649-1-300x190.webp 300w, https:\/\/visitfinaleligure.it\/wp-content\/uploads\/2022\/12\/finale-ligure-giovane-principe-arene-candide-scheletro-mudif-1024x649-1-768x487.webp 768w\" sizes=\"auto, (max-width: 1024px) 100vw, 1024px\" \/>\t\t\t\t\t\t\n\t\t\t\t\t<\/div>\n\t\t\t\t\t\t\t\t\n<style>\n#image_151844194 {\n  width: 100%;\n}\n<\/style>\n\t<\/div>\n\t\n\n\n\t\t<\/div>\n\t\t\t\t\t<\/div>\n\n\t\n\n\t<div id=\"col-818957693\" class=\"col medium-6 small-6 large-6\"  >\n\t\t\t\t<div class=\"col-inner\"  >\n\t\t\t\n\t\t\t\n\n\t<div class=\"img has-hover x md-x lg-x y md-y lg-y\" id=\"image_871830763\">\n\t\t\t\t\t\t\t\t<div class=\"img-inner image-zoom image-cover dark\" style=\"padding-top:100%;\">\n\t\t\t<img loading=\"lazy\" decoding=\"async\" width=\"300\" height=\"190\" src=\"https:\/\/visitfinaleligure.it\/wp-content\/uploads\/2022\/12\/finale-ligure-giovane-principe-arene-candide-ricostruzione-mudif-300x190-1.webp\" class=\"attachment-original size-original\" alt=\"\" \/>\t\t\t\t\t\t\n\t\t\t\t\t<\/div>\n\t\t\t\t\t\t\t\t\n<style>\n#image_871830763 {\n  width: 100%;\n}\n<\/style>\n\t<\/div>\n\t\n\n\n\t\t<\/div>\n\t\t\t\t\t<\/div>\n\n\t\n\n\n<style>\n#row-1222428832 > .col > .col-inner {\n  padding: 0px 0px 20px 0px;\n}\n<\/style>\n<\/div>\n\t<div id=\"text-1966018663\" class=\"text testi-body\">\n\t\t\n\n<p>Dank der Untersuchungen der Funde wissen wir heute viel mehr dar\u00fcber, wer dieser Junge war und wie er lebte: Er war ein J\u00e4ger, der vor 28.000 Jahren lebte, 15-16 Jahre alt, gr\u00f6\u00dfer als 170 cm (eine sehr hohe Statur f\u00fcr einen Jungen aus dem Jungpal\u00e4olithikum) und wurde mit zahlreichen besonderen Gegenst\u00e4nden begraben, die ihn ins Jenseits begleiteten.<\/p>\n<p>Vier dieser Gegenst\u00e4nde wurden aufgrund ihrer Form und au\u00dfergew\u00f6hnlichen Seltenheit symbolisch mit k\u00f6niglichen Zeptern verglichen und daher als &#8216;Kommandost\u00e4be&#8217; bezeichnet, was auf den hohen sozialen Status des Jungen schlie\u00dfen l\u00e4sst. An seinem linken Handgelenk trug der <strong>junge Prinz<\/strong> ein Armband aus durchbohrten Muscheln mit einem Anh\u00e4nger aus Mammut-Elfenbein und auf dem Kopf einen kunstvollen Kopfschmuck aus Muscheln, die an der K\u00fcste in der N\u00e4he der H\u00f6hle gesammelt worden waren.<\/p>\n\t\t\t<\/div>\n\t\n<div class=\"is-divider divider clearfix\" style=\"max-width:750px;height:1px;background-color:rgb(0, 0, 0);\"><\/div>\n\n\t<div id=\"text-980620058\" class=\"text testi-body\">\n\t\t\n\n<p>Der junge Prinz ist der Hauptdarsteller einer Aktivit\u00e4t, die f\u00fcr Kinder und die ganze Familie geeignet ist und bei der man Geheimnisse und Kuriosit\u00e4ten \u00fcber einen der wichtigsten pr\u00e4historischen Funde im Finale-Gebiet entdecken kann!<\/p>\n\t\t\n<style>\n#text-980620058 {\n  text-align: left;\n}\n<\/style>\n\t<\/div>\n\t\n\n\t\t<\/div>\n\t\t\t\t\n<style>\n#col-706171622 > .col-inner {\n  padding: 0px 0px 0px 0px;\n  margin: 0px 0px 0px 0px;\n}\n@media (min-width:550px) {\n  #col-706171622 > .col-inner {\n    margin: -30px 0px 0px 0px;\n  }\n}\n<\/style>\n\t<\/div>\n\n\t\n\n\t<div id=\"col-675612114\" class=\"col hide-for-small medium-3 small-12 large-3\"  >\n\t\t\t\t<div class=\"col-inner text-left\" style=\"background-color:rgb(241, 241, 241);\" >\n\t\t\t\n\t\t\t\n\n\t<div class=\"img has-hover x md-x lg-x y md-y lg-y\" id=\"image_1414023495\">\n\t\t\t\t\t\t\t\t<div class=\"img-inner dark\" >\n\t\t\t<img loading=\"lazy\" decoding=\"async\" width=\"300\" height=\"102\" src=\"https:\/\/visitfinaleligure.it\/wp-content\/uploads\/2022\/12\/MUDIF-logo-orizzontale@2x-300x102-1.webp\" class=\"attachment-original size-original\" alt=\"\" \/>\t\t\t\t\t\t\n\t\t\t\t\t<\/div>\n\t\t\t\t\t\t\t\t\n<style>\n#image_1414023495 {\n  width: 76%;\n}\n<\/style>\n\t<\/div>\n\t\n\n\t<div id=\"text-2790874807\" class=\"text testi-body\">\n\t\t\n\n<p><strong>F\u00fcr weitere Infos<\/strong><\/p>\n<p><a href=\"http:\/\/www.mudifinale.com\/\" target=\"_blank\" rel=\"noopener\">www.mudifinale.com<\/a><br>Arch\u00e4ologische Museum Finale<br>Kloster St. Katharina<br>Finalborgo<br><a href=\"mailto:info@mudifinale.com\">info@mudifinale.com<\/a><\/p>\n\t\t\t<\/div>\n\t\n\n\t\t<\/div>\n\t\t\t\t\n<style>\n#col-675612114 > .col-inner {\n  padding: 10px 10px 10px 10px;\n  margin: 0px 0px 0px 0px;\n}\n@media (min-width:550px) {\n  #col-675612114 > .col-inner {\n    margin: 10px 0px 0px 10px;\n  }\n}\n<\/style>\n\t<\/div>\n\n\t\n\n<\/div>\n\n\t\t<\/div>\n\n\t\t\n<style>\n#section_1263583449 {\n  padding-top: 0px;\n  padding-bottom: 0px;\n}\n<\/style>\n\t<\/section>\n\t\n\n","protected":false},"excerpt":{"rendered":"","protected":false},"author":2,"featured_media":8228,"parent":0,"menu_order":0,"comment_status":"closed","ping_status":"closed","template":"page-blank.php","meta":{"footnotes":""},"class_list":["post-8002","page","type-page","status-publish","has-post-thumbnail","hentry"],"yoast_head":"<!-- This site is optimized with the Yoast SEO plugin v27.3 - https:\/\/yoast.com\/product\/yoast-seo-wordpress\/ -->\n<title>Ein Tag mit dem Jungen Prinzen - Visit Finale Ligure<\/title>\n<meta name=\"description\" content=\"Besuchen Sie die H\u00f6hle Arene Candide in Finale Ligure und entdecken Sie die faszinierende Geschichte des Jungen Prinzen.\" \/>\n<meta name=\"robots\" content=\"index, follow, max-snippet:-1, max-image-preview:large, max-video-preview:-1\" \/>\n<link rel=\"canonical\" href=\"https:\/\/visitfinaleligure.it\/de\/ein-tag-mit-dem-jungen-prinzen\/\" \/>\n<meta property=\"og:locale\" content=\"de_DE\" \/>\n<meta property=\"og:type\" content=\"article\" \/>\n<meta property=\"og:title\" content=\"Ein Tag mit dem Jungen Prinzen - Visit Finale Ligure\" \/>\n<meta property=\"og:description\" content=\"Besuchen Sie die H\u00f6hle Arene Candide in Finale Ligure und entdecken Sie die faszinierende Geschichte des Jungen Prinzen.\" \/>\n<meta property=\"og:url\" content=\"https:\/\/visitfinaleligure.it\/de\/ein-tag-mit-dem-jungen-prinzen\/\" \/>\n<meta property=\"og:site_name\" content=\"Visit Finale Ligure\" \/>\n<meta property=\"article:publisher\" content=\"https:\/\/www.facebook.com\/VisitFinaleLigure\" \/>\n<meta property=\"article:modified_time\" content=\"2025-08-07T12:30:25+00:00\" \/>\n<meta property=\"og:image\" content=\"https:\/\/visitfinaleligure.it\/wp-content\/uploads\/2023\/05\/Sepoltura-del-Giovane-Principe-delle-Arene-Candide_Museo-Archeologico-del-Finale-1-1.jpg\" \/>\n\t<meta property=\"og:image:width\" content=\"2199\" \/>\n\t<meta property=\"og:image:height\" content=\"1468\" \/>\n\t<meta property=\"og:image:type\" content=\"image\/jpeg\" \/>\n<meta name=\"twitter:card\" content=\"summary_large_image\" \/>\n<meta name=\"twitter:label1\" content=\"Gesch\u00e4tzte Lesezeit\" \/>\n\t<meta name=\"twitter:data1\" content=\"3\u00a0Minuten\" \/>\n<script type=\"application\/ld+json\" class=\"yoast-schema-graph\">{\"@context\":\"https:\\\/\\\/schema.org\",\"@graph\":[{\"@type\":\"WebPage\",\"@id\":\"https:\\\/\\\/visitfinaleligure.it\\\/de\\\/ein-tag-mit-dem-jungen-prinzen\\\/\",\"url\":\"https:\\\/\\\/visitfinaleligure.it\\\/de\\\/ein-tag-mit-dem-jungen-prinzen\\\/\",\"name\":\"Ein Tag mit dem Jungen Prinzen - Visit Finale Ligure\",\"isPartOf\":{\"@id\":\"https:\\\/\\\/visitfinaleligure.it\\\/de\\\/#website\"},\"primaryImageOfPage\":{\"@id\":\"https:\\\/\\\/visitfinaleligure.it\\\/de\\\/ein-tag-mit-dem-jungen-prinzen\\\/#primaryimage\"},\"image\":{\"@id\":\"https:\\\/\\\/visitfinaleligure.it\\\/de\\\/ein-tag-mit-dem-jungen-prinzen\\\/#primaryimage\"},\"thumbnailUrl\":\"https:\\\/\\\/visitfinaleligure.it\\\/wp-content\\\/uploads\\\/2023\\\/05\\\/Sepoltura-del-Giovane-Principe-delle-Arene-Candide_Museo-Archeologico-del-Finale-1-1.jpg\",\"datePublished\":\"2023-02-01T08:18:02+00:00\",\"dateModified\":\"2025-08-07T12:30:25+00:00\",\"description\":\"Besuchen Sie die H\u00f6hle Arene Candide in Finale Ligure und entdecken Sie die faszinierende Geschichte des Jungen Prinzen.\",\"breadcrumb\":{\"@id\":\"https:\\\/\\\/visitfinaleligure.it\\\/de\\\/ein-tag-mit-dem-jungen-prinzen\\\/#breadcrumb\"},\"inLanguage\":\"de\",\"potentialAction\":[{\"@type\":\"ReadAction\",\"target\":[\"https:\\\/\\\/visitfinaleligure.it\\\/de\\\/ein-tag-mit-dem-jungen-prinzen\\\/\"]}]},{\"@type\":\"ImageObject\",\"inLanguage\":\"de\",\"@id\":\"https:\\\/\\\/visitfinaleligure.it\\\/de\\\/ein-tag-mit-dem-jungen-prinzen\\\/#primaryimage\",\"url\":\"https:\\\/\\\/visitfinaleligure.it\\\/wp-content\\\/uploads\\\/2023\\\/05\\\/Sepoltura-del-Giovane-Principe-delle-Arene-Candide_Museo-Archeologico-del-Finale-1-1.jpg\",\"contentUrl\":\"https:\\\/\\\/visitfinaleligure.it\\\/wp-content\\\/uploads\\\/2023\\\/05\\\/Sepoltura-del-Giovane-Principe-delle-Arene-Candide_Museo-Archeologico-del-Finale-1-1.jpg\",\"width\":2199,\"height\":1468},{\"@type\":\"BreadcrumbList\",\"@id\":\"https:\\\/\\\/visitfinaleligure.it\\\/de\\\/ein-tag-mit-dem-jungen-prinzen\\\/#breadcrumb\",\"itemListElement\":[{\"@type\":\"ListItem\",\"position\":1,\"name\":\"Home\",\"item\":\"https:\\\/\\\/visitfinaleligure.it\\\/de\\\/\"},{\"@type\":\"ListItem\",\"position\":2,\"name\":\"Ein Tag mit dem Jungen Prinzen\"}]},{\"@type\":\"WebSite\",\"@id\":\"https:\\\/\\\/visitfinaleligure.it\\\/de\\\/#website\",\"url\":\"https:\\\/\\\/visitfinaleligure.it\\\/de\\\/\",\"name\":\"Visit Finale Ligure\",\"description\":\"My perfect place\",\"publisher\":{\"@id\":\"https:\\\/\\\/visitfinaleligure.it\\\/de\\\/#organization\"},\"potentialAction\":[{\"@type\":\"SearchAction\",\"target\":{\"@type\":\"EntryPoint\",\"urlTemplate\":\"https:\\\/\\\/visitfinaleligure.it\\\/de\\\/?s={search_term_string}\"},\"query-input\":{\"@type\":\"PropertyValueSpecification\",\"valueRequired\":true,\"valueName\":\"search_term_string\"}}],\"inLanguage\":\"de\"},{\"@type\":\"Organization\",\"@id\":\"https:\\\/\\\/visitfinaleligure.it\\\/de\\\/#organization\",\"name\":\"Comune di Finale Ligure\",\"url\":\"https:\\\/\\\/visitfinaleligure.it\\\/de\\\/\",\"logo\":{\"@type\":\"ImageObject\",\"inLanguage\":\"de\",\"@id\":\"https:\\\/\\\/visitfinaleligure.it\\\/de\\\/#\\\/schema\\\/logo\\\/image\\\/\",\"url\":\"https:\\\/\\\/visitfinaleligure.it\\\/wp-content\\\/uploads\\\/2023\\\/04\\\/cropped-finaleligure-verticale-positivo-200x200-1.png\",\"contentUrl\":\"https:\\\/\\\/visitfinaleligure.it\\\/wp-content\\\/uploads\\\/2023\\\/04\\\/cropped-finaleligure-verticale-positivo-200x200-1.png\",\"width\":512,\"height\":512,\"caption\":\"Comune di Finale Ligure\"},\"image\":{\"@id\":\"https:\\\/\\\/visitfinaleligure.it\\\/de\\\/#\\\/schema\\\/logo\\\/image\\\/\"},\"sameAs\":[\"https:\\\/\\\/www.facebook.com\\\/VisitFinaleLigure\",\"https:\\\/\\\/www.instagram.com\\\/visitfinale\\\/\",\"https:\\\/\\\/www.youtube.com\\\/channel\\\/UCLmoLfNmrAt9mSCll9egttw\"]}]}<\/script>\n<!-- \/ Yoast SEO plugin. -->","yoast_head_json":{"title":"Ein Tag mit dem Jungen Prinzen - Visit Finale Ligure","description":"Besuchen Sie die H\u00f6hle Arene Candide in Finale Ligure und entdecken Sie die faszinierende Geschichte des Jungen Prinzen.","robots":{"index":"index","follow":"follow","max-snippet":"max-snippet:-1","max-image-preview":"max-image-preview:large","max-video-preview":"max-video-preview:-1"},"canonical":"https:\/\/visitfinaleligure.it\/de\/ein-tag-mit-dem-jungen-prinzen\/","og_locale":"de_DE","og_type":"article","og_title":"Ein Tag mit dem Jungen Prinzen - Visit Finale Ligure","og_description":"Besuchen Sie die H\u00f6hle Arene Candide in Finale Ligure und entdecken Sie die faszinierende Geschichte des Jungen Prinzen.","og_url":"https:\/\/visitfinaleligure.it\/de\/ein-tag-mit-dem-jungen-prinzen\/","og_site_name":"Visit Finale Ligure","article_publisher":"https:\/\/www.facebook.com\/VisitFinaleLigure","article_modified_time":"2025-08-07T12:30:25+00:00","og_image":[{"width":2199,"height":1468,"url":"https:\/\/visitfinaleligure.it\/wp-content\/uploads\/2023\/05\/Sepoltura-del-Giovane-Principe-delle-Arene-Candide_Museo-Archeologico-del-Finale-1-1.jpg","type":"image\/jpeg"}],"twitter_card":"summary_large_image","twitter_misc":{"Gesch\u00e4tzte Lesezeit":"3\u00a0Minuten"},"schema":{"@context":"https:\/\/schema.org","@graph":[{"@type":"WebPage","@id":"https:\/\/visitfinaleligure.it\/de\/ein-tag-mit-dem-jungen-prinzen\/","url":"https:\/\/visitfinaleligure.it\/de\/ein-tag-mit-dem-jungen-prinzen\/","name":"Ein Tag mit dem Jungen Prinzen - Visit Finale Ligure","isPartOf":{"@id":"https:\/\/visitfinaleligure.it\/de\/#website"},"primaryImageOfPage":{"@id":"https:\/\/visitfinaleligure.it\/de\/ein-tag-mit-dem-jungen-prinzen\/#primaryimage"},"image":{"@id":"https:\/\/visitfinaleligure.it\/de\/ein-tag-mit-dem-jungen-prinzen\/#primaryimage"},"thumbnailUrl":"https:\/\/visitfinaleligure.it\/wp-content\/uploads\/2023\/05\/Sepoltura-del-Giovane-Principe-delle-Arene-Candide_Museo-Archeologico-del-Finale-1-1.jpg","datePublished":"2023-02-01T08:18:02+00:00","dateModified":"2025-08-07T12:30:25+00:00","description":"Besuchen Sie die H\u00f6hle Arene Candide in Finale Ligure und entdecken Sie die faszinierende Geschichte des Jungen Prinzen.","breadcrumb":{"@id":"https:\/\/visitfinaleligure.it\/de\/ein-tag-mit-dem-jungen-prinzen\/#breadcrumb"},"inLanguage":"de","potentialAction":[{"@type":"ReadAction","target":["https:\/\/visitfinaleligure.it\/de\/ein-tag-mit-dem-jungen-prinzen\/"]}]},{"@type":"ImageObject","inLanguage":"de","@id":"https:\/\/visitfinaleligure.it\/de\/ein-tag-mit-dem-jungen-prinzen\/#primaryimage","url":"https:\/\/visitfinaleligure.it\/wp-content\/uploads\/2023\/05\/Sepoltura-del-Giovane-Principe-delle-Arene-Candide_Museo-Archeologico-del-Finale-1-1.jpg","contentUrl":"https:\/\/visitfinaleligure.it\/wp-content\/uploads\/2023\/05\/Sepoltura-del-Giovane-Principe-delle-Arene-Candide_Museo-Archeologico-del-Finale-1-1.jpg","width":2199,"height":1468},{"@type":"BreadcrumbList","@id":"https:\/\/visitfinaleligure.it\/de\/ein-tag-mit-dem-jungen-prinzen\/#breadcrumb","itemListElement":[{"@type":"ListItem","position":1,"name":"Home","item":"https:\/\/visitfinaleligure.it\/de\/"},{"@type":"ListItem","position":2,"name":"Ein Tag mit dem Jungen Prinzen"}]},{"@type":"WebSite","@id":"https:\/\/visitfinaleligure.it\/de\/#website","url":"https:\/\/visitfinaleligure.it\/de\/","name":"Visit Finale Ligure","description":"My perfect place","publisher":{"@id":"https:\/\/visitfinaleligure.it\/de\/#organization"},"potentialAction":[{"@type":"SearchAction","target":{"@type":"EntryPoint","urlTemplate":"https:\/\/visitfinaleligure.it\/de\/?s={search_term_string}"},"query-input":{"@type":"PropertyValueSpecification","valueRequired":true,"valueName":"search_term_string"}}],"inLanguage":"de"},{"@type":"Organization","@id":"https:\/\/visitfinaleligure.it\/de\/#organization","name":"Comune di Finale Ligure","url":"https:\/\/visitfinaleligure.it\/de\/","logo":{"@type":"ImageObject","inLanguage":"de","@id":"https:\/\/visitfinaleligure.it\/de\/#\/schema\/logo\/image\/","url":"https:\/\/visitfinaleligure.it\/wp-content\/uploads\/2023\/04\/cropped-finaleligure-verticale-positivo-200x200-1.png","contentUrl":"https:\/\/visitfinaleligure.it\/wp-content\/uploads\/2023\/04\/cropped-finaleligure-verticale-positivo-200x200-1.png","width":512,"height":512,"caption":"Comune di Finale Ligure"},"image":{"@id":"https:\/\/visitfinaleligure.it\/de\/#\/schema\/logo\/image\/"},"sameAs":["https:\/\/www.facebook.com\/VisitFinaleLigure","https:\/\/www.instagram.com\/visitfinale\/","https:\/\/www.youtube.com\/channel\/UCLmoLfNmrAt9mSCll9egttw"]}]}},"_links":{"self":[{"href":"https:\/\/visitfinaleligure.it\/de\/wp-json\/wp\/v2\/pages\/8002","targetHints":{"allow":["GET"]}}],"collection":[{"href":"https:\/\/visitfinaleligure.it\/de\/wp-json\/wp\/v2\/pages"}],"about":[{"href":"https:\/\/visitfinaleligure.it\/de\/wp-json\/wp\/v2\/types\/page"}],"author":[{"embeddable":true,"href":"https:\/\/visitfinaleligure.it\/de\/wp-json\/wp\/v2\/users\/2"}],"replies":[{"embeddable":true,"href":"https:\/\/visitfinaleligure.it\/de\/wp-json\/wp\/v2\/comments?post=8002"}],"version-history":[{"count":2,"href":"https:\/\/visitfinaleligure.it\/de\/wp-json\/wp\/v2\/pages\/8002\/revisions"}],"predecessor-version":[{"id":13762,"href":"https:\/\/visitfinaleligure.it\/de\/wp-json\/wp\/v2\/pages\/8002\/revisions\/13762"}],"wp:featuredmedia":[{"embeddable":true,"href":"https:\/\/visitfinaleligure.it\/de\/wp-json\/wp\/v2\/media\/8228"}],"wp:attachment":[{"href":"https:\/\/visitfinaleligure.it\/de\/wp-json\/wp\/v2\/media?parent=8002"}],"curies":[{"name":"wp","href":"https:\/\/api.w.org\/{rel}","templated":true}]}}