{"id":8004,"date":"2023-02-01T09:23:22","date_gmt":"2023-02-01T08:23:22","guid":{"rendered":"https:\/\/visitfinaleligure.it\/ein-vorgeschichtlicher-mittwoch\/"},"modified":"2025-08-08T09:50:05","modified_gmt":"2025-08-08T07:50:05","slug":"ein-vorgeschichtlicher-mittwoch","status":"publish","type":"page","link":"https:\/\/visitfinaleligure.it\/de\/was-kann-man-in-finale-ligure-machen\/ein-vorgeschichtlicher-mittwoch\/","title":{"rendered":"Ein vorgeschichtlicher Mittwoch"},"content":{"rendered":"\n\n\t<section class=\"section\" id=\"section_1158585854\">\n\t\t<div class=\"section-bg fill\" >\n\t\t\t\t\t\t\t\t\t\n\t\t\t\n\n\t\t<\/div>\n\n\t\t\n\n\t\t<div class=\"section-content relative\">\n\t\t\t\n\n\t<div class=\"img has-hover x md-x lg-x y md-y lg-y\" id=\"image_1945486413\">\n\t\t\t\t\t\t\t\t<div class=\"img-inner image-cover dark\" style=\"padding-top:40%;\">\n\t\t\t<img loading=\"lazy\" decoding=\"async\" width=\"2560\" height=\"1709\" src=\"https:\/\/visitfinaleligure.it\/wp-content\/uploads\/2023\/03\/Laboratori-didattici_Museo-Archeologico-del-Finale-1-scaled.jpg\" class=\"attachment-original size-original\" alt=\"Un mercoled\u00ec da preistorico\" srcset=\"https:\/\/visitfinaleligure.it\/wp-content\/uploads\/2023\/03\/Laboratori-didattici_Museo-Archeologico-del-Finale-1-scaled.jpg 2560w, https:\/\/visitfinaleligure.it\/wp-content\/uploads\/2023\/03\/Laboratori-didattici_Museo-Archeologico-del-Finale-1-300x200.jpg 300w, https:\/\/visitfinaleligure.it\/wp-content\/uploads\/2023\/03\/Laboratori-didattici_Museo-Archeologico-del-Finale-1-1024x683.jpg 1024w, https:\/\/visitfinaleligure.it\/wp-content\/uploads\/2023\/03\/Laboratori-didattici_Museo-Archeologico-del-Finale-1-768x513.jpg 768w, https:\/\/visitfinaleligure.it\/wp-content\/uploads\/2023\/03\/Laboratori-didattici_Museo-Archeologico-del-Finale-1-1536x1025.jpg 1536w, https:\/\/visitfinaleligure.it\/wp-content\/uploads\/2023\/03\/Laboratori-didattici_Museo-Archeologico-del-Finale-1-2048x1367.jpg 2048w\" sizes=\"auto, (max-width: 2560px) 100vw, 2560px\" \/>\t\t\t\t\t\t\n\t\t\t\t\t<\/div>\n\t\t\t\t\t\t\t\t\n<style>\n#image_1945486413 {\n  width: 100%;\n}\n<\/style>\n\t<\/div>\n\t\n\n\n\t\t<\/div>\n\n\t\t\n<style>\n#section_1158585854 {\n  padding-top: 30px;\n  padding-bottom: 30px;\n}\n<\/style>\n\t<\/section>\n\t\n\n\t<section class=\"section\" id=\"section_1587228528\">\n\t\t<div class=\"section-bg fill\" >\n\t\t\t\t\t\t\t\t\t\n\t\t\t\n\n\t\t<\/div>\n\n\t\t\n\n\t\t<div class=\"section-content relative\">\n\t\t\t\n\n<div class=\"row align-middle\"  id=\"row-1759685601\">\n\n\n\t<div id=\"col-844652315\" class=\"col hide-for-small medium-1 small-12 large-1\"  >\n\t\t\t\t<div class=\"col-inner\"  >\n\t\t\t\n\t\t\t\n\n\n\t\t<\/div>\n\t\t\t\t\t<\/div>\n\n\t\n\n\t<div id=\"col-584879130\" class=\"col medium-10 small-12 large-10\"  >\n\t\t\t\t<div class=\"col-inner text-left\"  >\n\t\t\t\n\t\t\t\n\n\t<div id=\"text-1065689730\" class=\"text testi-titolo-laterale\">\n\t\t\n\n<p style=\"font-family: 'Rubik'; font-size: 14px; font-weight: 500; color: rgba(39,39,39,0.4);\">WORKSHOPS ZUM GEBIET<\/p><\/p>\n\t\t\n<style>\n#text-1065689730 {\n  font-size: 1.5rem;\n  color: rgb(204, 208, 212);\n}\n#text-1065689730 > * {\n  color: rgb(204, 208, 212);\n}\n<\/style>\n\t<\/div>\n\t\n\n\t\t<\/div>\n\t\t\t\t\n<style>\n#col-584879130 > .col-inner {\n  margin: 0px 0px 0px 0px;\n}\n@media (min-width:550px) {\n  #col-584879130 > .col-inner {\n    margin: 0px 0px 0px 0px;\n  }\n}\n<\/style>\n\t<\/div>\n\n\t\n\n\t<div id=\"col-1898293202\" class=\"col hide-for-small medium-1 small-12 large-1\"  >\n\t\t\t\t<div class=\"col-inner\"  >\n\t\t\t\n\t\t\t\n\n\n\t\t<\/div>\n\t\t\t\t\t<\/div>\n\n\t\n\n\n<style>\n#row-1759685601 > .col > .col-inner {\n  padding: 0px 0px 0px 0px;\n}\n@media (min-width:550px) {\n  #row-1759685601 > .col > .col-inner {\n    padding: 0px 0px 0px 0px;\n  }\n}\n<\/style>\n<\/div>\n<div class=\"row\"  id=\"row-2023424410\">\n\n\n\t<div id=\"col-1380121386\" class=\"col hide-for-small medium-1 small-12 large-1\"  >\n\t\t\t\t<div class=\"col-inner text-left\"  >\n\t\t\t\n\t\t\t\n\n\n\t\t<\/div>\n\t\t\t\t\n<style>\n#col-1380121386 > .col-inner {\n  margin: 0px 0px 0px 0px;\n}\n<\/style>\n\t<\/div>\n\n\t\n\n\t<div id=\"col-1590848881\" class=\"col medium-7 small-12 large-7\"  >\n\t\t\t\t<div class=\"col-inner text-left\"  >\n\t\t\t\n\t\t\t\n\n\t<div id=\"text-216540030\" class=\"text testi-titolo\">\n\t\t\n\n<h1 class=\"testi-titolo\">Ein vorgeschichtlicher Mittwoch<br>\n<\/h1>\n\t\t\n<style>\n#text-216540030 {\n  color: rgb(0, 0, 0);\n}\n#text-216540030 > * {\n  color: rgb(0, 0, 0);\n}\n<\/style>\n\t<\/div>\n\t\n\t<div id=\"text-3210335495\" class=\"text testi-body\">\n\t\t\n\n<p>In der faszinierenden Grotte der Arma delle M\u00e0nie, eine Aktivit\u00e4t f\u00fcr Familien, um die Geschichte unserer \u00e4ltesten Vorfahren zu entdecken!<br><strong>Erleben Sie einen spannenden Tag als &#8220;H\u00f6hlenmensch&#8221; an den Orten, an denen sie tats\u00e4chlich lebten.<\/strong><br>Wie sah das t\u00e4gliche Leben einer pr\u00e4historischen Familie aus? Wo lebten die M\u00e4nner, Frauen und Kinder, die vor Tausenden von Jahren in den H\u00f6hlen im Gebiet um Finale lebten, wie kleideten sie sich, wie besorgten sie ihre Nahrung und wie spielten sie?<\/p>\n\t\t\t<\/div>\n\t\n<div class=\"row row-collapse\"  id=\"row-304756041\">\n\n\n\t<div id=\"col-221408046\" class=\"col medium-4 small-6 large-4\"  >\n\t\t\t\t<div class=\"col-inner\"  >\n\t\t\t\n\t\t\t\n\n\t<div class=\"img has-hover x md-x lg-x y md-y lg-y\" id=\"image_2111233486\">\n\t\t\t\t\t\t\t\t<div class=\"img-inner image-zoom image-cover dark\" style=\"padding-top:100%;\">\n\t\t\t<img loading=\"lazy\" decoding=\"async\" width=\"600\" height=\"395\" src=\"https:\/\/visitfinaleligure.it\/wp-content\/uploads\/2023\/02\/museoarcheo-1.jpg\" class=\"attachment-original size-original\" alt=\"\" srcset=\"https:\/\/visitfinaleligure.it\/wp-content\/uploads\/2023\/02\/museoarcheo-1.jpg 600w, https:\/\/visitfinaleligure.it\/wp-content\/uploads\/2023\/02\/museoarcheo-1-300x198.jpg 300w\" sizes=\"auto, (max-width: 600px) 100vw, 600px\" \/>\t\t\t\t\t\t\n\t\t\t\t\t<\/div>\n\t\t\t\t\t\t\t\t\n<style>\n#image_2111233486 {\n  width: 100%;\n}\n<\/style>\n\t<\/div>\n\t\n\n\n\t\t<\/div>\n\t\t\t\t\t<\/div>\n\n\t\n\n\t<div id=\"col-1672875030\" class=\"col medium-4 small-6 large-4\"  >\n\t\t\t\t<div class=\"col-inner\"  >\n\t\t\t\n\t\t\t\n\n\t<div class=\"img has-hover x md-x lg-x y md-y lg-y\" id=\"image_1565297844\">\n\t\t\t\t\t\t\t\t<div class=\"img-inner image-zoom image-cover dark\" style=\"padding-top:100%;\">\n\t\t\t<img loading=\"lazy\" decoding=\"async\" width=\"768\" height=\"576\" src=\"https:\/\/visitfinaleligure.it\/wp-content\/uploads\/2023\/02\/mercoledi-preist3-768x576-1.jpg\" class=\"attachment-original size-original\" alt=\"\" srcset=\"https:\/\/visitfinaleligure.it\/wp-content\/uploads\/2023\/02\/mercoledi-preist3-768x576-1.jpg 768w, https:\/\/visitfinaleligure.it\/wp-content\/uploads\/2023\/02\/mercoledi-preist3-768x576-1-300x225.jpg 300w\" sizes=\"auto, (max-width: 768px) 100vw, 768px\" \/>\t\t\t\t\t\t\n\t\t\t\t\t<\/div>\n\t\t\t\t\t\t\t\t\n<style>\n#image_1565297844 {\n  width: 100%;\n}\n<\/style>\n\t<\/div>\n\t\n\n\n\t\t<\/div>\n\t\t\t\t\t<\/div>\n\n\t\n\n\t<div id=\"col-729013765\" class=\"col medium-4 small-12 large-4\"  >\n\t\t\t\t<div class=\"col-inner\"  >\n\t\t\t\n\t\t\t\n\n\t<div class=\"img has-hover x md-x lg-x y md-y lg-y\" id=\"image_973409095\">\n\t\t\t\t\t\t\t\t<div class=\"img-inner image-zoom image-cover dark\" style=\"padding-top:100%;\">\n\t\t\t<img loading=\"lazy\" decoding=\"async\" width=\"768\" height=\"576\" src=\"https:\/\/visitfinaleligure.it\/wp-content\/uploads\/2023\/02\/mercoledi-preist1-768x576-1.webp\" class=\"attachment-original size-original\" alt=\"\" srcset=\"https:\/\/visitfinaleligure.it\/wp-content\/uploads\/2023\/02\/mercoledi-preist1-768x576-1.webp 768w, https:\/\/visitfinaleligure.it\/wp-content\/uploads\/2023\/02\/mercoledi-preist1-768x576-1-300x225.webp 300w\" sizes=\"auto, (max-width: 768px) 100vw, 768px\" \/>\t\t\t\t\t\t\n\t\t\t\t\t<\/div>\n\t\t\t\t\t\t\t\t\n<style>\n#image_973409095 {\n  width: 100%;\n}\n<\/style>\n\t<\/div>\n\t\n\n\n\t\t<\/div>\n\t\t\t\t\t<\/div>\n\n\t\n\n<\/div>\n\t<div id=\"gap-2004504437\" class=\"gap-element clearfix\" style=\"display:block; height:auto;\">\n\t\t\n<style>\n#gap-2004504437 {\n  padding-top: 30px;\n}\n<\/style>\n\t<\/div>\n\t\n\n\t<div id=\"text-282682941\" class=\"text testi-body\">\n\t\t\n\n<p>W\u00e4hrend die Kinder bei dieser vom Arch\u00e4ologischen Museum organisierten Aktivit\u00e4t lernen, wie man Feuer macht, mit nat\u00fcrlichen Pigmenten malt und antike Musikinstrumente baut, k\u00f6nnen die Erwachsenen in Begleitung eines Arch\u00e4ologen zwei der wichtigsten St\u00e4tten in der Gegend von Finale besichtigen und dabei die Geschichte des Neandertalers und des Homo Sapiens bis zur Erfindung von Ackerbau und Viehzucht nachvollziehen.<\/p>\n\n\t\t\t<\/div>\n\t\n\n\t\t<\/div>\n\t\t\t\t\n<style>\n#col-1590848881 > .col-inner {\n  padding: 0px 0px 0px 0px;\n  margin: 0px 0px 0px 0px;\n}\n@media (min-width:550px) {\n  #col-1590848881 > .col-inner {\n    margin: -30px 0px 0px 0px;\n  }\n}\n<\/style>\n\t<\/div>\n\n\t\n\n\t<div id=\"col-308947503\" class=\"col medium-3 small-12 large-3\"  >\n\t\t\t\t<div class=\"col-inner text-left\" style=\"background-color:rgb(241, 241, 241);\" >\n\t\t\t\n\t\t\t\n\n\t<div class=\"img has-hover x md-x lg-x y md-y lg-y\" id=\"image_143133316\">\n\t\t\t\t\t\t\t\t<div class=\"img-inner dark\" >\n\t\t\t<img loading=\"lazy\" decoding=\"async\" width=\"300\" height=\"102\" src=\"https:\/\/visitfinaleligure.it\/wp-content\/uploads\/2022\/12\/MUDIF-logo-orizzontale@2x-300x102-1.webp\" class=\"attachment-original size-original\" alt=\"\" \/>\t\t\t\t\t\t\n\t\t\t\t\t<\/div>\n\t\t\t\t\t\t\t\t\n<style>\n#image_143133316 {\n  width: 76%;\n}\n<\/style>\n\t<\/div>\n\t\n\n\t<div id=\"text-2560198145\" class=\"text testi-body\">\n\t\t\n\n<div class=\"wtbx_vc_text_element wtbx_vc_text_element-86284463 wtbx_display_block\">\n<div class=\"wtbx_vc_el_container wtbx_vc_text_element_container\">\n<div class=\"wtbx_text_element_content\">\n<div class=\"wtbx_text_element_inner\">\n<p><strong>F\u00fcr ausf\u00fchrlichere Infos<\/strong><\/p>\n<p><a href=\"http:\/\/www.mudifinale.com\/\" target=\"_blank\" rel=\"noopener\">www.mudifinale.com<\/a><br>Arch\u00e4ologische Museum Finale<br>Kloster St. Katharina<br>Finalborgo<br><a href=\"mailto:info@mudifinale.com\">info@mudifinale.com<\/a><\/p>\n<\/div>\n<\/div>\n<\/div>\n<\/div>\n<div class=\"wtbx_vc_text_element wtbx_vc_text_element-86284749 wtbx_display_block\">\n<div class=\"wtbx_vc_el_container wtbx_vc_text_element_container\">\n<div class=\"wtbx_text_element_content\">\n<div class=\"wtbx_text_element_inner\">\n<p> <\/p>\n<\/div>\n<\/div>\n<\/div>\n<\/div>\n\t\t\t<\/div>\n\t\n\n\t\t<\/div>\n\t\t\t\t\n<style>\n#col-308947503 > .col-inner {\n  padding: 10px 10px 10px 10px;\n  margin: 0px 0px 0px 0px;\n}\n@media (min-width:550px) {\n  #col-308947503 > .col-inner {\n    margin: 10px 0px 0px 10px;\n  }\n}\n<\/style>\n\t<\/div>\n\n\t\n\n\t<div id=\"col-1143431849\" class=\"col hide-for-small medium-1 small-12 large-1\"  >\n\t\t\t\t<div class=\"col-inner text-left\"  >\n\t\t\t\n\t\t\t\n\n\n\t\t<\/div>\n\t\t\t\t\n<style>\n#col-1143431849 > .col-inner {\n  margin: 0px 0px 0px 0px;\n}\n<\/style>\n\t<\/div>\n\n\t\n\n<\/div>\n<div class=\"row\"  id=\"row-1019765244\">\n\n\n\t<div id=\"col-1390078558\" class=\"col hide-for-small medium-1 small-12 large-1\"  >\n\t\t\t\t<div class=\"col-inner\"  >\n\t\t\t\n\t\t\t\n\n\n\t\t<\/div>\n\t\t\t\t\t<\/div>\n\n\t\n\n\t<div id=\"col-725015798\" class=\"col hide-for-small medium-10 small-12 large-10\"  >\n\t\t\t\t<div class=\"col-inner\"  >\n\t\t\t\n\t\t\t\n\n\n\t\t<\/div>\n\t\t\t\t\t<\/div>\n\n\t\n\n\t<div id=\"col-652876687\" class=\"col hide-for-small medium-1 small-12 large-1\"  >\n\t\t\t\t<div class=\"col-inner\"  >\n\t\t\t\n\t\t\t\n\n\n\t\t<\/div>\n\t\t\t\t\t<\/div>\n\n\t\n\n<\/div>\n\n\t\t<\/div>\n\n\t\t\n<style>\n#section_1587228528 {\n  padding-top: 0px;\n  padding-bottom: 0px;\n}\n<\/style>\n\t<\/section>\n\t\n\n","protected":false},"excerpt":{"rendered":"","protected":false},"author":2,"featured_media":6243,"parent":8053,"menu_order":0,"comment_status":"closed","ping_status":"closed","template":"page-blank.php","meta":{"footnotes":""},"class_list":["post-8004","page","type-page","status-publish","has-post-thumbnail","hentry"],"yoast_head":"<!-- This site is optimized with the Yoast SEO plugin v27.3 - https:\/\/yoast.com\/product\/yoast-seo-wordpress\/ -->\n<title>Ein vorgeschichtlicher Mittwoch - Visit Finale Ligure<\/title>\n<meta name=\"description\" content=\"Familien erleben in der Grotte Arma delle M\u00e0nie das Leben der Urmenschen: Wohnen, Kleidung, Nahrung und Spiele der Vorzeit.\" \/>\n<meta name=\"robots\" content=\"index, follow, max-snippet:-1, max-image-preview:large, max-video-preview:-1\" \/>\n<link rel=\"canonical\" href=\"https:\/\/visitfinaleligure.it\/de\/was-kann-man-in-finale-ligure-machen\/ein-vorgeschichtlicher-mittwoch\/\" \/>\n<meta property=\"og:locale\" content=\"de_DE\" \/>\n<meta property=\"og:type\" content=\"article\" \/>\n<meta property=\"og:title\" content=\"Ein vorgeschichtlicher Mittwoch - Visit Finale Ligure\" \/>\n<meta property=\"og:description\" content=\"Familien erleben in der Grotte Arma delle M\u00e0nie das Leben der Urmenschen: Wohnen, Kleidung, Nahrung und Spiele der Vorzeit.\" \/>\n<meta property=\"og:url\" content=\"https:\/\/visitfinaleligure.it\/de\/was-kann-man-in-finale-ligure-machen\/ein-vorgeschichtlicher-mittwoch\/\" \/>\n<meta property=\"og:site_name\" content=\"Visit Finale Ligure\" \/>\n<meta property=\"article:publisher\" content=\"https:\/\/www.facebook.com\/VisitFinaleLigure\" \/>\n<meta property=\"article:modified_time\" content=\"2025-08-08T07:50:05+00:00\" \/>\n<meta property=\"og:image\" content=\"https:\/\/visitfinaleligure.it\/wp-content\/uploads\/2023\/01\/Laboratori-didattici_Museo-Archeologico-del-Finale-768x513-1.jpg\" \/>\n\t<meta property=\"og:image:width\" content=\"768\" \/>\n\t<meta property=\"og:image:height\" content=\"513\" \/>\n\t<meta property=\"og:image:type\" content=\"image\/jpeg\" \/>\n<meta name=\"twitter:card\" content=\"summary_large_image\" \/>\n<meta name=\"twitter:label1\" content=\"Gesch\u00e4tzte Lesezeit\" \/>\n\t<meta name=\"twitter:data1\" content=\"3\u00a0Minuten\" \/>\n<script type=\"application\/ld+json\" class=\"yoast-schema-graph\">{\"@context\":\"https:\\\/\\\/schema.org\",\"@graph\":[{\"@type\":\"WebPage\",\"@id\":\"https:\\\/\\\/visitfinaleligure.it\\\/de\\\/was-kann-man-in-finale-ligure-machen\\\/ein-vorgeschichtlicher-mittwoch\\\/\",\"url\":\"https:\\\/\\\/visitfinaleligure.it\\\/de\\\/was-kann-man-in-finale-ligure-machen\\\/ein-vorgeschichtlicher-mittwoch\\\/\",\"name\":\"Ein vorgeschichtlicher Mittwoch - Visit Finale Ligure\",\"isPartOf\":{\"@id\":\"https:\\\/\\\/visitfinaleligure.it\\\/de\\\/#website\"},\"primaryImageOfPage\":{\"@id\":\"https:\\\/\\\/visitfinaleligure.it\\\/de\\\/was-kann-man-in-finale-ligure-machen\\\/ein-vorgeschichtlicher-mittwoch\\\/#primaryimage\"},\"image\":{\"@id\":\"https:\\\/\\\/visitfinaleligure.it\\\/de\\\/was-kann-man-in-finale-ligure-machen\\\/ein-vorgeschichtlicher-mittwoch\\\/#primaryimage\"},\"thumbnailUrl\":\"https:\\\/\\\/visitfinaleligure.it\\\/wp-content\\\/uploads\\\/2023\\\/01\\\/Laboratori-didattici_Museo-Archeologico-del-Finale-768x513-1.jpg\",\"datePublished\":\"2023-02-01T08:23:22+00:00\",\"dateModified\":\"2025-08-08T07:50:05+00:00\",\"description\":\"Familien erleben in der Grotte Arma delle M\u00e0nie das Leben der Urmenschen: Wohnen, Kleidung, Nahrung und Spiele der Vorzeit.\",\"breadcrumb\":{\"@id\":\"https:\\\/\\\/visitfinaleligure.it\\\/de\\\/was-kann-man-in-finale-ligure-machen\\\/ein-vorgeschichtlicher-mittwoch\\\/#breadcrumb\"},\"inLanguage\":\"de\",\"potentialAction\":[{\"@type\":\"ReadAction\",\"target\":[\"https:\\\/\\\/visitfinaleligure.it\\\/de\\\/was-kann-man-in-finale-ligure-machen\\\/ein-vorgeschichtlicher-mittwoch\\\/\"]}]},{\"@type\":\"ImageObject\",\"inLanguage\":\"de\",\"@id\":\"https:\\\/\\\/visitfinaleligure.it\\\/de\\\/was-kann-man-in-finale-ligure-machen\\\/ein-vorgeschichtlicher-mittwoch\\\/#primaryimage\",\"url\":\"https:\\\/\\\/visitfinaleligure.it\\\/wp-content\\\/uploads\\\/2023\\\/01\\\/Laboratori-didattici_Museo-Archeologico-del-Finale-768x513-1.jpg\",\"contentUrl\":\"https:\\\/\\\/visitfinaleligure.it\\\/wp-content\\\/uploads\\\/2023\\\/01\\\/Laboratori-didattici_Museo-Archeologico-del-Finale-768x513-1.jpg\",\"width\":768,\"height\":513},{\"@type\":\"BreadcrumbList\",\"@id\":\"https:\\\/\\\/visitfinaleligure.it\\\/de\\\/was-kann-man-in-finale-ligure-machen\\\/ein-vorgeschichtlicher-mittwoch\\\/#breadcrumb\",\"itemListElement\":[{\"@type\":\"ListItem\",\"position\":1,\"name\":\"Home\",\"item\":\"https:\\\/\\\/visitfinaleligure.it\\\/de\\\/\"},{\"@type\":\"ListItem\",\"position\":2,\"name\":\"Was kann man in Finale Ligure machen?\",\"item\":\"https:\\\/\\\/visitfinaleligure.it\\\/de\\\/was-kann-man-in-finale-ligure-machen\\\/\"},{\"@type\":\"ListItem\",\"position\":3,\"name\":\"Ein vorgeschichtlicher Mittwoch\"}]},{\"@type\":\"WebSite\",\"@id\":\"https:\\\/\\\/visitfinaleligure.it\\\/de\\\/#website\",\"url\":\"https:\\\/\\\/visitfinaleligure.it\\\/de\\\/\",\"name\":\"Visit Finale Ligure\",\"description\":\"My perfect place\",\"publisher\":{\"@id\":\"https:\\\/\\\/visitfinaleligure.it\\\/de\\\/#organization\"},\"potentialAction\":[{\"@type\":\"SearchAction\",\"target\":{\"@type\":\"EntryPoint\",\"urlTemplate\":\"https:\\\/\\\/visitfinaleligure.it\\\/de\\\/?s={search_term_string}\"},\"query-input\":{\"@type\":\"PropertyValueSpecification\",\"valueRequired\":true,\"valueName\":\"search_term_string\"}}],\"inLanguage\":\"de\"},{\"@type\":\"Organization\",\"@id\":\"https:\\\/\\\/visitfinaleligure.it\\\/de\\\/#organization\",\"name\":\"Comune di Finale Ligure\",\"url\":\"https:\\\/\\\/visitfinaleligure.it\\\/de\\\/\",\"logo\":{\"@type\":\"ImageObject\",\"inLanguage\":\"de\",\"@id\":\"https:\\\/\\\/visitfinaleligure.it\\\/de\\\/#\\\/schema\\\/logo\\\/image\\\/\",\"url\":\"https:\\\/\\\/visitfinaleligure.it\\\/wp-content\\\/uploads\\\/2023\\\/04\\\/cropped-finaleligure-verticale-positivo-200x200-1.png\",\"contentUrl\":\"https:\\\/\\\/visitfinaleligure.it\\\/wp-content\\\/uploads\\\/2023\\\/04\\\/cropped-finaleligure-verticale-positivo-200x200-1.png\",\"width\":512,\"height\":512,\"caption\":\"Comune di Finale Ligure\"},\"image\":{\"@id\":\"https:\\\/\\\/visitfinaleligure.it\\\/de\\\/#\\\/schema\\\/logo\\\/image\\\/\"},\"sameAs\":[\"https:\\\/\\\/www.facebook.com\\\/VisitFinaleLigure\",\"https:\\\/\\\/www.instagram.com\\\/visitfinale\\\/\",\"https:\\\/\\\/www.youtube.com\\\/channel\\\/UCLmoLfNmrAt9mSCll9egttw\"]}]}<\/script>\n<!-- \/ Yoast SEO plugin. -->","yoast_head_json":{"title":"Ein vorgeschichtlicher Mittwoch - Visit Finale Ligure","description":"Familien erleben in der Grotte Arma delle M\u00e0nie das Leben der Urmenschen: Wohnen, Kleidung, Nahrung und Spiele der Vorzeit.","robots":{"index":"index","follow":"follow","max-snippet":"max-snippet:-1","max-image-preview":"max-image-preview:large","max-video-preview":"max-video-preview:-1"},"canonical":"https:\/\/visitfinaleligure.it\/de\/was-kann-man-in-finale-ligure-machen\/ein-vorgeschichtlicher-mittwoch\/","og_locale":"de_DE","og_type":"article","og_title":"Ein vorgeschichtlicher Mittwoch - Visit Finale Ligure","og_description":"Familien erleben in der Grotte Arma delle M\u00e0nie das Leben der Urmenschen: Wohnen, Kleidung, Nahrung und Spiele der Vorzeit.","og_url":"https:\/\/visitfinaleligure.it\/de\/was-kann-man-in-finale-ligure-machen\/ein-vorgeschichtlicher-mittwoch\/","og_site_name":"Visit Finale Ligure","article_publisher":"https:\/\/www.facebook.com\/VisitFinaleLigure","article_modified_time":"2025-08-08T07:50:05+00:00","og_image":[{"width":768,"height":513,"url":"https:\/\/visitfinaleligure.it\/wp-content\/uploads\/2023\/01\/Laboratori-didattici_Museo-Archeologico-del-Finale-768x513-1.jpg","type":"image\/jpeg"}],"twitter_card":"summary_large_image","twitter_misc":{"Gesch\u00e4tzte Lesezeit":"3\u00a0Minuten"},"schema":{"@context":"https:\/\/schema.org","@graph":[{"@type":"WebPage","@id":"https:\/\/visitfinaleligure.it\/de\/was-kann-man-in-finale-ligure-machen\/ein-vorgeschichtlicher-mittwoch\/","url":"https:\/\/visitfinaleligure.it\/de\/was-kann-man-in-finale-ligure-machen\/ein-vorgeschichtlicher-mittwoch\/","name":"Ein vorgeschichtlicher Mittwoch - Visit Finale Ligure","isPartOf":{"@id":"https:\/\/visitfinaleligure.it\/de\/#website"},"primaryImageOfPage":{"@id":"https:\/\/visitfinaleligure.it\/de\/was-kann-man-in-finale-ligure-machen\/ein-vorgeschichtlicher-mittwoch\/#primaryimage"},"image":{"@id":"https:\/\/visitfinaleligure.it\/de\/was-kann-man-in-finale-ligure-machen\/ein-vorgeschichtlicher-mittwoch\/#primaryimage"},"thumbnailUrl":"https:\/\/visitfinaleligure.it\/wp-content\/uploads\/2023\/01\/Laboratori-didattici_Museo-Archeologico-del-Finale-768x513-1.jpg","datePublished":"2023-02-01T08:23:22+00:00","dateModified":"2025-08-08T07:50:05+00:00","description":"Familien erleben in der Grotte Arma delle M\u00e0nie das Leben der Urmenschen: Wohnen, Kleidung, Nahrung und Spiele der Vorzeit.","breadcrumb":{"@id":"https:\/\/visitfinaleligure.it\/de\/was-kann-man-in-finale-ligure-machen\/ein-vorgeschichtlicher-mittwoch\/#breadcrumb"},"inLanguage":"de","potentialAction":[{"@type":"ReadAction","target":["https:\/\/visitfinaleligure.it\/de\/was-kann-man-in-finale-ligure-machen\/ein-vorgeschichtlicher-mittwoch\/"]}]},{"@type":"ImageObject","inLanguage":"de","@id":"https:\/\/visitfinaleligure.it\/de\/was-kann-man-in-finale-ligure-machen\/ein-vorgeschichtlicher-mittwoch\/#primaryimage","url":"https:\/\/visitfinaleligure.it\/wp-content\/uploads\/2023\/01\/Laboratori-didattici_Museo-Archeologico-del-Finale-768x513-1.jpg","contentUrl":"https:\/\/visitfinaleligure.it\/wp-content\/uploads\/2023\/01\/Laboratori-didattici_Museo-Archeologico-del-Finale-768x513-1.jpg","width":768,"height":513},{"@type":"BreadcrumbList","@id":"https:\/\/visitfinaleligure.it\/de\/was-kann-man-in-finale-ligure-machen\/ein-vorgeschichtlicher-mittwoch\/#breadcrumb","itemListElement":[{"@type":"ListItem","position":1,"name":"Home","item":"https:\/\/visitfinaleligure.it\/de\/"},{"@type":"ListItem","position":2,"name":"Was kann man in Finale Ligure machen?","item":"https:\/\/visitfinaleligure.it\/de\/was-kann-man-in-finale-ligure-machen\/"},{"@type":"ListItem","position":3,"name":"Ein vorgeschichtlicher Mittwoch"}]},{"@type":"WebSite","@id":"https:\/\/visitfinaleligure.it\/de\/#website","url":"https:\/\/visitfinaleligure.it\/de\/","name":"Visit Finale Ligure","description":"My perfect place","publisher":{"@id":"https:\/\/visitfinaleligure.it\/de\/#organization"},"potentialAction":[{"@type":"SearchAction","target":{"@type":"EntryPoint","urlTemplate":"https:\/\/visitfinaleligure.it\/de\/?s={search_term_string}"},"query-input":{"@type":"PropertyValueSpecification","valueRequired":true,"valueName":"search_term_string"}}],"inLanguage":"de"},{"@type":"Organization","@id":"https:\/\/visitfinaleligure.it\/de\/#organization","name":"Comune di Finale Ligure","url":"https:\/\/visitfinaleligure.it\/de\/","logo":{"@type":"ImageObject","inLanguage":"de","@id":"https:\/\/visitfinaleligure.it\/de\/#\/schema\/logo\/image\/","url":"https:\/\/visitfinaleligure.it\/wp-content\/uploads\/2023\/04\/cropped-finaleligure-verticale-positivo-200x200-1.png","contentUrl":"https:\/\/visitfinaleligure.it\/wp-content\/uploads\/2023\/04\/cropped-finaleligure-verticale-positivo-200x200-1.png","width":512,"height":512,"caption":"Comune di Finale Ligure"},"image":{"@id":"https:\/\/visitfinaleligure.it\/de\/#\/schema\/logo\/image\/"},"sameAs":["https:\/\/www.facebook.com\/VisitFinaleLigure","https:\/\/www.instagram.com\/visitfinale\/","https:\/\/www.youtube.com\/channel\/UCLmoLfNmrAt9mSCll9egttw"]}]}},"_links":{"self":[{"href":"https:\/\/visitfinaleligure.it\/de\/wp-json\/wp\/v2\/pages\/8004","targetHints":{"allow":["GET"]}}],"collection":[{"href":"https:\/\/visitfinaleligure.it\/de\/wp-json\/wp\/v2\/pages"}],"about":[{"href":"https:\/\/visitfinaleligure.it\/de\/wp-json\/wp\/v2\/types\/page"}],"author":[{"embeddable":true,"href":"https:\/\/visitfinaleligure.it\/de\/wp-json\/wp\/v2\/users\/2"}],"replies":[{"embeddable":true,"href":"https:\/\/visitfinaleligure.it\/de\/wp-json\/wp\/v2\/comments?post=8004"}],"version-history":[{"count":3,"href":"https:\/\/visitfinaleligure.it\/de\/wp-json\/wp\/v2\/pages\/8004\/revisions"}],"predecessor-version":[{"id":8007,"href":"https:\/\/visitfinaleligure.it\/de\/wp-json\/wp\/v2\/pages\/8004\/revisions\/8007"}],"up":[{"embeddable":true,"href":"https:\/\/visitfinaleligure.it\/de\/wp-json\/wp\/v2\/pages\/8053"}],"wp:featuredmedia":[{"embeddable":true,"href":"https:\/\/visitfinaleligure.it\/de\/wp-json\/wp\/v2\/media\/6243"}],"wp:attachment":[{"href":"https:\/\/visitfinaleligure.it\/de\/wp-json\/wp\/v2\/media?parent=8004"}],"curies":[{"name":"wp","href":"https:\/\/api.w.org\/{rel}","templated":true}]}}