{"id":8012,"date":"2023-02-01T10:09:44","date_gmt":"2023-02-01T09:09:44","guid":{"rendered":"https:\/\/visitfinaleligure.it\/outdoor\/stimmungen-zwischen-segeln-und-meer\/"},"modified":"2025-08-07T17:46:52","modified_gmt":"2025-08-07T15:46:52","slug":"stimmungen-zwischen-segeln-und-meer","status":"publish","type":"page","link":"https:\/\/visitfinaleligure.it\/de\/outdoor\/stimmungen-zwischen-segeln-und-meer\/","title":{"rendered":"Stimmungen zwischen Segeln und Meer"},"content":{"rendered":"\n\n\t<section class=\"section\" id=\"section_595692456\">\n\t\t<div class=\"section-bg fill\" >\n\t\t\t\t\t\t\t\t\t\n\t\t\t\n\n\t\t<\/div>\n\n\t\t\n\n\t\t<div class=\"section-content relative\">\n\t\t\t\n\n\t<div class=\"img has-hover x md-x lg-x y md-y lg-y\" id=\"image_1006794367\">\n\t\t\t\t\t\t\t\t<div class=\"img-inner image-cover dark\" style=\"padding-top:40%;\">\n\t\t\t<img loading=\"lazy\" decoding=\"async\" width=\"1417\" height=\"946\" src=\"https:\/\/visitfinaleligure.it\/wp-content\/uploads\/2023\/03\/Barca-a-vela-fronte-Punta-Crena_sullo-sfondo-Capo-Noli-1.jpg\" class=\"attachment-original size-original\" alt=\"\" srcset=\"https:\/\/visitfinaleligure.it\/wp-content\/uploads\/2023\/03\/Barca-a-vela-fronte-Punta-Crena_sullo-sfondo-Capo-Noli-1.jpg 1417w, https:\/\/visitfinaleligure.it\/wp-content\/uploads\/2023\/03\/Barca-a-vela-fronte-Punta-Crena_sullo-sfondo-Capo-Noli-1-300x200.jpg 300w, https:\/\/visitfinaleligure.it\/wp-content\/uploads\/2023\/03\/Barca-a-vela-fronte-Punta-Crena_sullo-sfondo-Capo-Noli-1-1024x684.jpg 1024w, https:\/\/visitfinaleligure.it\/wp-content\/uploads\/2023\/03\/Barca-a-vela-fronte-Punta-Crena_sullo-sfondo-Capo-Noli-1-768x513.jpg 768w\" sizes=\"auto, (max-width: 1417px) 100vw, 1417px\" \/>\t\t\t\t\t\t\n\t\t\t\t\t<\/div>\n\t\t\t\t\t\t\t\t\n<style>\n#image_1006794367 {\n  width: 100%;\n}\n<\/style>\n\t<\/div>\n\t\n\n\n\t\t<\/div>\n\n\t\t\n<style>\n#section_595692456 {\n  padding-top: 30px;\n  padding-bottom: 30px;\n}\n<\/style>\n\t<\/section>\n\t\n\n\t<section class=\"section\" id=\"section_1713929253\">\n\t\t<div class=\"section-bg fill\" >\n\t\t\t\t\t\t\t\t\t\n\t\t\t\n\n\t\t<\/div>\n\n\t\t\n\n\t\t<div class=\"section-content relative\">\n\t\t\t\n\n<div class=\"row\"  id=\"row-1130863124\">\n\n\n\t<div id=\"col-1413672807\" class=\"col hide-for-small medium-1 small-12 large-1\"  >\n\t\t\t\t<div class=\"col-inner text-left\"  >\n\t\t\t\n\t\t\t\n\n\n\t\t<\/div>\n\t\t\t\t\n<style>\n#col-1413672807 > .col-inner {\n  margin: 0px 0px 0px 0px;\n}\n<\/style>\n\t<\/div>\n\n\t\n\n\t<div id=\"col-59727007\" class=\"col medium-10 small-12 large-10\"  >\n\t\t\t\t<div class=\"col-inner text-left\"  >\n\t\t\t\n\t\t\t\n\n\t<div id=\"text-1227223003\" class=\"text testi-body\">\n\t\t\n\n<h1 class=\"testi-titolo\" style=\"text-align: left;\">Stimmungen zwischen Segeln und Meer<\/h1>\n\t\t\n<style>\n#text-1227223003 {\n  font-size: 1.5rem;\n  text-align: left;\n  color: rgb(0,0,0);\n}\n#text-1227223003 > * {\n  color: rgb(0,0,0);\n}\n<\/style>\n\t<\/div>\n\t\n<p>Wer Ligurien ansieht, wei\u00df, dass man Ligurien nur vom Meer aus sehen kann. So k\u00f6nnte man einen Spruch von Fossati umschreiben, und was k\u00f6nnte besser sein, als das edle <a href=\"https:\/\/visitfinaleligure.it\/scopri-finalborgo\/\">Finalborgo<\/a> verschanzt unter der strengen Festung von Castel San Giovanni, das elegante <a href=\"https:\/\/visitfinaleligure.it\/scopri-finalmarina\/\">Finalmarina<\/a>, das beeindruckende <a href=\"https:\/\/visitfinaleligure.it\/scopri-finalpia\/\">Finalpia<\/a>, das bunte <a href=\"https:\/\/visitfinaleligure.it\/scopri-varigotti\/\">Varigotti<\/a> vom Deck eines Segelbootes aus anzusehen?<\/p>\n<p style=\"text-align: left;\">Die Stille, die nur durch das S\u00e4useln des Windes an den Segeln und das Pl\u00e4tschern des Meeres am Rumpf unterbrochen wird, f\u00fcllt den Segelausflug zwischen Capo Noli, der Insel Bergeggi und der Bucht der Sarazenen mit Stimmung.<\/p>\n<p>Und wer wei\u00df, ob Sie nicht mit etwas Gl\u00fcck verspielte Delfine, zahme Schnabelwale, gro\u00dfe Meeresschildkr\u00f6ten (Caretta Caretta), elegante Mantarochen und Kugelfische als Reisebegleiter haben. Wenn Sie in das Blau des Meeres blicken, wird es nicht schwer sein, den herrlichen Meeresboden der Algen Posidonia zu sehen, der von Tausenden von Fischen, Mollusken und Krustentieren bewohnt wird&#8230; Und wer m\u00f6chte, kann unter der Anleitung der erfahrenen Skipper auch den Nervenkitzel erleben, das Ruder des Bootes zu \u00fcbernehmen, f\u00fcr einen Adrenalinsto\u00df, den Sie nie vergessen werden! Stimmungen auf den Weiten des Windes, zwischen Meer, Natur und einzigartigen Landschaften!<\/p>\n\n<div class=\"row\"  id=\"row-1060219225\">\n\n\n\t<div id=\"col-1992001076\" class=\"col medium-6 small-12 large-6\"  >\n\t\t\t\t<div class=\"col-inner\"  >\n\t\t\t\n\t\t\t\n\n\t<div class=\"img has-hover x md-x lg-x y md-y lg-y\" id=\"image_478581384\">\n\t\t\t\t\t\t\t\t<div class=\"img-inner image-cover dark\" style=\"padding-top:56.25%;\">\n\t\t\t<img loading=\"lazy\" decoding=\"async\" width=\"768\" height=\"512\" src=\"https:\/\/visitfinaleligure.it\/wp-content\/uploads\/2023\/02\/avvist2-768x512-1.webp\" class=\"attachment-original size-original\" alt=\"\" srcset=\"https:\/\/visitfinaleligure.it\/wp-content\/uploads\/2023\/02\/avvist2-768x512-1.webp 768w, https:\/\/visitfinaleligure.it\/wp-content\/uploads\/2023\/02\/avvist2-768x512-1-300x200.webp 300w\" sizes=\"auto, (max-width: 768px) 100vw, 768px\" \/>\t\t\t\t\t\t\n\t\t\t\t\t<\/div>\n\t\t\t\t\t\t\t\t\n<style>\n#image_478581384 {\n  width: 100%;\n}\n<\/style>\n\t<\/div>\n\t\n\n\t<div class=\"img has-hover x md-x lg-x y md-y lg-y\" id=\"image_1575631447\">\n\t\t\t\t\t\t\t\t<div class=\"img-inner image-cover dark\" style=\"padding-top:56.25%;\">\n\t\t\t<img loading=\"lazy\" decoding=\"async\" width=\"768\" height=\"512\" src=\"https:\/\/visitfinaleligure.it\/wp-content\/uploads\/2023\/02\/avvist3-768x512-1.webp\" class=\"attachment-original size-original\" alt=\"\" srcset=\"https:\/\/visitfinaleligure.it\/wp-content\/uploads\/2023\/02\/avvist3-768x512-1.webp 768w, https:\/\/visitfinaleligure.it\/wp-content\/uploads\/2023\/02\/avvist3-768x512-1-300x200.webp 300w\" sizes=\"auto, (max-width: 768px) 100vw, 768px\" \/>\t\t\t\t\t\t\n\t\t\t\t\t<\/div>\n\t\t\t\t\t\t\t\t\n<style>\n#image_1575631447 {\n  width: 100%;\n}\n<\/style>\n\t<\/div>\n\t\n\n\n\t\t<\/div>\n\t\t\t\t\t<\/div>\n\n\t\n\n\t<div id=\"col-1992079672\" class=\"col medium-6 small-12 large-6\"  >\n\t\t\t\t<div class=\"col-inner\"  >\n\t\t\t\n\t\t\t\n\n\t<div class=\"img has-hover x md-x lg-x y md-y lg-y\" id=\"image_1946888567\">\n\t\t\t\t\t\t\t\t<div class=\"img-inner image-cover dark\" style=\"padding-top:56.25%;\">\n\t\t\t<img loading=\"lazy\" decoding=\"async\" width=\"768\" height=\"512\" src=\"https:\/\/visitfinaleligure.it\/wp-content\/uploads\/2023\/02\/avvist5-768x512-1.webp\" class=\"attachment-original size-original\" alt=\"\" srcset=\"https:\/\/visitfinaleligure.it\/wp-content\/uploads\/2023\/02\/avvist5-768x512-1.webp 768w, https:\/\/visitfinaleligure.it\/wp-content\/uploads\/2023\/02\/avvist5-768x512-1-300x200.webp 300w\" sizes=\"auto, (max-width: 768px) 100vw, 768px\" \/>\t\t\t\t\t\t\n\t\t\t\t\t<\/div>\n\t\t\t\t\t\t\t\t\n<style>\n#image_1946888567 {\n  width: 100%;\n}\n<\/style>\n\t<\/div>\n\t\n\n\t<div class=\"img has-hover x md-x lg-x y md-y lg-y\" id=\"image_417603581\">\n\t\t\t\t\t\t\t\t<div class=\"img-inner image-cover dark\" style=\"padding-top:56.25%;\">\n\t\t\t<img loading=\"lazy\" decoding=\"async\" width=\"768\" height=\"512\" src=\"https:\/\/visitfinaleligure.it\/wp-content\/uploads\/2023\/02\/avvist4-768x512-1.webp\" class=\"attachment-original size-original\" alt=\"\" srcset=\"https:\/\/visitfinaleligure.it\/wp-content\/uploads\/2023\/02\/avvist4-768x512-1.webp 768w, https:\/\/visitfinaleligure.it\/wp-content\/uploads\/2023\/02\/avvist4-768x512-1-300x200.webp 300w\" sizes=\"auto, (max-width: 768px) 100vw, 768px\" \/>\t\t\t\t\t\t\n\t\t\t\t\t<\/div>\n\t\t\t\t\t\t\t\t\n<style>\n#image_417603581 {\n  width: 100%;\n}\n<\/style>\n\t<\/div>\n\t\n\n\n\t\t<\/div>\n\t\t\t\t\t<\/div>\n\n\t\n\n<\/div>\n<div class=\"nav-wrapper\"><ul class=\"nav nav-uppercase nav-vertical nav-line-bottom text-left nav-left\"><p class=\"lead shortcode-error text-center\">Sorry, no pages was found<\/p><\/ul><\/div>\n\n\n\t\t<\/div>\n\t\t\t\t\t<\/div>\n\n\t\n\n\t<div id=\"col-422203372\" class=\"col hide-for-small medium-1 small-7 large-1\"  >\n\t\t\t\t<div class=\"col-inner text-left\"  >\n\t\t\t\n\t\t\t\n\n\n\t\t<\/div>\n\t\t\t\t\n<style>\n#col-422203372 > .col-inner {\n  margin: 0px 0px 0px 0px;\n}\n<\/style>\n\t<\/div>\n\n\t\n\n<\/div>\n\n\t\t<\/div>\n\n\t\t\n<style>\n#section_1713929253 {\n  padding-top: 0px;\n  padding-bottom: 0px;\n}\n<\/style>\n\t<\/section>\n\t\n\n","protected":false},"excerpt":{"rendered":"","protected":false},"author":2,"featured_media":0,"parent":7674,"menu_order":0,"comment_status":"closed","ping_status":"closed","template":"page-blank.php","meta":{"footnotes":""},"class_list":["post-8012","page","type-page","status-publish","hentry"],"yoast_head":"<!-- This site is optimized with the Yoast SEO plugin v27.3 - https:\/\/yoast.com\/product\/yoast-seo-wordpress\/ -->\n<title>Stimmungen zwischen Segeln und Meer - Visit Finale Ligure<\/title>\n<meta name=\"description\" content=\"Segeln in Finale Ligure: zwischen Wind, Meer, Delfinen und unvergesslichen Ausblicken. Entdecke Ligurien vom Wasser aus!\" \/>\n<meta name=\"robots\" content=\"index, follow, max-snippet:-1, max-image-preview:large, max-video-preview:-1\" \/>\n<link rel=\"canonical\" href=\"https:\/\/visitfinaleligure.it\/de\/outdoor\/stimmungen-zwischen-segeln-und-meer\/\" \/>\n<meta property=\"og:locale\" content=\"de_DE\" \/>\n<meta property=\"og:type\" content=\"article\" \/>\n<meta property=\"og:title\" content=\"Stimmungen zwischen Segeln und Meer - Visit Finale Ligure\" \/>\n<meta property=\"og:description\" content=\"Segeln in Finale Ligure: zwischen Wind, Meer, Delfinen und unvergesslichen Ausblicken. Entdecke Ligurien vom Wasser aus!\" \/>\n<meta property=\"og:url\" content=\"https:\/\/visitfinaleligure.it\/de\/outdoor\/stimmungen-zwischen-segeln-und-meer\/\" \/>\n<meta property=\"og:site_name\" content=\"Visit Finale Ligure\" \/>\n<meta property=\"article:publisher\" content=\"https:\/\/www.facebook.com\/VisitFinaleLigure\" \/>\n<meta property=\"article:modified_time\" content=\"2025-08-07T15:46:52+00:00\" \/>\n<meta property=\"og:image\" content=\"https:\/\/visitfinaleligure.it\/wp-content\/uploads\/2023\/03\/Capo-caprazoppa-1-1.jpg\" \/>\n\t<meta property=\"og:image:width\" content=\"2500\" \/>\n\t<meta property=\"og:image:height\" content=\"1405\" \/>\n\t<meta property=\"og:image:type\" content=\"image\/jpeg\" \/>\n<meta name=\"twitter:card\" content=\"summary_large_image\" \/>\n<meta name=\"twitter:label1\" content=\"Gesch\u00e4tzte Lesezeit\" \/>\n\t<meta name=\"twitter:data1\" content=\"2\u00a0Minuten\" \/>\n<script type=\"application\/ld+json\" class=\"yoast-schema-graph\">{\"@context\":\"https:\\\/\\\/schema.org\",\"@graph\":[{\"@type\":\"WebPage\",\"@id\":\"https:\\\/\\\/visitfinaleligure.it\\\/de\\\/outdoor\\\/stimmungen-zwischen-segeln-und-meer\\\/\",\"url\":\"https:\\\/\\\/visitfinaleligure.it\\\/de\\\/outdoor\\\/stimmungen-zwischen-segeln-und-meer\\\/\",\"name\":\"Stimmungen zwischen Segeln und Meer - Visit Finale Ligure\",\"isPartOf\":{\"@id\":\"https:\\\/\\\/visitfinaleligure.it\\\/de\\\/#website\"},\"datePublished\":\"2023-02-01T09:09:44+00:00\",\"dateModified\":\"2025-08-07T15:46:52+00:00\",\"description\":\"Segeln in Finale Ligure: zwischen Wind, Meer, Delfinen und unvergesslichen Ausblicken. Entdecke Ligurien vom Wasser aus!\",\"breadcrumb\":{\"@id\":\"https:\\\/\\\/visitfinaleligure.it\\\/de\\\/outdoor\\\/stimmungen-zwischen-segeln-und-meer\\\/#breadcrumb\"},\"inLanguage\":\"de\",\"potentialAction\":[{\"@type\":\"ReadAction\",\"target\":[\"https:\\\/\\\/visitfinaleligure.it\\\/de\\\/outdoor\\\/stimmungen-zwischen-segeln-und-meer\\\/\"]}]},{\"@type\":\"BreadcrumbList\",\"@id\":\"https:\\\/\\\/visitfinaleligure.it\\\/de\\\/outdoor\\\/stimmungen-zwischen-segeln-und-meer\\\/#breadcrumb\",\"itemListElement\":[{\"@type\":\"ListItem\",\"position\":1,\"name\":\"Home\",\"item\":\"https:\\\/\\\/visitfinaleligure.it\\\/de\\\/\"},{\"@type\":\"ListItem\",\"position\":2,\"name\":\"Outdoor\",\"item\":\"https:\\\/\\\/visitfinaleligure.it\\\/de\\\/outdoor\\\/\"},{\"@type\":\"ListItem\",\"position\":3,\"name\":\"Stimmungen zwischen Segeln und Meer\"}]},{\"@type\":\"WebSite\",\"@id\":\"https:\\\/\\\/visitfinaleligure.it\\\/de\\\/#website\",\"url\":\"https:\\\/\\\/visitfinaleligure.it\\\/de\\\/\",\"name\":\"Visit Finale Ligure\",\"description\":\"My perfect place\",\"publisher\":{\"@id\":\"https:\\\/\\\/visitfinaleligure.it\\\/de\\\/#organization\"},\"potentialAction\":[{\"@type\":\"SearchAction\",\"target\":{\"@type\":\"EntryPoint\",\"urlTemplate\":\"https:\\\/\\\/visitfinaleligure.it\\\/de\\\/?s={search_term_string}\"},\"query-input\":{\"@type\":\"PropertyValueSpecification\",\"valueRequired\":true,\"valueName\":\"search_term_string\"}}],\"inLanguage\":\"de\"},{\"@type\":\"Organization\",\"@id\":\"https:\\\/\\\/visitfinaleligure.it\\\/de\\\/#organization\",\"name\":\"Comune di Finale Ligure\",\"url\":\"https:\\\/\\\/visitfinaleligure.it\\\/de\\\/\",\"logo\":{\"@type\":\"ImageObject\",\"inLanguage\":\"de\",\"@id\":\"https:\\\/\\\/visitfinaleligure.it\\\/de\\\/#\\\/schema\\\/logo\\\/image\\\/\",\"url\":\"https:\\\/\\\/visitfinaleligure.it\\\/wp-content\\\/uploads\\\/2023\\\/04\\\/cropped-finaleligure-verticale-positivo-200x200-1.png\",\"contentUrl\":\"https:\\\/\\\/visitfinaleligure.it\\\/wp-content\\\/uploads\\\/2023\\\/04\\\/cropped-finaleligure-verticale-positivo-200x200-1.png\",\"width\":512,\"height\":512,\"caption\":\"Comune di Finale Ligure\"},\"image\":{\"@id\":\"https:\\\/\\\/visitfinaleligure.it\\\/de\\\/#\\\/schema\\\/logo\\\/image\\\/\"},\"sameAs\":[\"https:\\\/\\\/www.facebook.com\\\/VisitFinaleLigure\",\"https:\\\/\\\/www.instagram.com\\\/visitfinale\\\/\",\"https:\\\/\\\/www.youtube.com\\\/channel\\\/UCLmoLfNmrAt9mSCll9egttw\"]}]}<\/script>\n<!-- \/ Yoast SEO plugin. -->","yoast_head_json":{"title":"Stimmungen zwischen Segeln und Meer - Visit Finale Ligure","description":"Segeln in Finale Ligure: zwischen Wind, Meer, Delfinen und unvergesslichen Ausblicken. Entdecke Ligurien vom Wasser aus!","robots":{"index":"index","follow":"follow","max-snippet":"max-snippet:-1","max-image-preview":"max-image-preview:large","max-video-preview":"max-video-preview:-1"},"canonical":"https:\/\/visitfinaleligure.it\/de\/outdoor\/stimmungen-zwischen-segeln-und-meer\/","og_locale":"de_DE","og_type":"article","og_title":"Stimmungen zwischen Segeln und Meer - Visit Finale Ligure","og_description":"Segeln in Finale Ligure: zwischen Wind, Meer, Delfinen und unvergesslichen Ausblicken. Entdecke Ligurien vom Wasser aus!","og_url":"https:\/\/visitfinaleligure.it\/de\/outdoor\/stimmungen-zwischen-segeln-und-meer\/","og_site_name":"Visit Finale Ligure","article_publisher":"https:\/\/www.facebook.com\/VisitFinaleLigure","article_modified_time":"2025-08-07T15:46:52+00:00","og_image":[{"width":2500,"height":1405,"url":"https:\/\/visitfinaleligure.it\/wp-content\/uploads\/2023\/03\/Capo-caprazoppa-1-1.jpg","type":"image\/jpeg"}],"twitter_card":"summary_large_image","twitter_misc":{"Gesch\u00e4tzte Lesezeit":"2\u00a0Minuten"},"schema":{"@context":"https:\/\/schema.org","@graph":[{"@type":"WebPage","@id":"https:\/\/visitfinaleligure.it\/de\/outdoor\/stimmungen-zwischen-segeln-und-meer\/","url":"https:\/\/visitfinaleligure.it\/de\/outdoor\/stimmungen-zwischen-segeln-und-meer\/","name":"Stimmungen zwischen Segeln und Meer - Visit Finale Ligure","isPartOf":{"@id":"https:\/\/visitfinaleligure.it\/de\/#website"},"datePublished":"2023-02-01T09:09:44+00:00","dateModified":"2025-08-07T15:46:52+00:00","description":"Segeln in Finale Ligure: zwischen Wind, Meer, Delfinen und unvergesslichen Ausblicken. Entdecke Ligurien vom Wasser aus!","breadcrumb":{"@id":"https:\/\/visitfinaleligure.it\/de\/outdoor\/stimmungen-zwischen-segeln-und-meer\/#breadcrumb"},"inLanguage":"de","potentialAction":[{"@type":"ReadAction","target":["https:\/\/visitfinaleligure.it\/de\/outdoor\/stimmungen-zwischen-segeln-und-meer\/"]}]},{"@type":"BreadcrumbList","@id":"https:\/\/visitfinaleligure.it\/de\/outdoor\/stimmungen-zwischen-segeln-und-meer\/#breadcrumb","itemListElement":[{"@type":"ListItem","position":1,"name":"Home","item":"https:\/\/visitfinaleligure.it\/de\/"},{"@type":"ListItem","position":2,"name":"Outdoor","item":"https:\/\/visitfinaleligure.it\/de\/outdoor\/"},{"@type":"ListItem","position":3,"name":"Stimmungen zwischen Segeln und Meer"}]},{"@type":"WebSite","@id":"https:\/\/visitfinaleligure.it\/de\/#website","url":"https:\/\/visitfinaleligure.it\/de\/","name":"Visit Finale Ligure","description":"My perfect place","publisher":{"@id":"https:\/\/visitfinaleligure.it\/de\/#organization"},"potentialAction":[{"@type":"SearchAction","target":{"@type":"EntryPoint","urlTemplate":"https:\/\/visitfinaleligure.it\/de\/?s={search_term_string}"},"query-input":{"@type":"PropertyValueSpecification","valueRequired":true,"valueName":"search_term_string"}}],"inLanguage":"de"},{"@type":"Organization","@id":"https:\/\/visitfinaleligure.it\/de\/#organization","name":"Comune di Finale Ligure","url":"https:\/\/visitfinaleligure.it\/de\/","logo":{"@type":"ImageObject","inLanguage":"de","@id":"https:\/\/visitfinaleligure.it\/de\/#\/schema\/logo\/image\/","url":"https:\/\/visitfinaleligure.it\/wp-content\/uploads\/2023\/04\/cropped-finaleligure-verticale-positivo-200x200-1.png","contentUrl":"https:\/\/visitfinaleligure.it\/wp-content\/uploads\/2023\/04\/cropped-finaleligure-verticale-positivo-200x200-1.png","width":512,"height":512,"caption":"Comune di Finale Ligure"},"image":{"@id":"https:\/\/visitfinaleligure.it\/de\/#\/schema\/logo\/image\/"},"sameAs":["https:\/\/www.facebook.com\/VisitFinaleLigure","https:\/\/www.instagram.com\/visitfinale\/","https:\/\/www.youtube.com\/channel\/UCLmoLfNmrAt9mSCll9egttw"]}]}},"_links":{"self":[{"href":"https:\/\/visitfinaleligure.it\/de\/wp-json\/wp\/v2\/pages\/8012","targetHints":{"allow":["GET"]}}],"collection":[{"href":"https:\/\/visitfinaleligure.it\/de\/wp-json\/wp\/v2\/pages"}],"about":[{"href":"https:\/\/visitfinaleligure.it\/de\/wp-json\/wp\/v2\/types\/page"}],"author":[{"embeddable":true,"href":"https:\/\/visitfinaleligure.it\/de\/wp-json\/wp\/v2\/users\/2"}],"replies":[{"embeddable":true,"href":"https:\/\/visitfinaleligure.it\/de\/wp-json\/wp\/v2\/comments?post=8012"}],"version-history":[{"count":1,"href":"https:\/\/visitfinaleligure.it\/de\/wp-json\/wp\/v2\/pages\/8012\/revisions"}],"predecessor-version":[{"id":8013,"href":"https:\/\/visitfinaleligure.it\/de\/wp-json\/wp\/v2\/pages\/8012\/revisions\/8013"}],"up":[{"embeddable":true,"href":"https:\/\/visitfinaleligure.it\/de\/wp-json\/wp\/v2\/pages\/7674"}],"wp:attachment":[{"href":"https:\/\/visitfinaleligure.it\/de\/wp-json\/wp\/v2\/media?parent=8012"}],"curies":[{"name":"wp","href":"https:\/\/api.w.org\/{rel}","templated":true}]}}