{"id":8039,"date":"2023-02-01T12:10:42","date_gmt":"2023-02-01T11:10:42","guid":{"rendered":"https:\/\/visitfinaleligure.it\/archaeobike-auf-den-spuren-der-alten-roemer\/"},"modified":"2025-08-08T09:39:37","modified_gmt":"2025-08-08T07:39:37","slug":"archaeobike-auf-den-spuren-der-alten-roemer","status":"publish","type":"page","link":"https:\/\/visitfinaleligure.it\/de\/was-kann-man-in-finale-ligure-machen\/archaeobike-auf-den-spuren-der-alten-roemer\/","title":{"rendered":"Arch\u00e4obike auf den Spuren der alten R\u00f6mer"},"content":{"rendered":"\n\n\t<section class=\"section\" id=\"section_291524821\">\n\t\t<div class=\"section-bg fill\" >\n\t\t\t\t\t\t\t\t\t\n\t\t\t\n\n\t\t<\/div>\n\n\t\t\n\n\t\t<div class=\"section-content relative\">\n\t\t\t\n\n\t<div class=\"img has-hover x md-x lg-x y md-y lg-y\" id=\"image_1054120165\">\n\t\t\t\t\t\t\t\t<div class=\"img-inner image-cover dark\" style=\"padding-top:40%;\">\n\t\t\t<img loading=\"lazy\" decoding=\"async\" width=\"1500\" height=\"1000\" src=\"https:\/\/visitfinaleligure.it\/wp-content\/uploads\/2023\/02\/FLOW_2018_226.jpg\" class=\"attachment-original size-original\" alt=\"Archeobike sulle tracce degli antichi romani\" srcset=\"https:\/\/visitfinaleligure.it\/wp-content\/uploads\/2023\/02\/FLOW_2018_226.jpg 1500w, https:\/\/visitfinaleligure.it\/wp-content\/uploads\/2023\/02\/FLOW_2018_226-300x200.jpg 300w, https:\/\/visitfinaleligure.it\/wp-content\/uploads\/2023\/02\/FLOW_2018_226-1024x683.jpg 1024w, https:\/\/visitfinaleligure.it\/wp-content\/uploads\/2023\/02\/FLOW_2018_226-768x512.jpg 768w\" sizes=\"auto, (max-width: 1500px) 100vw, 1500px\" \/>\t\t\t\t\t\t\n\t\t\t\t\t<\/div>\n\t\t\t\t\t\t\t\t\n<style>\n#image_1054120165 {\n  width: 100%;\n}\n<\/style>\n\t<\/div>\n\t\n\n\n\t\t<\/div>\n\n\t\t\n<style>\n#section_291524821 {\n  padding-top: 30px;\n  padding-bottom: 30px;\n}\n<\/style>\n\t<\/section>\n\t\n\n\t<section class=\"section\" id=\"section_550786181\">\n\t\t<div class=\"section-bg fill\" >\n\t\t\t\t\t\t\t\t\t\n\t\t\t\n\n\t\t<\/div>\n\n\t\t\n\n\t\t<div class=\"section-content relative\">\n\t\t\t\n\n<div class=\"row align-middle\"  id=\"row-1232856560\">\n\n\n\t<div id=\"col-1946678685\" class=\"col hide-for-small medium-1 small-12 large-1\"  >\n\t\t\t\t<div class=\"col-inner\"  >\n\t\t\t\n\t\t\t\n\n\n\t\t<\/div>\n\t\t\t\t\t<\/div>\n\n\t\n\n\t<div id=\"col-1032949834\" class=\"col medium-10 small-12 large-10\"  >\n\t\t\t\t<div class=\"col-inner text-left\"  >\n\t\t\t\n\t\t\t\n\n<h1 class=\"testi-titolo\" style=\"text-align: left;\">Arch\u00e4obike auf den Spuren der alten R\u00f6mer<\/h1>\n\n\t\t<\/div>\n\t\t\t\t\n<style>\n#col-1032949834 > .col-inner {\n  margin: 0px 0px 0px 0px;\n}\n@media (min-width:550px) {\n  #col-1032949834 > .col-inner {\n    margin: 0px 0px 0px 0px;\n  }\n}\n<\/style>\n\t<\/div>\n\n\t\n\n\t<div id=\"col-65608838\" class=\"col hide-for-small medium-1 small-12 large-1\"  >\n\t\t\t\t<div class=\"col-inner\"  >\n\t\t\t\n\t\t\t\n\n\n\t\t<\/div>\n\t\t\t\t\t<\/div>\n\n\t\n\n\n<style>\n#row-1232856560 > .col > .col-inner {\n  padding: 0px 0px 0px 0px;\n}\n@media (min-width:550px) {\n  #row-1232856560 > .col > .col-inner {\n    padding: 0px 0px 0px 0px;\n  }\n}\n<\/style>\n<\/div>\n<div class=\"row\"  id=\"row-1408536007\">\n\n\n\t<div id=\"col-2068219362\" class=\"col hide-for-small medium-1 small-12 large-1\"  >\n\t\t\t\t<div class=\"col-inner text-left\"  >\n\t\t\t\n\t\t\t\n\n\n\t\t<\/div>\n\t\t\t\t\n<style>\n#col-2068219362 > .col-inner {\n  margin: 0px 0px 0px 0px;\n}\n<\/style>\n\t<\/div>\n\n\t\n\n\t<div id=\"col-1905546437\" class=\"col medium-10 small-12 large-10\"  >\n\t\t\t\t<div class=\"col-inner text-left\"  >\n\t\t\t\n\t\t\t\n\n<p>Kann man mit dem Rad ein Museum besuchen?<\/p>\n<p>In Finale Ligure kann die Antwort darauf nur ja lauten!<\/p>\n<p>Das umfangreiche Streckennetz, das mit dem MTB befahren werden kann, f\u00fchrt auch an Denkm\u00e4lern und Zeugnissen vergangener Jahrhunderte vorbei. Sie begeistern sich f\u00fcr die Vorgeschichte, die Geheimnisse um die Anwesenheit der ersten Menschen, ihre Lebensweise und ihre Rituale? Dann gibt es nichts Besseres als die &#8216;<strong>Ciappi Tour<\/strong>&#8216;.<\/p>\n<p>Eine einfache, f\u00fcr jedermann geeignete Route, die nach San Bernardino f\u00fchrt, um den&nbsp;<strong>Ciappo dei Ceci<\/strong>&nbsp;und den&nbsp;<strong>Ciappo delle Conche<\/strong> zu entdecken.<\/p>\n<p><strong>Was sind denn diese &#8220;Ciappi&#8221;?<\/strong>&nbsp;Das sind gro\u00dfe Steine, in die die ersten Bewohner der Gegend von Finale in pr\u00e4historischer Zeit (manche Historiker sprechen von der Eisenzeit) Zeichen eingravierten, Schalengr\u00e4ber anlegten und kleine Kan\u00e4le gruben. Und wof\u00fcr waren sie gut? Vielleicht, um Regenwasser zu sammeln und es in kleine Tr\u00f6ge f\u00fcr die Tiere abzuleiten, vielleicht f\u00fcr Bes\u00e4nftigungsrituale.<\/p>\n\t<div class=\"img has-hover x md-x lg-x y md-y lg-y\" id=\"image_55661160\">\n\t\t\t\t\t\t\t\t<div class=\"img-inner dark\" >\n\t\t\t<img loading=\"lazy\" decoding=\"async\" width=\"1024\" height=\"632\" src=\"https:\/\/visitfinaleligure.it\/wp-content\/uploads\/2022\/12\/valponci-1024x632-1.jpg\" class=\"attachment-original size-original\" alt=\"\" srcset=\"https:\/\/visitfinaleligure.it\/wp-content\/uploads\/2022\/12\/valponci-1024x632-1.jpg 1024w, https:\/\/visitfinaleligure.it\/wp-content\/uploads\/2022\/12\/valponci-1024x632-1-300x185.jpg 300w, https:\/\/visitfinaleligure.it\/wp-content\/uploads\/2022\/12\/valponci-1024x632-1-768x474.jpg 768w\" sizes=\"auto, (max-width: 1024px) 100vw, 1024px\" \/>\t\t\t\t\t\t\n\t\t\t\t\t<\/div>\n\t\t\t\t\t\t\t\t\n<style>\n#image_55661160 {\n  width: 100%;\n}\n<\/style>\n\t<\/div>\n\t\n\n<div class=\"wtbx_vc_text_element wtbx_vc_text_element-229494778 wtbx_display_block\">\n<div class=\"wtbx_vc_el_container wtbx_vc_text_element_container\">\n<div class=\"wtbx_text_element_content\">\n<div class=\"wtbx_text_element_inner\">&nbsp;<\/div>\n<\/div>\n<\/div>\n<\/div>\n<div class=\"wtbx_vc_text_element wtbx_vc_text_element-229494778 wtbx_display_block\">\n<div class=\"wtbx_vc_el_container wtbx_vc_text_element_container\">\n<div class=\"wtbx_text_element_content\">\n<div class=\"wtbx_text_element_inner\">\n<div class=\"wtbx_vc_text_element wtbx_vc_text_element-122882153 wtbx_display_block\">\n<div class=\"wtbx_vc_el_container wtbx_vc_text_element_container\">\n<div class=\"wtbx_text_element_content\">\n<div class=\"wtbx_text_element_inner\">\n<p>F\u00fcr diejenigen, die die j\u00fcngere (sozusagen&#8230;) Geschichte bevorzugen, gibt es nichts Besseres als eine Tour, wieder mit dem MTB&nbsp;, zu den <strong>r\u00f6mischen Br\u00fccken<\/strong>, f\u00fcnf Br\u00fccken, die noch immer \u00fcberquert werden k\u00f6nnen, entlang der antiken Via Julia Augusta (13-12 v. Chr.), die das Gallien diesseits der Alpen mit dem Gallien jenseits der Alpen durch das bereits romanisierte Ligurien verband.<\/p>\n<p><em>Mit dem Fahrrad durch die Geschichte, kurz gesagt, ein wahrhaftes Erlebnis der Erkenntnis!<\/em><\/p>\n<\/div>\n<\/div>\n<\/div>\n<\/div>\n<\/div>\n<\/div>\n<\/div>\n<\/div>\n<div class=\"row\"  id=\"row-544329942\">\n\n\n\t<div id=\"col-2102607871\" class=\"col medium-6 small-12 large-6\"  >\n\t\t\t\t<div class=\"col-inner\"  >\n\t\t\t\n\t\t\t\n\n\t<div class=\"img has-hover x md-x lg-x y md-y lg-y\" id=\"image_1711076153\">\n\t\t\t\t\t\t\t\t<div class=\"img-inner image-cover dark\" style=\"padding-top:75%;\">\n\t\t\t<img loading=\"lazy\" decoding=\"async\" width=\"768\" height=\"528\" src=\"https:\/\/visitfinaleligure.it\/wp-content\/uploads\/2023\/02\/3_SEN_Ciappi-SanBernardino-768x528-1.jpg\" class=\"attachment-original size-original\" alt=\"\" srcset=\"https:\/\/visitfinaleligure.it\/wp-content\/uploads\/2023\/02\/3_SEN_Ciappi-SanBernardino-768x528-1.jpg 768w, https:\/\/visitfinaleligure.it\/wp-content\/uploads\/2023\/02\/3_SEN_Ciappi-SanBernardino-768x528-1-300x206.jpg 300w\" sizes=\"auto, (max-width: 768px) 100vw, 768px\" \/>\t\t\t\t\t\t\n\t\t\t\t\t<\/div>\n\t\t\t\t\t\t\t\t\n<style>\n#image_1711076153 {\n  width: 100%;\n}\n<\/style>\n\t<\/div>\n\t\n\n\n\t\t<\/div>\n\t\t\t\t\t<\/div>\n\n\t\n\n\t<div id=\"col-1216247049\" class=\"col medium-6 small-12 large-6\"  >\n\t\t\t\t<div class=\"col-inner\"  >\n\t\t\t\n\t\t\t\n\n\t<div class=\"img has-hover x md-x lg-x y md-y lg-y\" id=\"image_1533087127\">\n\t\t\t\t\t\t\t\t<div class=\"img-inner image-cover dark\" style=\"padding-top:75%;\">\n\t\t\t<img loading=\"lazy\" decoding=\"async\" width=\"768\" height=\"566\" src=\"https:\/\/visitfinaleligure.it\/wp-content\/uploads\/2023\/02\/ciappo_ceci_finale-768x566-1.png\" class=\"attachment-original size-original\" alt=\"\" srcset=\"https:\/\/visitfinaleligure.it\/wp-content\/uploads\/2023\/02\/ciappo_ceci_finale-768x566-1.png 768w, https:\/\/visitfinaleligure.it\/wp-content\/uploads\/2023\/02\/ciappo_ceci_finale-768x566-1-300x221.png 300w\" sizes=\"auto, (max-width: 768px) 100vw, 768px\" \/>\t\t\t\t\t\t\n\t\t\t\t\t<\/div>\n\t\t\t\t\t\t\t\t\n<style>\n#image_1533087127 {\n  width: 100%;\n}\n<\/style>\n\t<\/div>\n\t\n\n\n\t\t<\/div>\n\t\t\t\t\t<\/div>\n\n\t\n\n<\/div>\n\n\t\t<\/div>\n\t\t\t\t\n<style>\n#col-1905546437 > .col-inner {\n  margin: -30px 0px 0px 0px;\n}\n<\/style>\n\t<\/div>\n\n\t\n\n\t<div id=\"col-145647733\" class=\"col hide-for-small medium-1 small-7 large-1\"  >\n\t\t\t\t<div class=\"col-inner text-left\"  >\n\t\t\t\n\t\t\t\n\n\n\t\t<\/div>\n\t\t\t\t\n<style>\n#col-145647733 > .col-inner {\n  margin: 0px 0px 0px 0px;\n}\n<\/style>\n\t<\/div>\n\n\t\n\n<\/div>\n\n\t\t<\/div>\n\n\t\t\n<style>\n#section_550786181 {\n  padding-top: 0px;\n  padding-bottom: 0px;\n}\n<\/style>\n\t<\/section>\n\t\n\n","protected":false},"excerpt":{"rendered":"","protected":false},"author":2,"featured_media":6449,"parent":8053,"menu_order":0,"comment_status":"closed","ping_status":"closed","template":"page-blank.php","meta":{"footnotes":""},"class_list":["post-8039","page","type-page","status-publish","has-post-thumbnail","hentry"],"yoast_head":"<!-- This site is optimized with the Yoast SEO plugin v27.3 - https:\/\/yoast.com\/product\/yoast-seo-wordpress\/ -->\n<title>Arch\u00e4obike auf den Spuren der alten R\u00f6mer - Visit Finale Ligure<\/title>\n<meta name=\"description\" content=\"Mit dem Mountainbike zu den pr\u00e4historischen \u201eCiappi\u201c bei Finale Ligure radeln und in die faszinierende Geschichte der Region eintauchen.\" \/>\n<meta name=\"robots\" content=\"index, follow, max-snippet:-1, max-image-preview:large, max-video-preview:-1\" \/>\n<link rel=\"canonical\" href=\"https:\/\/visitfinaleligure.it\/de\/was-kann-man-in-finale-ligure-machen\/archaeobike-auf-den-spuren-der-alten-roemer\/\" \/>\n<meta property=\"og:locale\" content=\"de_DE\" \/>\n<meta property=\"og:type\" content=\"article\" \/>\n<meta property=\"og:title\" content=\"Arch\u00e4obike auf den Spuren der alten R\u00f6mer - Visit Finale Ligure\" \/>\n<meta property=\"og:description\" content=\"Mit dem Mountainbike zu den pr\u00e4historischen \u201eCiappi\u201c bei Finale Ligure radeln und in die faszinierende Geschichte der Region eintauchen.\" \/>\n<meta property=\"og:url\" content=\"https:\/\/visitfinaleligure.it\/de\/was-kann-man-in-finale-ligure-machen\/archaeobike-auf-den-spuren-der-alten-roemer\/\" \/>\n<meta property=\"og:site_name\" content=\"Visit Finale Ligure\" \/>\n<meta property=\"article:publisher\" content=\"https:\/\/www.facebook.com\/VisitFinaleLigure\" \/>\n<meta property=\"article:modified_time\" content=\"2025-08-08T07:39:37+00:00\" \/>\n<meta property=\"og:image\" content=\"https:\/\/visitfinaleligure.it\/wp-content\/uploads\/2023\/02\/FLOW_2018_226.jpg\" \/>\n\t<meta property=\"og:image:width\" content=\"1500\" \/>\n\t<meta property=\"og:image:height\" content=\"1000\" \/>\n\t<meta property=\"og:image:type\" content=\"image\/jpeg\" \/>\n<meta name=\"twitter:card\" content=\"summary_large_image\" \/>\n<meta name=\"twitter:label1\" content=\"Gesch\u00e4tzte Lesezeit\" \/>\n\t<meta name=\"twitter:data1\" content=\"2\u00a0Minuten\" \/>\n<script type=\"application\/ld+json\" class=\"yoast-schema-graph\">{\"@context\":\"https:\\\/\\\/schema.org\",\"@graph\":[{\"@type\":\"WebPage\",\"@id\":\"https:\\\/\\\/visitfinaleligure.it\\\/de\\\/was-kann-man-in-finale-ligure-machen\\\/archaeobike-auf-den-spuren-der-alten-roemer\\\/\",\"url\":\"https:\\\/\\\/visitfinaleligure.it\\\/de\\\/was-kann-man-in-finale-ligure-machen\\\/archaeobike-auf-den-spuren-der-alten-roemer\\\/\",\"name\":\"Arch\u00e4obike auf den Spuren der alten R\u00f6mer - Visit Finale Ligure\",\"isPartOf\":{\"@id\":\"https:\\\/\\\/visitfinaleligure.it\\\/de\\\/#website\"},\"primaryImageOfPage\":{\"@id\":\"https:\\\/\\\/visitfinaleligure.it\\\/de\\\/was-kann-man-in-finale-ligure-machen\\\/archaeobike-auf-den-spuren-der-alten-roemer\\\/#primaryimage\"},\"image\":{\"@id\":\"https:\\\/\\\/visitfinaleligure.it\\\/de\\\/was-kann-man-in-finale-ligure-machen\\\/archaeobike-auf-den-spuren-der-alten-roemer\\\/#primaryimage\"},\"thumbnailUrl\":\"https:\\\/\\\/visitfinaleligure.it\\\/wp-content\\\/uploads\\\/2023\\\/02\\\/FLOW_2018_226.jpg\",\"datePublished\":\"2023-02-01T11:10:42+00:00\",\"dateModified\":\"2025-08-08T07:39:37+00:00\",\"description\":\"Mit dem Mountainbike zu den pr\u00e4historischen \u201eCiappi\u201c bei Finale Ligure radeln und in die faszinierende Geschichte der Region eintauchen.\",\"breadcrumb\":{\"@id\":\"https:\\\/\\\/visitfinaleligure.it\\\/de\\\/was-kann-man-in-finale-ligure-machen\\\/archaeobike-auf-den-spuren-der-alten-roemer\\\/#breadcrumb\"},\"inLanguage\":\"de\",\"potentialAction\":[{\"@type\":\"ReadAction\",\"target\":[\"https:\\\/\\\/visitfinaleligure.it\\\/de\\\/was-kann-man-in-finale-ligure-machen\\\/archaeobike-auf-den-spuren-der-alten-roemer\\\/\"]}]},{\"@type\":\"ImageObject\",\"inLanguage\":\"de\",\"@id\":\"https:\\\/\\\/visitfinaleligure.it\\\/de\\\/was-kann-man-in-finale-ligure-machen\\\/archaeobike-auf-den-spuren-der-alten-roemer\\\/#primaryimage\",\"url\":\"https:\\\/\\\/visitfinaleligure.it\\\/wp-content\\\/uploads\\\/2023\\\/02\\\/FLOW_2018_226.jpg\",\"contentUrl\":\"https:\\\/\\\/visitfinaleligure.it\\\/wp-content\\\/uploads\\\/2023\\\/02\\\/FLOW_2018_226.jpg\",\"width\":1500,\"height\":1000},{\"@type\":\"BreadcrumbList\",\"@id\":\"https:\\\/\\\/visitfinaleligure.it\\\/de\\\/was-kann-man-in-finale-ligure-machen\\\/archaeobike-auf-den-spuren-der-alten-roemer\\\/#breadcrumb\",\"itemListElement\":[{\"@type\":\"ListItem\",\"position\":1,\"name\":\"Home\",\"item\":\"https:\\\/\\\/visitfinaleligure.it\\\/de\\\/\"},{\"@type\":\"ListItem\",\"position\":2,\"name\":\"Was kann man in Finale Ligure machen?\",\"item\":\"https:\\\/\\\/visitfinaleligure.it\\\/de\\\/was-kann-man-in-finale-ligure-machen\\\/\"},{\"@type\":\"ListItem\",\"position\":3,\"name\":\"Arch\u00e4obike auf den Spuren der alten R\u00f6mer\"}]},{\"@type\":\"WebSite\",\"@id\":\"https:\\\/\\\/visitfinaleligure.it\\\/de\\\/#website\",\"url\":\"https:\\\/\\\/visitfinaleligure.it\\\/de\\\/\",\"name\":\"Visit Finale Ligure\",\"description\":\"My perfect place\",\"publisher\":{\"@id\":\"https:\\\/\\\/visitfinaleligure.it\\\/de\\\/#organization\"},\"potentialAction\":[{\"@type\":\"SearchAction\",\"target\":{\"@type\":\"EntryPoint\",\"urlTemplate\":\"https:\\\/\\\/visitfinaleligure.it\\\/de\\\/?s={search_term_string}\"},\"query-input\":{\"@type\":\"PropertyValueSpecification\",\"valueRequired\":true,\"valueName\":\"search_term_string\"}}],\"inLanguage\":\"de\"},{\"@type\":\"Organization\",\"@id\":\"https:\\\/\\\/visitfinaleligure.it\\\/de\\\/#organization\",\"name\":\"Comune di Finale Ligure\",\"url\":\"https:\\\/\\\/visitfinaleligure.it\\\/de\\\/\",\"logo\":{\"@type\":\"ImageObject\",\"inLanguage\":\"de\",\"@id\":\"https:\\\/\\\/visitfinaleligure.it\\\/de\\\/#\\\/schema\\\/logo\\\/image\\\/\",\"url\":\"https:\\\/\\\/visitfinaleligure.it\\\/wp-content\\\/uploads\\\/2023\\\/04\\\/cropped-finaleligure-verticale-positivo-200x200-1.png\",\"contentUrl\":\"https:\\\/\\\/visitfinaleligure.it\\\/wp-content\\\/uploads\\\/2023\\\/04\\\/cropped-finaleligure-verticale-positivo-200x200-1.png\",\"width\":512,\"height\":512,\"caption\":\"Comune di Finale Ligure\"},\"image\":{\"@id\":\"https:\\\/\\\/visitfinaleligure.it\\\/de\\\/#\\\/schema\\\/logo\\\/image\\\/\"},\"sameAs\":[\"https:\\\/\\\/www.facebook.com\\\/VisitFinaleLigure\",\"https:\\\/\\\/www.instagram.com\\\/visitfinale\\\/\",\"https:\\\/\\\/www.youtube.com\\\/channel\\\/UCLmoLfNmrAt9mSCll9egttw\"]}]}<\/script>\n<!-- \/ Yoast SEO plugin. -->","yoast_head_json":{"title":"Arch\u00e4obike auf den Spuren der alten R\u00f6mer - Visit Finale Ligure","description":"Mit dem Mountainbike zu den pr\u00e4historischen \u201eCiappi\u201c bei Finale Ligure radeln und in die faszinierende Geschichte der Region eintauchen.","robots":{"index":"index","follow":"follow","max-snippet":"max-snippet:-1","max-image-preview":"max-image-preview:large","max-video-preview":"max-video-preview:-1"},"canonical":"https:\/\/visitfinaleligure.it\/de\/was-kann-man-in-finale-ligure-machen\/archaeobike-auf-den-spuren-der-alten-roemer\/","og_locale":"de_DE","og_type":"article","og_title":"Arch\u00e4obike auf den Spuren der alten R\u00f6mer - Visit Finale Ligure","og_description":"Mit dem Mountainbike zu den pr\u00e4historischen \u201eCiappi\u201c bei Finale Ligure radeln und in die faszinierende Geschichte der Region eintauchen.","og_url":"https:\/\/visitfinaleligure.it\/de\/was-kann-man-in-finale-ligure-machen\/archaeobike-auf-den-spuren-der-alten-roemer\/","og_site_name":"Visit Finale Ligure","article_publisher":"https:\/\/www.facebook.com\/VisitFinaleLigure","article_modified_time":"2025-08-08T07:39:37+00:00","og_image":[{"width":1500,"height":1000,"url":"https:\/\/visitfinaleligure.it\/wp-content\/uploads\/2023\/02\/FLOW_2018_226.jpg","type":"image\/jpeg"}],"twitter_card":"summary_large_image","twitter_misc":{"Gesch\u00e4tzte Lesezeit":"2\u00a0Minuten"},"schema":{"@context":"https:\/\/schema.org","@graph":[{"@type":"WebPage","@id":"https:\/\/visitfinaleligure.it\/de\/was-kann-man-in-finale-ligure-machen\/archaeobike-auf-den-spuren-der-alten-roemer\/","url":"https:\/\/visitfinaleligure.it\/de\/was-kann-man-in-finale-ligure-machen\/archaeobike-auf-den-spuren-der-alten-roemer\/","name":"Arch\u00e4obike auf den Spuren der alten R\u00f6mer - Visit Finale Ligure","isPartOf":{"@id":"https:\/\/visitfinaleligure.it\/de\/#website"},"primaryImageOfPage":{"@id":"https:\/\/visitfinaleligure.it\/de\/was-kann-man-in-finale-ligure-machen\/archaeobike-auf-den-spuren-der-alten-roemer\/#primaryimage"},"image":{"@id":"https:\/\/visitfinaleligure.it\/de\/was-kann-man-in-finale-ligure-machen\/archaeobike-auf-den-spuren-der-alten-roemer\/#primaryimage"},"thumbnailUrl":"https:\/\/visitfinaleligure.it\/wp-content\/uploads\/2023\/02\/FLOW_2018_226.jpg","datePublished":"2023-02-01T11:10:42+00:00","dateModified":"2025-08-08T07:39:37+00:00","description":"Mit dem Mountainbike zu den pr\u00e4historischen \u201eCiappi\u201c bei Finale Ligure radeln und in die faszinierende Geschichte der Region eintauchen.","breadcrumb":{"@id":"https:\/\/visitfinaleligure.it\/de\/was-kann-man-in-finale-ligure-machen\/archaeobike-auf-den-spuren-der-alten-roemer\/#breadcrumb"},"inLanguage":"de","potentialAction":[{"@type":"ReadAction","target":["https:\/\/visitfinaleligure.it\/de\/was-kann-man-in-finale-ligure-machen\/archaeobike-auf-den-spuren-der-alten-roemer\/"]}]},{"@type":"ImageObject","inLanguage":"de","@id":"https:\/\/visitfinaleligure.it\/de\/was-kann-man-in-finale-ligure-machen\/archaeobike-auf-den-spuren-der-alten-roemer\/#primaryimage","url":"https:\/\/visitfinaleligure.it\/wp-content\/uploads\/2023\/02\/FLOW_2018_226.jpg","contentUrl":"https:\/\/visitfinaleligure.it\/wp-content\/uploads\/2023\/02\/FLOW_2018_226.jpg","width":1500,"height":1000},{"@type":"BreadcrumbList","@id":"https:\/\/visitfinaleligure.it\/de\/was-kann-man-in-finale-ligure-machen\/archaeobike-auf-den-spuren-der-alten-roemer\/#breadcrumb","itemListElement":[{"@type":"ListItem","position":1,"name":"Home","item":"https:\/\/visitfinaleligure.it\/de\/"},{"@type":"ListItem","position":2,"name":"Was kann man in Finale Ligure machen?","item":"https:\/\/visitfinaleligure.it\/de\/was-kann-man-in-finale-ligure-machen\/"},{"@type":"ListItem","position":3,"name":"Arch\u00e4obike auf den Spuren der alten R\u00f6mer"}]},{"@type":"WebSite","@id":"https:\/\/visitfinaleligure.it\/de\/#website","url":"https:\/\/visitfinaleligure.it\/de\/","name":"Visit Finale Ligure","description":"My perfect place","publisher":{"@id":"https:\/\/visitfinaleligure.it\/de\/#organization"},"potentialAction":[{"@type":"SearchAction","target":{"@type":"EntryPoint","urlTemplate":"https:\/\/visitfinaleligure.it\/de\/?s={search_term_string}"},"query-input":{"@type":"PropertyValueSpecification","valueRequired":true,"valueName":"search_term_string"}}],"inLanguage":"de"},{"@type":"Organization","@id":"https:\/\/visitfinaleligure.it\/de\/#organization","name":"Comune di Finale Ligure","url":"https:\/\/visitfinaleligure.it\/de\/","logo":{"@type":"ImageObject","inLanguage":"de","@id":"https:\/\/visitfinaleligure.it\/de\/#\/schema\/logo\/image\/","url":"https:\/\/visitfinaleligure.it\/wp-content\/uploads\/2023\/04\/cropped-finaleligure-verticale-positivo-200x200-1.png","contentUrl":"https:\/\/visitfinaleligure.it\/wp-content\/uploads\/2023\/04\/cropped-finaleligure-verticale-positivo-200x200-1.png","width":512,"height":512,"caption":"Comune di Finale Ligure"},"image":{"@id":"https:\/\/visitfinaleligure.it\/de\/#\/schema\/logo\/image\/"},"sameAs":["https:\/\/www.facebook.com\/VisitFinaleLigure","https:\/\/www.instagram.com\/visitfinale\/","https:\/\/www.youtube.com\/channel\/UCLmoLfNmrAt9mSCll9egttw"]}]}},"_links":{"self":[{"href":"https:\/\/visitfinaleligure.it\/de\/wp-json\/wp\/v2\/pages\/8039","targetHints":{"allow":["GET"]}}],"collection":[{"href":"https:\/\/visitfinaleligure.it\/de\/wp-json\/wp\/v2\/pages"}],"about":[{"href":"https:\/\/visitfinaleligure.it\/de\/wp-json\/wp\/v2\/types\/page"}],"author":[{"embeddable":true,"href":"https:\/\/visitfinaleligure.it\/de\/wp-json\/wp\/v2\/users\/2"}],"replies":[{"embeddable":true,"href":"https:\/\/visitfinaleligure.it\/de\/wp-json\/wp\/v2\/comments?post=8039"}],"version-history":[{"count":4,"href":"https:\/\/visitfinaleligure.it\/de\/wp-json\/wp\/v2\/pages\/8039\/revisions"}],"predecessor-version":[{"id":13759,"href":"https:\/\/visitfinaleligure.it\/de\/wp-json\/wp\/v2\/pages\/8039\/revisions\/13759"}],"up":[{"embeddable":true,"href":"https:\/\/visitfinaleligure.it\/de\/wp-json\/wp\/v2\/pages\/8053"}],"wp:featuredmedia":[{"embeddable":true,"href":"https:\/\/visitfinaleligure.it\/de\/wp-json\/wp\/v2\/media\/6449"}],"wp:attachment":[{"href":"https:\/\/visitfinaleligure.it\/de\/wp-json\/wp\/v2\/media?parent=8039"}],"curies":[{"name":"wp","href":"https:\/\/api.w.org\/{rel}","templated":true}]}}