{"id":8431,"date":"2023-03-21T11:29:06","date_gmt":"2023-03-21T10:29:06","guid":{"rendered":"https:\/\/visitfinaleligure.it\/wichtige-veranstaltungen\/finale-for-nepal\/"},"modified":"2025-08-08T10:35:35","modified_gmt":"2025-08-08T08:35:35","slug":"finale-for-nepal","status":"publish","type":"page","link":"https:\/\/visitfinaleligure.it\/de\/wichtige-veranstaltungen\/finale-for-nepal\/","title":{"rendered":"Finale For Nepal"},"content":{"rendered":"\n\n\t<section class=\"section\" id=\"section_1989075933\">\n\t\t<div class=\"section-bg fill\" >\n\t\t\t\t\t\t\t\t\t\n\t\t\t\n\n\t\t<\/div>\n\n\t\t\n\n\t\t<div class=\"section-content relative\">\n\t\t\t\n\n\t<div class=\"img has-hover x md-x lg-x y md-y lg-y\" id=\"image_461292844\">\n\t\t\t\t\t\t\t\t<div class=\"img-inner image-cover dark\" style=\"padding-top:40%;\">\n\t\t\t<img loading=\"lazy\" decoding=\"async\" width=\"1280\" height=\"853\" src=\"https:\/\/visitfinaleligure.it\/wp-content\/uploads\/2023\/03\/finale-for-nepal-2-ph-ritm1114.webp\" class=\"attachment-original size-original\" alt=\"\" srcset=\"https:\/\/visitfinaleligure.it\/wp-content\/uploads\/2023\/03\/finale-for-nepal-2-ph-ritm1114.webp 1280w, https:\/\/visitfinaleligure.it\/wp-content\/uploads\/2023\/03\/finale-for-nepal-2-ph-ritm1114-300x200.webp 300w, https:\/\/visitfinaleligure.it\/wp-content\/uploads\/2023\/03\/finale-for-nepal-2-ph-ritm1114-1024x682.webp 1024w, https:\/\/visitfinaleligure.it\/wp-content\/uploads\/2023\/03\/finale-for-nepal-2-ph-ritm1114-768x512.webp 768w\" sizes=\"auto, (max-width: 1280px) 100vw, 1280px\" \/>\t\t\t\t\t\t\n\t\t\t\t\t<\/div>\n\t\t\t\t\t\t\t\t\n<style>\n#image_461292844 {\n  width: 100%;\n}\n<\/style>\n\t<\/div>\n\t\n\n\n\t\t<\/div>\n\n\t\t\n<style>\n#section_1989075933 {\n  padding-top: 30px;\n  padding-bottom: 30px;\n}\n<\/style>\n\t<\/section>\n\t\n\n\t<section class=\"section\" id=\"section_1296916178\">\n\t\t<div class=\"section-bg fill\" >\n\t\t\t\t\t\t\t\t\t\n\t\t\t\n\n\t\t<\/div>\n\n\t\t\n\n\t\t<div class=\"section-content relative\">\n\t\t\t\n\n<div class=\"row\"  id=\"row-395349724\">\n\n\n\t<div id=\"col-1446422078\" class=\"col hide-for-small medium-1 small-12 large-1\"  >\n\t\t\t\t<div class=\"col-inner text-left\"  >\n\t\t\t\n\t\t\t\n\n\n\t\t<\/div>\n\t\t\t\t\n<style>\n#col-1446422078 > .col-inner {\n  margin: 0px 0px 0px 0px;\n}\n<\/style>\n\t<\/div>\n\n\t\n\n\t<div id=\"col-1277484575\" class=\"col medium-10 small-12 large-10\"  >\n\t\t\t\t<div class=\"col-inner text-left\"  >\n\t\t\t\n\t\t\t\n\n\t<div id=\"text-3537900124\" class=\"text testi-body\">\n\t\t\n\n<h1 class=\"testi-titolo\">Finale For Nepal<\/h1>\n\t\t\n<style>\n#text-3537900124 {\n  font-size: 1.5rem;\n  color: rgb(0,0,0);\n}\n#text-3537900124 > * {\n  color: rgb(0,0,0);\n}\n<\/style>\n\t<\/div>\n\t\n<p><strong>Finale for Nepal<\/strong> bedeutet Teilen, Leidenschaft und Sport. Eine Spendenaktion, die sich in eine gro\u00dfe Kletterparty verwandelt, um Nepal zu feiern und Kindern und Jugendlichen ein Zuhause und eine Ausbildung zu erm\u00f6glichen.<\/p>\n<p>Im Jahr 2009 gr\u00fcndete eine Gruppe junger Menschen den ehrenamtlichen Verein Finale For Nepal, der das Kinderheim &#8216;La Casa di Ste&#8217; in Kathmandu vollst\u00e4ndig unterst\u00fctzt und verschiedene soziale Projekte in dem asiatischen Land f\u00f6rdert.<\/p>\n<p>Finale for Nepal vereint den Geist des Outdoor von Finale Ligure mit Kunst, Kultur und Kunsthandwerk. Mehr entdecken auf <a href=\"https:\/\/www.finalefornepal.org\/\" target=\"_blank\" rel=\"noopener\">https:\/\/www.finalefornepal.org\/<\/a><\/p>\n\t<div id=\"gap-1622553207\" class=\"gap-element clearfix\" style=\"display:block; height:auto;\">\n\t\t\n<style>\n#gap-1622553207 {\n  padding-top: 50px;\n}\n<\/style>\n\t<\/div>\n\t\n\n\n  \n    <div class=\"row large-columns-3 medium-columns- small-columns-2 row-xsmall\" >\n  <div class=\"gallery-col col\" >\n          <div class=\"col-inner\">\n            <a class=\"image-lightbox lightbox-gallery\" href=\"https:\/\/visitfinaleligure.it\/wp-content\/uploads\/2023\/03\/finale-for-nepal-2-ph-ritm1114-1024x682.webp\" title=\"\">            <div class=\"box has-hover gallery-box box-overlay dark\">\n              <div class=\"box-image\" >\n                <img loading=\"lazy\" decoding=\"async\" width=\"1280\" height=\"853\" src=\"https:\/\/visitfinaleligure.it\/wp-content\/uploads\/2023\/03\/finale-for-nepal-2-ph-ritm1114.webp\" class=\"attachment-original size-original\" alt=\"\" ids=\"4673,4674,4675\" col_spacing=\"xsmall\" columns=\"3\" image_size=\"original\" srcset=\"https:\/\/visitfinaleligure.it\/wp-content\/uploads\/2023\/03\/finale-for-nepal-2-ph-ritm1114.webp 1280w, https:\/\/visitfinaleligure.it\/wp-content\/uploads\/2023\/03\/finale-for-nepal-2-ph-ritm1114-300x200.webp 300w, https:\/\/visitfinaleligure.it\/wp-content\/uploads\/2023\/03\/finale-for-nepal-2-ph-ritm1114-1024x682.webp 1024w, https:\/\/visitfinaleligure.it\/wp-content\/uploads\/2023\/03\/finale-for-nepal-2-ph-ritm1114-768x512.webp 768w\" sizes=\"auto, (max-width: 1280px) 100vw, 1280px\" \/>                                  <div class=\"overlay fill\"\n                      style=\"background-color: rgba(0,0,0,.15)\">\n                  <\/div>\n                                                              <\/div>\n              <div class=\"box-text text-left\" >\n                 <p><\/p>\n              <\/div>\n            <\/div>\n            <\/a>          <\/div>\n         <\/div><div class=\"gallery-col col\" >\n          <div class=\"col-inner\">\n            <a class=\"image-lightbox lightbox-gallery\" href=\"https:\/\/visitfinaleligure.it\/wp-content\/uploads\/2023\/03\/finale-for-nepal-ph-ritm1113-1024x682.jpeg\" title=\"\">            <div class=\"box has-hover gallery-box box-overlay dark\">\n              <div class=\"box-image\" >\n                <img loading=\"lazy\" decoding=\"async\" width=\"1280\" height=\"853\" src=\"https:\/\/visitfinaleligure.it\/wp-content\/uploads\/2023\/03\/finale-for-nepal-ph-ritm1113.jpeg\" class=\"attachment-original size-original\" alt=\"\" ids=\"4673,4674,4675\" col_spacing=\"xsmall\" columns=\"3\" image_size=\"original\" srcset=\"https:\/\/visitfinaleligure.it\/wp-content\/uploads\/2023\/03\/finale-for-nepal-ph-ritm1113.jpeg 1280w, https:\/\/visitfinaleligure.it\/wp-content\/uploads\/2023\/03\/finale-for-nepal-ph-ritm1113-300x200.jpeg 300w, https:\/\/visitfinaleligure.it\/wp-content\/uploads\/2023\/03\/finale-for-nepal-ph-ritm1113-1024x682.jpeg 1024w, https:\/\/visitfinaleligure.it\/wp-content\/uploads\/2023\/03\/finale-for-nepal-ph-ritm1113-768x512.jpeg 768w\" sizes=\"auto, (max-width: 1280px) 100vw, 1280px\" \/>                                  <div class=\"overlay fill\"\n                      style=\"background-color: rgba(0,0,0,.15)\">\n                  <\/div>\n                                                              <\/div>\n              <div class=\"box-text text-left\" >\n                 <p><\/p>\n              <\/div>\n            <\/div>\n            <\/a>          <\/div>\n         <\/div><div class=\"gallery-col col\" >\n          <div class=\"col-inner\">\n            <a class=\"image-lightbox lightbox-gallery\" href=\"https:\/\/visitfinaleligure.it\/wp-content\/uploads\/2023\/03\/Finale-For-Nepal-1024x683.jpeg\" title=\"\">            <div class=\"box has-hover gallery-box box-overlay dark\">\n              <div class=\"box-image\" >\n                <img loading=\"lazy\" decoding=\"async\" width=\"1800\" height=\"1200\" src=\"https:\/\/visitfinaleligure.it\/wp-content\/uploads\/2023\/03\/Finale-For-Nepal.jpeg\" class=\"attachment-original size-original\" alt=\"\" ids=\"4673,4674,4675\" col_spacing=\"xsmall\" columns=\"3\" image_size=\"original\" srcset=\"https:\/\/visitfinaleligure.it\/wp-content\/uploads\/2023\/03\/Finale-For-Nepal.jpeg 1800w, https:\/\/visitfinaleligure.it\/wp-content\/uploads\/2023\/03\/Finale-For-Nepal-300x200.jpeg 300w, https:\/\/visitfinaleligure.it\/wp-content\/uploads\/2023\/03\/Finale-For-Nepal-1024x683.jpeg 1024w, https:\/\/visitfinaleligure.it\/wp-content\/uploads\/2023\/03\/Finale-For-Nepal-768x512.jpeg 768w, https:\/\/visitfinaleligure.it\/wp-content\/uploads\/2023\/03\/Finale-For-Nepal-1536x1024.jpeg 1536w\" sizes=\"auto, (max-width: 1800px) 100vw, 1800px\" \/>                                  <div class=\"overlay fill\"\n                      style=\"background-color: rgba(0,0,0,.15)\">\n                  <\/div>\n                                                              <\/div>\n              <div class=\"box-text text-left\" >\n                 <p><\/p>\n              <\/div>\n            <\/div>\n            <\/a>          <\/div>\n         <\/div><\/div>\n\n\t<div id=\"gap-1492005793\" class=\"gap-element clearfix\" style=\"display:block; height:auto;\">\n\t\t\n<style>\n#gap-1492005793 {\n  padding-top: 30px;\n}\n<\/style>\n\t<\/div>\n\t\n\n\n\t\t<\/div>\n\t\t\t\t\t<\/div>\n\n\t\n\n\t<div id=\"col-151877766\" class=\"col hide-for-small medium-1 small-7 large-1\"  >\n\t\t\t\t<div class=\"col-inner text-left\"  >\n\t\t\t\n\t\t\t\n\n\n\t\t<\/div>\n\t\t\t\t\n<style>\n#col-151877766 > .col-inner {\n  margin: 0px 0px 0px 0px;\n}\n<\/style>\n\t<\/div>\n\n\t\n\n<\/div>\n\n\t\t<\/div>\n\n\t\t\n<style>\n#section_1296916178 {\n  padding-top: 0px;\n  padding-bottom: 0px;\n}\n<\/style>\n\t<\/section>\n\t\n\n","protected":false},"excerpt":{"rendered":"","protected":false},"author":1,"featured_media":7199,"parent":7725,"menu_order":0,"comment_status":"closed","ping_status":"closed","template":"page-blank.php","meta":{"footnotes":""},"class_list":["post-8431","page","type-page","status-publish","has-post-thumbnail","hentry"],"yoast_head":"<!-- This site is optimized with the Yoast SEO plugin v27.3 - https:\/\/yoast.com\/product\/yoast-seo-wordpress\/ -->\n<title>Finale For Nepal - Visit Finale Ligure<\/title>\n<meta name=\"description\" content=\"Finale for Nepal: Kletterevent, Solidarit\u00e4t und Kultur f\u00fcr Kinderprojekte in Kathmandu und soziale Initiativen in Nepal.\" \/>\n<meta name=\"robots\" content=\"index, follow, max-snippet:-1, max-image-preview:large, max-video-preview:-1\" \/>\n<link rel=\"canonical\" href=\"https:\/\/visitfinaleligure.it\/de\/wichtige-veranstaltungen\/finale-for-nepal\/\" \/>\n<meta property=\"og:locale\" content=\"de_DE\" \/>\n<meta property=\"og:type\" content=\"article\" \/>\n<meta property=\"og:title\" content=\"Finale For Nepal - Visit Finale Ligure\" \/>\n<meta property=\"og:description\" content=\"Finale for Nepal: Kletterevent, Solidarit\u00e4t und Kultur f\u00fcr Kinderprojekte in Kathmandu und soziale Initiativen in Nepal.\" \/>\n<meta property=\"og:url\" content=\"https:\/\/visitfinaleligure.it\/de\/wichtige-veranstaltungen\/finale-for-nepal\/\" \/>\n<meta property=\"og:site_name\" content=\"Visit Finale Ligure\" \/>\n<meta property=\"article:publisher\" content=\"https:\/\/www.facebook.com\/VisitFinaleLigure\" \/>\n<meta property=\"article:modified_time\" content=\"2025-08-08T08:35:35+00:00\" \/>\n<meta property=\"og:image\" content=\"https:\/\/visitfinaleligure.it\/wp-content\/uploads\/2023\/03\/Finale-For-Nepal.jpeg\" \/>\n\t<meta property=\"og:image:width\" content=\"1800\" \/>\n\t<meta property=\"og:image:height\" content=\"1200\" \/>\n\t<meta property=\"og:image:type\" content=\"image\/jpeg\" \/>\n<meta name=\"twitter:card\" content=\"summary_large_image\" \/>\n<meta name=\"twitter:label1\" content=\"Gesch\u00e4tzte Lesezeit\" \/>\n\t<meta name=\"twitter:data1\" content=\"1\u00a0Minute\" \/>\n<script type=\"application\/ld+json\" class=\"yoast-schema-graph\">{\"@context\":\"https:\\\/\\\/schema.org\",\"@graph\":[{\"@type\":\"WebPage\",\"@id\":\"https:\\\/\\\/visitfinaleligure.it\\\/de\\\/wichtige-veranstaltungen\\\/finale-for-nepal\\\/\",\"url\":\"https:\\\/\\\/visitfinaleligure.it\\\/de\\\/wichtige-veranstaltungen\\\/finale-for-nepal\\\/\",\"name\":\"Finale For Nepal - Visit Finale Ligure\",\"isPartOf\":{\"@id\":\"https:\\\/\\\/visitfinaleligure.it\\\/de\\\/#website\"},\"primaryImageOfPage\":{\"@id\":\"https:\\\/\\\/visitfinaleligure.it\\\/de\\\/wichtige-veranstaltungen\\\/finale-for-nepal\\\/#primaryimage\"},\"image\":{\"@id\":\"https:\\\/\\\/visitfinaleligure.it\\\/de\\\/wichtige-veranstaltungen\\\/finale-for-nepal\\\/#primaryimage\"},\"thumbnailUrl\":\"https:\\\/\\\/visitfinaleligure.it\\\/wp-content\\\/uploads\\\/2023\\\/03\\\/Finale-For-Nepal.jpeg\",\"datePublished\":\"2023-03-21T10:29:06+00:00\",\"dateModified\":\"2025-08-08T08:35:35+00:00\",\"description\":\"Finale for Nepal: Kletterevent, Solidarit\u00e4t und Kultur f\u00fcr Kinderprojekte in Kathmandu und soziale Initiativen in Nepal.\",\"breadcrumb\":{\"@id\":\"https:\\\/\\\/visitfinaleligure.it\\\/de\\\/wichtige-veranstaltungen\\\/finale-for-nepal\\\/#breadcrumb\"},\"inLanguage\":\"de\",\"potentialAction\":[{\"@type\":\"ReadAction\",\"target\":[\"https:\\\/\\\/visitfinaleligure.it\\\/de\\\/wichtige-veranstaltungen\\\/finale-for-nepal\\\/\"]}]},{\"@type\":\"ImageObject\",\"inLanguage\":\"de\",\"@id\":\"https:\\\/\\\/visitfinaleligure.it\\\/de\\\/wichtige-veranstaltungen\\\/finale-for-nepal\\\/#primaryimage\",\"url\":\"https:\\\/\\\/visitfinaleligure.it\\\/wp-content\\\/uploads\\\/2023\\\/03\\\/Finale-For-Nepal.jpeg\",\"contentUrl\":\"https:\\\/\\\/visitfinaleligure.it\\\/wp-content\\\/uploads\\\/2023\\\/03\\\/Finale-For-Nepal.jpeg\",\"width\":1800,\"height\":1200},{\"@type\":\"BreadcrumbList\",\"@id\":\"https:\\\/\\\/visitfinaleligure.it\\\/de\\\/wichtige-veranstaltungen\\\/finale-for-nepal\\\/#breadcrumb\",\"itemListElement\":[{\"@type\":\"ListItem\",\"position\":1,\"name\":\"Home\",\"item\":\"https:\\\/\\\/visitfinaleligure.it\\\/de\\\/\"},{\"@type\":\"ListItem\",\"position\":2,\"name\":\"Wichtige Veranstaltungen\",\"item\":\"https:\\\/\\\/visitfinaleligure.it\\\/de\\\/wichtige-veranstaltungen\\\/\"},{\"@type\":\"ListItem\",\"position\":3,\"name\":\"Finale For Nepal\"}]},{\"@type\":\"WebSite\",\"@id\":\"https:\\\/\\\/visitfinaleligure.it\\\/de\\\/#website\",\"url\":\"https:\\\/\\\/visitfinaleligure.it\\\/de\\\/\",\"name\":\"Visit Finale Ligure\",\"description\":\"My perfect place\",\"publisher\":{\"@id\":\"https:\\\/\\\/visitfinaleligure.it\\\/de\\\/#organization\"},\"potentialAction\":[{\"@type\":\"SearchAction\",\"target\":{\"@type\":\"EntryPoint\",\"urlTemplate\":\"https:\\\/\\\/visitfinaleligure.it\\\/de\\\/?s={search_term_string}\"},\"query-input\":{\"@type\":\"PropertyValueSpecification\",\"valueRequired\":true,\"valueName\":\"search_term_string\"}}],\"inLanguage\":\"de\"},{\"@type\":\"Organization\",\"@id\":\"https:\\\/\\\/visitfinaleligure.it\\\/de\\\/#organization\",\"name\":\"Comune di Finale Ligure\",\"url\":\"https:\\\/\\\/visitfinaleligure.it\\\/de\\\/\",\"logo\":{\"@type\":\"ImageObject\",\"inLanguage\":\"de\",\"@id\":\"https:\\\/\\\/visitfinaleligure.it\\\/de\\\/#\\\/schema\\\/logo\\\/image\\\/\",\"url\":\"https:\\\/\\\/visitfinaleligure.it\\\/wp-content\\\/uploads\\\/2023\\\/04\\\/cropped-finaleligure-verticale-positivo-200x200-1.png\",\"contentUrl\":\"https:\\\/\\\/visitfinaleligure.it\\\/wp-content\\\/uploads\\\/2023\\\/04\\\/cropped-finaleligure-verticale-positivo-200x200-1.png\",\"width\":512,\"height\":512,\"caption\":\"Comune di Finale Ligure\"},\"image\":{\"@id\":\"https:\\\/\\\/visitfinaleligure.it\\\/de\\\/#\\\/schema\\\/logo\\\/image\\\/\"},\"sameAs\":[\"https:\\\/\\\/www.facebook.com\\\/VisitFinaleLigure\",\"https:\\\/\\\/www.instagram.com\\\/visitfinale\\\/\",\"https:\\\/\\\/www.youtube.com\\\/channel\\\/UCLmoLfNmrAt9mSCll9egttw\"]}]}<\/script>\n<!-- \/ Yoast SEO plugin. -->","yoast_head_json":{"title":"Finale For Nepal - Visit Finale Ligure","description":"Finale for Nepal: Kletterevent, Solidarit\u00e4t und Kultur f\u00fcr Kinderprojekte in Kathmandu und soziale Initiativen in Nepal.","robots":{"index":"index","follow":"follow","max-snippet":"max-snippet:-1","max-image-preview":"max-image-preview:large","max-video-preview":"max-video-preview:-1"},"canonical":"https:\/\/visitfinaleligure.it\/de\/wichtige-veranstaltungen\/finale-for-nepal\/","og_locale":"de_DE","og_type":"article","og_title":"Finale For Nepal - Visit Finale Ligure","og_description":"Finale for Nepal: Kletterevent, Solidarit\u00e4t und Kultur f\u00fcr Kinderprojekte in Kathmandu und soziale Initiativen in Nepal.","og_url":"https:\/\/visitfinaleligure.it\/de\/wichtige-veranstaltungen\/finale-for-nepal\/","og_site_name":"Visit Finale Ligure","article_publisher":"https:\/\/www.facebook.com\/VisitFinaleLigure","article_modified_time":"2025-08-08T08:35:35+00:00","og_image":[{"width":1800,"height":1200,"url":"https:\/\/visitfinaleligure.it\/wp-content\/uploads\/2023\/03\/Finale-For-Nepal.jpeg","type":"image\/jpeg"}],"twitter_card":"summary_large_image","twitter_misc":{"Gesch\u00e4tzte Lesezeit":"1\u00a0Minute"},"schema":{"@context":"https:\/\/schema.org","@graph":[{"@type":"WebPage","@id":"https:\/\/visitfinaleligure.it\/de\/wichtige-veranstaltungen\/finale-for-nepal\/","url":"https:\/\/visitfinaleligure.it\/de\/wichtige-veranstaltungen\/finale-for-nepal\/","name":"Finale For Nepal - Visit Finale Ligure","isPartOf":{"@id":"https:\/\/visitfinaleligure.it\/de\/#website"},"primaryImageOfPage":{"@id":"https:\/\/visitfinaleligure.it\/de\/wichtige-veranstaltungen\/finale-for-nepal\/#primaryimage"},"image":{"@id":"https:\/\/visitfinaleligure.it\/de\/wichtige-veranstaltungen\/finale-for-nepal\/#primaryimage"},"thumbnailUrl":"https:\/\/visitfinaleligure.it\/wp-content\/uploads\/2023\/03\/Finale-For-Nepal.jpeg","datePublished":"2023-03-21T10:29:06+00:00","dateModified":"2025-08-08T08:35:35+00:00","description":"Finale for Nepal: Kletterevent, Solidarit\u00e4t und Kultur f\u00fcr Kinderprojekte in Kathmandu und soziale Initiativen in Nepal.","breadcrumb":{"@id":"https:\/\/visitfinaleligure.it\/de\/wichtige-veranstaltungen\/finale-for-nepal\/#breadcrumb"},"inLanguage":"de","potentialAction":[{"@type":"ReadAction","target":["https:\/\/visitfinaleligure.it\/de\/wichtige-veranstaltungen\/finale-for-nepal\/"]}]},{"@type":"ImageObject","inLanguage":"de","@id":"https:\/\/visitfinaleligure.it\/de\/wichtige-veranstaltungen\/finale-for-nepal\/#primaryimage","url":"https:\/\/visitfinaleligure.it\/wp-content\/uploads\/2023\/03\/Finale-For-Nepal.jpeg","contentUrl":"https:\/\/visitfinaleligure.it\/wp-content\/uploads\/2023\/03\/Finale-For-Nepal.jpeg","width":1800,"height":1200},{"@type":"BreadcrumbList","@id":"https:\/\/visitfinaleligure.it\/de\/wichtige-veranstaltungen\/finale-for-nepal\/#breadcrumb","itemListElement":[{"@type":"ListItem","position":1,"name":"Home","item":"https:\/\/visitfinaleligure.it\/de\/"},{"@type":"ListItem","position":2,"name":"Wichtige Veranstaltungen","item":"https:\/\/visitfinaleligure.it\/de\/wichtige-veranstaltungen\/"},{"@type":"ListItem","position":3,"name":"Finale For Nepal"}]},{"@type":"WebSite","@id":"https:\/\/visitfinaleligure.it\/de\/#website","url":"https:\/\/visitfinaleligure.it\/de\/","name":"Visit Finale Ligure","description":"My perfect place","publisher":{"@id":"https:\/\/visitfinaleligure.it\/de\/#organization"},"potentialAction":[{"@type":"SearchAction","target":{"@type":"EntryPoint","urlTemplate":"https:\/\/visitfinaleligure.it\/de\/?s={search_term_string}"},"query-input":{"@type":"PropertyValueSpecification","valueRequired":true,"valueName":"search_term_string"}}],"inLanguage":"de"},{"@type":"Organization","@id":"https:\/\/visitfinaleligure.it\/de\/#organization","name":"Comune di Finale Ligure","url":"https:\/\/visitfinaleligure.it\/de\/","logo":{"@type":"ImageObject","inLanguage":"de","@id":"https:\/\/visitfinaleligure.it\/de\/#\/schema\/logo\/image\/","url":"https:\/\/visitfinaleligure.it\/wp-content\/uploads\/2023\/04\/cropped-finaleligure-verticale-positivo-200x200-1.png","contentUrl":"https:\/\/visitfinaleligure.it\/wp-content\/uploads\/2023\/04\/cropped-finaleligure-verticale-positivo-200x200-1.png","width":512,"height":512,"caption":"Comune di Finale Ligure"},"image":{"@id":"https:\/\/visitfinaleligure.it\/de\/#\/schema\/logo\/image\/"},"sameAs":["https:\/\/www.facebook.com\/VisitFinaleLigure","https:\/\/www.instagram.com\/visitfinale\/","https:\/\/www.youtube.com\/channel\/UCLmoLfNmrAt9mSCll9egttw"]}]}},"_links":{"self":[{"href":"https:\/\/visitfinaleligure.it\/de\/wp-json\/wp\/v2\/pages\/8431","targetHints":{"allow":["GET"]}}],"collection":[{"href":"https:\/\/visitfinaleligure.it\/de\/wp-json\/wp\/v2\/pages"}],"about":[{"href":"https:\/\/visitfinaleligure.it\/de\/wp-json\/wp\/v2\/types\/page"}],"author":[{"embeddable":true,"href":"https:\/\/visitfinaleligure.it\/de\/wp-json\/wp\/v2\/users\/1"}],"replies":[{"embeddable":true,"href":"https:\/\/visitfinaleligure.it\/de\/wp-json\/wp\/v2\/comments?post=8431"}],"version-history":[{"count":2,"href":"https:\/\/visitfinaleligure.it\/de\/wp-json\/wp\/v2\/pages\/8431\/revisions"}],"predecessor-version":[{"id":8436,"href":"https:\/\/visitfinaleligure.it\/de\/wp-json\/wp\/v2\/pages\/8431\/revisions\/8436"}],"up":[{"embeddable":true,"href":"https:\/\/visitfinaleligure.it\/de\/wp-json\/wp\/v2\/pages\/7725"}],"wp:featuredmedia":[{"embeddable":true,"href":"https:\/\/visitfinaleligure.it\/de\/wp-json\/wp\/v2\/media\/7199"}],"wp:attachment":[{"href":"https:\/\/visitfinaleligure.it\/de\/wp-json\/wp\/v2\/media?parent=8431"}],"curies":[{"name":"wp","href":"https:\/\/api.w.org\/{rel}","templated":true}]}}