{"id":8049,"date":"2023-03-21T11:44:07","date_gmt":"2023-03-21T10:44:07","guid":{"rendered":"https:\/\/visitfinaleligure.it\/palma-doro-international-chamber-music-competition\/"},"modified":"2025-08-07T11:12:43","modified_gmt":"2025-08-07T09:12:43","slug":"palma-doro-international-chamber-music-competition","status":"publish","type":"page","link":"https:\/\/visitfinaleligure.it\/en\/major-events\/palma-doro-international-chamber-music-competition\/","title":{"rendered":"Palma d&#8217;Oro International Chamber Music Competition"},"content":{"rendered":"\n\n\t<section class=\"section\" id=\"section_691179823\">\n\t\t<div class=\"section-bg fill\" >\n\t\t\t\t\t\t\t\t\t\n\t\t\t\n\n\t\t<\/div>\n\n\t\t\n\n\t\t<div class=\"section-content relative\">\n\t\t\t\n\n\t<div class=\"img has-hover x md-x lg-x y md-y lg-y\" id=\"image_1764680760\">\n\t\t\t\t\t\t\t\t<div class=\"img-inner image-cover dark\" style=\"padding-top:40%;\">\n\t\t\t<img loading=\"lazy\" decoding=\"async\" width=\"2500\" height=\"1667\" src=\"https:\/\/visitfinaleligure.it\/wp-content\/uploads\/2023\/03\/Concorso-pianistico.jpg\" class=\"attachment-original size-original\" alt=\"Concorso pianistico Internazionale Palma d&#039;Oro\" srcset=\"https:\/\/visitfinaleligure.it\/wp-content\/uploads\/2023\/03\/Concorso-pianistico.jpg 2500w, https:\/\/visitfinaleligure.it\/wp-content\/uploads\/2023\/03\/Concorso-pianistico-300x200.jpg 300w, https:\/\/visitfinaleligure.it\/wp-content\/uploads\/2023\/03\/Concorso-pianistico-1024x683.jpg 1024w, https:\/\/visitfinaleligure.it\/wp-content\/uploads\/2023\/03\/Concorso-pianistico-768x512.jpg 768w, https:\/\/visitfinaleligure.it\/wp-content\/uploads\/2023\/03\/Concorso-pianistico-1536x1024.jpg 1536w, https:\/\/visitfinaleligure.it\/wp-content\/uploads\/2023\/03\/Concorso-pianistico-2048x1366.jpg 2048w\" sizes=\"auto, (max-width: 2500px) 100vw, 2500px\" \/>\t\t\t\t\t\t\n\t\t\t\t\t<\/div>\n\t\t\t\t\t\t\t\t\n<style>\n#image_1764680760 {\n  width: 100%;\n}\n<\/style>\n\t<\/div>\n\t\n\n\n\t\t<\/div>\n\n\t\t\n<style>\n#section_691179823 {\n  padding-top: 30px;\n  padding-bottom: 30px;\n}\n<\/style>\n\t<\/section>\n\t\n\n\t<section class=\"section\" id=\"section_364631257\">\n\t\t<div class=\"section-bg fill\" >\n\t\t\t\t\t\t\t\t\t\n\t\t\t\n\n\t\t<\/div>\n\n\t\t\n\n\t\t<div class=\"section-content relative\">\n\t\t\t\n\n<div class=\"row\"  id=\"row-2013000616\">\n\n\n\t<div id=\"col-1806767999\" class=\"col hide-for-small medium-1 small-12 large-1\"  >\n\t\t\t\t<div class=\"col-inner text-left\"  >\n\t\t\t\n\t\t\t\n\n\n\t\t<\/div>\n\t\t\t\t\n<style>\n#col-1806767999 > .col-inner {\n  margin: 0px 0px 0px 0px;\n}\n<\/style>\n\t<\/div>\n\n\t\n\n\t<div id=\"col-1278346298\" class=\"col medium-10 small-12 large-10\"  >\n\t\t\t\t<div class=\"col-inner text-left\"  >\n\t\t\t\n\t\t\t\n\n\t<div id=\"text-236890305\" class=\"text testi-body\">\n\t\t\n\n<h1 class=\"testi-titolo\">Palma d&#8217;Oro International Chamber Music Competition<\/h1>\n\t\t\n<style>\n#text-236890305 {\n  font-size: 1.5rem;\n  color: rgb(0,0,0);\n}\n#text-236890305 > * {\n  color: rgb(0,0,0);\n}\n<\/style>\n\t<\/div>\n\t\n<p>Il Concorso Pianistico Internazionale di Musica da Camera \u201cPalma d\u2019Oro\u201d Citt\u00e0 di Finale Ligure \u00e8 un prestigioso e tradizionale appuntamento di fine agosto della Citt\u00e0 di Finale Ligure con la musica da camera: si tratta di un evento creato nel 1974 dal Comune di Finale Ligure, unitamente alla Fondazione De Mari, al Comune di Donzdorf e da allora organizzato con il patrocinio del Comune di Finale Ligure e della Regione Liguria.<\/p>\n<p>Un Festival musicale dal respiro internazionale con protagonisti di assoluto prestigio.<\/p>\n\t<div id=\"gap-1984260123\" class=\"gap-element clearfix\" style=\"display:block; height:auto;\">\n\t\t\n<style>\n#gap-1984260123 {\n  padding-top: 50px;\n}\n<\/style>\n\t<\/div>\n\t\n\n\n  \n    <div class=\"row large-columns-3 medium-columns- small-columns-1 row-xsmall\" >\n  <div class=\"gallery-col col\" >\n          <div class=\"col-inner\">\n            <a class=\"image-lightbox lightbox-gallery\" href=\"https:\/\/visitfinaleligure.it\/wp-content\/uploads\/2023\/03\/21586842_1228335893965755_3800763204373028201_o-768x533-1.webp\" title=\"\">            <div class=\"box has-hover gallery-box box-overlay dark\">\n              <div class=\"box-image image-cover\" style=\"padding-top:56.25%;\">\n                <img loading=\"lazy\" decoding=\"async\" width=\"768\" height=\"533\" src=\"https:\/\/visitfinaleligure.it\/wp-content\/uploads\/2023\/03\/21586842_1228335893965755_3800763204373028201_o-768x533-1.webp\" class=\"attachment-original size-original\" alt=\"\" ids=\"4692,4693,4694\" col_spacing=\"xsmall\" columns=\"3\" columns__sm=\"1\" image_height=\"56.25%\" image_size=\"original\" srcset=\"https:\/\/visitfinaleligure.it\/wp-content\/uploads\/2023\/03\/21586842_1228335893965755_3800763204373028201_o-768x533-1.webp 768w, https:\/\/visitfinaleligure.it\/wp-content\/uploads\/2023\/03\/21586842_1228335893965755_3800763204373028201_o-768x533-1-300x208.webp 300w\" sizes=\"auto, (max-width: 768px) 100vw, 768px\" \/>                                  <div class=\"overlay fill\"\n                      style=\"background-color: rgba(0,0,0,.15)\">\n                  <\/div>\n                                                              <\/div>\n              <div class=\"box-text text-left\" >\n                 <p><\/p>\n              <\/div>\n            <\/div>\n            <\/a>          <\/div>\n         <\/div><div class=\"gallery-col col\" >\n          <div class=\"col-inner\">\n            <a class=\"image-lightbox lightbox-gallery\" href=\"https:\/\/visitfinaleligure.it\/wp-content\/uploads\/2023\/03\/11947615_683194301813253_2470275388860607461_n.webp\" title=\"\">            <div class=\"box has-hover gallery-box box-overlay dark\">\n              <div class=\"box-image image-cover\" style=\"padding-top:56.25%;\">\n                <img loading=\"lazy\" decoding=\"async\" width=\"553\" height=\"369\" src=\"https:\/\/visitfinaleligure.it\/wp-content\/uploads\/2023\/03\/11947615_683194301813253_2470275388860607461_n.webp\" class=\"attachment-original size-original\" alt=\"\" ids=\"4692,4693,4694\" col_spacing=\"xsmall\" columns=\"3\" columns__sm=\"1\" image_height=\"56.25%\" image_size=\"original\" srcset=\"https:\/\/visitfinaleligure.it\/wp-content\/uploads\/2023\/03\/11947615_683194301813253_2470275388860607461_n.webp 553w, https:\/\/visitfinaleligure.it\/wp-content\/uploads\/2023\/03\/11947615_683194301813253_2470275388860607461_n-300x200.webp 300w\" sizes=\"auto, (max-width: 553px) 100vw, 553px\" \/>                                  <div class=\"overlay fill\"\n                      style=\"background-color: rgba(0,0,0,.15)\">\n                  <\/div>\n                                                              <\/div>\n              <div class=\"box-text text-left\" >\n                 <p><\/p>\n              <\/div>\n            <\/div>\n            <\/a>          <\/div>\n         <\/div><div class=\"gallery-col col\" >\n          <div class=\"col-inner\">\n            <a class=\"image-lightbox lightbox-gallery\" href=\"https:\/\/visitfinaleligure.it\/wp-content\/uploads\/2023\/03\/20429894_1158795320919813_5104502063520429865_n-768x576-1.webp\" title=\"\">            <div class=\"box has-hover gallery-box box-overlay dark\">\n              <div class=\"box-image image-cover\" style=\"padding-top:56.25%;\">\n                <img loading=\"lazy\" decoding=\"async\" width=\"768\" height=\"576\" src=\"https:\/\/visitfinaleligure.it\/wp-content\/uploads\/2023\/03\/20429894_1158795320919813_5104502063520429865_n-768x576-1.webp\" class=\"attachment-original size-original\" alt=\"\" ids=\"4692,4693,4694\" col_spacing=\"xsmall\" columns=\"3\" columns__sm=\"1\" image_height=\"56.25%\" image_size=\"original\" srcset=\"https:\/\/visitfinaleligure.it\/wp-content\/uploads\/2023\/03\/20429894_1158795320919813_5104502063520429865_n-768x576-1.webp 768w, https:\/\/visitfinaleligure.it\/wp-content\/uploads\/2023\/03\/20429894_1158795320919813_5104502063520429865_n-768x576-1-300x225.webp 300w\" sizes=\"auto, (max-width: 768px) 100vw, 768px\" \/>                                  <div class=\"overlay fill\"\n                      style=\"background-color: rgba(0,0,0,.15)\">\n                  <\/div>\n                                                              <\/div>\n              <div class=\"box-text text-left\" >\n                 <p><\/p>\n              <\/div>\n            <\/div>\n            <\/a>          <\/div>\n         <\/div><\/div>\n\n\t<div id=\"gap-1413509749\" class=\"gap-element clearfix\" style=\"display:block; height:auto;\">\n\t\t\n<style>\n#gap-1413509749 {\n  padding-top: 30px;\n}\n<\/style>\n\t<\/div>\n\t\n\n<div class=\"row\"  id=\"row-318535461\">\n\n\n\t<div id=\"col-744066784\" class=\"col hide-for-small medium-2 small-12 large-2\"  >\n\t\t\t\t<div class=\"col-inner\"  >\n\t\t\t\n\t\t\t\n\n\n\t\t<\/div>\n\t\t\t\t\t<\/div>\n\n\t\n\n\t<div id=\"col-440350579\" class=\"col medium-8 small-12 large-8\"  >\n\t\t\t\t<div class=\"col-inner\"  >\n\t\t\t\n\t\t\t\n\n\t<div id=\"text-900809844\" class=\"text testi-sotto-titolo\">\n\t\t\n\n<h2>Choose your holiday<\/h2>\n\t\t\n<style>\n#text-900809844 {\n  text-align: center;\n  color: rgb(0,0,0);\n}\n#text-900809844 > * {\n  color: rgb(0,0,0);\n}\n<\/style>\n\t<\/div>\n\t\n\t<div id=\"text-1600386610\" class=\"text\">\n\t\t\n\n<p>We have collected the experiences that encapsulate the essence of a holiday in Finale Ligure.<\/p>\n\t\t\n<style>\n#text-1600386610 {\n  text-align: center;\n  color: rgb(0,0,0);\n}\n#text-1600386610 > * {\n  color: rgb(0,0,0);\n}\n<\/style>\n\t<\/div>\n\t\n<div class=\"row\"  id=\"row-1444280255\">\n\n\n\t<div id=\"col-797839396\" class=\"col medium-3 small-6 large-3\"  >\n\t\t\t\t<div class=\"col-inner text-center\"  >\n\t\t\t\n\t\t\t\n\n\t<div class=\"img has-hover x md-x lg-x y md-y lg-y\" id=\"image_1781703185\">\n\t\t<a class=\"\" href=\"https:\/\/visitfinaleligure.it\/en\/active\/\" >\t\t\t\t\t\t<div class=\"img-inner dark\" >\n\t\t\t<img loading=\"lazy\" decoding=\"async\" width=\"197\" height=\"196\" src=\"https:\/\/visitfinaleligure.it\/wp-content\/uploads\/2023\/03\/bollino-finale-active-exe.png\" class=\"attachment-large size-large\" alt=\"\" srcset=\"https:\/\/visitfinaleligure.it\/wp-content\/uploads\/2023\/03\/bollino-finale-active-exe.png 197w, https:\/\/visitfinaleligure.it\/wp-content\/uploads\/2023\/03\/bollino-finale-active-exe-150x150.png 150w\" sizes=\"auto, (max-width: 197px) 100vw, 197px\" \/>\t\t\t\t\t\t\n\t\t\t\t\t<\/div>\n\t\t\t\t\t\t<\/a>\t\t\n<style>\n#image_1781703185 {\n  width: 100%;\n}\n@media (min-width:850px) {\n  #image_1781703185 {\n    width: 70%;\n  }\n}\n<\/style>\n\t<\/div>\n\t\n\n\n\t\t<\/div>\n\t\t\t\t\t<\/div>\n\n\t\n\n\t<div id=\"col-1834808593\" class=\"col medium-3 small-6 large-3\"  >\n\t\t\t\t<div class=\"col-inner text-center\"  >\n\t\t\t\n\t\t\t\n\n\t<div class=\"img has-hover x md-x lg-x y md-y lg-y\" id=\"image_1328009366\">\n\t\t<a class=\"\" href=\"https:\/\/visitfinaleligure.it\/en\/family\/\" >\t\t\t\t\t\t<div class=\"img-inner dark\" >\n\t\t\t<img loading=\"lazy\" decoding=\"async\" width=\"197\" height=\"196\" src=\"https:\/\/visitfinaleligure.it\/wp-content\/uploads\/2023\/03\/bollino-finale-family-exe.png\" class=\"attachment-large size-large\" alt=\"\" srcset=\"https:\/\/visitfinaleligure.it\/wp-content\/uploads\/2023\/03\/bollino-finale-family-exe.png 197w, https:\/\/visitfinaleligure.it\/wp-content\/uploads\/2023\/03\/bollino-finale-family-exe-150x150.png 150w\" sizes=\"auto, (max-width: 197px) 100vw, 197px\" \/>\t\t\t\t\t\t\n\t\t\t\t\t<\/div>\n\t\t\t\t\t\t<\/a>\t\t\n<style>\n#image_1328009366 {\n  width: 100%;\n}\n@media (min-width:850px) {\n  #image_1328009366 {\n    width: 70%;\n  }\n}\n<\/style>\n\t<\/div>\n\t\n\n\n\t\t<\/div>\n\t\t\t\t\t<\/div>\n\n\t\n\n\t<div id=\"col-1215316368\" class=\"col medium-3 small-6 large-3\"  >\n\t\t\t\t<div class=\"col-inner text-center\"  >\n\t\t\t\n\t\t\t\n\n\t<div class=\"img has-hover x md-x lg-x y md-y lg-y\" id=\"image_1048538946\">\n\t\t<a class=\"\" href=\"https:\/\/visitfinaleligure.it\/en\/slow\/\" >\t\t\t\t\t\t<div class=\"img-inner dark\" >\n\t\t\t<img loading=\"lazy\" decoding=\"async\" width=\"196\" height=\"196\" src=\"https:\/\/visitfinaleligure.it\/wp-content\/uploads\/2023\/03\/bollino-finale-slow-exe.png\" class=\"attachment-large size-large\" alt=\"\" srcset=\"https:\/\/visitfinaleligure.it\/wp-content\/uploads\/2023\/03\/bollino-finale-slow-exe.png 196w, https:\/\/visitfinaleligure.it\/wp-content\/uploads\/2023\/03\/bollino-finale-slow-exe-150x150.png 150w\" sizes=\"auto, (max-width: 196px) 100vw, 196px\" \/>\t\t\t\t\t\t\n\t\t\t\t\t<\/div>\n\t\t\t\t\t\t<\/a>\t\t\n<style>\n#image_1048538946 {\n  width: 100%;\n}\n@media (min-width:850px) {\n  #image_1048538946 {\n    width: 70%;\n  }\n}\n<\/style>\n\t<\/div>\n\t\n\n\n\t\t<\/div>\n\t\t\t\t\t<\/div>\n\n\t\n\n\t<div id=\"col-729891015\" class=\"col medium-3 small-6 large-3\"  >\n\t\t\t\t<div class=\"col-inner text-center\"  >\n\t\t\t\n\t\t\t\n\n\t<div class=\"img has-hover x md-x lg-x y md-y lg-y\" id=\"image_740819297\">\n\t\t<a class=\"\" href=\"https:\/\/visitfinaleligure.it\/en\/training\/\" >\t\t\t\t\t\t<div class=\"img-inner dark\" >\n\t\t\t<img loading=\"lazy\" decoding=\"async\" width=\"196\" height=\"196\" src=\"https:\/\/visitfinaleligure.it\/wp-content\/uploads\/2023\/03\/bollino-finale-training-exe.png\" class=\"attachment-large size-large\" alt=\"\" srcset=\"https:\/\/visitfinaleligure.it\/wp-content\/uploads\/2023\/03\/bollino-finale-training-exe.png 196w, https:\/\/visitfinaleligure.it\/wp-content\/uploads\/2023\/03\/bollino-finale-training-exe-150x150.png 150w\" sizes=\"auto, (max-width: 196px) 100vw, 196px\" \/>\t\t\t\t\t\t\n\t\t\t\t\t<\/div>\n\t\t\t\t\t\t<\/a>\t\t\n<style>\n#image_740819297 {\n  width: 100%;\n}\n@media (min-width:850px) {\n  #image_740819297 {\n    width: 70%;\n  }\n}\n<\/style>\n\t<\/div>\n\t\n\n\n\t\t<\/div>\n\t\t\t\t\t<\/div>\n\n\t\n\n<\/div>\n\n\t\t<\/div>\n\t\t\t\t\t<\/div>\n\n\t\n\n\t<div id=\"col-1237068035\" class=\"col hide-for-small medium-2 small-12 large-2\"  >\n\t\t\t\t<div class=\"col-inner\"  >\n\t\t\t\n\t\t\t\n\n\n\t\t<\/div>\n\t\t\t\t\t<\/div>\n\n\t\n\n<\/div>\n\n\t\t<\/div>\n\t\t\t\t\t<\/div>\n\n\t\n\n\t<div id=\"col-2123808085\" class=\"col hide-for-small medium-1 small-7 large-1\"  >\n\t\t\t\t<div class=\"col-inner text-left\"  >\n\t\t\t\n\t\t\t\n\n\n\t\t<\/div>\n\t\t\t\t\n<style>\n#col-2123808085 > .col-inner {\n  margin: 0px 0px 0px 0px;\n}\n<\/style>\n\t<\/div>\n\n\t\n\n<\/div>\n\n\t\t<\/div>\n\n\t\t\n<style>\n#section_364631257 {\n  padding-top: 0px;\n  padding-bottom: 0px;\n}\n<\/style>\n\t<\/section>\n\t\n\n","protected":false},"excerpt":{"rendered":"","protected":false},"author":1,"featured_media":13801,"parent":8976,"menu_order":0,"comment_status":"closed","ping_status":"closed","template":"page-blank.php","meta":{"footnotes":""},"class_list":["post-8049","page","type-page","status-publish","has-post-thumbnail","hentry"],"yoast_head":"<!-- This site is optimized with the Yoast SEO plugin v27.3 - https:\/\/yoast.com\/product\/yoast-seo-wordpress\/ -->\n<title>Palma d&#039;Oro International Chamber Music Competition - Visit Finale Ligure<\/title>\n<meta name=\"description\" content=\"Since 1974, Finale Ligure hosts the Palma d\u2019Oro: a top-tier international chamber music event held every August.\" \/>\n<meta name=\"robots\" content=\"index, follow, max-snippet:-1, max-image-preview:large, max-video-preview:-1\" \/>\n<link rel=\"canonical\" href=\"https:\/\/visitfinaleligure.it\/en\/major-events\/palma-doro-international-chamber-music-competition\/\" \/>\n<meta property=\"og:locale\" content=\"en_US\" \/>\n<meta property=\"og:type\" content=\"article\" \/>\n<meta property=\"og:title\" content=\"Palma d&#039;Oro International Chamber Music Competition - Visit Finale Ligure\" \/>\n<meta property=\"og:description\" content=\"Since 1974, Finale Ligure hosts the Palma d\u2019Oro: a top-tier international chamber music event held every August.\" \/>\n<meta property=\"og:url\" content=\"https:\/\/visitfinaleligure.it\/en\/major-events\/palma-doro-international-chamber-music-competition\/\" \/>\n<meta property=\"og:site_name\" content=\"Visit Finale Ligure\" \/>\n<meta property=\"article:publisher\" content=\"https:\/\/www.facebook.com\/VisitFinaleLigure\" \/>\n<meta property=\"article:modified_time\" content=\"2025-08-07T09:12:43+00:00\" \/>\n<meta property=\"og:image\" content=\"https:\/\/visitfinaleligure.it\/wp-content\/uploads\/2025\/06\/palma_doro2_2024-scaled-e1749669127773.jpg\" \/>\n\t<meta property=\"og:image:width\" content=\"1442\" \/>\n\t<meta property=\"og:image:height\" content=\"2560\" \/>\n\t<meta property=\"og:image:type\" content=\"image\/jpeg\" \/>\n<meta name=\"twitter:card\" content=\"summary_large_image\" \/>\n<meta name=\"twitter:label1\" content=\"Est. reading time\" \/>\n\t<meta name=\"twitter:data1\" content=\"2 minutes\" \/>\n<script type=\"application\/ld+json\" class=\"yoast-schema-graph\">{\"@context\":\"https:\\\/\\\/schema.org\",\"@graph\":[{\"@type\":\"WebPage\",\"@id\":\"https:\\\/\\\/visitfinaleligure.it\\\/en\\\/major-events\\\/palma-doro-international-chamber-music-competition\\\/\",\"url\":\"https:\\\/\\\/visitfinaleligure.it\\\/en\\\/major-events\\\/palma-doro-international-chamber-music-competition\\\/\",\"name\":\"Palma d'Oro International Chamber Music Competition - Visit Finale Ligure\",\"isPartOf\":{\"@id\":\"https:\\\/\\\/visitfinaleligure.it\\\/en\\\/#website\"},\"primaryImageOfPage\":{\"@id\":\"https:\\\/\\\/visitfinaleligure.it\\\/en\\\/major-events\\\/palma-doro-international-chamber-music-competition\\\/#primaryimage\"},\"image\":{\"@id\":\"https:\\\/\\\/visitfinaleligure.it\\\/en\\\/major-events\\\/palma-doro-international-chamber-music-competition\\\/#primaryimage\"},\"thumbnailUrl\":\"https:\\\/\\\/visitfinaleligure.it\\\/wp-content\\\/uploads\\\/2025\\\/06\\\/palma_doro2_2024-scaled-e1749669127773.jpg\",\"datePublished\":\"2023-03-21T10:44:07+00:00\",\"dateModified\":\"2025-08-07T09:12:43+00:00\",\"description\":\"Since 1974, Finale Ligure hosts the Palma d\u2019Oro: a top-tier international chamber music event held every August.\",\"breadcrumb\":{\"@id\":\"https:\\\/\\\/visitfinaleligure.it\\\/en\\\/major-events\\\/palma-doro-international-chamber-music-competition\\\/#breadcrumb\"},\"inLanguage\":\"en-US\",\"potentialAction\":[{\"@type\":\"ReadAction\",\"target\":[\"https:\\\/\\\/visitfinaleligure.it\\\/en\\\/major-events\\\/palma-doro-international-chamber-music-competition\\\/\"]}]},{\"@type\":\"ImageObject\",\"inLanguage\":\"en-US\",\"@id\":\"https:\\\/\\\/visitfinaleligure.it\\\/en\\\/major-events\\\/palma-doro-international-chamber-music-competition\\\/#primaryimage\",\"url\":\"https:\\\/\\\/visitfinaleligure.it\\\/wp-content\\\/uploads\\\/2025\\\/06\\\/palma_doro2_2024-scaled-e1749669127773.jpg\",\"contentUrl\":\"https:\\\/\\\/visitfinaleligure.it\\\/wp-content\\\/uploads\\\/2025\\\/06\\\/palma_doro2_2024-scaled-e1749669127773.jpg\",\"width\":1442,\"height\":2560},{\"@type\":\"BreadcrumbList\",\"@id\":\"https:\\\/\\\/visitfinaleligure.it\\\/en\\\/major-events\\\/palma-doro-international-chamber-music-competition\\\/#breadcrumb\",\"itemListElement\":[{\"@type\":\"ListItem\",\"position\":1,\"name\":\"Home\",\"item\":\"https:\\\/\\\/visitfinaleligure.it\\\/en\\\/visit-finale-ligure-official-toursim-website\\\/\"},{\"@type\":\"ListItem\",\"position\":2,\"name\":\"Top Events\",\"item\":\"https:\\\/\\\/visitfinaleligure.it\\\/en\\\/major-events\\\/\"},{\"@type\":\"ListItem\",\"position\":3,\"name\":\"Palma d&#8217;Oro International Chamber Music Competition\"}]},{\"@type\":\"WebSite\",\"@id\":\"https:\\\/\\\/visitfinaleligure.it\\\/en\\\/#website\",\"url\":\"https:\\\/\\\/visitfinaleligure.it\\\/en\\\/\",\"name\":\"Visit Finale Ligure\",\"description\":\"My perfect place\",\"publisher\":{\"@id\":\"https:\\\/\\\/visitfinaleligure.it\\\/en\\\/#organization\"},\"potentialAction\":[{\"@type\":\"SearchAction\",\"target\":{\"@type\":\"EntryPoint\",\"urlTemplate\":\"https:\\\/\\\/visitfinaleligure.it\\\/en\\\/?s={search_term_string}\"},\"query-input\":{\"@type\":\"PropertyValueSpecification\",\"valueRequired\":true,\"valueName\":\"search_term_string\"}}],\"inLanguage\":\"en-US\"},{\"@type\":\"Organization\",\"@id\":\"https:\\\/\\\/visitfinaleligure.it\\\/en\\\/#organization\",\"name\":\"Comune di Finale Ligure\",\"url\":\"https:\\\/\\\/visitfinaleligure.it\\\/en\\\/\",\"logo\":{\"@type\":\"ImageObject\",\"inLanguage\":\"en-US\",\"@id\":\"https:\\\/\\\/visitfinaleligure.it\\\/en\\\/#\\\/schema\\\/logo\\\/image\\\/\",\"url\":\"https:\\\/\\\/visitfinaleligure.it\\\/wp-content\\\/uploads\\\/2023\\\/04\\\/cropped-finaleligure-verticale-positivo-200x200-1.png\",\"contentUrl\":\"https:\\\/\\\/visitfinaleligure.it\\\/wp-content\\\/uploads\\\/2023\\\/04\\\/cropped-finaleligure-verticale-positivo-200x200-1.png\",\"width\":512,\"height\":512,\"caption\":\"Comune di Finale Ligure\"},\"image\":{\"@id\":\"https:\\\/\\\/visitfinaleligure.it\\\/en\\\/#\\\/schema\\\/logo\\\/image\\\/\"},\"sameAs\":[\"https:\\\/\\\/www.facebook.com\\\/VisitFinaleLigure\",\"https:\\\/\\\/www.instagram.com\\\/visitfinale\\\/\",\"https:\\\/\\\/www.youtube.com\\\/channel\\\/UCLmoLfNmrAt9mSCll9egttw\"]}]}<\/script>\n<!-- \/ Yoast SEO plugin. -->","yoast_head_json":{"title":"Palma d'Oro International Chamber Music Competition - Visit Finale Ligure","description":"Since 1974, Finale Ligure hosts the Palma d\u2019Oro: a top-tier international chamber music event held every August.","robots":{"index":"index","follow":"follow","max-snippet":"max-snippet:-1","max-image-preview":"max-image-preview:large","max-video-preview":"max-video-preview:-1"},"canonical":"https:\/\/visitfinaleligure.it\/en\/major-events\/palma-doro-international-chamber-music-competition\/","og_locale":"en_US","og_type":"article","og_title":"Palma d'Oro International Chamber Music Competition - Visit Finale Ligure","og_description":"Since 1974, Finale Ligure hosts the Palma d\u2019Oro: a top-tier international chamber music event held every August.","og_url":"https:\/\/visitfinaleligure.it\/en\/major-events\/palma-doro-international-chamber-music-competition\/","og_site_name":"Visit Finale Ligure","article_publisher":"https:\/\/www.facebook.com\/VisitFinaleLigure","article_modified_time":"2025-08-07T09:12:43+00:00","og_image":[{"width":1442,"height":2560,"url":"https:\/\/visitfinaleligure.it\/wp-content\/uploads\/2025\/06\/palma_doro2_2024-scaled-e1749669127773.jpg","type":"image\/jpeg"}],"twitter_card":"summary_large_image","twitter_misc":{"Est. reading time":"2 minutes"},"schema":{"@context":"https:\/\/schema.org","@graph":[{"@type":"WebPage","@id":"https:\/\/visitfinaleligure.it\/en\/major-events\/palma-doro-international-chamber-music-competition\/","url":"https:\/\/visitfinaleligure.it\/en\/major-events\/palma-doro-international-chamber-music-competition\/","name":"Palma d'Oro International Chamber Music Competition - Visit Finale Ligure","isPartOf":{"@id":"https:\/\/visitfinaleligure.it\/en\/#website"},"primaryImageOfPage":{"@id":"https:\/\/visitfinaleligure.it\/en\/major-events\/palma-doro-international-chamber-music-competition\/#primaryimage"},"image":{"@id":"https:\/\/visitfinaleligure.it\/en\/major-events\/palma-doro-international-chamber-music-competition\/#primaryimage"},"thumbnailUrl":"https:\/\/visitfinaleligure.it\/wp-content\/uploads\/2025\/06\/palma_doro2_2024-scaled-e1749669127773.jpg","datePublished":"2023-03-21T10:44:07+00:00","dateModified":"2025-08-07T09:12:43+00:00","description":"Since 1974, Finale Ligure hosts the Palma d\u2019Oro: a top-tier international chamber music event held every August.","breadcrumb":{"@id":"https:\/\/visitfinaleligure.it\/en\/major-events\/palma-doro-international-chamber-music-competition\/#breadcrumb"},"inLanguage":"en-US","potentialAction":[{"@type":"ReadAction","target":["https:\/\/visitfinaleligure.it\/en\/major-events\/palma-doro-international-chamber-music-competition\/"]}]},{"@type":"ImageObject","inLanguage":"en-US","@id":"https:\/\/visitfinaleligure.it\/en\/major-events\/palma-doro-international-chamber-music-competition\/#primaryimage","url":"https:\/\/visitfinaleligure.it\/wp-content\/uploads\/2025\/06\/palma_doro2_2024-scaled-e1749669127773.jpg","contentUrl":"https:\/\/visitfinaleligure.it\/wp-content\/uploads\/2025\/06\/palma_doro2_2024-scaled-e1749669127773.jpg","width":1442,"height":2560},{"@type":"BreadcrumbList","@id":"https:\/\/visitfinaleligure.it\/en\/major-events\/palma-doro-international-chamber-music-competition\/#breadcrumb","itemListElement":[{"@type":"ListItem","position":1,"name":"Home","item":"https:\/\/visitfinaleligure.it\/en\/visit-finale-ligure-official-toursim-website\/"},{"@type":"ListItem","position":2,"name":"Top Events","item":"https:\/\/visitfinaleligure.it\/en\/major-events\/"},{"@type":"ListItem","position":3,"name":"Palma d&#8217;Oro International Chamber Music Competition"}]},{"@type":"WebSite","@id":"https:\/\/visitfinaleligure.it\/en\/#website","url":"https:\/\/visitfinaleligure.it\/en\/","name":"Visit Finale Ligure","description":"My perfect place","publisher":{"@id":"https:\/\/visitfinaleligure.it\/en\/#organization"},"potentialAction":[{"@type":"SearchAction","target":{"@type":"EntryPoint","urlTemplate":"https:\/\/visitfinaleligure.it\/en\/?s={search_term_string}"},"query-input":{"@type":"PropertyValueSpecification","valueRequired":true,"valueName":"search_term_string"}}],"inLanguage":"en-US"},{"@type":"Organization","@id":"https:\/\/visitfinaleligure.it\/en\/#organization","name":"Comune di Finale Ligure","url":"https:\/\/visitfinaleligure.it\/en\/","logo":{"@type":"ImageObject","inLanguage":"en-US","@id":"https:\/\/visitfinaleligure.it\/en\/#\/schema\/logo\/image\/","url":"https:\/\/visitfinaleligure.it\/wp-content\/uploads\/2023\/04\/cropped-finaleligure-verticale-positivo-200x200-1.png","contentUrl":"https:\/\/visitfinaleligure.it\/wp-content\/uploads\/2023\/04\/cropped-finaleligure-verticale-positivo-200x200-1.png","width":512,"height":512,"caption":"Comune di Finale Ligure"},"image":{"@id":"https:\/\/visitfinaleligure.it\/en\/#\/schema\/logo\/image\/"},"sameAs":["https:\/\/www.facebook.com\/VisitFinaleLigure","https:\/\/www.instagram.com\/visitfinale\/","https:\/\/www.youtube.com\/channel\/UCLmoLfNmrAt9mSCll9egttw"]}]}},"_links":{"self":[{"href":"https:\/\/visitfinaleligure.it\/en\/wp-json\/wp\/v2\/pages\/8049","targetHints":{"allow":["GET"]}}],"collection":[{"href":"https:\/\/visitfinaleligure.it\/en\/wp-json\/wp\/v2\/pages"}],"about":[{"href":"https:\/\/visitfinaleligure.it\/en\/wp-json\/wp\/v2\/types\/page"}],"author":[{"embeddable":true,"href":"https:\/\/visitfinaleligure.it\/en\/wp-json\/wp\/v2\/users\/1"}],"replies":[{"embeddable":true,"href":"https:\/\/visitfinaleligure.it\/en\/wp-json\/wp\/v2\/comments?post=8049"}],"version-history":[{"count":10,"href":"https:\/\/visitfinaleligure.it\/en\/wp-json\/wp\/v2\/pages\/8049\/revisions"}],"predecessor-version":[{"id":9313,"href":"https:\/\/visitfinaleligure.it\/en\/wp-json\/wp\/v2\/pages\/8049\/revisions\/9313"}],"up":[{"embeddable":true,"href":"https:\/\/visitfinaleligure.it\/en\/wp-json\/wp\/v2\/pages\/8976"}],"wp:featuredmedia":[{"embeddable":true,"href":"https:\/\/visitfinaleligure.it\/en\/wp-json\/wp\/v2\/media\/13801"}],"wp:attachment":[{"href":"https:\/\/visitfinaleligure.it\/en\/wp-json\/wp\/v2\/media?parent=8049"}],"curies":[{"name":"wp","href":"https:\/\/api.w.org\/{rel}","templated":true}]}}