{"id":15123,"date":"2023-02-01T10:16:26","date_gmt":"2023-02-01T09:16:26","guid":{"rendered":"https:\/\/visitfinaleligure.it\/a-la-decouverte-du-beach-rock\/"},"modified":"2025-11-04T09:36:45","modified_gmt":"2025-11-04T08:36:45","slug":"a-la-decouverte-du-beach-rock","status":"publish","type":"page","link":"https:\/\/visitfinaleligure.it\/fr\/que-faire-a-finale-ligure\/a-la-decouverte-du-beach-rock\/","title":{"rendered":"\u00c0 la d\u00e9couverte du \u00ab beach rock \u00bb"},"content":{"rendered":"\n\n\t<section class=\"section\" id=\"section_820888853\">\n\t\t<div class=\"section-bg fill\" >\n\t\t\t\t\t\t\t\t\t\n\t\t\t\n\n\t\t<\/div>\n\n\t\t\n\n\t\t<div class=\"section-content relative\">\n\t\t\t\n\n\t<div class=\"img has-hover x md-x lg-x y md-y lg-y\" id=\"image_493951057\">\n\t\t\t\t\t\t\t\t<div class=\"img-inner image-cover dark\" style=\"padding-top:40%;\">\n\t\t\t<img loading=\"lazy\" decoding=\"async\" width=\"2500\" height=\"1875\" src=\"https:\/\/visitfinaleligure.it\/wp-content\/uploads\/2023\/03\/Spazio-FOR_1-_Snorkeling_Salto-nel-Blu-1-1.jpg\" class=\"attachment-original size-original\" alt=\"\" srcset=\"https:\/\/visitfinaleligure.it\/wp-content\/uploads\/2023\/03\/Spazio-FOR_1-_Snorkeling_Salto-nel-Blu-1-1.jpg 2500w, https:\/\/visitfinaleligure.it\/wp-content\/uploads\/2023\/03\/Spazio-FOR_1-_Snorkeling_Salto-nel-Blu-1-1-300x225.jpg 300w, https:\/\/visitfinaleligure.it\/wp-content\/uploads\/2023\/03\/Spazio-FOR_1-_Snorkeling_Salto-nel-Blu-1-1-1024x768.jpg 1024w, https:\/\/visitfinaleligure.it\/wp-content\/uploads\/2023\/03\/Spazio-FOR_1-_Snorkeling_Salto-nel-Blu-1-1-768x576.jpg 768w, https:\/\/visitfinaleligure.it\/wp-content\/uploads\/2023\/03\/Spazio-FOR_1-_Snorkeling_Salto-nel-Blu-1-1-1536x1152.jpg 1536w, https:\/\/visitfinaleligure.it\/wp-content\/uploads\/2023\/03\/Spazio-FOR_1-_Snorkeling_Salto-nel-Blu-1-1-2048x1536.jpg 2048w\" sizes=\"auto, (max-width: 2500px) 100vw, 2500px\" \/>\t\t\t\t\t\t\n\t\t\t\t\t<\/div>\n\t\t\t\t\t\t\t\t\n<style>\n#image_493951057 {\n  width: 100%;\n}\n<\/style>\n\t<\/div>\n\t\n\n\n\t\t<\/div>\n\n\t\t\n<style>\n#section_820888853 {\n  padding-top: 30px;\n  padding-bottom: 30px;\n}\n<\/style>\n\t<\/section>\n\t\n\n\t<section class=\"section\" id=\"section_2042898770\">\n\t\t<div class=\"section-bg fill\" >\n\t\t\t\t\t\t\t\t\t\n\t\t\t\n\n\t\t<\/div>\n\n\t\t\n\n\t\t<div class=\"section-content relative\">\n\t\t\t\n\n<div class=\"row\"  id=\"row-261208131\">\n\n\n\t<div id=\"col-1999471506\" class=\"col hide-for-small medium-1 small-12 large-1\"  >\n\t\t\t\t<div class=\"col-inner text-left\"  >\n\t\t\t\n\t\t\t\n\n\n\t\t<\/div>\n\t\t\t\t\n<style>\n#col-1999471506 > .col-inner {\n  margin: 0px 0px 0px 0px;\n}\n<\/style>\n\t<\/div>\n\n\t\n\n\t<div id=\"col-2126507240\" class=\"col medium-10 small-12 large-10\"  >\n\t\t\t\t<div class=\"col-inner text-left\"  >\n\t\t\t\n\t\t\t\n\n\t<div id=\"text-594574059\" class=\"text testi-body\">\n\t\t\n\n<h1 class=\"testi-titolo\" style=\"text-align: left;\">\u00c0 la d\u00e9couverte du \u00ab beach rock \u00bb, le fond rocheux de Finale<br><br><\/h1>\n\t\t\n<style>\n#text-594574059 {\n  font-size: 1.5rem;\n  text-align: left;\n  color: rgb(0,0,0);\n}\n#text-594574059 > * {\n  color: rgb(0,0,0);\n}\n<\/style>\n\t<\/div>\n\t\n<p>Marcher la t\u00eate dans les nuages ? \u00c0 Finale Ligure, on peut faire mieux : on se prom\u00e8ne avec la t\u00eate&#8230; sous l&#8217;eau !<\/p>\n<p><br data-start=\"189\" data-end=\"192\">Nous vous conseillons d&#8217;explorer avec un masque et un tuba le <strong data-start=\"197\" data-end=\"213\">Sentiero Blu<\/strong>, un itin\u00e9raire c\u00f4tier qui d\u00e9voile un paysage sous-marin fait de rochers, de prairies marines et de petites cr\u00e9atures. Une nouvelle fa\u00e7on surprenante de d\u00e9couvrir la mer de Finale, sous un autre angle.<\/p>\n<p>Tu veux essayer la plong\u00e9e avec tuba ? <strong><a href=\"https:\/\/visitfinaleligure.it\/sport-avventura\/esperienze\">Consultez les exp\u00e9riences en mer !<\/a><\/strong><\/p>\n<div class=\"row\"  id=\"row-177472702\">\n\n\n\t<div id=\"col-1178310200\" class=\"col medium-6 small-12 large-6\"  >\n\t\t\t\t<div class=\"col-inner\"  >\n\t\t\t\n\t\t\t\n\n\t<div class=\"img has-hover x md-x lg-x y md-y lg-y\" id=\"image_1736055486\">\n\t\t\t\t\t\t\t\t<div class=\"img-inner image-cover dark\" style=\"padding-top:56.25%;\">\n\t\t\t<img loading=\"lazy\" decoding=\"async\" width=\"768\" height=\"512\" src=\"https:\/\/visitfinaleligure.it\/wp-content\/uploads\/2023\/01\/salto2-768x512-1.webp\" class=\"attachment-original size-original\" alt=\"\" srcset=\"https:\/\/visitfinaleligure.it\/wp-content\/uploads\/2023\/01\/salto2-768x512-1.webp 768w, https:\/\/visitfinaleligure.it\/wp-content\/uploads\/2023\/01\/salto2-768x512-1-300x200.webp 300w\" sizes=\"auto, (max-width: 768px) 100vw, 768px\" \/>\t\t\t\t\t\t\n\t\t\t\t\t<\/div>\n\t\t\t\t\t\t\t\t\n<style>\n#image_1736055486 {\n  width: 100%;\n}\n<\/style>\n\t<\/div>\n\t\n\n\t<div class=\"img has-hover x md-x lg-x y md-y lg-y\" id=\"image_285864765\">\n\t\t\t\t\t\t\t\t<div class=\"img-inner image-cover dark\" style=\"padding-top:56.25%;\">\n\t\t\t<img loading=\"lazy\" decoding=\"async\" width=\"768\" height=\"512\" src=\"https:\/\/visitfinaleligure.it\/wp-content\/uploads\/2023\/01\/salto4-768x512-1.webp\" class=\"attachment-original size-original\" alt=\"\" srcset=\"https:\/\/visitfinaleligure.it\/wp-content\/uploads\/2023\/01\/salto4-768x512-1.webp 768w, https:\/\/visitfinaleligure.it\/wp-content\/uploads\/2023\/01\/salto4-768x512-1-300x200.webp 300w\" sizes=\"auto, (max-width: 768px) 100vw, 768px\" \/>\t\t\t\t\t\t\n\t\t\t\t\t<\/div>\n\t\t\t\t\t\t\t\t\n<style>\n#image_285864765 {\n  width: 100%;\n}\n<\/style>\n\t<\/div>\n\t\n\n\n\t\t<\/div>\n\t\t\t\t\t<\/div>\n\n\t\n\n\t<div id=\"col-1670431068\" class=\"col medium-6 small-12 large-6\"  >\n\t\t\t\t<div class=\"col-inner\"  >\n\t\t\t\n\t\t\t\n\n\t<div class=\"img has-hover x md-x lg-x y md-y lg-y\" id=\"image_339719402\">\n\t\t\t\t\t\t\t\t<div class=\"img-inner image-cover dark\" style=\"padding-top:56.25%;\">\n\t\t\t<img loading=\"lazy\" decoding=\"async\" width=\"768\" height=\"512\" src=\"https:\/\/visitfinaleligure.it\/wp-content\/uploads\/2023\/01\/salto3-768x512-1.webp\" class=\"attachment-original size-original\" alt=\"\" srcset=\"https:\/\/visitfinaleligure.it\/wp-content\/uploads\/2023\/01\/salto3-768x512-1.webp 768w, https:\/\/visitfinaleligure.it\/wp-content\/uploads\/2023\/01\/salto3-768x512-1-300x200.webp 300w\" sizes=\"auto, (max-width: 768px) 100vw, 768px\" \/>\t\t\t\t\t\t\n\t\t\t\t\t<\/div>\n\t\t\t\t\t\t\t\t\n<style>\n#image_339719402 {\n  width: 100%;\n}\n<\/style>\n\t<\/div>\n\t\n\n\t<div class=\"img has-hover x md-x lg-x y md-y lg-y\" id=\"image_885809343\">\n\t\t\t\t\t\t\t\t<div class=\"img-inner image-cover dark\" style=\"padding-top:56.25%;\">\n\t\t\t<img loading=\"lazy\" decoding=\"async\" width=\"768\" height=\"512\" src=\"https:\/\/visitfinaleligure.it\/wp-content\/uploads\/2023\/01\/salto5-768x512-1.webp\" class=\"attachment-original size-original\" alt=\"\" srcset=\"https:\/\/visitfinaleligure.it\/wp-content\/uploads\/2023\/01\/salto5-768x512-1.webp 768w, https:\/\/visitfinaleligure.it\/wp-content\/uploads\/2023\/01\/salto5-768x512-1-300x200.webp 300w\" sizes=\"auto, (max-width: 768px) 100vw, 768px\" \/>\t\t\t\t\t\t\n\t\t\t\t\t<\/div>\n\t\t\t\t\t\t\t\t\n<style>\n#image_885809343 {\n  width: 100%;\n}\n<\/style>\n\t<\/div>\n\t\n\n\n\t\t<\/div>\n\t\t\t\t\t<\/div>\n\n\t\n\n<\/div>\n\n\t\t<\/div>\n\t\t\t\t\t<\/div>\n\n\t\n\n\t<div id=\"col-446380542\" class=\"col hide-for-small medium-1 small-7 large-1\"  >\n\t\t\t\t<div class=\"col-inner text-left\"  >\n\t\t\t\n\t\t\t\n\n\n\t\t<\/div>\n\t\t\t\t\n<style>\n#col-446380542 > .col-inner {\n  margin: 0px 0px 0px 0px;\n}\n<\/style>\n\t<\/div>\n\n\t\n\n<\/div>\n\n\t\t<\/div>\n\n\t\t\n<style>\n#section_2042898770 {\n  padding-top: 0px;\n  padding-bottom: 0px;\n}\n<\/style>\n\t<\/section>\n\t\n\n","protected":false},"excerpt":{"rendered":"","protected":false},"author":2,"featured_media":15124,"parent":15689,"menu_order":0,"comment_status":"closed","ping_status":"closed","template":"page-blank.php","meta":{"footnotes":""},"class_list":["post-15123","page","type-page","status-publish","has-post-thumbnail","hentry"],"yoast_head":"<!-- This site is optimized with the Yoast SEO plugin v27.3 - https:\/\/yoast.com\/product\/yoast-seo-wordpress\/ -->\n<title>Snorkeling \u00e0 Finale Ligure: les &quot;Beach Rock&quot; - Visit Finale Ligure<\/title>\n<meta name=\"robots\" content=\"index, follow, max-snippet:-1, max-image-preview:large, max-video-preview:-1\" \/>\n<link rel=\"canonical\" href=\"https:\/\/visitfinaleligure.it\/fr\/que-faire-a-finale-ligure\/a-la-decouverte-du-beach-rock\/\" \/>\n<meta property=\"og:locale\" content=\"fr_FR\" \/>\n<meta property=\"og:type\" content=\"article\" \/>\n<meta property=\"og:title\" content=\"\u00c0 la d\u00e9couverte du &quot;beach rock&quot;\" \/>\n<meta property=\"og:description\" content=\"Le Sentiero Blu, un parcours le long de la c\u00f4te qui permet de d\u00e9couvrir, gr\u00e2ce \u00e0 la technique du snorkeling, les fonds marins de la r\u00e9gion de Finale !\" \/>\n<meta property=\"og:url\" content=\"https:\/\/visitfinaleligure.it\/fr\/que-faire-a-finale-ligure\/a-la-decouverte-du-beach-rock\/\" \/>\n<meta property=\"og:site_name\" content=\"Visit Finale Ligure\" \/>\n<meta property=\"article:publisher\" content=\"https:\/\/www.facebook.com\/VisitFinaleLigure\" \/>\n<meta property=\"article:modified_time\" content=\"2025-11-04T08:36:45+00:00\" \/>\n<meta property=\"og:image\" content=\"https:\/\/visitfinaleligure.it\/wp-content\/uploads\/2023\/02\/snorkslider-1920x1186-1-1024x633.webp\" \/>\n<meta name=\"twitter:card\" content=\"summary_large_image\" \/>\n<meta name=\"twitter:label1\" content=\"Dur\u00e9e de lecture estim\u00e9e\" \/>\n\t<meta name=\"twitter:data1\" content=\"1 minute\" \/>\n<script type=\"application\/ld+json\" class=\"yoast-schema-graph\">{\"@context\":\"https:\\\/\\\/schema.org\",\"@graph\":[{\"@type\":\"WebPage\",\"@id\":\"https:\\\/\\\/visitfinaleligure.it\\\/fr\\\/que-faire-a-finale-ligure\\\/a-la-decouverte-du-beach-rock\\\/\",\"url\":\"https:\\\/\\\/visitfinaleligure.it\\\/fr\\\/que-faire-a-finale-ligure\\\/a-la-decouverte-du-beach-rock\\\/\",\"name\":\"Snorkeling \u00e0 Finale Ligure: les \\\"Beach Rock\\\" - Visit Finale Ligure\",\"isPartOf\":{\"@id\":\"https:\\\/\\\/visitfinaleligure.it\\\/fr\\\/#website\"},\"primaryImageOfPage\":{\"@id\":\"https:\\\/\\\/visitfinaleligure.it\\\/fr\\\/que-faire-a-finale-ligure\\\/a-la-decouverte-du-beach-rock\\\/#primaryimage\"},\"image\":{\"@id\":\"https:\\\/\\\/visitfinaleligure.it\\\/fr\\\/que-faire-a-finale-ligure\\\/a-la-decouverte-du-beach-rock\\\/#primaryimage\"},\"thumbnailUrl\":\"https:\\\/\\\/visitfinaleligure.it\\\/wp-content\\\/uploads\\\/2023\\\/02\\\/snorkslider-1920x1186-1.webp\",\"datePublished\":\"2023-02-01T09:16:26+00:00\",\"dateModified\":\"2025-11-04T08:36:45+00:00\",\"breadcrumb\":{\"@id\":\"https:\\\/\\\/visitfinaleligure.it\\\/fr\\\/que-faire-a-finale-ligure\\\/a-la-decouverte-du-beach-rock\\\/#breadcrumb\"},\"inLanguage\":\"fr-FR\",\"potentialAction\":[{\"@type\":\"ReadAction\",\"target\":[\"https:\\\/\\\/visitfinaleligure.it\\\/fr\\\/que-faire-a-finale-ligure\\\/a-la-decouverte-du-beach-rock\\\/\"]}]},{\"@type\":\"ImageObject\",\"inLanguage\":\"fr-FR\",\"@id\":\"https:\\\/\\\/visitfinaleligure.it\\\/fr\\\/que-faire-a-finale-ligure\\\/a-la-decouverte-du-beach-rock\\\/#primaryimage\",\"url\":\"https:\\\/\\\/visitfinaleligure.it\\\/wp-content\\\/uploads\\\/2023\\\/02\\\/snorkslider-1920x1186-1.webp\",\"contentUrl\":\"https:\\\/\\\/visitfinaleligure.it\\\/wp-content\\\/uploads\\\/2023\\\/02\\\/snorkslider-1920x1186-1.webp\",\"width\":1920,\"height\":1186,\"caption\":\"snorkeling finalel ligure\"},{\"@type\":\"BreadcrumbList\",\"@id\":\"https:\\\/\\\/visitfinaleligure.it\\\/fr\\\/que-faire-a-finale-ligure\\\/a-la-decouverte-du-beach-rock\\\/#breadcrumb\",\"itemListElement\":[{\"@type\":\"ListItem\",\"position\":1,\"name\":\"Home\",\"item\":\"https:\\\/\\\/visitfinaleligure.it\\\/fr\\\/visitez-finale-ligure-site-touristique-officiel\\\/\"},{\"@type\":\"ListItem\",\"position\":2,\"name\":\"Que faire \u00e0 Finale Ligure\",\"item\":\"https:\\\/\\\/visitfinaleligure.it\\\/fr\\\/que-faire-a-finale-ligure\\\/\"},{\"@type\":\"ListItem\",\"position\":3,\"name\":\"\u00c0 la d\u00e9couverte du \u00ab beach rock \u00bb\"}]},{\"@type\":\"WebSite\",\"@id\":\"https:\\\/\\\/visitfinaleligure.it\\\/fr\\\/#website\",\"url\":\"https:\\\/\\\/visitfinaleligure.it\\\/fr\\\/\",\"name\":\"Visit Finale Ligure\",\"description\":\"My perfect place\",\"publisher\":{\"@id\":\"https:\\\/\\\/visitfinaleligure.it\\\/fr\\\/#organization\"},\"potentialAction\":[{\"@type\":\"SearchAction\",\"target\":{\"@type\":\"EntryPoint\",\"urlTemplate\":\"https:\\\/\\\/visitfinaleligure.it\\\/fr\\\/?s={search_term_string}\"},\"query-input\":{\"@type\":\"PropertyValueSpecification\",\"valueRequired\":true,\"valueName\":\"search_term_string\"}}],\"inLanguage\":\"fr-FR\"},{\"@type\":\"Organization\",\"@id\":\"https:\\\/\\\/visitfinaleligure.it\\\/fr\\\/#organization\",\"name\":\"Comune di Finale Ligure\",\"url\":\"https:\\\/\\\/visitfinaleligure.it\\\/fr\\\/\",\"logo\":{\"@type\":\"ImageObject\",\"inLanguage\":\"fr-FR\",\"@id\":\"https:\\\/\\\/visitfinaleligure.it\\\/fr\\\/#\\\/schema\\\/logo\\\/image\\\/\",\"url\":\"https:\\\/\\\/visitfinaleligure.it\\\/wp-content\\\/uploads\\\/2023\\\/04\\\/cropped-finaleligure-verticale-positivo-200x200-1.png\",\"contentUrl\":\"https:\\\/\\\/visitfinaleligure.it\\\/wp-content\\\/uploads\\\/2023\\\/04\\\/cropped-finaleligure-verticale-positivo-200x200-1.png\",\"width\":512,\"height\":512,\"caption\":\"Comune di Finale Ligure\"},\"image\":{\"@id\":\"https:\\\/\\\/visitfinaleligure.it\\\/fr\\\/#\\\/schema\\\/logo\\\/image\\\/\"},\"sameAs\":[\"https:\\\/\\\/www.facebook.com\\\/VisitFinaleLigure\",\"https:\\\/\\\/www.instagram.com\\\/visitfinale\\\/\",\"https:\\\/\\\/www.youtube.com\\\/channel\\\/UCLmoLfNmrAt9mSCll9egttw\"]}]}<\/script>\n<!-- \/ Yoast SEO plugin. -->","yoast_head_json":{"title":"Snorkeling \u00e0 Finale Ligure: les \"Beach Rock\" - Visit Finale Ligure","robots":{"index":"index","follow":"follow","max-snippet":"max-snippet:-1","max-image-preview":"max-image-preview:large","max-video-preview":"max-video-preview:-1"},"canonical":"https:\/\/visitfinaleligure.it\/fr\/que-faire-a-finale-ligure\/a-la-decouverte-du-beach-rock\/","og_locale":"fr_FR","og_type":"article","og_title":"\u00c0 la d\u00e9couverte du \"beach rock\"","og_description":"Le Sentiero Blu, un parcours le long de la c\u00f4te qui permet de d\u00e9couvrir, gr\u00e2ce \u00e0 la technique du snorkeling, les fonds marins de la r\u00e9gion de Finale !","og_url":"https:\/\/visitfinaleligure.it\/fr\/que-faire-a-finale-ligure\/a-la-decouverte-du-beach-rock\/","og_site_name":"Visit Finale Ligure","article_publisher":"https:\/\/www.facebook.com\/VisitFinaleLigure","article_modified_time":"2025-11-04T08:36:45+00:00","og_image":[{"url":"https:\/\/visitfinaleligure.it\/wp-content\/uploads\/2023\/02\/snorkslider-1920x1186-1-1024x633.webp","type":"","width":"","height":""}],"twitter_card":"summary_large_image","twitter_misc":{"Dur\u00e9e de lecture estim\u00e9e":"1 minute"},"schema":{"@context":"https:\/\/schema.org","@graph":[{"@type":"WebPage","@id":"https:\/\/visitfinaleligure.it\/fr\/que-faire-a-finale-ligure\/a-la-decouverte-du-beach-rock\/","url":"https:\/\/visitfinaleligure.it\/fr\/que-faire-a-finale-ligure\/a-la-decouverte-du-beach-rock\/","name":"Snorkeling \u00e0 Finale Ligure: les \"Beach Rock\" - Visit Finale Ligure","isPartOf":{"@id":"https:\/\/visitfinaleligure.it\/fr\/#website"},"primaryImageOfPage":{"@id":"https:\/\/visitfinaleligure.it\/fr\/que-faire-a-finale-ligure\/a-la-decouverte-du-beach-rock\/#primaryimage"},"image":{"@id":"https:\/\/visitfinaleligure.it\/fr\/que-faire-a-finale-ligure\/a-la-decouverte-du-beach-rock\/#primaryimage"},"thumbnailUrl":"https:\/\/visitfinaleligure.it\/wp-content\/uploads\/2023\/02\/snorkslider-1920x1186-1.webp","datePublished":"2023-02-01T09:16:26+00:00","dateModified":"2025-11-04T08:36:45+00:00","breadcrumb":{"@id":"https:\/\/visitfinaleligure.it\/fr\/que-faire-a-finale-ligure\/a-la-decouverte-du-beach-rock\/#breadcrumb"},"inLanguage":"fr-FR","potentialAction":[{"@type":"ReadAction","target":["https:\/\/visitfinaleligure.it\/fr\/que-faire-a-finale-ligure\/a-la-decouverte-du-beach-rock\/"]}]},{"@type":"ImageObject","inLanguage":"fr-FR","@id":"https:\/\/visitfinaleligure.it\/fr\/que-faire-a-finale-ligure\/a-la-decouverte-du-beach-rock\/#primaryimage","url":"https:\/\/visitfinaleligure.it\/wp-content\/uploads\/2023\/02\/snorkslider-1920x1186-1.webp","contentUrl":"https:\/\/visitfinaleligure.it\/wp-content\/uploads\/2023\/02\/snorkslider-1920x1186-1.webp","width":1920,"height":1186,"caption":"snorkeling finalel ligure"},{"@type":"BreadcrumbList","@id":"https:\/\/visitfinaleligure.it\/fr\/que-faire-a-finale-ligure\/a-la-decouverte-du-beach-rock\/#breadcrumb","itemListElement":[{"@type":"ListItem","position":1,"name":"Home","item":"https:\/\/visitfinaleligure.it\/fr\/visitez-finale-ligure-site-touristique-officiel\/"},{"@type":"ListItem","position":2,"name":"Que faire \u00e0 Finale Ligure","item":"https:\/\/visitfinaleligure.it\/fr\/que-faire-a-finale-ligure\/"},{"@type":"ListItem","position":3,"name":"\u00c0 la d\u00e9couverte du \u00ab beach rock \u00bb"}]},{"@type":"WebSite","@id":"https:\/\/visitfinaleligure.it\/fr\/#website","url":"https:\/\/visitfinaleligure.it\/fr\/","name":"Visit Finale Ligure","description":"My perfect place","publisher":{"@id":"https:\/\/visitfinaleligure.it\/fr\/#organization"},"potentialAction":[{"@type":"SearchAction","target":{"@type":"EntryPoint","urlTemplate":"https:\/\/visitfinaleligure.it\/fr\/?s={search_term_string}"},"query-input":{"@type":"PropertyValueSpecification","valueRequired":true,"valueName":"search_term_string"}}],"inLanguage":"fr-FR"},{"@type":"Organization","@id":"https:\/\/visitfinaleligure.it\/fr\/#organization","name":"Comune di Finale Ligure","url":"https:\/\/visitfinaleligure.it\/fr\/","logo":{"@type":"ImageObject","inLanguage":"fr-FR","@id":"https:\/\/visitfinaleligure.it\/fr\/#\/schema\/logo\/image\/","url":"https:\/\/visitfinaleligure.it\/wp-content\/uploads\/2023\/04\/cropped-finaleligure-verticale-positivo-200x200-1.png","contentUrl":"https:\/\/visitfinaleligure.it\/wp-content\/uploads\/2023\/04\/cropped-finaleligure-verticale-positivo-200x200-1.png","width":512,"height":512,"caption":"Comune di Finale Ligure"},"image":{"@id":"https:\/\/visitfinaleligure.it\/fr\/#\/schema\/logo\/image\/"},"sameAs":["https:\/\/www.facebook.com\/VisitFinaleLigure","https:\/\/www.instagram.com\/visitfinale\/","https:\/\/www.youtube.com\/channel\/UCLmoLfNmrAt9mSCll9egttw"]}]}},"_links":{"self":[{"href":"https:\/\/visitfinaleligure.it\/fr\/wp-json\/wp\/v2\/pages\/15123","targetHints":{"allow":["GET"]}}],"collection":[{"href":"https:\/\/visitfinaleligure.it\/fr\/wp-json\/wp\/v2\/pages"}],"about":[{"href":"https:\/\/visitfinaleligure.it\/fr\/wp-json\/wp\/v2\/types\/page"}],"author":[{"embeddable":true,"href":"https:\/\/visitfinaleligure.it\/fr\/wp-json\/wp\/v2\/users\/2"}],"replies":[{"embeddable":true,"href":"https:\/\/visitfinaleligure.it\/fr\/wp-json\/wp\/v2\/comments?post=15123"}],"version-history":[{"count":1,"href":"https:\/\/visitfinaleligure.it\/fr\/wp-json\/wp\/v2\/pages\/15123\/revisions"}],"predecessor-version":[{"id":15125,"href":"https:\/\/visitfinaleligure.it\/fr\/wp-json\/wp\/v2\/pages\/15123\/revisions\/15125"}],"up":[{"embeddable":true,"href":"https:\/\/visitfinaleligure.it\/fr\/wp-json\/wp\/v2\/pages\/15689"}],"wp:featuredmedia":[{"embeddable":true,"href":"https:\/\/visitfinaleligure.it\/fr\/wp-json\/wp\/v2\/media\/15124"}],"wp:attachment":[{"href":"https:\/\/visitfinaleligure.it\/fr\/wp-json\/wp\/v2\/media?parent=15123"}],"curies":[{"name":"wp","href":"https:\/\/api.w.org\/{rel}","templated":true}]}}