{"id":15144,"date":"2023-01-30T16:56:38","date_gmt":"2023-01-30T15:56:38","guid":{"rendered":"https:\/\/visitfinaleligure.it\/climb-aventure\/"},"modified":"2025-11-04T09:36:44","modified_gmt":"2025-11-04T08:36:44","slug":"climb-aventure","status":"publish","type":"page","link":"https:\/\/visitfinaleligure.it\/fr\/que-faire-a-finale-ligure\/climb-aventure\/","title":{"rendered":"Climb aventure"},"content":{"rendered":"\n\n\t<section class=\"section\" id=\"section_327388438\">\n\t\t<div class=\"section-bg fill\" >\n\t\t\t\t\t\t\t\t\t\n\t\t\t\n\n\t\t<\/div>\n\n\t\t\n\n\t\t<div class=\"section-content relative\">\n\t\t\t\n\t<div class=\"img has-hover x md-x lg-x y md-y lg-y\" id=\"image_1796270742\">\n\t\t\t\t\t\t\t\t<div class=\"img-inner image-cover dark\" style=\"padding-top:40%;\">\n\t\t\t<img loading=\"lazy\" decoding=\"async\" width=\"1417\" height=\"946\" src=\"https:\/\/visitfinaleligure.it\/wp-content\/uploads\/2023\/03\/Climbers_sullo-sfondo-Isola-Gallinara-e-Capo-Mele-1.jpg\" class=\"attachment-original size-original\" alt=\"Climb avventura\" srcset=\"https:\/\/visitfinaleligure.it\/wp-content\/uploads\/2023\/03\/Climbers_sullo-sfondo-Isola-Gallinara-e-Capo-Mele-1.jpg 1417w, https:\/\/visitfinaleligure.it\/wp-content\/uploads\/2023\/03\/Climbers_sullo-sfondo-Isola-Gallinara-e-Capo-Mele-1-300x200.jpg 300w, https:\/\/visitfinaleligure.it\/wp-content\/uploads\/2023\/03\/Climbers_sullo-sfondo-Isola-Gallinara-e-Capo-Mele-1-1024x684.jpg 1024w, https:\/\/visitfinaleligure.it\/wp-content\/uploads\/2023\/03\/Climbers_sullo-sfondo-Isola-Gallinara-e-Capo-Mele-1-768x513.jpg 768w\" sizes=\"auto, (max-width: 1417px) 100vw, 1417px\" \/>\t\t\t\t\t\t\n\t\t\t\t\t<\/div>\n\t\t\t\t\t\t\t\t\n<style>\n#image_1796270742 {\n  width: 100%;\n}\n<\/style>\n\t<\/div>\n\t\n\t\t<\/div>\n\n\t\t\n<style>\n#section_327388438 {\n  padding-top: 30px;\n  padding-bottom: 30px;\n}\n<\/style>\n\t<\/section>\n\t\n\n\t<section class=\"section\" id=\"section_2052773500\">\n\t\t<div class=\"section-bg fill\" >\n\t\t\t\t\t\t\t\t\t\n\t\t\t\n\n\t\t<\/div>\n\n\t\t\n\n\t\t<div class=\"section-content relative\">\n\t\t\t\n<div class=\"row\"  id=\"row-849233162\">\n\n\t<div id=\"col-1120512471\" class=\"col hide-for-small medium-1 small-12 large-1\"  >\n\t\t\t\t<div class=\"col-inner text-left\"  >\n\t\t\t\n\t\t\t\n\t\t<\/div>\n\t\t\t\t\n<style>\n#col-1120512471 > .col-inner {\n  margin: 0px 0px 0px 0px;\n}\n<\/style>\n\t<\/div>\n\n\t\n\n\t<div id=\"col-980583664\" class=\"col medium-10 small-12 large-10\"  >\n\t\t\t\t<div class=\"col-inner text-left\"  >\n\t\t\t\n\t\t\t\n\t<div id=\"text-4087351874\" class=\"text testi-body\">\n\t\t\n<h1 class=\"testi-titolo\">Climb adventure : l&#8217;escalade comme aventure.<\/strong><\/h1>\n\t\t\n<style>\n#text-4087351874 {\n  font-size: 1.5rem;\n  text-align: left;\n  color: rgb(0,0,0);\n}\n#text-4087351874 > * {\n  color: rgb(0,0,0);\n}\n<\/style>\n\t<\/div>\n\t\n<p>Pour ceux qui souhaitent s&#8217;initier \u00e0 l&#8217;escalade tout en vivant une exp\u00e9rience un peu hors du commun, il existe le \u00ab climb adventure \u00bb : l&#8217;escalade comme aventure.<\/p>\n<p>Accompagn\u00e9 de <strong>guides exp\u00e9riment\u00e9s<\/strong>, aventurez-vous dans les nombreuses grottes diss\u00e9min\u00e9es dans l&#8217;arri\u00e8re-pays de Finale. Vivez ces \u00ab itin\u00e9raires d&#8217;aventure \u00bb : escalade, randonn\u00e9e, sp\u00e9l\u00e9ologie, descente en rappel&#8230; <strong>tout cela en une seule sortie<\/strong>. <\/p>\n<p>La difficult\u00e9 est mod\u00e9r\u00e9e, ce qui rend <strong>l&#8217;escalade aventureuse accessible aux familles<\/strong> et <strong>aux d\u00e9butants<\/strong>, sans compter que la beaut\u00e9 et la singularit\u00e9 de ces merveilles de la nature s\u00e9duiront tout le monde !<\/p>\n<p>Ne vous inqui\u00e9tez pas : descente en rappel, tyroliennes, escalade&#8230; l&#8217;itin\u00e9raire sera soigneusement adapt\u00e9 \u00e0 votre niveau de connaissance et de pr\u00e9paration.<\/p>\n<p>L&#8217;\u00e9quipement est enti\u00e8rement fourni par les guides : il vous suffit de vous pr\u00e9senter en tenue confortable et avec des chaussures de randonn\u00e9e l\u00e9g\u00e8res&#8230; et d&#8217;apporter avec vous votre envie d&#8217;aventure!<\/p>\n\t<div id=\"gap-569632055\" class=\"gap-element clearfix\" style=\"display:block; height:auto;\">\n\t\t\n<style>\n#gap-569632055 {\n  padding-top: 50px;\n}\n<\/style>\n\t<\/div>\n\t\n<div class=\"row\"  id=\"row-163156535\">\n\n\t<div id=\"col-204196079\" class=\"col medium-4 small-12 large-4\"  >\n\t\t\t\t<div class=\"col-inner\"  >\n\t\t\t\n\t\t\t\n\t<div class=\"img has-hover x md-x lg-x y md-y lg-y\" id=\"image_1953241889\">\n\t\t\t\t\t\t\t\t<div class=\"img-inner image-zoom image-cover dark\" style=\"padding-top:56.25%;\">\n\t\t\t<img loading=\"lazy\" decoding=\"async\" width=\"768\" height=\"512\" src=\"https:\/\/visitfinaleligure.it\/wp-content\/uploads\/2023\/01\/emozioni-vert5-768x512-1.webp\" class=\"attachment-original size-original\" alt=\"\" srcset=\"https:\/\/visitfinaleligure.it\/wp-content\/uploads\/2023\/01\/emozioni-vert5-768x512-1.webp 768w, https:\/\/visitfinaleligure.it\/wp-content\/uploads\/2023\/01\/emozioni-vert5-768x512-1-300x200.webp 300w\" sizes=\"auto, (max-width: 768px) 100vw, 768px\" \/>\t\t\t\t\t\t\n\t\t\t\t\t<\/div>\n\t\t\t\t\t\t\t\t\n<style>\n#image_1953241889 {\n  width: 100%;\n}\n<\/style>\n\t<\/div>\n\t\n\t\t<\/div>\n\t\t\t\t\t<\/div>\n\n\t\n\n\t<div id=\"col-829504348\" class=\"col medium-4 small-12 large-4\"  >\n\t\t\t\t<div class=\"col-inner\"  >\n\t\t\t\n\t\t\t\n\t<div class=\"img has-hover x md-x lg-x y md-y lg-y\" id=\"image_1803694475\">\n\t\t\t\t\t\t\t\t<div class=\"img-inner image-zoom image-cover dark\" style=\"padding-top:56.25%;\">\n\t\t\t<img loading=\"lazy\" decoding=\"async\" width=\"513\" height=\"768\" src=\"https:\/\/visitfinaleligure.it\/wp-content\/uploads\/2023\/01\/Outdoor-training_climbing-3-513x768-1.webp\" class=\"attachment-original size-original\" alt=\"\" srcset=\"https:\/\/visitfinaleligure.it\/wp-content\/uploads\/2023\/01\/Outdoor-training_climbing-3-513x768-1.webp 513w, https:\/\/visitfinaleligure.it\/wp-content\/uploads\/2023\/01\/Outdoor-training_climbing-3-513x768-1-200x300.webp 200w\" sizes=\"auto, (max-width: 513px) 100vw, 513px\" \/>\t\t\t\t\t\t\n\t\t\t\t\t<\/div>\n\t\t\t\t\t\t\t\t\n<style>\n#image_1803694475 {\n  width: 100%;\n}\n<\/style>\n\t<\/div>\n\t\n\t\t<\/div>\n\t\t\t\t\t<\/div>\n\n\t\n\n\t<div id=\"col-1663906181\" class=\"col medium-4 small-12 large-4\"  >\n\t\t\t\t<div class=\"col-inner\"  >\n\t\t\t\n\t\t\t\n\t<div class=\"img has-hover x md-x lg-x y md-y lg-y\" id=\"image_1932991050\">\n\t\t\t\t\t\t\t\t<div class=\"img-inner image-zoom image-cover dark\" style=\"padding-top:56.25%;\">\n\t\t\t<img loading=\"lazy\" decoding=\"async\" width=\"513\" height=\"768\" src=\"https:\/\/visitfinaleligure.it\/wp-content\/uploads\/2023\/01\/Climbing-513x768-1.webp\" class=\"attachment-original size-original\" alt=\"\" srcset=\"https:\/\/visitfinaleligure.it\/wp-content\/uploads\/2023\/01\/Climbing-513x768-1.webp 513w, https:\/\/visitfinaleligure.it\/wp-content\/uploads\/2023\/01\/Climbing-513x768-1-200x300.webp 200w\" sizes=\"auto, (max-width: 513px) 100vw, 513px\" \/>\t\t\t\t\t\t\n\t\t\t\t\t<\/div>\n\t\t\t\t\t\t\t\t\n<style>\n#image_1932991050 {\n  width: 100%;\n}\n<\/style>\n\t<\/div>\n\t\n\t\t<\/div>\n\t\t\t\t\t<\/div>\n\n\t\n<\/div>\n\t\t<\/div>\n\t\t\t\t\t<\/div>\n\n\t\n\n\t<div id=\"col-1414710690\" class=\"col hide-for-small medium-1 small-7 large-1\"  >\n\t\t\t\t<div class=\"col-inner text-left\"  >\n\t\t\t\n\t\t\t\n\t\t<\/div>\n\t\t\t\t\n<style>\n#col-1414710690 > .col-inner {\n  margin: 0px 0px 0px 0px;\n}\n<\/style>\n\t<\/div>\n\n\t\n<\/div>\n\t\t<\/div>\n\n\t\t\n<style>\n#section_2052773500 {\n  padding-top: 0px;\n  padding-bottom: 0px;\n}\n<\/style>\n\t<\/section>\n\t\n","protected":false},"excerpt":{"rendered":"","protected":false},"author":2,"featured_media":15145,"parent":15689,"menu_order":0,"comment_status":"closed","ping_status":"closed","template":"page-blank.php","meta":{"footnotes":""},"class_list":["post-15144","page","type-page","status-publish","has-post-thumbnail","hentry"],"yoast_head":"<!-- This site is optimized with the Yoast SEO plugin v27.3 - https:\/\/yoast.com\/product\/yoast-seo-wordpress\/ -->\n<title>Climb aventure - Visit Finale Ligure<\/title>\n<meta name=\"robots\" content=\"index, follow, max-snippet:-1, max-image-preview:large, max-video-preview:-1\" \/>\n<link rel=\"canonical\" href=\"https:\/\/visitfinaleligure.it\/fr\/que-faire-a-finale-ligure\/climb-aventure\/\" \/>\n<meta property=\"og:locale\" content=\"fr_FR\" \/>\n<meta property=\"og:type\" content=\"article\" \/>\n<meta property=\"og:title\" content=\"Climb aventure - Visit Finale Ligure\" \/>\n<meta property=\"og:url\" content=\"https:\/\/visitfinaleligure.it\/fr\/que-faire-a-finale-ligure\/climb-aventure\/\" \/>\n<meta property=\"og:site_name\" content=\"Visit Finale Ligure\" \/>\n<meta property=\"article:publisher\" content=\"https:\/\/www.facebook.com\/VisitFinaleLigure\" \/>\n<meta property=\"article:modified_time\" content=\"2025-11-04T08:36:44+00:00\" \/>\n<meta property=\"og:image\" content=\"https:\/\/visitfinaleligure.it\/wp-content\/uploads\/2022\/12\/Climbers_sullo-sfondo-Isola-Gallinara-e-Capo-Mele-1024x684-1.webp\" \/>\n\t<meta property=\"og:image:width\" content=\"1024\" \/>\n\t<meta property=\"og:image:height\" content=\"684\" \/>\n\t<meta property=\"og:image:type\" content=\"image\/webp\" \/>\n<meta name=\"twitter:card\" content=\"summary_large_image\" \/>\n<meta name=\"twitter:label1\" content=\"Dur\u00e9e de lecture estim\u00e9e\" \/>\n\t<meta name=\"twitter:data1\" content=\"1 minute\" \/>\n<script type=\"application\/ld+json\" class=\"yoast-schema-graph\">{\"@context\":\"https:\\\/\\\/schema.org\",\"@graph\":[{\"@type\":\"WebPage\",\"@id\":\"https:\\\/\\\/visitfinaleligure.it\\\/fr\\\/que-faire-a-finale-ligure\\\/climb-aventure\\\/\",\"url\":\"https:\\\/\\\/visitfinaleligure.it\\\/fr\\\/que-faire-a-finale-ligure\\\/climb-aventure\\\/\",\"name\":\"Climb aventure - Visit Finale Ligure\",\"isPartOf\":{\"@id\":\"https:\\\/\\\/visitfinaleligure.it\\\/fr\\\/#website\"},\"primaryImageOfPage\":{\"@id\":\"https:\\\/\\\/visitfinaleligure.it\\\/fr\\\/que-faire-a-finale-ligure\\\/climb-aventure\\\/#primaryimage\"},\"image\":{\"@id\":\"https:\\\/\\\/visitfinaleligure.it\\\/fr\\\/que-faire-a-finale-ligure\\\/climb-aventure\\\/#primaryimage\"},\"thumbnailUrl\":\"https:\\\/\\\/visitfinaleligure.it\\\/wp-content\\\/uploads\\\/2022\\\/12\\\/Climbers_sullo-sfondo-Isola-Gallinara-e-Capo-Mele-1024x684-1.webp\",\"datePublished\":\"2023-01-30T15:56:38+00:00\",\"dateModified\":\"2025-11-04T08:36:44+00:00\",\"breadcrumb\":{\"@id\":\"https:\\\/\\\/visitfinaleligure.it\\\/fr\\\/que-faire-a-finale-ligure\\\/climb-aventure\\\/#breadcrumb\"},\"inLanguage\":\"fr-FR\",\"potentialAction\":[{\"@type\":\"ReadAction\",\"target\":[\"https:\\\/\\\/visitfinaleligure.it\\\/fr\\\/que-faire-a-finale-ligure\\\/climb-aventure\\\/\"]}]},{\"@type\":\"ImageObject\",\"inLanguage\":\"fr-FR\",\"@id\":\"https:\\\/\\\/visitfinaleligure.it\\\/fr\\\/que-faire-a-finale-ligure\\\/climb-aventure\\\/#primaryimage\",\"url\":\"https:\\\/\\\/visitfinaleligure.it\\\/wp-content\\\/uploads\\\/2022\\\/12\\\/Climbers_sullo-sfondo-Isola-Gallinara-e-Capo-Mele-1024x684-1.webp\",\"contentUrl\":\"https:\\\/\\\/visitfinaleligure.it\\\/wp-content\\\/uploads\\\/2022\\\/12\\\/Climbers_sullo-sfondo-Isola-Gallinara-e-Capo-Mele-1024x684-1.webp\",\"width\":1024,\"height\":684},{\"@type\":\"BreadcrumbList\",\"@id\":\"https:\\\/\\\/visitfinaleligure.it\\\/fr\\\/que-faire-a-finale-ligure\\\/climb-aventure\\\/#breadcrumb\",\"itemListElement\":[{\"@type\":\"ListItem\",\"position\":1,\"name\":\"Home\",\"item\":\"https:\\\/\\\/visitfinaleligure.it\\\/fr\\\/visitez-finale-ligure-site-touristique-officiel\\\/\"},{\"@type\":\"ListItem\",\"position\":2,\"name\":\"Que faire \u00e0 Finale Ligure\",\"item\":\"https:\\\/\\\/visitfinaleligure.it\\\/fr\\\/que-faire-a-finale-ligure\\\/\"},{\"@type\":\"ListItem\",\"position\":3,\"name\":\"Climb aventure\"}]},{\"@type\":\"WebSite\",\"@id\":\"https:\\\/\\\/visitfinaleligure.it\\\/fr\\\/#website\",\"url\":\"https:\\\/\\\/visitfinaleligure.it\\\/fr\\\/\",\"name\":\"Visit Finale Ligure\",\"description\":\"My perfect place\",\"publisher\":{\"@id\":\"https:\\\/\\\/visitfinaleligure.it\\\/fr\\\/#organization\"},\"potentialAction\":[{\"@type\":\"SearchAction\",\"target\":{\"@type\":\"EntryPoint\",\"urlTemplate\":\"https:\\\/\\\/visitfinaleligure.it\\\/fr\\\/?s={search_term_string}\"},\"query-input\":{\"@type\":\"PropertyValueSpecification\",\"valueRequired\":true,\"valueName\":\"search_term_string\"}}],\"inLanguage\":\"fr-FR\"},{\"@type\":\"Organization\",\"@id\":\"https:\\\/\\\/visitfinaleligure.it\\\/fr\\\/#organization\",\"name\":\"Comune di Finale Ligure\",\"url\":\"https:\\\/\\\/visitfinaleligure.it\\\/fr\\\/\",\"logo\":{\"@type\":\"ImageObject\",\"inLanguage\":\"fr-FR\",\"@id\":\"https:\\\/\\\/visitfinaleligure.it\\\/fr\\\/#\\\/schema\\\/logo\\\/image\\\/\",\"url\":\"https:\\\/\\\/visitfinaleligure.it\\\/wp-content\\\/uploads\\\/2023\\\/04\\\/cropped-finaleligure-verticale-positivo-200x200-1.png\",\"contentUrl\":\"https:\\\/\\\/visitfinaleligure.it\\\/wp-content\\\/uploads\\\/2023\\\/04\\\/cropped-finaleligure-verticale-positivo-200x200-1.png\",\"width\":512,\"height\":512,\"caption\":\"Comune di Finale Ligure\"},\"image\":{\"@id\":\"https:\\\/\\\/visitfinaleligure.it\\\/fr\\\/#\\\/schema\\\/logo\\\/image\\\/\"},\"sameAs\":[\"https:\\\/\\\/www.facebook.com\\\/VisitFinaleLigure\",\"https:\\\/\\\/www.instagram.com\\\/visitfinale\\\/\",\"https:\\\/\\\/www.youtube.com\\\/channel\\\/UCLmoLfNmrAt9mSCll9egttw\"]}]}<\/script>\n<!-- \/ Yoast SEO plugin. -->","yoast_head_json":{"title":"Climb aventure - Visit Finale Ligure","robots":{"index":"index","follow":"follow","max-snippet":"max-snippet:-1","max-image-preview":"max-image-preview:large","max-video-preview":"max-video-preview:-1"},"canonical":"https:\/\/visitfinaleligure.it\/fr\/que-faire-a-finale-ligure\/climb-aventure\/","og_locale":"fr_FR","og_type":"article","og_title":"Climb aventure - Visit Finale Ligure","og_url":"https:\/\/visitfinaleligure.it\/fr\/que-faire-a-finale-ligure\/climb-aventure\/","og_site_name":"Visit Finale Ligure","article_publisher":"https:\/\/www.facebook.com\/VisitFinaleLigure","article_modified_time":"2025-11-04T08:36:44+00:00","og_image":[{"width":1024,"height":684,"url":"https:\/\/visitfinaleligure.it\/wp-content\/uploads\/2022\/12\/Climbers_sullo-sfondo-Isola-Gallinara-e-Capo-Mele-1024x684-1.webp","type":"image\/webp"}],"twitter_card":"summary_large_image","twitter_misc":{"Dur\u00e9e de lecture estim\u00e9e":"1 minute"},"schema":{"@context":"https:\/\/schema.org","@graph":[{"@type":"WebPage","@id":"https:\/\/visitfinaleligure.it\/fr\/que-faire-a-finale-ligure\/climb-aventure\/","url":"https:\/\/visitfinaleligure.it\/fr\/que-faire-a-finale-ligure\/climb-aventure\/","name":"Climb aventure - Visit Finale Ligure","isPartOf":{"@id":"https:\/\/visitfinaleligure.it\/fr\/#website"},"primaryImageOfPage":{"@id":"https:\/\/visitfinaleligure.it\/fr\/que-faire-a-finale-ligure\/climb-aventure\/#primaryimage"},"image":{"@id":"https:\/\/visitfinaleligure.it\/fr\/que-faire-a-finale-ligure\/climb-aventure\/#primaryimage"},"thumbnailUrl":"https:\/\/visitfinaleligure.it\/wp-content\/uploads\/2022\/12\/Climbers_sullo-sfondo-Isola-Gallinara-e-Capo-Mele-1024x684-1.webp","datePublished":"2023-01-30T15:56:38+00:00","dateModified":"2025-11-04T08:36:44+00:00","breadcrumb":{"@id":"https:\/\/visitfinaleligure.it\/fr\/que-faire-a-finale-ligure\/climb-aventure\/#breadcrumb"},"inLanguage":"fr-FR","potentialAction":[{"@type":"ReadAction","target":["https:\/\/visitfinaleligure.it\/fr\/que-faire-a-finale-ligure\/climb-aventure\/"]}]},{"@type":"ImageObject","inLanguage":"fr-FR","@id":"https:\/\/visitfinaleligure.it\/fr\/que-faire-a-finale-ligure\/climb-aventure\/#primaryimage","url":"https:\/\/visitfinaleligure.it\/wp-content\/uploads\/2022\/12\/Climbers_sullo-sfondo-Isola-Gallinara-e-Capo-Mele-1024x684-1.webp","contentUrl":"https:\/\/visitfinaleligure.it\/wp-content\/uploads\/2022\/12\/Climbers_sullo-sfondo-Isola-Gallinara-e-Capo-Mele-1024x684-1.webp","width":1024,"height":684},{"@type":"BreadcrumbList","@id":"https:\/\/visitfinaleligure.it\/fr\/que-faire-a-finale-ligure\/climb-aventure\/#breadcrumb","itemListElement":[{"@type":"ListItem","position":1,"name":"Home","item":"https:\/\/visitfinaleligure.it\/fr\/visitez-finale-ligure-site-touristique-officiel\/"},{"@type":"ListItem","position":2,"name":"Que faire \u00e0 Finale Ligure","item":"https:\/\/visitfinaleligure.it\/fr\/que-faire-a-finale-ligure\/"},{"@type":"ListItem","position":3,"name":"Climb aventure"}]},{"@type":"WebSite","@id":"https:\/\/visitfinaleligure.it\/fr\/#website","url":"https:\/\/visitfinaleligure.it\/fr\/","name":"Visit Finale Ligure","description":"My perfect place","publisher":{"@id":"https:\/\/visitfinaleligure.it\/fr\/#organization"},"potentialAction":[{"@type":"SearchAction","target":{"@type":"EntryPoint","urlTemplate":"https:\/\/visitfinaleligure.it\/fr\/?s={search_term_string}"},"query-input":{"@type":"PropertyValueSpecification","valueRequired":true,"valueName":"search_term_string"}}],"inLanguage":"fr-FR"},{"@type":"Organization","@id":"https:\/\/visitfinaleligure.it\/fr\/#organization","name":"Comune di Finale Ligure","url":"https:\/\/visitfinaleligure.it\/fr\/","logo":{"@type":"ImageObject","inLanguage":"fr-FR","@id":"https:\/\/visitfinaleligure.it\/fr\/#\/schema\/logo\/image\/","url":"https:\/\/visitfinaleligure.it\/wp-content\/uploads\/2023\/04\/cropped-finaleligure-verticale-positivo-200x200-1.png","contentUrl":"https:\/\/visitfinaleligure.it\/wp-content\/uploads\/2023\/04\/cropped-finaleligure-verticale-positivo-200x200-1.png","width":512,"height":512,"caption":"Comune di Finale Ligure"},"image":{"@id":"https:\/\/visitfinaleligure.it\/fr\/#\/schema\/logo\/image\/"},"sameAs":["https:\/\/www.facebook.com\/VisitFinaleLigure","https:\/\/www.instagram.com\/visitfinale\/","https:\/\/www.youtube.com\/channel\/UCLmoLfNmrAt9mSCll9egttw"]}]}},"_links":{"self":[{"href":"https:\/\/visitfinaleligure.it\/fr\/wp-json\/wp\/v2\/pages\/15144","targetHints":{"allow":["GET"]}}],"collection":[{"href":"https:\/\/visitfinaleligure.it\/fr\/wp-json\/wp\/v2\/pages"}],"about":[{"href":"https:\/\/visitfinaleligure.it\/fr\/wp-json\/wp\/v2\/types\/page"}],"author":[{"embeddable":true,"href":"https:\/\/visitfinaleligure.it\/fr\/wp-json\/wp\/v2\/users\/2"}],"replies":[{"embeddable":true,"href":"https:\/\/visitfinaleligure.it\/fr\/wp-json\/wp\/v2\/comments?post=15144"}],"version-history":[{"count":1,"href":"https:\/\/visitfinaleligure.it\/fr\/wp-json\/wp\/v2\/pages\/15144\/revisions"}],"predecessor-version":[{"id":15146,"href":"https:\/\/visitfinaleligure.it\/fr\/wp-json\/wp\/v2\/pages\/15144\/revisions\/15146"}],"up":[{"embeddable":true,"href":"https:\/\/visitfinaleligure.it\/fr\/wp-json\/wp\/v2\/pages\/15689"}],"wp:featuredmedia":[{"embeddable":true,"href":"https:\/\/visitfinaleligure.it\/fr\/wp-json\/wp\/v2\/media\/15145"}],"wp:attachment":[{"href":"https:\/\/visitfinaleligure.it\/fr\/wp-json\/wp\/v2\/media?parent=15144"}],"curies":[{"name":"wp","href":"https:\/\/api.w.org\/{rel}","templated":true}]}}