{"id":15153,"date":"2023-02-01T09:31:27","date_gmt":"2023-02-01T08:31:27","guid":{"rendered":"https:\/\/visitfinaleligure.it\/joue-avec-larcheologie\/"},"modified":"2025-11-04T09:36:45","modified_gmt":"2025-11-04T08:36:45","slug":"joue-avec-larcheologie","status":"publish","type":"page","link":"https:\/\/visitfinaleligure.it\/fr\/que-faire-a-finale-ligure\/joue-avec-larcheologie\/","title":{"rendered":"Joue avec l&#8217;arch\u00e9ologie"},"content":{"rendered":"\n\n\t<section class=\"section\" id=\"section_730474106\">\n\t\t<div class=\"section-bg fill\" >\n\t\t\t\t\t\t\t\t\t\n\t\t\t\n\n\t\t<\/div>\n\n\t\t\n\n\t\t<div class=\"section-content relative\">\n\t\t\t\n\n\t<div class=\"img has-hover x md-x lg-x y md-y lg-y\" id=\"image_1263820910\">\n\t\t\t\t\t\t\t\t<div class=\"img-inner image-cover dark\" style=\"padding-top:40%;\">\n\t\t\t<img loading=\"lazy\" decoding=\"async\" width=\"1920\" height=\"1218\" src=\"https:\/\/visitfinaleligure.it\/wp-content\/uploads\/2023\/02\/MAF_WALTERNESTI14-1920x1218-1.webp\" class=\"attachment-original size-original\" alt=\"Gioca con l&#039;archeologia\" srcset=\"https:\/\/visitfinaleligure.it\/wp-content\/uploads\/2023\/02\/MAF_WALTERNESTI14-1920x1218-1.webp 1920w, https:\/\/visitfinaleligure.it\/wp-content\/uploads\/2023\/02\/MAF_WALTERNESTI14-1920x1218-1-300x190.webp 300w, https:\/\/visitfinaleligure.it\/wp-content\/uploads\/2023\/02\/MAF_WALTERNESTI14-1920x1218-1-1024x650.webp 1024w, https:\/\/visitfinaleligure.it\/wp-content\/uploads\/2023\/02\/MAF_WALTERNESTI14-1920x1218-1-768x487.webp 768w, https:\/\/visitfinaleligure.it\/wp-content\/uploads\/2023\/02\/MAF_WALTERNESTI14-1920x1218-1-1536x974.webp 1536w\" sizes=\"auto, (max-width: 1920px) 100vw, 1920px\" \/>\t\t\t\t\t\t\n\t\t\t\t\t<\/div>\n\t\t\t\t\t\t\t\t\n<style>\n#image_1263820910 {\n  width: 100%;\n}\n<\/style>\n\t<\/div>\n\t\n\n\n\t\t<\/div>\n\n\t\t\n<style>\n#section_730474106 {\n  padding-top: 30px;\n  padding-bottom: 30px;\n}\n<\/style>\n\t<\/section>\n\t\n\n\t<section class=\"section\" id=\"section_78255247\">\n\t\t<div class=\"section-bg fill\" >\n\t\t\t\t\t\t\t\t\t\n\t\t\t\n\n\t\t<\/div>\n\n\t\t\n\n\t\t<div class=\"section-content relative\">\n\t\t\t\n\n<div class=\"row align-middle\"  id=\"row-2105457069\">\n\n\n\t<div id=\"col-611301216\" class=\"col hide-for-small medium-1 small-12 large-1\"  >\n\t\t\t\t<div class=\"col-inner\"  >\n\t\t\t\n\t\t\t\n\n\n\t\t<\/div>\n\t\t\t\t\t<\/div>\n\n\t\n\n\t<div id=\"col-1182823837\" class=\"col medium-10 small-12 large-10\"  >\n\t\t\t\t<div class=\"col-inner text-left\"  >\n\t\t\t\n\t\t\t\n\n\t<div id=\"text-1311784992\" class=\"text testi-titolo-laterale\">\n\t\t\n\n<p style=\"font-family: 'Rubik'; font-size: 14px; font-weight: 500; color: rgba(39,39,39,0.4);\">LES LABORATOIRES DU MUS\u00c9E<\/p><\/p>\n\t\t\n<style>\n#text-1311784992 {\n  font-size: 1.5rem;\n  color: rgb(204, 208, 212);\n}\n#text-1311784992 > * {\n  color: rgb(204, 208, 212);\n}\n<\/style>\n\t<\/div>\n\t\n\n\t\t<\/div>\n\t\t\t\t\n<style>\n#col-1182823837 > .col-inner {\n  margin: 0px 0px 0px 0px;\n}\n@media (min-width:550px) {\n  #col-1182823837 > .col-inner {\n    margin: 0px 0px 0px 0px;\n  }\n}\n<\/style>\n\t<\/div>\n\n\t\n\n\t<div id=\"col-1189082990\" class=\"col hide-for-small medium-1 small-12 large-1\"  >\n\t\t\t\t<div class=\"col-inner\"  >\n\t\t\t\n\t\t\t\n\n\n\t\t<\/div>\n\t\t\t\t\t<\/div>\n\n\t\n\n\n<style>\n#row-2105457069 > .col > .col-inner {\n  padding: 0px 0px 0px 0px;\n}\n@media (min-width:550px) {\n  #row-2105457069 > .col > .col-inner {\n    padding: 0px 0px 0px 0px;\n  }\n}\n<\/style>\n<\/div>\n<div class=\"row\"  id=\"row-1414972104\">\n\n\n\t<div id=\"col-1266994294\" class=\"col hide-for-small medium-1 small-12 large-1\"  >\n\t\t\t\t<div class=\"col-inner text-left\"  >\n\t\t\t\n\t\t\t\n\n\n\t\t<\/div>\n\t\t\t\t\n<style>\n#col-1266994294 > .col-inner {\n  margin: 0px 0px 0px 0px;\n}\n<\/style>\n\t<\/div>\n\n\t\n\n\t<div id=\"col-43000705\" class=\"col medium-7 small-12 large-7\"  >\n\t\t\t\t<div class=\"col-inner text-left\"  >\n\t\t\t\n\t\t\t\n\n\t<div id=\"text-3297117613\" class=\"text testi-titolo\">\n\t\t\n\n<h1 class=\"testi-titolo\">Joue avec l&#8217;arch\u00e9ologie<br><\/h1>\n\t\t\n<style>\n#text-3297117613 {\n  color: rgb(0, 0, 0);\n}\n#text-3297117613 > * {\n  color: rgb(0, 0, 0);\n}\n<\/style>\n\t<\/div>\n\t\n\t<div id=\"text-1265079697\" class=\"text testi-body\">\n\t\t\n\n<p>Mais comment vivaient nos anc\u00eatres ? Que mangeaient-ils ? Comment cuisinaient-ils ? Comment s&#8217;habillaient-ils ? Que faisaient-ils pendant leur temps libre ?    <\/p>\n<p>Pour r\u00e9pondre \u00e0 toutes ces questions&#8230; tout en vous amusant&#8230; essayez de participer <strong>\u00e0 nos ateliers<\/strong>.<\/p>\n<p>Pr\u00eats \u00e0 vous armer de coquillages et de pigments pour r\u00e9aliser votre premi\u00e8re fresque murale dans une grotte ou \u00e0 inscrire sur une tablette d&#8217;argile des phrases \u00e0 d\u00e9chiffrer dans le myst\u00e9rieux alphabet ougaritique \u00e0 caract\u00e8res cun\u00e9iformes ?<\/p>\n<p>Que diriez-vous d&#8217;apprendre \u00e0 moudre le bl\u00e9 pour en faire du pain \u00e0 cuire sur une pierre ou de fabriquer une lanterne en argile comme le faisaient les anciens ? Des comp\u00e9tences utiles pour les jeunes explorateurs passionn\u00e9s d&#8217;arch\u00e9ologie, n&#8217;est-ce pas ? <\/p>\n<p>De <strong>la pr\u00e9histoire au Moyen \u00c2ge<\/strong>, tant <strong>d&#8217;exp\u00e9riences<\/strong> \u00e0 vivre pour en savoir plus et peut-\u00eatre d\u00e9couvrir&#8230; que vous cachez en vous l&#8217;\u00e2me aventuri\u00e8re d&#8217;Indiana Jones ou de Lara Croft !<\/p>\n\t\t\t<\/div>\n\t\n<a href=\"http:\/\/www.museoarcheologicodelfinale.it\/laboratorididattici\" target=\"_blank\" class=\"button primary\" rel=\"noopener\" >\n\t\t<span>D\u00e9couvrez ici tous les ateliers<\/span>\n\t<i class=\"icon-angle-right\" aria-hidden=\"true\"><\/i><\/a>\n\n\n<div class=\"row row-collapse\"  id=\"row-1754186242\">\n\n\n\t<div id=\"col-1128798197\" class=\"col medium-4 small-6 large-4\"  >\n\t\t\t\t<div class=\"col-inner\"  >\n\t\t\t\n\t\t\t\n\n\t<div class=\"img has-hover x md-x lg-x y md-y lg-y\" id=\"image_1937317445\">\n\t\t\t\t\t\t\t\t<div class=\"img-inner image-zoom image-cover dark\" style=\"padding-top:100%;\">\n\t\t\t<img loading=\"lazy\" decoding=\"async\" width=\"600\" height=\"395\" src=\"https:\/\/visitfinaleligure.it\/wp-content\/uploads\/2023\/02\/museoarcheo-1.jpg\" class=\"attachment-original size-original\" alt=\"\" srcset=\"https:\/\/visitfinaleligure.it\/wp-content\/uploads\/2023\/02\/museoarcheo-1.jpg 600w, https:\/\/visitfinaleligure.it\/wp-content\/uploads\/2023\/02\/museoarcheo-1-300x198.jpg 300w\" sizes=\"auto, (max-width: 600px) 100vw, 600px\" \/>\t\t\t\t\t\t\n\t\t\t\t\t<\/div>\n\t\t\t\t\t\t\t\t\n<style>\n#image_1937317445 {\n  width: 100%;\n}\n<\/style>\n\t<\/div>\n\t\n\n\n\t\t<\/div>\n\t\t\t\t\t<\/div>\n\n\t\n\n\t<div id=\"col-880724011\" class=\"col medium-4 small-6 large-4\"  >\n\t\t\t\t<div class=\"col-inner\"  >\n\t\t\t\n\t\t\t\n\n\t<div class=\"img has-hover x md-x lg-x y md-y lg-y\" id=\"image_1768130812\">\n\t\t\t\t\t\t\t\t<div class=\"img-inner image-zoom image-cover dark\" style=\"padding-top:100%;\">\n\t\t\t<img loading=\"lazy\" decoding=\"async\" width=\"768\" height=\"576\" src=\"https:\/\/visitfinaleligure.it\/wp-content\/uploads\/2023\/02\/mercoledi-preist3-768x576-1.jpg\" class=\"attachment-original size-original\" alt=\"\" srcset=\"https:\/\/visitfinaleligure.it\/wp-content\/uploads\/2023\/02\/mercoledi-preist3-768x576-1.jpg 768w, https:\/\/visitfinaleligure.it\/wp-content\/uploads\/2023\/02\/mercoledi-preist3-768x576-1-300x225.jpg 300w\" sizes=\"auto, (max-width: 768px) 100vw, 768px\" \/>\t\t\t\t\t\t\n\t\t\t\t\t<\/div>\n\t\t\t\t\t\t\t\t\n<style>\n#image_1768130812 {\n  width: 100%;\n}\n<\/style>\n\t<\/div>\n\t\n\n\n\t\t<\/div>\n\t\t\t\t\t<\/div>\n\n\t\n\n\t<div id=\"col-703382810\" class=\"col medium-4 small-12 large-4\"  >\n\t\t\t\t<div class=\"col-inner\"  >\n\t\t\t\n\t\t\t\n\n\t<div class=\"img has-hover x md-x lg-x y md-y lg-y\" id=\"image_37977609\">\n\t\t\t\t\t\t\t\t<div class=\"img-inner image-zoom image-cover dark\" style=\"padding-top:100%;\">\n\t\t\t<img loading=\"lazy\" decoding=\"async\" width=\"768\" height=\"576\" src=\"https:\/\/visitfinaleligure.it\/wp-content\/uploads\/2023\/02\/mercoledi-preist1-768x576-1.webp\" class=\"attachment-original size-original\" alt=\"\" srcset=\"https:\/\/visitfinaleligure.it\/wp-content\/uploads\/2023\/02\/mercoledi-preist1-768x576-1.webp 768w, https:\/\/visitfinaleligure.it\/wp-content\/uploads\/2023\/02\/mercoledi-preist1-768x576-1-300x225.webp 300w\" sizes=\"auto, (max-width: 768px) 100vw, 768px\" \/>\t\t\t\t\t\t\n\t\t\t\t\t<\/div>\n\t\t\t\t\t\t\t\t\n<style>\n#image_37977609 {\n  width: 100%;\n}\n<\/style>\n\t<\/div>\n\t\n\n\n\t\t<\/div>\n\t\t\t\t\t<\/div>\n\n\t\n\n<\/div>\n\t<div class=\"img has-hover x md-x lg-x y md-y lg-y\" id=\"image_1084090122\">\n\t\t\t\t\t\t\t\t<div class=\"img-inner image-cover dark\" style=\"padding-top:75%;\">\n\t\t\t<img loading=\"lazy\" decoding=\"async\" width=\"1024\" height=\"684\" src=\"https:\/\/visitfinaleligure.it\/wp-content\/uploads\/2022\/12\/Museo-Archeolgoci-del-Finale_Ursus-Spelaeus-1024x684-1.jpeg\" class=\"attachment-original size-original\" alt=\"\" srcset=\"https:\/\/visitfinaleligure.it\/wp-content\/uploads\/2022\/12\/Museo-Archeolgoci-del-Finale_Ursus-Spelaeus-1024x684-1.jpeg 1024w, https:\/\/visitfinaleligure.it\/wp-content\/uploads\/2022\/12\/Museo-Archeolgoci-del-Finale_Ursus-Spelaeus-1024x684-1-300x200.jpeg 300w, https:\/\/visitfinaleligure.it\/wp-content\/uploads\/2022\/12\/Museo-Archeolgoci-del-Finale_Ursus-Spelaeus-1024x684-1-768x513.jpeg 768w\" sizes=\"auto, (max-width: 1024px) 100vw, 1024px\" \/>\t\t\t\t\t\t\n\t\t\t\t\t<\/div>\n\t\t\t\t\t\t\t\t\n<style>\n#image_1084090122 {\n  width: 100%;\n}\n<\/style>\n\t<\/div>\n\t\n\n\n\t\t<\/div>\n\t\t\t\t\n<style>\n#col-43000705 > .col-inner {\n  padding: 0px 0px 0px 0px;\n  margin: 0px 0px 0px 0px;\n}\n@media (min-width:550px) {\n  #col-43000705 > .col-inner {\n    margin: -30px 0px 0px 0px;\n  }\n}\n<\/style>\n\t<\/div>\n\n\t\n\n\t<div id=\"col-1203249728\" class=\"col medium-3 small-12 large-3\"  >\n\t\t\t\t<div class=\"col-inner text-left\" style=\"background-color:rgb(241, 241, 241);\" >\n\t\t\t\n\t\t\t\n\n\t<div class=\"img has-hover x md-x lg-x y md-y lg-y\" id=\"image_1746690945\">\n\t\t\t\t\t\t\t\t<div class=\"img-inner dark\" >\n\t\t\t<img loading=\"lazy\" decoding=\"async\" width=\"300\" height=\"102\" src=\"https:\/\/visitfinaleligure.it\/wp-content\/uploads\/2022\/12\/MUDIF-logo-orizzontale@2x-300x102-1.webp\" class=\"attachment-original size-original\" alt=\"\" \/>\t\t\t\t\t\t\n\t\t\t\t\t<\/div>\n\t\t\t\t\t\t\t\t\n<style>\n#image_1746690945 {\n  width: 76%;\n}\n<\/style>\n\t<\/div>\n\t\n\n<div class=\"wtbx_vc_text_element wtbx_vc_text_element-86284463 wtbx_display_block\">\n<div class=\"wtbx_vc_el_container wtbx_vc_text_element_container\">\n<div class=\"wtbx_text_element_content\">\n<div class=\"wtbx_text_element_inner\">\n<div class=\"wtbx_vc_text_element wtbx_vc_text_element-201136274 wtbx_display_block\">\n<div class=\"wtbx_vc_el_container wtbx_vc_text_element_container\">\n<div class=\"wtbx_text_element_content\">\n<div class=\"wtbx_text_element_inner\">\n<p><strong>D\u00e9couvrez le mus\u00e9e arch\u00e9ologique de Finale<\/strong><\/p>\n<p><a href=\"http:\/\/www.museoarcheologicodelfinale.it\/\" target=\"_blank\" rel=\"noopener noreferrer\"><strong>Visitez le site<\/strong><\/a><\/p>\n<p>Pour les activit\u00e9s p\u00e9dagogiques :<br><a href=\"mailto:info@museoarcheofinale.it\">info@museoarcheofinale.it<\/a><\/p>\n<\/div>\n<\/div>\n<\/div>\n<\/div>\n<div class=\"wtbx_vc_text_element wtbx_vc_text_element-201136580 wtbx_display_block\">\n<div class=\"wtbx_vc_el_container wtbx_vc_text_element_container\">\n<div class=\"wtbx_text_element_content\">\n<div class=\"wtbx_text_element_inner\">\n<p><strong>Horaires<\/strong><\/p>\n<p>Du mardi au dimanche<br>9h00-12h00, 14h30-17h00<\/p>\n<p>Clo\u00eetres de Santa Caterina Finalborgo<\/p>\n<p>Tel. 019.690020<\/p>\n<\/div>\n<\/div>\n<\/div>\n<\/div>\n<\/div>\n<\/div>\n<\/div>\n<\/div>\n\n\t\t<\/div>\n\t\t\t\t\n<style>\n#col-1203249728 > .col-inner {\n  padding: 10px 10px 10px 10px;\n  margin: 0px 0px 0px 0px;\n}\n@media (min-width:550px) {\n  #col-1203249728 > .col-inner {\n    margin: 10px 0px 0px 10px;\n  }\n}\n<\/style>\n\t<\/div>\n\n\t\n\n\t<div id=\"col-235089862\" class=\"col hide-for-small medium-1 small-12 large-1\"  >\n\t\t\t\t<div class=\"col-inner text-left\"  >\n\t\t\t\n\t\t\t\n\n\n\t\t<\/div>\n\t\t\t\t\n<style>\n#col-235089862 > .col-inner {\n  margin: 0px 0px 0px 0px;\n}\n<\/style>\n\t<\/div>\n\n\t\n\n<\/div>\n\n\t\t<\/div>\n\n\t\t\n<style>\n#section_78255247 {\n  padding-top: 0px;\n  padding-bottom: 0px;\n}\n<\/style>\n\t<\/section>\n\t\n\n\t<section class=\"section\" id=\"section_1495711339\">\n\t\t<div class=\"section-bg fill\" >\n\t\t\t\t\t\t\t\t\t\n\t\t\t\n\n\t\t<\/div>\n\n\t\t\n\n\t\t<div class=\"section-content relative\">\n\t\t\t\n\n\n\t\t<\/div>\n\n\t\t\n<style>\n#section_1495711339 {\n  padding-top: 30px;\n  padding-bottom: 30px;\n}\n<\/style>\n\t<\/section>\n\t\n\n","protected":false},"excerpt":{"rendered":"","protected":false},"author":2,"featured_media":15154,"parent":15689,"menu_order":0,"comment_status":"closed","ping_status":"closed","template":"page-blank.php","meta":{"footnotes":""},"class_list":["post-15153","page","type-page","status-publish","has-post-thumbnail","hentry"],"yoast_head":"<!-- This site is optimized with the Yoast SEO plugin v27.3 - https:\/\/yoast.com\/product\/yoast-seo-wordpress\/ -->\n<title>Joue avec l&#039;arch\u00e9ologie - Visit Finale Ligure<\/title>\n<meta name=\"robots\" content=\"index, follow, max-snippet:-1, max-image-preview:large, max-video-preview:-1\" \/>\n<link rel=\"canonical\" href=\"https:\/\/visitfinaleligure.it\/fr\/que-faire-a-finale-ligure\/joue-avec-larcheologie\/\" \/>\n<meta property=\"og:locale\" content=\"fr_FR\" \/>\n<meta property=\"og:type\" content=\"article\" \/>\n<meta property=\"og:title\" content=\"Joue avec l&#039;arch\u00e9ologie - Visit Finale Ligure\" \/>\n<meta property=\"og:url\" content=\"https:\/\/visitfinaleligure.it\/fr\/que-faire-a-finale-ligure\/joue-avec-larcheologie\/\" \/>\n<meta property=\"og:site_name\" content=\"Visit Finale Ligure\" \/>\n<meta property=\"article:publisher\" content=\"https:\/\/www.facebook.com\/VisitFinaleLigure\" \/>\n<meta property=\"article:modified_time\" content=\"2025-11-04T08:36:45+00:00\" \/>\n<meta property=\"og:image\" content=\"https:\/\/visitfinaleligure.it\/wp-content\/uploads\/2023\/02\/MAF_WALTERNESTI14-1920x1218-1.webp\" \/>\n\t<meta property=\"og:image:width\" content=\"1920\" \/>\n\t<meta property=\"og:image:height\" content=\"1218\" \/>\n\t<meta property=\"og:image:type\" content=\"image\/webp\" \/>\n<meta name=\"twitter:card\" content=\"summary_large_image\" \/>\n<meta name=\"twitter:label1\" content=\"Dur\u00e9e de lecture estim\u00e9e\" \/>\n\t<meta name=\"twitter:data1\" content=\"2 minutes\" \/>\n<script type=\"application\/ld+json\" class=\"yoast-schema-graph\">{\"@context\":\"https:\\\/\\\/schema.org\",\"@graph\":[{\"@type\":\"WebPage\",\"@id\":\"https:\\\/\\\/visitfinaleligure.it\\\/fr\\\/que-faire-a-finale-ligure\\\/joue-avec-larcheologie\\\/\",\"url\":\"https:\\\/\\\/visitfinaleligure.it\\\/fr\\\/que-faire-a-finale-ligure\\\/joue-avec-larcheologie\\\/\",\"name\":\"Joue avec l'arch\u00e9ologie - Visit Finale Ligure\",\"isPartOf\":{\"@id\":\"https:\\\/\\\/visitfinaleligure.it\\\/fr\\\/#website\"},\"primaryImageOfPage\":{\"@id\":\"https:\\\/\\\/visitfinaleligure.it\\\/fr\\\/que-faire-a-finale-ligure\\\/joue-avec-larcheologie\\\/#primaryimage\"},\"image\":{\"@id\":\"https:\\\/\\\/visitfinaleligure.it\\\/fr\\\/que-faire-a-finale-ligure\\\/joue-avec-larcheologie\\\/#primaryimage\"},\"thumbnailUrl\":\"https:\\\/\\\/visitfinaleligure.it\\\/wp-content\\\/uploads\\\/2023\\\/02\\\/MAF_WALTERNESTI14-1920x1218-1.webp\",\"datePublished\":\"2023-02-01T08:31:27+00:00\",\"dateModified\":\"2025-11-04T08:36:45+00:00\",\"breadcrumb\":{\"@id\":\"https:\\\/\\\/visitfinaleligure.it\\\/fr\\\/que-faire-a-finale-ligure\\\/joue-avec-larcheologie\\\/#breadcrumb\"},\"inLanguage\":\"fr-FR\",\"potentialAction\":[{\"@type\":\"ReadAction\",\"target\":[\"https:\\\/\\\/visitfinaleligure.it\\\/fr\\\/que-faire-a-finale-ligure\\\/joue-avec-larcheologie\\\/\"]}]},{\"@type\":\"ImageObject\",\"inLanguage\":\"fr-FR\",\"@id\":\"https:\\\/\\\/visitfinaleligure.it\\\/fr\\\/que-faire-a-finale-ligure\\\/joue-avec-larcheologie\\\/#primaryimage\",\"url\":\"https:\\\/\\\/visitfinaleligure.it\\\/wp-content\\\/uploads\\\/2023\\\/02\\\/MAF_WALTERNESTI14-1920x1218-1.webp\",\"contentUrl\":\"https:\\\/\\\/visitfinaleligure.it\\\/wp-content\\\/uploads\\\/2023\\\/02\\\/MAF_WALTERNESTI14-1920x1218-1.webp\",\"width\":1920,\"height\":1218,\"caption\":\"Gioca con l'archeologia\"},{\"@type\":\"BreadcrumbList\",\"@id\":\"https:\\\/\\\/visitfinaleligure.it\\\/fr\\\/que-faire-a-finale-ligure\\\/joue-avec-larcheologie\\\/#breadcrumb\",\"itemListElement\":[{\"@type\":\"ListItem\",\"position\":1,\"name\":\"Home\",\"item\":\"https:\\\/\\\/visitfinaleligure.it\\\/fr\\\/visitez-finale-ligure-site-touristique-officiel\\\/\"},{\"@type\":\"ListItem\",\"position\":2,\"name\":\"Que faire \u00e0 Finale Ligure\",\"item\":\"https:\\\/\\\/visitfinaleligure.it\\\/fr\\\/que-faire-a-finale-ligure\\\/\"},{\"@type\":\"ListItem\",\"position\":3,\"name\":\"Joue avec l&#8217;arch\u00e9ologie\"}]},{\"@type\":\"WebSite\",\"@id\":\"https:\\\/\\\/visitfinaleligure.it\\\/fr\\\/#website\",\"url\":\"https:\\\/\\\/visitfinaleligure.it\\\/fr\\\/\",\"name\":\"Visit Finale Ligure\",\"description\":\"My perfect place\",\"publisher\":{\"@id\":\"https:\\\/\\\/visitfinaleligure.it\\\/fr\\\/#organization\"},\"potentialAction\":[{\"@type\":\"SearchAction\",\"target\":{\"@type\":\"EntryPoint\",\"urlTemplate\":\"https:\\\/\\\/visitfinaleligure.it\\\/fr\\\/?s={search_term_string}\"},\"query-input\":{\"@type\":\"PropertyValueSpecification\",\"valueRequired\":true,\"valueName\":\"search_term_string\"}}],\"inLanguage\":\"fr-FR\"},{\"@type\":\"Organization\",\"@id\":\"https:\\\/\\\/visitfinaleligure.it\\\/fr\\\/#organization\",\"name\":\"Comune di Finale Ligure\",\"url\":\"https:\\\/\\\/visitfinaleligure.it\\\/fr\\\/\",\"logo\":{\"@type\":\"ImageObject\",\"inLanguage\":\"fr-FR\",\"@id\":\"https:\\\/\\\/visitfinaleligure.it\\\/fr\\\/#\\\/schema\\\/logo\\\/image\\\/\",\"url\":\"https:\\\/\\\/visitfinaleligure.it\\\/wp-content\\\/uploads\\\/2023\\\/04\\\/cropped-finaleligure-verticale-positivo-200x200-1.png\",\"contentUrl\":\"https:\\\/\\\/visitfinaleligure.it\\\/wp-content\\\/uploads\\\/2023\\\/04\\\/cropped-finaleligure-verticale-positivo-200x200-1.png\",\"width\":512,\"height\":512,\"caption\":\"Comune di Finale Ligure\"},\"image\":{\"@id\":\"https:\\\/\\\/visitfinaleligure.it\\\/fr\\\/#\\\/schema\\\/logo\\\/image\\\/\"},\"sameAs\":[\"https:\\\/\\\/www.facebook.com\\\/VisitFinaleLigure\",\"https:\\\/\\\/www.instagram.com\\\/visitfinale\\\/\",\"https:\\\/\\\/www.youtube.com\\\/channel\\\/UCLmoLfNmrAt9mSCll9egttw\"]}]}<\/script>\n<!-- \/ Yoast SEO plugin. -->","yoast_head_json":{"title":"Joue avec l'arch\u00e9ologie - Visit Finale Ligure","robots":{"index":"index","follow":"follow","max-snippet":"max-snippet:-1","max-image-preview":"max-image-preview:large","max-video-preview":"max-video-preview:-1"},"canonical":"https:\/\/visitfinaleligure.it\/fr\/que-faire-a-finale-ligure\/joue-avec-larcheologie\/","og_locale":"fr_FR","og_type":"article","og_title":"Joue avec l'arch\u00e9ologie - Visit Finale Ligure","og_url":"https:\/\/visitfinaleligure.it\/fr\/que-faire-a-finale-ligure\/joue-avec-larcheologie\/","og_site_name":"Visit Finale Ligure","article_publisher":"https:\/\/www.facebook.com\/VisitFinaleLigure","article_modified_time":"2025-11-04T08:36:45+00:00","og_image":[{"width":1920,"height":1218,"url":"https:\/\/visitfinaleligure.it\/wp-content\/uploads\/2023\/02\/MAF_WALTERNESTI14-1920x1218-1.webp","type":"image\/webp"}],"twitter_card":"summary_large_image","twitter_misc":{"Dur\u00e9e de lecture estim\u00e9e":"2 minutes"},"schema":{"@context":"https:\/\/schema.org","@graph":[{"@type":"WebPage","@id":"https:\/\/visitfinaleligure.it\/fr\/que-faire-a-finale-ligure\/joue-avec-larcheologie\/","url":"https:\/\/visitfinaleligure.it\/fr\/que-faire-a-finale-ligure\/joue-avec-larcheologie\/","name":"Joue avec l'arch\u00e9ologie - Visit Finale Ligure","isPartOf":{"@id":"https:\/\/visitfinaleligure.it\/fr\/#website"},"primaryImageOfPage":{"@id":"https:\/\/visitfinaleligure.it\/fr\/que-faire-a-finale-ligure\/joue-avec-larcheologie\/#primaryimage"},"image":{"@id":"https:\/\/visitfinaleligure.it\/fr\/que-faire-a-finale-ligure\/joue-avec-larcheologie\/#primaryimage"},"thumbnailUrl":"https:\/\/visitfinaleligure.it\/wp-content\/uploads\/2023\/02\/MAF_WALTERNESTI14-1920x1218-1.webp","datePublished":"2023-02-01T08:31:27+00:00","dateModified":"2025-11-04T08:36:45+00:00","breadcrumb":{"@id":"https:\/\/visitfinaleligure.it\/fr\/que-faire-a-finale-ligure\/joue-avec-larcheologie\/#breadcrumb"},"inLanguage":"fr-FR","potentialAction":[{"@type":"ReadAction","target":["https:\/\/visitfinaleligure.it\/fr\/que-faire-a-finale-ligure\/joue-avec-larcheologie\/"]}]},{"@type":"ImageObject","inLanguage":"fr-FR","@id":"https:\/\/visitfinaleligure.it\/fr\/que-faire-a-finale-ligure\/joue-avec-larcheologie\/#primaryimage","url":"https:\/\/visitfinaleligure.it\/wp-content\/uploads\/2023\/02\/MAF_WALTERNESTI14-1920x1218-1.webp","contentUrl":"https:\/\/visitfinaleligure.it\/wp-content\/uploads\/2023\/02\/MAF_WALTERNESTI14-1920x1218-1.webp","width":1920,"height":1218,"caption":"Gioca con l'archeologia"},{"@type":"BreadcrumbList","@id":"https:\/\/visitfinaleligure.it\/fr\/que-faire-a-finale-ligure\/joue-avec-larcheologie\/#breadcrumb","itemListElement":[{"@type":"ListItem","position":1,"name":"Home","item":"https:\/\/visitfinaleligure.it\/fr\/visitez-finale-ligure-site-touristique-officiel\/"},{"@type":"ListItem","position":2,"name":"Que faire \u00e0 Finale Ligure","item":"https:\/\/visitfinaleligure.it\/fr\/que-faire-a-finale-ligure\/"},{"@type":"ListItem","position":3,"name":"Joue avec l&#8217;arch\u00e9ologie"}]},{"@type":"WebSite","@id":"https:\/\/visitfinaleligure.it\/fr\/#website","url":"https:\/\/visitfinaleligure.it\/fr\/","name":"Visit Finale Ligure","description":"My perfect place","publisher":{"@id":"https:\/\/visitfinaleligure.it\/fr\/#organization"},"potentialAction":[{"@type":"SearchAction","target":{"@type":"EntryPoint","urlTemplate":"https:\/\/visitfinaleligure.it\/fr\/?s={search_term_string}"},"query-input":{"@type":"PropertyValueSpecification","valueRequired":true,"valueName":"search_term_string"}}],"inLanguage":"fr-FR"},{"@type":"Organization","@id":"https:\/\/visitfinaleligure.it\/fr\/#organization","name":"Comune di Finale Ligure","url":"https:\/\/visitfinaleligure.it\/fr\/","logo":{"@type":"ImageObject","inLanguage":"fr-FR","@id":"https:\/\/visitfinaleligure.it\/fr\/#\/schema\/logo\/image\/","url":"https:\/\/visitfinaleligure.it\/wp-content\/uploads\/2023\/04\/cropped-finaleligure-verticale-positivo-200x200-1.png","contentUrl":"https:\/\/visitfinaleligure.it\/wp-content\/uploads\/2023\/04\/cropped-finaleligure-verticale-positivo-200x200-1.png","width":512,"height":512,"caption":"Comune di Finale Ligure"},"image":{"@id":"https:\/\/visitfinaleligure.it\/fr\/#\/schema\/logo\/image\/"},"sameAs":["https:\/\/www.facebook.com\/VisitFinaleLigure","https:\/\/www.instagram.com\/visitfinale\/","https:\/\/www.youtube.com\/channel\/UCLmoLfNmrAt9mSCll9egttw"]}]}},"_links":{"self":[{"href":"https:\/\/visitfinaleligure.it\/fr\/wp-json\/wp\/v2\/pages\/15153","targetHints":{"allow":["GET"]}}],"collection":[{"href":"https:\/\/visitfinaleligure.it\/fr\/wp-json\/wp\/v2\/pages"}],"about":[{"href":"https:\/\/visitfinaleligure.it\/fr\/wp-json\/wp\/v2\/types\/page"}],"author":[{"embeddable":true,"href":"https:\/\/visitfinaleligure.it\/fr\/wp-json\/wp\/v2\/users\/2"}],"replies":[{"embeddable":true,"href":"https:\/\/visitfinaleligure.it\/fr\/wp-json\/wp\/v2\/comments?post=15153"}],"version-history":[{"count":1,"href":"https:\/\/visitfinaleligure.it\/fr\/wp-json\/wp\/v2\/pages\/15153\/revisions"}],"predecessor-version":[{"id":15155,"href":"https:\/\/visitfinaleligure.it\/fr\/wp-json\/wp\/v2\/pages\/15153\/revisions\/15155"}],"up":[{"embeddable":true,"href":"https:\/\/visitfinaleligure.it\/fr\/wp-json\/wp\/v2\/pages\/15689"}],"wp:featuredmedia":[{"embeddable":true,"href":"https:\/\/visitfinaleligure.it\/fr\/wp-json\/wp\/v2\/media\/15154"}],"wp:attachment":[{"href":"https:\/\/visitfinaleligure.it\/fr\/wp-json\/wp\/v2\/media?parent=15153"}],"curies":[{"name":"wp","href":"https:\/\/api.w.org\/{rel}","templated":true}]}}