{"id":15159,"date":"2023-02-01T11:39:21","date_gmt":"2023-02-01T10:39:21","guid":{"rendered":"https:\/\/visitfinaleligure.it\/debut-du-trekking\/"},"modified":"2025-11-04T09:36:45","modified_gmt":"2025-11-04T08:36:45","slug":"debut-du-trekking","status":"publish","type":"page","link":"https:\/\/visitfinaleligure.it\/fr\/que-faire-a-finale-ligure\/debut-du-trekking\/","title":{"rendered":"D\u00e9but du trekking"},"content":{"rendered":"\n\n\t<section class=\"section\" id=\"section_407573901\">\n\t\t<div class=\"section-bg fill\" >\n\t\t\t\t\t\t\t\t\t\n\t\t\t\n\n\t\t<\/div>\n\n\t\t\n\n\t\t<div class=\"section-content relative\">\n\t\t\t\n\n\t<div class=\"img has-hover x md-x lg-x y md-y lg-y\" id=\"image_1198047286\">\n\t\t\t\t\t\t\t\t<div class=\"img-inner image-cover dark\" style=\"padding-top:40%;\">\n\t\t\t<img loading=\"lazy\" decoding=\"async\" width=\"2500\" height=\"939\" src=\"https:\/\/visitfinaleligure.it\/wp-content\/uploads\/2023\/03\/cielo-stellato.jpg\" class=\"attachment-original size-original\" alt=\"Star trekking\" srcset=\"https:\/\/visitfinaleligure.it\/wp-content\/uploads\/2023\/03\/cielo-stellato.jpg 2500w, https:\/\/visitfinaleligure.it\/wp-content\/uploads\/2023\/03\/cielo-stellato-300x113.jpg 300w, https:\/\/visitfinaleligure.it\/wp-content\/uploads\/2023\/03\/cielo-stellato-1024x385.jpg 1024w, https:\/\/visitfinaleligure.it\/wp-content\/uploads\/2023\/03\/cielo-stellato-768x288.jpg 768w, https:\/\/visitfinaleligure.it\/wp-content\/uploads\/2023\/03\/cielo-stellato-1536x577.jpg 1536w, https:\/\/visitfinaleligure.it\/wp-content\/uploads\/2023\/03\/cielo-stellato-2048x769.jpg 2048w\" sizes=\"auto, (max-width: 2500px) 100vw, 2500px\" \/>\t\t\t\t\t\t\n\t\t\t\t\t<\/div>\n\t\t\t\t\t\t\t\t\n<style>\n#image_1198047286 {\n  width: 100%;\n}\n<\/style>\n\t<\/div>\n\t\n\n\n\t\t<\/div>\n\n\t\t\n<style>\n#section_407573901 {\n  padding-top: 30px;\n  padding-bottom: 30px;\n}\n<\/style>\n\t<\/section>\n\t\n\n\t<section class=\"section\" id=\"section_917858515\">\n\t\t<div class=\"section-bg fill\" >\n\t\t\t\t\t\t\t\t\t\n\t\t\t\n\n\t\t<\/div>\n\n\t\t\n\n\t\t<div class=\"section-content relative\">\n\t\t\t\n\n<div class=\"row\"  id=\"row-1182372709\">\n\n\n\t<div id=\"col-2010776440\" class=\"col hide-for-small medium-1 small-12 large-1\"  >\n\t\t\t\t<div class=\"col-inner text-left\"  >\n\t\t\t\n\t\t\t\n\n\n\t\t<\/div>\n\t\t\t\t\n<style>\n#col-2010776440 > .col-inner {\n  margin: 0px 0px 0px 0px;\n}\n<\/style>\n\t<\/div>\n\n\t\n\n\t<div id=\"col-31225572\" class=\"col medium-10 small-12 large-10\"  >\n\t\t\t\t<div class=\"col-inner text-left\"  >\n\t\t\t\n\t\t\t\n\n\t<div id=\"text-1789307510\" class=\"text testi-body\">\n\t\t\n\n<h1 class=\"testi-titolo\" style=\"text-align: left;\">Star trekking<\/h1>\n\t\t\n<style>\n#text-1789307510 {\n  font-size: 1.5rem;\n  text-align: left;\n  color: rgb(0,0,0);\n}\n#text-1789307510 > * {\n  color: rgb(0,0,0);\n}\n<\/style>\n\t<\/div>\n\t\n<p>La terra incontra la volta celeste in quest\u2019escursione con visita guidata del cielo e cena al sacco. Costellazioni, pianeti, leggende e stelle cadenti sopra di noi nel silenzio notturno e lontano dall\u2019inquinamento luminoso della costa. Intorno solo la natura con i suoi profumi e suoni.<\/p>\n<div>Un\u2019<strong>escursione di star-trekking<\/strong>&nbsp;parte in genere nel tardo pomeriggio, appena prima di cena, alla volta di un luogo adatto per sostare in tranquillit\u00e0, lontano dall\u2019inquinamento luminoso. Giunti sul posto, dopo una visita dei dintorni perch\u00e9 si tratta sempre di luoghi con&nbsp;<strong>alto interesse naturalistico e storico<\/strong>, si cena e si chiacchera\u2026 attendendo l\u2019imbrunire e le prime stelle. O meglio, in genere, i primi pianeti (si imparer\u00e0 cos\u00ec un trucchetto per distinguerli dalle stelle).<\/div>\n<div>La passeggiata nel cielo parte dalle costellazioni pi\u00f9 note e riconoscibili per poi dare il nome ad alcune stelle luminose in costellazioni meno famose.<\/div>\n<div>&nbsp;<\/div>\n<div>Al termine dell\u2019esplorazione, si tirano fuori le pile e nel silenzio della notte, interrotto solo da versi e misteriosii fruscii degli animali notturni, immersi nei profumi della natura si percorre il tragitto del rientro!<\/div>\n\t<div id=\"gap-2002128311\" class=\"gap-element clearfix\" style=\"display:block; height:auto;\">\n\t\t\n<style>\n#gap-2002128311 {\n  padding-top: 30px;\n}\n<\/style>\n\t<\/div>\n\t\n\n<div class=\"row\"  id=\"row-798515948\">\n\n\n\t<div id=\"col-1701674773\" class=\"col medium-2 small-12 large-2\"  >\n\t\t\t\t<div class=\"col-inner\"  >\n\t\t\t\n\t\t\t\n\n\n\t\t<\/div>\n\t\t\t\t\t<\/div>\n\n\t\n\n\t<div id=\"col-1188445437\" class=\"col medium-8 small-12 large-8\"  >\n\t\t\t\t<div class=\"col-inner\"  >\n\t\t\t\n\t\t\t\n\n\t<div id=\"text-2218642981\" class=\"text testi-sotto-titolo\">\n\t\t\n\n<h2>Choisissez vos vacances<\/h2>\n\t\t\n<style>\n#text-2218642981 {\n  text-align: center;\n  color: rgb(0,0,0);\n}\n#text-2218642981 > * {\n  color: rgb(0,0,0);\n}\n<\/style>\n\t<\/div>\n\t\n\t<div id=\"text-430322625\" class=\"text\">\n\t\t\n\n<p>Nous avons s\u00e9lectionn\u00e9 les exp\u00e9riences qui incarnent l&#8217;essence m\u00eame d&#8217;un s\u00e9jour \u00e0 Finale Ligure.<\/p>\n\t\t\n<style>\n#text-430322625 {\n  text-align: center;\n  color: rgb(0,0,0);\n}\n#text-430322625 > * {\n  color: rgb(0,0,0);\n}\n<\/style>\n\t<\/div>\n\t\n<div class=\"row\"  id=\"row-1324708292\">\n\n\n\t<div id=\"col-2082720160\" class=\"col medium-3 small-6 large-3\"  >\n\t\t\t\t<div class=\"col-inner text-center\"  >\n\t\t\t\n\t\t\t\n\n\t<div class=\"img has-hover x md-x lg-x y md-y lg-y\" id=\"image_1795814870\">\n\t\t<a class=\"\" href=\"https:\/\/visitfinaleligure.it\/active\" >\t\t\t\t\t\t<div class=\"img-inner dark\" >\n\t\t\t<img loading=\"lazy\" decoding=\"async\" width=\"197\" height=\"196\" src=\"https:\/\/visitfinaleligure.it\/wp-content\/uploads\/2023\/03\/bollino-finale-active-exe.png\" class=\"attachment-large size-large\" alt=\"\" srcset=\"https:\/\/visitfinaleligure.it\/wp-content\/uploads\/2023\/03\/bollino-finale-active-exe.png 197w, https:\/\/visitfinaleligure.it\/wp-content\/uploads\/2023\/03\/bollino-finale-active-exe-150x150.png 150w\" sizes=\"auto, (max-width: 197px) 100vw, 197px\" \/>\t\t\t\t\t\t\n\t\t\t\t\t<\/div>\n\t\t\t\t\t\t<\/a>\t\t\n<style>\n#image_1795814870 {\n  width: 100%;\n}\n@media (min-width:850px) {\n  #image_1795814870 {\n    width: 70%;\n  }\n}\n<\/style>\n\t<\/div>\n\t\n\n\n\t\t<\/div>\n\t\t\t\t\t<\/div>\n\n\t\n\n\t<div id=\"col-433157911\" class=\"col medium-3 small-6 large-3\"  >\n\t\t\t\t<div class=\"col-inner text-center\"  >\n\t\t\t\n\t\t\t\n\n\t<div class=\"img has-hover x md-x lg-x y md-y lg-y\" id=\"image_494988305\">\n\t\t<a class=\"\" href=\"https:\/\/visitfinaleligure.it\/family\" >\t\t\t\t\t\t<div class=\"img-inner dark\" >\n\t\t\t<img loading=\"lazy\" decoding=\"async\" width=\"197\" height=\"196\" src=\"https:\/\/visitfinaleligure.it\/wp-content\/uploads\/2023\/03\/bollino-finale-family-exe.png\" class=\"attachment-large size-large\" alt=\"\" srcset=\"https:\/\/visitfinaleligure.it\/wp-content\/uploads\/2023\/03\/bollino-finale-family-exe.png 197w, https:\/\/visitfinaleligure.it\/wp-content\/uploads\/2023\/03\/bollino-finale-family-exe-150x150.png 150w\" sizes=\"auto, (max-width: 197px) 100vw, 197px\" \/>\t\t\t\t\t\t\n\t\t\t\t\t<\/div>\n\t\t\t\t\t\t<\/a>\t\t\n<style>\n#image_494988305 {\n  width: 100%;\n}\n@media (min-width:850px) {\n  #image_494988305 {\n    width: 70%;\n  }\n}\n<\/style>\n\t<\/div>\n\t\n\n\n\t\t<\/div>\n\t\t\t\t\t<\/div>\n\n\t\n\n\t<div id=\"col-305101303\" class=\"col medium-3 small-6 large-3\"  >\n\t\t\t\t<div class=\"col-inner text-center\"  >\n\t\t\t\n\t\t\t\n\n\t<div class=\"img has-hover x md-x lg-x y md-y lg-y\" id=\"image_1365360028\">\n\t\t<a class=\"\" href=\"https:\/\/visitfinaleligure.it\/slow\" >\t\t\t\t\t\t<div class=\"img-inner dark\" >\n\t\t\t<img loading=\"lazy\" decoding=\"async\" width=\"196\" height=\"196\" src=\"https:\/\/visitfinaleligure.it\/wp-content\/uploads\/2023\/03\/bollino-finale-slow-exe.png\" class=\"attachment-large size-large\" alt=\"\" srcset=\"https:\/\/visitfinaleligure.it\/wp-content\/uploads\/2023\/03\/bollino-finale-slow-exe.png 196w, https:\/\/visitfinaleligure.it\/wp-content\/uploads\/2023\/03\/bollino-finale-slow-exe-150x150.png 150w\" sizes=\"auto, (max-width: 196px) 100vw, 196px\" \/>\t\t\t\t\t\t\n\t\t\t\t\t<\/div>\n\t\t\t\t\t\t<\/a>\t\t\n<style>\n#image_1365360028 {\n  width: 100%;\n}\n@media (min-width:850px) {\n  #image_1365360028 {\n    width: 70%;\n  }\n}\n<\/style>\n\t<\/div>\n\t\n\n\n\t\t<\/div>\n\t\t\t\t\t<\/div>\n\n\t\n\n\t<div id=\"col-1576161120\" class=\"col medium-3 small-6 large-3\"  >\n\t\t\t\t<div class=\"col-inner text-center\"  >\n\t\t\t\n\t\t\t\n\n\t<div class=\"img has-hover x md-x lg-x y md-y lg-y\" id=\"image_1346144597\">\n\t\t<a class=\"\" href=\"https:\/\/visitfinaleligure.it\/training\" >\t\t\t\t\t\t<div class=\"img-inner dark\" >\n\t\t\t<img loading=\"lazy\" decoding=\"async\" width=\"196\" height=\"196\" src=\"https:\/\/visitfinaleligure.it\/wp-content\/uploads\/2023\/03\/bollino-finale-training-exe.png\" class=\"attachment-large size-large\" alt=\"\" srcset=\"https:\/\/visitfinaleligure.it\/wp-content\/uploads\/2023\/03\/bollino-finale-training-exe.png 196w, https:\/\/visitfinaleligure.it\/wp-content\/uploads\/2023\/03\/bollino-finale-training-exe-150x150.png 150w\" sizes=\"auto, (max-width: 196px) 100vw, 196px\" \/>\t\t\t\t\t\t\n\t\t\t\t\t<\/div>\n\t\t\t\t\t\t<\/a>\t\t\n<style>\n#image_1346144597 {\n  width: 100%;\n}\n@media (min-width:850px) {\n  #image_1346144597 {\n    width: 70%;\n  }\n}\n<\/style>\n\t<\/div>\n\t\n\n\n\t\t<\/div>\n\t\t\t\t\t<\/div>\n\n\t\n\n<\/div>\n\n\t\t<\/div>\n\t\t\t\t\t<\/div>\n\n\t\n\n\t<div id=\"col-1639965663\" class=\"col medium-2 small-12 large-2\"  >\n\t\t\t\t<div class=\"col-inner\"  >\n\t\t\t\n\t\t\t\n\n\n\t\t<\/div>\n\t\t\t\t\t<\/div>\n\n\t\n\n<\/div>\n\n\t\t<\/div>\n\t\t\t\t\t<\/div>\n\n\t\n\n\t<div id=\"col-177684574\" class=\"col hide-for-small medium-1 small-7 large-1\"  >\n\t\t\t\t<div class=\"col-inner text-left\"  >\n\t\t\t\n\t\t\t\n\n\n\t\t<\/div>\n\t\t\t\t\n<style>\n#col-177684574 > .col-inner {\n  margin: 0px 0px 0px 0px;\n}\n<\/style>\n\t<\/div>\n\n\t\n\n<\/div>\n\n\t\t<\/div>\n\n\t\t\n<style>\n#section_917858515 {\n  padding-top: 0px;\n  padding-bottom: 0px;\n}\n<\/style>\n\t<\/section>\n\t\n","protected":false},"excerpt":{"rendered":"","protected":false},"author":2,"featured_media":15160,"parent":15689,"menu_order":0,"comment_status":"closed","ping_status":"closed","template":"page-blank.php","meta":{"footnotes":""},"class_list":["post-15159","page","type-page","status-publish","has-post-thumbnail","hentry"],"yoast_head":"<!-- This site is optimized with the Yoast SEO plugin v27.3 - https:\/\/yoast.com\/product\/yoast-seo-wordpress\/ -->\n<title>Star trekking - Visit Finale Ligure<\/title>\n<meta name=\"robots\" content=\"index, follow, max-snippet:-1, max-image-preview:large, max-video-preview:-1\" \/>\n<link rel=\"canonical\" href=\"https:\/\/visitfinaleligure.it\/fr\/que-faire-a-finale-ligure\/debut-du-trekking\/\" \/>\n<meta property=\"og:locale\" content=\"fr_FR\" \/>\n<meta property=\"og:type\" content=\"article\" \/>\n<meta property=\"og:title\" content=\"Star trekking - Visit Finale Ligure\" \/>\n<meta property=\"og:url\" content=\"https:\/\/visitfinaleligure.it\/fr\/que-faire-a-finale-ligure\/debut-du-trekking\/\" \/>\n<meta property=\"og:site_name\" content=\"Visit Finale Ligure\" \/>\n<meta property=\"article:publisher\" content=\"https:\/\/www.facebook.com\/VisitFinaleLigure\" \/>\n<meta property=\"article:modified_time\" content=\"2025-11-04T08:36:45+00:00\" \/>\n<meta property=\"og:image\" content=\"https:\/\/visitfinaleligure.it\/wp-content\/uploads\/2023\/03\/cielo-stellato.jpg\" \/>\n\t<meta property=\"og:image:width\" content=\"2500\" \/>\n\t<meta property=\"og:image:height\" content=\"939\" \/>\n\t<meta property=\"og:image:type\" content=\"image\/jpeg\" \/>\n<meta name=\"twitter:card\" content=\"summary_large_image\" \/>\n<meta name=\"twitter:label1\" content=\"Dur\u00e9e de lecture estim\u00e9e\" \/>\n\t<meta name=\"twitter:data1\" content=\"2 minutes\" \/>\n<script type=\"application\/ld+json\" class=\"yoast-schema-graph\">{\"@context\":\"https:\\\/\\\/schema.org\",\"@graph\":[{\"@type\":\"WebPage\",\"@id\":\"https:\\\/\\\/visitfinaleligure.it\\\/fr\\\/que-faire-a-finale-ligure\\\/debut-du-trekking\\\/\",\"url\":\"https:\\\/\\\/visitfinaleligure.it\\\/fr\\\/que-faire-a-finale-ligure\\\/debut-du-trekking\\\/\",\"name\":\"Star trekking - Visit Finale Ligure\",\"isPartOf\":{\"@id\":\"https:\\\/\\\/visitfinaleligure.it\\\/fr\\\/#website\"},\"primaryImageOfPage\":{\"@id\":\"https:\\\/\\\/visitfinaleligure.it\\\/fr\\\/que-faire-a-finale-ligure\\\/debut-du-trekking\\\/#primaryimage\"},\"image\":{\"@id\":\"https:\\\/\\\/visitfinaleligure.it\\\/fr\\\/que-faire-a-finale-ligure\\\/debut-du-trekking\\\/#primaryimage\"},\"thumbnailUrl\":\"https:\\\/\\\/visitfinaleligure.it\\\/wp-content\\\/uploads\\\/2023\\\/03\\\/cielo-stellato.jpg\",\"datePublished\":\"2023-02-01T10:39:21+00:00\",\"dateModified\":\"2025-11-04T08:36:45+00:00\",\"breadcrumb\":{\"@id\":\"https:\\\/\\\/visitfinaleligure.it\\\/fr\\\/que-faire-a-finale-ligure\\\/debut-du-trekking\\\/#breadcrumb\"},\"inLanguage\":\"fr-FR\",\"potentialAction\":[{\"@type\":\"ReadAction\",\"target\":[\"https:\\\/\\\/visitfinaleligure.it\\\/fr\\\/que-faire-a-finale-ligure\\\/debut-du-trekking\\\/\"]}]},{\"@type\":\"ImageObject\",\"inLanguage\":\"fr-FR\",\"@id\":\"https:\\\/\\\/visitfinaleligure.it\\\/fr\\\/que-faire-a-finale-ligure\\\/debut-du-trekking\\\/#primaryimage\",\"url\":\"https:\\\/\\\/visitfinaleligure.it\\\/wp-content\\\/uploads\\\/2023\\\/03\\\/cielo-stellato.jpg\",\"contentUrl\":\"https:\\\/\\\/visitfinaleligure.it\\\/wp-content\\\/uploads\\\/2023\\\/03\\\/cielo-stellato.jpg\",\"width\":2500,\"height\":939,\"caption\":\"Star trekking\"},{\"@type\":\"BreadcrumbList\",\"@id\":\"https:\\\/\\\/visitfinaleligure.it\\\/fr\\\/que-faire-a-finale-ligure\\\/debut-du-trekking\\\/#breadcrumb\",\"itemListElement\":[{\"@type\":\"ListItem\",\"position\":1,\"name\":\"Home\",\"item\":\"https:\\\/\\\/visitfinaleligure.it\\\/fr\\\/visitez-finale-ligure-site-touristique-officiel\\\/\"},{\"@type\":\"ListItem\",\"position\":2,\"name\":\"Que faire \u00e0 Finale Ligure\",\"item\":\"https:\\\/\\\/visitfinaleligure.it\\\/fr\\\/que-faire-a-finale-ligure\\\/\"},{\"@type\":\"ListItem\",\"position\":3,\"name\":\"D\u00e9but du trekking\"}]},{\"@type\":\"WebSite\",\"@id\":\"https:\\\/\\\/visitfinaleligure.it\\\/fr\\\/#website\",\"url\":\"https:\\\/\\\/visitfinaleligure.it\\\/fr\\\/\",\"name\":\"Visit Finale Ligure\",\"description\":\"My perfect place\",\"publisher\":{\"@id\":\"https:\\\/\\\/visitfinaleligure.it\\\/fr\\\/#organization\"},\"potentialAction\":[{\"@type\":\"SearchAction\",\"target\":{\"@type\":\"EntryPoint\",\"urlTemplate\":\"https:\\\/\\\/visitfinaleligure.it\\\/fr\\\/?s={search_term_string}\"},\"query-input\":{\"@type\":\"PropertyValueSpecification\",\"valueRequired\":true,\"valueName\":\"search_term_string\"}}],\"inLanguage\":\"fr-FR\"},{\"@type\":\"Organization\",\"@id\":\"https:\\\/\\\/visitfinaleligure.it\\\/fr\\\/#organization\",\"name\":\"Comune di Finale Ligure\",\"url\":\"https:\\\/\\\/visitfinaleligure.it\\\/fr\\\/\",\"logo\":{\"@type\":\"ImageObject\",\"inLanguage\":\"fr-FR\",\"@id\":\"https:\\\/\\\/visitfinaleligure.it\\\/fr\\\/#\\\/schema\\\/logo\\\/image\\\/\",\"url\":\"https:\\\/\\\/visitfinaleligure.it\\\/wp-content\\\/uploads\\\/2023\\\/04\\\/cropped-finaleligure-verticale-positivo-200x200-1.png\",\"contentUrl\":\"https:\\\/\\\/visitfinaleligure.it\\\/wp-content\\\/uploads\\\/2023\\\/04\\\/cropped-finaleligure-verticale-positivo-200x200-1.png\",\"width\":512,\"height\":512,\"caption\":\"Comune di Finale Ligure\"},\"image\":{\"@id\":\"https:\\\/\\\/visitfinaleligure.it\\\/fr\\\/#\\\/schema\\\/logo\\\/image\\\/\"},\"sameAs\":[\"https:\\\/\\\/www.facebook.com\\\/VisitFinaleLigure\",\"https:\\\/\\\/www.instagram.com\\\/visitfinale\\\/\",\"https:\\\/\\\/www.youtube.com\\\/channel\\\/UCLmoLfNmrAt9mSCll9egttw\"]}]}<\/script>\n<!-- \/ Yoast SEO plugin. -->","yoast_head_json":{"title":"Star trekking - Visit Finale Ligure","robots":{"index":"index","follow":"follow","max-snippet":"max-snippet:-1","max-image-preview":"max-image-preview:large","max-video-preview":"max-video-preview:-1"},"canonical":"https:\/\/visitfinaleligure.it\/fr\/que-faire-a-finale-ligure\/debut-du-trekking\/","og_locale":"fr_FR","og_type":"article","og_title":"Star trekking - Visit Finale Ligure","og_url":"https:\/\/visitfinaleligure.it\/fr\/que-faire-a-finale-ligure\/debut-du-trekking\/","og_site_name":"Visit Finale Ligure","article_publisher":"https:\/\/www.facebook.com\/VisitFinaleLigure","article_modified_time":"2025-11-04T08:36:45+00:00","og_image":[{"width":2500,"height":939,"url":"https:\/\/visitfinaleligure.it\/wp-content\/uploads\/2023\/03\/cielo-stellato.jpg","type":"image\/jpeg"}],"twitter_card":"summary_large_image","twitter_misc":{"Dur\u00e9e de lecture estim\u00e9e":"2 minutes"},"schema":{"@context":"https:\/\/schema.org","@graph":[{"@type":"WebPage","@id":"https:\/\/visitfinaleligure.it\/fr\/que-faire-a-finale-ligure\/debut-du-trekking\/","url":"https:\/\/visitfinaleligure.it\/fr\/que-faire-a-finale-ligure\/debut-du-trekking\/","name":"Star trekking - Visit Finale Ligure","isPartOf":{"@id":"https:\/\/visitfinaleligure.it\/fr\/#website"},"primaryImageOfPage":{"@id":"https:\/\/visitfinaleligure.it\/fr\/que-faire-a-finale-ligure\/debut-du-trekking\/#primaryimage"},"image":{"@id":"https:\/\/visitfinaleligure.it\/fr\/que-faire-a-finale-ligure\/debut-du-trekking\/#primaryimage"},"thumbnailUrl":"https:\/\/visitfinaleligure.it\/wp-content\/uploads\/2023\/03\/cielo-stellato.jpg","datePublished":"2023-02-01T10:39:21+00:00","dateModified":"2025-11-04T08:36:45+00:00","breadcrumb":{"@id":"https:\/\/visitfinaleligure.it\/fr\/que-faire-a-finale-ligure\/debut-du-trekking\/#breadcrumb"},"inLanguage":"fr-FR","potentialAction":[{"@type":"ReadAction","target":["https:\/\/visitfinaleligure.it\/fr\/que-faire-a-finale-ligure\/debut-du-trekking\/"]}]},{"@type":"ImageObject","inLanguage":"fr-FR","@id":"https:\/\/visitfinaleligure.it\/fr\/que-faire-a-finale-ligure\/debut-du-trekking\/#primaryimage","url":"https:\/\/visitfinaleligure.it\/wp-content\/uploads\/2023\/03\/cielo-stellato.jpg","contentUrl":"https:\/\/visitfinaleligure.it\/wp-content\/uploads\/2023\/03\/cielo-stellato.jpg","width":2500,"height":939,"caption":"Star trekking"},{"@type":"BreadcrumbList","@id":"https:\/\/visitfinaleligure.it\/fr\/que-faire-a-finale-ligure\/debut-du-trekking\/#breadcrumb","itemListElement":[{"@type":"ListItem","position":1,"name":"Home","item":"https:\/\/visitfinaleligure.it\/fr\/visitez-finale-ligure-site-touristique-officiel\/"},{"@type":"ListItem","position":2,"name":"Que faire \u00e0 Finale Ligure","item":"https:\/\/visitfinaleligure.it\/fr\/que-faire-a-finale-ligure\/"},{"@type":"ListItem","position":3,"name":"D\u00e9but du trekking"}]},{"@type":"WebSite","@id":"https:\/\/visitfinaleligure.it\/fr\/#website","url":"https:\/\/visitfinaleligure.it\/fr\/","name":"Visit Finale Ligure","description":"My perfect place","publisher":{"@id":"https:\/\/visitfinaleligure.it\/fr\/#organization"},"potentialAction":[{"@type":"SearchAction","target":{"@type":"EntryPoint","urlTemplate":"https:\/\/visitfinaleligure.it\/fr\/?s={search_term_string}"},"query-input":{"@type":"PropertyValueSpecification","valueRequired":true,"valueName":"search_term_string"}}],"inLanguage":"fr-FR"},{"@type":"Organization","@id":"https:\/\/visitfinaleligure.it\/fr\/#organization","name":"Comune di Finale Ligure","url":"https:\/\/visitfinaleligure.it\/fr\/","logo":{"@type":"ImageObject","inLanguage":"fr-FR","@id":"https:\/\/visitfinaleligure.it\/fr\/#\/schema\/logo\/image\/","url":"https:\/\/visitfinaleligure.it\/wp-content\/uploads\/2023\/04\/cropped-finaleligure-verticale-positivo-200x200-1.png","contentUrl":"https:\/\/visitfinaleligure.it\/wp-content\/uploads\/2023\/04\/cropped-finaleligure-verticale-positivo-200x200-1.png","width":512,"height":512,"caption":"Comune di Finale Ligure"},"image":{"@id":"https:\/\/visitfinaleligure.it\/fr\/#\/schema\/logo\/image\/"},"sameAs":["https:\/\/www.facebook.com\/VisitFinaleLigure","https:\/\/www.instagram.com\/visitfinale\/","https:\/\/www.youtube.com\/channel\/UCLmoLfNmrAt9mSCll9egttw"]}]}},"_links":{"self":[{"href":"https:\/\/visitfinaleligure.it\/fr\/wp-json\/wp\/v2\/pages\/15159","targetHints":{"allow":["GET"]}}],"collection":[{"href":"https:\/\/visitfinaleligure.it\/fr\/wp-json\/wp\/v2\/pages"}],"about":[{"href":"https:\/\/visitfinaleligure.it\/fr\/wp-json\/wp\/v2\/types\/page"}],"author":[{"embeddable":true,"href":"https:\/\/visitfinaleligure.it\/fr\/wp-json\/wp\/v2\/users\/2"}],"replies":[{"embeddable":true,"href":"https:\/\/visitfinaleligure.it\/fr\/wp-json\/wp\/v2\/comments?post=15159"}],"version-history":[{"count":1,"href":"https:\/\/visitfinaleligure.it\/fr\/wp-json\/wp\/v2\/pages\/15159\/revisions"}],"predecessor-version":[{"id":15161,"href":"https:\/\/visitfinaleligure.it\/fr\/wp-json\/wp\/v2\/pages\/15159\/revisions\/15161"}],"up":[{"embeddable":true,"href":"https:\/\/visitfinaleligure.it\/fr\/wp-json\/wp\/v2\/pages\/15689"}],"wp:featuredmedia":[{"embeddable":true,"href":"https:\/\/visitfinaleligure.it\/fr\/wp-json\/wp\/v2\/media\/15160"}],"wp:attachment":[{"href":"https:\/\/visitfinaleligure.it\/fr\/wp-json\/wp\/v2\/media?parent=15159"}],"curies":[{"name":"wp","href":"https:\/\/api.w.org\/{rel}","templated":true}]}}