{"id":15162,"date":"2023-02-01T12:10:42","date_gmt":"2023-02-01T11:10:42","guid":{"rendered":"https:\/\/visitfinaleligure.it\/sur-les-traces-de-lhistoire-a-velo\/"},"modified":"2025-11-04T09:36:46","modified_gmt":"2025-11-04T08:36:46","slug":"sur-les-traces-de-lhistoire-a-velo","status":"publish","type":"page","link":"https:\/\/visitfinaleligure.it\/fr\/que-faire-a-finale-ligure\/sur-les-traces-de-lhistoire-a-velo\/","title":{"rendered":"Sur les traces de l&#8217;histoire, \u00e0 v\u00e9lo"},"content":{"rendered":"\n\n\t<section class=\"section\" id=\"section_655945182\">\n\t\t<div class=\"section-bg fill\" >\n\t\t\t\t\t\t\t\t\t\n\t\t\t\n\n\t\t<\/div>\n\n\t\t\n\n\t\t<div class=\"section-content relative\">\n\t\t\t\n\n\t<div class=\"img has-hover x md-x lg-x y md-y lg-y\" id=\"image_728788585\">\n\t\t\t\t\t\t\t\t<div class=\"img-inner image-cover dark\" style=\"padding-top:40%;\">\n\t\t\t<img loading=\"lazy\" decoding=\"async\" width=\"1500\" height=\"1000\" src=\"https:\/\/visitfinaleligure.it\/wp-content\/uploads\/2023\/02\/FLOW_2018_226.jpg\" class=\"attachment-original size-original\" alt=\"Archeobike sulle tracce degli antichi romani\" srcset=\"https:\/\/visitfinaleligure.it\/wp-content\/uploads\/2023\/02\/FLOW_2018_226.jpg 1500w, https:\/\/visitfinaleligure.it\/wp-content\/uploads\/2023\/02\/FLOW_2018_226-300x200.jpg 300w, https:\/\/visitfinaleligure.it\/wp-content\/uploads\/2023\/02\/FLOW_2018_226-1024x683.jpg 1024w, https:\/\/visitfinaleligure.it\/wp-content\/uploads\/2023\/02\/FLOW_2018_226-768x512.jpg 768w\" sizes=\"auto, (max-width: 1500px) 100vw, 1500px\" \/>\t\t\t\t\t\t\n\t\t\t\t\t<\/div>\n\t\t\t\t\t\t\t\t\n<style>\n#image_728788585 {\n  width: 100%;\n}\n<\/style>\n\t<\/div>\n\t\n\n\n\t\t<\/div>\n\n\t\t\n<style>\n#section_655945182 {\n  padding-top: 30px;\n  padding-bottom: 30px;\n}\n<\/style>\n\t<\/section>\n\t\n\n\t<section class=\"section\" id=\"section_1348159587\">\n\t\t<div class=\"section-bg fill\" >\n\t\t\t\t\t\t\t\t\t\n\t\t\t\n\n\t\t<\/div>\n\n\t\t\n\n\t\t<div class=\"section-content relative\">\n\t\t\t\n\n<div class=\"row align-middle\"  id=\"row-666197674\">\n\n\n\t<div id=\"col-1388716168\" class=\"col hide-for-small medium-1 small-12 large-1\"  >\n\t\t\t\t<div class=\"col-inner\"  >\n\t\t\t\n\t\t\t\n\n\n\t\t<\/div>\n\t\t\t\t\t<\/div>\n\n\t\n\n\t<div id=\"col-1084324639\" class=\"col medium-10 small-12 large-10\"  >\n\t\t\t\t<div class=\"col-inner text-left\"  >\n\t\t\t\n\t\t\t\n\n<h1 class=\"testi-titolo\" style=\"text-align: left;\">Sur les traces de l&#8217;histoire, \u00e0 v\u00e9lo<\/h1>\n\n\t\t<\/div>\n\t\t\t\t\n<style>\n#col-1084324639 > .col-inner {\n  margin: 0px 0px 0px 0px;\n}\n@media (min-width:550px) {\n  #col-1084324639 > .col-inner {\n    margin: 0px 0px 0px 0px;\n  }\n}\n<\/style>\n\t<\/div>\n\n\t\n\n\t<div id=\"col-245285215\" class=\"col hide-for-small medium-1 small-12 large-1\"  >\n\t\t\t\t<div class=\"col-inner\"  >\n\t\t\t\n\t\t\t\n\n\n\t\t<\/div>\n\t\t\t\t\t<\/div>\n\n\t\n\n\n<style>\n#row-666197674 > .col > .col-inner {\n  padding: 0px 0px 0px 0px;\n}\n@media (min-width:550px) {\n  #row-666197674 > .col > .col-inner {\n    padding: 0px 0px 0px 0px;\n  }\n}\n<\/style>\n<\/div>\n<div class=\"row\"  id=\"row-1445449020\">\n\n\n\t<div id=\"col-1268094644\" class=\"col hide-for-small medium-1 small-12 large-1\"  >\n\t\t\t\t<div class=\"col-inner text-left\"  >\n\t\t\t\n\t\t\t\n\n\n\t\t<\/div>\n\t\t\t\t\n<style>\n#col-1268094644 > .col-inner {\n  margin: 0px 0px 0px 0px;\n}\n<\/style>\n\t<\/div>\n\n\t\n\n\t<div id=\"col-1464620550\" class=\"col medium-10 small-12 large-10\"  >\n\t\t\t\t<div class=\"col-inner text-left\"  >\n\t\t\t\n\t\t\t\n\n<p>Peut-on visiter un mus\u00e9e \u00e0 v\u00e9lo ?<\/p>\n<p>\u00c0 Finale Ligure, la r\u00e9ponse ne peut \u00eatre que oui !<\/p>\n<p>Le riche r\u00e9seau de sentiers praticables en VTT passe \u00e9galement par des monuments et des vestiges des si\u00e8cles pass\u00e9s. Vous \u00eates passionn\u00e9s par la pr\u00e9histoire, les myst\u00e8res li\u00e9s \u00e0 la pr\u00e9sence des premiers hommes, leur mode de vie, leurs rituels ? Alors rien de mieux que le \u00ab <strong>Giro dei Ciappi <\/strong>\u00bb.  <\/p>\n<p>Un parcours facile, adapt\u00e9 \u00e0 tous, qui m\u00e8ne \u00e0 San Bernardino, \u00e0 la d\u00e9couverte du &nbsp;<strong>Ciappo dei Ceci<\/strong>&nbsp;et du&nbsp;<strong>Ciappo delle Conche<\/strong>.<\/p>\n<p><strong>Que sont les Ciappi ?<\/strong>&nbsp;Il s&#8217;agit de grandes pierres sur lesquelles, \u00e0 l&#8217;\u00e9poque pr\u00e9historique (certains historiens parlent de l&#8217;\u00e2ge du fer), les premiers habitants de la r\u00e9gion de Finale ont grav\u00e9 des signes, creus\u00e9 des cupules et de petits canaux. \u00c0 quoi servaient-ils ? Peut-\u00eatre \u00e0 recueillir l&#8217;eau de pluie pour la faire s&#8217;\u00e9couler dans de petits abreuvoirs pour les animaux, peut-\u00eatre pour des rites propitiatoires.  <\/p>\n\t<div class=\"img has-hover x md-x lg-x y md-y lg-y\" id=\"image_1612797869\">\n\t\t\t\t\t\t\t\t<div class=\"img-inner dark\" >\n\t\t\t<img loading=\"lazy\" decoding=\"async\" width=\"1024\" height=\"632\" src=\"https:\/\/visitfinaleligure.it\/wp-content\/uploads\/2022\/12\/valponci-1024x632-1.jpg\" class=\"attachment-original size-original\" alt=\"\" srcset=\"https:\/\/visitfinaleligure.it\/wp-content\/uploads\/2022\/12\/valponci-1024x632-1.jpg 1024w, https:\/\/visitfinaleligure.it\/wp-content\/uploads\/2022\/12\/valponci-1024x632-1-300x185.jpg 300w, https:\/\/visitfinaleligure.it\/wp-content\/uploads\/2022\/12\/valponci-1024x632-1-768x474.jpg 768w\" sizes=\"auto, (max-width: 1024px) 100vw, 1024px\" \/>\t\t\t\t\t\t\n\t\t\t\t\t<\/div>\n\t\t\t\t\t\t\t\t\n<style>\n#image_1612797869 {\n  width: 100%;\n}\n<\/style>\n\t<\/div>\n\t\n\n<div class=\"wtbx_vc_text_element wtbx_vc_text_element-229494778 wtbx_display_block\">\n<div class=\"wtbx_vc_el_container wtbx_vc_text_element_container\">\n<div class=\"wtbx_text_element_content\">\n<div class=\"wtbx_text_element_inner\">&nbsp;<\/div>\n<\/div>\n<\/div>\n<\/div>\n<div class=\"wtbx_vc_text_element wtbx_vc_text_element-229494778 wtbx_display_block\">\n<div class=\"wtbx_vc_el_container wtbx_vc_text_element_container\">\n<div class=\"wtbx_text_element_content\">\n<div class=\"wtbx_text_element_inner\">\n<div class=\"wtbx_vc_text_element wtbx_vc_text_element-122882153 wtbx_display_block\">\n<div class=\"wtbx_vc_el_container wtbx_vc_text_element_container\">\n<div class=\"wtbx_text_element_content\">\n<div class=\"wtbx_text_element_inner\">\n<p>Pour ceux qui pr\u00e9f\u00e8rent l&#8217;histoire plus r\u00e9cente (fa\u00e7on de parler&#8230;), quoi de mieux qu&#8217;un tour, toujours en VTT, des &nbsp;<strong>ponts romains<\/strong>, cinq ponts, encore praticables, le long de l&#8217;ancienne voie Julia Augusta (13-12 av. J.-C.) qui reliait la Gaule cisalpine \u00e0 la Gaule transalpine \u00e0 travers la Ligurie d\u00e9sormais romanis\u00e9e ?<\/p>\n<p><em>En somme, p\u00e9daler \u00e0 travers l&#8217;histoire pour une exp\u00e9rience enrichissante !<\/em><\/p>\n<\/div>\n<\/div>\n<\/div>\n<\/div>\n<\/div>\n<\/div>\n<\/div>\n<\/div>\n<div class=\"row\"  id=\"row-493222532\">\n\n\n\t<div id=\"col-1497995500\" class=\"col medium-6 small-12 large-6\"  >\n\t\t\t\t<div class=\"col-inner\"  >\n\t\t\t\n\t\t\t\n\n\t<div class=\"img has-hover x md-x lg-x y md-y lg-y\" id=\"image_1696308888\">\n\t\t\t\t\t\t\t\t<div class=\"img-inner image-cover dark\" style=\"padding-top:75%;\">\n\t\t\t<img loading=\"lazy\" decoding=\"async\" width=\"768\" height=\"528\" src=\"https:\/\/visitfinaleligure.it\/wp-content\/uploads\/2023\/02\/3_SEN_Ciappi-SanBernardino-768x528-1.jpg\" class=\"attachment-original size-original\" alt=\"\" srcset=\"https:\/\/visitfinaleligure.it\/wp-content\/uploads\/2023\/02\/3_SEN_Ciappi-SanBernardino-768x528-1.jpg 768w, https:\/\/visitfinaleligure.it\/wp-content\/uploads\/2023\/02\/3_SEN_Ciappi-SanBernardino-768x528-1-300x206.jpg 300w\" sizes=\"auto, (max-width: 768px) 100vw, 768px\" \/>\t\t\t\t\t\t\n\t\t\t\t\t<\/div>\n\t\t\t\t\t\t\t\t\n<style>\n#image_1696308888 {\n  width: 100%;\n}\n<\/style>\n\t<\/div>\n\t\n\n\n\t\t<\/div>\n\t\t\t\t\t<\/div>\n\n\t\n\n\t<div id=\"col-927370512\" class=\"col medium-6 small-12 large-6\"  >\n\t\t\t\t<div class=\"col-inner\"  >\n\t\t\t\n\t\t\t\n\n\t<div class=\"img has-hover x md-x lg-x y md-y lg-y\" id=\"image_1620858114\">\n\t\t\t\t\t\t\t\t<div class=\"img-inner image-cover dark\" style=\"padding-top:75%;\">\n\t\t\t<img loading=\"lazy\" decoding=\"async\" width=\"768\" height=\"566\" src=\"https:\/\/visitfinaleligure.it\/wp-content\/uploads\/2023\/02\/ciappo_ceci_finale-768x566-1.png\" class=\"attachment-original size-original\" alt=\"\" srcset=\"https:\/\/visitfinaleligure.it\/wp-content\/uploads\/2023\/02\/ciappo_ceci_finale-768x566-1.png 768w, https:\/\/visitfinaleligure.it\/wp-content\/uploads\/2023\/02\/ciappo_ceci_finale-768x566-1-300x221.png 300w\" sizes=\"auto, (max-width: 768px) 100vw, 768px\" \/>\t\t\t\t\t\t\n\t\t\t\t\t<\/div>\n\t\t\t\t\t\t\t\t\n<style>\n#image_1620858114 {\n  width: 100%;\n}\n<\/style>\n\t<\/div>\n\t\n\n\n\t\t<\/div>\n\t\t\t\t\t<\/div>\n\n\t\n\n<\/div>\n\n\t\t<\/div>\n\t\t\t\t\n<style>\n#col-1464620550 > .col-inner {\n  margin: -30px 0px 0px 0px;\n}\n<\/style>\n\t<\/div>\n\n\t\n\n\t<div id=\"col-2125712167\" class=\"col hide-for-small medium-1 small-7 large-1\"  >\n\t\t\t\t<div class=\"col-inner text-left\"  >\n\t\t\t\n\t\t\t\n\n\n\t\t<\/div>\n\t\t\t\t\n<style>\n#col-2125712167 > .col-inner {\n  margin: 0px 0px 0px 0px;\n}\n<\/style>\n\t<\/div>\n\n\t\n\n<\/div>\n\n\t\t<\/div>\n\n\t\t\n<style>\n#section_1348159587 {\n  padding-top: 0px;\n  padding-bottom: 0px;\n}\n<\/style>\n\t<\/section>\n\t\n\n","protected":false},"excerpt":{"rendered":"","protected":false},"author":2,"featured_media":15163,"parent":15689,"menu_order":0,"comment_status":"closed","ping_status":"closed","template":"page-blank.php","meta":{"footnotes":""},"class_list":["post-15162","page","type-page","status-publish","has-post-thumbnail","hentry"],"yoast_head":"<!-- This site is optimized with the Yoast SEO plugin v27.3 - https:\/\/yoast.com\/product\/yoast-seo-wordpress\/ -->\n<title>Sur les traces de l&#039;histoire, \u00e0 v\u00e9lo - Visit Finale Ligure<\/title>\n<meta name=\"robots\" content=\"index, follow, max-snippet:-1, max-image-preview:large, max-video-preview:-1\" \/>\n<link rel=\"canonical\" href=\"https:\/\/visitfinaleligure.it\/fr\/que-faire-a-finale-ligure\/sur-les-traces-de-lhistoire-a-velo\/\" \/>\n<meta property=\"og:locale\" content=\"fr_FR\" \/>\n<meta property=\"og:type\" content=\"article\" \/>\n<meta property=\"og:title\" content=\"Sur les traces de l&#039;histoire, \u00e0 v\u00e9lo - Visit Finale Ligure\" \/>\n<meta property=\"og:url\" content=\"https:\/\/visitfinaleligure.it\/fr\/que-faire-a-finale-ligure\/sur-les-traces-de-lhistoire-a-velo\/\" \/>\n<meta property=\"og:site_name\" content=\"Visit Finale Ligure\" \/>\n<meta property=\"article:publisher\" content=\"https:\/\/www.facebook.com\/VisitFinaleLigure\" \/>\n<meta property=\"article:modified_time\" content=\"2025-11-04T08:36:46+00:00\" \/>\n<meta property=\"og:image\" content=\"https:\/\/visitfinaleligure.it\/wp-content\/uploads\/2023\/02\/FLOW_2018_226.jpg\" \/>\n\t<meta property=\"og:image:width\" content=\"1500\" \/>\n\t<meta property=\"og:image:height\" content=\"1000\" \/>\n\t<meta property=\"og:image:type\" content=\"image\/jpeg\" \/>\n<meta name=\"twitter:card\" content=\"summary_large_image\" \/>\n<meta name=\"twitter:label1\" content=\"Dur\u00e9e de lecture estim\u00e9e\" \/>\n\t<meta name=\"twitter:data1\" content=\"2 minutes\" \/>\n<script type=\"application\/ld+json\" class=\"yoast-schema-graph\">{\"@context\":\"https:\\\/\\\/schema.org\",\"@graph\":[{\"@type\":\"WebPage\",\"@id\":\"https:\\\/\\\/visitfinaleligure.it\\\/fr\\\/que-faire-a-finale-ligure\\\/sur-les-traces-de-lhistoire-a-velo\\\/\",\"url\":\"https:\\\/\\\/visitfinaleligure.it\\\/fr\\\/que-faire-a-finale-ligure\\\/sur-les-traces-de-lhistoire-a-velo\\\/\",\"name\":\"Sur les traces de l'histoire, \u00e0 v\u00e9lo - Visit Finale Ligure\",\"isPartOf\":{\"@id\":\"https:\\\/\\\/visitfinaleligure.it\\\/fr\\\/#website\"},\"primaryImageOfPage\":{\"@id\":\"https:\\\/\\\/visitfinaleligure.it\\\/fr\\\/que-faire-a-finale-ligure\\\/sur-les-traces-de-lhistoire-a-velo\\\/#primaryimage\"},\"image\":{\"@id\":\"https:\\\/\\\/visitfinaleligure.it\\\/fr\\\/que-faire-a-finale-ligure\\\/sur-les-traces-de-lhistoire-a-velo\\\/#primaryimage\"},\"thumbnailUrl\":\"https:\\\/\\\/visitfinaleligure.it\\\/wp-content\\\/uploads\\\/2023\\\/02\\\/FLOW_2018_226.jpg\",\"datePublished\":\"2023-02-01T11:10:42+00:00\",\"dateModified\":\"2025-11-04T08:36:46+00:00\",\"breadcrumb\":{\"@id\":\"https:\\\/\\\/visitfinaleligure.it\\\/fr\\\/que-faire-a-finale-ligure\\\/sur-les-traces-de-lhistoire-a-velo\\\/#breadcrumb\"},\"inLanguage\":\"fr-FR\",\"potentialAction\":[{\"@type\":\"ReadAction\",\"target\":[\"https:\\\/\\\/visitfinaleligure.it\\\/fr\\\/que-faire-a-finale-ligure\\\/sur-les-traces-de-lhistoire-a-velo\\\/\"]}]},{\"@type\":\"ImageObject\",\"inLanguage\":\"fr-FR\",\"@id\":\"https:\\\/\\\/visitfinaleligure.it\\\/fr\\\/que-faire-a-finale-ligure\\\/sur-les-traces-de-lhistoire-a-velo\\\/#primaryimage\",\"url\":\"https:\\\/\\\/visitfinaleligure.it\\\/wp-content\\\/uploads\\\/2023\\\/02\\\/FLOW_2018_226.jpg\",\"contentUrl\":\"https:\\\/\\\/visitfinaleligure.it\\\/wp-content\\\/uploads\\\/2023\\\/02\\\/FLOW_2018_226.jpg\",\"width\":1500,\"height\":1000,\"caption\":\"Archeobike sulle tracce degli antichi romani\"},{\"@type\":\"BreadcrumbList\",\"@id\":\"https:\\\/\\\/visitfinaleligure.it\\\/fr\\\/que-faire-a-finale-ligure\\\/sur-les-traces-de-lhistoire-a-velo\\\/#breadcrumb\",\"itemListElement\":[{\"@type\":\"ListItem\",\"position\":1,\"name\":\"Home\",\"item\":\"https:\\\/\\\/visitfinaleligure.it\\\/fr\\\/visitez-finale-ligure-site-touristique-officiel\\\/\"},{\"@type\":\"ListItem\",\"position\":2,\"name\":\"Que faire \u00e0 Finale Ligure\",\"item\":\"https:\\\/\\\/visitfinaleligure.it\\\/fr\\\/que-faire-a-finale-ligure\\\/\"},{\"@type\":\"ListItem\",\"position\":3,\"name\":\"Sur les traces de l&#8217;histoire, \u00e0 v\u00e9lo\"}]},{\"@type\":\"WebSite\",\"@id\":\"https:\\\/\\\/visitfinaleligure.it\\\/fr\\\/#website\",\"url\":\"https:\\\/\\\/visitfinaleligure.it\\\/fr\\\/\",\"name\":\"Visit Finale Ligure\",\"description\":\"My perfect place\",\"publisher\":{\"@id\":\"https:\\\/\\\/visitfinaleligure.it\\\/fr\\\/#organization\"},\"potentialAction\":[{\"@type\":\"SearchAction\",\"target\":{\"@type\":\"EntryPoint\",\"urlTemplate\":\"https:\\\/\\\/visitfinaleligure.it\\\/fr\\\/?s={search_term_string}\"},\"query-input\":{\"@type\":\"PropertyValueSpecification\",\"valueRequired\":true,\"valueName\":\"search_term_string\"}}],\"inLanguage\":\"fr-FR\"},{\"@type\":\"Organization\",\"@id\":\"https:\\\/\\\/visitfinaleligure.it\\\/fr\\\/#organization\",\"name\":\"Comune di Finale Ligure\",\"url\":\"https:\\\/\\\/visitfinaleligure.it\\\/fr\\\/\",\"logo\":{\"@type\":\"ImageObject\",\"inLanguage\":\"fr-FR\",\"@id\":\"https:\\\/\\\/visitfinaleligure.it\\\/fr\\\/#\\\/schema\\\/logo\\\/image\\\/\",\"url\":\"https:\\\/\\\/visitfinaleligure.it\\\/wp-content\\\/uploads\\\/2023\\\/04\\\/cropped-finaleligure-verticale-positivo-200x200-1.png\",\"contentUrl\":\"https:\\\/\\\/visitfinaleligure.it\\\/wp-content\\\/uploads\\\/2023\\\/04\\\/cropped-finaleligure-verticale-positivo-200x200-1.png\",\"width\":512,\"height\":512,\"caption\":\"Comune di Finale Ligure\"},\"image\":{\"@id\":\"https:\\\/\\\/visitfinaleligure.it\\\/fr\\\/#\\\/schema\\\/logo\\\/image\\\/\"},\"sameAs\":[\"https:\\\/\\\/www.facebook.com\\\/VisitFinaleLigure\",\"https:\\\/\\\/www.instagram.com\\\/visitfinale\\\/\",\"https:\\\/\\\/www.youtube.com\\\/channel\\\/UCLmoLfNmrAt9mSCll9egttw\"]}]}<\/script>\n<!-- \/ Yoast SEO plugin. -->","yoast_head_json":{"title":"Sur les traces de l'histoire, \u00e0 v\u00e9lo - Visit Finale Ligure","robots":{"index":"index","follow":"follow","max-snippet":"max-snippet:-1","max-image-preview":"max-image-preview:large","max-video-preview":"max-video-preview:-1"},"canonical":"https:\/\/visitfinaleligure.it\/fr\/que-faire-a-finale-ligure\/sur-les-traces-de-lhistoire-a-velo\/","og_locale":"fr_FR","og_type":"article","og_title":"Sur les traces de l'histoire, \u00e0 v\u00e9lo - Visit Finale Ligure","og_url":"https:\/\/visitfinaleligure.it\/fr\/que-faire-a-finale-ligure\/sur-les-traces-de-lhistoire-a-velo\/","og_site_name":"Visit Finale Ligure","article_publisher":"https:\/\/www.facebook.com\/VisitFinaleLigure","article_modified_time":"2025-11-04T08:36:46+00:00","og_image":[{"width":1500,"height":1000,"url":"https:\/\/visitfinaleligure.it\/wp-content\/uploads\/2023\/02\/FLOW_2018_226.jpg","type":"image\/jpeg"}],"twitter_card":"summary_large_image","twitter_misc":{"Dur\u00e9e de lecture estim\u00e9e":"2 minutes"},"schema":{"@context":"https:\/\/schema.org","@graph":[{"@type":"WebPage","@id":"https:\/\/visitfinaleligure.it\/fr\/que-faire-a-finale-ligure\/sur-les-traces-de-lhistoire-a-velo\/","url":"https:\/\/visitfinaleligure.it\/fr\/que-faire-a-finale-ligure\/sur-les-traces-de-lhistoire-a-velo\/","name":"Sur les traces de l'histoire, \u00e0 v\u00e9lo - Visit Finale Ligure","isPartOf":{"@id":"https:\/\/visitfinaleligure.it\/fr\/#website"},"primaryImageOfPage":{"@id":"https:\/\/visitfinaleligure.it\/fr\/que-faire-a-finale-ligure\/sur-les-traces-de-lhistoire-a-velo\/#primaryimage"},"image":{"@id":"https:\/\/visitfinaleligure.it\/fr\/que-faire-a-finale-ligure\/sur-les-traces-de-lhistoire-a-velo\/#primaryimage"},"thumbnailUrl":"https:\/\/visitfinaleligure.it\/wp-content\/uploads\/2023\/02\/FLOW_2018_226.jpg","datePublished":"2023-02-01T11:10:42+00:00","dateModified":"2025-11-04T08:36:46+00:00","breadcrumb":{"@id":"https:\/\/visitfinaleligure.it\/fr\/que-faire-a-finale-ligure\/sur-les-traces-de-lhistoire-a-velo\/#breadcrumb"},"inLanguage":"fr-FR","potentialAction":[{"@type":"ReadAction","target":["https:\/\/visitfinaleligure.it\/fr\/que-faire-a-finale-ligure\/sur-les-traces-de-lhistoire-a-velo\/"]}]},{"@type":"ImageObject","inLanguage":"fr-FR","@id":"https:\/\/visitfinaleligure.it\/fr\/que-faire-a-finale-ligure\/sur-les-traces-de-lhistoire-a-velo\/#primaryimage","url":"https:\/\/visitfinaleligure.it\/wp-content\/uploads\/2023\/02\/FLOW_2018_226.jpg","contentUrl":"https:\/\/visitfinaleligure.it\/wp-content\/uploads\/2023\/02\/FLOW_2018_226.jpg","width":1500,"height":1000,"caption":"Archeobike sulle tracce degli antichi romani"},{"@type":"BreadcrumbList","@id":"https:\/\/visitfinaleligure.it\/fr\/que-faire-a-finale-ligure\/sur-les-traces-de-lhistoire-a-velo\/#breadcrumb","itemListElement":[{"@type":"ListItem","position":1,"name":"Home","item":"https:\/\/visitfinaleligure.it\/fr\/visitez-finale-ligure-site-touristique-officiel\/"},{"@type":"ListItem","position":2,"name":"Que faire \u00e0 Finale Ligure","item":"https:\/\/visitfinaleligure.it\/fr\/que-faire-a-finale-ligure\/"},{"@type":"ListItem","position":3,"name":"Sur les traces de l&#8217;histoire, \u00e0 v\u00e9lo"}]},{"@type":"WebSite","@id":"https:\/\/visitfinaleligure.it\/fr\/#website","url":"https:\/\/visitfinaleligure.it\/fr\/","name":"Visit Finale Ligure","description":"My perfect place","publisher":{"@id":"https:\/\/visitfinaleligure.it\/fr\/#organization"},"potentialAction":[{"@type":"SearchAction","target":{"@type":"EntryPoint","urlTemplate":"https:\/\/visitfinaleligure.it\/fr\/?s={search_term_string}"},"query-input":{"@type":"PropertyValueSpecification","valueRequired":true,"valueName":"search_term_string"}}],"inLanguage":"fr-FR"},{"@type":"Organization","@id":"https:\/\/visitfinaleligure.it\/fr\/#organization","name":"Comune di Finale Ligure","url":"https:\/\/visitfinaleligure.it\/fr\/","logo":{"@type":"ImageObject","inLanguage":"fr-FR","@id":"https:\/\/visitfinaleligure.it\/fr\/#\/schema\/logo\/image\/","url":"https:\/\/visitfinaleligure.it\/wp-content\/uploads\/2023\/04\/cropped-finaleligure-verticale-positivo-200x200-1.png","contentUrl":"https:\/\/visitfinaleligure.it\/wp-content\/uploads\/2023\/04\/cropped-finaleligure-verticale-positivo-200x200-1.png","width":512,"height":512,"caption":"Comune di Finale Ligure"},"image":{"@id":"https:\/\/visitfinaleligure.it\/fr\/#\/schema\/logo\/image\/"},"sameAs":["https:\/\/www.facebook.com\/VisitFinaleLigure","https:\/\/www.instagram.com\/visitfinale\/","https:\/\/www.youtube.com\/channel\/UCLmoLfNmrAt9mSCll9egttw"]}]}},"_links":{"self":[{"href":"https:\/\/visitfinaleligure.it\/fr\/wp-json\/wp\/v2\/pages\/15162","targetHints":{"allow":["GET"]}}],"collection":[{"href":"https:\/\/visitfinaleligure.it\/fr\/wp-json\/wp\/v2\/pages"}],"about":[{"href":"https:\/\/visitfinaleligure.it\/fr\/wp-json\/wp\/v2\/types\/page"}],"author":[{"embeddable":true,"href":"https:\/\/visitfinaleligure.it\/fr\/wp-json\/wp\/v2\/users\/2"}],"replies":[{"embeddable":true,"href":"https:\/\/visitfinaleligure.it\/fr\/wp-json\/wp\/v2\/comments?post=15162"}],"version-history":[{"count":1,"href":"https:\/\/visitfinaleligure.it\/fr\/wp-json\/wp\/v2\/pages\/15162\/revisions"}],"predecessor-version":[{"id":15164,"href":"https:\/\/visitfinaleligure.it\/fr\/wp-json\/wp\/v2\/pages\/15162\/revisions\/15164"}],"up":[{"embeddable":true,"href":"https:\/\/visitfinaleligure.it\/fr\/wp-json\/wp\/v2\/pages\/15689"}],"wp:featuredmedia":[{"embeddable":true,"href":"https:\/\/visitfinaleligure.it\/fr\/wp-json\/wp\/v2\/media\/15163"}],"wp:attachment":[{"href":"https:\/\/visitfinaleligure.it\/fr\/wp-json\/wp\/v2\/media?parent=15162"}],"curies":[{"name":"wp","href":"https:\/\/api.w.org\/{rel}","templated":true}]}}