{"id":15174,"date":"2023-01-30T15:58:31","date_gmt":"2023-01-30T14:58:31","guid":{"rendered":"https:\/\/visitfinaleligure.it\/une-excursion-en-vtt-dans-la-region-finale-outdoor\/"},"modified":"2026-02-04T12:00:58","modified_gmt":"2026-02-04T11:00:58","slug":"une-excursion-en-vtt-dans-la-region-finale-outdoor","status":"publish","type":"page","link":"https:\/\/visitfinaleligure.it\/fr\/que-faire-a-finale-ligure\/une-excursion-en-vtt-dans-la-region-finale-outdoor\/","title":{"rendered":"Une excursion en VTT dans la r\u00e9gion Finale Outdoor"},"content":{"rendered":"\n\n\t<section class=\"section\" id=\"section_1252638195\">\n\t\t<div class=\"section-bg fill\" >\n\t\t\t\t\t\t\t\t\t\n\t\t\t\n\n\t\t<\/div>\n\n\t\t\n\n\t\t<div class=\"section-content relative\">\n\t\t\t\n\n\t<div class=\"img has-hover x md-x lg-x y md-y lg-y\" id=\"image_1722481997\">\n\t\t\t\t\t\t\t\t<div class=\"img-inner image-cover dark\" style=\"padding-top:40%;\">\n\t\t\t<img loading=\"lazy\" decoding=\"async\" width=\"1280\" height=\"854\" src=\"https:\/\/visitfinaleligure.it\/wp-content\/uploads\/2024\/03\/Tre-amici-ascoltano-listruttore-su-un-sentiero-per-mountain-bike-di-Finale-Ligure.jpg\" class=\"attachment-original size-original\" alt=\"Tre amici ascoltano l&#039;istruttore su un sentiero per mountain bike di Finale Ligure outdoor\" srcset=\"https:\/\/visitfinaleligure.it\/wp-content\/uploads\/2024\/03\/Tre-amici-ascoltano-listruttore-su-un-sentiero-per-mountain-bike-di-Finale-Ligure.jpg 1280w, https:\/\/visitfinaleligure.it\/wp-content\/uploads\/2024\/03\/Tre-amici-ascoltano-listruttore-su-un-sentiero-per-mountain-bike-di-Finale-Ligure-300x200.jpg 300w, https:\/\/visitfinaleligure.it\/wp-content\/uploads\/2024\/03\/Tre-amici-ascoltano-listruttore-su-un-sentiero-per-mountain-bike-di-Finale-Ligure-1024x683.jpg 1024w, https:\/\/visitfinaleligure.it\/wp-content\/uploads\/2024\/03\/Tre-amici-ascoltano-listruttore-su-un-sentiero-per-mountain-bike-di-Finale-Ligure-768x512.jpg 768w\" sizes=\"auto, (max-width: 1280px) 100vw, 1280px\" \/>\t\t\t\t\t\t\n\t\t\t\t\t<\/div>\n\t\t\t\t\t\t\t\t\n<style>\n#image_1722481997 {\n  width: 100%;\n}\n<\/style>\n\t<\/div>\n\t\n\n\n\t\t<\/div>\n\n\t\t\n<style>\n#section_1252638195 {\n  padding-top: 30px;\n  padding-bottom: 30px;\n}\n<\/style>\n\t<\/section>\n\t\n\n\t<section class=\"section\" id=\"section_865531204\">\n\t\t<div class=\"section-bg fill\" >\n\t\t\t\t\t\t\t\t\t\n\t\t\t\n\n\t\t<\/div>\n\n\t\t\n\n\t\t<div class=\"section-content relative\">\n\t\t\t\n\n<div class=\"row\"  id=\"row-1375792963\">\n\n\n\t<div id=\"col-2082932249\" class=\"col hide-for-small medium-1 small-12 large-1\"  >\n\t\t\t\t<div class=\"col-inner text-left\"  >\n\t\t\t\n\t\t\t\n\n\n\t\t<\/div>\n\t\t\t\t\n<style>\n#col-2082932249 > .col-inner {\n  margin: 0px 0px 0px 0px;\n}\n<\/style>\n\t<\/div>\n\n\t\n\n\t<div id=\"col-2047627222\" class=\"col medium-10 small-12 large-10\"  >\n\t\t\t\t<div class=\"col-inner text-left\"  >\n\t\t\t\n\t\t\t\n\n\t<div id=\"text-2566297150\" class=\"text testi-titolo\">\n\t\t\n\n<h1 class=\"testi-titolo\" style=\"text-align: left;\"><strong>Une excursion en VTT dans la r\u00e9gion Finale Outdoor Region<br><br><\/strong><\/h1>\n\t\t\n<style>\n#text-2566297150 {\n  font-size: 1rem;\n  text-align: left;\n  color: rgb(0, 0, 0);\n}\n#text-2566297150 > * {\n  color: rgb(0, 0, 0);\n}\n<\/style>\n\t<\/div>\n\t\n\t<div id=\"text-2091654811\" class=\"text testi-body\">\n\t\t\n\n<p><strong>Rouler \u00e0 v\u00e9lo dans la Finale Outdoor Region est une exp\u00e9rience qui s\u00e9duit imm\u00e9diatement <\/strong>:<strong> plus de 130 sentiers<\/strong> dessinent une mosa\u00efque d&#8217;\u00e9motions qui va des for\u00eats denses de h\u00eatres et de ch\u00e2taigniers, \u00e0 mille m\u00e8tres d&#8217;altitude, au maquis m\u00e9diterran\u00e9en avec la mer en toile de fond.<\/p>\n<p>Que vous souhaitiez vous attaquer aux sentiers les plus c\u00e9l\u00e8bres sur votre VTT ou vous en remettre \u00e0 un guide exp\u00e9riment\u00e9 pour apprendre les secrets de ce sport, chaque parcours a quelque chose de sp\u00e9cial \u00e0 offrir.<\/p>\n<p>De Caprazoppa \u00e0 San Bernardino, de Melogno \u00e0 Manie, <strong>chaque sentier raconte une histoire diff\u00e9rente, faite de nature, de panoramas spectaculaires et d&#8217;adr\u00e9naline<\/strong><br>\u00cates-vous pr\u00eat \u00e0 les d\u00e9couvrir ? Commencez <a href=\"https:\/\/visitfinaleligure.it\/outdoor\/finale-ligure-mtb\/\">ici<\/a>.<\/p>\n\t\t\t<\/div>\n\t\n\t<div id=\"gap-432438588\" class=\"gap-element clearfix\" style=\"display:block; height:auto;\">\n\t\t\n<style>\n#gap-432438588 {\n  padding-top: 50px;\n}\n<\/style>\n\t<\/div>\n\t\n\n<div class=\"row\"  id=\"row-398775563\">\n\n\n\t<div id=\"col-1054848198\" class=\"col small-12 large-12\"  >\n\t\t\t\t<div class=\"col-inner\"  >\n\t\t\t\n\t\t\t\n\n\n  \n    <div id=\"gallery-1893331489\" class=\"row large-columns-4 medium-columns-4 small-columns-2 row-collapse row-full-width row-masonry\" data-packery-options='{\"itemSelector\": \".col\", \"gutter\": 0, \"presentageWidth\" : true}'>\n\n  <div class=\"gallery-col col\" >\n          <div class=\"col-inner\">\n            <a class=\"image-lightbox lightbox-gallery\" href=\"https:\/\/visitfinaleligure.it\/wp-content\/uploads\/2023\/08\/6-Outdoor-estate_1-1024x682.jpg\" title=\"\">            <div class=\"box has-hover gallery-box box-overlay dark\">\n              <div class=\"box-image\" >\n                <img loading=\"lazy\" decoding=\"async\" width=\"1280\" height=\"853\" src=\"https:\/\/visitfinaleligure.it\/wp-content\/uploads\/2023\/08\/6-Outdoor-estate_1.jpg\" class=\"attachment-original size-original\" alt=\"\" ids=\"10111,10117,11553,9054\" type=\"masonry\" col_spacing=\"collapse\" columns__md=\"4\" image_size=\"original\" srcset=\"https:\/\/visitfinaleligure.it\/wp-content\/uploads\/2023\/08\/6-Outdoor-estate_1.jpg 1280w, https:\/\/visitfinaleligure.it\/wp-content\/uploads\/2023\/08\/6-Outdoor-estate_1-300x200.jpg 300w, https:\/\/visitfinaleligure.it\/wp-content\/uploads\/2023\/08\/6-Outdoor-estate_1-1024x682.jpg 1024w, https:\/\/visitfinaleligure.it\/wp-content\/uploads\/2023\/08\/6-Outdoor-estate_1-768x512.jpg 768w\" sizes=\"auto, (max-width: 1280px) 100vw, 1280px\" \/>                                  <div class=\"overlay fill\"\n                      style=\"background-color: rgba(0,0,0,.15)\">\n                  <\/div>\n                                                              <\/div>\n              <div class=\"box-text text-left\" >\n                 <p><\/p>\n              <\/div>\n            <\/div>\n            <\/a>          <\/div>\n         <\/div><div class=\"gallery-col col\" >\n          <div class=\"col-inner\">\n            <a class=\"image-lightbox lightbox-gallery\" href=\"https:\/\/visitfinaleligure.it\/wp-content\/uploads\/2023\/08\/6-Outdoor-estate_3-1024x682.jpg\" title=\"\">            <div class=\"box has-hover gallery-box box-overlay dark\">\n              <div class=\"box-image\" >\n                <img loading=\"lazy\" decoding=\"async\" width=\"1280\" height=\"853\" src=\"https:\/\/visitfinaleligure.it\/wp-content\/uploads\/2023\/08\/6-Outdoor-estate_3.jpg\" class=\"attachment-original size-original\" alt=\"\" ids=\"10111,10117,11553,9054\" type=\"masonry\" col_spacing=\"collapse\" columns__md=\"4\" image_size=\"original\" srcset=\"https:\/\/visitfinaleligure.it\/wp-content\/uploads\/2023\/08\/6-Outdoor-estate_3.jpg 1280w, https:\/\/visitfinaleligure.it\/wp-content\/uploads\/2023\/08\/6-Outdoor-estate_3-300x200.jpg 300w, https:\/\/visitfinaleligure.it\/wp-content\/uploads\/2023\/08\/6-Outdoor-estate_3-1024x682.jpg 1024w, https:\/\/visitfinaleligure.it\/wp-content\/uploads\/2023\/08\/6-Outdoor-estate_3-768x512.jpg 768w\" sizes=\"auto, (max-width: 1280px) 100vw, 1280px\" \/>                                  <div class=\"overlay fill\"\n                      style=\"background-color: rgba(0,0,0,.15)\">\n                  <\/div>\n                                                              <\/div>\n              <div class=\"box-text text-left\" >\n                 <p><\/p>\n              <\/div>\n            <\/div>\n            <\/a>          <\/div>\n         <\/div><div class=\"gallery-col col\" >\n          <div class=\"col-inner\">\n            <a class=\"image-lightbox lightbox-gallery\" href=\"https:\/\/visitfinaleligure.it\/wp-content\/uploads\/2024\/04\/Dentro-il-paesaggio-unico-di-Finale_la-macchia-mediterranea_la-Baia-dei-Saraceni-e-Punta-Crena_la-vastita-del-mare-e-lIsola-Gallinara-sullo-sfondo.jpg\" title=\"\">            <div class=\"box has-hover gallery-box box-overlay dark\">\n              <div class=\"box-image\" >\n                <img loading=\"lazy\" decoding=\"async\" width=\"800\" height=\"534\" src=\"https:\/\/visitfinaleligure.it\/wp-content\/uploads\/2024\/04\/Dentro-il-paesaggio-unico-di-Finale_la-macchia-mediterranea_la-Baia-dei-Saraceni-e-Punta-Crena_la-vastita-del-mare-e-lIsola-Gallinara-sullo-sfondo.jpg\" class=\"attachment-original size-original\" alt=\"\" ids=\"10111,10117,11553,9054\" type=\"masonry\" col_spacing=\"collapse\" columns__md=\"4\" image_size=\"original\" srcset=\"https:\/\/visitfinaleligure.it\/wp-content\/uploads\/2024\/04\/Dentro-il-paesaggio-unico-di-Finale_la-macchia-mediterranea_la-Baia-dei-Saraceni-e-Punta-Crena_la-vastita-del-mare-e-lIsola-Gallinara-sullo-sfondo.jpg 800w, https:\/\/visitfinaleligure.it\/wp-content\/uploads\/2024\/04\/Dentro-il-paesaggio-unico-di-Finale_la-macchia-mediterranea_la-Baia-dei-Saraceni-e-Punta-Crena_la-vastita-del-mare-e-lIsola-Gallinara-sullo-sfondo-300x200.jpg 300w, https:\/\/visitfinaleligure.it\/wp-content\/uploads\/2024\/04\/Dentro-il-paesaggio-unico-di-Finale_la-macchia-mediterranea_la-Baia-dei-Saraceni-e-Punta-Crena_la-vastita-del-mare-e-lIsola-Gallinara-sullo-sfondo-768x513.jpg 768w\" sizes=\"auto, (max-width: 800px) 100vw, 800px\" \/>                                  <div class=\"overlay fill\"\n                      style=\"background-color: rgba(0,0,0,.15)\">\n                  <\/div>\n                                                              <\/div>\n              <div class=\"box-text text-left\" >\n                 <p><\/p>\n              <\/div>\n            <\/div>\n            <\/a>          <\/div>\n         <\/div><div class=\"gallery-col col\" >\n          <div class=\"col-inner\">\n            <a class=\"image-lightbox lightbox-gallery\" href=\"https:\/\/visitfinaleligure.it\/wp-content\/uploads\/2023\/06\/Bikers-2-1-1-1024x684.jpg\" title=\"\">            <div class=\"box has-hover gallery-box box-overlay dark\">\n              <div class=\"box-image\" >\n                <img loading=\"lazy\" decoding=\"async\" width=\"1979\" height=\"1321\" src=\"https:\/\/visitfinaleligure.it\/wp-content\/uploads\/2023\/06\/Bikers-2-1-1.jpg\" class=\"attachment-original size-original\" alt=\"\" ids=\"10111,10117,11553,9054\" type=\"masonry\" col_spacing=\"collapse\" columns__md=\"4\" image_size=\"original\" srcset=\"https:\/\/visitfinaleligure.it\/wp-content\/uploads\/2023\/06\/Bikers-2-1-1.jpg 1979w, https:\/\/visitfinaleligure.it\/wp-content\/uploads\/2023\/06\/Bikers-2-1-1-300x200.jpg 300w, https:\/\/visitfinaleligure.it\/wp-content\/uploads\/2023\/06\/Bikers-2-1-1-1024x684.jpg 1024w, https:\/\/visitfinaleligure.it\/wp-content\/uploads\/2023\/06\/Bikers-2-1-1-768x513.jpg 768w, https:\/\/visitfinaleligure.it\/wp-content\/uploads\/2023\/06\/Bikers-2-1-1-1536x1025.jpg 1536w\" sizes=\"auto, (max-width: 1979px) 100vw, 1979px\" \/>                                  <div class=\"overlay fill\"\n                      style=\"background-color: rgba(0,0,0,.15)\">\n                  <\/div>\n                                                              <\/div>\n              <div class=\"box-text text-left\" >\n                 <p><\/p>\n              <\/div>\n            <\/div>\n            <\/a>          <\/div>\n         <\/div><\/div>\n\n\n\t\t<\/div>\n\t\t\t\t\t<\/div>\n\n\t\n\n<\/div>\n\n\t\t<\/div>\n\t\t\t\t\n<style>\n#col-2047627222 > .col-inner {\n  margin: -30px 0px 0px 0px;\n}\n<\/style>\n\t<\/div>\n\n\t\n\n\t<div id=\"col-1015063478\" class=\"col hide-for-small medium-1 small-7 large-1\"  >\n\t\t\t\t<div class=\"col-inner text-left\"  >\n\t\t\t\n\t\t\t\n\n\n\t\t<\/div>\n\t\t\t\t\n<style>\n#col-1015063478 > .col-inner {\n  margin: 0px 0px 0px 0px;\n}\n<\/style>\n\t<\/div>\n\n\t\n\n<\/div>\n\n\t\t<\/div>\n\n\t\t\n<style>\n#section_865531204 {\n  padding-top: 30px;\n  padding-bottom: 30px;\n}\n<\/style>\n\t<\/section>\n\t\n\n","protected":false},"excerpt":{"rendered":"","protected":false},"author":2,"featured_media":15175,"parent":15689,"menu_order":0,"comment_status":"closed","ping_status":"closed","template":"page-blank.php","meta":{"footnotes":""},"class_list":["post-15174","page","type-page","status-publish","has-post-thumbnail","hentry"],"yoast_head":"<!-- This site is optimized with the Yoast SEO plugin v27.3 - https:\/\/yoast.com\/product\/yoast-seo-wordpress\/ -->\n<title>Excursions sous-marines - Visit Finale Ligure<\/title>\n<meta name=\"robots\" content=\"index, follow, max-snippet:-1, max-image-preview:large, max-video-preview:-1\" \/>\n<link rel=\"canonical\" href=\"https:\/\/visitfinaleligure.it\/fr\/que-faire-a-finale-ligure\/une-excursion-en-vtt-dans-la-region-finale-outdoor\/\" \/>\n<meta property=\"og:locale\" content=\"fr_FR\" \/>\n<meta property=\"og:type\" content=\"article\" \/>\n<meta property=\"og:title\" content=\"Excursions sous-marines - Visit Finale Ligure\" \/>\n<meta property=\"og:url\" content=\"https:\/\/visitfinaleligure.it\/fr\/que-faire-a-finale-ligure\/une-excursion-en-vtt-dans-la-region-finale-outdoor\/\" \/>\n<meta property=\"og:site_name\" content=\"Visit Finale Ligure\" \/>\n<meta property=\"article:publisher\" content=\"https:\/\/www.facebook.com\/VisitFinaleLigure\" \/>\n<meta property=\"article:modified_time\" content=\"2026-02-04T11:00:58+00:00\" \/>\n<meta property=\"og:image\" content=\"https:\/\/visitfinaleligure.it\/wp-content\/uploads\/2022\/12\/click-1024x632-1.webp\" \/>\n\t<meta property=\"og:image:width\" content=\"1024\" \/>\n\t<meta property=\"og:image:height\" content=\"632\" \/>\n\t<meta property=\"og:image:type\" content=\"image\/webp\" \/>\n<meta name=\"twitter:card\" content=\"summary_large_image\" \/>\n<meta name=\"twitter:label1\" content=\"Dur\u00e9e de lecture estim\u00e9e\" \/>\n\t<meta name=\"twitter:data1\" content=\"1 minute\" \/>\n<script type=\"application\/ld+json\" class=\"yoast-schema-graph\">{\"@context\":\"https:\\\/\\\/schema.org\",\"@graph\":[{\"@type\":\"WebPage\",\"@id\":\"https:\\\/\\\/visitfinaleligure.it\\\/fr\\\/que-faire-a-finale-ligure\\\/une-excursion-en-vtt-dans-la-region-finale-outdoor\\\/\",\"url\":\"https:\\\/\\\/visitfinaleligure.it\\\/fr\\\/que-faire-a-finale-ligure\\\/une-excursion-en-vtt-dans-la-region-finale-outdoor\\\/\",\"name\":\"Excursions sous-marines - Visit Finale Ligure\",\"isPartOf\":{\"@id\":\"https:\\\/\\\/visitfinaleligure.it\\\/fr\\\/#website\"},\"primaryImageOfPage\":{\"@id\":\"https:\\\/\\\/visitfinaleligure.it\\\/fr\\\/que-faire-a-finale-ligure\\\/une-excursion-en-vtt-dans-la-region-finale-outdoor\\\/#primaryimage\"},\"image\":{\"@id\":\"https:\\\/\\\/visitfinaleligure.it\\\/fr\\\/que-faire-a-finale-ligure\\\/une-excursion-en-vtt-dans-la-region-finale-outdoor\\\/#primaryimage\"},\"thumbnailUrl\":\"https:\\\/\\\/visitfinaleligure.it\\\/wp-content\\\/uploads\\\/2022\\\/12\\\/click-1024x632-1.webp\",\"datePublished\":\"2023-01-30T14:58:31+00:00\",\"dateModified\":\"2026-02-04T11:00:58+00:00\",\"breadcrumb\":{\"@id\":\"https:\\\/\\\/visitfinaleligure.it\\\/fr\\\/que-faire-a-finale-ligure\\\/une-excursion-en-vtt-dans-la-region-finale-outdoor\\\/#breadcrumb\"},\"inLanguage\":\"fr-FR\",\"potentialAction\":[{\"@type\":\"ReadAction\",\"target\":[\"https:\\\/\\\/visitfinaleligure.it\\\/fr\\\/que-faire-a-finale-ligure\\\/une-excursion-en-vtt-dans-la-region-finale-outdoor\\\/\"]}]},{\"@type\":\"ImageObject\",\"inLanguage\":\"fr-FR\",\"@id\":\"https:\\\/\\\/visitfinaleligure.it\\\/fr\\\/que-faire-a-finale-ligure\\\/une-excursion-en-vtt-dans-la-region-finale-outdoor\\\/#primaryimage\",\"url\":\"https:\\\/\\\/visitfinaleligure.it\\\/wp-content\\\/uploads\\\/2022\\\/12\\\/click-1024x632-1.webp\",\"contentUrl\":\"https:\\\/\\\/visitfinaleligure.it\\\/wp-content\\\/uploads\\\/2022\\\/12\\\/click-1024x632-1.webp\",\"width\":1024,\"height\":632,\"caption\":\"Escursioni subacquee\"},{\"@type\":\"BreadcrumbList\",\"@id\":\"https:\\\/\\\/visitfinaleligure.it\\\/fr\\\/que-faire-a-finale-ligure\\\/une-excursion-en-vtt-dans-la-region-finale-outdoor\\\/#breadcrumb\",\"itemListElement\":[{\"@type\":\"ListItem\",\"position\":1,\"name\":\"Home\",\"item\":\"https:\\\/\\\/visitfinaleligure.it\\\/fr\\\/visitez-finale-ligure-site-touristique-officiel\\\/\"},{\"@type\":\"ListItem\",\"position\":2,\"name\":\"Que faire \u00e0 Finale Ligure\",\"item\":\"https:\\\/\\\/visitfinaleligure.it\\\/fr\\\/que-faire-a-finale-ligure\\\/\"},{\"@type\":\"ListItem\",\"position\":3,\"name\":\"Une excursion en VTT dans la r\u00e9gion Finale Outdoor\"}]},{\"@type\":\"WebSite\",\"@id\":\"https:\\\/\\\/visitfinaleligure.it\\\/fr\\\/#website\",\"url\":\"https:\\\/\\\/visitfinaleligure.it\\\/fr\\\/\",\"name\":\"Visit Finale Ligure\",\"description\":\"My perfect place\",\"publisher\":{\"@id\":\"https:\\\/\\\/visitfinaleligure.it\\\/fr\\\/#organization\"},\"potentialAction\":[{\"@type\":\"SearchAction\",\"target\":{\"@type\":\"EntryPoint\",\"urlTemplate\":\"https:\\\/\\\/visitfinaleligure.it\\\/fr\\\/?s={search_term_string}\"},\"query-input\":{\"@type\":\"PropertyValueSpecification\",\"valueRequired\":true,\"valueName\":\"search_term_string\"}}],\"inLanguage\":\"fr-FR\"},{\"@type\":\"Organization\",\"@id\":\"https:\\\/\\\/visitfinaleligure.it\\\/fr\\\/#organization\",\"name\":\"Comune di Finale Ligure\",\"url\":\"https:\\\/\\\/visitfinaleligure.it\\\/fr\\\/\",\"logo\":{\"@type\":\"ImageObject\",\"inLanguage\":\"fr-FR\",\"@id\":\"https:\\\/\\\/visitfinaleligure.it\\\/fr\\\/#\\\/schema\\\/logo\\\/image\\\/\",\"url\":\"https:\\\/\\\/visitfinaleligure.it\\\/wp-content\\\/uploads\\\/2023\\\/04\\\/cropped-finaleligure-verticale-positivo-200x200-1.png\",\"contentUrl\":\"https:\\\/\\\/visitfinaleligure.it\\\/wp-content\\\/uploads\\\/2023\\\/04\\\/cropped-finaleligure-verticale-positivo-200x200-1.png\",\"width\":512,\"height\":512,\"caption\":\"Comune di Finale Ligure\"},\"image\":{\"@id\":\"https:\\\/\\\/visitfinaleligure.it\\\/fr\\\/#\\\/schema\\\/logo\\\/image\\\/\"},\"sameAs\":[\"https:\\\/\\\/www.facebook.com\\\/VisitFinaleLigure\",\"https:\\\/\\\/www.instagram.com\\\/visitfinale\\\/\",\"https:\\\/\\\/www.youtube.com\\\/channel\\\/UCLmoLfNmrAt9mSCll9egttw\"]}]}<\/script>\n<!-- \/ Yoast SEO plugin. -->","yoast_head_json":{"title":"Excursions sous-marines - Visit Finale Ligure","robots":{"index":"index","follow":"follow","max-snippet":"max-snippet:-1","max-image-preview":"max-image-preview:large","max-video-preview":"max-video-preview:-1"},"canonical":"https:\/\/visitfinaleligure.it\/fr\/que-faire-a-finale-ligure\/une-excursion-en-vtt-dans-la-region-finale-outdoor\/","og_locale":"fr_FR","og_type":"article","og_title":"Excursions sous-marines - Visit Finale Ligure","og_url":"https:\/\/visitfinaleligure.it\/fr\/que-faire-a-finale-ligure\/une-excursion-en-vtt-dans-la-region-finale-outdoor\/","og_site_name":"Visit Finale Ligure","article_publisher":"https:\/\/www.facebook.com\/VisitFinaleLigure","article_modified_time":"2026-02-04T11:00:58+00:00","og_image":[{"width":1024,"height":632,"url":"https:\/\/visitfinaleligure.it\/wp-content\/uploads\/2022\/12\/click-1024x632-1.webp","type":"image\/webp"}],"twitter_card":"summary_large_image","twitter_misc":{"Dur\u00e9e de lecture estim\u00e9e":"1 minute"},"schema":{"@context":"https:\/\/schema.org","@graph":[{"@type":"WebPage","@id":"https:\/\/visitfinaleligure.it\/fr\/que-faire-a-finale-ligure\/une-excursion-en-vtt-dans-la-region-finale-outdoor\/","url":"https:\/\/visitfinaleligure.it\/fr\/que-faire-a-finale-ligure\/une-excursion-en-vtt-dans-la-region-finale-outdoor\/","name":"Excursions sous-marines - Visit Finale Ligure","isPartOf":{"@id":"https:\/\/visitfinaleligure.it\/fr\/#website"},"primaryImageOfPage":{"@id":"https:\/\/visitfinaleligure.it\/fr\/que-faire-a-finale-ligure\/une-excursion-en-vtt-dans-la-region-finale-outdoor\/#primaryimage"},"image":{"@id":"https:\/\/visitfinaleligure.it\/fr\/que-faire-a-finale-ligure\/une-excursion-en-vtt-dans-la-region-finale-outdoor\/#primaryimage"},"thumbnailUrl":"https:\/\/visitfinaleligure.it\/wp-content\/uploads\/2022\/12\/click-1024x632-1.webp","datePublished":"2023-01-30T14:58:31+00:00","dateModified":"2026-02-04T11:00:58+00:00","breadcrumb":{"@id":"https:\/\/visitfinaleligure.it\/fr\/que-faire-a-finale-ligure\/une-excursion-en-vtt-dans-la-region-finale-outdoor\/#breadcrumb"},"inLanguage":"fr-FR","potentialAction":[{"@type":"ReadAction","target":["https:\/\/visitfinaleligure.it\/fr\/que-faire-a-finale-ligure\/une-excursion-en-vtt-dans-la-region-finale-outdoor\/"]}]},{"@type":"ImageObject","inLanguage":"fr-FR","@id":"https:\/\/visitfinaleligure.it\/fr\/que-faire-a-finale-ligure\/une-excursion-en-vtt-dans-la-region-finale-outdoor\/#primaryimage","url":"https:\/\/visitfinaleligure.it\/wp-content\/uploads\/2022\/12\/click-1024x632-1.webp","contentUrl":"https:\/\/visitfinaleligure.it\/wp-content\/uploads\/2022\/12\/click-1024x632-1.webp","width":1024,"height":632,"caption":"Escursioni subacquee"},{"@type":"BreadcrumbList","@id":"https:\/\/visitfinaleligure.it\/fr\/que-faire-a-finale-ligure\/une-excursion-en-vtt-dans-la-region-finale-outdoor\/#breadcrumb","itemListElement":[{"@type":"ListItem","position":1,"name":"Home","item":"https:\/\/visitfinaleligure.it\/fr\/visitez-finale-ligure-site-touristique-officiel\/"},{"@type":"ListItem","position":2,"name":"Que faire \u00e0 Finale Ligure","item":"https:\/\/visitfinaleligure.it\/fr\/que-faire-a-finale-ligure\/"},{"@type":"ListItem","position":3,"name":"Une excursion en VTT dans la r\u00e9gion Finale Outdoor"}]},{"@type":"WebSite","@id":"https:\/\/visitfinaleligure.it\/fr\/#website","url":"https:\/\/visitfinaleligure.it\/fr\/","name":"Visit Finale Ligure","description":"My perfect place","publisher":{"@id":"https:\/\/visitfinaleligure.it\/fr\/#organization"},"potentialAction":[{"@type":"SearchAction","target":{"@type":"EntryPoint","urlTemplate":"https:\/\/visitfinaleligure.it\/fr\/?s={search_term_string}"},"query-input":{"@type":"PropertyValueSpecification","valueRequired":true,"valueName":"search_term_string"}}],"inLanguage":"fr-FR"},{"@type":"Organization","@id":"https:\/\/visitfinaleligure.it\/fr\/#organization","name":"Comune di Finale Ligure","url":"https:\/\/visitfinaleligure.it\/fr\/","logo":{"@type":"ImageObject","inLanguage":"fr-FR","@id":"https:\/\/visitfinaleligure.it\/fr\/#\/schema\/logo\/image\/","url":"https:\/\/visitfinaleligure.it\/wp-content\/uploads\/2023\/04\/cropped-finaleligure-verticale-positivo-200x200-1.png","contentUrl":"https:\/\/visitfinaleligure.it\/wp-content\/uploads\/2023\/04\/cropped-finaleligure-verticale-positivo-200x200-1.png","width":512,"height":512,"caption":"Comune di Finale Ligure"},"image":{"@id":"https:\/\/visitfinaleligure.it\/fr\/#\/schema\/logo\/image\/"},"sameAs":["https:\/\/www.facebook.com\/VisitFinaleLigure","https:\/\/www.instagram.com\/visitfinale\/","https:\/\/www.youtube.com\/channel\/UCLmoLfNmrAt9mSCll9egttw"]}]}},"_links":{"self":[{"href":"https:\/\/visitfinaleligure.it\/fr\/wp-json\/wp\/v2\/pages\/15174","targetHints":{"allow":["GET"]}}],"collection":[{"href":"https:\/\/visitfinaleligure.it\/fr\/wp-json\/wp\/v2\/pages"}],"about":[{"href":"https:\/\/visitfinaleligure.it\/fr\/wp-json\/wp\/v2\/types\/page"}],"author":[{"embeddable":true,"href":"https:\/\/visitfinaleligure.it\/fr\/wp-json\/wp\/v2\/users\/2"}],"replies":[{"embeddable":true,"href":"https:\/\/visitfinaleligure.it\/fr\/wp-json\/wp\/v2\/comments?post=15174"}],"version-history":[{"count":2,"href":"https:\/\/visitfinaleligure.it\/fr\/wp-json\/wp\/v2\/pages\/15174\/revisions"}],"predecessor-version":[{"id":17473,"href":"https:\/\/visitfinaleligure.it\/fr\/wp-json\/wp\/v2\/pages\/15174\/revisions\/17473"}],"up":[{"embeddable":true,"href":"https:\/\/visitfinaleligure.it\/fr\/wp-json\/wp\/v2\/pages\/15689"}],"wp:featuredmedia":[{"embeddable":true,"href":"https:\/\/visitfinaleligure.it\/fr\/wp-json\/wp\/v2\/media\/15175"}],"wp:attachment":[{"href":"https:\/\/visitfinaleligure.it\/fr\/wp-json\/wp\/v2\/media?parent=15174"}],"curies":[{"name":"wp","href":"https:\/\/api.w.org\/{rel}","templated":true}]}}