{"id":15222,"date":"2023-02-01T17:58:53","date_gmt":"2023-02-01T16:58:53","guid":{"rendered":"https:\/\/visitfinaleligure.it\/culture\/itineraires-historiques-et-culturels\/itineraires-illustres\/le-long-de-la-route-beretta-avec-linfante-despagne\/"},"modified":"2025-10-25T19:03:56","modified_gmt":"2025-10-25T17:03:56","slug":"le-long-de-la-route-beretta-avec-linfante-despagne","status":"publish","type":"page","link":"https:\/\/visitfinaleligure.it\/fr\/culture\/itineraires-historiques-et-culturels\/itineraires-illustres\/le-long-de-la-route-beretta-avec-linfante-despagne\/","title":{"rendered":"Le long de la route Beretta avec l&#8217;Infante d&#8217;Espagne"},"content":{"rendered":"\n\n\t<section class=\"section\" id=\"section_787500225\">\n\t\t<div class=\"section-bg fill\" >\n\t\t\t\t\t\t\t\t\t\n\t\t\t\n\n\t\t<\/div>\n\n\t\t\n\n\t\t<div class=\"section-content relative\">\n\t\t\t\n\n\t<div class=\"img has-hover x md-x lg-x y md-y lg-y\" id=\"image_519665192\">\n\t\t\t\t\t\t\t\t<div class=\"img-inner image-cover dark\" style=\"padding-top:40%;\">\n\t\t\t<img loading=\"lazy\" decoding=\"async\" width=\"1575\" height=\"1050\" src=\"https:\/\/visitfinaleligure.it\/wp-content\/uploads\/2023\/02\/INIZIO-VIA-BERETTA-FINALBORGO-FOTOLOVISOLO-2018.jpg\" class=\"attachment-original size-original\" alt=\"\" srcset=\"https:\/\/visitfinaleligure.it\/wp-content\/uploads\/2023\/02\/INIZIO-VIA-BERETTA-FINALBORGO-FOTOLOVISOLO-2018.jpg 1575w, https:\/\/visitfinaleligure.it\/wp-content\/uploads\/2023\/02\/INIZIO-VIA-BERETTA-FINALBORGO-FOTOLOVISOLO-2018-300x200.jpg 300w, https:\/\/visitfinaleligure.it\/wp-content\/uploads\/2023\/02\/INIZIO-VIA-BERETTA-FINALBORGO-FOTOLOVISOLO-2018-1024x683.jpg 1024w, https:\/\/visitfinaleligure.it\/wp-content\/uploads\/2023\/02\/INIZIO-VIA-BERETTA-FINALBORGO-FOTOLOVISOLO-2018-768x512.jpg 768w, https:\/\/visitfinaleligure.it\/wp-content\/uploads\/2023\/02\/INIZIO-VIA-BERETTA-FINALBORGO-FOTOLOVISOLO-2018-1536x1024.jpg 1536w\" sizes=\"auto, (max-width: 1575px) 100vw, 1575px\" \/>\t\t\t\t\t\t\n\t\t\t\t\t<\/div>\n\t\t\t\t\t\t\t\t\n<style>\n#image_519665192 {\n  width: 100%;\n}\n<\/style>\n\t<\/div>\n\t\n\n\n\t\t<\/div>\n\n\t\t\n<style>\n#section_787500225 {\n  padding-top: 30px;\n  padding-bottom: 30px;\n}\n<\/style>\n\t<\/section>\n\t\n\n\t<section class=\"section\" id=\"section_1692317258\">\n\t\t<div class=\"section-bg fill\" >\n\t\t\t\t\t\t\t\t\t\n\t\t\t\n\n\t\t<\/div>\n\n\t\t\n\n\t\t<div class=\"section-content relative\">\n\t\t\t\n\n<div class=\"row align-middle\"  id=\"row-293127497\">\n\n\n\t<div id=\"col-1311190311\" class=\"col hide-for-small medium-1 small-12 large-1\"  >\n\t\t\t\t<div class=\"col-inner\"  >\n\t\t\t\n\t\t\t\n\n\n\t\t<\/div>\n\t\t\t\t\t<\/div>\n\n\t\n\n\t<div id=\"col-357334719\" class=\"col medium-10 small-12 large-10\"  >\n\t\t\t\t<div class=\"col-inner text-left\"  >\n\t\t\t\n\t\t\t\n\n\t<div id=\"text-3814635837\" class=\"text testi-titolo-laterale\">\n\t\t\n\n<p style=\"font-family: 'Rubik'; font-size: 14px; font-weight: 500; color: rgba(39,39,39,0.4);\">LA STRADA BERETTA (DU NOM DU CONCEPTEUR) RELIE FINALBORGO \u00c0 BORMIDA<\/p>\n\t\t\n<style>\n#text-3814635837 {\n  font-size: 1.5rem;\n  color: rgb(204, 208, 212);\n}\n#text-3814635837 > * {\n  color: rgb(204, 208, 212);\n}\n<\/style>\n\t<\/div>\n\t\n\n\t\t<\/div>\n\t\t\t\t\n<style>\n#col-357334719 > .col-inner {\n  margin: 0px 0px 0px 0px;\n}\n@media (min-width:550px) {\n  #col-357334719 > .col-inner {\n    margin: 0px 0px 0px 0px;\n  }\n}\n<\/style>\n\t<\/div>\n\n\t\n\n\t<div id=\"col-1139905865\" class=\"col hide-for-small medium-1 small-12 large-1\"  >\n\t\t\t\t<div class=\"col-inner\"  >\n\t\t\t\n\t\t\t\n\n\n\t\t<\/div>\n\t\t\t\t\t<\/div>\n\n\t\n\n\n<style>\n#row-293127497 > .col > .col-inner {\n  padding: 0px 0px 0px 0px;\n}\n@media (min-width:550px) {\n  #row-293127497 > .col > .col-inner {\n    padding: 0px 0px 0px 0px;\n  }\n}\n<\/style>\n<\/div>\n<div class=\"row\"  id=\"row-140673215\">\n\n\n\t<div id=\"col-1432828889\" class=\"col hide-for-small medium-1 small-12 large-1\"  >\n\t\t\t\t<div class=\"col-inner text-left\"  >\n\t\t\t\n\t\t\t\n\n\n\t\t<\/div>\n\t\t\t\t\n<style>\n#col-1432828889 > .col-inner {\n  margin: 0px 0px 0px 0px;\n}\n<\/style>\n\t<\/div>\n\n\t\n\n\t<div id=\"col-2075038400\" class=\"col medium-10 small-12 large-10\"  >\n\t\t\t\t<div class=\"col-inner text-left\"  >\n\t\t\t\n\t\t\t\n\n\t<div id=\"text-4011464369\" class=\"text testi-titolo\">\n\t\t\n\n<h1 class=\"testi-titolo\">La Strada Beretta<br><\/h1>\n\t\t\n<style>\n#text-4011464369 {\n  color: rgb(0, 0, 0);\n}\n#text-4011464369 > * {\n  color: rgb(0, 0, 0);\n}\n<\/style>\n\t<\/div>\n\t\n\t<div id=\"text-929368088\" class=\"text testi-body\">\n\t\t\n\n<p><strong>20 ao\u00fbt 1666, Finalmarina, Margherita Teresa, fille de Philippe IV d&#8217;Espagne, fianc\u00e9e de l&#8217;empereur d&#8217;Autriche L\u00e9opold Ier de Habsbourg, d\u00e9barque du navire royal espagnol.<\/strong><\/p>\n<p>La jeune femme s&#8217;incline sous l&#8217;imposante arche \u00e9rig\u00e9e pour son arriv\u00e9e et nous, plus de 300 ans plus tard, partons d&#8217;ici pour suivre un cort\u00e8ge nuptial royal.<\/p>\n<p>La premi\u00e8re \u00e9tape nous conduit \u00e0 <strong>Finalborgo<\/strong> o\u00f9, apr\u00e8s avoir emprunt\u00e9 le sentier qui m\u00e8ne au <strong>Fort de San Giovanni<\/strong>, nous arrivons \u00e0 la route carrossable, la Strada Beretta (du nom de son concepteur), qui relie Finalborgo \u00e0 Bormida pour rejoindre les routes menant \u00e0 Alexandrie et Milan.<\/p>\n<\/div>\n\t\t\t<\/div>\n\t\n<div class=\"row row-collapse\"  id=\"row-1918419204\">\n\n\n\t<div id=\"col-366185783\" class=\"col small-12 large-12\"  >\n\t\t\t\t<div class=\"col-inner\"  >\n\t\t\t\n\t\t\t\n\n\t<div class=\"img has-hover x md-x lg-x y md-y lg-y\" id=\"image_595035296\">\n\t\t\t\t\t\t\t\t<div class=\"img-inner image-zoom image-cover dark\" style=\"padding-top:56.25%;\">\n\t\t\t<img loading=\"lazy\" decoding=\"async\" width=\"2560\" height=\"1702\" src=\"https:\/\/visitfinaleligure.it\/wp-content\/uploads\/2025\/08\/3321-2208-max-scaled.jpg\" class=\"attachment-original size-original\" alt=\"\" srcset=\"https:\/\/visitfinaleligure.it\/wp-content\/uploads\/2025\/08\/3321-2208-max-scaled.jpg 2560w, https:\/\/visitfinaleligure.it\/wp-content\/uploads\/2025\/08\/3321-2208-max-300x199.jpg 300w, https:\/\/visitfinaleligure.it\/wp-content\/uploads\/2025\/08\/3321-2208-max-1024x681.jpg 1024w, https:\/\/visitfinaleligure.it\/wp-content\/uploads\/2025\/08\/3321-2208-max-768x511.jpg 768w, https:\/\/visitfinaleligure.it\/wp-content\/uploads\/2025\/08\/3321-2208-max-1536x1021.jpg 1536w, https:\/\/visitfinaleligure.it\/wp-content\/uploads\/2025\/08\/3321-2208-max-2048x1362.jpg 2048w\" sizes=\"auto, (max-width: 2560px) 100vw, 2560px\" \/>\t\t\t\t\t\t\n\t\t\t\t\t<\/div>\n\t\t\t\t\t\t\t\t\n<style>\n#image_595035296 {\n  width: 100%;\n}\n<\/style>\n\t<\/div>\n\t\n\n\t<div id=\"text-1978656883\" class=\"text testi-body\">\n\t\t\n\n<div class=\"wtbx_vc_text_element wtbx_vc_text_element-33646068 wtbx_display_block\">\n<div class=\"wtbx_vc_el_container wtbx_vc_text_element_container\">\n<div class=\"wtbx_text_element_content\">\n<div class=\"wtbx_text_element_inner\">\n<p><strong>Une \u0153uvre majestueuse<\/strong> pour l&#8217;\u00e9poque, <em>\u00ab Cette route, merveilleuse pour l&#8217;\u00e9poque, qualifi\u00e9e de belle, pratique et solide, permettait \u00e0 deux voitures de se croiser sans probl\u00e8me. Elle a \u00e9t\u00e9 construite en seulement trois semaines, gr\u00e2ce au travail de tous les hommes de toutes les compagnies. <\/em>\u00bb, \u00e9crit Giuseppe Testa, historien, l&#8217;homme qui a r\u00e9cup\u00e9r\u00e9 et mis en valeur l&#8217;ancien trac\u00e9.<\/p>\n<p>Le long du parcours, qui passe par <strong>Perti, Castel Gavone et d&#8217;autres merveilles paysag\u00e8res<\/strong>, on rencontre plusieurs fontaines, anciennes aires de service o\u00f9 les hommes et les chevaux pouvaient se d\u00e9salt\u00e9rer et s&#8217;arr\u00eater quelques minutes \u00e0 l&#8217;ombre avant de reprendre la route.<\/p>\n<\/div>\n<\/div>\n<\/div>\n<\/div>\n\t\t\t<\/div>\n\t\n\t<div id=\"text-1976951689\" class=\"text testi-titolo\">\n\t\t\n\n<h2>Nous divisons le parcours en plusieurs \u00e9tapes faciles.<\/h2>\n\t\t\n<style>\n#text-1976951689 {\n  font-size: 1.2rem;\n  color: rgb(0, 0, 0);\n}\n#text-1976951689 > * {\n  color: rgb(0, 0, 0);\n}\n<\/style>\n\t<\/div>\n\t\n\n\t\t<\/div>\n\t\t\t\t\t<\/div>\n\n\t\n\n\t<div id=\"col-1398109313\" class=\"col medium-12 small-12 large-7\"  >\n\t\t\t\t<div class=\"col-inner\"  >\n\t\t\t\n\t\t\t\n\n\t<div class=\"img has-hover x md-x lg-x y md-y lg-y\" id=\"image_1023816747\">\n\t\t\t\t\t\t\t\t<div class=\"img-inner dark\" >\n\t\t\t<img loading=\"lazy\" decoding=\"async\" width=\"1020\" height=\"765\" src=\"https:\/\/visitfinaleligure.it\/wp-content\/uploads\/2023\/05\/Finalborgo-vista-aerea-al-tramonto-dopo-un-temporale-estivo-1024x768.jpg\" class=\"attachment-large size-large\" alt=\"\" srcset=\"https:\/\/visitfinaleligure.it\/wp-content\/uploads\/2023\/05\/Finalborgo-vista-aerea-al-tramonto-dopo-un-temporale-estivo-1024x768.jpg 1024w, https:\/\/visitfinaleligure.it\/wp-content\/uploads\/2023\/05\/Finalborgo-vista-aerea-al-tramonto-dopo-un-temporale-estivo-300x225.jpg 300w, https:\/\/visitfinaleligure.it\/wp-content\/uploads\/2023\/05\/Finalborgo-vista-aerea-al-tramonto-dopo-un-temporale-estivo-768x576.jpg 768w, https:\/\/visitfinaleligure.it\/wp-content\/uploads\/2023\/05\/Finalborgo-vista-aerea-al-tramonto-dopo-un-temporale-estivo-1536x1152.jpg 1536w, https:\/\/visitfinaleligure.it\/wp-content\/uploads\/2023\/05\/Finalborgo-vista-aerea-al-tramonto-dopo-un-temporale-estivo-2048x1536.jpg 2048w\" sizes=\"auto, (max-width: 1020px) 100vw, 1020px\" \/>\t\t\t\t\t\t\n\t\t\t\t\t<\/div>\n\t\t\t\t\t\t\t\t\n<style>\n#image_1023816747 {\n  width: 100%;\n}\n<\/style>\n\t<\/div>\n\t\n\n\t<div class=\"img has-hover x md-x lg-x y md-y lg-y\" id=\"image_1872998452\">\n\t\t\t\t\t\t\t\t<div class=\"img-inner dark\" >\n\t\t\t<img loading=\"lazy\" decoding=\"async\" width=\"1020\" height=\"679\" src=\"https:\/\/visitfinaleligure.it\/wp-content\/uploads\/2023\/05\/PERTI-CHIESA-5-CAMPANILI-FOTOSTUDIOLOVISOLO-1024x682.jpg\" class=\"attachment-large size-large\" alt=\"\" srcset=\"https:\/\/visitfinaleligure.it\/wp-content\/uploads\/2023\/05\/PERTI-CHIESA-5-CAMPANILI-FOTOSTUDIOLOVISOLO-1024x682.jpg 1024w, https:\/\/visitfinaleligure.it\/wp-content\/uploads\/2023\/05\/PERTI-CHIESA-5-CAMPANILI-FOTOSTUDIOLOVISOLO-300x200.jpg 300w, https:\/\/visitfinaleligure.it\/wp-content\/uploads\/2023\/05\/PERTI-CHIESA-5-CAMPANILI-FOTOSTUDIOLOVISOLO-768x512.jpg 768w, https:\/\/visitfinaleligure.it\/wp-content\/uploads\/2023\/05\/PERTI-CHIESA-5-CAMPANILI-FOTOSTUDIOLOVISOLO-1536x1024.jpg 1536w, https:\/\/visitfinaleligure.it\/wp-content\/uploads\/2023\/05\/PERTI-CHIESA-5-CAMPANILI-FOTOSTUDIOLOVISOLO.jpg 2000w\" sizes=\"auto, (max-width: 1020px) 100vw, 1020px\" \/>\t\t\t\t\t\t\n\t\t\t\t\t<\/div>\n\t\t\t\t\t\t\t\t\n<style>\n#image_1872998452 {\n  width: 100%;\n}\n<\/style>\n\t<\/div>\n\t\n\n\n\t\t<\/div>\n\t\t\t\t\t<\/div>\n\n\t\n\n\t<div id=\"col-117737524\" class=\"col medium-12 small-12 large-5\"  >\n\t\t\t\t<div class=\"col-inner\"  >\n\t\t\t\n\t\t\t\n\n<h4>01.<\/h4>\n<h3>De Finalborgo \u00e0 Castel San Giovanni<\/h3>\n<p>Depuis la Piazza del Tribunale de Finalborgo, remontez la Strada Beretta, d&#8217;abord un sentier, puis une route carrossable pav\u00e9e et caillouteuse. Immerg\u00e9s dans le maquis m\u00e9diterran\u00e9en, nous arrivons au Forte di San Giovanni, une forteresse espagnole du XVIIe si\u00e8cle. <\/p>\n<h4>02.<\/h4>\n<h3>Perti<\/h3>\n<p>Depuis les ruines de Castel Gavone, demeure des marquis Del Carretto qui dominaient le village depuis cet endroit, on arrive \u00e0 Perti Alta. Soudain, parmi les oliviers, appara\u00eet la splendide \u00e9glise aux cinq clochers, construite en pierre de Finale. La vue s&#8217;\u00e9tend sur la vall\u00e9e de l&#8217;Aquila, avec au loin la villa de Gallesio.  <\/p>\n<h4>03.<\/h4>\n<h3>Castrum Perticae<\/h3>\n<p>La Strada Beretta p\u00e9n\u00e8tre dans la for\u00eat par un sentier frais pour arriver \u00e0 un carrefour o\u00f9, en suivant l&#8217;indication \u00ab d\u00e9viation S. Antonino \u00bb, on arrive en quelques minutes aux ruines du Castrum Perticae, fortification mentionn\u00e9e dans le dipl\u00f4me de 1162 par lequel Fr\u00e9d\u00e9ric Barberousse investissait Enrico I Del Carretto du marquisat de Finale.<\/p>\n<h4>04.<\/h4>\n<h3>Saint-Antonin<\/h3>\n<p>Apr\u00e8s avoir travers\u00e9 le castrum, on aper\u00e7oit la petite \u00e9glise protoromanique blanche de Sant&#8217;Antonino. La Strada Beretta continue, d\u00e9passe Calice Ligure, traverse les Apennins et entre dans la plaine du P\u00f4, riche de trois si\u00e8cles d&#8217;histoire&#8230; <\/p>\n\n\t\t<\/div>\n\t\t\t\t\n<style>\n#col-117737524 > .col-inner {\n  margin: 0px 0px 0px 20px;\n}\n<\/style>\n\t<\/div>\n\n\t\n\n<\/div>\n\n\t\t<\/div>\n\t\t\t\t\n<style>\n#col-2075038400 > .col-inner {\n  padding: 0px 0px 0px 0px;\n  margin: 0px 0px 0px 0px;\n}\n@media (min-width:550px) {\n  #col-2075038400 > .col-inner {\n    margin: -30px 0px 0px 0px;\n  }\n}\n<\/style>\n\t<\/div>\n\n\t\n\n\t<div id=\"col-525754107\" class=\"col hide-for-small medium-1 small-12 large-1\"  >\n\t\t\t\t<div class=\"col-inner text-left\"  >\n\t\t\t\n\t\t\t\n\n\n\t\t<\/div>\n\t\t\t\t\n<style>\n#col-525754107 > .col-inner {\n  margin: 0px 0px 0px 0px;\n}\n<\/style>\n\t<\/div>\n\n\t\n\n<\/div>\n\n\t\t<\/div>\n\n\t\t\n<style>\n#section_1692317258 {\n  padding-top: 0px;\n  padding-bottom: 0px;\n}\n<\/style>\n\t<\/section>\n\t\n\n","protected":false},"excerpt":{"rendered":"","protected":false},"author":2,"featured_media":15223,"parent":15211,"menu_order":0,"comment_status":"closed","ping_status":"closed","template":"page-blank.php","meta":{"footnotes":""},"class_list":["post-15222","page","type-page","status-publish","has-post-thumbnail","hentry"],"yoast_head":"<!-- This site is optimized with the Yoast SEO plugin v27.3 - https:\/\/yoast.com\/product\/yoast-seo-wordpress\/ -->\n<title>Le long de la route Beretta avec l&#039;Infante d&#039;Espagne - Visit Finale Ligure<\/title>\n<meta name=\"robots\" content=\"index, follow, max-snippet:-1, max-image-preview:large, max-video-preview:-1\" \/>\n<link rel=\"canonical\" href=\"https:\/\/visitfinaleligure.it\/fr\/culture\/itineraires-historiques-et-culturels\/itineraires-illustres\/le-long-de-la-route-beretta-avec-linfante-despagne\/\" \/>\n<meta property=\"og:locale\" content=\"fr_FR\" \/>\n<meta property=\"og:type\" content=\"article\" \/>\n<meta property=\"og:title\" content=\"Le long de la route Beretta avec l&#039;Infante d&#039;Espagne - Visit Finale Ligure\" \/>\n<meta property=\"og:url\" content=\"https:\/\/visitfinaleligure.it\/fr\/culture\/itineraires-historiques-et-culturels\/itineraires-illustres\/le-long-de-la-route-beretta-avec-linfante-despagne\/\" \/>\n<meta property=\"og:site_name\" content=\"Visit Finale Ligure\" \/>\n<meta property=\"article:publisher\" content=\"https:\/\/www.facebook.com\/VisitFinaleLigure\" \/>\n<meta property=\"article:modified_time\" content=\"2025-10-25T17:03:56+00:00\" \/>\n<meta property=\"og:image\" content=\"https:\/\/visitfinaleligure.it\/wp-content\/uploads\/2022\/12\/infanta-copia.jpg\" \/>\n\t<meta property=\"og:image:width\" content=\"1200\" \/>\n\t<meta property=\"og:image:height\" content=\"780\" \/>\n\t<meta property=\"og:image:type\" content=\"image\/jpeg\" \/>\n<meta name=\"twitter:card\" content=\"summary_large_image\" \/>\n<meta name=\"twitter:label1\" content=\"Dur\u00e9e de lecture estim\u00e9e\" \/>\n\t<meta name=\"twitter:data1\" content=\"3 minutes\" \/>\n<script type=\"application\/ld+json\" class=\"yoast-schema-graph\">{\"@context\":\"https:\\\/\\\/schema.org\",\"@graph\":[{\"@type\":\"WebPage\",\"@id\":\"https:\\\/\\\/visitfinaleligure.it\\\/fr\\\/culture\\\/itineraires-historiques-et-culturels\\\/itineraires-illustres\\\/le-long-de-la-route-beretta-avec-linfante-despagne\\\/\",\"url\":\"https:\\\/\\\/visitfinaleligure.it\\\/fr\\\/culture\\\/itineraires-historiques-et-culturels\\\/itineraires-illustres\\\/le-long-de-la-route-beretta-avec-linfante-despagne\\\/\",\"name\":\"Le long de la route Beretta avec l'Infante d'Espagne - Visit Finale Ligure\",\"isPartOf\":{\"@id\":\"https:\\\/\\\/visitfinaleligure.it\\\/fr\\\/#website\"},\"primaryImageOfPage\":{\"@id\":\"https:\\\/\\\/visitfinaleligure.it\\\/fr\\\/culture\\\/itineraires-historiques-et-culturels\\\/itineraires-illustres\\\/le-long-de-la-route-beretta-avec-linfante-despagne\\\/#primaryimage\"},\"image\":{\"@id\":\"https:\\\/\\\/visitfinaleligure.it\\\/fr\\\/culture\\\/itineraires-historiques-et-culturels\\\/itineraires-illustres\\\/le-long-de-la-route-beretta-avec-linfante-despagne\\\/#primaryimage\"},\"thumbnailUrl\":\"https:\\\/\\\/visitfinaleligure.it\\\/wp-content\\\/uploads\\\/2022\\\/12\\\/infanta-copia.jpg\",\"datePublished\":\"2023-02-01T16:58:53+00:00\",\"dateModified\":\"2025-10-25T17:03:56+00:00\",\"breadcrumb\":{\"@id\":\"https:\\\/\\\/visitfinaleligure.it\\\/fr\\\/culture\\\/itineraires-historiques-et-culturels\\\/itineraires-illustres\\\/le-long-de-la-route-beretta-avec-linfante-despagne\\\/#breadcrumb\"},\"inLanguage\":\"fr-FR\",\"potentialAction\":[{\"@type\":\"ReadAction\",\"target\":[\"https:\\\/\\\/visitfinaleligure.it\\\/fr\\\/culture\\\/itineraires-historiques-et-culturels\\\/itineraires-illustres\\\/le-long-de-la-route-beretta-avec-linfante-despagne\\\/\"]}]},{\"@type\":\"ImageObject\",\"inLanguage\":\"fr-FR\",\"@id\":\"https:\\\/\\\/visitfinaleligure.it\\\/fr\\\/culture\\\/itineraires-historiques-et-culturels\\\/itineraires-illustres\\\/le-long-de-la-route-beretta-avec-linfante-despagne\\\/#primaryimage\",\"url\":\"https:\\\/\\\/visitfinaleligure.it\\\/wp-content\\\/uploads\\\/2022\\\/12\\\/infanta-copia.jpg\",\"contentUrl\":\"https:\\\/\\\/visitfinaleligure.it\\\/wp-content\\\/uploads\\\/2022\\\/12\\\/infanta-copia.jpg\",\"width\":1200,\"height\":780,\"caption\":\"Lungo la strada Beretta con l'Infanta di Spagna\"},{\"@type\":\"BreadcrumbList\",\"@id\":\"https:\\\/\\\/visitfinaleligure.it\\\/fr\\\/culture\\\/itineraires-historiques-et-culturels\\\/itineraires-illustres\\\/le-long-de-la-route-beretta-avec-linfante-despagne\\\/#breadcrumb\",\"itemListElement\":[{\"@type\":\"ListItem\",\"position\":1,\"name\":\"Home\",\"item\":\"https:\\\/\\\/visitfinaleligure.it\\\/fr\\\/visitez-finale-ligure-site-touristique-officiel\\\/\"},{\"@type\":\"ListItem\",\"position\":2,\"name\":\"Culture\",\"item\":\"https:\\\/\\\/visitfinaleligure.it\\\/fr\\\/culture\\\/\"},{\"@type\":\"ListItem\",\"position\":3,\"name\":\"Itin\u00e9raires historiques et culturels\",\"item\":\"https:\\\/\\\/visitfinaleligure.it\\\/fr\\\/culture\\\/itineraires-historiques-et-culturels\\\/\"},{\"@type\":\"ListItem\",\"position\":4,\"name\":\"Itin\u00e9raires illustres\",\"item\":\"https:\\\/\\\/visitfinaleligure.it\\\/fr\\\/culture\\\/itineraires-historiques-et-culturels\\\/itineraires-illustres\\\/\"},{\"@type\":\"ListItem\",\"position\":5,\"name\":\"Le long de la route Beretta avec l&#8217;Infante d&#8217;Espagne\"}]},{\"@type\":\"WebSite\",\"@id\":\"https:\\\/\\\/visitfinaleligure.it\\\/fr\\\/#website\",\"url\":\"https:\\\/\\\/visitfinaleligure.it\\\/fr\\\/\",\"name\":\"Visit Finale Ligure\",\"description\":\"My perfect place\",\"publisher\":{\"@id\":\"https:\\\/\\\/visitfinaleligure.it\\\/fr\\\/#organization\"},\"potentialAction\":[{\"@type\":\"SearchAction\",\"target\":{\"@type\":\"EntryPoint\",\"urlTemplate\":\"https:\\\/\\\/visitfinaleligure.it\\\/fr\\\/?s={search_term_string}\"},\"query-input\":{\"@type\":\"PropertyValueSpecification\",\"valueRequired\":true,\"valueName\":\"search_term_string\"}}],\"inLanguage\":\"fr-FR\"},{\"@type\":\"Organization\",\"@id\":\"https:\\\/\\\/visitfinaleligure.it\\\/fr\\\/#organization\",\"name\":\"Comune di Finale Ligure\",\"url\":\"https:\\\/\\\/visitfinaleligure.it\\\/fr\\\/\",\"logo\":{\"@type\":\"ImageObject\",\"inLanguage\":\"fr-FR\",\"@id\":\"https:\\\/\\\/visitfinaleligure.it\\\/fr\\\/#\\\/schema\\\/logo\\\/image\\\/\",\"url\":\"https:\\\/\\\/visitfinaleligure.it\\\/wp-content\\\/uploads\\\/2023\\\/04\\\/cropped-finaleligure-verticale-positivo-200x200-1.png\",\"contentUrl\":\"https:\\\/\\\/visitfinaleligure.it\\\/wp-content\\\/uploads\\\/2023\\\/04\\\/cropped-finaleligure-verticale-positivo-200x200-1.png\",\"width\":512,\"height\":512,\"caption\":\"Comune di Finale Ligure\"},\"image\":{\"@id\":\"https:\\\/\\\/visitfinaleligure.it\\\/fr\\\/#\\\/schema\\\/logo\\\/image\\\/\"},\"sameAs\":[\"https:\\\/\\\/www.facebook.com\\\/VisitFinaleLigure\",\"https:\\\/\\\/www.instagram.com\\\/visitfinale\\\/\",\"https:\\\/\\\/www.youtube.com\\\/channel\\\/UCLmoLfNmrAt9mSCll9egttw\"]}]}<\/script>\n<!-- \/ Yoast SEO plugin. -->","yoast_head_json":{"title":"Le long de la route Beretta avec l'Infante d'Espagne - Visit Finale Ligure","robots":{"index":"index","follow":"follow","max-snippet":"max-snippet:-1","max-image-preview":"max-image-preview:large","max-video-preview":"max-video-preview:-1"},"canonical":"https:\/\/visitfinaleligure.it\/fr\/culture\/itineraires-historiques-et-culturels\/itineraires-illustres\/le-long-de-la-route-beretta-avec-linfante-despagne\/","og_locale":"fr_FR","og_type":"article","og_title":"Le long de la route Beretta avec l'Infante d'Espagne - Visit Finale Ligure","og_url":"https:\/\/visitfinaleligure.it\/fr\/culture\/itineraires-historiques-et-culturels\/itineraires-illustres\/le-long-de-la-route-beretta-avec-linfante-despagne\/","og_site_name":"Visit Finale Ligure","article_publisher":"https:\/\/www.facebook.com\/VisitFinaleLigure","article_modified_time":"2025-10-25T17:03:56+00:00","og_image":[{"width":1200,"height":780,"url":"https:\/\/visitfinaleligure.it\/wp-content\/uploads\/2022\/12\/infanta-copia.jpg","type":"image\/jpeg"}],"twitter_card":"summary_large_image","twitter_misc":{"Dur\u00e9e de lecture estim\u00e9e":"3 minutes"},"schema":{"@context":"https:\/\/schema.org","@graph":[{"@type":"WebPage","@id":"https:\/\/visitfinaleligure.it\/fr\/culture\/itineraires-historiques-et-culturels\/itineraires-illustres\/le-long-de-la-route-beretta-avec-linfante-despagne\/","url":"https:\/\/visitfinaleligure.it\/fr\/culture\/itineraires-historiques-et-culturels\/itineraires-illustres\/le-long-de-la-route-beretta-avec-linfante-despagne\/","name":"Le long de la route Beretta avec l'Infante d'Espagne - Visit Finale Ligure","isPartOf":{"@id":"https:\/\/visitfinaleligure.it\/fr\/#website"},"primaryImageOfPage":{"@id":"https:\/\/visitfinaleligure.it\/fr\/culture\/itineraires-historiques-et-culturels\/itineraires-illustres\/le-long-de-la-route-beretta-avec-linfante-despagne\/#primaryimage"},"image":{"@id":"https:\/\/visitfinaleligure.it\/fr\/culture\/itineraires-historiques-et-culturels\/itineraires-illustres\/le-long-de-la-route-beretta-avec-linfante-despagne\/#primaryimage"},"thumbnailUrl":"https:\/\/visitfinaleligure.it\/wp-content\/uploads\/2022\/12\/infanta-copia.jpg","datePublished":"2023-02-01T16:58:53+00:00","dateModified":"2025-10-25T17:03:56+00:00","breadcrumb":{"@id":"https:\/\/visitfinaleligure.it\/fr\/culture\/itineraires-historiques-et-culturels\/itineraires-illustres\/le-long-de-la-route-beretta-avec-linfante-despagne\/#breadcrumb"},"inLanguage":"fr-FR","potentialAction":[{"@type":"ReadAction","target":["https:\/\/visitfinaleligure.it\/fr\/culture\/itineraires-historiques-et-culturels\/itineraires-illustres\/le-long-de-la-route-beretta-avec-linfante-despagne\/"]}]},{"@type":"ImageObject","inLanguage":"fr-FR","@id":"https:\/\/visitfinaleligure.it\/fr\/culture\/itineraires-historiques-et-culturels\/itineraires-illustres\/le-long-de-la-route-beretta-avec-linfante-despagne\/#primaryimage","url":"https:\/\/visitfinaleligure.it\/wp-content\/uploads\/2022\/12\/infanta-copia.jpg","contentUrl":"https:\/\/visitfinaleligure.it\/wp-content\/uploads\/2022\/12\/infanta-copia.jpg","width":1200,"height":780,"caption":"Lungo la strada Beretta con l'Infanta di Spagna"},{"@type":"BreadcrumbList","@id":"https:\/\/visitfinaleligure.it\/fr\/culture\/itineraires-historiques-et-culturels\/itineraires-illustres\/le-long-de-la-route-beretta-avec-linfante-despagne\/#breadcrumb","itemListElement":[{"@type":"ListItem","position":1,"name":"Home","item":"https:\/\/visitfinaleligure.it\/fr\/visitez-finale-ligure-site-touristique-officiel\/"},{"@type":"ListItem","position":2,"name":"Culture","item":"https:\/\/visitfinaleligure.it\/fr\/culture\/"},{"@type":"ListItem","position":3,"name":"Itin\u00e9raires historiques et culturels","item":"https:\/\/visitfinaleligure.it\/fr\/culture\/itineraires-historiques-et-culturels\/"},{"@type":"ListItem","position":4,"name":"Itin\u00e9raires illustres","item":"https:\/\/visitfinaleligure.it\/fr\/culture\/itineraires-historiques-et-culturels\/itineraires-illustres\/"},{"@type":"ListItem","position":5,"name":"Le long de la route Beretta avec l&#8217;Infante d&#8217;Espagne"}]},{"@type":"WebSite","@id":"https:\/\/visitfinaleligure.it\/fr\/#website","url":"https:\/\/visitfinaleligure.it\/fr\/","name":"Visit Finale Ligure","description":"My perfect place","publisher":{"@id":"https:\/\/visitfinaleligure.it\/fr\/#organization"},"potentialAction":[{"@type":"SearchAction","target":{"@type":"EntryPoint","urlTemplate":"https:\/\/visitfinaleligure.it\/fr\/?s={search_term_string}"},"query-input":{"@type":"PropertyValueSpecification","valueRequired":true,"valueName":"search_term_string"}}],"inLanguage":"fr-FR"},{"@type":"Organization","@id":"https:\/\/visitfinaleligure.it\/fr\/#organization","name":"Comune di Finale Ligure","url":"https:\/\/visitfinaleligure.it\/fr\/","logo":{"@type":"ImageObject","inLanguage":"fr-FR","@id":"https:\/\/visitfinaleligure.it\/fr\/#\/schema\/logo\/image\/","url":"https:\/\/visitfinaleligure.it\/wp-content\/uploads\/2023\/04\/cropped-finaleligure-verticale-positivo-200x200-1.png","contentUrl":"https:\/\/visitfinaleligure.it\/wp-content\/uploads\/2023\/04\/cropped-finaleligure-verticale-positivo-200x200-1.png","width":512,"height":512,"caption":"Comune di Finale Ligure"},"image":{"@id":"https:\/\/visitfinaleligure.it\/fr\/#\/schema\/logo\/image\/"},"sameAs":["https:\/\/www.facebook.com\/VisitFinaleLigure","https:\/\/www.instagram.com\/visitfinale\/","https:\/\/www.youtube.com\/channel\/UCLmoLfNmrAt9mSCll9egttw"]}]}},"_links":{"self":[{"href":"https:\/\/visitfinaleligure.it\/fr\/wp-json\/wp\/v2\/pages\/15222","targetHints":{"allow":["GET"]}}],"collection":[{"href":"https:\/\/visitfinaleligure.it\/fr\/wp-json\/wp\/v2\/pages"}],"about":[{"href":"https:\/\/visitfinaleligure.it\/fr\/wp-json\/wp\/v2\/types\/page"}],"author":[{"embeddable":true,"href":"https:\/\/visitfinaleligure.it\/fr\/wp-json\/wp\/v2\/users\/2"}],"replies":[{"embeddable":true,"href":"https:\/\/visitfinaleligure.it\/fr\/wp-json\/wp\/v2\/comments?post=15222"}],"version-history":[{"count":1,"href":"https:\/\/visitfinaleligure.it\/fr\/wp-json\/wp\/v2\/pages\/15222\/revisions"}],"predecessor-version":[{"id":15224,"href":"https:\/\/visitfinaleligure.it\/fr\/wp-json\/wp\/v2\/pages\/15222\/revisions\/15224"}],"up":[{"embeddable":true,"href":"https:\/\/visitfinaleligure.it\/fr\/wp-json\/wp\/v2\/pages\/15211"}],"wp:featuredmedia":[{"embeddable":true,"href":"https:\/\/visitfinaleligure.it\/fr\/wp-json\/wp\/v2\/media\/15223"}],"wp:attachment":[{"href":"https:\/\/visitfinaleligure.it\/fr\/wp-json\/wp\/v2\/media?parent=15222"}],"curies":[{"name":"wp","href":"https:\/\/api.w.org\/{rel}","templated":true}]}}