{"id":15290,"date":"2023-03-21T11:44:07","date_gmt":"2023-03-21T10:44:07","guid":{"rendered":"https:\/\/visitfinaleligure.it\/concours-international-de-piano-et-de-musique-de-chambre-palma-doro\/"},"modified":"2025-11-04T09:55:22","modified_gmt":"2025-11-04T08:55:22","slug":"concours-international-de-piano-et-de-musique-de-chambre-palma-doro","status":"publish","type":"page","link":"https:\/\/visitfinaleligure.it\/fr\/grands-evenements\/concours-international-de-piano-et-de-musique-de-chambre-palma-doro\/","title":{"rendered":"Concours international de piano et de musique de chambre Palma d&#8217;Oro"},"content":{"rendered":"\n\n\t<section class=\"section\" id=\"section_2032122881\">\n\t\t<div class=\"section-bg fill\" >\n\t\t\t\t\t\t\t\t\t\n\t\t\t\n\n\t\t<\/div>\n\n\t\t\n\n\t\t<div class=\"section-content relative\">\n\t\t\t\n\n\t<div class=\"img has-hover x md-x lg-x y md-y lg-y\" id=\"image_1175019089\">\n\t\t\t\t\t\t\t\t<div class=\"img-inner image-cover dark\" style=\"padding-top:40%;\">\n\t\t\t<img loading=\"lazy\" decoding=\"async\" width=\"1442\" height=\"1408\" src=\"https:\/\/visitfinaleligure.it\/wp-content\/uploads\/2025\/06\/palma_doro2_2024-scaled-e1749669127773.jpg\" class=\"attachment-original size-original\" alt=\"\" srcset=\"https:\/\/visitfinaleligure.it\/wp-content\/uploads\/2025\/06\/palma_doro2_2024-scaled-e1749669127773.jpg 1442w, https:\/\/visitfinaleligure.it\/wp-content\/uploads\/2025\/06\/palma_doro2_2024-scaled-e1749669127773-300x293.jpg 300w, https:\/\/visitfinaleligure.it\/wp-content\/uploads\/2025\/06\/palma_doro2_2024-scaled-e1749669127773-1024x1000.jpg 1024w, https:\/\/visitfinaleligure.it\/wp-content\/uploads\/2025\/06\/palma_doro2_2024-scaled-e1749669127773-768x750.jpg 768w\" sizes=\"auto, (max-width: 1442px) 100vw, 1442px\" \/>\t\t\t\t\t\t\n\t\t\t\t\t<\/div>\n\t\t\t\t\t\t\t\t\n<style>\n#image_1175019089 {\n  width: 100%;\n}\n<\/style>\n\t<\/div>\n\t\n\n\n\t\t<\/div>\n\n\t\t\n<style>\n#section_2032122881 {\n  padding-top: 30px;\n  padding-bottom: 30px;\n}\n<\/style>\n\t<\/section>\n\t\n\n\t<section class=\"section\" id=\"section_531261279\">\n\t\t<div class=\"section-bg fill\" >\n\t\t\t\t\t\t\t\t\t\n\t\t\t\n\n\t\t<\/div>\n\n\t\t\n\n\t\t<div class=\"section-content relative\">\n\t\t\t\n\n<div class=\"row\"  id=\"row-1475520429\">\n\n\n\t<div id=\"col-1656313361\" class=\"col hide-for-small medium-1 small-12 large-1\"  >\n\t\t\t\t<div class=\"col-inner text-left\"  >\n\t\t\t\n\t\t\t\n\n\n\t\t<\/div>\n\t\t\t\t\n<style>\n#col-1656313361 > .col-inner {\n  margin: 0px 0px 0px 0px;\n}\n<\/style>\n\t<\/div>\n\n\t\n\n\t<div id=\"col-1802382553\" class=\"col medium-10 small-12 large-10\"  >\n\t\t\t\t<div class=\"col-inner text-left\"  >\n\t\t\t\n\t\t\t\n\n\t<div id=\"text-2196967905\" class=\"text testi-body\">\n\t\t\n\n<h1 class=\"testi-titolo\">Concours international de piano et de musique de chambre Palma d&#8217;Oro<\/h1>\n\t\t\n<style>\n#text-2196967905 {\n  font-size: 1.5rem;\n  color: rgb(0,0,0);\n}\n#text-2196967905 > * {\n  color: rgb(0,0,0);\n}\n<\/style>\n\t<\/div>\n\t\n<p>Le Concours international de piano et de musique de chambre \u00ab Palma d&#8217;Oro \u00bb de la ville de Finale Ligure est un \u00e9v\u00e9nement prestigieux et traditionnel qui se tient chaque ann\u00e9e \u00e0 la fin du mois d&#8217;ao\u00fbt dans la ville de Finale Ligure et qui est consacr\u00e9 \u00e0 la musique de chambre. il s&#8217;agit d&#8217;un \u00e9v\u00e9nement cr\u00e9\u00e9 en 1974 par la municipalit\u00e9 de Finale Ligure, en collaboration avec la Fondation De Mari et la municipalit\u00e9 de Donzdorf, et organis\u00e9 depuis lors sous le patronage de la municipalit\u00e9 de Finale Ligure et de la r\u00e9gion de Ligurie.<\/p>\n<p>Un festival musical d&#8217;envergure internationale avec des artistes prestigieux.<\/p>\n\t<div id=\"gap-974388760\" class=\"gap-element clearfix\" style=\"display:block; height:auto;\">\n\t\t\n<style>\n#gap-974388760 {\n  padding-top: 50px;\n}\n<\/style>\n\t<\/div>\n\t\n\n\n  \n    <div class=\"row large-columns-3 medium-columns- small-columns-1 row-xsmall\" >\n  <div class=\"gallery-col col\" >\n          <div class=\"col-inner\">\n            <a class=\"image-lightbox lightbox-gallery\" href=\"https:\/\/visitfinaleligure.it\/wp-content\/uploads\/2023\/03\/21586842_1228335893965755_3800763204373028201_o-768x533-1.webp\" title=\"\">            <div class=\"box has-hover gallery-box box-overlay dark\">\n              <div class=\"box-image image-cover\" style=\"padding-top:56.25%;\">\n                <img loading=\"lazy\" decoding=\"async\" width=\"768\" height=\"533\" src=\"https:\/\/visitfinaleligure.it\/wp-content\/uploads\/2023\/03\/21586842_1228335893965755_3800763204373028201_o-768x533-1.webp\" class=\"attachment-original size-original\" alt=\"\" ids=\"4692,4693,4694\" col_spacing=\"xsmall\" columns=\"3\" columns__sm=\"1\" image_height=\"56.25%\" image_size=\"original\" srcset=\"https:\/\/visitfinaleligure.it\/wp-content\/uploads\/2023\/03\/21586842_1228335893965755_3800763204373028201_o-768x533-1.webp 768w, https:\/\/visitfinaleligure.it\/wp-content\/uploads\/2023\/03\/21586842_1228335893965755_3800763204373028201_o-768x533-1-300x208.webp 300w\" sizes=\"auto, (max-width: 768px) 100vw, 768px\" \/>                                  <div class=\"overlay fill\"\n                      style=\"background-color: rgba(0,0,0,.15)\">\n                  <\/div>\n                                                              <\/div>\n              <div class=\"box-text text-left\" >\n                 <p><\/p>\n              <\/div>\n            <\/div>\n            <\/a>          <\/div>\n         <\/div><div class=\"gallery-col col\" >\n          <div class=\"col-inner\">\n            <a class=\"image-lightbox lightbox-gallery\" href=\"https:\/\/visitfinaleligure.it\/wp-content\/uploads\/2023\/03\/11947615_683194301813253_2470275388860607461_n.webp\" title=\"\">            <div class=\"box has-hover gallery-box box-overlay dark\">\n              <div class=\"box-image image-cover\" style=\"padding-top:56.25%;\">\n                <img loading=\"lazy\" decoding=\"async\" width=\"553\" height=\"369\" src=\"https:\/\/visitfinaleligure.it\/wp-content\/uploads\/2023\/03\/11947615_683194301813253_2470275388860607461_n.webp\" class=\"attachment-original size-original\" alt=\"\" ids=\"4692,4693,4694\" col_spacing=\"xsmall\" columns=\"3\" columns__sm=\"1\" image_height=\"56.25%\" image_size=\"original\" srcset=\"https:\/\/visitfinaleligure.it\/wp-content\/uploads\/2023\/03\/11947615_683194301813253_2470275388860607461_n.webp 553w, https:\/\/visitfinaleligure.it\/wp-content\/uploads\/2023\/03\/11947615_683194301813253_2470275388860607461_n-300x200.webp 300w\" sizes=\"auto, (max-width: 553px) 100vw, 553px\" \/>                                  <div class=\"overlay fill\"\n                      style=\"background-color: rgba(0,0,0,.15)\">\n                  <\/div>\n                                                              <\/div>\n              <div class=\"box-text text-left\" >\n                 <p><\/p>\n              <\/div>\n            <\/div>\n            <\/a>          <\/div>\n         <\/div><div class=\"gallery-col col\" >\n          <div class=\"col-inner\">\n            <a class=\"image-lightbox lightbox-gallery\" href=\"https:\/\/visitfinaleligure.it\/wp-content\/uploads\/2023\/03\/20429894_1158795320919813_5104502063520429865_n-768x576-1.webp\" title=\"\">            <div class=\"box has-hover gallery-box box-overlay dark\">\n              <div class=\"box-image image-cover\" style=\"padding-top:56.25%;\">\n                <img loading=\"lazy\" decoding=\"async\" width=\"768\" height=\"576\" src=\"https:\/\/visitfinaleligure.it\/wp-content\/uploads\/2023\/03\/20429894_1158795320919813_5104502063520429865_n-768x576-1.webp\" class=\"attachment-original size-original\" alt=\"\" ids=\"4692,4693,4694\" col_spacing=\"xsmall\" columns=\"3\" columns__sm=\"1\" image_height=\"56.25%\" image_size=\"original\" srcset=\"https:\/\/visitfinaleligure.it\/wp-content\/uploads\/2023\/03\/20429894_1158795320919813_5104502063520429865_n-768x576-1.webp 768w, https:\/\/visitfinaleligure.it\/wp-content\/uploads\/2023\/03\/20429894_1158795320919813_5104502063520429865_n-768x576-1-300x225.webp 300w\" sizes=\"auto, (max-width: 768px) 100vw, 768px\" \/>                                  <div class=\"overlay fill\"\n                      style=\"background-color: rgba(0,0,0,.15)\">\n                  <\/div>\n                                                              <\/div>\n              <div class=\"box-text text-left\" >\n                 <p><\/p>\n              <\/div>\n            <\/div>\n            <\/a>          <\/div>\n         <\/div><\/div>\n\n\t<div id=\"gap-1407887667\" class=\"gap-element clearfix\" style=\"display:block; height:auto;\">\n\t\t\n<style>\n#gap-1407887667 {\n  padding-top: 30px;\n}\n<\/style>\n\t<\/div>\n\t\n\n\n\t\t<\/div>\n\t\t\t\t\t<\/div>\n\n\t\n\n\t<div id=\"col-708295659\" class=\"col hide-for-small medium-1 small-7 large-1\"  >\n\t\t\t\t<div class=\"col-inner text-left\"  >\n\t\t\t\n\t\t\t\n\n\n\t\t<\/div>\n\t\t\t\t\n<style>\n#col-708295659 > .col-inner {\n  margin: 0px 0px 0px 0px;\n}\n<\/style>\n\t<\/div>\n\n\t\n\n<\/div>\n\n\t\t<\/div>\n\n\t\t\n<style>\n#section_531261279 {\n  padding-top: 0px;\n  padding-bottom: 0px;\n}\n<\/style>\n\t<\/section>\n\t\n\n","protected":false},"excerpt":{"rendered":"","protected":false},"author":1,"featured_media":15291,"parent":15694,"menu_order":0,"comment_status":"closed","ping_status":"closed","template":"page-blank.php","meta":{"footnotes":""},"class_list":["post-15290","page","type-page","status-publish","has-post-thumbnail","hentry"],"yoast_head":"<!-- This site is optimized with the Yoast SEO plugin v27.3 - https:\/\/yoast.com\/product\/yoast-seo-wordpress\/ -->\n<title>Concours international de piano Palma d&#039;Oro - Visit Finale Ligure<\/title>\n<meta name=\"robots\" content=\"index, follow, max-snippet:-1, max-image-preview:large, max-video-preview:-1\" \/>\n<link rel=\"canonical\" href=\"https:\/\/visitfinaleligure.it\/fr\/grands-evenements\/concours-international-de-piano-et-de-musique-de-chambre-palma-doro\/\" \/>\n<meta property=\"og:locale\" content=\"fr_FR\" \/>\n<meta property=\"og:type\" content=\"article\" \/>\n<meta property=\"og:title\" content=\"Concours international de piano Palma d&#039;Oro - Visit Finale Ligure\" \/>\n<meta property=\"og:url\" content=\"https:\/\/visitfinaleligure.it\/fr\/grands-evenements\/concours-international-de-piano-et-de-musique-de-chambre-palma-doro\/\" \/>\n<meta property=\"og:site_name\" content=\"Visit Finale Ligure\" \/>\n<meta property=\"article:publisher\" content=\"https:\/\/www.facebook.com\/VisitFinaleLigure\" \/>\n<meta property=\"article:modified_time\" content=\"2025-11-04T08:55:22+00:00\" \/>\n<meta property=\"og:image\" content=\"https:\/\/visitfinaleligure.it\/wp-content\/uploads\/2025\/06\/palma_doro2_2024-scaled-e1749669127773.jpg\" \/>\n\t<meta property=\"og:image:width\" content=\"1442\" \/>\n\t<meta property=\"og:image:height\" content=\"1408\" \/>\n\t<meta property=\"og:image:type\" content=\"image\/jpeg\" \/>\n<meta name=\"twitter:card\" content=\"summary_large_image\" \/>\n<meta name=\"twitter:label1\" content=\"Dur\u00e9e de lecture estim\u00e9e\" \/>\n\t<meta name=\"twitter:data1\" content=\"1 minute\" \/>\n<script type=\"application\/ld+json\" class=\"yoast-schema-graph\">{\"@context\":\"https:\\\/\\\/schema.org\",\"@graph\":[{\"@type\":\"WebPage\",\"@id\":\"https:\\\/\\\/visitfinaleligure.it\\\/fr\\\/grands-evenements\\\/concours-international-de-piano-et-de-musique-de-chambre-palma-doro\\\/\",\"url\":\"https:\\\/\\\/visitfinaleligure.it\\\/fr\\\/grands-evenements\\\/concours-international-de-piano-et-de-musique-de-chambre-palma-doro\\\/\",\"name\":\"Concours international de piano Palma d'Oro - Visit Finale Ligure\",\"isPartOf\":{\"@id\":\"https:\\\/\\\/visitfinaleligure.it\\\/fr\\\/#website\"},\"primaryImageOfPage\":{\"@id\":\"https:\\\/\\\/visitfinaleligure.it\\\/fr\\\/grands-evenements\\\/concours-international-de-piano-et-de-musique-de-chambre-palma-doro\\\/#primaryimage\"},\"image\":{\"@id\":\"https:\\\/\\\/visitfinaleligure.it\\\/fr\\\/grands-evenements\\\/concours-international-de-piano-et-de-musique-de-chambre-palma-doro\\\/#primaryimage\"},\"thumbnailUrl\":\"https:\\\/\\\/visitfinaleligure.it\\\/wp-content\\\/uploads\\\/2025\\\/06\\\/palma_doro2_2024-scaled-e1749669127773.jpg\",\"datePublished\":\"2023-03-21T10:44:07+00:00\",\"dateModified\":\"2025-11-04T08:55:22+00:00\",\"breadcrumb\":{\"@id\":\"https:\\\/\\\/visitfinaleligure.it\\\/fr\\\/grands-evenements\\\/concours-international-de-piano-et-de-musique-de-chambre-palma-doro\\\/#breadcrumb\"},\"inLanguage\":\"fr-FR\",\"potentialAction\":[{\"@type\":\"ReadAction\",\"target\":[\"https:\\\/\\\/visitfinaleligure.it\\\/fr\\\/grands-evenements\\\/concours-international-de-piano-et-de-musique-de-chambre-palma-doro\\\/\"]}]},{\"@type\":\"ImageObject\",\"inLanguage\":\"fr-FR\",\"@id\":\"https:\\\/\\\/visitfinaleligure.it\\\/fr\\\/grands-evenements\\\/concours-international-de-piano-et-de-musique-de-chambre-palma-doro\\\/#primaryimage\",\"url\":\"https:\\\/\\\/visitfinaleligure.it\\\/wp-content\\\/uploads\\\/2025\\\/06\\\/palma_doro2_2024-scaled-e1749669127773.jpg\",\"contentUrl\":\"https:\\\/\\\/visitfinaleligure.it\\\/wp-content\\\/uploads\\\/2025\\\/06\\\/palma_doro2_2024-scaled-e1749669127773.jpg\",\"width\":1442,\"height\":1408},{\"@type\":\"BreadcrumbList\",\"@id\":\"https:\\\/\\\/visitfinaleligure.it\\\/fr\\\/grands-evenements\\\/concours-international-de-piano-et-de-musique-de-chambre-palma-doro\\\/#breadcrumb\",\"itemListElement\":[{\"@type\":\"ListItem\",\"position\":1,\"name\":\"Home\",\"item\":\"https:\\\/\\\/visitfinaleligure.it\\\/fr\\\/visitez-finale-ligure-site-touristique-officiel\\\/\"},{\"@type\":\"ListItem\",\"position\":2,\"name\":\"Grands \u00e9v\u00e9nements\",\"item\":\"https:\\\/\\\/visitfinaleligure.it\\\/fr\\\/grands-evenements\\\/\"},{\"@type\":\"ListItem\",\"position\":3,\"name\":\"Concours international de piano et de musique de chambre Palma d&#8217;Oro\"}]},{\"@type\":\"WebSite\",\"@id\":\"https:\\\/\\\/visitfinaleligure.it\\\/fr\\\/#website\",\"url\":\"https:\\\/\\\/visitfinaleligure.it\\\/fr\\\/\",\"name\":\"Visit Finale Ligure\",\"description\":\"My perfect place\",\"publisher\":{\"@id\":\"https:\\\/\\\/visitfinaleligure.it\\\/fr\\\/#organization\"},\"potentialAction\":[{\"@type\":\"SearchAction\",\"target\":{\"@type\":\"EntryPoint\",\"urlTemplate\":\"https:\\\/\\\/visitfinaleligure.it\\\/fr\\\/?s={search_term_string}\"},\"query-input\":{\"@type\":\"PropertyValueSpecification\",\"valueRequired\":true,\"valueName\":\"search_term_string\"}}],\"inLanguage\":\"fr-FR\"},{\"@type\":\"Organization\",\"@id\":\"https:\\\/\\\/visitfinaleligure.it\\\/fr\\\/#organization\",\"name\":\"Comune di Finale Ligure\",\"url\":\"https:\\\/\\\/visitfinaleligure.it\\\/fr\\\/\",\"logo\":{\"@type\":\"ImageObject\",\"inLanguage\":\"fr-FR\",\"@id\":\"https:\\\/\\\/visitfinaleligure.it\\\/fr\\\/#\\\/schema\\\/logo\\\/image\\\/\",\"url\":\"https:\\\/\\\/visitfinaleligure.it\\\/wp-content\\\/uploads\\\/2023\\\/04\\\/cropped-finaleligure-verticale-positivo-200x200-1.png\",\"contentUrl\":\"https:\\\/\\\/visitfinaleligure.it\\\/wp-content\\\/uploads\\\/2023\\\/04\\\/cropped-finaleligure-verticale-positivo-200x200-1.png\",\"width\":512,\"height\":512,\"caption\":\"Comune di Finale Ligure\"},\"image\":{\"@id\":\"https:\\\/\\\/visitfinaleligure.it\\\/fr\\\/#\\\/schema\\\/logo\\\/image\\\/\"},\"sameAs\":[\"https:\\\/\\\/www.facebook.com\\\/VisitFinaleLigure\",\"https:\\\/\\\/www.instagram.com\\\/visitfinale\\\/\",\"https:\\\/\\\/www.youtube.com\\\/channel\\\/UCLmoLfNmrAt9mSCll9egttw\"]}]}<\/script>\n<!-- \/ Yoast SEO plugin. -->","yoast_head_json":{"title":"Concours international de piano Palma d'Oro - Visit Finale Ligure","robots":{"index":"index","follow":"follow","max-snippet":"max-snippet:-1","max-image-preview":"max-image-preview:large","max-video-preview":"max-video-preview:-1"},"canonical":"https:\/\/visitfinaleligure.it\/fr\/grands-evenements\/concours-international-de-piano-et-de-musique-de-chambre-palma-doro\/","og_locale":"fr_FR","og_type":"article","og_title":"Concours international de piano Palma d'Oro - Visit Finale Ligure","og_url":"https:\/\/visitfinaleligure.it\/fr\/grands-evenements\/concours-international-de-piano-et-de-musique-de-chambre-palma-doro\/","og_site_name":"Visit Finale Ligure","article_publisher":"https:\/\/www.facebook.com\/VisitFinaleLigure","article_modified_time":"2025-11-04T08:55:22+00:00","og_image":[{"width":1442,"height":1408,"url":"https:\/\/visitfinaleligure.it\/wp-content\/uploads\/2025\/06\/palma_doro2_2024-scaled-e1749669127773.jpg","type":"image\/jpeg"}],"twitter_card":"summary_large_image","twitter_misc":{"Dur\u00e9e de lecture estim\u00e9e":"1 minute"},"schema":{"@context":"https:\/\/schema.org","@graph":[{"@type":"WebPage","@id":"https:\/\/visitfinaleligure.it\/fr\/grands-evenements\/concours-international-de-piano-et-de-musique-de-chambre-palma-doro\/","url":"https:\/\/visitfinaleligure.it\/fr\/grands-evenements\/concours-international-de-piano-et-de-musique-de-chambre-palma-doro\/","name":"Concours international de piano Palma d'Oro - Visit Finale Ligure","isPartOf":{"@id":"https:\/\/visitfinaleligure.it\/fr\/#website"},"primaryImageOfPage":{"@id":"https:\/\/visitfinaleligure.it\/fr\/grands-evenements\/concours-international-de-piano-et-de-musique-de-chambre-palma-doro\/#primaryimage"},"image":{"@id":"https:\/\/visitfinaleligure.it\/fr\/grands-evenements\/concours-international-de-piano-et-de-musique-de-chambre-palma-doro\/#primaryimage"},"thumbnailUrl":"https:\/\/visitfinaleligure.it\/wp-content\/uploads\/2025\/06\/palma_doro2_2024-scaled-e1749669127773.jpg","datePublished":"2023-03-21T10:44:07+00:00","dateModified":"2025-11-04T08:55:22+00:00","breadcrumb":{"@id":"https:\/\/visitfinaleligure.it\/fr\/grands-evenements\/concours-international-de-piano-et-de-musique-de-chambre-palma-doro\/#breadcrumb"},"inLanguage":"fr-FR","potentialAction":[{"@type":"ReadAction","target":["https:\/\/visitfinaleligure.it\/fr\/grands-evenements\/concours-international-de-piano-et-de-musique-de-chambre-palma-doro\/"]}]},{"@type":"ImageObject","inLanguage":"fr-FR","@id":"https:\/\/visitfinaleligure.it\/fr\/grands-evenements\/concours-international-de-piano-et-de-musique-de-chambre-palma-doro\/#primaryimage","url":"https:\/\/visitfinaleligure.it\/wp-content\/uploads\/2025\/06\/palma_doro2_2024-scaled-e1749669127773.jpg","contentUrl":"https:\/\/visitfinaleligure.it\/wp-content\/uploads\/2025\/06\/palma_doro2_2024-scaled-e1749669127773.jpg","width":1442,"height":1408},{"@type":"BreadcrumbList","@id":"https:\/\/visitfinaleligure.it\/fr\/grands-evenements\/concours-international-de-piano-et-de-musique-de-chambre-palma-doro\/#breadcrumb","itemListElement":[{"@type":"ListItem","position":1,"name":"Home","item":"https:\/\/visitfinaleligure.it\/fr\/visitez-finale-ligure-site-touristique-officiel\/"},{"@type":"ListItem","position":2,"name":"Grands \u00e9v\u00e9nements","item":"https:\/\/visitfinaleligure.it\/fr\/grands-evenements\/"},{"@type":"ListItem","position":3,"name":"Concours international de piano et de musique de chambre Palma d&#8217;Oro"}]},{"@type":"WebSite","@id":"https:\/\/visitfinaleligure.it\/fr\/#website","url":"https:\/\/visitfinaleligure.it\/fr\/","name":"Visit Finale Ligure","description":"My perfect place","publisher":{"@id":"https:\/\/visitfinaleligure.it\/fr\/#organization"},"potentialAction":[{"@type":"SearchAction","target":{"@type":"EntryPoint","urlTemplate":"https:\/\/visitfinaleligure.it\/fr\/?s={search_term_string}"},"query-input":{"@type":"PropertyValueSpecification","valueRequired":true,"valueName":"search_term_string"}}],"inLanguage":"fr-FR"},{"@type":"Organization","@id":"https:\/\/visitfinaleligure.it\/fr\/#organization","name":"Comune di Finale Ligure","url":"https:\/\/visitfinaleligure.it\/fr\/","logo":{"@type":"ImageObject","inLanguage":"fr-FR","@id":"https:\/\/visitfinaleligure.it\/fr\/#\/schema\/logo\/image\/","url":"https:\/\/visitfinaleligure.it\/wp-content\/uploads\/2023\/04\/cropped-finaleligure-verticale-positivo-200x200-1.png","contentUrl":"https:\/\/visitfinaleligure.it\/wp-content\/uploads\/2023\/04\/cropped-finaleligure-verticale-positivo-200x200-1.png","width":512,"height":512,"caption":"Comune di Finale Ligure"},"image":{"@id":"https:\/\/visitfinaleligure.it\/fr\/#\/schema\/logo\/image\/"},"sameAs":["https:\/\/www.facebook.com\/VisitFinaleLigure","https:\/\/www.instagram.com\/visitfinale\/","https:\/\/www.youtube.com\/channel\/UCLmoLfNmrAt9mSCll9egttw"]}]}},"_links":{"self":[{"href":"https:\/\/visitfinaleligure.it\/fr\/wp-json\/wp\/v2\/pages\/15290","targetHints":{"allow":["GET"]}}],"collection":[{"href":"https:\/\/visitfinaleligure.it\/fr\/wp-json\/wp\/v2\/pages"}],"about":[{"href":"https:\/\/visitfinaleligure.it\/fr\/wp-json\/wp\/v2\/types\/page"}],"author":[{"embeddable":true,"href":"https:\/\/visitfinaleligure.it\/fr\/wp-json\/wp\/v2\/users\/1"}],"replies":[{"embeddable":true,"href":"https:\/\/visitfinaleligure.it\/fr\/wp-json\/wp\/v2\/comments?post=15290"}],"version-history":[{"count":1,"href":"https:\/\/visitfinaleligure.it\/fr\/wp-json\/wp\/v2\/pages\/15290\/revisions"}],"predecessor-version":[{"id":15292,"href":"https:\/\/visitfinaleligure.it\/fr\/wp-json\/wp\/v2\/pages\/15290\/revisions\/15292"}],"up":[{"embeddable":true,"href":"https:\/\/visitfinaleligure.it\/fr\/wp-json\/wp\/v2\/pages\/15694"}],"wp:featuredmedia":[{"embeddable":true,"href":"https:\/\/visitfinaleligure.it\/fr\/wp-json\/wp\/v2\/media\/15291"}],"wp:attachment":[{"href":"https:\/\/visitfinaleligure.it\/fr\/wp-json\/wp\/v2\/media?parent=15290"}],"curies":[{"name":"wp","href":"https:\/\/api.w.org\/{rel}","templated":true}]}}