{"id":15293,"date":"2023-03-21T11:29:06","date_gmt":"2023-03-21T10:29:06","guid":{"rendered":"https:\/\/visitfinaleligure.it\/finale-for-nepal\/"},"modified":"2025-11-04T09:55:21","modified_gmt":"2025-11-04T08:55:21","slug":"finale-for-nepal","status":"publish","type":"page","link":"https:\/\/visitfinaleligure.it\/fr\/grands-evenements\/finale-for-nepal\/","title":{"rendered":"Finale For Nepal"},"content":{"rendered":"\n\n\t<section class=\"section\" id=\"section_1130047670\">\n\t\t<div class=\"section-bg fill\" >\n\t\t\t\t\t\t\t\t\t\n\t\t\t\n\n\t\t<\/div>\n\n\t\t\n\n\t\t<div class=\"section-content relative\">\n\t\t\t\n\n\t<div class=\"img has-hover x md-x lg-x y md-y lg-y\" id=\"image_2138239729\">\n\t\t\t\t\t\t\t\t<div class=\"img-inner image-cover dark\" style=\"padding-top:40%;\">\n\t\t\t<img loading=\"lazy\" decoding=\"async\" width=\"1280\" height=\"853\" src=\"https:\/\/visitfinaleligure.it\/wp-content\/uploads\/2023\/03\/finale-for-nepal-2-ph-ritm1114.webp\" class=\"attachment-original size-original\" alt=\"\" srcset=\"https:\/\/visitfinaleligure.it\/wp-content\/uploads\/2023\/03\/finale-for-nepal-2-ph-ritm1114.webp 1280w, https:\/\/visitfinaleligure.it\/wp-content\/uploads\/2023\/03\/finale-for-nepal-2-ph-ritm1114-300x200.webp 300w, https:\/\/visitfinaleligure.it\/wp-content\/uploads\/2023\/03\/finale-for-nepal-2-ph-ritm1114-1024x682.webp 1024w, https:\/\/visitfinaleligure.it\/wp-content\/uploads\/2023\/03\/finale-for-nepal-2-ph-ritm1114-768x512.webp 768w\" sizes=\"auto, (max-width: 1280px) 100vw, 1280px\" \/>\t\t\t\t\t\t\n\t\t\t\t\t<\/div>\n\t\t\t\t\t\t\t\t\n<style>\n#image_2138239729 {\n  width: 100%;\n}\n<\/style>\n\t<\/div>\n\t\n\n\n\t\t<\/div>\n\n\t\t\n<style>\n#section_1130047670 {\n  padding-top: 30px;\n  padding-bottom: 30px;\n}\n<\/style>\n\t<\/section>\n\t\n\n\t<section class=\"section\" id=\"section_493194277\">\n\t\t<div class=\"section-bg fill\" >\n\t\t\t\t\t\t\t\t\t\n\t\t\t\n\n\t\t<\/div>\n\n\t\t\n\n\t\t<div class=\"section-content relative\">\n\t\t\t\n\n<div class=\"row\"  id=\"row-609706148\">\n\n\n\t<div id=\"col-244403963\" class=\"col hide-for-small medium-1 small-12 large-1\"  >\n\t\t\t\t<div class=\"col-inner text-left\"  >\n\t\t\t\n\t\t\t\n\n\n\t\t<\/div>\n\t\t\t\t\n<style>\n#col-244403963 > .col-inner {\n  margin: 0px 0px 0px 0px;\n}\n<\/style>\n\t<\/div>\n\n\t\n\n\t<div id=\"col-1225490743\" class=\"col medium-10 small-12 large-10\"  >\n\t\t\t\t<div class=\"col-inner text-left\"  >\n\t\t\t\n\t\t\t\n\n\t<div id=\"text-1053899175\" class=\"text testi-body\">\n\t\t\n\n<h1 class=\"testi-titolo\">Finale For Nepal<\/h1>\n\t\t\n<style>\n#text-1053899175 {\n  font-size: 1.5rem;\n  color: rgb(0,0,0);\n}\n#text-1053899175 > * {\n  color: rgb(0,0,0);\n}\n<\/style>\n\t<\/div>\n\t\n<p><strong>Finale for Nepal<\/strong>, c&#8217;est le partage, la passion et le sport. Une collecte de fonds qui se transforme en une grande f\u00eate de l&#8217;escalade pour c\u00e9l\u00e9brer le N\u00e9pal et aider les enfants et les jeunes n\u00e9palais \u00e0 avoir un toit et une \u00e9ducation. <\/p>\n<p>En 2009, un groupe de jeunes a cr\u00e9\u00e9 l&#8217;association b\u00e9n\u00e9vole Finale For Nepal, qui soutient enti\u00e8rement l&#8217;orphelinat \u00ab La Casa di Ste \u00bb \u00e0 Katmandou et promeut divers projets sociaux dans ce pays asiatique.<\/p>\n<p>Finale for Nepal rassemble l&#8217;esprit outdoor de Finale Ligure et le concilie avec l&#8217;art, la culture et l&#8217;artisanat.<\/p>\n<p>En savoir plus sur <a href=\"https:\/\/www.finalefornepal.org\/\" target=\"_blank\" rel=\"noopener\">https:\/\/www.finalefornepal.org\/<\/a><\/p>\n\t<div id=\"gap-758937640\" class=\"gap-element clearfix\" style=\"display:block; height:auto;\">\n\t\t\n<style>\n#gap-758937640 {\n  padding-top: 50px;\n}\n<\/style>\n\t<\/div>\n\t\n\n\n  \n    <div class=\"row large-columns-3 medium-columns- small-columns-2 row-xsmall\" >\n  <div class=\"gallery-col col\" >\n          <div class=\"col-inner\">\n            <a class=\"image-lightbox lightbox-gallery\" href=\"https:\/\/visitfinaleligure.it\/wp-content\/uploads\/2023\/03\/finale-for-nepal-2-ph-ritm1114-1024x682.webp\" title=\"\">            <div class=\"box has-hover gallery-box box-overlay dark\">\n              <div class=\"box-image\" >\n                <img loading=\"lazy\" decoding=\"async\" width=\"1280\" height=\"853\" src=\"https:\/\/visitfinaleligure.it\/wp-content\/uploads\/2023\/03\/finale-for-nepal-2-ph-ritm1114.webp\" class=\"attachment-original size-original\" alt=\"\" ids=\"4673,4674,4675\" col_spacing=\"xsmall\" columns=\"3\" image_size=\"original\" srcset=\"https:\/\/visitfinaleligure.it\/wp-content\/uploads\/2023\/03\/finale-for-nepal-2-ph-ritm1114.webp 1280w, https:\/\/visitfinaleligure.it\/wp-content\/uploads\/2023\/03\/finale-for-nepal-2-ph-ritm1114-300x200.webp 300w, https:\/\/visitfinaleligure.it\/wp-content\/uploads\/2023\/03\/finale-for-nepal-2-ph-ritm1114-1024x682.webp 1024w, https:\/\/visitfinaleligure.it\/wp-content\/uploads\/2023\/03\/finale-for-nepal-2-ph-ritm1114-768x512.webp 768w\" sizes=\"auto, (max-width: 1280px) 100vw, 1280px\" \/>                                  <div class=\"overlay fill\"\n                      style=\"background-color: rgba(0,0,0,.15)\">\n                  <\/div>\n                                                              <\/div>\n              <div class=\"box-text text-left\" >\n                 <p><\/p>\n              <\/div>\n            <\/div>\n            <\/a>          <\/div>\n         <\/div><div class=\"gallery-col col\" >\n          <div class=\"col-inner\">\n            <a class=\"image-lightbox lightbox-gallery\" href=\"https:\/\/visitfinaleligure.it\/wp-content\/uploads\/2023\/03\/finale-for-nepal-ph-ritm1113-1024x682.jpeg\" title=\"\">            <div class=\"box has-hover gallery-box box-overlay dark\">\n              <div class=\"box-image\" >\n                <img loading=\"lazy\" decoding=\"async\" width=\"1280\" height=\"853\" src=\"https:\/\/visitfinaleligure.it\/wp-content\/uploads\/2023\/03\/finale-for-nepal-ph-ritm1113.jpeg\" class=\"attachment-original size-original\" alt=\"\" ids=\"4673,4674,4675\" col_spacing=\"xsmall\" columns=\"3\" image_size=\"original\" srcset=\"https:\/\/visitfinaleligure.it\/wp-content\/uploads\/2023\/03\/finale-for-nepal-ph-ritm1113.jpeg 1280w, https:\/\/visitfinaleligure.it\/wp-content\/uploads\/2023\/03\/finale-for-nepal-ph-ritm1113-300x200.jpeg 300w, https:\/\/visitfinaleligure.it\/wp-content\/uploads\/2023\/03\/finale-for-nepal-ph-ritm1113-1024x682.jpeg 1024w, https:\/\/visitfinaleligure.it\/wp-content\/uploads\/2023\/03\/finale-for-nepal-ph-ritm1113-768x512.jpeg 768w\" sizes=\"auto, (max-width: 1280px) 100vw, 1280px\" \/>                                  <div class=\"overlay fill\"\n                      style=\"background-color: rgba(0,0,0,.15)\">\n                  <\/div>\n                                                              <\/div>\n              <div class=\"box-text text-left\" >\n                 <p><\/p>\n              <\/div>\n            <\/div>\n            <\/a>          <\/div>\n         <\/div><div class=\"gallery-col col\" >\n          <div class=\"col-inner\">\n            <a class=\"image-lightbox lightbox-gallery\" href=\"https:\/\/visitfinaleligure.it\/wp-content\/uploads\/2023\/03\/Finale-For-Nepal-1024x683.jpeg\" title=\"\">            <div class=\"box has-hover gallery-box box-overlay dark\">\n              <div class=\"box-image\" >\n                <img loading=\"lazy\" decoding=\"async\" width=\"1800\" height=\"1200\" src=\"https:\/\/visitfinaleligure.it\/wp-content\/uploads\/2023\/03\/Finale-For-Nepal.jpeg\" class=\"attachment-original size-original\" alt=\"Finale for Nepal\" ids=\"4673,4674,4675\" col_spacing=\"xsmall\" columns=\"3\" image_size=\"original\" srcset=\"https:\/\/visitfinaleligure.it\/wp-content\/uploads\/2023\/03\/Finale-For-Nepal.jpeg 1800w, https:\/\/visitfinaleligure.it\/wp-content\/uploads\/2023\/03\/Finale-For-Nepal-300x200.jpeg 300w, https:\/\/visitfinaleligure.it\/wp-content\/uploads\/2023\/03\/Finale-For-Nepal-1024x683.jpeg 1024w, https:\/\/visitfinaleligure.it\/wp-content\/uploads\/2023\/03\/Finale-For-Nepal-768x512.jpeg 768w, https:\/\/visitfinaleligure.it\/wp-content\/uploads\/2023\/03\/Finale-For-Nepal-1536x1024.jpeg 1536w\" sizes=\"auto, (max-width: 1800px) 100vw, 1800px\" \/>                                  <div class=\"overlay fill\"\n                      style=\"background-color: rgba(0,0,0,.15)\">\n                  <\/div>\n                                                              <\/div>\n              <div class=\"box-text text-left\" >\n                 <p><\/p>\n              <\/div>\n            <\/div>\n            <\/a>          <\/div>\n         <\/div><\/div>\n\n\t<div id=\"gap-1307490678\" class=\"gap-element clearfix\" style=\"display:block; height:auto;\">\n\t\t\n<style>\n#gap-1307490678 {\n  padding-top: 30px;\n}\n<\/style>\n\t<\/div>\n\t\n\n\n\t\t<\/div>\n\t\t\t\t\t<\/div>\n\n\t\n\n\t<div id=\"col-2064212996\" class=\"col hide-for-small medium-1 small-7 large-1\"  >\n\t\t\t\t<div class=\"col-inner text-left\"  >\n\t\t\t\n\t\t\t\n\n\n\t\t<\/div>\n\t\t\t\t\n<style>\n#col-2064212996 > .col-inner {\n  margin: 0px 0px 0px 0px;\n}\n<\/style>\n\t<\/div>\n\n\t\n\n<\/div>\n\n\t\t<\/div>\n\n\t\t\n<style>\n#section_493194277 {\n  padding-top: 0px;\n  padding-bottom: 0px;\n}\n<\/style>\n\t<\/section>\n\t\n\n","protected":false},"excerpt":{"rendered":"","protected":false},"author":1,"featured_media":15294,"parent":15694,"menu_order":0,"comment_status":"closed","ping_status":"closed","template":"page-blank.php","meta":{"footnotes":""},"class_list":["post-15293","page","type-page","status-publish","has-post-thumbnail","hentry"],"yoast_head":"<!-- This site is optimized with the Yoast SEO plugin v27.3 - https:\/\/yoast.com\/product\/yoast-seo-wordpress\/ -->\n<title>Finale For Nepal - Visit Finale Ligure<\/title>\n<meta name=\"robots\" content=\"index, follow, max-snippet:-1, max-image-preview:large, max-video-preview:-1\" \/>\n<link rel=\"canonical\" href=\"https:\/\/visitfinaleligure.it\/fr\/grands-evenements\/finale-for-nepal\/\" \/>\n<meta property=\"og:locale\" content=\"fr_FR\" \/>\n<meta property=\"og:type\" content=\"article\" \/>\n<meta property=\"og:title\" content=\"Finale For Nepal - Visit Finale Ligure\" \/>\n<meta property=\"og:url\" content=\"https:\/\/visitfinaleligure.it\/fr\/grands-evenements\/finale-for-nepal\/\" \/>\n<meta property=\"og:site_name\" content=\"Visit Finale Ligure\" \/>\n<meta property=\"article:publisher\" content=\"https:\/\/www.facebook.com\/VisitFinaleLigure\" \/>\n<meta property=\"article:modified_time\" content=\"2025-11-04T08:55:21+00:00\" \/>\n<meta property=\"og:image\" content=\"https:\/\/visitfinaleligure.it\/wp-content\/uploads\/2023\/03\/Finale-For-Nepal.jpeg\" \/>\n\t<meta property=\"og:image:width\" content=\"1800\" \/>\n\t<meta property=\"og:image:height\" content=\"1200\" \/>\n\t<meta property=\"og:image:type\" content=\"image\/jpeg\" \/>\n<meta name=\"twitter:card\" content=\"summary_large_image\" \/>\n<meta name=\"twitter:label1\" content=\"Dur\u00e9e de lecture estim\u00e9e\" \/>\n\t<meta name=\"twitter:data1\" content=\"1 minute\" \/>\n<script type=\"application\/ld+json\" class=\"yoast-schema-graph\">{\"@context\":\"https:\\\/\\\/schema.org\",\"@graph\":[{\"@type\":\"WebPage\",\"@id\":\"https:\\\/\\\/visitfinaleligure.it\\\/fr\\\/grands-evenements\\\/finale-for-nepal\\\/\",\"url\":\"https:\\\/\\\/visitfinaleligure.it\\\/fr\\\/grands-evenements\\\/finale-for-nepal\\\/\",\"name\":\"Finale For Nepal - Visit Finale Ligure\",\"isPartOf\":{\"@id\":\"https:\\\/\\\/visitfinaleligure.it\\\/fr\\\/#website\"},\"primaryImageOfPage\":{\"@id\":\"https:\\\/\\\/visitfinaleligure.it\\\/fr\\\/grands-evenements\\\/finale-for-nepal\\\/#primaryimage\"},\"image\":{\"@id\":\"https:\\\/\\\/visitfinaleligure.it\\\/fr\\\/grands-evenements\\\/finale-for-nepal\\\/#primaryimage\"},\"thumbnailUrl\":\"https:\\\/\\\/visitfinaleligure.it\\\/wp-content\\\/uploads\\\/2023\\\/03\\\/Finale-For-Nepal.jpeg\",\"datePublished\":\"2023-03-21T10:29:06+00:00\",\"dateModified\":\"2025-11-04T08:55:21+00:00\",\"breadcrumb\":{\"@id\":\"https:\\\/\\\/visitfinaleligure.it\\\/fr\\\/grands-evenements\\\/finale-for-nepal\\\/#breadcrumb\"},\"inLanguage\":\"fr-FR\",\"potentialAction\":[{\"@type\":\"ReadAction\",\"target\":[\"https:\\\/\\\/visitfinaleligure.it\\\/fr\\\/grands-evenements\\\/finale-for-nepal\\\/\"]}]},{\"@type\":\"ImageObject\",\"inLanguage\":\"fr-FR\",\"@id\":\"https:\\\/\\\/visitfinaleligure.it\\\/fr\\\/grands-evenements\\\/finale-for-nepal\\\/#primaryimage\",\"url\":\"https:\\\/\\\/visitfinaleligure.it\\\/wp-content\\\/uploads\\\/2023\\\/03\\\/Finale-For-Nepal.jpeg\",\"contentUrl\":\"https:\\\/\\\/visitfinaleligure.it\\\/wp-content\\\/uploads\\\/2023\\\/03\\\/Finale-For-Nepal.jpeg\",\"width\":1800,\"height\":1200,\"caption\":\"Finale for Nepal\"},{\"@type\":\"BreadcrumbList\",\"@id\":\"https:\\\/\\\/visitfinaleligure.it\\\/fr\\\/grands-evenements\\\/finale-for-nepal\\\/#breadcrumb\",\"itemListElement\":[{\"@type\":\"ListItem\",\"position\":1,\"name\":\"Home\",\"item\":\"https:\\\/\\\/visitfinaleligure.it\\\/fr\\\/visitez-finale-ligure-site-touristique-officiel\\\/\"},{\"@type\":\"ListItem\",\"position\":2,\"name\":\"Grands \u00e9v\u00e9nements\",\"item\":\"https:\\\/\\\/visitfinaleligure.it\\\/fr\\\/grands-evenements\\\/\"},{\"@type\":\"ListItem\",\"position\":3,\"name\":\"Finale For Nepal\"}]},{\"@type\":\"WebSite\",\"@id\":\"https:\\\/\\\/visitfinaleligure.it\\\/fr\\\/#website\",\"url\":\"https:\\\/\\\/visitfinaleligure.it\\\/fr\\\/\",\"name\":\"Visit Finale Ligure\",\"description\":\"My perfect place\",\"publisher\":{\"@id\":\"https:\\\/\\\/visitfinaleligure.it\\\/fr\\\/#organization\"},\"potentialAction\":[{\"@type\":\"SearchAction\",\"target\":{\"@type\":\"EntryPoint\",\"urlTemplate\":\"https:\\\/\\\/visitfinaleligure.it\\\/fr\\\/?s={search_term_string}\"},\"query-input\":{\"@type\":\"PropertyValueSpecification\",\"valueRequired\":true,\"valueName\":\"search_term_string\"}}],\"inLanguage\":\"fr-FR\"},{\"@type\":\"Organization\",\"@id\":\"https:\\\/\\\/visitfinaleligure.it\\\/fr\\\/#organization\",\"name\":\"Comune di Finale Ligure\",\"url\":\"https:\\\/\\\/visitfinaleligure.it\\\/fr\\\/\",\"logo\":{\"@type\":\"ImageObject\",\"inLanguage\":\"fr-FR\",\"@id\":\"https:\\\/\\\/visitfinaleligure.it\\\/fr\\\/#\\\/schema\\\/logo\\\/image\\\/\",\"url\":\"https:\\\/\\\/visitfinaleligure.it\\\/wp-content\\\/uploads\\\/2023\\\/04\\\/cropped-finaleligure-verticale-positivo-200x200-1.png\",\"contentUrl\":\"https:\\\/\\\/visitfinaleligure.it\\\/wp-content\\\/uploads\\\/2023\\\/04\\\/cropped-finaleligure-verticale-positivo-200x200-1.png\",\"width\":512,\"height\":512,\"caption\":\"Comune di Finale Ligure\"},\"image\":{\"@id\":\"https:\\\/\\\/visitfinaleligure.it\\\/fr\\\/#\\\/schema\\\/logo\\\/image\\\/\"},\"sameAs\":[\"https:\\\/\\\/www.facebook.com\\\/VisitFinaleLigure\",\"https:\\\/\\\/www.instagram.com\\\/visitfinale\\\/\",\"https:\\\/\\\/www.youtube.com\\\/channel\\\/UCLmoLfNmrAt9mSCll9egttw\"]}]}<\/script>\n<!-- \/ Yoast SEO plugin. -->","yoast_head_json":{"title":"Finale For Nepal - Visit Finale Ligure","robots":{"index":"index","follow":"follow","max-snippet":"max-snippet:-1","max-image-preview":"max-image-preview:large","max-video-preview":"max-video-preview:-1"},"canonical":"https:\/\/visitfinaleligure.it\/fr\/grands-evenements\/finale-for-nepal\/","og_locale":"fr_FR","og_type":"article","og_title":"Finale For Nepal - Visit Finale Ligure","og_url":"https:\/\/visitfinaleligure.it\/fr\/grands-evenements\/finale-for-nepal\/","og_site_name":"Visit Finale Ligure","article_publisher":"https:\/\/www.facebook.com\/VisitFinaleLigure","article_modified_time":"2025-11-04T08:55:21+00:00","og_image":[{"width":1800,"height":1200,"url":"https:\/\/visitfinaleligure.it\/wp-content\/uploads\/2023\/03\/Finale-For-Nepal.jpeg","type":"image\/jpeg"}],"twitter_card":"summary_large_image","twitter_misc":{"Dur\u00e9e de lecture estim\u00e9e":"1 minute"},"schema":{"@context":"https:\/\/schema.org","@graph":[{"@type":"WebPage","@id":"https:\/\/visitfinaleligure.it\/fr\/grands-evenements\/finale-for-nepal\/","url":"https:\/\/visitfinaleligure.it\/fr\/grands-evenements\/finale-for-nepal\/","name":"Finale For Nepal - Visit Finale Ligure","isPartOf":{"@id":"https:\/\/visitfinaleligure.it\/fr\/#website"},"primaryImageOfPage":{"@id":"https:\/\/visitfinaleligure.it\/fr\/grands-evenements\/finale-for-nepal\/#primaryimage"},"image":{"@id":"https:\/\/visitfinaleligure.it\/fr\/grands-evenements\/finale-for-nepal\/#primaryimage"},"thumbnailUrl":"https:\/\/visitfinaleligure.it\/wp-content\/uploads\/2023\/03\/Finale-For-Nepal.jpeg","datePublished":"2023-03-21T10:29:06+00:00","dateModified":"2025-11-04T08:55:21+00:00","breadcrumb":{"@id":"https:\/\/visitfinaleligure.it\/fr\/grands-evenements\/finale-for-nepal\/#breadcrumb"},"inLanguage":"fr-FR","potentialAction":[{"@type":"ReadAction","target":["https:\/\/visitfinaleligure.it\/fr\/grands-evenements\/finale-for-nepal\/"]}]},{"@type":"ImageObject","inLanguage":"fr-FR","@id":"https:\/\/visitfinaleligure.it\/fr\/grands-evenements\/finale-for-nepal\/#primaryimage","url":"https:\/\/visitfinaleligure.it\/wp-content\/uploads\/2023\/03\/Finale-For-Nepal.jpeg","contentUrl":"https:\/\/visitfinaleligure.it\/wp-content\/uploads\/2023\/03\/Finale-For-Nepal.jpeg","width":1800,"height":1200,"caption":"Finale for Nepal"},{"@type":"BreadcrumbList","@id":"https:\/\/visitfinaleligure.it\/fr\/grands-evenements\/finale-for-nepal\/#breadcrumb","itemListElement":[{"@type":"ListItem","position":1,"name":"Home","item":"https:\/\/visitfinaleligure.it\/fr\/visitez-finale-ligure-site-touristique-officiel\/"},{"@type":"ListItem","position":2,"name":"Grands \u00e9v\u00e9nements","item":"https:\/\/visitfinaleligure.it\/fr\/grands-evenements\/"},{"@type":"ListItem","position":3,"name":"Finale For Nepal"}]},{"@type":"WebSite","@id":"https:\/\/visitfinaleligure.it\/fr\/#website","url":"https:\/\/visitfinaleligure.it\/fr\/","name":"Visit Finale Ligure","description":"My perfect place","publisher":{"@id":"https:\/\/visitfinaleligure.it\/fr\/#organization"},"potentialAction":[{"@type":"SearchAction","target":{"@type":"EntryPoint","urlTemplate":"https:\/\/visitfinaleligure.it\/fr\/?s={search_term_string}"},"query-input":{"@type":"PropertyValueSpecification","valueRequired":true,"valueName":"search_term_string"}}],"inLanguage":"fr-FR"},{"@type":"Organization","@id":"https:\/\/visitfinaleligure.it\/fr\/#organization","name":"Comune di Finale Ligure","url":"https:\/\/visitfinaleligure.it\/fr\/","logo":{"@type":"ImageObject","inLanguage":"fr-FR","@id":"https:\/\/visitfinaleligure.it\/fr\/#\/schema\/logo\/image\/","url":"https:\/\/visitfinaleligure.it\/wp-content\/uploads\/2023\/04\/cropped-finaleligure-verticale-positivo-200x200-1.png","contentUrl":"https:\/\/visitfinaleligure.it\/wp-content\/uploads\/2023\/04\/cropped-finaleligure-verticale-positivo-200x200-1.png","width":512,"height":512,"caption":"Comune di Finale Ligure"},"image":{"@id":"https:\/\/visitfinaleligure.it\/fr\/#\/schema\/logo\/image\/"},"sameAs":["https:\/\/www.facebook.com\/VisitFinaleLigure","https:\/\/www.instagram.com\/visitfinale\/","https:\/\/www.youtube.com\/channel\/UCLmoLfNmrAt9mSCll9egttw"]}]}},"_links":{"self":[{"href":"https:\/\/visitfinaleligure.it\/fr\/wp-json\/wp\/v2\/pages\/15293","targetHints":{"allow":["GET"]}}],"collection":[{"href":"https:\/\/visitfinaleligure.it\/fr\/wp-json\/wp\/v2\/pages"}],"about":[{"href":"https:\/\/visitfinaleligure.it\/fr\/wp-json\/wp\/v2\/types\/page"}],"author":[{"embeddable":true,"href":"https:\/\/visitfinaleligure.it\/fr\/wp-json\/wp\/v2\/users\/1"}],"replies":[{"embeddable":true,"href":"https:\/\/visitfinaleligure.it\/fr\/wp-json\/wp\/v2\/comments?post=15293"}],"version-history":[{"count":1,"href":"https:\/\/visitfinaleligure.it\/fr\/wp-json\/wp\/v2\/pages\/15293\/revisions"}],"predecessor-version":[{"id":15295,"href":"https:\/\/visitfinaleligure.it\/fr\/wp-json\/wp\/v2\/pages\/15293\/revisions\/15295"}],"up":[{"embeddable":true,"href":"https:\/\/visitfinaleligure.it\/fr\/wp-json\/wp\/v2\/pages\/15694"}],"wp:featuredmedia":[{"embeddable":true,"href":"https:\/\/visitfinaleligure.it\/fr\/wp-json\/wp\/v2\/media\/15294"}],"wp:attachment":[{"href":"https:\/\/visitfinaleligure.it\/fr\/wp-json\/wp\/v2\/media?parent=15293"}],"curies":[{"name":"wp","href":"https:\/\/api.w.org\/{rel}","templated":true}]}}