{"id":15302,"date":"2023-03-21T11:25:44","date_gmt":"2023-03-21T10:25:44","guid":{"rendered":"https:\/\/visitfinaleligure.it\/uci-marathon-finale-ligure\/"},"modified":"2025-11-04T09:55:21","modified_gmt":"2025-11-04T08:55:21","slug":"uci-marathon-finale-ligure","status":"publish","type":"page","link":"https:\/\/visitfinaleligure.it\/fr\/grands-evenements\/uci-marathon-finale-ligure\/","title":{"rendered":"UCI Marathon Finale Ligure"},"content":{"rendered":"\n\n\t<section class=\"section\" id=\"section_2067573585\">\n\t\t<div class=\"section-bg fill\" >\n\t\t\t\t\t\t\t\t\t\n\t\t\t\n\n\t\t<\/div>\n\n\t\t\n\n\t\t<div class=\"section-content relative\">\n\t\t\t\n\n\t<div class=\"img has-hover x md-x lg-x y md-y lg-y\" id=\"image_296675581\">\n\t\t\t\t\t\t\t\t<div class=\"img-inner image-cover dark\" style=\"padding-top:40%;\">\n\t\t\t<img loading=\"lazy\" decoding=\"async\" width=\"2500\" height=\"1667\" src=\"https:\/\/visitfinaleligure.it\/wp-content\/uploads\/2023\/03\/Louise-Paulin_foto-Enduro-World-Series-1.jpg\" class=\"attachment-original size-original\" alt=\"EWS Finale Ligure\" srcset=\"https:\/\/visitfinaleligure.it\/wp-content\/uploads\/2023\/03\/Louise-Paulin_foto-Enduro-World-Series-1.jpg 2500w, https:\/\/visitfinaleligure.it\/wp-content\/uploads\/2023\/03\/Louise-Paulin_foto-Enduro-World-Series-1-300x200.jpg 300w, https:\/\/visitfinaleligure.it\/wp-content\/uploads\/2023\/03\/Louise-Paulin_foto-Enduro-World-Series-1-1024x683.jpg 1024w, https:\/\/visitfinaleligure.it\/wp-content\/uploads\/2023\/03\/Louise-Paulin_foto-Enduro-World-Series-1-768x512.jpg 768w, https:\/\/visitfinaleligure.it\/wp-content\/uploads\/2023\/03\/Louise-Paulin_foto-Enduro-World-Series-1-1536x1024.jpg 1536w, https:\/\/visitfinaleligure.it\/wp-content\/uploads\/2023\/03\/Louise-Paulin_foto-Enduro-World-Series-1-2048x1366.jpg 2048w\" sizes=\"auto, (max-width: 2500px) 100vw, 2500px\" \/>\t\t\t\t\t\t\n\t\t\t\t\t<\/div>\n\t\t\t\t\t\t\t\t\n<style>\n#image_296675581 {\n  width: 100%;\n}\n<\/style>\n\t<\/div>\n\t\n\n\n\t\t<\/div>\n\n\t\t\n<style>\n#section_2067573585 {\n  padding-top: 30px;\n  padding-bottom: 30px;\n}\n<\/style>\n\t<\/section>\n\t\n\n\t<section class=\"section\" id=\"section_1117766707\">\n\t\t<div class=\"section-bg fill\" >\n\t\t\t\t\t\t\t\t\t\n\t\t\t\n\n\t\t<\/div>\n\n\t\t\n\n\t\t<div class=\"section-content relative\">\n\t\t\t\n\n<div class=\"row\"  id=\"row-411973156\">\n\n\n\t<div id=\"col-678108133\" class=\"col hide-for-small medium-1 small-12 large-1\"  >\n\t\t\t\t<div class=\"col-inner text-left\"  >\n\t\t\t\n\t\t\t\n\n\n\t\t<\/div>\n\t\t\t\t\n<style>\n#col-678108133 > .col-inner {\n  margin: 0px 0px 0px 0px;\n}\n<\/style>\n\t<\/div>\n\n\t\n\n\t<div id=\"col-2003188808\" class=\"col medium-10 small-12 large-10\"  >\n\t\t\t\t<div class=\"col-inner text-left\"  >\n\t\t\t\n\t\t\t\n\n\t<div id=\"text-2259192957\" class=\"text testi-body\">\n\t\t\n\n<h1 class=\"testi-titolo\">UCI MARATHON WORLD CUP<\/p>\n<\/h1>\n\t\t\n<style>\n#text-2259192957 {\n  font-size: 1.5rem;\n  color: rgb(0,0,0);\n}\n#text-2259192957 > * {\n  color: rgb(0,0,0);\n}\n<\/style>\n\t<\/div>\n\t\n<p>Finale Ligure, appr\u00e9ci\u00e9e pour ses sentiers de VTT et ses panoramas \u00e0 couper le souffle, est devenue c\u00e9l\u00e8bre dans le monde entier gr\u00e2ce \u00e0 ses \u00e9v\u00e9nements sportifs : les premi\u00e8res courses de cross-country dans les ann\u00e9es 90, <strong>les 24 heures de Finale<\/strong> sur le plateau des Manie pendant 21 ans, puis, \u00e0 la fin des ann\u00e9es 2000, l&#8217;arriv\u00e9e <strong>de l&#8217;enduro en VTT<\/strong>, une nouvelle discipline qui a trouv\u00e9 dans cette r\u00e9gion faite de vall\u00e9es et de plateaux l&#8217;endroit id\u00e9al pour la pratiquer.<\/p>\n<p>Cette discipline, qui est non seulement la plus r\u00e9cente parmi les sp\u00e9cialit\u00e9s du cyclisme tout-terrain, mais aussi l&#8217;une des plus spectaculaires, pr\u00e9sente un format de course tr\u00e8s similaire \u00e0 celui des rallyes, avec une alternance de \u00ab transferts \u00bb (tron\u00e7ons non chronom\u00e9tr\u00e9s, mais qui doivent \u00eatre parcourus dans un temps limite) et d&#8217;\u00ab \u00e9preuves sp\u00e9ciales \u00bb (tron\u00e7ons chronom\u00e9tr\u00e9s et principalement en descente).<\/p>\n<p><strong>Depuis 2008, FinalEnduro<\/strong> est l&#8217;\u00e9v\u00e9nement sportif qui a vu l&#8217;organisation des \u00e9tapes du circuit national <strong>Superenduro<\/strong> et, de 2013 \u00e0 2022, de l&#8217;<strong>Enduro World Series<\/strong>, circuit international qui a attir\u00e9 \u00e0 Finale Ligure pendant 10 ann\u00e9es cons\u00e9cutives les meilleurs riders du monde et qui l&#8217;a d\u00e9finitivement consacr\u00e9e comme la patrie de cette discipline. Chaque \u00e9dition de la course a pr\u00e9sent\u00e9 un parcours diff\u00e9rent, mettant en \u00e9vidence la quantit\u00e9 et la grande vari\u00e9t\u00e9 de sentiers que la r\u00e9gion de Finale est en mesure d&#8217;offrir. En 2019 et 2022, le \u00ab <strong>Troph\u00e9e des Nations<\/strong> \u00bb, une course par \u00e9quipe unique et passionnante dans le domaine du VTT, \u00e0 laquelle ont particip\u00e9 des \u00e9quipes de 35 pays diff\u00e9rents, s&#8217;est d\u00e9roul\u00e9e \u00e0 Finale.  <\/p>\n<p>En 2023, le niveau des \u00e9v\u00e9nements sportifs va encore monter d&#8217;un cran avec l&#8217;arriv\u00e9e \u00e0 Finale de <strong>la Coupe du monde de marathon UCI : premi\u00e8re course de la Coupe du monde de marathon cross-country<\/strong> organis\u00e9e en Italie et deuxi\u00e8me au monde, cette course d&#8217;un parcours de 100 km et 3 000 m\u00e8tres de d\u00e9nivel\u00e9, avec d\u00e9part et arriv\u00e9e dans le magnifique village de Finalborgo, attirera \u00e0 Finale Ligure les meilleurs athl\u00e8tes de la discipline et les \u00e9quipes officielles de l&#8217;UCI, mais aussi de nombreux amateurs qui se mettront \u00e0 l&#8217;\u00e9preuve sur le m\u00eame parcours que les athl\u00e8tes de la Coupe du monde.<\/p>\n<p>Le parcours de la course se caract\u00e9rise par une grande vari\u00e9t\u00e9 de sentiers monotraces exigeants, longs, techniques et fluides qui se succ\u00e8dent et couvrent environ 35 km du parcours, cr\u00e9ant un rythme de course merveilleux, avec beaucoup de fluidit\u00e9 et des chemins de terre rapides pour reprendre son souffle et parcourir un peu de distance. Des sites historiques, des vues splendides sur la mer et des panoramas inhabituels, des for\u00eats de h\u00eatres, des single tracks rocheux, des villages anciens et bien d&#8217;autres choses encore font de ce parcours \u00e9pique, exigeant et passionnant un v\u00e9ritable must pour les amateurs de longues randonn\u00e9es \u00e0 v\u00e9lo. <\/p>\n<p> <\/p>\n<p>Pour en savoir plus <a href=\"https:\/\/finaleoutdoor.com\" target=\"_blank\" rel=\"noopener\">https:\/\/finaleoutdoor.com<\/a><\/p>\n\t<div id=\"gap-110331737\" class=\"gap-element clearfix\" style=\"display:block; height:auto;\">\n\t\t\n<style>\n#gap-110331737 {\n  padding-top: 50px;\n}\n<\/style>\n\t<\/div>\n\t\n\n\n  \n    <div class=\"row large-columns-3 medium-columns- small-columns-2 row-xsmall\" >\n  <div class=\"gallery-col col\" >\n          <div class=\"col-inner\">\n            <a class=\"image-lightbox lightbox-gallery\" href=\"https:\/\/visitfinaleligure.it\/wp-content\/uploads\/2023\/04\/thumbnail_24hofFinaleLigure_2018-213-low-1024x682.jpg\" title=\"\">            <div class=\"box has-hover gallery-box box-overlay dark\">\n              <div class=\"box-image\" >\n                <img loading=\"lazy\" decoding=\"async\" width=\"1280\" height=\"853\" src=\"https:\/\/visitfinaleligure.it\/wp-content\/uploads\/2023\/04\/thumbnail_24hofFinaleLigure_2018-213-low.jpg\" class=\"attachment-original size-original\" alt=\"\" ids=\"7682,7685,7688\" col_spacing=\"xsmall\" columns=\"3\" image_size=\"original\" srcset=\"https:\/\/visitfinaleligure.it\/wp-content\/uploads\/2023\/04\/thumbnail_24hofFinaleLigure_2018-213-low.jpg 1280w, https:\/\/visitfinaleligure.it\/wp-content\/uploads\/2023\/04\/thumbnail_24hofFinaleLigure_2018-213-low-300x200.jpg 300w, https:\/\/visitfinaleligure.it\/wp-content\/uploads\/2023\/04\/thumbnail_24hofFinaleLigure_2018-213-low-1024x682.jpg 1024w, https:\/\/visitfinaleligure.it\/wp-content\/uploads\/2023\/04\/thumbnail_24hofFinaleLigure_2018-213-low-768x512.jpg 768w\" sizes=\"auto, (max-width: 1280px) 100vw, 1280px\" \/>                                  <div class=\"overlay fill\"\n                      style=\"background-color: rgba(0,0,0,.15)\">\n                  <\/div>\n                                                              <\/div>\n              <div class=\"box-text text-left\" >\n                 <p><\/p>\n              <\/div>\n            <\/div>\n            <\/a>          <\/div>\n         <\/div><div class=\"gallery-col col\" >\n          <div class=\"col-inner\">\n            <a class=\"image-lightbox lightbox-gallery\" href=\"https:\/\/visitfinaleligure.it\/wp-content\/uploads\/2023\/04\/thumbnail_EWS-Finale-2022_188-1024x682.jpg\" title=\"\">            <div class=\"box has-hover gallery-box box-overlay dark\">\n              <div class=\"box-image\" >\n                <img loading=\"lazy\" decoding=\"async\" width=\"1280\" height=\"853\" src=\"https:\/\/visitfinaleligure.it\/wp-content\/uploads\/2023\/04\/thumbnail_EWS-Finale-2022_188.jpg\" class=\"attachment-original size-original\" alt=\"\" ids=\"7682,7685,7688\" col_spacing=\"xsmall\" columns=\"3\" image_size=\"original\" srcset=\"https:\/\/visitfinaleligure.it\/wp-content\/uploads\/2023\/04\/thumbnail_EWS-Finale-2022_188.jpg 1280w, https:\/\/visitfinaleligure.it\/wp-content\/uploads\/2023\/04\/thumbnail_EWS-Finale-2022_188-300x200.jpg 300w, https:\/\/visitfinaleligure.it\/wp-content\/uploads\/2023\/04\/thumbnail_EWS-Finale-2022_188-1024x682.jpg 1024w, https:\/\/visitfinaleligure.it\/wp-content\/uploads\/2023\/04\/thumbnail_EWS-Finale-2022_188-768x512.jpg 768w\" sizes=\"auto, (max-width: 1280px) 100vw, 1280px\" \/>                                  <div class=\"overlay fill\"\n                      style=\"background-color: rgba(0,0,0,.15)\">\n                  <\/div>\n                                                              <\/div>\n              <div class=\"box-text text-left\" >\n                 <p><\/p>\n              <\/div>\n            <\/div>\n            <\/a>          <\/div>\n         <\/div><div class=\"gallery-col col\" >\n          <div class=\"col-inner\">\n            <a class=\"image-lightbox lightbox-gallery\" href=\"https:\/\/visitfinaleligure.it\/wp-content\/uploads\/2023\/04\/thumbnail_EWSFinale_2020_83-1024x682.jpg\" title=\"\">            <div class=\"box has-hover gallery-box box-overlay dark\">\n              <div class=\"box-image\" >\n                <img loading=\"lazy\" decoding=\"async\" width=\"1280\" height=\"853\" src=\"https:\/\/visitfinaleligure.it\/wp-content\/uploads\/2023\/04\/thumbnail_EWSFinale_2020_83.jpg\" class=\"attachment-original size-original\" alt=\"\" ids=\"7682,7685,7688\" col_spacing=\"xsmall\" columns=\"3\" image_size=\"original\" srcset=\"https:\/\/visitfinaleligure.it\/wp-content\/uploads\/2023\/04\/thumbnail_EWSFinale_2020_83.jpg 1280w, https:\/\/visitfinaleligure.it\/wp-content\/uploads\/2023\/04\/thumbnail_EWSFinale_2020_83-300x200.jpg 300w, https:\/\/visitfinaleligure.it\/wp-content\/uploads\/2023\/04\/thumbnail_EWSFinale_2020_83-1024x682.jpg 1024w, https:\/\/visitfinaleligure.it\/wp-content\/uploads\/2023\/04\/thumbnail_EWSFinale_2020_83-768x512.jpg 768w\" sizes=\"auto, (max-width: 1280px) 100vw, 1280px\" \/>                                  <div class=\"overlay fill\"\n                      style=\"background-color: rgba(0,0,0,.15)\">\n                  <\/div>\n                                                              <\/div>\n              <div class=\"box-text text-left\" >\n                 <p><\/p>\n              <\/div>\n            <\/div>\n            <\/a>          <\/div>\n         <\/div><\/div>\n\n\t<div id=\"gap-427030375\" class=\"gap-element clearfix\" style=\"display:block; height:auto;\">\n\t\t\n<style>\n#gap-427030375 {\n  padding-top: 30px;\n}\n<\/style>\n\t<\/div>\n\t\n\n\n\t\t<\/div>\n\t\t\t\t\t<\/div>\n\n\t\n\n\t<div id=\"col-479401021\" class=\"col hide-for-small medium-1 small-7 large-1\"  >\n\t\t\t\t<div class=\"col-inner text-left\"  >\n\t\t\t\n\t\t\t\n\n\n\t\t<\/div>\n\t\t\t\t\n<style>\n#col-479401021 > .col-inner {\n  margin: 0px 0px 0px 0px;\n}\n<\/style>\n\t<\/div>\n\n\t\n\n<\/div>\n\n\t\t<\/div>\n\n\t\t\n<style>\n#section_1117766707 {\n  padding-top: 0px;\n  padding-bottom: 0px;\n}\n<\/style>\n\t<\/section>\n\t\n\n","protected":false},"excerpt":{"rendered":"","protected":false},"author":1,"featured_media":15303,"parent":15694,"menu_order":0,"comment_status":"closed","ping_status":"closed","template":"page-blank.php","meta":{"footnotes":""},"class_list":["post-15302","page","type-page","status-publish","has-post-thumbnail","hentry"],"yoast_head":"<!-- This site is optimized with the Yoast SEO plugin v27.3 - https:\/\/yoast.com\/product\/yoast-seo-wordpress\/ -->\n<title>UCI Marathon Finale Ligure - Visit Finale Ligure<\/title>\n<meta name=\"robots\" content=\"index, follow, max-snippet:-1, max-image-preview:large, max-video-preview:-1\" \/>\n<link rel=\"canonical\" href=\"https:\/\/visitfinaleligure.it\/fr\/grands-evenements\/uci-marathon-finale-ligure\/\" \/>\n<meta property=\"og:locale\" content=\"fr_FR\" \/>\n<meta property=\"og:type\" content=\"article\" \/>\n<meta property=\"og:title\" content=\"UCI Marathon Finale Ligure - Visit Finale Ligure\" \/>\n<meta property=\"og:url\" content=\"https:\/\/visitfinaleligure.it\/fr\/grands-evenements\/uci-marathon-finale-ligure\/\" \/>\n<meta property=\"og:site_name\" content=\"Visit Finale Ligure\" \/>\n<meta property=\"article:publisher\" content=\"https:\/\/www.facebook.com\/VisitFinaleLigure\" \/>\n<meta property=\"article:modified_time\" content=\"2025-11-04T08:55:21+00:00\" \/>\n<meta property=\"og:image\" content=\"https:\/\/visitfinaleligure.it\/wp-content\/uploads\/2023\/03\/Louise-Paulin_foto-Enduro-World-Series-1.jpg\" \/>\n\t<meta property=\"og:image:width\" content=\"2500\" \/>\n\t<meta property=\"og:image:height\" content=\"1667\" \/>\n\t<meta property=\"og:image:type\" content=\"image\/jpeg\" \/>\n<meta name=\"twitter:card\" content=\"summary_large_image\" \/>\n<meta name=\"twitter:label1\" content=\"Dur\u00e9e de lecture estim\u00e9e\" \/>\n\t<meta name=\"twitter:data1\" content=\"3 minutes\" \/>\n<script type=\"application\/ld+json\" class=\"yoast-schema-graph\">{\"@context\":\"https:\\\/\\\/schema.org\",\"@graph\":[{\"@type\":\"WebPage\",\"@id\":\"https:\\\/\\\/visitfinaleligure.it\\\/fr\\\/grands-evenements\\\/uci-marathon-finale-ligure\\\/\",\"url\":\"https:\\\/\\\/visitfinaleligure.it\\\/fr\\\/grands-evenements\\\/uci-marathon-finale-ligure\\\/\",\"name\":\"UCI Marathon Finale Ligure - Visit Finale Ligure\",\"isPartOf\":{\"@id\":\"https:\\\/\\\/visitfinaleligure.it\\\/fr\\\/#website\"},\"primaryImageOfPage\":{\"@id\":\"https:\\\/\\\/visitfinaleligure.it\\\/fr\\\/grands-evenements\\\/uci-marathon-finale-ligure\\\/#primaryimage\"},\"image\":{\"@id\":\"https:\\\/\\\/visitfinaleligure.it\\\/fr\\\/grands-evenements\\\/uci-marathon-finale-ligure\\\/#primaryimage\"},\"thumbnailUrl\":\"https:\\\/\\\/visitfinaleligure.it\\\/wp-content\\\/uploads\\\/2023\\\/03\\\/Louise-Paulin_foto-Enduro-World-Series-1.jpg\",\"datePublished\":\"2023-03-21T10:25:44+00:00\",\"dateModified\":\"2025-11-04T08:55:21+00:00\",\"breadcrumb\":{\"@id\":\"https:\\\/\\\/visitfinaleligure.it\\\/fr\\\/grands-evenements\\\/uci-marathon-finale-ligure\\\/#breadcrumb\"},\"inLanguage\":\"fr-FR\",\"potentialAction\":[{\"@type\":\"ReadAction\",\"target\":[\"https:\\\/\\\/visitfinaleligure.it\\\/fr\\\/grands-evenements\\\/uci-marathon-finale-ligure\\\/\"]}]},{\"@type\":\"ImageObject\",\"inLanguage\":\"fr-FR\",\"@id\":\"https:\\\/\\\/visitfinaleligure.it\\\/fr\\\/grands-evenements\\\/uci-marathon-finale-ligure\\\/#primaryimage\",\"url\":\"https:\\\/\\\/visitfinaleligure.it\\\/wp-content\\\/uploads\\\/2023\\\/03\\\/Louise-Paulin_foto-Enduro-World-Series-1.jpg\",\"contentUrl\":\"https:\\\/\\\/visitfinaleligure.it\\\/wp-content\\\/uploads\\\/2023\\\/03\\\/Louise-Paulin_foto-Enduro-World-Series-1.jpg\",\"width\":2500,\"height\":1667,\"caption\":\"EWS Finale Ligure\"},{\"@type\":\"BreadcrumbList\",\"@id\":\"https:\\\/\\\/visitfinaleligure.it\\\/fr\\\/grands-evenements\\\/uci-marathon-finale-ligure\\\/#breadcrumb\",\"itemListElement\":[{\"@type\":\"ListItem\",\"position\":1,\"name\":\"Home\",\"item\":\"https:\\\/\\\/visitfinaleligure.it\\\/fr\\\/visitez-finale-ligure-site-touristique-officiel\\\/\"},{\"@type\":\"ListItem\",\"position\":2,\"name\":\"Grands \u00e9v\u00e9nements\",\"item\":\"https:\\\/\\\/visitfinaleligure.it\\\/fr\\\/grands-evenements\\\/\"},{\"@type\":\"ListItem\",\"position\":3,\"name\":\"UCI Marathon Finale Ligure\"}]},{\"@type\":\"WebSite\",\"@id\":\"https:\\\/\\\/visitfinaleligure.it\\\/fr\\\/#website\",\"url\":\"https:\\\/\\\/visitfinaleligure.it\\\/fr\\\/\",\"name\":\"Visit Finale Ligure\",\"description\":\"My perfect place\",\"publisher\":{\"@id\":\"https:\\\/\\\/visitfinaleligure.it\\\/fr\\\/#organization\"},\"potentialAction\":[{\"@type\":\"SearchAction\",\"target\":{\"@type\":\"EntryPoint\",\"urlTemplate\":\"https:\\\/\\\/visitfinaleligure.it\\\/fr\\\/?s={search_term_string}\"},\"query-input\":{\"@type\":\"PropertyValueSpecification\",\"valueRequired\":true,\"valueName\":\"search_term_string\"}}],\"inLanguage\":\"fr-FR\"},{\"@type\":\"Organization\",\"@id\":\"https:\\\/\\\/visitfinaleligure.it\\\/fr\\\/#organization\",\"name\":\"Comune di Finale Ligure\",\"url\":\"https:\\\/\\\/visitfinaleligure.it\\\/fr\\\/\",\"logo\":{\"@type\":\"ImageObject\",\"inLanguage\":\"fr-FR\",\"@id\":\"https:\\\/\\\/visitfinaleligure.it\\\/fr\\\/#\\\/schema\\\/logo\\\/image\\\/\",\"url\":\"https:\\\/\\\/visitfinaleligure.it\\\/wp-content\\\/uploads\\\/2023\\\/04\\\/cropped-finaleligure-verticale-positivo-200x200-1.png\",\"contentUrl\":\"https:\\\/\\\/visitfinaleligure.it\\\/wp-content\\\/uploads\\\/2023\\\/04\\\/cropped-finaleligure-verticale-positivo-200x200-1.png\",\"width\":512,\"height\":512,\"caption\":\"Comune di Finale Ligure\"},\"image\":{\"@id\":\"https:\\\/\\\/visitfinaleligure.it\\\/fr\\\/#\\\/schema\\\/logo\\\/image\\\/\"},\"sameAs\":[\"https:\\\/\\\/www.facebook.com\\\/VisitFinaleLigure\",\"https:\\\/\\\/www.instagram.com\\\/visitfinale\\\/\",\"https:\\\/\\\/www.youtube.com\\\/channel\\\/UCLmoLfNmrAt9mSCll9egttw\"]}]}<\/script>\n<!-- \/ Yoast SEO plugin. -->","yoast_head_json":{"title":"UCI Marathon Finale Ligure - Visit Finale Ligure","robots":{"index":"index","follow":"follow","max-snippet":"max-snippet:-1","max-image-preview":"max-image-preview:large","max-video-preview":"max-video-preview:-1"},"canonical":"https:\/\/visitfinaleligure.it\/fr\/grands-evenements\/uci-marathon-finale-ligure\/","og_locale":"fr_FR","og_type":"article","og_title":"UCI Marathon Finale Ligure - Visit Finale Ligure","og_url":"https:\/\/visitfinaleligure.it\/fr\/grands-evenements\/uci-marathon-finale-ligure\/","og_site_name":"Visit Finale Ligure","article_publisher":"https:\/\/www.facebook.com\/VisitFinaleLigure","article_modified_time":"2025-11-04T08:55:21+00:00","og_image":[{"width":2500,"height":1667,"url":"https:\/\/visitfinaleligure.it\/wp-content\/uploads\/2023\/03\/Louise-Paulin_foto-Enduro-World-Series-1.jpg","type":"image\/jpeg"}],"twitter_card":"summary_large_image","twitter_misc":{"Dur\u00e9e de lecture estim\u00e9e":"3 minutes"},"schema":{"@context":"https:\/\/schema.org","@graph":[{"@type":"WebPage","@id":"https:\/\/visitfinaleligure.it\/fr\/grands-evenements\/uci-marathon-finale-ligure\/","url":"https:\/\/visitfinaleligure.it\/fr\/grands-evenements\/uci-marathon-finale-ligure\/","name":"UCI Marathon Finale Ligure - Visit Finale Ligure","isPartOf":{"@id":"https:\/\/visitfinaleligure.it\/fr\/#website"},"primaryImageOfPage":{"@id":"https:\/\/visitfinaleligure.it\/fr\/grands-evenements\/uci-marathon-finale-ligure\/#primaryimage"},"image":{"@id":"https:\/\/visitfinaleligure.it\/fr\/grands-evenements\/uci-marathon-finale-ligure\/#primaryimage"},"thumbnailUrl":"https:\/\/visitfinaleligure.it\/wp-content\/uploads\/2023\/03\/Louise-Paulin_foto-Enduro-World-Series-1.jpg","datePublished":"2023-03-21T10:25:44+00:00","dateModified":"2025-11-04T08:55:21+00:00","breadcrumb":{"@id":"https:\/\/visitfinaleligure.it\/fr\/grands-evenements\/uci-marathon-finale-ligure\/#breadcrumb"},"inLanguage":"fr-FR","potentialAction":[{"@type":"ReadAction","target":["https:\/\/visitfinaleligure.it\/fr\/grands-evenements\/uci-marathon-finale-ligure\/"]}]},{"@type":"ImageObject","inLanguage":"fr-FR","@id":"https:\/\/visitfinaleligure.it\/fr\/grands-evenements\/uci-marathon-finale-ligure\/#primaryimage","url":"https:\/\/visitfinaleligure.it\/wp-content\/uploads\/2023\/03\/Louise-Paulin_foto-Enduro-World-Series-1.jpg","contentUrl":"https:\/\/visitfinaleligure.it\/wp-content\/uploads\/2023\/03\/Louise-Paulin_foto-Enduro-World-Series-1.jpg","width":2500,"height":1667,"caption":"EWS Finale Ligure"},{"@type":"BreadcrumbList","@id":"https:\/\/visitfinaleligure.it\/fr\/grands-evenements\/uci-marathon-finale-ligure\/#breadcrumb","itemListElement":[{"@type":"ListItem","position":1,"name":"Home","item":"https:\/\/visitfinaleligure.it\/fr\/visitez-finale-ligure-site-touristique-officiel\/"},{"@type":"ListItem","position":2,"name":"Grands \u00e9v\u00e9nements","item":"https:\/\/visitfinaleligure.it\/fr\/grands-evenements\/"},{"@type":"ListItem","position":3,"name":"UCI Marathon Finale Ligure"}]},{"@type":"WebSite","@id":"https:\/\/visitfinaleligure.it\/fr\/#website","url":"https:\/\/visitfinaleligure.it\/fr\/","name":"Visit Finale Ligure","description":"My perfect place","publisher":{"@id":"https:\/\/visitfinaleligure.it\/fr\/#organization"},"potentialAction":[{"@type":"SearchAction","target":{"@type":"EntryPoint","urlTemplate":"https:\/\/visitfinaleligure.it\/fr\/?s={search_term_string}"},"query-input":{"@type":"PropertyValueSpecification","valueRequired":true,"valueName":"search_term_string"}}],"inLanguage":"fr-FR"},{"@type":"Organization","@id":"https:\/\/visitfinaleligure.it\/fr\/#organization","name":"Comune di Finale Ligure","url":"https:\/\/visitfinaleligure.it\/fr\/","logo":{"@type":"ImageObject","inLanguage":"fr-FR","@id":"https:\/\/visitfinaleligure.it\/fr\/#\/schema\/logo\/image\/","url":"https:\/\/visitfinaleligure.it\/wp-content\/uploads\/2023\/04\/cropped-finaleligure-verticale-positivo-200x200-1.png","contentUrl":"https:\/\/visitfinaleligure.it\/wp-content\/uploads\/2023\/04\/cropped-finaleligure-verticale-positivo-200x200-1.png","width":512,"height":512,"caption":"Comune di Finale Ligure"},"image":{"@id":"https:\/\/visitfinaleligure.it\/fr\/#\/schema\/logo\/image\/"},"sameAs":["https:\/\/www.facebook.com\/VisitFinaleLigure","https:\/\/www.instagram.com\/visitfinale\/","https:\/\/www.youtube.com\/channel\/UCLmoLfNmrAt9mSCll9egttw"]}]}},"_links":{"self":[{"href":"https:\/\/visitfinaleligure.it\/fr\/wp-json\/wp\/v2\/pages\/15302","targetHints":{"allow":["GET"]}}],"collection":[{"href":"https:\/\/visitfinaleligure.it\/fr\/wp-json\/wp\/v2\/pages"}],"about":[{"href":"https:\/\/visitfinaleligure.it\/fr\/wp-json\/wp\/v2\/types\/page"}],"author":[{"embeddable":true,"href":"https:\/\/visitfinaleligure.it\/fr\/wp-json\/wp\/v2\/users\/1"}],"replies":[{"embeddable":true,"href":"https:\/\/visitfinaleligure.it\/fr\/wp-json\/wp\/v2\/comments?post=15302"}],"version-history":[{"count":1,"href":"https:\/\/visitfinaleligure.it\/fr\/wp-json\/wp\/v2\/pages\/15302\/revisions"}],"predecessor-version":[{"id":15304,"href":"https:\/\/visitfinaleligure.it\/fr\/wp-json\/wp\/v2\/pages\/15302\/revisions\/15304"}],"up":[{"embeddable":true,"href":"https:\/\/visitfinaleligure.it\/fr\/wp-json\/wp\/v2\/pages\/15694"}],"wp:featuredmedia":[{"embeddable":true,"href":"https:\/\/visitfinaleligure.it\/fr\/wp-json\/wp\/v2\/media\/15303"}],"wp:attachment":[{"href":"https:\/\/visitfinaleligure.it\/fr\/wp-json\/wp\/v2\/media?parent=15302"}],"curies":[{"name":"wp","href":"https:\/\/api.w.org\/{rel}","templated":true}]}}