{"id":15333,"date":"2023-02-01T09:18:02","date_gmt":"2023-02-01T08:18:02","guid":{"rendered":"https:\/\/visitfinaleligure.it\/laboratoires-experimentaux-darcheologie\/"},"modified":"2025-10-29T10:14:02","modified_gmt":"2025-10-29T09:14:02","slug":"laboratoires-experimentaux-darcheologie","status":"publish","type":"page","link":"https:\/\/visitfinaleligure.it\/fr\/laboratoires-experimentaux-darcheologie\/","title":{"rendered":"Laboratoires exp\u00e9rimentaux d&#8217;arch\u00e9ologie"},"content":{"rendered":"\n\n\t<section class=\"section\" id=\"section_504530641\">\n\t\t<div class=\"section-bg fill\" >\n\t\t\t\t\t\t\t\t\t\n\t\t\t\n\n\t\t<\/div>\n\n\t\t\n\n\t\t<div class=\"section-content relative\">\n\t\t\t\n\n\t<div class=\"img has-hover x md-x lg-x y md-y lg-y\" id=\"image_77439692\">\n\t\t\t\t\t\t\t\t<div class=\"img-inner image-cover dark\" style=\"padding-top:40%;\">\n\t\t\t<img loading=\"lazy\" decoding=\"async\" width=\"1599\" height=\"1200\" src=\"https:\/\/visitfinaleligure.it\/wp-content\/uploads\/2023\/08\/2-Laboratori-didattici_Museo-Archeologico_2.jpg\" class=\"attachment-original size-original\" alt=\"\" srcset=\"https:\/\/visitfinaleligure.it\/wp-content\/uploads\/2023\/08\/2-Laboratori-didattici_Museo-Archeologico_2.jpg 1599w, https:\/\/visitfinaleligure.it\/wp-content\/uploads\/2023\/08\/2-Laboratori-didattici_Museo-Archeologico_2-300x225.jpg 300w, https:\/\/visitfinaleligure.it\/wp-content\/uploads\/2023\/08\/2-Laboratori-didattici_Museo-Archeologico_2-1024x768.jpg 1024w, https:\/\/visitfinaleligure.it\/wp-content\/uploads\/2023\/08\/2-Laboratori-didattici_Museo-Archeologico_2-768x576.jpg 768w, https:\/\/visitfinaleligure.it\/wp-content\/uploads\/2023\/08\/2-Laboratori-didattici_Museo-Archeologico_2-1536x1153.jpg 1536w\" sizes=\"auto, (max-width: 1599px) 100vw, 1599px\" \/>\t\t\t\t\t\t\n\t\t\t\t\t<\/div>\n\t\t\t\t\t\t\t\t\n<style>\n#image_77439692 {\n  width: 100%;\n}\n<\/style>\n\t<\/div>\n\t\n\n\n\t\t<\/div>\n\n\t\t\n<style>\n#section_504530641 {\n  padding-top: 30px;\n  padding-bottom: 30px;\n}\n<\/style>\n\t<\/section>\n\t\n\n\t<section class=\"section\" id=\"section_1607454733\">\n\t\t<div class=\"section-bg fill\" >\n\t\t\t\t\t\t\t\t\t\n\t\t\t\n\n\t\t<\/div>\n\n\t\t\n\n\t\t<div class=\"section-content relative\">\n\t\t\t\n\n<div class=\"row align-middle\"  id=\"row-1153942971\">\n\n\n\t<div id=\"col-777147598\" class=\"col hide-for-small medium-1 small-12 large-1\"  >\n\t\t\t\t<div class=\"col-inner\"  >\n\t\t\t\n\t\t\t\n\n\n\t\t<\/div>\n\t\t\t\t\t<\/div>\n\n\t\n\n\t<div id=\"col-466244942\" class=\"col medium-10 small-12 large-10\"  >\n\t\t\t\t<div class=\"col-inner text-left\"  >\n\t\t\t\n\t\t\t\n\n\t<div id=\"text-4147396320\" class=\"text testi-titolo-laterale\">\n\t\t\n\n<p style=\"font-family: 'Rubik'; font-size: 14px; font-weight: 500; color: rgba(39,39,39,0.4);\">ATELIERS SUR LE TERRITOIRE AVEC LE MUDIF<\/p>\n\t\t\n<style>\n#text-4147396320 {\n  font-size: 1.5rem;\n  color: rgb(204, 208, 212);\n}\n#text-4147396320 > * {\n  color: rgb(204, 208, 212);\n}\n<\/style>\n\t<\/div>\n\t\n\n\t\t<\/div>\n\t\t\t\t\n<style>\n#col-466244942 > .col-inner {\n  margin: 0px 0px 0px 0px;\n}\n@media (min-width:550px) {\n  #col-466244942 > .col-inner {\n    margin: 0px 0px 0px 0px;\n  }\n}\n<\/style>\n\t<\/div>\n\n\t\n\n\t<div id=\"col-890337826\" class=\"col hide-for-small medium-1 small-12 large-1\"  >\n\t\t\t\t<div class=\"col-inner\"  >\n\t\t\t\n\t\t\t\n\n\n\t\t<\/div>\n\t\t\t\t\t<\/div>\n\n\t\n\n\n<style>\n#row-1153942971 > .col > .col-inner {\n  padding: 0px 0px 0px 0px;\n}\n@media (min-width:550px) {\n  #row-1153942971 > .col > .col-inner {\n    padding: 0px 0px 0px 0px;\n  }\n}\n<\/style>\n<\/div>\n<div class=\"row\"  id=\"row-456239049\">\n\n\n\t<div id=\"col-987842662\" class=\"col hide-for-small medium-1 small-12 large-1\"  >\n\t\t\t\t<div class=\"col-inner text-left\"  >\n\t\t\t\n\t\t\t\n\n\n\t\t<\/div>\n\t\t\t\t\n<style>\n#col-987842662 > .col-inner {\n  margin: 0px 0px 0px 0px;\n}\n<\/style>\n\t<\/div>\n\n\t\n\n\t<div id=\"col-1907849176\" class=\"col medium-6 small-12 large-6\"  >\n\t\t\t\t<div class=\"col-inner text-left\"  >\n\t\t\t\n\t\t\t\n\n\t<div id=\"text-3758431155\" class=\"text testi-titolo\">\n\t\t\n\n<h1 class=\"testi-titolo\">Laboratoires exp\u00e9rimentaux d&#8217;arch\u00e9ologie<\/h1>\n\t\t\n<style>\n#text-3758431155 {\n  color: rgb(0, 0, 0);\n}\n#text-3758431155 > * {\n  color: rgb(0, 0, 0);\n}\n<\/style>\n\t<\/div>\n\t\n\t<div id=\"text-3419635790\" class=\"text testi-body\">\n\t\t\n\n<p>Le Finalese est une r\u00e9gion o\u00f9 l&#8217;histoire est omnipr\u00e9sente, entre grottes pr\u00e9historiques, anciens villages et vestiges romains. Pour ceux qui souhaitent <strong>d\u00e9couvrir le pass\u00e9 de pr\u00e8s<\/strong>, le <strong>Mus\u00e9e arch\u00e9ologique de Finale<\/strong> et le <strong>MUDIF (Mus\u00e9e diffus de Finale) <\/strong>organisent des <strong>ateliers sp\u00e9ciaux d&#8217;arch\u00e9ologie exp\u00e9rimentale<\/strong>, destin\u00e9s aux familles, aux enfants et aux curieux de tous \u00e2ges. <\/p>\n\t\t\t<\/div>\n\t\n<div class=\"row row-collapse\"  id=\"row-2088369259\">\n\n\n\t<div id=\"col-443918885\" class=\"col medium-6 small-6 large-6\"  >\n\t\t\t\t<div class=\"col-inner\"  >\n\t\t\t\n\t\t\t\n\n\t<div class=\"img has-hover x md-x lg-x y md-y lg-y\" id=\"image_1384506254\">\n\t\t\t\t\t\t\t\t<div class=\"img-inner image-zoom image-cover dark\" style=\"padding-top:100%;\">\n\t\t\t<img loading=\"lazy\" decoding=\"async\" width=\"1080\" height=\"790\" src=\"https:\/\/visitfinaleligure.it\/wp-content\/uploads\/2023\/09\/FB_IMG_1681495284421.jpg\" class=\"attachment-original size-original\" alt=\"Museo archeologico Finale bambini\" srcset=\"https:\/\/visitfinaleligure.it\/wp-content\/uploads\/2023\/09\/FB_IMG_1681495284421.jpg 1080w, https:\/\/visitfinaleligure.it\/wp-content\/uploads\/2023\/09\/FB_IMG_1681495284421-300x219.jpg 300w, https:\/\/visitfinaleligure.it\/wp-content\/uploads\/2023\/09\/FB_IMG_1681495284421-1024x749.jpg 1024w, https:\/\/visitfinaleligure.it\/wp-content\/uploads\/2023\/09\/FB_IMG_1681495284421-768x562.jpg 768w\" sizes=\"auto, (max-width: 1080px) 100vw, 1080px\" \/>\t\t\t\t\t\t\n\t\t\t\t\t<\/div>\n\t\t\t\t\t\t\t\t\n<style>\n#image_1384506254 {\n  width: 100%;\n}\n<\/style>\n\t<\/div>\n\t\n\n\n\t\t<\/div>\n\t\t\t\t\t<\/div>\n\n\t\n\n\t<div id=\"col-1062314939\" class=\"col medium-6 small-6 large-6\"  >\n\t\t\t\t<div class=\"col-inner\"  >\n\t\t\t\n\t\t\t\n\n\t<div class=\"img has-hover x md-x lg-x y md-y lg-y\" id=\"image_886391334\">\n\t\t\t\t\t\t\t\t<div class=\"img-inner image-zoom image-cover dark\" style=\"padding-top:100%;\">\n\t\t\t<img loading=\"lazy\" decoding=\"async\" width=\"1800\" height=\"1201\" src=\"https:\/\/visitfinaleligure.it\/wp-content\/uploads\/2023\/10\/2_Museo-archeologico-1.jpg\" class=\"attachment-original size-original\" alt=\"Museo archeologico\" srcset=\"https:\/\/visitfinaleligure.it\/wp-content\/uploads\/2023\/10\/2_Museo-archeologico-1.jpg 1800w, https:\/\/visitfinaleligure.it\/wp-content\/uploads\/2023\/10\/2_Museo-archeologico-1-300x200.jpg 300w, https:\/\/visitfinaleligure.it\/wp-content\/uploads\/2023\/10\/2_Museo-archeologico-1-1024x683.jpg 1024w, https:\/\/visitfinaleligure.it\/wp-content\/uploads\/2023\/10\/2_Museo-archeologico-1-768x512.jpg 768w, https:\/\/visitfinaleligure.it\/wp-content\/uploads\/2023\/10\/2_Museo-archeologico-1-1536x1025.jpg 1536w\" sizes=\"auto, (max-width: 1800px) 100vw, 1800px\" \/>\t\t\t\t\t\t\n\t\t\t\t\t<\/div>\n\t\t\t\t\t\t\t\t\n<style>\n#image_886391334 {\n  width: 100%;\n}\n<\/style>\n\t<\/div>\n\t\n\n\n\t\t<\/div>\n\t\t\t\t\t<\/div>\n\n\t\n\n\n<style>\n#row-2088369259 > .col > .col-inner {\n  padding: 0px 0px 20px 0px;\n}\n<\/style>\n<\/div>\n\t<div id=\"text-1816281313\" class=\"text testi-body\">\n\t\t\n\n<p>Ce sont des exp\u00e9riences uniques, o\u00f9 l&#8217;on ne se contente pas d&#8217;observer les vestiges derri\u00e8re une vitrine: <strong>on apprend en faisant<\/strong>, tout comme les hommes et les femmes du pass\u00e9. On broie des pigments naturels pour cr\u00e9er des peintures rupestres, on tisse la laine pour la transformer en fil, on fabrique des instruments de musique ancestraux ou des parfums aux ar\u00f4mes anciens. <\/p>\n<p>Chaque atelier est un voyage dans une \u00e9poque diff\u00e9rente:<\/p>\n<ul>\n<li>au <strong>Pal\u00e9olithique<\/strong>, entre chamans et peintures rupestres;<\/li>\n<li>au <strong>N\u00e9olithique<\/strong>, parmi les artisans de la laine et les musiciens primitifs;<\/li>\n<li>\u00e0 <strong>l&#8217;\u00e9poque romaine<\/strong>, entre les \u00e9tudiants aux prises avec des tablettes de cire et les parfumeurs \u00e0 la recherche de nouvelles fragrances.<\/li>\n<\/ul>\n<p>Une mani\u00e8re amusante et captivante de d\u00e9couvrir comment vivaient, cr\u00e9aient et communiquaient les hommes il y a des milliers d&#8217;ann\u00e9es, dans l&#8217;une des r\u00e9gions les plus fascinantes et riches en histoire de la M\u00e9diterran\u00e9e.<\/p>\n\t\t\t<\/div>\n\t\n<div class=\"is-divider divider clearfix\" style=\"max-width:750px;height:1px;background-color:rgb(0, 0, 0);\"><\/div>\n\n\t<div id=\"text-3051528529\" class=\"text testi-body\">\n\t\t\n\n<p><strong><a href=\"https:\/\/mudifinale.com\/visite\/#\/eventi\" target=\"_blank\" rel=\"noopener\">D\u00e9couvrez tous les ateliers organis\u00e9s par MUDIF <\/a><\/strong><\/p>\n\t\t\n<style>\n#text-3051528529 {\n  text-align: left;\n}\n<\/style>\n\t<\/div>\n\t\n\n\t\t<\/div>\n\t\t\t\t\n<style>\n#col-1907849176 > .col-inner {\n  padding: 0px 0px 0px 0px;\n  margin: 0px 0px 0px 0px;\n}\n@media (min-width:550px) {\n  #col-1907849176 > .col-inner {\n    margin: -30px 0px 0px 0px;\n  }\n}\n<\/style>\n\t<\/div>\n\n\t\n\n\t<div id=\"col-1565024122\" class=\"col hide-for-small medium-3 small-12 large-3\"  >\n\t\t\t\t<div class=\"col-inner text-left\" style=\"background-color:rgb(241, 241, 241);\" >\n\t\t\t\n\t\t\t\n\n\t<div class=\"img has-hover x md-x lg-x y md-y lg-y\" id=\"image_1683589797\">\n\t\t\t\t\t\t\t\t<div class=\"img-inner dark\" >\n\t\t\t<img loading=\"lazy\" decoding=\"async\" width=\"300\" height=\"102\" src=\"https:\/\/visitfinaleligure.it\/wp-content\/uploads\/2022\/12\/MUDIF-logo-orizzontale@2x-300x102-1.webp\" class=\"attachment-original size-original\" alt=\"\" \/>\t\t\t\t\t\t\n\t\t\t\t\t<\/div>\n\t\t\t\t\t\t\t\t\n<style>\n#image_1683589797 {\n  width: 76%;\n}\n<\/style>\n\t<\/div>\n\t\n\n\t<div id=\"text-1147451141\" class=\"text testi-body\">\n\t\t\n\n<p><strong>Pour plus d&#8217;informations<\/strong><\/p>\n<p><a href=\"http:\/\/www.mudifinale.com\/\" target=\"_blank\" rel=\"noopener\">www.mudifinale.com<\/a><br>Mus\u00e9e arch\u00e9ologique de Finale<br>Clo\u00eetres de Sainte-Catherine<br>Finalborgo<br><a href=\"mailto:info@mudifinale.com\">info@mudifinale.com<\/a><\/p>\n\t\t\t<\/div>\n\t\n\n\t\t<\/div>\n\t\t\t\t\n<style>\n#col-1565024122 > .col-inner {\n  padding: 10px 10px 10px 10px;\n  margin: 0px 0px 0px 0px;\n}\n@media (min-width:550px) {\n  #col-1565024122 > .col-inner {\n    margin: 10px 0px 0px 10px;\n  }\n}\n<\/style>\n\t<\/div>\n\n\t\n\n<\/div>\n\n\t\t<\/div>\n\n\t\t\n<style>\n#section_1607454733 {\n  padding-top: 0px;\n  padding-bottom: 0px;\n}\n<\/style>\n\t<\/section>\n\t\n\n","protected":false},"excerpt":{"rendered":"","protected":false},"author":2,"featured_media":15334,"parent":0,"menu_order":0,"comment_status":"closed","ping_status":"closed","template":"page-blank.php","meta":{"footnotes":""},"class_list":["post-15333","page","type-page","status-publish","has-post-thumbnail","hentry"],"yoast_head":"<!-- This site is optimized with the Yoast SEO plugin v27.3 - https:\/\/yoast.com\/product\/yoast-seo-wordpress\/ -->\n<title>Laboratoires exp\u00e9rimentaux d&#039;arch\u00e9ologie - Visit Finale Ligure<\/title>\n<meta name=\"robots\" content=\"index, follow, max-snippet:-1, max-image-preview:large, max-video-preview:-1\" \/>\n<link rel=\"canonical\" href=\"https:\/\/visitfinaleligure.it\/fr\/laboratoires-experimentaux-darcheologie\/\" \/>\n<meta property=\"og:locale\" content=\"fr_FR\" \/>\n<meta property=\"og:type\" content=\"article\" \/>\n<meta property=\"og:title\" content=\"Laboratoires exp\u00e9rimentaux d&#039;arch\u00e9ologie - Visit Finale Ligure\" \/>\n<meta property=\"og:url\" content=\"https:\/\/visitfinaleligure.it\/fr\/laboratoires-experimentaux-darcheologie\/\" \/>\n<meta property=\"og:site_name\" content=\"Visit Finale Ligure\" \/>\n<meta property=\"article:publisher\" content=\"https:\/\/www.facebook.com\/VisitFinaleLigure\" \/>\n<meta property=\"article:modified_time\" content=\"2025-10-29T09:14:02+00:00\" \/>\n<meta property=\"og:image\" content=\"https:\/\/visitfinaleligure.it\/wp-content\/uploads\/2023\/05\/Sepoltura-del-Giovane-Principe-delle-Arene-Candide_Museo-Archeologico-del-Finale-1-1.jpg\" \/>\n\t<meta property=\"og:image:width\" content=\"2199\" \/>\n\t<meta property=\"og:image:height\" content=\"1468\" \/>\n\t<meta property=\"og:image:type\" content=\"image\/jpeg\" \/>\n<meta name=\"twitter:card\" content=\"summary_large_image\" \/>\n<meta name=\"twitter:label1\" content=\"Dur\u00e9e de lecture estim\u00e9e\" \/>\n\t<meta name=\"twitter:data1\" content=\"3 minutes\" \/>\n<script type=\"application\/ld+json\" class=\"yoast-schema-graph\">{\"@context\":\"https:\\\/\\\/schema.org\",\"@graph\":[{\"@type\":\"WebPage\",\"@id\":\"https:\\\/\\\/visitfinaleligure.it\\\/fr\\\/laboratoires-experimentaux-darcheologie\\\/\",\"url\":\"https:\\\/\\\/visitfinaleligure.it\\\/fr\\\/laboratoires-experimentaux-darcheologie\\\/\",\"name\":\"Laboratoires exp\u00e9rimentaux d'arch\u00e9ologie - Visit Finale Ligure\",\"isPartOf\":{\"@id\":\"https:\\\/\\\/visitfinaleligure.it\\\/fr\\\/#website\"},\"primaryImageOfPage\":{\"@id\":\"https:\\\/\\\/visitfinaleligure.it\\\/fr\\\/laboratoires-experimentaux-darcheologie\\\/#primaryimage\"},\"image\":{\"@id\":\"https:\\\/\\\/visitfinaleligure.it\\\/fr\\\/laboratoires-experimentaux-darcheologie\\\/#primaryimage\"},\"thumbnailUrl\":\"https:\\\/\\\/visitfinaleligure.it\\\/wp-content\\\/uploads\\\/2023\\\/05\\\/Sepoltura-del-Giovane-Principe-delle-Arene-Candide_Museo-Archeologico-del-Finale-1-1.jpg\",\"datePublished\":\"2023-02-01T08:18:02+00:00\",\"dateModified\":\"2025-10-29T09:14:02+00:00\",\"breadcrumb\":{\"@id\":\"https:\\\/\\\/visitfinaleligure.it\\\/fr\\\/laboratoires-experimentaux-darcheologie\\\/#breadcrumb\"},\"inLanguage\":\"fr-FR\",\"potentialAction\":[{\"@type\":\"ReadAction\",\"target\":[\"https:\\\/\\\/visitfinaleligure.it\\\/fr\\\/laboratoires-experimentaux-darcheologie\\\/\"]}]},{\"@type\":\"ImageObject\",\"inLanguage\":\"fr-FR\",\"@id\":\"https:\\\/\\\/visitfinaleligure.it\\\/fr\\\/laboratoires-experimentaux-darcheologie\\\/#primaryimage\",\"url\":\"https:\\\/\\\/visitfinaleligure.it\\\/wp-content\\\/uploads\\\/2023\\\/05\\\/Sepoltura-del-Giovane-Principe-delle-Arene-Candide_Museo-Archeologico-del-Finale-1-1.jpg\",\"contentUrl\":\"https:\\\/\\\/visitfinaleligure.it\\\/wp-content\\\/uploads\\\/2023\\\/05\\\/Sepoltura-del-Giovane-Principe-delle-Arene-Candide_Museo-Archeologico-del-Finale-1-1.jpg\",\"width\":2199,\"height\":1468},{\"@type\":\"BreadcrumbList\",\"@id\":\"https:\\\/\\\/visitfinaleligure.it\\\/fr\\\/laboratoires-experimentaux-darcheologie\\\/#breadcrumb\",\"itemListElement\":[{\"@type\":\"ListItem\",\"position\":1,\"name\":\"Home\",\"item\":\"https:\\\/\\\/visitfinaleligure.it\\\/fr\\\/visitez-finale-ligure-site-touristique-officiel\\\/\"},{\"@type\":\"ListItem\",\"position\":2,\"name\":\"Laboratoires exp\u00e9rimentaux d&#8217;arch\u00e9ologie\"}]},{\"@type\":\"WebSite\",\"@id\":\"https:\\\/\\\/visitfinaleligure.it\\\/fr\\\/#website\",\"url\":\"https:\\\/\\\/visitfinaleligure.it\\\/fr\\\/\",\"name\":\"Visit Finale Ligure\",\"description\":\"My perfect place\",\"publisher\":{\"@id\":\"https:\\\/\\\/visitfinaleligure.it\\\/fr\\\/#organization\"},\"potentialAction\":[{\"@type\":\"SearchAction\",\"target\":{\"@type\":\"EntryPoint\",\"urlTemplate\":\"https:\\\/\\\/visitfinaleligure.it\\\/fr\\\/?s={search_term_string}\"},\"query-input\":{\"@type\":\"PropertyValueSpecification\",\"valueRequired\":true,\"valueName\":\"search_term_string\"}}],\"inLanguage\":\"fr-FR\"},{\"@type\":\"Organization\",\"@id\":\"https:\\\/\\\/visitfinaleligure.it\\\/fr\\\/#organization\",\"name\":\"Comune di Finale Ligure\",\"url\":\"https:\\\/\\\/visitfinaleligure.it\\\/fr\\\/\",\"logo\":{\"@type\":\"ImageObject\",\"inLanguage\":\"fr-FR\",\"@id\":\"https:\\\/\\\/visitfinaleligure.it\\\/fr\\\/#\\\/schema\\\/logo\\\/image\\\/\",\"url\":\"https:\\\/\\\/visitfinaleligure.it\\\/wp-content\\\/uploads\\\/2023\\\/04\\\/cropped-finaleligure-verticale-positivo-200x200-1.png\",\"contentUrl\":\"https:\\\/\\\/visitfinaleligure.it\\\/wp-content\\\/uploads\\\/2023\\\/04\\\/cropped-finaleligure-verticale-positivo-200x200-1.png\",\"width\":512,\"height\":512,\"caption\":\"Comune di Finale Ligure\"},\"image\":{\"@id\":\"https:\\\/\\\/visitfinaleligure.it\\\/fr\\\/#\\\/schema\\\/logo\\\/image\\\/\"},\"sameAs\":[\"https:\\\/\\\/www.facebook.com\\\/VisitFinaleLigure\",\"https:\\\/\\\/www.instagram.com\\\/visitfinale\\\/\",\"https:\\\/\\\/www.youtube.com\\\/channel\\\/UCLmoLfNmrAt9mSCll9egttw\"]}]}<\/script>\n<!-- \/ Yoast SEO plugin. -->","yoast_head_json":{"title":"Laboratoires exp\u00e9rimentaux d'arch\u00e9ologie - Visit Finale Ligure","robots":{"index":"index","follow":"follow","max-snippet":"max-snippet:-1","max-image-preview":"max-image-preview:large","max-video-preview":"max-video-preview:-1"},"canonical":"https:\/\/visitfinaleligure.it\/fr\/laboratoires-experimentaux-darcheologie\/","og_locale":"fr_FR","og_type":"article","og_title":"Laboratoires exp\u00e9rimentaux d'arch\u00e9ologie - Visit Finale Ligure","og_url":"https:\/\/visitfinaleligure.it\/fr\/laboratoires-experimentaux-darcheologie\/","og_site_name":"Visit Finale Ligure","article_publisher":"https:\/\/www.facebook.com\/VisitFinaleLigure","article_modified_time":"2025-10-29T09:14:02+00:00","og_image":[{"width":2199,"height":1468,"url":"https:\/\/visitfinaleligure.it\/wp-content\/uploads\/2023\/05\/Sepoltura-del-Giovane-Principe-delle-Arene-Candide_Museo-Archeologico-del-Finale-1-1.jpg","type":"image\/jpeg"}],"twitter_card":"summary_large_image","twitter_misc":{"Dur\u00e9e de lecture estim\u00e9e":"3 minutes"},"schema":{"@context":"https:\/\/schema.org","@graph":[{"@type":"WebPage","@id":"https:\/\/visitfinaleligure.it\/fr\/laboratoires-experimentaux-darcheologie\/","url":"https:\/\/visitfinaleligure.it\/fr\/laboratoires-experimentaux-darcheologie\/","name":"Laboratoires exp\u00e9rimentaux d'arch\u00e9ologie - Visit Finale Ligure","isPartOf":{"@id":"https:\/\/visitfinaleligure.it\/fr\/#website"},"primaryImageOfPage":{"@id":"https:\/\/visitfinaleligure.it\/fr\/laboratoires-experimentaux-darcheologie\/#primaryimage"},"image":{"@id":"https:\/\/visitfinaleligure.it\/fr\/laboratoires-experimentaux-darcheologie\/#primaryimage"},"thumbnailUrl":"https:\/\/visitfinaleligure.it\/wp-content\/uploads\/2023\/05\/Sepoltura-del-Giovane-Principe-delle-Arene-Candide_Museo-Archeologico-del-Finale-1-1.jpg","datePublished":"2023-02-01T08:18:02+00:00","dateModified":"2025-10-29T09:14:02+00:00","breadcrumb":{"@id":"https:\/\/visitfinaleligure.it\/fr\/laboratoires-experimentaux-darcheologie\/#breadcrumb"},"inLanguage":"fr-FR","potentialAction":[{"@type":"ReadAction","target":["https:\/\/visitfinaleligure.it\/fr\/laboratoires-experimentaux-darcheologie\/"]}]},{"@type":"ImageObject","inLanguage":"fr-FR","@id":"https:\/\/visitfinaleligure.it\/fr\/laboratoires-experimentaux-darcheologie\/#primaryimage","url":"https:\/\/visitfinaleligure.it\/wp-content\/uploads\/2023\/05\/Sepoltura-del-Giovane-Principe-delle-Arene-Candide_Museo-Archeologico-del-Finale-1-1.jpg","contentUrl":"https:\/\/visitfinaleligure.it\/wp-content\/uploads\/2023\/05\/Sepoltura-del-Giovane-Principe-delle-Arene-Candide_Museo-Archeologico-del-Finale-1-1.jpg","width":2199,"height":1468},{"@type":"BreadcrumbList","@id":"https:\/\/visitfinaleligure.it\/fr\/laboratoires-experimentaux-darcheologie\/#breadcrumb","itemListElement":[{"@type":"ListItem","position":1,"name":"Home","item":"https:\/\/visitfinaleligure.it\/fr\/visitez-finale-ligure-site-touristique-officiel\/"},{"@type":"ListItem","position":2,"name":"Laboratoires exp\u00e9rimentaux d&#8217;arch\u00e9ologie"}]},{"@type":"WebSite","@id":"https:\/\/visitfinaleligure.it\/fr\/#website","url":"https:\/\/visitfinaleligure.it\/fr\/","name":"Visit Finale Ligure","description":"My perfect place","publisher":{"@id":"https:\/\/visitfinaleligure.it\/fr\/#organization"},"potentialAction":[{"@type":"SearchAction","target":{"@type":"EntryPoint","urlTemplate":"https:\/\/visitfinaleligure.it\/fr\/?s={search_term_string}"},"query-input":{"@type":"PropertyValueSpecification","valueRequired":true,"valueName":"search_term_string"}}],"inLanguage":"fr-FR"},{"@type":"Organization","@id":"https:\/\/visitfinaleligure.it\/fr\/#organization","name":"Comune di Finale Ligure","url":"https:\/\/visitfinaleligure.it\/fr\/","logo":{"@type":"ImageObject","inLanguage":"fr-FR","@id":"https:\/\/visitfinaleligure.it\/fr\/#\/schema\/logo\/image\/","url":"https:\/\/visitfinaleligure.it\/wp-content\/uploads\/2023\/04\/cropped-finaleligure-verticale-positivo-200x200-1.png","contentUrl":"https:\/\/visitfinaleligure.it\/wp-content\/uploads\/2023\/04\/cropped-finaleligure-verticale-positivo-200x200-1.png","width":512,"height":512,"caption":"Comune di Finale Ligure"},"image":{"@id":"https:\/\/visitfinaleligure.it\/fr\/#\/schema\/logo\/image\/"},"sameAs":["https:\/\/www.facebook.com\/VisitFinaleLigure","https:\/\/www.instagram.com\/visitfinale\/","https:\/\/www.youtube.com\/channel\/UCLmoLfNmrAt9mSCll9egttw"]}]}},"_links":{"self":[{"href":"https:\/\/visitfinaleligure.it\/fr\/wp-json\/wp\/v2\/pages\/15333","targetHints":{"allow":["GET"]}}],"collection":[{"href":"https:\/\/visitfinaleligure.it\/fr\/wp-json\/wp\/v2\/pages"}],"about":[{"href":"https:\/\/visitfinaleligure.it\/fr\/wp-json\/wp\/v2\/types\/page"}],"author":[{"embeddable":true,"href":"https:\/\/visitfinaleligure.it\/fr\/wp-json\/wp\/v2\/users\/2"}],"replies":[{"embeddable":true,"href":"https:\/\/visitfinaleligure.it\/fr\/wp-json\/wp\/v2\/comments?post=15333"}],"version-history":[{"count":1,"href":"https:\/\/visitfinaleligure.it\/fr\/wp-json\/wp\/v2\/pages\/15333\/revisions"}],"predecessor-version":[{"id":15335,"href":"https:\/\/visitfinaleligure.it\/fr\/wp-json\/wp\/v2\/pages\/15333\/revisions\/15335"}],"wp:featuredmedia":[{"embeddable":true,"href":"https:\/\/visitfinaleligure.it\/fr\/wp-json\/wp\/v2\/media\/15334"}],"wp:attachment":[{"href":"https:\/\/visitfinaleligure.it\/fr\/wp-json\/wp\/v2\/media?parent=15333"}],"curies":[{"name":"wp","href":"https:\/\/api.w.org\/{rel}","templated":true}]}}