{"id":15367,"date":"2025-09-25T15:10:01","date_gmt":"2025-09-25T13:10:01","guid":{"rendered":"https:\/\/visitfinaleligure.it\/my-perfect-place-le-magazine\/my-perfect-place-le-magazine-aout-2025\/"},"modified":"2025-11-04T11:12:06","modified_gmt":"2025-11-04T10:12:06","slug":"my-perfect-place-le-magazine-aout-2025","status":"publish","type":"page","link":"https:\/\/visitfinaleligure.it\/fr\/my-perfect-place-le-magazine\/my-perfect-place-le-magazine-aout-2025\/","title":{"rendered":"My Perfect Place | Le magazine &#8211; ao\u00fbt 2025"},"content":{"rendered":"\n\n\t<section class=\"section\" id=\"section_701645167\">\n\t\t<div class=\"section-bg fill\" >\n\t\t\t\t\t\t\t\t\t\n\t\t\t\n\n\t\t<\/div>\n\n\t\t\n\n\t\t<div class=\"section-content relative\">\n\t\t\t\n\n<div class=\"row\"  id=\"row-42418361\">\n\n\n\t<div id=\"col-2008880929\" class=\"col hide-for-small medium-1 small-12 large-1\"  >\n\t\t\t\t<div class=\"col-inner text-left\"  >\n\t\t\t\n\t\t\t\n\n\n\t\t<\/div>\n\t\t\t\t\n<style>\n#col-2008880929 > .col-inner {\n  margin: 0px 0px 0px 0px;\n}\n<\/style>\n\t<\/div>\n\n\t\n\n\t<div id=\"col-541599295\" class=\"col medium-10 small-12 large-5\"  >\n\t\t\t\t<div class=\"col-inner text-left\"  >\n\t\t\t\n\t\t\t\n\n\t<div id=\"gap-1046150866\" class=\"gap-element clearfix\" style=\"display:block; height:auto;\">\n\t\t\n<style>\n#gap-1046150866 {\n  padding-top: 50px;\n}\n<\/style>\n\t<\/div>\n\t\n\n<div class=\"row\"  id=\"row-821727616\">\n\n\n\t<div id=\"col-13001518\" class=\"col medium-8 small-12 large-7\"  >\n\t\t\t\t<div class=\"col-inner text-left\"  >\n\t\t\t\n\t\t\t\n\n\t<div class=\"img has-hover x md-x lg-x y md-y lg-y\" id=\"image_1471882081\">\n\t\t\t\t\t\t\t\t<div class=\"img-inner dark\" >\n\t\t\t<img loading=\"lazy\" decoding=\"async\" width=\"300\" height=\"150\" src=\"https:\/\/visitfinaleligure.it\/wp-content\/uploads\/2023\/01\/myperfectplace-logo-finale-ligure.webp\" class=\"attachment-original size-original\" alt=\"\" \/>\t\t\t\t\t\t\n\t\t\t\t\t<\/div>\n\t\t\t\t\t\t\t\t\n<style>\n#image_1471882081 {\n  width: 50%;\n}\n<\/style>\n\t<\/div>\n\t\n\n<p>LE MAGAZINE DE FINALE LIGURE<\/p>\n\t<div id=\"text-1912275818\" class=\"text\">\n\t\t\n\n<h2 style=\"font-family: poppins;\">N\u00b0 2<br>\u00c9DITORIAL \u00c9T\u00c9<\/h2>\n\t\t\n<style>\n#text-1912275818 {\n  line-height: 3;\n  text-align: left;\n}\n<\/style>\n\t<\/div>\n\t\n\t<div id=\"text-1638699278\" class=\"text\">\n\t\t\n\n<p><strong><em>Summer Vibes<\/em><\/strong>: <strong>LE RYTHME DE L&#8217;\u00c9T\u00c9 \u00c0 FINALE LIGURE<\/strong><\/p>\n\t\t\n<style>\n#text-1638699278 {\n  font-size: 1.45rem;\n  line-height: 1.95;\n  color: #00adbb;\n}\n#text-1638699278 > * {\n  color: #00adbb;\n}\n<\/style>\n\t<\/div>\n\t\n\n\t\t<\/div>\n\t\t\t\t\n<style>\n#col-13001518 > .col-inner {\n  padding: 0px 0px 0px 0px;\n  margin: 0px 0px -55px 0px;\n}\n<\/style>\n\t<\/div>\n\n\t\n\n<\/div>\n\t<div id=\"text-1725446904\" class=\"text\">\n\t\t\n\n<p>PAR PAOLA IACONA<\/p>\n\t\t\n<style>\n#text-1725446904 {\n  text-align: left;\n}\n<\/style>\n\t<\/div>\n\t\n\t<div id=\"text-3587997716\" class=\"text testi-body\">\n\t\t\n\n<p>L&#8217;\u00e9t\u00e9 \u00e0 Finale Ligure n&#8217;est pas seulement une saison : c&#8217;est un \u00e9tat d&#8217;esprit. C&#8217;est cette \u00e9nergie l\u00e9g\u00e8re et vitale que l&#8217;on respire entre les vagues de la mer, les sentiers immerg\u00e9s dans le maquis m\u00e9diterran\u00e9en et les ruelles pav\u00e9es des villages, o\u00f9 souffle une brise qui sent le sel, entre une excursion \u00e0 l&#8217;aube et un concert sous les \u00e9toiles. Ce n&#8217;est pas seulement des vacances, mais une invitation \u00e0 vivre chaque jour, en savourant ce m\u00e9lange incomparable de beaut\u00e9 et de libert\u00e9, d&#8217;aventure et de contemplation.  <\/p>\n<p>Avec ce num\u00e9ro sp\u00e9cial de <em>My Perfect Place<\/em>, nous c\u00e9l\u00e9brons les <em>Summer Vibes<\/em> de Finale Ligure, le rythme estival qui traverse la ville entre \u00e9v\u00e9nements, d\u00e9couvertes et rencontres. Trois th\u00e8mes inspirants nous guident: <em>Sport &amp; Aventure, Vivre &amp; explorer, d\u00e9tente et bien-\u00eatre<\/em> \u2014 qui racontent un territoire pr\u00eat \u00e0 accueillir tous les voyageurs, avec plus de 50 exp\u00e9riences s\u00e9lectionn\u00e9es et propos\u00e9es dans le nouveau catalogue \u00ab Summer Vibes 2025 \u00bb : une invitation \u00e0 se laisser surprendre, \u00e0 ralentir puis \u00e0 repartir, pour regarder avec un regard neuf ce qui nous entoure. <\/p>\n<p>Il y a les nuits \u00e9toil\u00e9es entre les murs du Castel Gavone, les promenades avec l&#8217;arch\u00e9ologue le long du plateau des M\u00e0nie, les ateliers pour enfants au mus\u00e9e arch\u00e9ologique et les concerts \u00e0 l&#8217;aube sur le quai de Finalpia. Mais aussi les excursions en kayak dans la zone marine prot\u00e9g\u00e9e de Bergeggi, les baignades dans les Sentieri Blu, les plong\u00e9es dans les biosph\u00e8res submerg\u00e9es du Nemo&#8217;s Garden, les balades \u00e0 v\u00e9lo parmi les oliveraies et les cr\u00eates suspendues au-dessus de la mer. Chaque exp\u00e9rience, fixe ou sur r\u00e9servation, est organis\u00e9e avec passion par des guides locaux, des associations sportives et culturelles, des op\u00e9rateurs qui croient en la valeur authentique de l&#8217;hospitalit\u00e9.  <\/p>\n<p>Dans ces pages, vous trouverez \u00e9galement le rythme cr\u00e9atif de la ville : plus de 180 \u00e9v\u00e9nements animeront l&#8217;\u00e9t\u00e9, entre musique, th\u00e9\u00e2tre, litt\u00e9rature et reconstitutions historiques. Des grands noms de la culture italienne au retour du \u00ab Voyage au Moyen \u00c2ge \u00bb, en passant par les festivals musicaux avec de grands invit\u00e9s internationaux, chaque rendez-vous s&#8217;inscrit dans un r\u00e9cit unique et partag\u00e9, capable d&#8217;allier identit\u00e9 et innovation. <\/p>\n<p>Une offre compl\u00e8te et coordonn\u00e9e, entre \u00e9v\u00e9nements et activit\u00e9s de d\u00e9couverte, fruit d&#8217;une vision du tourisme qui allie exp\u00e9rience, culture et nature. Un tourisme \u00e0 l&#8217;\u00e9coute du territoire, racont\u00e9 par ceux qui le vivent au quotidien. <\/p>\n<p><em>Bienvenue \u00e0 Finale Ligure et bonne lecture !<\/em><\/p>\n\t\t\t<\/div>\n\t\n\t<div id=\"gap-1136823939\" class=\"gap-element clearfix\" style=\"display:block; height:auto;\">\n\t\t\n<style>\n#gap-1136823939 {\n  padding-top: 30px;\n}\n<\/style>\n\t<\/div>\n\t\n\n\n\t\t<\/div>\n\t\t\t\t\n<style>\n#col-541599295 > .col-inner {\n  padding: 0px 0px 0px 0px;\n  margin: 0px 0px 0px 0px;\n}\n@media (min-width:550px) {\n  #col-541599295 > .col-inner {\n    margin: -30px 0px 0px 0px;\n  }\n}\n<\/style>\n\t<\/div>\n\n\t\n\n\t<div id=\"col-1339671318\" class=\"col hide-for-medium medium-5 small-12 large-5\"  >\n\t\t\t\t<div class=\"col-inner text-center\"  >\n\t\t\t\n\t\t\t\n\n\t<div class=\"img has-hover x md-x lg-x y md-y lg-y\" id=\"image_2126263354\">\n\t\t\t\t\t\t\t\t<div class=\"img-inner dark\" >\n\t\t\t<img loading=\"lazy\" decoding=\"async\" width=\"637\" height=\"1024\" src=\"https:\/\/visitfinaleligure.it\/wp-content\/uploads\/2023\/01\/verticale-sezaurea-1-finale-ligure-637x1024-1.webp\" class=\"attachment-original size-original\" alt=\"\" srcset=\"https:\/\/visitfinaleligure.it\/wp-content\/uploads\/2023\/01\/verticale-sezaurea-1-finale-ligure-637x1024-1.webp 637w, https:\/\/visitfinaleligure.it\/wp-content\/uploads\/2023\/01\/verticale-sezaurea-1-finale-ligure-637x1024-1-187x300.webp 187w\" sizes=\"auto, (max-width: 637px) 100vw, 637px\" \/>\t\t\t\t\t\t\n\t\t\t\t\t<\/div>\n\t\t\t\t\t\t\t\t\n<style>\n#image_2126263354 {\n  width: 100%;\n}\n<\/style>\n\t<\/div>\n\t\n\n\n\t\t<\/div>\n\t\t\t\t\t<\/div>\n\n\t\n\n\t<div id=\"col-2120062664\" class=\"col hide-for-small medium-1 small-12 large-1\"  >\n\t\t\t\t<div class=\"col-inner text-left\"  >\n\t\t\t\n\t\t\t\n\n\n\t\t<\/div>\n\t\t\t\t\n<style>\n#col-2120062664 > .col-inner {\n  margin: 0px 0px 0px 0px;\n}\n<\/style>\n\t<\/div>\n\n\t\n\n<\/div>\n\n\t\t<\/div>\n\n\t\t\n<style>\n#section_701645167 {\n  padding-top: 0px;\n  padding-bottom: 0px;\n}\n<\/style>\n\t<\/section>\n\t\n<div class=\"row\"  id=\"row-303624514\">\n\n\n\t<div id=\"col-249075593\" class=\"col hide-for-small medium-1 small-12 large-1\"  >\n\t\t\t\t<div class=\"col-inner\"  >\n\t\t\t\n\t\t\t\n\n\n\t\t<\/div>\n\t\t\t\t\t<\/div>\n\n\t\n\n\t<div id=\"col-148416564\" class=\"col medium-4 small-12 large-4\"  >\n\t\t\t\t<div class=\"col-inner\" style=\"background-color:#00adbb;\" >\n\t\t\t\n\t\t\t\n\n\t<div id=\"text-2208243677\" class=\"text\">\n\t\t\n\n<h3 style=\"font-family:poppins\" left=\"\" text-align:=\"\">DANS CE NUM\u00c9RO<\/h3>\n\t\t\n<style>\n#text-2208243677 {\n  font-size: 1.35rem;\n  line-height: 1.3;\n  text-align: left;\n  color: rgb(255,255,255);\n}\n#text-2208243677 > * {\n  color: rgb(255,255,255);\n}\n<\/style>\n\t<\/div>\n\t\n\n\t\t<\/div>\n\t\t\t\t\n<style>\n#col-148416564 > .col-inner {\n  padding: 5px 0px 0px 10px;\n  margin: 0px 0px 0px 0px;\n}\n<\/style>\n\t<\/div>\n\n\t\n\n\t<div id=\"col-335688489\" class=\"col hide-for-small medium-6 small-12 large-6\"  >\n\t\t\t\t<div class=\"col-inner\"  >\n\t\t\t\n\t\t\t\n\n\n\t\t<\/div>\n\t\t\t\t\t<\/div>\n\n\t\n\n\t<div id=\"col-1545823151\" class=\"col hide-for-small medium-1 small-12 large-1\"  >\n\t\t\t\t<div class=\"col-inner\"  >\n\t\t\t\n\t\t\t\n\n\n\t\t<\/div>\n\t\t\t\t\t<\/div>\n\n\t\n\n<\/div>\n<div class=\"row\"  id=\"row-2070552023\">\n\n\n\t<div id=\"col-575744693\" class=\"col hide-for-small medium-1 small-12 large-1\"  >\n\t\t\t\t<div class=\"col-inner\"  >\n\t\t\t\n\t\t\t\n\n\n\t\t<\/div>\n\t\t\t\t\t<\/div>\n\n\t\n\n\t<div id=\"col-1904892082\" class=\"col medium-10 small-12 large-10\"  >\n\t\t\t\t<div class=\"col-inner\"  >\n\t\t\t\n\t\t\t\n\n\n  \n    <div class=\"row large-columns-4 medium-columns-3 small-columns-1 has-shadow row-box-shadow-1 slider row-slider slider-nav-reveal slider-nav-push\"  data-flickity-options='{&quot;imagesLoaded&quot;: true, &quot;groupCells&quot;: &quot;100%&quot;, &quot;dragThreshold&quot; : 5, &quot;cellAlign&quot;: &quot;left&quot;,&quot;wrapAround&quot;: true,&quot;prevNextButtons&quot;: true,&quot;percentPosition&quot;: true,&quot;pageDots&quot;: false, &quot;rightToLeft&quot;: false, &quot;autoPlay&quot; : false}' >\n\n  <\/div>\n\n\n\t\t<\/div>\n\t\t\t\t\t<\/div>\n\n\t\n\n\t<div id=\"col-1888310516\" class=\"col hide-for-small medium-1 small-12 large-1\"  >\n\t\t\t\t<div class=\"col-inner\"  >\n\t\t\t\n\t\t\t\n\n\n\t\t<\/div>\n\t\t\t\t\t<\/div>\n\n\t\n\n<\/div>\n<div class=\"row\"  id=\"row-1804322347\">\n\n\n\t<div id=\"col-1012988313\" class=\"col hide-for-small medium-1 small-12 large-1\"  >\n\t\t\t\t<div class=\"col-inner\"  >\n\t\t\t\n\t\t\t\n\n\n\t\t<\/div>\n\t\t\t\t\t<\/div>\n\n\t\n\n\t<div id=\"col-2015087031\" class=\"col medium-3 small-12 large-3\"  >\n\t\t\t\t<div class=\"col-inner\" style=\"background-color:#00adbb;\" >\n\t\t\t\n\t\t\t\n\n\t<div id=\"text-2081551722\" class=\"text\">\n\t\t\n\n<h3 style=\"font-family:poppins\" left=\"\" text-align:=\"\">TOUTES LES \u00c9DITIONS DE MY PERFECT PLACE<\/h3>\n\t\t\n<style>\n#text-2081551722 {\n  font-size: 1.35rem;\n  line-height: 1.3;\n  text-align: left;\n  color: rgb(255,255,255);\n}\n#text-2081551722 > * {\n  color: rgb(255,255,255);\n}\n<\/style>\n\t<\/div>\n\t\n\n\t\t<\/div>\n\t\t\t\t\n<style>\n#col-2015087031 > .col-inner {\n  padding: 5px 0px 0px 10px;\n  margin: 0px 0px 0px 0px;\n}\n<\/style>\n\t<\/div>\n\n\t\n\n\t<div id=\"col-271219851\" class=\"col medium-8 small-12 large-8\"  >\n\t\t\t\t<div class=\"col-inner\"  >\n\t\t\t\n\t\t\t\n\n<div class=\"is-divider divider clearfix\" style=\"max-width:900px;height:2px;background-color:rgb(0, 173, 187);\"><\/div>\n\n\n\t\t<\/div>\n\t\t\t\t\t<\/div>\n\n\t\n\n\t<div id=\"col-1614402449\" class=\"col hide-for-small medium-1 small-12 large-1\"  >\n\t\t\t\t<div class=\"col-inner\"  >\n\t\t\t\n\t\t\t\n\n\n\t\t<\/div>\n\t\t\t\t\t<\/div>\n\n\t\n\n\t<div id=\"col-1763320700\" class=\"col medium-10 small-12 large-10\"  >\n\t\t\t\t<div class=\"col-inner\"  >\n\t\t\t\n\t\t\t\n\n<p class=\"lead shortcode-error text-center\">Sorry, no pages was found<\/p>\n  \n    <div class=\"row large-columns-4 medium-columns-3 small-columns-2\" >\n  <\/div>\n\n\n\t\t<\/div>\n\t\t\t\t\t<\/div>\n\n\t\n\n\t<div id=\"col-1063240453\" class=\"col hide-for-small medium-1 small-12 large-1\"  >\n\t\t\t\t<div class=\"col-inner\"  >\n\t\t\t\n\t\t\t\n\n\n\t\t<\/div>\n\t\t\t\t\t<\/div>\n\n\t\n\n<\/div>\n<div class=\"row\"  id=\"row-1521503746\">\n\n\n\t<div id=\"col-1154119306\" class=\"col hide-for-small medium-1 small-12 large-1\"  >\n\t\t\t\t<div class=\"col-inner\"  >\n\t\t\t\n\t\t\t\n\n\n\t\t<\/div>\n\t\t\t\t\t<\/div>\n\n\t\n\n\t<div id=\"col-239902512\" class=\"col medium-3 small-12 large-3\"  >\n\t\t\t\t<div class=\"col-inner\" style=\"background-color:#00adbb;\" >\n\t\t\t\n\t\t\t\n\n\t<div id=\"text-1647019079\" class=\"text\">\n\t\t\n\n<h3 style=\"font-family:poppins\" left=\"\" text-align:=\"\">RACONTEZ-NOUS VOTRE HISTOIRE<\/h3>\n\t\t\n<style>\n#text-1647019079 {\n  font-size: 1.35rem;\n  line-height: 1.3;\n  text-align: left;\n  color: rgb(255,255,255);\n}\n#text-1647019079 > * {\n  color: rgb(255,255,255);\n}\n<\/style>\n\t<\/div>\n\t\n\n\t\t<\/div>\n\t\t\t\t\n<style>\n#col-239902512 > .col-inner {\n  padding: 5px 0px 0px 10px;\n}\n<\/style>\n\t<\/div>\n\n\t\n\n\t<div id=\"col-1729353514\" class=\"col medium-8 small-12 large-8\"  >\n\t\t\t\t<div class=\"col-inner\"  >\n\t\t\t\n\t\t\t\n\n<div class=\"is-divider divider clearfix\" style=\"max-width:900px;height:2px;background-color:rgb(0, 173, 187);\"><\/div>\n\n\n\t\t<\/div>\n\t\t\t\t\t<\/div>\n\n\t\n\n<\/div>\n<div class=\"row\"  id=\"row-1864241839\">\n\n\n\t<div id=\"col-1242567594\" class=\"col hide-for-small medium-1 small-12 large-1\"  >\n\t\t\t\t<div class=\"col-inner\"  >\n\t\t\t\n\t\t\t\n\n\n\t\t<\/div>\n\t\t\t\t\t<\/div>\n\n\t\n\n\t<div id=\"col-856772906\" class=\"col medium-10 small-12 large-10\"  >\n\t\t\t\t<div class=\"col-inner\"  >\n\t\t\t\n\t\t\t\n\n\t<div id=\"text-663510084\" class=\"text\">\n\t\t\n\n<p><em>\u201cMy Perfect Place\u201d | Ed. Studiowiki S.r.l. |&nbsp;Via dei Vegerio 6\/6B \u2013 17100 Savona, Italy |&nbsp;Reg. c\/o Tribunale di SV N\u00b0 426\/22 | Direttore responsabile: Emmanuele Gerboni | T +39 019.2054914 | visitfinaleligure.it <\/em><\/p>\n\t\t\n<style>\n#text-663510084 {\n  text-align: left;\n}\n<\/style>\n\t<\/div>\n\t\n\n\t\t<\/div>\n\t\t\t\t\t<\/div>\n\n\t\n\n\t<div id=\"col-200559350\" class=\"col hide-for-small medium-1 small-12 large-1\"  >\n\t\t\t\t<div class=\"col-inner\"  >\n\t\t\t\n\t\t\t\n\n\n\t\t<\/div>\n\t\t\t\t\t<\/div>\n\n\t\n\n<\/div>\n\n","protected":false},"excerpt":{"rendered":"","protected":false},"author":16,"featured_media":0,"parent":15364,"menu_order":0,"comment_status":"closed","ping_status":"closed","template":"page-blank.php","meta":{"footnotes":""},"class_list":["post-15367","page","type-page","status-publish","hentry"],"yoast_head":"<!-- This site is optimized with the Yoast SEO plugin v27.3 - https:\/\/yoast.com\/product\/yoast-seo-wordpress\/ -->\n<title>My Perfect Place | Le magazine - ao\u00fbt 2025 - Visit Finale Ligure<\/title>\n<meta name=\"robots\" content=\"index, follow, max-snippet:-1, max-image-preview:large, max-video-preview:-1\" \/>\n<link rel=\"canonical\" href=\"https:\/\/visitfinaleligure.it\/fr\/my-perfect-place-le-magazine\/my-perfect-place-le-magazine-aout-2025\/\" \/>\n<meta property=\"og:locale\" content=\"fr_FR\" \/>\n<meta property=\"og:type\" content=\"article\" \/>\n<meta property=\"og:title\" content=\"My Perfect Place | Le magazine - ao\u00fbt 2025 - Visit Finale Ligure\" \/>\n<meta property=\"og:url\" content=\"https:\/\/visitfinaleligure.it\/fr\/my-perfect-place-le-magazine\/my-perfect-place-le-magazine-aout-2025\/\" \/>\n<meta property=\"og:site_name\" content=\"Visit Finale Ligure\" \/>\n<meta property=\"article:publisher\" content=\"https:\/\/www.facebook.com\/VisitFinaleLigure\" \/>\n<meta property=\"article:modified_time\" content=\"2025-11-04T10:12:06+00:00\" \/>\n<meta property=\"og:image\" content=\"https:\/\/visitfinaleligure.it\/wp-content\/uploads\/2023\/03\/Capo-caprazoppa-1-1.jpg\" \/>\n\t<meta property=\"og:image:width\" content=\"2500\" \/>\n\t<meta property=\"og:image:height\" content=\"1405\" \/>\n\t<meta property=\"og:image:type\" content=\"image\/jpeg\" \/>\n<meta name=\"twitter:card\" content=\"summary_large_image\" \/>\n<meta name=\"twitter:label1\" content=\"Dur\u00e9e de lecture estim\u00e9e\" \/>\n\t<meta name=\"twitter:data1\" content=\"5 minutes\" \/>\n<script type=\"application\/ld+json\" class=\"yoast-schema-graph\">{\"@context\":\"https:\\\/\\\/schema.org\",\"@graph\":[{\"@type\":\"WebPage\",\"@id\":\"https:\\\/\\\/visitfinaleligure.it\\\/fr\\\/my-perfect-place-le-magazine\\\/my-perfect-place-le-magazine-aout-2025\\\/\",\"url\":\"https:\\\/\\\/visitfinaleligure.it\\\/fr\\\/my-perfect-place-le-magazine\\\/my-perfect-place-le-magazine-aout-2025\\\/\",\"name\":\"My Perfect Place | Le magazine - ao\u00fbt 2025 - Visit Finale Ligure\",\"isPartOf\":{\"@id\":\"https:\\\/\\\/visitfinaleligure.it\\\/fr\\\/#website\"},\"datePublished\":\"2025-09-25T13:10:01+00:00\",\"dateModified\":\"2025-11-04T10:12:06+00:00\",\"breadcrumb\":{\"@id\":\"https:\\\/\\\/visitfinaleligure.it\\\/fr\\\/my-perfect-place-le-magazine\\\/my-perfect-place-le-magazine-aout-2025\\\/#breadcrumb\"},\"inLanguage\":\"fr-FR\",\"potentialAction\":[{\"@type\":\"ReadAction\",\"target\":[\"https:\\\/\\\/visitfinaleligure.it\\\/fr\\\/my-perfect-place-le-magazine\\\/my-perfect-place-le-magazine-aout-2025\\\/\"]}]},{\"@type\":\"BreadcrumbList\",\"@id\":\"https:\\\/\\\/visitfinaleligure.it\\\/fr\\\/my-perfect-place-le-magazine\\\/my-perfect-place-le-magazine-aout-2025\\\/#breadcrumb\",\"itemListElement\":[{\"@type\":\"ListItem\",\"position\":1,\"name\":\"Home\",\"item\":\"https:\\\/\\\/visitfinaleligure.it\\\/fr\\\/visitez-finale-ligure-site-touristique-officiel\\\/\"},{\"@type\":\"ListItem\",\"position\":2,\"name\":\"My Perfect Place | Le magazine\",\"item\":\"https:\\\/\\\/visitfinaleligure.it\\\/fr\\\/my-perfect-place-le-magazine\\\/\"},{\"@type\":\"ListItem\",\"position\":3,\"name\":\"My Perfect Place | Le magazine &#8211; ao\u00fbt 2025\"}]},{\"@type\":\"WebSite\",\"@id\":\"https:\\\/\\\/visitfinaleligure.it\\\/fr\\\/#website\",\"url\":\"https:\\\/\\\/visitfinaleligure.it\\\/fr\\\/\",\"name\":\"Visit Finale Ligure\",\"description\":\"My perfect place\",\"publisher\":{\"@id\":\"https:\\\/\\\/visitfinaleligure.it\\\/fr\\\/#organization\"},\"potentialAction\":[{\"@type\":\"SearchAction\",\"target\":{\"@type\":\"EntryPoint\",\"urlTemplate\":\"https:\\\/\\\/visitfinaleligure.it\\\/fr\\\/?s={search_term_string}\"},\"query-input\":{\"@type\":\"PropertyValueSpecification\",\"valueRequired\":true,\"valueName\":\"search_term_string\"}}],\"inLanguage\":\"fr-FR\"},{\"@type\":\"Organization\",\"@id\":\"https:\\\/\\\/visitfinaleligure.it\\\/fr\\\/#organization\",\"name\":\"Comune di Finale Ligure\",\"url\":\"https:\\\/\\\/visitfinaleligure.it\\\/fr\\\/\",\"logo\":{\"@type\":\"ImageObject\",\"inLanguage\":\"fr-FR\",\"@id\":\"https:\\\/\\\/visitfinaleligure.it\\\/fr\\\/#\\\/schema\\\/logo\\\/image\\\/\",\"url\":\"https:\\\/\\\/visitfinaleligure.it\\\/wp-content\\\/uploads\\\/2023\\\/04\\\/cropped-finaleligure-verticale-positivo-200x200-1.png\",\"contentUrl\":\"https:\\\/\\\/visitfinaleligure.it\\\/wp-content\\\/uploads\\\/2023\\\/04\\\/cropped-finaleligure-verticale-positivo-200x200-1.png\",\"width\":512,\"height\":512,\"caption\":\"Comune di Finale Ligure\"},\"image\":{\"@id\":\"https:\\\/\\\/visitfinaleligure.it\\\/fr\\\/#\\\/schema\\\/logo\\\/image\\\/\"},\"sameAs\":[\"https:\\\/\\\/www.facebook.com\\\/VisitFinaleLigure\",\"https:\\\/\\\/www.instagram.com\\\/visitfinale\\\/\",\"https:\\\/\\\/www.youtube.com\\\/channel\\\/UCLmoLfNmrAt9mSCll9egttw\"]}]}<\/script>\n<!-- \/ Yoast SEO plugin. -->","yoast_head_json":{"title":"My Perfect Place | Le magazine - ao\u00fbt 2025 - Visit Finale Ligure","robots":{"index":"index","follow":"follow","max-snippet":"max-snippet:-1","max-image-preview":"max-image-preview:large","max-video-preview":"max-video-preview:-1"},"canonical":"https:\/\/visitfinaleligure.it\/fr\/my-perfect-place-le-magazine\/my-perfect-place-le-magazine-aout-2025\/","og_locale":"fr_FR","og_type":"article","og_title":"My Perfect Place | Le magazine - ao\u00fbt 2025 - Visit Finale Ligure","og_url":"https:\/\/visitfinaleligure.it\/fr\/my-perfect-place-le-magazine\/my-perfect-place-le-magazine-aout-2025\/","og_site_name":"Visit Finale Ligure","article_publisher":"https:\/\/www.facebook.com\/VisitFinaleLigure","article_modified_time":"2025-11-04T10:12:06+00:00","og_image":[{"width":2500,"height":1405,"url":"https:\/\/visitfinaleligure.it\/wp-content\/uploads\/2023\/03\/Capo-caprazoppa-1-1.jpg","type":"image\/jpeg"}],"twitter_card":"summary_large_image","twitter_misc":{"Dur\u00e9e de lecture estim\u00e9e":"5 minutes"},"schema":{"@context":"https:\/\/schema.org","@graph":[{"@type":"WebPage","@id":"https:\/\/visitfinaleligure.it\/fr\/my-perfect-place-le-magazine\/my-perfect-place-le-magazine-aout-2025\/","url":"https:\/\/visitfinaleligure.it\/fr\/my-perfect-place-le-magazine\/my-perfect-place-le-magazine-aout-2025\/","name":"My Perfect Place | Le magazine - ao\u00fbt 2025 - Visit Finale Ligure","isPartOf":{"@id":"https:\/\/visitfinaleligure.it\/fr\/#website"},"datePublished":"2025-09-25T13:10:01+00:00","dateModified":"2025-11-04T10:12:06+00:00","breadcrumb":{"@id":"https:\/\/visitfinaleligure.it\/fr\/my-perfect-place-le-magazine\/my-perfect-place-le-magazine-aout-2025\/#breadcrumb"},"inLanguage":"fr-FR","potentialAction":[{"@type":"ReadAction","target":["https:\/\/visitfinaleligure.it\/fr\/my-perfect-place-le-magazine\/my-perfect-place-le-magazine-aout-2025\/"]}]},{"@type":"BreadcrumbList","@id":"https:\/\/visitfinaleligure.it\/fr\/my-perfect-place-le-magazine\/my-perfect-place-le-magazine-aout-2025\/#breadcrumb","itemListElement":[{"@type":"ListItem","position":1,"name":"Home","item":"https:\/\/visitfinaleligure.it\/fr\/visitez-finale-ligure-site-touristique-officiel\/"},{"@type":"ListItem","position":2,"name":"My Perfect Place | Le magazine","item":"https:\/\/visitfinaleligure.it\/fr\/my-perfect-place-le-magazine\/"},{"@type":"ListItem","position":3,"name":"My Perfect Place | Le magazine &#8211; ao\u00fbt 2025"}]},{"@type":"WebSite","@id":"https:\/\/visitfinaleligure.it\/fr\/#website","url":"https:\/\/visitfinaleligure.it\/fr\/","name":"Visit Finale Ligure","description":"My perfect place","publisher":{"@id":"https:\/\/visitfinaleligure.it\/fr\/#organization"},"potentialAction":[{"@type":"SearchAction","target":{"@type":"EntryPoint","urlTemplate":"https:\/\/visitfinaleligure.it\/fr\/?s={search_term_string}"},"query-input":{"@type":"PropertyValueSpecification","valueRequired":true,"valueName":"search_term_string"}}],"inLanguage":"fr-FR"},{"@type":"Organization","@id":"https:\/\/visitfinaleligure.it\/fr\/#organization","name":"Comune di Finale Ligure","url":"https:\/\/visitfinaleligure.it\/fr\/","logo":{"@type":"ImageObject","inLanguage":"fr-FR","@id":"https:\/\/visitfinaleligure.it\/fr\/#\/schema\/logo\/image\/","url":"https:\/\/visitfinaleligure.it\/wp-content\/uploads\/2023\/04\/cropped-finaleligure-verticale-positivo-200x200-1.png","contentUrl":"https:\/\/visitfinaleligure.it\/wp-content\/uploads\/2023\/04\/cropped-finaleligure-verticale-positivo-200x200-1.png","width":512,"height":512,"caption":"Comune di Finale Ligure"},"image":{"@id":"https:\/\/visitfinaleligure.it\/fr\/#\/schema\/logo\/image\/"},"sameAs":["https:\/\/www.facebook.com\/VisitFinaleLigure","https:\/\/www.instagram.com\/visitfinale\/","https:\/\/www.youtube.com\/channel\/UCLmoLfNmrAt9mSCll9egttw"]}]}},"_links":{"self":[{"href":"https:\/\/visitfinaleligure.it\/fr\/wp-json\/wp\/v2\/pages\/15367","targetHints":{"allow":["GET"]}}],"collection":[{"href":"https:\/\/visitfinaleligure.it\/fr\/wp-json\/wp\/v2\/pages"}],"about":[{"href":"https:\/\/visitfinaleligure.it\/fr\/wp-json\/wp\/v2\/types\/page"}],"author":[{"embeddable":true,"href":"https:\/\/visitfinaleligure.it\/fr\/wp-json\/wp\/v2\/users\/16"}],"replies":[{"embeddable":true,"href":"https:\/\/visitfinaleligure.it\/fr\/wp-json\/wp\/v2\/comments?post=15367"}],"version-history":[{"count":3,"href":"https:\/\/visitfinaleligure.it\/fr\/wp-json\/wp\/v2\/pages\/15367\/revisions"}],"predecessor-version":[{"id":15797,"href":"https:\/\/visitfinaleligure.it\/fr\/wp-json\/wp\/v2\/pages\/15367\/revisions\/15797"}],"up":[{"embeddable":true,"href":"https:\/\/visitfinaleligure.it\/fr\/wp-json\/wp\/v2\/pages\/15364"}],"wp:attachment":[{"href":"https:\/\/visitfinaleligure.it\/fr\/wp-json\/wp\/v2\/media?parent=15367"}],"curies":[{"name":"wp","href":"https:\/\/api.w.org\/{rel}","templated":true}]}}