{"id":17427,"date":"2023-02-01T15:51:52","date_gmt":"2023-02-01T14:51:52","guid":{"rendered":"https:\/\/visitfinaleligure.it\/le-manie\/"},"modified":"2026-02-04T11:52:21","modified_gmt":"2026-02-04T10:52:21","slug":"le-manie","status":"publish","type":"page","link":"https:\/\/visitfinaleligure.it\/fr\/les-localites\/districts\/le-manie\/","title":{"rendered":"Le M\u00e0nie"},"content":{"rendered":"\n\n\t<section class=\"section\" id=\"section_2017617464\">\n\t\t<div class=\"section-bg fill\" >\n\t\t\t\t\t\t\t\t\t\n\t\t\t\n\n\t\t<\/div>\n\n\t\t\n\n\t\t<div class=\"section-content relative\">\n\t\t\t\n\n\t<div class=\"img has-hover x md-x lg-x y md-y lg-y\" id=\"image_1603990440\">\n\t\t\t\t\t\t\t\t<div class=\"img-inner image-cover dark\" style=\"padding-top:40%;\">\n\t\t\t<img loading=\"lazy\" decoding=\"async\" width=\"1920\" height=\"1186\" src=\"https:\/\/visitfinaleligure.it\/wp-content\/uploads\/2023\/01\/manie-1920x1186-1.webp\" class=\"attachment-original size-original\" alt=\"agritourismes finale ligure\" srcset=\"https:\/\/visitfinaleligure.it\/wp-content\/uploads\/2023\/01\/manie-1920x1186-1.webp 1920w, https:\/\/visitfinaleligure.it\/wp-content\/uploads\/2023\/01\/manie-1920x1186-1-300x185.webp 300w, https:\/\/visitfinaleligure.it\/wp-content\/uploads\/2023\/01\/manie-1920x1186-1-1024x633.webp 1024w, https:\/\/visitfinaleligure.it\/wp-content\/uploads\/2023\/01\/manie-1920x1186-1-768x474.webp 768w, https:\/\/visitfinaleligure.it\/wp-content\/uploads\/2023\/01\/manie-1920x1186-1-1536x949.webp 1536w\" sizes=\"auto, (max-width: 1920px) 100vw, 1920px\" \/>\t\t\t\t\t\t\n\t\t\t\t\t<\/div>\n\t\t\t\t\t\t\t\t\n<style>\n#image_1603990440 {\n  width: 100%;\n}\n<\/style>\n\t<\/div>\n\t\n\n\n\t\t<\/div>\n\n\t\t\n<style>\n#section_2017617464 {\n  padding-top: 30px;\n  padding-bottom: 30px;\n}\n<\/style>\n\t<\/section>\n\t\n\n\t<section class=\"section\" id=\"section_1257518633\">\n\t\t<div class=\"section-bg fill\" >\n\t\t\t\t\t\t\t\t\t\n\t\t\t\n\n\t\t<\/div>\n\n\t\t\n\n\t\t<div class=\"section-content relative\">\n\t\t\t\n\n<div class=\"row align-middle\"  id=\"row-376059835\">\n\n\n\t<div id=\"col-830380830\" class=\"col hide-for-small medium-1 small-12 large-1\"  >\n\t\t\t\t<div class=\"col-inner\"  >\n\t\t\t\n\t\t\t\n\n\n\t\t<\/div>\n\t\t\t\t\t<\/div>\n\n\t\n\n\t<div id=\"col-1910759096\" class=\"col medium-10 small-12 large-10\"  >\n\t\t\t\t<div class=\"col-inner text-left\"  >\n\t\t\t\n\t\t\t\n\n\t<div id=\"text-464093236\" class=\"text\">\n\t\t\n\n<h1 class=\"testi-titolo\">Altopiano de Le Manie<br><\/h1>\n\t\t\n<style>\n#text-464093236 {\n  color: rgb(0,0,0);\n}\n#text-464093236 > * {\n  color: rgb(0,0,0);\n}\n<\/style>\n\t<\/div>\n\t\n\n\t\t<\/div>\n\t\t\t\t\n<style>\n#col-1910759096 > .col-inner {\n  margin: 0px 0px 0px 0px;\n}\n@media (min-width:550px) {\n  #col-1910759096 > .col-inner {\n    margin: 0px 0px 0px 0px;\n  }\n}\n<\/style>\n\t<\/div>\n\n\t\n\n\t<div id=\"col-1765662359\" class=\"col hide-for-small medium-1 small-12 large-1\"  >\n\t\t\t\t<div class=\"col-inner\"  >\n\t\t\t\n\t\t\t\n\n\n\t\t<\/div>\n\t\t\t\t\t<\/div>\n\n\t\n\n\n<style>\n#row-376059835 > .col > .col-inner {\n  padding: 0px 0px 0px 0px;\n}\n@media (min-width:550px) {\n  #row-376059835 > .col > .col-inner {\n    padding: 0px 0px 0px 0px;\n  }\n}\n<\/style>\n<\/div>\n<div class=\"row\"  id=\"row-795556835\">\n\n\n\t<div id=\"col-342245469\" class=\"col hide-for-small medium-1 small-12 large-1\"  >\n\t\t\t\t<div class=\"col-inner text-left\"  >\n\t\t\t\n\t\t\t\n\n\n\t\t<\/div>\n\t\t\t\t\n<style>\n#col-342245469 > .col-inner {\n  margin: 0px 0px 0px 0px;\n}\n<\/style>\n\t<\/div>\n\n\t\n\n\t<div id=\"col-324906482\" class=\"col medium-10 small-12 large-10\"  >\n\t\t\t\t<div class=\"col-inner text-left\"  >\n\t\t\t\n\t\t\t\n\n<div class=\"row\"  id=\"row-960501995\">\n\n\n\t<div id=\"col-429671734\" class=\"col medium-12 small-12 large-7\"  >\n\t\t\t\t<div class=\"col-inner\"  >\n\t\t\t\n\t\t\t\n\n<p>Une grande zone karstique entre arch\u00e9ologie, nature et paysage.<\/p>\n<p>Le plateau de Le Manie occupe l&#8217;une des <strong>zones les plus int\u00e9ressantes de la Ligurie <\/strong>du point de vue paysager et g\u00e9ologique en raison des ph\u00e9nom\u00e8nes karstiques qui le caract\u00e9risent.<\/p>\n<p><strong>Les nombreux sentiers qui sillonnent<\/strong> le plateau sont devenus un paradis pour les cyclistes du monde entier. Les bords du plateau qui dominent la rade de Varigotti offrent notamment des paysages saisissants depuis le sommet des falaises abruptes, suspendues comme par magie au-dessus de la mer.<br>Le paysage actuel est caract\u00e9ris\u00e9 par le maquis m\u00e9diterran\u00e9en et les for\u00eats de ch\u00eanes verts, tandis que de magnifiques vignobles produisent d&#8217;excellents vins. <\/p>\n<p>Mais cette r\u00e9gion est \u00e9galement importante pour ses vestiges arch\u00e9ologiques. Les argiles pl\u00e9istoc\u00e8nes des localit\u00e9s de Terre Rosse et La Briga, ainsi que la <strong>Caverna delle Fate<\/strong> (grotte des f\u00e9es) qui surplombe le Val Sciusa, ont livr\u00e9 des artefacts en pierre taill\u00e9e datant de 350 000 ans et attribuables \u00e0 l&#8217;<em>Homo heidelbergensis,<\/em> la plus ancienne esp\u00e8ce humaine qui ait peupl\u00e9 la r\u00e9gion de Finale<em>.<\/em> <\/p>\n<p>La m\u00eame grotte et les d\u00e9p\u00f4ts pal\u00e9olithiques d\u00e9couverts dans l&#8217;<strong>Arma delle M\u00e0nie <\/strong>ont livr\u00e9 d&#8217;importants restes squelettiques et de nombreux vestiges de l&#8217;industrie lithique musterienne, attribuables \u00e0 la pr\u00e9sence de l&#8217;homme de N\u00e9andertal.<\/p>\n<h2>LA CAVERNA DELLE FATE<\/strong><\/h2>\n<p>Outre de nombreuses d\u00e9couvertes t\u00e9moignant de la pr\u00e9sence humaine dans la r\u00e9gion de Finale, attribuables \u00e0 l&#8217;Homo Heidelbergensis, la grotte rev\u00eat une importance particuli\u00e8re pour la pr\u00e9histoire italienne car, dans des couches datant d&#8217;environ 70 000 ans, ont \u00e9t\u00e9 d\u00e9couverts 16 fragments d&#8217;ossements appartenant \u00e0 l&#8217;Homme de N\u00e9andertal.<\/p>\n<h2>L&#8217;ARMA DELLE MANIE<\/h2>\n<p>C&#8217;est l&#8217;un des sites arch\u00e9ologiques pr\u00e9historiques les plus suggestifs de la r\u00e9gion de Finale. La grande vo\u00fbte en pierre, bien visible de<br>loin depuis le plateau des M\u00e0nie, renferme une succession de couches arch\u00e9ologiques qui t\u00e9moignent de la pr\u00e9sence<br>humaine entre le Pal\u00e9olithique et le N\u00e9olithique. Les niveaux datant du Pal\u00e9olithique moyen, lorsque la grotte \u00e9tait utilis\u00e9e par l&#8217;homme de N\u00e9andertal, sont particuli\u00e8rement importants.  <\/p>\n<p>Enfin, sur le doux plateau d&#8217;Isasco surplombant la mer au-dessus de Varigotti, une n\u00e9cropole datant de l&#8217;\u00e9poque romaine a \u00e9t\u00e9 d\u00e9couverte, avec des s\u00e9pultures datant du Ier au VIIe si\u00e8cle apr\u00e8s J.-C.<\/p>\n<p>Les vestiges pr\u00e9historiques et les objets fun\u00e9raires de la n\u00e9cropole romaine sont expos\u00e9s au Mus\u00e9e arch\u00e9ologique de Finale \u00e0 Finalborgo.<\/p>\n\n\n\t\t<\/div>\n\t\t\t\t\t<\/div>\n\n\t\n\n\t<div id=\"col-70921935\" class=\"col medium-12 small-12 large-5\"  >\n\t\t\t\t<div class=\"col-inner\"  >\n\t\t\t\n\t\t\t\n\n<p><\/p>\n\n\t\t<\/div>\n\t\t\t\t\t<\/div>\n\n\t\n\n<\/div>\n<div class=\"nav-wrapper\"><ul class=\"nav nav-uppercase nav-horizontal nav-line-bottom text-center nav-center\"><p class=\"lead shortcode-error text-center\">Sorry, no pages was found<\/p><\/ul><\/div>\n\n\n\t\t<\/div>\n\t\t\t\t\n<style>\n#col-324906482 > .col-inner {\n  margin: -30px 0px 0px 0px;\n}\n<\/style>\n\t<\/div>\n\n\t\n\n\t<div id=\"col-733700951\" class=\"col hide-for-small medium-1 small-7 large-1\"  >\n\t\t\t\t<div class=\"col-inner text-left\"  >\n\t\t\t\n\t\t\t\n\n\n\t\t<\/div>\n\t\t\t\t\n<style>\n#col-733700951 > .col-inner {\n  margin: 0px 0px 0px 0px;\n}\n<\/style>\n\t<\/div>\n\n\t\n\n<\/div>\n\n\t\t<\/div>\n\n\t\t\n<style>\n#section_1257518633 {\n  padding-top: 0px;\n  padding-bottom: 0px;\n}\n<\/style>\n\t<\/section>\n\t\n\n","protected":false},"excerpt":{"rendered":"","protected":false},"author":2,"featured_media":15008,"parent":17461,"menu_order":0,"comment_status":"closed","ping_status":"closed","template":"page-blank.php","meta":{"footnotes":""},"class_list":["post-17427","page","type-page","status-publish","has-post-thumbnail","hentry"],"yoast_head":"<!-- This site is optimized with the Yoast SEO plugin v27.3 - https:\/\/yoast.com\/product\/yoast-seo-wordpress\/ -->\n<title>Le M\u00e0nie - Visit Finale Ligure<\/title>\n<meta name=\"robots\" content=\"index, follow, max-snippet:-1, max-image-preview:large, max-video-preview:-1\" \/>\n<link rel=\"canonical\" href=\"https:\/\/visitfinaleligure.it\/fr\/les-localites\/districts\/le-manie\/\" \/>\n<meta property=\"og:locale\" content=\"fr_FR\" \/>\n<meta property=\"og:type\" content=\"article\" \/>\n<meta property=\"og:title\" content=\"Le M\u00e0nie - Visit Finale Ligure\" \/>\n<meta property=\"og:url\" content=\"https:\/\/visitfinaleligure.it\/fr\/les-localites\/districts\/le-manie\/\" \/>\n<meta property=\"og:site_name\" content=\"Visit Finale Ligure\" \/>\n<meta property=\"article:publisher\" content=\"https:\/\/www.facebook.com\/VisitFinaleLigure\" \/>\n<meta property=\"article:modified_time\" content=\"2026-02-04T10:52:21+00:00\" \/>\n<meta property=\"og:image\" content=\"https:\/\/visitfinaleligure.it\/wp-content\/uploads\/2023\/01\/manie-1920x1186-1.webp\" \/>\n\t<meta property=\"og:image:width\" content=\"1920\" \/>\n\t<meta property=\"og:image:height\" content=\"1186\" \/>\n\t<meta property=\"og:image:type\" content=\"image\/webp\" \/>\n<meta name=\"twitter:card\" content=\"summary_large_image\" \/>\n<meta name=\"twitter:label1\" content=\"Dur\u00e9e de lecture estim\u00e9e\" \/>\n\t<meta name=\"twitter:data1\" content=\"3 minutes\" \/>\n<script type=\"application\/ld+json\" class=\"yoast-schema-graph\">{\"@context\":\"https:\\\/\\\/schema.org\",\"@graph\":[{\"@type\":\"WebPage\",\"@id\":\"https:\\\/\\\/visitfinaleligure.it\\\/fr\\\/les-localites\\\/districts\\\/le-manie\\\/\",\"url\":\"https:\\\/\\\/visitfinaleligure.it\\\/fr\\\/les-localites\\\/districts\\\/le-manie\\\/\",\"name\":\"Le M\u00e0nie - Visit Finale Ligure\",\"isPartOf\":{\"@id\":\"https:\\\/\\\/visitfinaleligure.it\\\/fr\\\/#website\"},\"primaryImageOfPage\":{\"@id\":\"https:\\\/\\\/visitfinaleligure.it\\\/fr\\\/les-localites\\\/districts\\\/le-manie\\\/#primaryimage\"},\"image\":{\"@id\":\"https:\\\/\\\/visitfinaleligure.it\\\/fr\\\/les-localites\\\/districts\\\/le-manie\\\/#primaryimage\"},\"thumbnailUrl\":\"https:\\\/\\\/visitfinaleligure.it\\\/wp-content\\\/uploads\\\/2023\\\/01\\\/manie-1920x1186-1.webp\",\"datePublished\":\"2023-02-01T14:51:52+00:00\",\"dateModified\":\"2026-02-04T10:52:21+00:00\",\"breadcrumb\":{\"@id\":\"https:\\\/\\\/visitfinaleligure.it\\\/fr\\\/les-localites\\\/districts\\\/le-manie\\\/#breadcrumb\"},\"inLanguage\":\"fr-FR\",\"potentialAction\":[{\"@type\":\"ReadAction\",\"target\":[\"https:\\\/\\\/visitfinaleligure.it\\\/fr\\\/les-localites\\\/districts\\\/le-manie\\\/\"]}]},{\"@type\":\"ImageObject\",\"inLanguage\":\"fr-FR\",\"@id\":\"https:\\\/\\\/visitfinaleligure.it\\\/fr\\\/les-localites\\\/districts\\\/le-manie\\\/#primaryimage\",\"url\":\"https:\\\/\\\/visitfinaleligure.it\\\/wp-content\\\/uploads\\\/2023\\\/01\\\/manie-1920x1186-1.webp\",\"contentUrl\":\"https:\\\/\\\/visitfinaleligure.it\\\/wp-content\\\/uploads\\\/2023\\\/01\\\/manie-1920x1186-1.webp\",\"width\":1920,\"height\":1186,\"caption\":\"agritourismes finale ligure\"},{\"@type\":\"BreadcrumbList\",\"@id\":\"https:\\\/\\\/visitfinaleligure.it\\\/fr\\\/les-localites\\\/districts\\\/le-manie\\\/#breadcrumb\",\"itemListElement\":[{\"@type\":\"ListItem\",\"position\":1,\"name\":\"Home\",\"item\":\"https:\\\/\\\/visitfinaleligure.it\\\/fr\\\/visitez-finale-ligure-site-touristique-officiel\\\/\"},{\"@type\":\"ListItem\",\"position\":2,\"name\":\"Les localit\u00e9s\",\"item\":\"https:\\\/\\\/visitfinaleligure.it\\\/fr\\\/les-localites\\\/\"},{\"@type\":\"ListItem\",\"position\":3,\"name\":\"Districts\",\"item\":\"https:\\\/\\\/visitfinaleligure.it\\\/fr\\\/les-localites\\\/districts\\\/\"},{\"@type\":\"ListItem\",\"position\":4,\"name\":\"Le M\u00e0nie\"}]},{\"@type\":\"WebSite\",\"@id\":\"https:\\\/\\\/visitfinaleligure.it\\\/fr\\\/#website\",\"url\":\"https:\\\/\\\/visitfinaleligure.it\\\/fr\\\/\",\"name\":\"Visit Finale Ligure\",\"description\":\"My perfect place\",\"publisher\":{\"@id\":\"https:\\\/\\\/visitfinaleligure.it\\\/fr\\\/#organization\"},\"potentialAction\":[{\"@type\":\"SearchAction\",\"target\":{\"@type\":\"EntryPoint\",\"urlTemplate\":\"https:\\\/\\\/visitfinaleligure.it\\\/fr\\\/?s={search_term_string}\"},\"query-input\":{\"@type\":\"PropertyValueSpecification\",\"valueRequired\":true,\"valueName\":\"search_term_string\"}}],\"inLanguage\":\"fr-FR\"},{\"@type\":\"Organization\",\"@id\":\"https:\\\/\\\/visitfinaleligure.it\\\/fr\\\/#organization\",\"name\":\"Comune di Finale Ligure\",\"url\":\"https:\\\/\\\/visitfinaleligure.it\\\/fr\\\/\",\"logo\":{\"@type\":\"ImageObject\",\"inLanguage\":\"fr-FR\",\"@id\":\"https:\\\/\\\/visitfinaleligure.it\\\/fr\\\/#\\\/schema\\\/logo\\\/image\\\/\",\"url\":\"https:\\\/\\\/visitfinaleligure.it\\\/wp-content\\\/uploads\\\/2023\\\/04\\\/cropped-finaleligure-verticale-positivo-200x200-1.png\",\"contentUrl\":\"https:\\\/\\\/visitfinaleligure.it\\\/wp-content\\\/uploads\\\/2023\\\/04\\\/cropped-finaleligure-verticale-positivo-200x200-1.png\",\"width\":512,\"height\":512,\"caption\":\"Comune di Finale Ligure\"},\"image\":{\"@id\":\"https:\\\/\\\/visitfinaleligure.it\\\/fr\\\/#\\\/schema\\\/logo\\\/image\\\/\"},\"sameAs\":[\"https:\\\/\\\/www.facebook.com\\\/VisitFinaleLigure\",\"https:\\\/\\\/www.instagram.com\\\/visitfinale\\\/\",\"https:\\\/\\\/www.youtube.com\\\/channel\\\/UCLmoLfNmrAt9mSCll9egttw\"]}]}<\/script>\n<!-- \/ Yoast SEO plugin. -->","yoast_head_json":{"title":"Le M\u00e0nie - Visit Finale Ligure","robots":{"index":"index","follow":"follow","max-snippet":"max-snippet:-1","max-image-preview":"max-image-preview:large","max-video-preview":"max-video-preview:-1"},"canonical":"https:\/\/visitfinaleligure.it\/fr\/les-localites\/districts\/le-manie\/","og_locale":"fr_FR","og_type":"article","og_title":"Le M\u00e0nie - Visit Finale Ligure","og_url":"https:\/\/visitfinaleligure.it\/fr\/les-localites\/districts\/le-manie\/","og_site_name":"Visit Finale Ligure","article_publisher":"https:\/\/www.facebook.com\/VisitFinaleLigure","article_modified_time":"2026-02-04T10:52:21+00:00","og_image":[{"width":1920,"height":1186,"url":"https:\/\/visitfinaleligure.it\/wp-content\/uploads\/2023\/01\/manie-1920x1186-1.webp","type":"image\/webp"}],"twitter_card":"summary_large_image","twitter_misc":{"Dur\u00e9e de lecture estim\u00e9e":"3 minutes"},"schema":{"@context":"https:\/\/schema.org","@graph":[{"@type":"WebPage","@id":"https:\/\/visitfinaleligure.it\/fr\/les-localites\/districts\/le-manie\/","url":"https:\/\/visitfinaleligure.it\/fr\/les-localites\/districts\/le-manie\/","name":"Le M\u00e0nie - Visit Finale Ligure","isPartOf":{"@id":"https:\/\/visitfinaleligure.it\/fr\/#website"},"primaryImageOfPage":{"@id":"https:\/\/visitfinaleligure.it\/fr\/les-localites\/districts\/le-manie\/#primaryimage"},"image":{"@id":"https:\/\/visitfinaleligure.it\/fr\/les-localites\/districts\/le-manie\/#primaryimage"},"thumbnailUrl":"https:\/\/visitfinaleligure.it\/wp-content\/uploads\/2023\/01\/manie-1920x1186-1.webp","datePublished":"2023-02-01T14:51:52+00:00","dateModified":"2026-02-04T10:52:21+00:00","breadcrumb":{"@id":"https:\/\/visitfinaleligure.it\/fr\/les-localites\/districts\/le-manie\/#breadcrumb"},"inLanguage":"fr-FR","potentialAction":[{"@type":"ReadAction","target":["https:\/\/visitfinaleligure.it\/fr\/les-localites\/districts\/le-manie\/"]}]},{"@type":"ImageObject","inLanguage":"fr-FR","@id":"https:\/\/visitfinaleligure.it\/fr\/les-localites\/districts\/le-manie\/#primaryimage","url":"https:\/\/visitfinaleligure.it\/wp-content\/uploads\/2023\/01\/manie-1920x1186-1.webp","contentUrl":"https:\/\/visitfinaleligure.it\/wp-content\/uploads\/2023\/01\/manie-1920x1186-1.webp","width":1920,"height":1186,"caption":"agritourismes finale ligure"},{"@type":"BreadcrumbList","@id":"https:\/\/visitfinaleligure.it\/fr\/les-localites\/districts\/le-manie\/#breadcrumb","itemListElement":[{"@type":"ListItem","position":1,"name":"Home","item":"https:\/\/visitfinaleligure.it\/fr\/visitez-finale-ligure-site-touristique-officiel\/"},{"@type":"ListItem","position":2,"name":"Les localit\u00e9s","item":"https:\/\/visitfinaleligure.it\/fr\/les-localites\/"},{"@type":"ListItem","position":3,"name":"Districts","item":"https:\/\/visitfinaleligure.it\/fr\/les-localites\/districts\/"},{"@type":"ListItem","position":4,"name":"Le M\u00e0nie"}]},{"@type":"WebSite","@id":"https:\/\/visitfinaleligure.it\/fr\/#website","url":"https:\/\/visitfinaleligure.it\/fr\/","name":"Visit Finale Ligure","description":"My perfect place","publisher":{"@id":"https:\/\/visitfinaleligure.it\/fr\/#organization"},"potentialAction":[{"@type":"SearchAction","target":{"@type":"EntryPoint","urlTemplate":"https:\/\/visitfinaleligure.it\/fr\/?s={search_term_string}"},"query-input":{"@type":"PropertyValueSpecification","valueRequired":true,"valueName":"search_term_string"}}],"inLanguage":"fr-FR"},{"@type":"Organization","@id":"https:\/\/visitfinaleligure.it\/fr\/#organization","name":"Comune di Finale Ligure","url":"https:\/\/visitfinaleligure.it\/fr\/","logo":{"@type":"ImageObject","inLanguage":"fr-FR","@id":"https:\/\/visitfinaleligure.it\/fr\/#\/schema\/logo\/image\/","url":"https:\/\/visitfinaleligure.it\/wp-content\/uploads\/2023\/04\/cropped-finaleligure-verticale-positivo-200x200-1.png","contentUrl":"https:\/\/visitfinaleligure.it\/wp-content\/uploads\/2023\/04\/cropped-finaleligure-verticale-positivo-200x200-1.png","width":512,"height":512,"caption":"Comune di Finale Ligure"},"image":{"@id":"https:\/\/visitfinaleligure.it\/fr\/#\/schema\/logo\/image\/"},"sameAs":["https:\/\/www.facebook.com\/VisitFinaleLigure","https:\/\/www.instagram.com\/visitfinale\/","https:\/\/www.youtube.com\/channel\/UCLmoLfNmrAt9mSCll9egttw"]}]}},"_links":{"self":[{"href":"https:\/\/visitfinaleligure.it\/fr\/wp-json\/wp\/v2\/pages\/17427","targetHints":{"allow":["GET"]}}],"collection":[{"href":"https:\/\/visitfinaleligure.it\/fr\/wp-json\/wp\/v2\/pages"}],"about":[{"href":"https:\/\/visitfinaleligure.it\/fr\/wp-json\/wp\/v2\/types\/page"}],"author":[{"embeddable":true,"href":"https:\/\/visitfinaleligure.it\/fr\/wp-json\/wp\/v2\/users\/2"}],"replies":[{"embeddable":true,"href":"https:\/\/visitfinaleligure.it\/fr\/wp-json\/wp\/v2\/comments?post=17427"}],"version-history":[{"count":3,"href":"https:\/\/visitfinaleligure.it\/fr\/wp-json\/wp\/v2\/pages\/17427\/revisions"}],"predecessor-version":[{"id":17430,"href":"https:\/\/visitfinaleligure.it\/fr\/wp-json\/wp\/v2\/pages\/17427\/revisions\/17430"}],"up":[{"embeddable":true,"href":"https:\/\/visitfinaleligure.it\/fr\/wp-json\/wp\/v2\/pages\/17461"}],"wp:featuredmedia":[{"embeddable":true,"href":"https:\/\/visitfinaleligure.it\/fr\/wp-json\/wp\/v2\/media\/15008"}],"wp:attachment":[{"href":"https:\/\/visitfinaleligure.it\/fr\/wp-json\/wp\/v2\/media?parent=17427"}],"curies":[{"name":"wp","href":"https:\/\/api.w.org\/{rel}","templated":true}]}}