{"id":17439,"date":"2023-02-01T16:13:34","date_gmt":"2023-02-01T15:13:34","guid":{"rendered":"https:\/\/visitfinaleligure.it\/perti\/"},"modified":"2026-02-04T11:52:21","modified_gmt":"2026-02-04T10:52:21","slug":"perti","status":"publish","type":"page","link":"https:\/\/visitfinaleligure.it\/fr\/les-localites\/districts\/perti\/","title":{"rendered":"Perti"},"content":{"rendered":"\n\n\t<section class=\"section\" id=\"section_165003044\">\n\t\t<div class=\"section-bg fill\" >\n\t\t\t\t\t\t\t\t\t\n\t\t\t\n\n\t\t<\/div>\n\n\t\t\n\n\t\t<div class=\"section-content relative\">\n\t\t\t\n\t<div class=\"img has-hover x md-x lg-x y md-y lg-y\" id=\"image_641483522\">\n\t\t\t\t\t\t\t\t<div class=\"img-inner image-cover dark\" style=\"padding-top:40%;\">\n\t\t\t<img loading=\"lazy\" decoding=\"async\" width=\"2000\" height=\"1333\" src=\"https:\/\/visitfinaleligure.it\/wp-content\/uploads\/2023\/05\/PERTI-CHIESA-5-CAMPANILI-FOTOSTUDIOLOVISOLO.jpg\" class=\"attachment-original size-original\" alt=\"\" srcset=\"https:\/\/visitfinaleligure.it\/wp-content\/uploads\/2023\/05\/PERTI-CHIESA-5-CAMPANILI-FOTOSTUDIOLOVISOLO.jpg 2000w, https:\/\/visitfinaleligure.it\/wp-content\/uploads\/2023\/05\/PERTI-CHIESA-5-CAMPANILI-FOTOSTUDIOLOVISOLO-300x200.jpg 300w, https:\/\/visitfinaleligure.it\/wp-content\/uploads\/2023\/05\/PERTI-CHIESA-5-CAMPANILI-FOTOSTUDIOLOVISOLO-1024x682.jpg 1024w, https:\/\/visitfinaleligure.it\/wp-content\/uploads\/2023\/05\/PERTI-CHIESA-5-CAMPANILI-FOTOSTUDIOLOVISOLO-768x512.jpg 768w, https:\/\/visitfinaleligure.it\/wp-content\/uploads\/2023\/05\/PERTI-CHIESA-5-CAMPANILI-FOTOSTUDIOLOVISOLO-1536x1024.jpg 1536w\" sizes=\"auto, (max-width: 2000px) 100vw, 2000px\" \/>\t\t\t\t\t\t\n\t\t\t\t\t<\/div>\n\t\t\t\t\t\t\t\t\n<style>\n#image_641483522 {\n  width: 100%;\n}\n<\/style>\n\t<\/div>\n\t\n\t\t<\/div>\n\n\t\t\n<style>\n#section_165003044 {\n  padding-top: 30px;\n  padding-bottom: 30px;\n}\n<\/style>\n\t<\/section>\n\t\n\n\t<section class=\"section\" id=\"section_778117369\">\n\t\t<div class=\"section-bg fill\" >\n\t\t\t\t\t\t\t\t\t\n\t\t\t\n\n\t\t<\/div>\n\n\t\t\n\n\t\t<div class=\"section-content relative\">\n\t\t\t\n<div class=\"row align-middle\"  id=\"row-1779960378\">\n\n\t<div id=\"col-119274607\" class=\"col hide-for-small medium-1 small-12 large-1\"  >\n\t\t\t\t<div class=\"col-inner\"  >\n\t\t\t\n\t\t\t\n\t\t<\/div>\n\t\t\t\t\t<\/div>\n\n\t\n\n\t<div id=\"col-341587732\" class=\"col medium-10 small-12 large-10\"  >\n\t\t\t\t<div class=\"col-inner text-left\"  >\n\t\t\t\n\t\t\t\n\t<div id=\"text-2375775326\" class=\"text\">\n\t\t\n<h1 class=\"testi-titolo\">\nPerti<\/p>\n<\/h1>\n\t\t\n<style>\n#text-2375775326 {\n  color: rgb(0,0,0);\n}\n#text-2375775326 > * {\n  color: rgb(0,0,0);\n}\n<\/style>\n\t<\/div>\n\t\n\t\t<\/div>\n\t\t\t\t\n<style>\n#col-341587732 > .col-inner {\n  margin: 0px 0px 0px 0px;\n}\n@media (min-width:550px) {\n  #col-341587732 > .col-inner {\n    margin: 0px 0px 0px 0px;\n  }\n}\n<\/style>\n\t<\/div>\n\n\t\n\n\t<div id=\"col-625763879\" class=\"col hide-for-small medium-1 small-12 large-1\"  >\n\t\t\t\t<div class=\"col-inner\"  >\n\t\t\t\n\t\t\t\n\t\t<\/div>\n\t\t\t\t\t<\/div>\n\n\t\n\n<style>\n#row-1779960378 > .col > .col-inner {\n  padding: 0px 0px 0px 0px;\n}\n@media (min-width:550px) {\n  #row-1779960378 > .col > .col-inner {\n    padding: 0px 0px 0px 0px;\n  }\n}\n<\/style>\n<\/div>\n<div class=\"row\"  id=\"row-1357318986\">\n\n\t<div id=\"col-277586708\" class=\"col hide-for-small medium-1 small-12 large-1\"  >\n\t\t\t\t<div class=\"col-inner text-left\"  >\n\t\t\t\n\t\t\t\n\t\t<\/div>\n\t\t\t\t\n<style>\n#col-277586708 > .col-inner {\n  margin: 0px 0px 0px 0px;\n}\n<\/style>\n\t<\/div>\n\n\t\n\n\t<div id=\"col-1319497965\" class=\"col medium-10 small-12 large-10\"  >\n\t\t\t\t<div class=\"col-inner text-left\"  >\n\t\t\t\n\t\t\t\n<div class=\"row\"  id=\"row-750493568\">\n\n\t<div id=\"col-548112577\" class=\"col medium-7 small-12 large-7\"  >\n\t\t\t\t<div class=\"col-inner\"  >\n\t\t\t\n\t\t\t\n<p>La r\u00e9gion de Perti, situ\u00e9e le long de la cr\u00eate montagneuse qui s\u00e9pare les vall\u00e9es du Pora et de l&#8217;Aquila, <strong>derri\u00e8re Finalborgo<\/strong>, est l&#8217;un des environnements les plus riches en paysages suggestifs et en histoire.<\/span><\/p>\n<p style=\"background: white\"><span style=\"font-family: Poppins;color: #575556\">Les hautes parois en pierre de Finale des vall\u00e9es environnantes, v\u00e9ritable <strong><span style=\"font-family: Poppins\">paradis pour les \u00ab free climbers \u00bb<\/span><\/strong> du monde entier, constituent la toile de fond d&#8217;un paysage naturel enchanteur.<\/p>\n<h3>Traces d&#8217;une pr\u00e9sence humaine s\u00e9culaire<\/h3>\n<p>Perti a conserv\u00e9 les traces d&#8217;une pr\u00e9sence humaine s\u00e9culaire et ininterrompue, depuis le Pal\u00e9olithique. Les hommes du N\u00e9olithique fr\u00e9quentaient la<strong> grotte de la Pollera \u00e0 Montesordo<\/strong> et les nombreuses cavernes de la r\u00e9gion, mais ils vivaient \u00e9galement dans des villages \u00e0 ciel ouvert au fond de la vall\u00e9e, tandis que sur la Rocca di Perti, on a d\u00e9couvert un <strong>castellaro (fortification) de l&#8217;\u00e2ge du fer, connu sous le nom de \u00ab village des \u00c2mes<\/strong> \u00bb. <\/p>\n<p>Les nombreuses <strong>d\u00e9couvertes arch\u00e9ologiques<\/strong> ont mis en \u00e9vidence d&#8217;anciens contacts avec le monde m\u00e9diterran\u00e9en et le d\u00e9veloppement de la ville \u00e0 l&#8217;\u00e9poque romaine, avec une n\u00e9cropole qui s&#8217;\u00e9tendait sur le versant ouest de la colline de Castel Gavone.<\/p>\n<p><strong>Le ch\u00e2teau de Sant&#8217;Antonino<\/strong>, construit entre le VIe et le VIIe si\u00e8cle apr\u00e8s J.-C., \u00e9tait l&#8217;un des pivots de la d\u00e9fense de la Ligurie byzantine, dominant depuis les hauteurs les vall\u00e9es qui permettaient d&#8217;acc\u00e9der \u00e0 la c\u00f4te.<\/p>\n<p>Les \u00e9glises romanes de <strong>Sant&#8217;Eusebio et Sant&#8217;Antonino<\/strong>, avec leurs cryptes suggestives encore parfaitement conserv\u00e9es, remontent au XIe si\u00e8cle.<\/p>\n<p>Au Moyen \u00c2ge, la r\u00e9gion devint le centre du pouvoir des marquis Del Carretto, bas\u00e9 \u00e0 Castel Gavone, leur imposante r\u00e9sidence fortifi\u00e9e.<\/p>\n<p>La pr\u00e9sence de cette importante famille noble se traduisit, dans la seconde moiti\u00e9 du XVe si\u00e8cle, par de magnifiques exemples d&#8217;architecture Renaissance li\u00e9s aux commandes des Del Carretto : l&#8217;\u00e9glise <strong>Notre-Dame de Lorette <\/strong>(ou \u00ab aux cinq clochers \u00bb), la tour avec son splendide bossage \u00ab en pointe de diamant \u00bb \u00e0 Castel Gavone, l&#8217;\u00e9glise de San Sebastiano dans la vall\u00e9e du Pora.<\/p>\n\t\t<\/div>\n\t\t\t\t\t<\/div>\n\n\t\n\n\t<div id=\"col-1327561651\" class=\"col medium-5 small-12 large-5\"  >\n\t\t\t\t<div class=\"col-inner\"  >\n\t\t\t\n\t\t\t\n<p><\/p>\n\t\t<\/div>\n\t\t\t\t\t<\/div>\n\n\t\n<\/div>\n<div class=\"nav-wrapper\"><ul class=\"nav nav-uppercase nav-horizontal nav-line-bottom text-center nav-center\"><p class=\"lead shortcode-error text-center\">Sorry, no pages was found<\/p><\/ul><\/div>\n\t\t<\/div>\n\t\t\t\t\n<style>\n#col-1319497965 > .col-inner {\n  margin: -30px 0px 0px 0px;\n}\n<\/style>\n\t<\/div>\n\n\t\n\n\t<div id=\"col-1179451735\" class=\"col hide-for-small medium-1 small-7 large-1\"  >\n\t\t\t\t<div class=\"col-inner text-left\"  >\n\t\t\t\n\t\t\t\n\t\t<\/div>\n\t\t\t\t\n<style>\n#col-1179451735 > .col-inner {\n  margin: 0px 0px 0px 0px;\n}\n<\/style>\n\t<\/div>\n\n\t\n<\/div>\n\t\t<\/div>\n\n\t\t\n<style>\n#section_778117369 {\n  padding-top: 0px;\n  padding-bottom: 0px;\n}\n<\/style>\n\t<\/section>\n\t\n","protected":false},"excerpt":{"rendered":"","protected":false},"author":2,"featured_media":17438,"parent":17461,"menu_order":0,"comment_status":"closed","ping_status":"closed","template":"page-blank.php","meta":{"footnotes":""},"class_list":["post-17439","page","type-page","status-publish","has-post-thumbnail","hentry"],"yoast_head":"<!-- This site is optimized with the Yoast SEO plugin v27.3 - https:\/\/yoast.com\/product\/yoast-seo-wordpress\/ -->\n<title>Perti - Visit Finale Ligure<\/title>\n<meta name=\"robots\" content=\"index, follow, max-snippet:-1, max-image-preview:large, max-video-preview:-1\" \/>\n<link rel=\"canonical\" href=\"https:\/\/visitfinaleligure.it\/fr\/les-localites\/districts\/perti\/\" \/>\n<meta property=\"og:locale\" content=\"fr_FR\" \/>\n<meta property=\"og:type\" content=\"article\" \/>\n<meta property=\"og:title\" content=\"Perti - Visit Finale Ligure\" \/>\n<meta property=\"og:url\" content=\"https:\/\/visitfinaleligure.it\/fr\/les-localites\/districts\/perti\/\" \/>\n<meta property=\"og:site_name\" content=\"Visit Finale Ligure\" \/>\n<meta property=\"article:publisher\" content=\"https:\/\/www.facebook.com\/VisitFinaleLigure\" \/>\n<meta property=\"article:modified_time\" content=\"2026-02-04T10:52:21+00:00\" \/>\n<meta property=\"og:image\" content=\"https:\/\/visitfinaleligure.it\/wp-content\/uploads\/2023\/05\/PERTI-CHIESA-5-CAMPANILI-FOTOSTUDIOLOVISOLO-1024x682.jpg\" \/>\n\t<meta property=\"og:image:width\" content=\"1024\" \/>\n\t<meta property=\"og:image:height\" content=\"682\" \/>\n\t<meta property=\"og:image:type\" content=\"image\/jpeg\" \/>\n<meta name=\"twitter:card\" content=\"summary_large_image\" \/>\n<meta name=\"twitter:label1\" content=\"Dur\u00e9e de lecture estim\u00e9e\" \/>\n\t<meta name=\"twitter:data1\" content=\"3 minutes\" \/>\n<script type=\"application\/ld+json\" class=\"yoast-schema-graph\">{\"@context\":\"https:\\\/\\\/schema.org\",\"@graph\":[{\"@type\":\"WebPage\",\"@id\":\"https:\\\/\\\/visitfinaleligure.it\\\/fr\\\/les-localites\\\/districts\\\/perti\\\/\",\"url\":\"https:\\\/\\\/visitfinaleligure.it\\\/fr\\\/les-localites\\\/districts\\\/perti\\\/\",\"name\":\"Perti - Visit Finale Ligure\",\"isPartOf\":{\"@id\":\"https:\\\/\\\/visitfinaleligure.it\\\/fr\\\/#website\"},\"primaryImageOfPage\":{\"@id\":\"https:\\\/\\\/visitfinaleligure.it\\\/fr\\\/les-localites\\\/districts\\\/perti\\\/#primaryimage\"},\"image\":{\"@id\":\"https:\\\/\\\/visitfinaleligure.it\\\/fr\\\/les-localites\\\/districts\\\/perti\\\/#primaryimage\"},\"thumbnailUrl\":\"https:\\\/\\\/visitfinaleligure.it\\\/wp-content\\\/uploads\\\/2023\\\/05\\\/PERTI-CHIESA-5-CAMPANILI-FOTOSTUDIOLOVISOLO.jpg\",\"datePublished\":\"2023-02-01T15:13:34+00:00\",\"dateModified\":\"2026-02-04T10:52:21+00:00\",\"breadcrumb\":{\"@id\":\"https:\\\/\\\/visitfinaleligure.it\\\/fr\\\/les-localites\\\/districts\\\/perti\\\/#breadcrumb\"},\"inLanguage\":\"fr-FR\",\"potentialAction\":[{\"@type\":\"ReadAction\",\"target\":[\"https:\\\/\\\/visitfinaleligure.it\\\/fr\\\/les-localites\\\/districts\\\/perti\\\/\"]}]},{\"@type\":\"ImageObject\",\"inLanguage\":\"fr-FR\",\"@id\":\"https:\\\/\\\/visitfinaleligure.it\\\/fr\\\/les-localites\\\/districts\\\/perti\\\/#primaryimage\",\"url\":\"https:\\\/\\\/visitfinaleligure.it\\\/wp-content\\\/uploads\\\/2023\\\/05\\\/PERTI-CHIESA-5-CAMPANILI-FOTOSTUDIOLOVISOLO.jpg\",\"contentUrl\":\"https:\\\/\\\/visitfinaleligure.it\\\/wp-content\\\/uploads\\\/2023\\\/05\\\/PERTI-CHIESA-5-CAMPANILI-FOTOSTUDIOLOVISOLO.jpg\",\"width\":2000,\"height\":1333},{\"@type\":\"BreadcrumbList\",\"@id\":\"https:\\\/\\\/visitfinaleligure.it\\\/fr\\\/les-localites\\\/districts\\\/perti\\\/#breadcrumb\",\"itemListElement\":[{\"@type\":\"ListItem\",\"position\":1,\"name\":\"Home\",\"item\":\"https:\\\/\\\/visitfinaleligure.it\\\/fr\\\/visitez-finale-ligure-site-touristique-officiel\\\/\"},{\"@type\":\"ListItem\",\"position\":2,\"name\":\"Les localit\u00e9s\",\"item\":\"https:\\\/\\\/visitfinaleligure.it\\\/fr\\\/les-localites\\\/\"},{\"@type\":\"ListItem\",\"position\":3,\"name\":\"Districts\",\"item\":\"https:\\\/\\\/visitfinaleligure.it\\\/fr\\\/les-localites\\\/districts\\\/\"},{\"@type\":\"ListItem\",\"position\":4,\"name\":\"Perti\"}]},{\"@type\":\"WebSite\",\"@id\":\"https:\\\/\\\/visitfinaleligure.it\\\/fr\\\/#website\",\"url\":\"https:\\\/\\\/visitfinaleligure.it\\\/fr\\\/\",\"name\":\"Visit Finale Ligure\",\"description\":\"My perfect place\",\"publisher\":{\"@id\":\"https:\\\/\\\/visitfinaleligure.it\\\/fr\\\/#organization\"},\"potentialAction\":[{\"@type\":\"SearchAction\",\"target\":{\"@type\":\"EntryPoint\",\"urlTemplate\":\"https:\\\/\\\/visitfinaleligure.it\\\/fr\\\/?s={search_term_string}\"},\"query-input\":{\"@type\":\"PropertyValueSpecification\",\"valueRequired\":true,\"valueName\":\"search_term_string\"}}],\"inLanguage\":\"fr-FR\"},{\"@type\":\"Organization\",\"@id\":\"https:\\\/\\\/visitfinaleligure.it\\\/fr\\\/#organization\",\"name\":\"Comune di Finale Ligure\",\"url\":\"https:\\\/\\\/visitfinaleligure.it\\\/fr\\\/\",\"logo\":{\"@type\":\"ImageObject\",\"inLanguage\":\"fr-FR\",\"@id\":\"https:\\\/\\\/visitfinaleligure.it\\\/fr\\\/#\\\/schema\\\/logo\\\/image\\\/\",\"url\":\"https:\\\/\\\/visitfinaleligure.it\\\/wp-content\\\/uploads\\\/2023\\\/04\\\/cropped-finaleligure-verticale-positivo-200x200-1.png\",\"contentUrl\":\"https:\\\/\\\/visitfinaleligure.it\\\/wp-content\\\/uploads\\\/2023\\\/04\\\/cropped-finaleligure-verticale-positivo-200x200-1.png\",\"width\":512,\"height\":512,\"caption\":\"Comune di Finale Ligure\"},\"image\":{\"@id\":\"https:\\\/\\\/visitfinaleligure.it\\\/fr\\\/#\\\/schema\\\/logo\\\/image\\\/\"},\"sameAs\":[\"https:\\\/\\\/www.facebook.com\\\/VisitFinaleLigure\",\"https:\\\/\\\/www.instagram.com\\\/visitfinale\\\/\",\"https:\\\/\\\/www.youtube.com\\\/channel\\\/UCLmoLfNmrAt9mSCll9egttw\"]}]}<\/script>\n<!-- \/ Yoast SEO plugin. -->","yoast_head_json":{"title":"Perti - Visit Finale Ligure","robots":{"index":"index","follow":"follow","max-snippet":"max-snippet:-1","max-image-preview":"max-image-preview:large","max-video-preview":"max-video-preview:-1"},"canonical":"https:\/\/visitfinaleligure.it\/fr\/les-localites\/districts\/perti\/","og_locale":"fr_FR","og_type":"article","og_title":"Perti - Visit Finale Ligure","og_url":"https:\/\/visitfinaleligure.it\/fr\/les-localites\/districts\/perti\/","og_site_name":"Visit Finale Ligure","article_publisher":"https:\/\/www.facebook.com\/VisitFinaleLigure","article_modified_time":"2026-02-04T10:52:21+00:00","og_image":[{"width":1024,"height":682,"url":"https:\/\/visitfinaleligure.it\/wp-content\/uploads\/2023\/05\/PERTI-CHIESA-5-CAMPANILI-FOTOSTUDIOLOVISOLO-1024x682.jpg","type":"image\/jpeg"}],"twitter_card":"summary_large_image","twitter_misc":{"Dur\u00e9e de lecture estim\u00e9e":"3 minutes"},"schema":{"@context":"https:\/\/schema.org","@graph":[{"@type":"WebPage","@id":"https:\/\/visitfinaleligure.it\/fr\/les-localites\/districts\/perti\/","url":"https:\/\/visitfinaleligure.it\/fr\/les-localites\/districts\/perti\/","name":"Perti - Visit Finale Ligure","isPartOf":{"@id":"https:\/\/visitfinaleligure.it\/fr\/#website"},"primaryImageOfPage":{"@id":"https:\/\/visitfinaleligure.it\/fr\/les-localites\/districts\/perti\/#primaryimage"},"image":{"@id":"https:\/\/visitfinaleligure.it\/fr\/les-localites\/districts\/perti\/#primaryimage"},"thumbnailUrl":"https:\/\/visitfinaleligure.it\/wp-content\/uploads\/2023\/05\/PERTI-CHIESA-5-CAMPANILI-FOTOSTUDIOLOVISOLO.jpg","datePublished":"2023-02-01T15:13:34+00:00","dateModified":"2026-02-04T10:52:21+00:00","breadcrumb":{"@id":"https:\/\/visitfinaleligure.it\/fr\/les-localites\/districts\/perti\/#breadcrumb"},"inLanguage":"fr-FR","potentialAction":[{"@type":"ReadAction","target":["https:\/\/visitfinaleligure.it\/fr\/les-localites\/districts\/perti\/"]}]},{"@type":"ImageObject","inLanguage":"fr-FR","@id":"https:\/\/visitfinaleligure.it\/fr\/les-localites\/districts\/perti\/#primaryimage","url":"https:\/\/visitfinaleligure.it\/wp-content\/uploads\/2023\/05\/PERTI-CHIESA-5-CAMPANILI-FOTOSTUDIOLOVISOLO.jpg","contentUrl":"https:\/\/visitfinaleligure.it\/wp-content\/uploads\/2023\/05\/PERTI-CHIESA-5-CAMPANILI-FOTOSTUDIOLOVISOLO.jpg","width":2000,"height":1333},{"@type":"BreadcrumbList","@id":"https:\/\/visitfinaleligure.it\/fr\/les-localites\/districts\/perti\/#breadcrumb","itemListElement":[{"@type":"ListItem","position":1,"name":"Home","item":"https:\/\/visitfinaleligure.it\/fr\/visitez-finale-ligure-site-touristique-officiel\/"},{"@type":"ListItem","position":2,"name":"Les localit\u00e9s","item":"https:\/\/visitfinaleligure.it\/fr\/les-localites\/"},{"@type":"ListItem","position":3,"name":"Districts","item":"https:\/\/visitfinaleligure.it\/fr\/les-localites\/districts\/"},{"@type":"ListItem","position":4,"name":"Perti"}]},{"@type":"WebSite","@id":"https:\/\/visitfinaleligure.it\/fr\/#website","url":"https:\/\/visitfinaleligure.it\/fr\/","name":"Visit Finale Ligure","description":"My perfect place","publisher":{"@id":"https:\/\/visitfinaleligure.it\/fr\/#organization"},"potentialAction":[{"@type":"SearchAction","target":{"@type":"EntryPoint","urlTemplate":"https:\/\/visitfinaleligure.it\/fr\/?s={search_term_string}"},"query-input":{"@type":"PropertyValueSpecification","valueRequired":true,"valueName":"search_term_string"}}],"inLanguage":"fr-FR"},{"@type":"Organization","@id":"https:\/\/visitfinaleligure.it\/fr\/#organization","name":"Comune di Finale Ligure","url":"https:\/\/visitfinaleligure.it\/fr\/","logo":{"@type":"ImageObject","inLanguage":"fr-FR","@id":"https:\/\/visitfinaleligure.it\/fr\/#\/schema\/logo\/image\/","url":"https:\/\/visitfinaleligure.it\/wp-content\/uploads\/2023\/04\/cropped-finaleligure-verticale-positivo-200x200-1.png","contentUrl":"https:\/\/visitfinaleligure.it\/wp-content\/uploads\/2023\/04\/cropped-finaleligure-verticale-positivo-200x200-1.png","width":512,"height":512,"caption":"Comune di Finale Ligure"},"image":{"@id":"https:\/\/visitfinaleligure.it\/fr\/#\/schema\/logo\/image\/"},"sameAs":["https:\/\/www.facebook.com\/VisitFinaleLigure","https:\/\/www.instagram.com\/visitfinale\/","https:\/\/www.youtube.com\/channel\/UCLmoLfNmrAt9mSCll9egttw"]}]}},"_links":{"self":[{"href":"https:\/\/visitfinaleligure.it\/fr\/wp-json\/wp\/v2\/pages\/17439","targetHints":{"allow":["GET"]}}],"collection":[{"href":"https:\/\/visitfinaleligure.it\/fr\/wp-json\/wp\/v2\/pages"}],"about":[{"href":"https:\/\/visitfinaleligure.it\/fr\/wp-json\/wp\/v2\/types\/page"}],"author":[{"embeddable":true,"href":"https:\/\/visitfinaleligure.it\/fr\/wp-json\/wp\/v2\/users\/2"}],"replies":[{"embeddable":true,"href":"https:\/\/visitfinaleligure.it\/fr\/wp-json\/wp\/v2\/comments?post=17439"}],"version-history":[{"count":3,"href":"https:\/\/visitfinaleligure.it\/fr\/wp-json\/wp\/v2\/pages\/17439\/revisions"}],"predecessor-version":[{"id":17442,"href":"https:\/\/visitfinaleligure.it\/fr\/wp-json\/wp\/v2\/pages\/17439\/revisions\/17442"}],"up":[{"embeddable":true,"href":"https:\/\/visitfinaleligure.it\/fr\/wp-json\/wp\/v2\/pages\/17461"}],"wp:featuredmedia":[{"embeddable":true,"href":"https:\/\/visitfinaleligure.it\/fr\/wp-json\/wp\/v2\/media\/17438"}],"wp:attachment":[{"href":"https:\/\/visitfinaleligure.it\/fr\/wp-json\/wp\/v2\/media?parent=17439"}],"curies":[{"name":"wp","href":"https:\/\/api.w.org\/{rel}","templated":true}]}}