{"id":17452,"date":"2023-02-01T15:35:30","date_gmt":"2023-02-01T14:35:30","guid":{"rendered":"https:\/\/visitfinaleligure.it\/calvisio\/"},"modified":"2026-02-04T11:52:21","modified_gmt":"2026-02-04T10:52:21","slug":"calvisio","status":"publish","type":"page","link":"https:\/\/visitfinaleligure.it\/fr\/les-localites\/districts\/calvisio\/","title":{"rendered":"Calvisio"},"content":{"rendered":"\n\n\t<section class=\"section\" id=\"section_1446818362\">\n\t\t<div class=\"section-bg fill\" >\n\t\t\t\t\t\t\t\t\t\n\t\t\t\n\n\t\t<\/div>\n\n\t\t\n\n\t\t<div class=\"section-content relative\">\n\t\t\t\n\n\t<div class=\"img has-hover x md-x lg-x y md-y lg-y\" id=\"image_538763019\">\n\t\t\t\t\t\t\t\t<div class=\"img-inner image-cover dark\" style=\"padding-top:40%;\">\n\t\t\t<img loading=\"lazy\" decoding=\"async\" width=\"2500\" height=\"1668\" src=\"https:\/\/visitfinaleligure.it\/wp-content\/uploads\/2023\/03\/Chiesa-di-san-Cipriano_Calvisio_Finalpia-1-1.jpg\" class=\"attachment-original size-original\" alt=\"\" srcset=\"https:\/\/visitfinaleligure.it\/wp-content\/uploads\/2023\/03\/Chiesa-di-san-Cipriano_Calvisio_Finalpia-1-1.jpg 2500w, https:\/\/visitfinaleligure.it\/wp-content\/uploads\/2023\/03\/Chiesa-di-san-Cipriano_Calvisio_Finalpia-1-1-300x200.jpg 300w, https:\/\/visitfinaleligure.it\/wp-content\/uploads\/2023\/03\/Chiesa-di-san-Cipriano_Calvisio_Finalpia-1-1-1024x683.jpg 1024w, https:\/\/visitfinaleligure.it\/wp-content\/uploads\/2023\/03\/Chiesa-di-san-Cipriano_Calvisio_Finalpia-1-1-768x512.jpg 768w, https:\/\/visitfinaleligure.it\/wp-content\/uploads\/2023\/03\/Chiesa-di-san-Cipriano_Calvisio_Finalpia-1-1-1536x1025.jpg 1536w, https:\/\/visitfinaleligure.it\/wp-content\/uploads\/2023\/03\/Chiesa-di-san-Cipriano_Calvisio_Finalpia-1-1-2048x1366.jpg 2048w\" sizes=\"auto, (max-width: 2500px) 100vw, 2500px\" \/>\t\t\t\t\t\t\n\t\t\t\t\t<\/div>\n\t\t\t\t\t\t\t\t\n<style>\n#image_538763019 {\n  width: 100%;\n}\n<\/style>\n\t<\/div>\n\t\n\n\n\t\t<\/div>\n\n\t\t\n<style>\n#section_1446818362 {\n  padding-top: 30px;\n  padding-bottom: 30px;\n}\n<\/style>\n\t<\/section>\n\t\n\n\t<section class=\"section\" id=\"section_327733053\">\n\t\t<div class=\"section-bg fill\" >\n\t\t\t\t\t\t\t\t\t\n\t\t\t\n\n\t\t<\/div>\n\n\t\t\n\n\t\t<div class=\"section-content relative\">\n\t\t\t\n\n<div class=\"row align-middle\"  id=\"row-650938604\">\n\n\n\t<div id=\"col-500837989\" class=\"col hide-for-small medium-1 small-12 large-1\"  >\n\t\t\t\t<div class=\"col-inner\"  >\n\t\t\t\n\t\t\t\n\n\n\t\t<\/div>\n\t\t\t\t\t<\/div>\n\n\t\n\n\t<div id=\"col-2028519733\" class=\"col medium-10 small-12 large-10\"  >\n\t\t\t\t<div class=\"col-inner text-left\"  >\n\t\t\t\n\t\t\t\n\n\t<div id=\"text-407070235\" class=\"text\">\n\t\t\n\n<h1 class=\"testi-titolo\">Calvisio<\/h1>\n\t\t\n<style>\n#text-407070235 {\n  color: rgb(0,0,0);\n}\n#text-407070235 > * {\n  color: rgb(0,0,0);\n}\n<\/style>\n\t<\/div>\n\t\n\n\t\t<\/div>\n\t\t\t\t\n<style>\n#col-2028519733 > .col-inner {\n  margin: 0px 0px 0px 0px;\n}\n@media (min-width:550px) {\n  #col-2028519733 > .col-inner {\n    margin: 0px 0px 0px 0px;\n  }\n}\n<\/style>\n\t<\/div>\n\n\t\n\n\t<div id=\"col-290314522\" class=\"col hide-for-small medium-1 small-12 large-1\"  >\n\t\t\t\t<div class=\"col-inner\"  >\n\t\t\t\n\t\t\t\n\n\n\t\t<\/div>\n\t\t\t\t\t<\/div>\n\n\t\n\n\n<style>\n#row-650938604 > .col > .col-inner {\n  padding: 0px 0px 0px 0px;\n}\n@media (min-width:550px) {\n  #row-650938604 > .col > .col-inner {\n    padding: 0px 0px 0px 0px;\n  }\n}\n<\/style>\n<\/div>\n<div class=\"row\"  id=\"row-1027284014\">\n\n\n\t<div id=\"col-1708971755\" class=\"col hide-for-small medium-1 small-12 large-1\"  >\n\t\t\t\t<div class=\"col-inner text-left\"  >\n\t\t\t\n\t\t\t\n\n\n\t\t<\/div>\n\t\t\t\t\n<style>\n#col-1708971755 > .col-inner {\n  margin: 0px 0px 0px 0px;\n}\n<\/style>\n\t<\/div>\n\n\t\n\n\t<div id=\"col-760651636\" class=\"col medium-10 small-12 large-10\"  >\n\t\t\t\t<div class=\"col-inner text-left\"  >\n\t\t\t\n\t\t\t\n\n<div class=\"row\"  id=\"row-148191089\">\n\n\n\t<div id=\"col-1446445840\" class=\"col medium-7 small-12 large-7\"  >\n\t\t\t\t<div class=\"col-inner\"  >\n\t\t\t\n\t\t\t\n\n<p>L&#8217;ancien village rural de Calvisio Vecchia, \u00e9galement connu sous le nom m\u00e9di\u00e9val de \u00ab Lacremata \u00bb, ou \u00ab Lacrem\u00e0 \u00bb en dialecte local, se dresse sur le versant ouest du mont Tolla, au pied des falaises de Pietra di Finale, dans un paysage rural en terrasses entour\u00e9 d&#8217;oliviers.<\/p>\n<p>Ce noyau rural est document\u00e9 depuis le XIIIe si\u00e8cle, tandis que l&#8217;\u00e9glise voisine des Saints Cornelius et Cyprien, construite dans un endroit isol\u00e9 par rapport au village, remonte au haut Moyen \u00c2ge.<\/p>\n<p>Elle fut abandonn\u00e9e lorsque la nouvelle \u00e9glise paroissiale fut construite dans la vall\u00e9e en 1932.<\/p>\n<p>Ce charmant ensemble r\u00e9sidentiel est constitu\u00e9 d&#8217;anciens b\u00e2timents en pierre apparente, datant du XVe si\u00e8cle.<\/p>\n<p>Il s&#8217;est form\u00e9 par l&#8217;ajout progressif de nouveaux volumes aux noyaux d&#8217;habitation d&#8217;origine, donnant naissance \u00e0 une architecture tr\u00e8s vari\u00e9e et \u00e0 un plan irr\u00e9gulier, avec des b\u00e2timents d\u00e9velopp\u00e9s le long des chemins internes et en contact direct avec les terrasses agricoles cultiv\u00e9es d&#8217;oliviers et de vignes.<\/p>\n<p>Dans la partie haute du village, on trouve encore les \u00ab casazze \u00bb, de grandes maisons construites en pierre de Finale taill\u00e9e, autrefois abandonn\u00e9es et aujourd&#8217;hui en partie restaur\u00e9es.<\/p>\n\t<div id=\"gap-1777520466\" class=\"gap-element clearfix\" style=\"display:block; height:auto;\">\n\t\t\n<style>\n#gap-1777520466 {\n  padding-top: 30px;\n}\n<\/style>\n\t<\/div>\n\t\n\n\n\t\t<\/div>\n\t\t\t\t\t<\/div>\n\n\t\n\n\t<div id=\"col-1070438679\" class=\"col medium-5 small-12 large-5\"  >\n\t\t\t\t<div class=\"col-inner\"  >\n\t\t\t\n\t\t\t\n\n\n\n\n\n\n\t\t<\/div>\n\t\t\t\t\t<\/div>\n\n\t\n\n<\/div>\n<div class=\"nav-wrapper\"><ul class=\"nav nav-uppercase nav-horizontal nav-line-bottom text-center nav-center\"><p class=\"lead shortcode-error text-center\">Sorry, no pages was found<\/p><\/ul><\/div>\n\n\n\t\t<\/div>\n\t\t\t\t\n<style>\n#col-760651636 > .col-inner {\n  margin: -30px 0px 0px 0px;\n}\n<\/style>\n\t<\/div>\n\n\t\n\n\t<div id=\"col-656133794\" class=\"col hide-for-small medium-1 small-7 large-1\"  >\n\t\t\t\t<div class=\"col-inner text-left\"  >\n\t\t\t\n\t\t\t\n\n\n\t\t<\/div>\n\t\t\t\t\n<style>\n#col-656133794 > .col-inner {\n  margin: 0px 0px 0px 0px;\n}\n<\/style>\n\t<\/div>\n\n\t\n\n<\/div>\n\n\t\t<\/div>\n\n\t\t\n<style>\n#section_327733053 {\n  padding-top: 0px;\n  padding-bottom: 0px;\n}\n<\/style>\n\t<\/section>\n\t\n","protected":false},"excerpt":{"rendered":"","protected":false},"author":2,"featured_media":17451,"parent":17461,"menu_order":0,"comment_status":"closed","ping_status":"closed","template":"page-blank.php","meta":{"footnotes":""},"class_list":["post-17452","page","type-page","status-publish","has-post-thumbnail","hentry"],"yoast_head":"<!-- This site is optimized with the Yoast SEO plugin v27.3 - https:\/\/yoast.com\/product\/yoast-seo-wordpress\/ -->\n<title>Calvisio - Visit Finale Ligure<\/title>\n<meta name=\"robots\" content=\"index, follow, max-snippet:-1, max-image-preview:large, max-video-preview:-1\" \/>\n<link rel=\"canonical\" href=\"https:\/\/visitfinaleligure.it\/fr\/les-localites\/districts\/calvisio\/\" \/>\n<meta property=\"og:locale\" content=\"fr_FR\" \/>\n<meta property=\"og:type\" content=\"article\" \/>\n<meta property=\"og:title\" content=\"Calvisio - Visit Finale Ligure\" \/>\n<meta property=\"og:url\" content=\"https:\/\/visitfinaleligure.it\/fr\/les-localites\/districts\/calvisio\/\" \/>\n<meta property=\"og:site_name\" content=\"Visit Finale Ligure\" \/>\n<meta property=\"article:publisher\" content=\"https:\/\/www.facebook.com\/VisitFinaleLigure\" \/>\n<meta property=\"article:modified_time\" content=\"2026-02-04T10:52:21+00:00\" \/>\n<meta property=\"og:image\" content=\"https:\/\/visitfinaleligure.it\/wp-content\/uploads\/2022\/12\/Chiesa-di-san-Cipriano_Calvisio_Finalpia.jpg\" \/>\n\t<meta property=\"og:image:width\" content=\"1600\" \/>\n\t<meta property=\"og:image:height\" content=\"1068\" \/>\n\t<meta property=\"og:image:type\" content=\"image\/jpeg\" \/>\n<meta name=\"twitter:card\" content=\"summary_large_image\" \/>\n<meta name=\"twitter:label1\" content=\"Dur\u00e9e de lecture estim\u00e9e\" \/>\n\t<meta name=\"twitter:data1\" content=\"2 minutes\" \/>\n<script type=\"application\/ld+json\" class=\"yoast-schema-graph\">{\"@context\":\"https:\\\/\\\/schema.org\",\"@graph\":[{\"@type\":\"WebPage\",\"@id\":\"https:\\\/\\\/visitfinaleligure.it\\\/fr\\\/les-localites\\\/districts\\\/calvisio\\\/\",\"url\":\"https:\\\/\\\/visitfinaleligure.it\\\/fr\\\/les-localites\\\/districts\\\/calvisio\\\/\",\"name\":\"Calvisio - Visit Finale Ligure\",\"isPartOf\":{\"@id\":\"https:\\\/\\\/visitfinaleligure.it\\\/fr\\\/#website\"},\"primaryImageOfPage\":{\"@id\":\"https:\\\/\\\/visitfinaleligure.it\\\/fr\\\/les-localites\\\/districts\\\/calvisio\\\/#primaryimage\"},\"image\":{\"@id\":\"https:\\\/\\\/visitfinaleligure.it\\\/fr\\\/les-localites\\\/districts\\\/calvisio\\\/#primaryimage\"},\"thumbnailUrl\":\"https:\\\/\\\/visitfinaleligure.it\\\/wp-content\\\/uploads\\\/2022\\\/12\\\/Chiesa-di-san-Cipriano_Calvisio_Finalpia.jpg\",\"datePublished\":\"2023-02-01T14:35:30+00:00\",\"dateModified\":\"2026-02-04T10:52:21+00:00\",\"breadcrumb\":{\"@id\":\"https:\\\/\\\/visitfinaleligure.it\\\/fr\\\/les-localites\\\/districts\\\/calvisio\\\/#breadcrumb\"},\"inLanguage\":\"fr-FR\",\"potentialAction\":[{\"@type\":\"ReadAction\",\"target\":[\"https:\\\/\\\/visitfinaleligure.it\\\/fr\\\/les-localites\\\/districts\\\/calvisio\\\/\"]}]},{\"@type\":\"ImageObject\",\"inLanguage\":\"fr-FR\",\"@id\":\"https:\\\/\\\/visitfinaleligure.it\\\/fr\\\/les-localites\\\/districts\\\/calvisio\\\/#primaryimage\",\"url\":\"https:\\\/\\\/visitfinaleligure.it\\\/wp-content\\\/uploads\\\/2022\\\/12\\\/Chiesa-di-san-Cipriano_Calvisio_Finalpia.jpg\",\"contentUrl\":\"https:\\\/\\\/visitfinaleligure.it\\\/wp-content\\\/uploads\\\/2022\\\/12\\\/Chiesa-di-san-Cipriano_Calvisio_Finalpia.jpg\",\"width\":1600,\"height\":1068,\"caption\":\"san cipriano finale ligure\"},{\"@type\":\"BreadcrumbList\",\"@id\":\"https:\\\/\\\/visitfinaleligure.it\\\/fr\\\/les-localites\\\/districts\\\/calvisio\\\/#breadcrumb\",\"itemListElement\":[{\"@type\":\"ListItem\",\"position\":1,\"name\":\"Home\",\"item\":\"https:\\\/\\\/visitfinaleligure.it\\\/fr\\\/visitez-finale-ligure-site-touristique-officiel\\\/\"},{\"@type\":\"ListItem\",\"position\":2,\"name\":\"Les localit\u00e9s\",\"item\":\"https:\\\/\\\/visitfinaleligure.it\\\/fr\\\/les-localites\\\/\"},{\"@type\":\"ListItem\",\"position\":3,\"name\":\"Districts\",\"item\":\"https:\\\/\\\/visitfinaleligure.it\\\/fr\\\/les-localites\\\/districts\\\/\"},{\"@type\":\"ListItem\",\"position\":4,\"name\":\"Calvisio\"}]},{\"@type\":\"WebSite\",\"@id\":\"https:\\\/\\\/visitfinaleligure.it\\\/fr\\\/#website\",\"url\":\"https:\\\/\\\/visitfinaleligure.it\\\/fr\\\/\",\"name\":\"Visit Finale Ligure\",\"description\":\"My perfect place\",\"publisher\":{\"@id\":\"https:\\\/\\\/visitfinaleligure.it\\\/fr\\\/#organization\"},\"potentialAction\":[{\"@type\":\"SearchAction\",\"target\":{\"@type\":\"EntryPoint\",\"urlTemplate\":\"https:\\\/\\\/visitfinaleligure.it\\\/fr\\\/?s={search_term_string}\"},\"query-input\":{\"@type\":\"PropertyValueSpecification\",\"valueRequired\":true,\"valueName\":\"search_term_string\"}}],\"inLanguage\":\"fr-FR\"},{\"@type\":\"Organization\",\"@id\":\"https:\\\/\\\/visitfinaleligure.it\\\/fr\\\/#organization\",\"name\":\"Comune di Finale Ligure\",\"url\":\"https:\\\/\\\/visitfinaleligure.it\\\/fr\\\/\",\"logo\":{\"@type\":\"ImageObject\",\"inLanguage\":\"fr-FR\",\"@id\":\"https:\\\/\\\/visitfinaleligure.it\\\/fr\\\/#\\\/schema\\\/logo\\\/image\\\/\",\"url\":\"https:\\\/\\\/visitfinaleligure.it\\\/wp-content\\\/uploads\\\/2023\\\/04\\\/cropped-finaleligure-verticale-positivo-200x200-1.png\",\"contentUrl\":\"https:\\\/\\\/visitfinaleligure.it\\\/wp-content\\\/uploads\\\/2023\\\/04\\\/cropped-finaleligure-verticale-positivo-200x200-1.png\",\"width\":512,\"height\":512,\"caption\":\"Comune di Finale Ligure\"},\"image\":{\"@id\":\"https:\\\/\\\/visitfinaleligure.it\\\/fr\\\/#\\\/schema\\\/logo\\\/image\\\/\"},\"sameAs\":[\"https:\\\/\\\/www.facebook.com\\\/VisitFinaleLigure\",\"https:\\\/\\\/www.instagram.com\\\/visitfinale\\\/\",\"https:\\\/\\\/www.youtube.com\\\/channel\\\/UCLmoLfNmrAt9mSCll9egttw\"]}]}<\/script>\n<!-- \/ Yoast SEO plugin. -->","yoast_head_json":{"title":"Calvisio - Visit Finale Ligure","robots":{"index":"index","follow":"follow","max-snippet":"max-snippet:-1","max-image-preview":"max-image-preview:large","max-video-preview":"max-video-preview:-1"},"canonical":"https:\/\/visitfinaleligure.it\/fr\/les-localites\/districts\/calvisio\/","og_locale":"fr_FR","og_type":"article","og_title":"Calvisio - Visit Finale Ligure","og_url":"https:\/\/visitfinaleligure.it\/fr\/les-localites\/districts\/calvisio\/","og_site_name":"Visit Finale Ligure","article_publisher":"https:\/\/www.facebook.com\/VisitFinaleLigure","article_modified_time":"2026-02-04T10:52:21+00:00","og_image":[{"width":1600,"height":1068,"url":"https:\/\/visitfinaleligure.it\/wp-content\/uploads\/2022\/12\/Chiesa-di-san-Cipriano_Calvisio_Finalpia.jpg","type":"image\/jpeg"}],"twitter_card":"summary_large_image","twitter_misc":{"Dur\u00e9e de lecture estim\u00e9e":"2 minutes"},"schema":{"@context":"https:\/\/schema.org","@graph":[{"@type":"WebPage","@id":"https:\/\/visitfinaleligure.it\/fr\/les-localites\/districts\/calvisio\/","url":"https:\/\/visitfinaleligure.it\/fr\/les-localites\/districts\/calvisio\/","name":"Calvisio - Visit Finale Ligure","isPartOf":{"@id":"https:\/\/visitfinaleligure.it\/fr\/#website"},"primaryImageOfPage":{"@id":"https:\/\/visitfinaleligure.it\/fr\/les-localites\/districts\/calvisio\/#primaryimage"},"image":{"@id":"https:\/\/visitfinaleligure.it\/fr\/les-localites\/districts\/calvisio\/#primaryimage"},"thumbnailUrl":"https:\/\/visitfinaleligure.it\/wp-content\/uploads\/2022\/12\/Chiesa-di-san-Cipriano_Calvisio_Finalpia.jpg","datePublished":"2023-02-01T14:35:30+00:00","dateModified":"2026-02-04T10:52:21+00:00","breadcrumb":{"@id":"https:\/\/visitfinaleligure.it\/fr\/les-localites\/districts\/calvisio\/#breadcrumb"},"inLanguage":"fr-FR","potentialAction":[{"@type":"ReadAction","target":["https:\/\/visitfinaleligure.it\/fr\/les-localites\/districts\/calvisio\/"]}]},{"@type":"ImageObject","inLanguage":"fr-FR","@id":"https:\/\/visitfinaleligure.it\/fr\/les-localites\/districts\/calvisio\/#primaryimage","url":"https:\/\/visitfinaleligure.it\/wp-content\/uploads\/2022\/12\/Chiesa-di-san-Cipriano_Calvisio_Finalpia.jpg","contentUrl":"https:\/\/visitfinaleligure.it\/wp-content\/uploads\/2022\/12\/Chiesa-di-san-Cipriano_Calvisio_Finalpia.jpg","width":1600,"height":1068,"caption":"san cipriano finale ligure"},{"@type":"BreadcrumbList","@id":"https:\/\/visitfinaleligure.it\/fr\/les-localites\/districts\/calvisio\/#breadcrumb","itemListElement":[{"@type":"ListItem","position":1,"name":"Home","item":"https:\/\/visitfinaleligure.it\/fr\/visitez-finale-ligure-site-touristique-officiel\/"},{"@type":"ListItem","position":2,"name":"Les localit\u00e9s","item":"https:\/\/visitfinaleligure.it\/fr\/les-localites\/"},{"@type":"ListItem","position":3,"name":"Districts","item":"https:\/\/visitfinaleligure.it\/fr\/les-localites\/districts\/"},{"@type":"ListItem","position":4,"name":"Calvisio"}]},{"@type":"WebSite","@id":"https:\/\/visitfinaleligure.it\/fr\/#website","url":"https:\/\/visitfinaleligure.it\/fr\/","name":"Visit Finale Ligure","description":"My perfect place","publisher":{"@id":"https:\/\/visitfinaleligure.it\/fr\/#organization"},"potentialAction":[{"@type":"SearchAction","target":{"@type":"EntryPoint","urlTemplate":"https:\/\/visitfinaleligure.it\/fr\/?s={search_term_string}"},"query-input":{"@type":"PropertyValueSpecification","valueRequired":true,"valueName":"search_term_string"}}],"inLanguage":"fr-FR"},{"@type":"Organization","@id":"https:\/\/visitfinaleligure.it\/fr\/#organization","name":"Comune di Finale Ligure","url":"https:\/\/visitfinaleligure.it\/fr\/","logo":{"@type":"ImageObject","inLanguage":"fr-FR","@id":"https:\/\/visitfinaleligure.it\/fr\/#\/schema\/logo\/image\/","url":"https:\/\/visitfinaleligure.it\/wp-content\/uploads\/2023\/04\/cropped-finaleligure-verticale-positivo-200x200-1.png","contentUrl":"https:\/\/visitfinaleligure.it\/wp-content\/uploads\/2023\/04\/cropped-finaleligure-verticale-positivo-200x200-1.png","width":512,"height":512,"caption":"Comune di Finale Ligure"},"image":{"@id":"https:\/\/visitfinaleligure.it\/fr\/#\/schema\/logo\/image\/"},"sameAs":["https:\/\/www.facebook.com\/VisitFinaleLigure","https:\/\/www.instagram.com\/visitfinale\/","https:\/\/www.youtube.com\/channel\/UCLmoLfNmrAt9mSCll9egttw"]}]}},"_links":{"self":[{"href":"https:\/\/visitfinaleligure.it\/fr\/wp-json\/wp\/v2\/pages\/17452","targetHints":{"allow":["GET"]}}],"collection":[{"href":"https:\/\/visitfinaleligure.it\/fr\/wp-json\/wp\/v2\/pages"}],"about":[{"href":"https:\/\/visitfinaleligure.it\/fr\/wp-json\/wp\/v2\/types\/page"}],"author":[{"embeddable":true,"href":"https:\/\/visitfinaleligure.it\/fr\/wp-json\/wp\/v2\/users\/2"}],"replies":[{"embeddable":true,"href":"https:\/\/visitfinaleligure.it\/fr\/wp-json\/wp\/v2\/comments?post=17452"}],"version-history":[{"count":3,"href":"https:\/\/visitfinaleligure.it\/fr\/wp-json\/wp\/v2\/pages\/17452\/revisions"}],"predecessor-version":[{"id":17455,"href":"https:\/\/visitfinaleligure.it\/fr\/wp-json\/wp\/v2\/pages\/17452\/revisions\/17455"}],"up":[{"embeddable":true,"href":"https:\/\/visitfinaleligure.it\/fr\/wp-json\/wp\/v2\/pages\/17461"}],"wp:featuredmedia":[{"embeddable":true,"href":"https:\/\/visitfinaleligure.it\/fr\/wp-json\/wp\/v2\/media\/17451"}],"wp:attachment":[{"href":"https:\/\/visitfinaleligure.it\/fr\/wp-json\/wp\/v2\/media?parent=17452"}],"curies":[{"name":"wp","href":"https:\/\/api.w.org\/{rel}","templated":true}]}}